{"id":1206,"date":"2020-12-08T08:27:31","date_gmt":"2020-12-08T08:27:31","guid":{"rendered":"https:\/\/paristouristinformation.fr\/de\/\/?page_id=1206"},"modified":"2024-01-20T10:27:30","modified_gmt":"2024-01-20T10:27:30","slug":"pont-neuf","status":"publish","type":"page","link":"https:\/\/www.paristouristinformation.fr\/de\/sehenswurdigkeiten\/brucke\/pont-neuf\/","title":{"rendered":"Pont Neuf Br\u00fccke in Paris: Geschichte, Attraktionen, Anfahrt"},"content":{"rendered":"<p>Es gibt eine franz\u00f6sische Redewendung &#8222;solide comme le Pont-Neuf&#8220;, was so viel bedeutet wie &#8222;solide wie die Pont Neuf&#8220;, um die Robustheit einer Sache zu unterstreichen.Nehmen Sie sich bei Ihrem Spaziergang Zeit, um die \u00e4lteste Br\u00fccke \u00fcber die Seine, die das 17. Jahrhundert bis heute perfekt \u00fcberstanden hat, von allen Seiten zu betrachten!Die Pont Neuf verbindet die beiden Seine-Ufer \u00fcber die<a href=\"https:\/\/paristouristinformation.fr\/de\/bezirke\/ile-de-la-cite\/\" style=\"outline: none;\"> <strong>\u00cele de la Cit\u00e9<\/strong><\/a>, die als Geburtsst\u00e4tte der Stadt gilt. Ihr langer Arm hat sieben B\u00f6gen auf der rechten Seite und ihr kurzer Arm besteht aus f\u00fcnf B\u00f6gen auf der linken Seite.<\/p>\n<h2 id=\"t-1612271939663\">Was kann ich an der Pont Neuf-Br\u00fccke in Paris unternehmen?<\/h2>\n<p>Es ist eine ausgezeichnete Idee, nach einem anstrengenden Tag in Paris den Sonnenuntergang \u00fcber der Seine zu beobachten. <strong>Stellen Sie sich auf die Br\u00fccke, beobachten Sie die Schiffe, die auf- und abfahren, warten Sie, bis es dunkel wird, und sehen Sie die Lichtreflexe der historischen Geb\u00e4ude auf dem Wasser.<\/strong> Die beleuchteten Landschaften von Notre Dame und Louvre ziehen einen in ihren Bann.Vergessen Sie nicht, die<strong> 12 Rundbogengesimse mit in Stein gemei\u00dfelten Maskarons <\/strong>(italienisch f\u00fcr Masken) zu bewundern. Diese Art der Verzierung wurde in der r\u00f6mischen Antike verwendet und in der Architektur als &#8222;Groteske&#8220; bezeichnet. Insgesamt gibt es 384 Gesichter mit seltsamen Merkmalen, die menschliche, tierische und florale Motive kombinieren.<\/p>\n<p><span><img decoding=\"async\" alt=\"\" data-id=\"6182\" width=\"702\" data-init-width=\"1000\" height=\"468\" data-init-height=\"667\" title=\"grotesque masks pont neuf\" src=\"https:\/\/paristouristinformation.fr\/de\/\/wp-content\/uploads\/2021\/01\/grotesque-masks-pont-neuf.jpg\" data-width=\"702\" data-height=\"468\" data-pin-media=\"https:\/\/paristouristinformation.fr\/de\/\/wp-content\/uploads\/2021\/03\/prag_50_sehenswuerdigkeiten_pinterest-33.jpg\" data-pin-description=\"Know everything about the Pont Neuf Bridge in Paris : History, Pictures and Facts about the most famous bridge of Paris in France.\" data-pin-url=\"https:\/\/paristouristinformation.fr\/de\/\/things-to-do\/bridge\/pont-neuf\/?tve=true&amp;tcbf=e9aa5eae8a\" data-pinpro-key=\"q01msrrhq\" loading=\"lazy\"><\/span><\/p>\n<p>Wenn Sie auf die gegen\u00fcberliegende Seite dieser Br\u00fccke blicken, sehen Sie die <strong>Pont des Arts<\/strong>, also die Br\u00fccke der Liebenden, an der fr\u00fcher Schl\u00f6sser angebracht waren. Heute ist sie durch Glas gesch\u00fctzt, um Sch\u00e4den durch Schl\u00f6sser zu verhindern.<\/p>\n<div class=\"tcb-post-list tve-content-list thrv_wrapper\" data-type=\"grid\" data-pagination-type=\"none\" data-pages_near_current=\"2\" data-css=\"tve-u-17726df0d7c\" data-total_post_count=\"2\" data-total_sticky_count=\"0\" data-no_posts_text=\"There are no posts to display.\"><article id=\"post-73\" class=\"post-73 page type-page status-publish has-post-thumbnail hentry post-wrapper thrv_wrapper thrive-animated-item \" tcb_hover_state_parent=\"\" shortcode=\"tcb_post_list\" data-id=\"73\" data-selector=\".post-wrapper\"><style class=\"tcb-post-list-dynamic-style\" type=\"text\/css\"><\/style><\/p>\n<h3 style=\"\"><span data-attr-link=\"1\" data-attr-rel=\"0\" data-attr-target=\"0\" data-extra_key=\"\" data-option-inline=\"1\" data-shortcode=\"tcb_post_title\" data-shortcode-name=\"Post title\" data-attr-css=\"\" style=\"\" data-attr-static-link=\"{&quot;className&quot;:&quot;tve-froala fr-basic&quot;,&quot;href&quot;:&quot;https:\/\/paristouristinformation.fr\/de\/kostenlos\/&quot;,&quot;title&quot;:&quot;Die 10 besten kostenlosen Unternehmungen in Paris&quot;,&quot;class&quot;:&quot;tve-froala fr-basic&quot;}\"><a href=\"https:\/\/www.paristouristinformation.fr\/de\/kostenlos\/\" title=\"Top 10 kostenlose Attraktionen in Paris\" data-css=\"\" class=\"tve-froala fr-basic\">Top 10 kostenlose Attraktionen in Paris<\/a><\/span><\/h3>\n<p><\/article><article id=\"post-2930\" class=\"post-2930 page type-page status-publish has-post-thumbnail hentry post-wrapper thrv_wrapper thrive-animated-item \" tcb_hover_state_parent=\"\" shortcode=\"tcb_post_list\" data-id=\"2930\" data-selector=\".post-wrapper\"><style class=\"tcb-post-list-dynamic-style\" type=\"text\/css\"><\/style><\/p>\n<h3 style=\"\"><span data-attr-link=\"1\" data-attr-rel=\"0\" data-attr-target=\"0\" data-extra_key=\"\" data-option-inline=\"1\" data-shortcode=\"tcb_post_title\" data-shortcode-name=\"Post title\" data-attr-css=\"\" style=\"\" data-attr-static-link=\"{&quot;className&quot;:&quot;tve-froala fr-basic&quot;,&quot;href&quot;:&quot;https:\/\/paristouristinformation.fr\/de\/kostenlos\/&quot;,&quot;title&quot;:&quot;Die 10 besten kostenlosen Unternehmungen in Paris&quot;,&quot;class&quot;:&quot;tve-froala fr-basic&quot;}\"><a href=\"https:\/\/www.paristouristinformation.fr\/de\/attraktionen\/\" title=\"15 ausgesuchte Attraktionen in Paris \u2013 Tickets &amp; Tipps\" data-css=\"\" class=\"tve-froala fr-basic\">15 ausgesuchte Attraktionen in Paris \u2013 Tickets &amp; Tipps<\/a><\/span><\/h3>\n<p><\/article><\/div>\n<h3 style=\"\">Vedettes du Pont Neuf<\/h3>\n<p>Eine der Top <a href=\"https:\/\/paristouristinformation.fr\/de\/attraktionen\/\">Attraktionen in Paris<\/a><em><strong>&nbsp;<\/strong><\/em>ist eine <strong>Bootsfahrt auf der Seine<\/strong>. Sie k\u00f6nnen direkt unter der Br\u00fccke auf das Boot Vedettes du Pont Neuf steigen. Auf der mehr als einst\u00fcndigen Tour k\u00f6nnen Sie die wichtigsten Sehensw\u00fcrdigkeiten der Stadt sehen.Sie f\u00fchrt vorbei an den wichtigsten Bauwerken von Paris, wie dem Eiffelturm und dem Louvre, von denen sich die meisten am Ufer der Seine befinden. Die 1-st\u00fcndige Rundfahrt beginnt und endet an der Pont Neuf. Der Audio Guide erl\u00e4utert w\u00e4hrend der Fahrt die historischen Details auf Franz\u00f6sisch und Englisch.<\/p>\n<ul>\n<li><span style=\"\">Holen Sie sich Ihr Ticket f\u00fcr eine <a href=\"https:\/\/www.tiqets.com\/de\/paris-sehenswuerdigkeiten-c66746\/tickets-fur-seine-flussfahrt-mit-bateaux-mouches-p982823\/?partner=checkfortrip\" target=\"_blank\" style=\"outline: none;\" rel=\"noopener nofollow\"><strong>Hop-on<\/strong><strong>Hop-off Seine Flussfahrt<\/strong><\/a> und genie\u00dfen Sie einen einzigartigen Moment in Paris. Es gibt nichts Vergleichbares!<\/span><\/li>\n<li><span style=\"\">Sichern Sie sich ein Ticket f\u00fcr eine <a href=\"https:\/\/yourmobileguide.com\/audioguides\/frankreich\/paris\" target=\"_blank\" rel=\"noopener nofollow\"><strong>Seine Flussfahrt mit kostenlosem Audio Guide<\/strong><\/a> in unserem offiziellen Shop.<\/span><\/li>\n<\/ul>\n<h3 style=\"\">Bouquinistes auf der Pont Neuf<\/h3>\n<p><span><img decoding=\"async\" alt=\"\" data-id=\"6186\" width=\"702\" data-init-width=\"1000\" height=\"468\" data-init-height=\"667\" title=\"Pont Neuf Booksellers\" src=\"https:\/\/paristouristinformation.fr\/de\/\/wp-content\/uploads\/2021\/01\/Pont-Neuf-Booksellers.jpg\" data-width=\"702\" data-height=\"468\" data-pin-media=\"https:\/\/paristouristinformation.fr\/de\/\/wp-content\/uploads\/2021\/03\/prag_50_sehenswuerdigkeiten_pinterest-33.jpg\" data-pin-description=\"Know everything about the Pont Neuf Bridge in Paris : History, Pictures and Facts about the most famous bridge of Paris in France.\" data-pin-url=\"https:\/\/paristouristinformation.fr\/de\/\/things-to-do\/bridge\/pont-neuf\/?tve=true&amp;tcbf=e9aa5eae8a\" data-pinpro-key=\"2jvm3lnjj\" loading=\"lazy\"><\/span><\/p>\n<p>Die Seine wird als der <strong>einzige Fluss der Welt beschrieben, der zwischen zwei B\u00fccherregalen verl\u00e4uft.<\/strong> Wenn Sie am linken Ufer entlanggehen, werden Sie viele Buchl\u00e4den und B\u00fccherst\u00e4nde im Freien sehen. Wussten Sie, dass diese Strecke mit all den gr\u00fcnen B\u00fccherk\u00e4sten seit 1992 auf der Liste des Weltkulturerbes steht?Es gibt <strong>mehr als 200 B\u00fccherst\u00e4nde am Fluss<\/strong>, die neue und alte B\u00fccher, antike Briefmarken, Zeitschriften und vieles mehr verkaufen.<strong>Dieser Beruf geht bis in die zweite H\u00e4lfte des 17. Jahrhunderts zur\u00fcck.<\/strong> Vor allem im 19. Jahrhundert stieg die Nachfrage nach B\u00fcchern, da die Lesefreudigkeit der Bev\u00f6lkerung zunahm. Im Jahr 1859 erhielten die Bouquinisten die Erlaubnis, B\u00fccher an festen Orten zu verkaufen.<\/p>\n<ul>\n<li><span style=\"\">Planen Sie Ihre Reise nach Paris? Wir haben f\u00fcr Sie eine Liste mit 100<em><strong>&nbsp;<\/strong><\/em><a href=\"https:\/\/paristouristinformation.fr\/de\/sehenswurdigkeiten\/\"><strong>Sehensw\u00fcrdigkeiten in Paris<\/strong><\/a><em><strong>&nbsp;<\/strong><\/em>zusammengestellt. Suchen Sie sich Ihre Lieblingsattraktion aus und gestalten Sie Ihr eigenes einzigartiges Paris-Erlebnis.<\/span><\/li>\n<\/ul>\n<h2 id=\"t-1612271939664\" style=\"\">Geschichte der Pont Neuf in Paris<\/h2>\n<p><span><img decoding=\"async\" alt=\"Pont Neuf in Paris in France\" data-id=\"102\" width=\"702\" data-init-width=\"1000\" height=\"468\" data-init-height=\"667\" title=\"Pont Neuf in Paris in France\" src=\"https:\/\/paristouristinformation.fr\/de\/\/wp-content\/uploads\/2020\/06\/Pont-Neuf-in-Paris-in-France.jpg\" data-width=\"702\" data-height=\"468\" data-pin-media=\"https:\/\/paristouristinformation.fr\/de\/\/wp-content\/uploads\/2021\/03\/prag_50_sehenswuerdigkeiten_pinterest-33.jpg\" data-pin-description=\"Know everything about the Pont Neuf Bridge in Paris : History, Pictures and Facts about the most famous bridge of Paris in France.\" data-pin-url=\"https:\/\/paristouristinformation.fr\/de\/\/things-to-do\/bridge\/pont-neuf\/?tve=true&amp;tcbf=e9aa5eae8a\" data-pinpro-key=\"9st1ht2lj\" loading=\"lazy\"><\/span><\/p>\n<p>Der Bau von Br\u00fccken, die die beiden Seiten der Seine miteinander verbinden sollten, reicht etwa 2000 Jahre zur\u00fcck. Mit dem Bau einer neuen Br\u00fccke wurde 1578 unter Heinrich III. begonnen, da die vorherigen Br\u00fccken im Laufe der Zeit aus verschiedenen Gr\u00fcnden besch\u00e4digt worden waren.Sie wurde von Baptiste Du Cerceau und Pierre des Illes entworfen. Obwohl die Arbeiten 1578 begannen, wurden sie zwischen 1562 und 1598 wegen der Religionskriege, einem Konflikt zwischen Katholiken und Protestanten, unterbrochen. <strong>Die Bauarbeiten wurden schlie\u00dflich 1604 beendet.<\/strong>W\u00e4hrend der Regierungszeit von Napoleon III., dem ersten gew\u00e4hlten Pr\u00e4sidenten Frankreichs, wurden die Fundamente der Br\u00fccke wiederaufgebaut und renoviert. Das <strong>Fehlen von H\u00e4usern auf der Br\u00fccke machte die Pont Neuf einzigartig und erstmals.<\/strong> Alle fr\u00fcheren Br\u00fccken waren zu dieser Zeit mit H\u00e4usern bebaut. Die neue Br\u00fccke diente den Fu\u00dfg\u00e4ngern als B\u00fcrgersteig, der eine Innovation f\u00fcr die Stadt darstellte. Die Menschen traten auf das Pflaster, das sie vor dem schlammigen Boden und den Pferdekutschen sch\u00fctzte. Die H\u00e4user auf den Br\u00fccken standen bis vor hundert Jahren, was noch nicht so alt ist. Dann wurden alle Br\u00fccken f\u00fcr Fu\u00dfg\u00e4nger und den Verkehr reguliert.Heute gibt es <strong>3<\/strong><strong>7 Br\u00fccken \u00fcber die Seine<\/strong>, die die Stadt in zwei Teile teilt. Nur 4 von ihnen sind f\u00fcr Fu\u00dfg\u00e4nger bestimmt, die alle in ihrer Sch\u00f6nheit mit ihren urspr\u00fcnglichen Merkmalen konkurrieren. 2 von ihnen werden als Eisenbahnbr\u00fccken genutzt.<\/p>\n<ul>\n<li><span style=\"\">Planen Sie Ihre Reise nach Paris? Wir haben f\u00fcr Sie eine Liste mit den <a href=\"https:\/\/paristouristinformation.fr\/de\/sehenswurdigkeiten\/museum\/\"><strong>3<\/strong><strong>0 besten Museen in Paris<\/strong><\/a> zusammengestellt. W\u00e4hlen Sie Ihre Favoriten und besuchen Sie das Beste von Paris!<\/span><\/li>\n<\/ul>\n<h2 id=\"t-1612271939665\" style=\"\">Wie kommen Sie zur Pont Neuf?<\/h2>\n<p>Die n\u00e4chstgelegene <strong>Metrostation<\/strong> ist &#8222;Pont Neuf&#8220; auf der Linie 7.Die Pont Neuf-Br\u00fccke befindet sich im 1. Arrondissement von Paris. Ein perfekter Ort, um Ihre Entdeckungstour der <a href=\"https:\/\/paristouristinformation.fr\/de\/sehenswurdigkeiten\/\" style=\"outline: none;\"><strong>Sehensw\u00fcrdigkeiten von Paris<\/strong><\/a> zu beginnen. Ihre Lage im Herzen der Stadt macht sie zu einem Anziehungspunkt f\u00fcr jeden Besucher und zu einem der wichtigsten Treffpunkte f\u00fcr die Menschen.<\/p>\n<ul>\n<li><span style=\"\"><strong>Tipp:<\/strong> Um Zeit und Geld zu sparen und Stress zu vermeiden, k\u00f6nnen Sie Ihre Reise vorbereiten, indem Sie alle ben\u00f6tigten Online-Tickets im Voraus in unserem offiziellen <em><strong>Paris Tickets Shop<\/strong><\/em> kaufen.<\/span><\/li>\n<\/ul>\n<p>__CONFIG_colors_palette__{&#8222;active_palette&#8220;:0,&#8220;config&#8220;:{&#8222;colors&#8220;:{&#8222;f8570&#8220;:{&#8222;name&#8220;:&#8220;Main Accent&#8220;,&#8220;parent&#8220;:-1}},&#8220;gradients&#8220;:[]},&#8220;palettes&#8220;:[{&#8222;name&#8220;:&#8220;Default Palette&#8220;,&#8220;value&#8220;:{&#8222;colors&#8220;:{&#8222;f8570&#8220;:{&#8222;val&#8220;:&#8220;var(&#8211;tcb-skin-color-0)&#8220;}},&#8220;gradients&#8220;:[]},&#8220;original&#8220;:{&#8222;colors&#8220;:{&#8222;f8570&#8220;:{&#8222;val&#8220;:&#8220;rgb(19, 114, 211)&#8220;,&#8220;hsl&#8220;:{&#8222;h&#8220;:210,&#8220;s&#8220;:0.83,&#8220;l&#8220;:0.45}}},&#8220;gradients&#8220;:[]}}]}__CONFIG_colors_palette__ <a href=\"https:\/\/paristouristinformation.fr\/de\/touren-and-tickets\/\" target=\"_blank\" rel=\"noopener\"> <span><span style=\"\">Zum Paris Tickets Shop&nbsp;<\/span><\/span> <\/a><\/p>\n<h2 id=\"t-1612271939666\">Adresse &amp; Karte<\/h2>\n<ul>\n<li><strong>Adresse:<\/strong> Pont Neuf, 1. Arrondissement von Paris &#8211; 75001<\/li>\n<\/ul>\n<h2 style=\"\" id=\"t-1641903392328\">Verwandte Artikel:<\/h2>\n<div class=\"tcb-post-list tve-content-list thrv_wrapper\" data-type=\"grid\" data-pagination-type=\"none\" data-pages_near_current=\"2\" data-css=\"tve-u-17df21d2048\" data-total_post_count=\"4\" data-total_sticky_count=\"0\" data-no_posts_text=\"There are no posts to display.\"><article id=\"post-8389\" class=\"post-8389 page type-page status-publish has-post-thumbnail hentry post-wrapper thrv_wrapper thrive-animated-item  tve_evt_manager_listen tve_ea_thrive_animation tve_et_mouseover tve_anim_grow\" tcb_hover_state_parent=\"\" class=\"tve_evt_manager_listen tve_ea_thrive_animation tve_et_mouseover tve_anim_grow\" data-id=\"8389\" data-selector=\".post-wrapper\"><style class=\"tcb-post-list-dynamic-style\" type=\"text\/css\">@media (min-width: 300px){[].tcb-post-list #post-8389 []{background-image: url(&#8222;https:\/\/www.paristouristinformation.fr\/de\/wp-content\/uploads\/2021\/01\/10-Rooftop-Bars-and-Restaurants-with-a-view-in-Paris-1024x538.jpg&#8222;) !important;}[].tcb-post-list #post-8389 []:hover []{background-image: url(&#8222;https:\/\/www.paristouristinformation.fr\/de\/wp-content\/uploads\/2021\/01\/10-Rooftop-Bars-and-Restaurants-with-a-view-in-Paris-1024x538.jpg&#8222;) !important;}}<\/style><a href=\"https:\/\/www.paristouristinformation.fr\/de\/restaurants\/rooftop\/\" dynamic-postlink=\"tcb_post_the_permalink\" data-shortcode-id=\"8389\"><\/a><\/p>\n<h3 style=\"text-align: center; padding-top: 0px !important; margin-top: 0px !important;\"><span data-attr-link=\"1\" data-attr-rel=\"0\" data-attr-target=\"0\" data-extra_key=\"\" data-option-inline=\"1\" data-shortcode=\"tcb_post_title\" data-shortcode-name=\"Post title\" data-attr-css=\"\" data-attr-static-link=\"{&quot;className&quot;:&quot;tve-froala fr-basic&quot;,&quot;href&quot;:&quot;https:\/\/paristouristinformation.fr\/de\/restaurants\/rooftop\/&quot;,&quot;title&quot;:&quot;10 Rooftop-Bars und Restaurants mit Aussicht in Paris&quot;,&quot;class&quot;:&quot;tve-froala fr-basic&quot;}\" style=\"\"><a href=\"https:\/\/www.paristouristinformation.fr\/de\/restaurants\/rooftop\/\" title=\"Top 10 Rooftop Bars &amp; Restaurants in Paris\" data-css=\"\" class=\"tve-froala fr-basic\">Top 10 Rooftop Bars &amp; Restaurants in Paris<\/a><\/span><\/h3>\n<p><\/article><article id=\"post-8395\" class=\"post-8395 page type-page status-publish has-post-thumbnail hentry post-wrapper thrv_wrapper thrive-animated-item  tve_evt_manager_listen tve_ea_thrive_animation tve_et_mouseover tve_anim_grow\" tcb_hover_state_parent=\"\" class=\"tve_evt_manager_listen tve_ea_thrive_animation tve_et_mouseover tve_anim_grow\" data-id=\"8395\" data-selector=\".post-wrapper\"><style class=\"tcb-post-list-dynamic-style\" type=\"text\/css\">@media (min-width: 300px){[].tcb-post-list #post-8395 []{background-image: url(&#8222;https:\/\/www.paristouristinformation.fr\/de\/wp-content\/uploads\/2021\/01\/Parc-Asterix-in-Paris-in-France.jpg&#8222;) !important;}[].tcb-post-list #post-8395 []:hover []{background-image: url(&#8222;https:\/\/www.paristouristinformation.fr\/de\/wp-content\/uploads\/2021\/01\/Parc-Asterix-in-Paris-in-France.jpg&#8222;) !important;}}<\/style><a href=\"https:\/\/www.paristouristinformation.fr\/de\/attraktionen\/parc-asterix\/\" dynamic-postlink=\"tcb_post_the_permalink\" data-shortcode-id=\"8389\"><\/a><\/p>\n<h3 style=\"text-align: center; padding-top: 0px !important; margin-top: 0px !important;\"><span data-attr-link=\"1\" data-attr-rel=\"0\" data-attr-target=\"0\" data-extra_key=\"\" data-option-inline=\"1\" data-shortcode=\"tcb_post_title\" data-shortcode-name=\"Post title\" data-attr-css=\"\" data-attr-static-link=\"{&quot;className&quot;:&quot;tve-froala fr-basic&quot;,&quot;href&quot;:&quot;https:\/\/paristouristinformation.fr\/de\/restaurants\/rooftop\/&quot;,&quot;title&quot;:&quot;10 Rooftop-Bars und Restaurants mit Aussicht in Paris&quot;,&quot;class&quot;:&quot;tve-froala fr-basic&quot;}\" style=\"\"><a href=\"https:\/\/www.paristouristinformation.fr\/de\/attraktionen\/parc-asterix\/\" title=\"Parc Asterix: Tickets, Themenbereiche, Fahrgesch\u00e4fte, Shows, Geschichte, Anfahrt\" data-css=\"\" class=\"tve-froala fr-basic\">Parc Asterix: Tickets, Themenbereiche, Fahrgesch\u00e4fte, Shows, Geschichte, Anfahrt<\/a><\/span><\/h3>\n<p><\/article><article id=\"post-5160\" class=\"post-5160 page type-page status-publish has-post-thumbnail hentry post-wrapper thrv_wrapper thrive-animated-item  tve_evt_manager_listen tve_ea_thrive_animation tve_et_mouseover tve_anim_grow\" tcb_hover_state_parent=\"\" class=\"tve_evt_manager_listen tve_ea_thrive_animation tve_et_mouseover tve_anim_grow\" data-id=\"5160\" data-selector=\".post-wrapper\"><style class=\"tcb-post-list-dynamic-style\" type=\"text\/css\">@media (min-width: 300px){[].tcb-post-list #post-5160 []{background-image: url(&#8222;https:\/\/www.paristouristinformation.fr\/de\/wp-content\/uploads\/2021\/01\/pont-alexandre-in-Paris-in-France-1024x538.jpg&#8222;) !important;}[].tcb-post-list #post-5160 []:hover []{background-image: url(&#8222;https:\/\/www.paristouristinformation.fr\/de\/wp-content\/uploads\/2021\/01\/pont-alexandre-in-Paris-in-France-1024x538.jpg&#8222;) !important;}}<\/style><a href=\"https:\/\/www.paristouristinformation.fr\/de\/sehenswurdigkeiten\/brucke\/\" dynamic-postlink=\"tcb_post_the_permalink\" data-shortcode-id=\"8389\"><\/a><\/p>\n<h3 style=\"text-align: center; padding-top: 0px !important; margin-top: 0px !important;\"><span data-attr-link=\"1\" data-attr-rel=\"0\" data-attr-target=\"0\" data-extra_key=\"\" data-option-inline=\"1\" data-shortcode=\"tcb_post_title\" data-shortcode-name=\"Post title\" data-attr-css=\"\" data-attr-static-link=\"{&quot;className&quot;:&quot;tve-froala fr-basic&quot;,&quot;href&quot;:&quot;https:\/\/paristouristinformation.fr\/de\/restaurants\/rooftop\/&quot;,&quot;title&quot;:&quot;10 Rooftop-Bars und Restaurants mit Aussicht in Paris&quot;,&quot;class&quot;:&quot;tve-froala fr-basic&quot;}\" style=\"\"><a href=\"https:\/\/www.paristouristinformation.fr\/de\/sehenswurdigkeiten\/brucke\/\" title=\"5 ber\u00fchmtesten Br\u00fccken in Paris | Karte, Lage, Tipps\" data-css=\"\" class=\"tve-froala fr-basic\">5 ber\u00fchmtesten Br\u00fccken in Paris | Karte, Lage, Tipps<\/a><\/span><\/h3>\n<p><\/article><article id=\"post-6034\" class=\"post-6034 page type-page status-publish has-post-thumbnail hentry post-wrapper thrv_wrapper thrive-animated-item  tve_evt_manager_listen tve_ea_thrive_animation tve_et_mouseover tve_anim_grow\" tcb_hover_state_parent=\"\" class=\"tve_evt_manager_listen tve_ea_thrive_animation tve_et_mouseover tve_anim_grow\" data-id=\"6034\" data-selector=\".post-wrapper\"><style class=\"tcb-post-list-dynamic-style\" type=\"text\/css\">@media (min-width: 300px){[].tcb-post-list #post-6034 []{background-image: url(&#8222;https:\/\/www.paristouristinformation.fr\/de\/wp-content\/uploads\/2021\/01\/Visit-the-Best-Aquarium-in-Paris-in-France-1024x538.jpg&#8222;) !important;}[].tcb-post-list #post-6034 []:hover []{background-image: url(&#8222;https:\/\/www.paristouristinformation.fr\/de\/wp-content\/uploads\/2021\/01\/Visit-the-Best-Aquarium-in-Paris-in-France-1024x538.jpg&#8222;) !important;}}<\/style><a href=\"https:\/\/www.paristouristinformation.fr\/de\/attraktionen\/aquarium-de-paris\/\" dynamic-postlink=\"tcb_post_the_permalink\" data-shortcode-id=\"8389\"><\/a><\/p>\n<h3 style=\"text-align: center; padding-top: 0px !important; margin-top: 0px !important;\"><span data-attr-link=\"1\" data-attr-rel=\"0\" data-attr-target=\"0\" data-extra_key=\"\" data-option-inline=\"1\" data-shortcode=\"tcb_post_title\" data-shortcode-name=\"Post title\" data-attr-css=\"\" data-attr-static-link=\"{&quot;className&quot;:&quot;tve-froala fr-basic&quot;,&quot;href&quot;:&quot;https:\/\/paristouristinformation.fr\/de\/restaurants\/rooftop\/&quot;,&quot;title&quot;:&quot;10 Rooftop-Bars und Restaurants mit Aussicht in Paris&quot;,&quot;class&quot;:&quot;tve-froala fr-basic&quot;}\" style=\"\"><a href=\"https:\/\/www.paristouristinformation.fr\/de\/attraktionen\/aquarium-de-paris\/\" title=\"Aquarium de Paris (Cin\u00e9aqua) | Tickets, \u00d6ffnungszeiten, Anfahrt\" data-css=\"\" class=\"tve-froala fr-basic\">Aquarium de Paris (Cin\u00e9aqua) | Tickets, \u00d6ffnungszeiten, Anfahrt<\/a><\/span><\/h3>\n<p><\/article><\/div>\n","protected":false},"excerpt":{"rendered":"<p>Es gibt eine franz\u00f6sische Redewendung &#8222;solide comme le Pont-Neuf&#8220;, was so viel bedeutet wie &#8222;solide wie die Pont Neuf&#8220;, um die Robustheit einer Sache zu unterstreichen.Nehmen Sie sich bei Ihrem Spaziergang Zeit, um die \u00e4lteste Br\u00fccke \u00fcber die Seine, die das 17. Jahrhundert bis heute perfekt \u00fcberstanden hat, von allen Seiten zu betrachten!Die Pont Neuf [&hellip;]<\/p>\n","protected":false},"author":9,"featured_media":4148,"parent":5160,"menu_order":0,"comment_status":"closed","ping_status":"closed","template":"","meta":{"footnotes":""},"tags":[],"class_list":{"0":"post-1206","1":"page","2":"type-page","3":"status-publish","4":"has-post-thumbnail","5":"hentry","6":"post-wrapper","7":"thrv_wrapper","10":"thrive-animated-item"},"wp-worthy-pixel":{"ignored":false,"public":"60e09ea97b834d999c070c6fcd5a5850","server":"vg07.met.vgwort.de","url":"https:\/\/vg07.met.vgwort.de\/na\/60e09ea97b834d999c070c6fcd5a5850"},"wp-worthy-type":"normal","_links":{"self":[{"href":"https:\/\/www.paristouristinformation.fr\/de\/wp-json\/wp\/v2\/pages\/1206","targetHints":{"allow":["GET"]}}],"collection":[{"href":"https:\/\/www.paristouristinformation.fr\/de\/wp-json\/wp\/v2\/pages"}],"about":[{"href":"https:\/\/www.paristouristinformation.fr\/de\/wp-json\/wp\/v2\/types\/page"}],"author":[{"embeddable":true,"href":"https:\/\/www.paristouristinformation.fr\/de\/wp-json\/wp\/v2\/users\/9"}],"replies":[{"embeddable":true,"href":"https:\/\/www.paristouristinformation.fr\/de\/wp-json\/wp\/v2\/comments?post=1206"}],"version-history":[{"count":0,"href":"https:\/\/www.paristouristinformation.fr\/de\/wp-json\/wp\/v2\/pages\/1206\/revisions"}],"up":[{"embeddable":true,"href":"https:\/\/www.paristouristinformation.fr\/de\/wp-json\/wp\/v2\/pages\/5160"}],"wp:featuredmedia":[{"embeddable":true,"href":"https:\/\/www.paristouristinformation.fr\/de\/wp-json\/wp\/v2\/media\/4148"}],"wp:attachment":[{"href":"https:\/\/www.paristouristinformation.fr\/de\/wp-json\/wp\/v2\/media?parent=1206"}],"wp:term":[{"taxonomy":"post_tag","embeddable":true,"href":"https:\/\/www.paristouristinformation.fr\/de\/wp-json\/wp\/v2\/tags?post=1206"}],"curies":[{"name":"wp","href":"https:\/\/api.w.org\/{rel}","templated":true}]}}