{"id":13514,"date":"2024-09-19T07:49:04","date_gmt":"2024-09-19T07:49:04","guid":{"rendered":"https:\/\/www.paristouristinformation.fr\/de\/?page_id=13514"},"modified":"2026-04-13T08:09:13","modified_gmt":"2026-04-13T08:09:13","slug":"louvre-museum-ticket","status":"publish","type":"page","link":"https:\/\/www.paristouristinformation.fr\/de\/louvre-museum-ticket\/","title":{"rendered":"Louvre Museum Tickets mit Schnelleinlass"},"content":{"rendered":"<p><span><img decoding=\"async\" alt=\"\" data-id=\"13312\" width=\"1570\" height=\"1112\" title=\"E-Ticket f\u00fcr das Louvre-Museum 1\" src=\"https:\/\/www.paristouristinformation.fr\/de\/wp-content\/uploads\/2024\/09\/Louvre-Museum-E-Ticket-1-1024x725-1.png\" data-src=\"https:\/\/www.paristouristinformation.fr\/de\/wp-content\/uploads\/2024\/09\/Louvre-Museum-E-Ticket-1-300x212-1.png\" loading=\"lazy\" data-sizes=\"{&quot;thumbnail&quot;:{&quot;url&quot;:&quot;https:\/\/www.paristouristinformation.fr\/de\/wp-content\/uploads\/2024\/09\/Louvre-Museum-E-Ticket-1-333x205-1.png&quot;,&quot;height&quot;:205,&quot;width&quot;:333,&quot;orientation&quot;:&quot;landscape&quot;},&quot;medium&quot;:{&quot;url&quot;:&quot;https:\/\/www.paristouristinformation.fr\/de\/wp-content\/uploads\/2024\/09\/Louvre-Museum-E-Ticket-1-300x212-1.png&quot;,&quot;height&quot;:212,&quot;width&quot;:300,&quot;orientation&quot;:&quot;landscape&quot;},&quot;large&quot;:{&quot;url&quot;:&quot;https:\/\/www.paristouristinformation.fr\/de\/wp-content\/uploads\/2024\/09\/Louvre-Museum-E-Ticket-1-1024x725-1.png&quot;,&quot;height&quot;:725,&quot;width&quot;:1024,&quot;orientation&quot;:&quot;landscape&quot;},&quot;full&quot;:{&quot;url&quot;:&quot;https:\/\/www.paristouristinformation.fr\/de\/wp-content\/uploads\/2024\/09\/Louvre-Museum-E-Ticket-1.png&quot;,&quot;height&quot;:1112,&quot;width&quot;:1570,&quot;orientation&quot;:&quot;landscape&quot;},&quot;1536x1536&quot;:{&quot;url&quot;:&quot;https:\/\/www.paristouristinformation.fr\/de\/wp-content\/uploads\/2024\/09\/Louvre-Museum-E-Ticket-1-1536x1088-1.png&quot;,&quot;height&quot;:1088,&quot;width&quot;:1536,&quot;orientation&quot;:&quot;landscape&quot;}}\"><\/span><span><img decoding=\"async\" alt=\"\" data-id=\"13313\" width=\"1556\" height=\"996\" title=\"E-Ticket 2 f\u00fcr das Louvre-Museum\" src=\"https:\/\/www.paristouristinformation.fr\/de\/wp-content\/uploads\/2024\/09\/Louvre-Museum-E-Ticket-2-1024x655-1.png\" data-src=\"https:\/\/www.paristouristinformation.fr\/de\/wp-content\/uploads\/2024\/09\/Louvre-Museum-E-Ticket-2-300x192-1.png\" loading=\"lazy\" data-sizes=\"{&quot;thumbnail&quot;:{&quot;url&quot;:&quot;https:\/\/www.paristouristinformation.fr\/de\/wp-content\/uploads\/2024\/09\/Louvre-Museum-E-Ticket-2-333x205-1.png&quot;,&quot;height&quot;:205,&quot;width&quot;:333,&quot;orientation&quot;:&quot;landscape&quot;},&quot;medium&quot;:{&quot;url&quot;:&quot;https:\/\/www.paristouristinformation.fr\/de\/wp-content\/uploads\/2024\/09\/Louvre-Museum-E-Ticket-2-300x192-1.png&quot;,&quot;height&quot;:192,&quot;width&quot;:300,&quot;orientation&quot;:&quot;landscape&quot;},&quot;large&quot;:{&quot;url&quot;:&quot;https:\/\/www.paristouristinformation.fr\/de\/wp-content\/uploads\/2024\/09\/Louvre-Museum-E-Ticket-2-1024x655-1.png&quot;,&quot;height&quot;:655,&quot;width&quot;:1024,&quot;orientation&quot;:&quot;landscape&quot;},&quot;full&quot;:{&quot;url&quot;:&quot;https:\/\/www.paristouristinformation.fr\/de\/wp-content\/uploads\/2024\/09\/Louvre-Museum-E-Ticket-2.png&quot;,&quot;height&quot;:996,&quot;width&quot;:1556,&quot;orientation&quot;:&quot;landscape&quot;},&quot;1536x1536&quot;:{&quot;url&quot;:&quot;https:\/\/www.paristouristinformation.fr\/de\/wp-content\/uploads\/2024\/09\/Louvre-Museum-E-Ticket-2-1536x983-1.png&quot;,&quot;height&quot;:983,&quot;width&quot;:1536,&quot;orientation&quot;:&quot;landscape&quot;}}\"><\/span><span><img decoding=\"async\" alt=\"\" data-id=\"13309\" width=\"1542\" height=\"930\" title=\"E-Ticket f\u00fcr das Louvre-Museum 3\" src=\"https:\/\/www.paristouristinformation.fr\/de\/wp-content\/uploads\/2024\/09\/Louvre-Museum-E-Ticket-3-1024x618-1.png\" data-src=\"https:\/\/www.paristouristinformation.fr\/de\/wp-content\/uploads\/2024\/09\/Louvre-Museum-E-Ticket-3-300x181-1.png\" loading=\"lazy\" data-sizes=\"{&quot;thumbnail&quot;:{&quot;url&quot;:&quot;https:\/\/www.paristouristinformation.fr\/de\/wp-content\/uploads\/2024\/09\/Louvre-Museum-E-Ticket-3-333x205-1.png&quot;,&quot;height&quot;:205,&quot;width&quot;:333,&quot;orientation&quot;:&quot;landscape&quot;},&quot;medium&quot;:{&quot;url&quot;:&quot;https:\/\/www.paristouristinformation.fr\/de\/wp-content\/uploads\/2024\/09\/Louvre-Museum-E-Ticket-3-300x181-1.png&quot;,&quot;height&quot;:181,&quot;width&quot;:300,&quot;orientation&quot;:&quot;landscape&quot;},&quot;large&quot;:{&quot;url&quot;:&quot;https:\/\/www.paristouristinformation.fr\/de\/wp-content\/uploads\/2024\/09\/Louvre-Museum-E-Ticket-3-1024x618-1.png&quot;,&quot;height&quot;:618,&quot;width&quot;:1024,&quot;orientation&quot;:&quot;landscape&quot;},&quot;full&quot;:{&quot;url&quot;:&quot;https:\/\/www.paristouristinformation.fr\/de\/wp-content\/uploads\/2024\/09\/Louvre-Museum-E-Ticket-3.png&quot;,&quot;height&quot;:930,&quot;width&quot;:1542,&quot;orientation&quot;:&quot;landscape&quot;},&quot;1536x1536&quot;:{&quot;url&quot;:&quot;https:\/\/www.paristouristinformation.fr\/de\/wp-content\/uploads\/2024\/09\/Louvre-Museum-E-Ticket-3-1536x926-1.png&quot;,&quot;height&quot;:926,&quot;width&quot;:1536,&quot;orientation&quot;:&quot;landscape&quot;}}\"><\/span><span><img decoding=\"async\" alt=\"\" data-id=\"13311\" width=\"1554\" height=\"1058\" title=\"E-Ticket f\u00fcr das Louvre-Museum 5\" src=\"https:\/\/www.paristouristinformation.fr\/de\/wp-content\/uploads\/2024\/09\/Louvre-Museum-E-Ticket-5-1024x697-1.png\" data-src=\"https:\/\/www.paristouristinformation.fr\/de\/wp-content\/uploads\/2024\/09\/Louvre-Museum-E-Ticket-5-300x204-1.png\" loading=\"lazy\" data-sizes=\"{&quot;thumbnail&quot;:{&quot;url&quot;:&quot;https:\/\/www.paristouristinformation.fr\/de\/wp-content\/uploads\/2024\/09\/Louvre-Museum-E-Ticket-5-333x205-1.png&quot;,&quot;height&quot;:205,&quot;width&quot;:333,&quot;orientation&quot;:&quot;landscape&quot;},&quot;medium&quot;:{&quot;url&quot;:&quot;https:\/\/www.paristouristinformation.fr\/de\/wp-content\/uploads\/2024\/09\/Louvre-Museum-E-Ticket-5-300x204-1.png&quot;,&quot;height&quot;:204,&quot;width&quot;:300,&quot;orientation&quot;:&quot;landscape&quot;},&quot;large&quot;:{&quot;url&quot;:&quot;https:\/\/www.paristouristinformation.fr\/de\/wp-content\/uploads\/2024\/09\/Louvre-Museum-E-Ticket-5-1024x697-1.png&quot;,&quot;height&quot;:697,&quot;width&quot;:1024,&quot;orientation&quot;:&quot;landscape&quot;},&quot;full&quot;:{&quot;url&quot;:&quot;https:\/\/www.paristouristinformation.fr\/de\/wp-content\/uploads\/2024\/09\/Louvre-Museum-E-Ticket-5.png&quot;,&quot;height&quot;:1058,&quot;width&quot;:1554,&quot;orientation&quot;:&quot;landscape&quot;},&quot;1536x1536&quot;:{&quot;url&quot;:&quot;https:\/\/www.paristouristinformation.fr\/de\/wp-content\/uploads\/2024\/09\/Louvre-Museum-E-Ticket-5-1536x1046-1.png&quot;,&quot;height&quot;:1046,&quot;width&quot;:1536,&quot;orientation&quot;:&quot;landscape&quot;}}\"><\/span><span><img decoding=\"async\" alt=\"\" data-id=\"13310\" width=\"1550\" height=\"1040\" title=\"E-Ticket f\u00fcr das Louvre-Museum 4\" src=\"https:\/\/www.paristouristinformation.fr\/de\/wp-content\/uploads\/2024\/09\/Louvre-Museum-E-Ticket-4-1024x687-1.png\" data-src=\"https:\/\/www.paristouristinformation.fr\/de\/wp-content\/uploads\/2024\/09\/Louvre-Museum-E-Ticket-4-300x201-1.png\" loading=\"lazy\" data-sizes=\"{&quot;thumbnail&quot;:{&quot;url&quot;:&quot;https:\/\/www.paristouristinformation.fr\/de\/wp-content\/uploads\/2024\/09\/Louvre-Museum-E-Ticket-4-333x205-1.png&quot;,&quot;height&quot;:205,&quot;width&quot;:333,&quot;orientation&quot;:&quot;landscape&quot;},&quot;medium&quot;:{&quot;url&quot;:&quot;https:\/\/www.paristouristinformation.fr\/de\/wp-content\/uploads\/2024\/09\/Louvre-Museum-E-Ticket-4-300x201-1.png&quot;,&quot;height&quot;:201,&quot;width&quot;:300,&quot;orientation&quot;:&quot;landscape&quot;},&quot;large&quot;:{&quot;url&quot;:&quot;https:\/\/www.paristouristinformation.fr\/de\/wp-content\/uploads\/2024\/09\/Louvre-Museum-E-Ticket-4-1024x687-1.png&quot;,&quot;height&quot;:687,&quot;width&quot;:1024,&quot;orientation&quot;:&quot;landscape&quot;},&quot;full&quot;:{&quot;url&quot;:&quot;https:\/\/www.paristouristinformation.fr\/de\/wp-content\/uploads\/2024\/09\/Louvre-Museum-E-Ticket-4.png&quot;,&quot;height&quot;:1040,&quot;width&quot;:1550,&quot;orientation&quot;:&quot;landscape&quot;},&quot;1536x1536&quot;:{&quot;url&quot;:&quot;https:\/\/www.paristouristinformation.fr\/de\/wp-content\/uploads\/2024\/09\/Louvre-Museum-E-Ticket-4-1536x1031-1.png&quot;,&quot;height&quot;:1031,&quot;width&quot;:1536,&quot;orientation&quot;:&quot;landscape&quot;}}\"><\/span><span><img decoding=\"async\" alt=\"\" data-id=\"13308\" width=\"1556\" height=\"1048\" title=\"E-Ticket f\u00fcr das Louvre-Museum 6\" src=\"https:\/\/www.paristouristinformation.fr\/de\/wp-content\/uploads\/2024\/09\/Louvre-Museum-E-Ticket-6-1024x690-1.png\" data-src=\"https:\/\/www.paristouristinformation.fr\/de\/wp-content\/uploads\/2024\/09\/Louvre-Museum-E-Ticket-6-300x202-1.png\" loading=\"lazy\" data-sizes=\"{&quot;thumbnail&quot;:{&quot;url&quot;:&quot;https:\/\/www.paristouristinformation.fr\/de\/wp-content\/uploads\/2024\/09\/Louvre-Museum-E-Ticket-6-333x205-1.png&quot;,&quot;height&quot;:205,&quot;width&quot;:333,&quot;orientation&quot;:&quot;landscape&quot;},&quot;medium&quot;:{&quot;url&quot;:&quot;https:\/\/www.paristouristinformation.fr\/de\/wp-content\/uploads\/2024\/09\/Louvre-Museum-E-Ticket-6-300x202-1.png&quot;,&quot;height&quot;:202,&quot;width&quot;:300,&quot;orientation&quot;:&quot;landscape&quot;},&quot;large&quot;:{&quot;url&quot;:&quot;https:\/\/www.paristouristinformation.fr\/de\/wp-content\/uploads\/2024\/09\/Louvre-Museum-E-Ticket-6-1024x690-1.png&quot;,&quot;height&quot;:690,&quot;width&quot;:1024,&quot;orientation&quot;:&quot;landscape&quot;},&quot;full&quot;:{&quot;url&quot;:&quot;https:\/\/www.paristouristinformation.fr\/de\/wp-content\/uploads\/2024\/09\/Louvre-Museum-E-Ticket-6.png&quot;,&quot;height&quot;:1048,&quot;width&quot;:1556,&quot;orientation&quot;:&quot;landscape&quot;},&quot;1536x1536&quot;:{&quot;url&quot;:&quot;https:\/\/www.paristouristinformation.fr\/de\/wp-content\/uploads\/2024\/09\/Louvre-Museum-E-Ticket-6-1536x1035-1.png&quot;,&quot;height&quot;:1035,&quot;width&quot;:1536,&quot;orientation&quot;:&quot;landscape&quot;}}\"><\/span><\/p>\n<h1>Louvre Tickets mit reserviertem Eintritt<\/h1>\n<h2><a href=\"https:\/\/www.headout.com\/de\/paris-louvre-tickets\/louvre-tickets-garantierter-einlass-innerhalb-von-30-minuten-e-3909\/?affiliate_code=KXkQ69&amp;utm_campaign=paristidelouvremuseumsp&amp;utm_content=link&amp;utm_medium=affiliate&amp;utm_source=most_amazing_places\" target=\"_blank\" rel=\"nofollow noopener\" style=\"outline: none;\">Zur Buchung<\/a><\/h2>\n<h1><a href=\"https:\/\/www.headout.com\/de\/paris-louvre-tickets\/louvre-tickets-garantierter-einlass-innerhalb-von-30-minuten-e-3909\/?affiliate_code=KXkQ69&amp;utm_campaign=paristidelouvremuseumsp&amp;utm_content=link&amp;utm_medium=affiliate&amp;utm_source=most_amazing_places\" target=\"_blank\" rel=\"nofollow noopener\" style=\"outline: none; font-size: 28px !important;\">42 \u20ac&nbsp;<\/a><\/h1>\n<p dir=\"ltr\">Entdecken Sie die Sch\u00e4tze des Louvre-Museums mit zeitlich festgelegtem Eintritt und haben Sie mehr Zeit, einen weltber\u00fchmten Kulturschatz zu erkunden. Tauchen Sie ein in eine Kunstsammlung, die Jahrhunderte umfasst und Meisterwerke von alten Zivilisationen bis hin zu ikonischer westeurop\u00e4ischer Kunst umfasst.<\/p>\n<ul>\n<li style=\"\"><span style=\"\">Jetzt buchen, sp\u00e4ter zahlen<\/span><\/li>\n<li style=\"\">                    <span style=\"\">Sofortige Best\u00e4tigung<\/span><\/li>\n<li style=\"\"><span style=\"\">Zeitlich festgelegter Einlass<\/span><\/li>\n<li style=\"\"><span style=\"\">Nicht erstattungsf\u00e4hig<\/span><\/li>\n<\/ul>\n<h2>Inbegriffen<\/h2>\n<ul>\n<li style=\"\">                    <span>Zeitlich festgelegter Eintritt zum Louvre<\/span><\/li>\n<li style=\"\">                    <span>Zugang zu den permanenten und tempor\u00e4ren Sammlungen<\/span><\/li>\n<li style=\"\">                    <span>Audioguide in mehrere Sprachen (je nach gew\u00e4hlter Option)<\/span><\/li>\n<li><span>1 bis 1,5-st\u00fcndige Seinefahrt (je nach gew\u00e4hlter Option)<\/span><\/li>\n<\/ul>\n<h2>Nicht inbegriffen<\/h2>\n<ul>\n<li style=\"\"><span>\u00dcberspringen Sie die Sicherheitskontrolle<\/span><\/li>\n<li style=\"\"><span>Bevorzugter Einlass zu den Wechselausstellungen<\/span><\/li>\n<\/ul>\n<h2>Wichtige Informationen<\/h2>\n<ul>\n<li style=\"\"><span>Der Eintritt in die Pyramide erfolgt \u00fcber die Warteschlange f\u00fcr Ticketinhaber mit Zeitfenster.<\/span><\/li>\n<li><span>Sollten Sie Ihr Zeitfenster verpassen, m\u00fcssen Sie sich in die Warteschlange f\u00fcr Ticketinhaber ohne Zeitfenster einreihen.<\/span><\/li>\n<li><span>Ein Wiedereintritt nach Verlassen des Museums ist nicht m\u00f6glich.<\/span><\/li>\n<li><span>F\u00fcr den Zutritt kann ein g\u00fcltiger Lichtbildausweis erforderlich sein.<\/span><\/li>\n<li><span>Rollst\u00fchle k\u00f6nnen kostenlos ausgeliehen werden<br \/><\/span><\/li>\n<li><span>Einige Galerien k\u00f6nnen kurzfristig geschlossen werden. Aktuelle Informationen finden Sie auf der offiziellen Website.<\/span><\/li>\n<\/ul>\n<h2>Beschreibung:<\/h2>\n<p>Erleben Sie das Louvre-Museum wie nie zuvor mit Ihrem <strong>zeitlich festgelegtem Ticket,<\/strong> das einen reibungslosen und stressfreien Besuch garantiert. Entdecken Sie eine unvergleichliche Sammlung von Kunst und Geschichte, darunter die <strong>sch\u00f6nsten Werke antiker Zivilisationen und westeurop\u00e4ischer Meister.<\/strong> Ihr Ticket gew\u00e4hrt Ihnen Zugang zu einer beeindruckenden Sammlung von 35.000 Kunstwerken, darunter die zeitlosen Werke von Da Vinci und Michelangelo.<\/p>\n<h2>H\u00f6hepunkte:<\/h2>\n<ul>\n<li>Genie\u00dfen Sie den Schnelleinlass in das Louvre-Museum und&nbsp;<strong>&nbsp;<\/strong>vermeiden Sie lange Warteschlangen<\/li>\n<li>Erleben Sie die reiche Geschichte des Louvre als ehemaliger K\u00f6nigspalast und gr\u00f6\u00dftes Kunstmuseum der Welt<\/li>\n<li>Zugriff auf 35.000 Kunstwerke, darunter Meisterwerke von Da Vinci, Michelangelo und Rembrandt<\/li>\n<li>Entdecken Sie Kunst aus alten Zivilisationen und der westeurop\u00e4ischen Geschichte<\/li>\n<li>Besuchen Sie das Eug\u00e8ne Delacroix Museum innerhalb von 48 Stunden<\/li>\n<\/ul>\n<h2>Louvre-Museum (Mus\u00e9e du Louvre)<\/h2>\n<p>Mus\u00e9e du Louvre, Rue de Rivoli, 75001, Paris<\/p>\n<h2>Stornierungsbedingungen<\/h2>\n<p dir=\"ltr\">Dieses Ticket ist nicht erstattungsf\u00e4hig und kann nicht umgebucht werden.<\/p>\n<h2>Treffpunkt &amp; Anweisungen<\/h2>\n<p data-pm-slice=\"1 1 []\">Ihr Gutschein wird Ihnen nach der Buchung per E-Mail zugeschickt. Bitte zeigen Sie ihn auf Ihrem Mobilger\u00e4t zusammen mit einem g\u00fcltigen Lichtbildausweis am Treffpunkt vor und beachten Sie den endg\u00fcltigen Gutschein f\u00fcr genaue Standortangaben und weitere Anweisungen.<\/p>\n<p><a href=\"https:\/\/www.google.com\/maps\/search\/?api=1&amp;query=Rue%20de%20Rivoli%2075001%20Paris\" style=\"outline: none;\" data-lt-tmp-id=\"lt-245895\" spellcheck=\"false\" target=\"_blank\" rel=\"nofollow noopener\">In Google Maps \u00f6ffnen<\/a><\/p>\n<h2>Bewertungen<\/h2>\n<p><strong>4.2\/ 5 &nbsp;<\/strong><strong>(26.914 Bewertungen)<\/strong><\/p>\n<p dir=\"ltr\"><em>\u201eGro\u00dfartig! Wir haben Tickets f\u00fcr den Louvre gekauft. Wir hatten keine Probleme, sie zu nutzen und haben unseren Besuch in diesem fabelhaften Museum genossen, als wir keine Tickets f\u00fcr den Louvre finden konnten.\u201c<\/em>&nbsp;Elizabeth, Vereinigte Staaten, Juli 2024&nbsp;<a href=\"https:\/\/www.headout.com\/de\/paris-louvre-tickets\/louvre-tickets-garantierter-einlass-innerhalb-von-30-minuten-e-3909\/?affiliate_code=KXkQ69&amp;utm_campaign=paristidelouvremuseumsp&amp;utm_content=link&amp;utm_medium=affiliate&amp;utm_source=most_amazing_places\" target=\"_blank\" rel=\"nofollow noopener\" data-lt-tmp-id=\"lt-417624\" spellcheck=\"false\" style=\"outline: none;\">&gt;&gt; Weitere Bewertungen anzeigen<\/a><\/p>\n<h2>Weitere Aktivit\u00e4ten, die Ihnen gefallen k\u00f6nnten<\/h2>\n<p><span># <\/span><strong><span>2<\/span><\/strong><span># <\/span><strong><span>2<\/span><\/strong><span><img decoding=\"async\" alt=\"Paris: Tour zu den Meisterwerken des Louvre-Museums mit reserviertem Zugang\" data-id=\"13303\" width=\"159\" data-init-width=\"1185\" height=\"83\" data-init-height=\"616\" title=\"Paris: Tour zu den Meisterwerken des Louvre mit reserviertem Zugang\" loading=\"lazy\" src=\"https:\/\/www.paristouristinformation.fr\/de\/wp-content\/uploads\/2024\/09\/Paris-Louvre-Museum-Masterpieces-Tour-with-Reserved-Access-.jpg\" data-width=\"159\" data-height=\"83\" style=\"aspect-ratio: auto 1185 \/ 616;\"><\/span><\/p>\n<table>\n<tbody>\n<tr>\n<td><a href=\"https:\/\/gyg.me\/t0Re5uyG\" target=\"_blank\" rel=\"nofollow noopener\" style=\"outline: none;\" data-lt-tmp-id=\"lt-495373\" spellcheck=\"false\">Paris: Louvre-Meisterwerk-Tour mit reserviertem Einlass<\/a><\/td>\n<\/tr>\n<\/tbody>\n<\/table>\n<p dir=\"ltr\">Entdecken Sie die ber\u00fchmten Meisterwerke und verborgenen Sch\u00e4tze des Louvre bei einer 3-st\u00fcndigen F\u00fchrung mit reserviertem Zugang. Bewundern Sie unter der Leitung eines erfahrenen Guides Sch\u00e4tze wie die \u201eMona Lisa\u201c und die \u201eVenus von Milo\u201c.<\/p>\n<h3 style=\"\">Gesamtpreis<\/h3>\n<h3 style=\"\">Ihr Konto wird noch nicht belastet.<br \/><\/h3>\n<p><span># <\/span><strong><span>2<\/span><\/strong><span><img decoding=\"async\" alt=\"Eintrittskarten f\u00fcr den Louvre und Seine-Kreuzfahrt\" data-id=\"13306\" width=\"159\" data-init-width=\"930\" height=\"99\" data-init-height=\"581\" title=\"Eintrittskarten f\u00fcr den Louvre und Seine-Kreuzfahrt\" loading=\"lazy\" src=\"https:\/\/paristouristinformation.fr\/wp-content\/uploads\/2024\/08\/Louvre-Museum-Reserved-Access-Tickets-Seine-River-Cruise.avif\" data-width=\"159\" data-height=\"99\" style=\"aspect-ratio: auto 930 \/ 581;\"><\/span><\/p>\n<table>\n<tbody>\n<tr>\n<td><a href=\"https:\/\/www.headout.com\/r\/most-amazing-placesrecommends-5kMiV\" target=\"_blank\" rel=\"nofollow noopener\" style=\"outline: none;\" data-lt-tmp-id=\"lt-163467\" spellcheck=\"false\">Eintrittskarten f\u00fcr den Louvre und Seine-Kreuzfahrt<\/a><\/td>\n<\/tr>\n<\/tbody>\n<\/table>\n<p>Genie\u00dfen Sie den reservierten Zugang zum Louvre-Museum und erkunden Sie seine weltber\u00fchmte Kunstsammlung. Anschlie\u00dfend k\u00f6nnen Sie bei einer entspannenden Seine-Kreuzfahrt die ber\u00fchmten Sehensw\u00fcrdigkeiten von Paris vom Wasser aus bewundern.<\/p>\n<h3 style=\"\">Gesamtpreis<\/h3>\n<h3 style=\"\">Ihr Konto wird noch nicht belastet.<br \/><\/h3>\n<p><\/p>\n<h2><a href=\"https:\/\/www.headout.com\/de\/paris-louvre-tickets\/louvre-tickets-garantierter-einlass-innerhalb-von-30-minuten-e-3909\/?affiliate_code=KXkQ69&amp;utm_campaign=paristidelouvremuseumsp&amp;utm_content=link&amp;utm_medium=affiliate&amp;utm_source=most_amazing_places\" target=\"_blank\" rel=\"nofollow noopener\" style=\"outline: none;\">Zur Buchung<\/a><\/h2>\n<h1><a href=\"https:\/\/www.headout.com\/de\/paris-louvre-tickets\/louvre-tickets-garantierter-einlass-innerhalb-von-30-minuten-e-3909\/?affiliate_code=KXkQ69&amp;utm_campaign=paristidelouvremuseumsp&amp;utm_content=link&amp;utm_medium=affiliate&amp;utm_source=most_amazing_places\" target=\"_blank\" rel=\"nofollow noopener\" style=\"outline: none;\"><strong>42 \u20ac<\/strong><\/a><\/h1>\n<p style=\"\">Ihr Konto wird noch nicht belastet<\/p>\n","protected":false},"excerpt":{"rendered":"<p>Louvre Tickets mit reserviertem Eintritt Zur Buchung 42 \u20ac&nbsp; Entdecken Sie die Sch\u00e4tze des Louvre-Museums mit zeitlich festgelegtem Eintritt und haben Sie mehr Zeit, einen weltber\u00fchmten Kulturschatz zu erkunden. Tauchen Sie ein in eine Kunstsammlung, die Jahrhunderte umfasst und Meisterwerke von alten Zivilisationen bis hin zu ikonischer westeurop\u00e4ischer Kunst umfasst. Jetzt buchen, sp\u00e4ter zahlen Sofortige [&hellip;]<\/p>\n","protected":false},"author":11,"featured_media":13522,"parent":0,"menu_order":0,"comment_status":"closed","ping_status":"closed","template":"","meta":{"footnotes":""},"tags":[69],"class_list":["post-13514","page","type-page","status-publish","has-post-thumbnail","hentry","tag-sales-pages","post-wrapper","thrv_wrapper"],"wp-worthy-pixel":{"ignored":false,"public":null,"server":null,"url":null},"wp-worthy-type":"normal","_links":{"self":[{"href":"https:\/\/www.paristouristinformation.fr\/de\/wp-json\/wp\/v2\/pages\/13514","targetHints":{"allow":["GET"]}}],"collection":[{"href":"https:\/\/www.paristouristinformation.fr\/de\/wp-json\/wp\/v2\/pages"}],"about":[{"href":"https:\/\/www.paristouristinformation.fr\/de\/wp-json\/wp\/v2\/types\/page"}],"author":[{"embeddable":true,"href":"https:\/\/www.paristouristinformation.fr\/de\/wp-json\/wp\/v2\/users\/11"}],"replies":[{"embeddable":true,"href":"https:\/\/www.paristouristinformation.fr\/de\/wp-json\/wp\/v2\/comments?post=13514"}],"version-history":[{"count":19,"href":"https:\/\/www.paristouristinformation.fr\/de\/wp-json\/wp\/v2\/pages\/13514\/revisions"}],"predecessor-version":[{"id":15995,"href":"https:\/\/www.paristouristinformation.fr\/de\/wp-json\/wp\/v2\/pages\/13514\/revisions\/15995"}],"wp:featuredmedia":[{"embeddable":true,"href":"https:\/\/www.paristouristinformation.fr\/de\/wp-json\/wp\/v2\/media\/13522"}],"wp:attachment":[{"href":"https:\/\/www.paristouristinformation.fr\/de\/wp-json\/wp\/v2\/media?parent=13514"}],"wp:term":[{"taxonomy":"post_tag","embeddable":true,"href":"https:\/\/www.paristouristinformation.fr\/de\/wp-json\/wp\/v2\/tags?post=13514"}],"curies":[{"name":"wp","href":"https:\/\/api.w.org\/{rel}","templated":true}]}}