{"id":13558,"date":"2024-09-19T08:11:28","date_gmt":"2024-09-19T08:11:28","guid":{"rendered":"https:\/\/www.paristouristinformation.fr\/de\/?page_id=13558"},"modified":"2026-01-29T14:12:23","modified_gmt":"2026-01-29T14:12:23","slug":"disneyland-paris-tages-ticket","status":"publish","type":"page","link":"https:\/\/www.paristouristinformation.fr\/de\/disneyland-paris-tages-ticket\/","title":{"rendered":"Disneyland\u00ae Paris: 1-Tages-Ticket"},"content":{"rendered":"<p><span><img decoding=\"async\" alt=\"\" data-id=\"13337\" width=\"1462\" height=\"850\" title=\"Disneyland\u00ae Paris 1-Tagestickets (Sonderangebot) 1\" src=\"https:\/\/www.paristouristinformation.fr\/de\/wp-content\/uploads\/2024\/09\/Disneyland\u00ae-Paris-1-Day-Tickets-Special-Offer-1-1024x595-1.png\" data-src=\"https:\/\/www.paristouristinformation.fr\/de\/wp-content\/uploads\/2024\/09\/Disneyland\u00ae-Paris-1-Day-Tickets-Special-Offer-1-300x174-1.png\" loading=\"lazy\" data-sizes=\"{&quot;thumbnail&quot;:{&quot;url&quot;:&quot;https:\/\/www.paristouristinformation.fr\/de\/wp-content\/uploads\/2024\/09\/Disneyland\u00ae-Paris-1-Day-Tickets-Special-Offer-1-333x205-1.png&quot;,&quot;height&quot;:205,&quot;width&quot;:333,&quot;orientation&quot;:&quot;landscape&quot;},&quot;medium&quot;:{&quot;url&quot;:&quot;https:\/\/www.paristouristinformation.fr\/de\/wp-content\/uploads\/2024\/09\/Disneyland\u00ae-Paris-1-Day-Tickets-Special-Offer-1-300x174-1.png&quot;,&quot;height&quot;:174,&quot;width&quot;:300,&quot;orientation&quot;:&quot;landscape&quot;},&quot;large&quot;:{&quot;url&quot;:&quot;https:\/\/www.paristouristinformation.fr\/de\/wp-content\/uploads\/2024\/09\/Disneyland\u00ae-Paris-1-Day-Tickets-Special-Offer-1-1024x595-1.png&quot;,&quot;height&quot;:595,&quot;width&quot;:1024,&quot;orientation&quot;:&quot;landscape&quot;},&quot;full&quot;:{&quot;url&quot;:&quot;https:\/\/www.paristouristinformation.fr\/de\/wp-content\/uploads\/2024\/09\/Disneyland\u00ae-Paris-1-Day-Tickets-Special-Offer-1.png&quot;,&quot;height&quot;:850,&quot;width&quot;:1462,&quot;orientation&quot;:&quot;landscape&quot;}}\"><\/span><span><img decoding=\"async\" alt=\"\" data-id=\"13339\" width=\"1406\" height=\"850\" title=\"Disneyland\u00ae Paris 1-Tages-Tickets (Sonderangebot) 2\" src=\"https:\/\/www.paristouristinformation.fr\/de\/wp-content\/uploads\/2024\/09\/Disneyland\u00ae-Paris-1-Day-Tickets-Special-Offer-2-1024x619-1.png\" data-src=\"https:\/\/www.paristouristinformation.fr\/de\/wp-content\/uploads\/2024\/09\/Disneyland\u00ae-Paris-1-Day-Tickets-Special-Offer-2-300x181-1.png\" loading=\"lazy\" data-sizes=\"{&quot;thumbnail&quot;:{&quot;url&quot;:&quot;https:\/\/www.paristouristinformation.fr\/de\/wp-content\/uploads\/2024\/09\/Disneyland\u00ae-Paris-1-Day-Tickets-Special-Offer-2-333x205-1.png&quot;,&quot;height&quot;:205,&quot;width&quot;:333,&quot;orientation&quot;:&quot;landscape&quot;},&quot;medium&quot;:{&quot;url&quot;:&quot;https:\/\/www.paristouristinformation.fr\/de\/wp-content\/uploads\/2024\/09\/Disneyland\u00ae-Paris-1-Day-Tickets-Special-Offer-2-300x181-1.png&quot;,&quot;height&quot;:181,&quot;width&quot;:300,&quot;orientation&quot;:&quot;landscape&quot;},&quot;large&quot;:{&quot;url&quot;:&quot;https:\/\/www.paristouristinformation.fr\/de\/wp-content\/uploads\/2024\/09\/Disneyland\u00ae-Paris-1-Day-Tickets-Special-Offer-2-1024x619-1.png&quot;,&quot;height&quot;:619,&quot;width&quot;:1024,&quot;orientation&quot;:&quot;landscape&quot;},&quot;full&quot;:{&quot;url&quot;:&quot;https:\/\/www.paristouristinformation.fr\/de\/wp-content\/uploads\/2024\/09\/Disneyland\u00ae-Paris-1-Day-Tickets-Special-Offer-2.png&quot;,&quot;height&quot;:850,&quot;width&quot;:1406,&quot;orientation&quot;:&quot;landscape&quot;}}\"><\/span><span><img decoding=\"async\" alt=\"\" data-id=\"13335\" width=\"1400\" height=\"834\" title=\"Disneyland\u00ae Paris 1-Tages-Tickets (Sonderangebot) 3\" src=\"https:\/\/www.paristouristinformation.fr\/de\/wp-content\/uploads\/2024\/09\/Disneyland\u00ae-Paris-1-Day-Tickets-Special-Offer-3-1024x610-1.png\" data-src=\"https:\/\/www.paristouristinformation.fr\/de\/wp-content\/uploads\/2024\/09\/Disneyland\u00ae-Paris-1-Day-Tickets-Special-Offer-3-300x179-1.png\" loading=\"lazy\" data-sizes=\"{&quot;thumbnail&quot;:{&quot;url&quot;:&quot;https:\/\/www.paristouristinformation.fr\/de\/wp-content\/uploads\/2024\/09\/Disneyland\u00ae-Paris-1-Day-Tickets-Special-Offer-3-333x205-1.png&quot;,&quot;height&quot;:205,&quot;width&quot;:333,&quot;orientation&quot;:&quot;landscape&quot;},&quot;medium&quot;:{&quot;url&quot;:&quot;https:\/\/www.paristouristinformation.fr\/de\/wp-content\/uploads\/2024\/09\/Disneyland\u00ae-Paris-1-Day-Tickets-Special-Offer-3-300x179-1.png&quot;,&quot;height&quot;:179,&quot;width&quot;:300,&quot;orientation&quot;:&quot;landscape&quot;},&quot;large&quot;:{&quot;url&quot;:&quot;https:\/\/www.paristouristinformation.fr\/de\/wp-content\/uploads\/2024\/09\/Disneyland\u00ae-Paris-1-Day-Tickets-Special-Offer-3-1024x610-1.png&quot;,&quot;height&quot;:610,&quot;width&quot;:1024,&quot;orientation&quot;:&quot;landscape&quot;},&quot;full&quot;:{&quot;url&quot;:&quot;https:\/\/www.paristouristinformation.fr\/de\/wp-content\/uploads\/2024\/09\/Disneyland\u00ae-Paris-1-Day-Tickets-Special-Offer-3.png&quot;,&quot;height&quot;:834,&quot;width&quot;:1400,&quot;orientation&quot;:&quot;landscape&quot;}}\"><\/span><span><img decoding=\"async\" alt=\"\" data-id=\"13336\" width=\"1428\" height=\"846\" title=\"Disneyland\u00ae Paris 1-Tagestickets (Sonderangebot) 4\" src=\"https:\/\/www.paristouristinformation.fr\/de\/wp-content\/uploads\/2024\/09\/Disneyland\u00ae-Paris-1-Day-Tickets-Special-Offer-4-1024x607-1.png\" data-src=\"https:\/\/www.paristouristinformation.fr\/de\/wp-content\/uploads\/2024\/09\/Disneyland\u00ae-Paris-1-Day-Tickets-Special-Offer-4-300x178-1.png\" loading=\"lazy\" data-sizes=\"{&quot;thumbnail&quot;:{&quot;url&quot;:&quot;https:\/\/www.paristouristinformation.fr\/de\/wp-content\/uploads\/2024\/09\/Disneyland\u00ae-Paris-1-Day-Tickets-Special-Offer-4-333x205-1.png&quot;,&quot;height&quot;:205,&quot;width&quot;:333,&quot;orientation&quot;:&quot;landscape&quot;},&quot;medium&quot;:{&quot;url&quot;:&quot;https:\/\/www.paristouristinformation.fr\/de\/wp-content\/uploads\/2024\/09\/Disneyland\u00ae-Paris-1-Day-Tickets-Special-Offer-4-300x178-1.png&quot;,&quot;height&quot;:178,&quot;width&quot;:300,&quot;orientation&quot;:&quot;landscape&quot;},&quot;large&quot;:{&quot;url&quot;:&quot;https:\/\/www.paristouristinformation.fr\/de\/wp-content\/uploads\/2024\/09\/Disneyland\u00ae-Paris-1-Day-Tickets-Special-Offer-4-1024x607-1.png&quot;,&quot;height&quot;:607,&quot;width&quot;:1024,&quot;orientation&quot;:&quot;landscape&quot;},&quot;full&quot;:{&quot;url&quot;:&quot;https:\/\/www.paristouristinformation.fr\/de\/wp-content\/uploads\/2024\/09\/Disneyland\u00ae-Paris-1-Day-Tickets-Special-Offer-4.png&quot;,&quot;height&quot;:846,&quot;width&quot;:1428,&quot;orientation&quot;:&quot;landscape&quot;}}\"><\/span><span><img decoding=\"async\" alt=\"\" data-id=\"13334\" width=\"1366\" height=\"924\" title=\"Disneyland\u00ae Paris 1-Tagestickets (Sonderangebot) 6\" src=\"https:\/\/www.paristouristinformation.fr\/de\/wp-content\/uploads\/2024\/09\/Disneyland\u00ae-Paris-1-Day-Tickets-Special-Offer-6-1024x693-1.png\" data-src=\"https:\/\/www.paristouristinformation.fr\/de\/wp-content\/uploads\/2024\/09\/Disneyland\u00ae-Paris-1-Day-Tickets-Special-Offer-6-300x203-1.png\" loading=\"lazy\" data-sizes=\"{&quot;thumbnail&quot;:{&quot;url&quot;:&quot;https:\/\/www.paristouristinformation.fr\/de\/wp-content\/uploads\/2024\/09\/Disneyland\u00ae-Paris-1-Day-Tickets-Special-Offer-6-333x205-1.png&quot;,&quot;height&quot;:205,&quot;width&quot;:333,&quot;orientation&quot;:&quot;landscape&quot;},&quot;medium&quot;:{&quot;url&quot;:&quot;https:\/\/www.paristouristinformation.fr\/de\/wp-content\/uploads\/2024\/09\/Disneyland\u00ae-Paris-1-Day-Tickets-Special-Offer-6-300x203-1.png&quot;,&quot;height&quot;:203,&quot;width&quot;:300,&quot;orientation&quot;:&quot;landscape&quot;},&quot;large&quot;:{&quot;url&quot;:&quot;https:\/\/www.paristouristinformation.fr\/de\/wp-content\/uploads\/2024\/09\/Disneyland\u00ae-Paris-1-Day-Tickets-Special-Offer-6-1024x693-1.png&quot;,&quot;height&quot;:693,&quot;width&quot;:1024,&quot;orientation&quot;:&quot;landscape&quot;},&quot;full&quot;:{&quot;url&quot;:&quot;https:\/\/www.paristouristinformation.fr\/de\/wp-content\/uploads\/2024\/09\/Disneyland\u00ae-Paris-1-Day-Tickets-Special-Offer-6.png&quot;,&quot;height&quot;:924,&quot;width&quot;:1366,&quot;orientation&quot;:&quot;landscape&quot;}}\"><\/span><span><img decoding=\"async\" alt=\"\" data-id=\"13338\" width=\"1306\" height=\"840\" title=\"Disneyland\u00ae Paris 1-Tagestickets (Sonderangebot) 5\" src=\"https:\/\/www.paristouristinformation.fr\/de\/wp-content\/uploads\/2024\/09\/Disneyland\u00ae-Paris-1-Day-Tickets-Special-Offer-5-1024x659-1.png\" data-src=\"https:\/\/www.paristouristinformation.fr\/de\/wp-content\/uploads\/2024\/09\/Disneyland\u00ae-Paris-1-Day-Tickets-Special-Offer-5-300x193-1.png\" loading=\"lazy\" data-sizes=\"{&quot;thumbnail&quot;:{&quot;url&quot;:&quot;https:\/\/www.paristouristinformation.fr\/de\/wp-content\/uploads\/2024\/09\/Disneyland\u00ae-Paris-1-Day-Tickets-Special-Offer-5-333x205-1.png&quot;,&quot;height&quot;:205,&quot;width&quot;:333,&quot;orientation&quot;:&quot;landscape&quot;},&quot;medium&quot;:{&quot;url&quot;:&quot;https:\/\/www.paristouristinformation.fr\/de\/wp-content\/uploads\/2024\/09\/Disneyland\u00ae-Paris-1-Day-Tickets-Special-Offer-5-300x193-1.png&quot;,&quot;height&quot;:193,&quot;width&quot;:300,&quot;orientation&quot;:&quot;landscape&quot;},&quot;large&quot;:{&quot;url&quot;:&quot;https:\/\/www.paristouristinformation.fr\/de\/wp-content\/uploads\/2024\/09\/Disneyland\u00ae-Paris-1-Day-Tickets-Special-Offer-5-1024x659-1.png&quot;,&quot;height&quot;:659,&quot;width&quot;:1024,&quot;orientation&quot;:&quot;landscape&quot;},&quot;full&quot;:{&quot;url&quot;:&quot;https:\/\/www.paristouristinformation.fr\/de\/wp-content\/uploads\/2024\/09\/Disneyland\u00ae-Paris-1-Day-Tickets-Special-Offer-5.png&quot;,&quot;height&quot;:840,&quot;width&quot;:1306,&quot;orientation&quot;:&quot;landscape&quot;}}\"><\/span><\/p>\n<h1>Disneyland\u00ae Paris: 1-Tages-Ticket<\/h1>\n<h2><a href=\"https:\/\/www.tiqets.com\/en\/marne-la-vallee-attractions-c702\/tickets-for-disneyland-paris-single-day-ticket-p975463\/?partner=paristouristinformation&amp;tq_campaign=DisneylandParisGttd\" target=\"_blank\" rel=\"nofollow noopener\" style=\"outline: none;\">Zur Buchung<\/a><\/h2>\n<h1><a href=\"https:\/\/www.tiqets.com\/en\/marne-la-vallee-attractions-c702\/tickets-for-disneyland-paris-single-day-ticket-p975463\/?partner=paristouristinformation&amp;tq_campaign=DisneylandParisGttd\" target=\"_blank\" rel=\"nofollow noopener\" style=\"outline: none;\">Ab 64 \u20ac<\/a><\/h1>\n<p dir=\"ltr\">Erleben Sie die bezaubernde Welt von Disneyland\u00ae Paris mit einem <strong>Tagesticket, das Ihnen Zugang zu zwei legend\u00e4ren Parks gew\u00e4hrt<\/strong> : Disneyland\u00ae Park und Walt Disney Studios\u00ae Park. Tauchen Sie ein in aufregende Attraktionen, treffen Sie beliebte Disney\u00ae-Figuren und erkunden Sie Themenl\u00e4nder voller Magie.<\/p>\n<ul>\n<li style=\"\"><span>Handverlesenes Ticket<\/span><\/li>\n<li style=\"\">                    <span>Sofortige Best\u00e4tigung<\/span><\/li>\n<li style=\"\"><span>Mobiles Ticket akzeptiert<\/span><\/li>\n<li style=\"\"><span>Kostenlose Stornierung<\/span><\/li>\n<\/ul>\n<h2>Inbegriffen<\/h2>\n<ul>\n<li style=\"\">                    <span>Ticket f\u00fcr 1 Tag, 1 Park oder 2 Parks (je nach gew\u00e4hlter Option): Eintritt zum Disneyland\u00ae Park oder zu den Walt Disney Studios\u00ae<\/span><\/li>\n<\/ul>\n<h2>Nicht inbegriffen<\/h2>\n<ul>\n<li style=\"\"><span>\u00dcberspringen Sie die Warteschlange an den Attraktionen<\/span><\/li>\n<li style=\"\"><span>Pers\u00f6nliche Ausgaben<\/span><\/li>\n<li><span>Mahlzeiten und Getr\u00e4nke<\/span><\/li>\n<\/ul>\n<h2>Wichtige Informationen<\/h2>\n<ul>\n<li style=\"\"><span>Tickets sind nicht \u00fcbertragbar; Namen k\u00f6nnen nach der Buchung nicht mehr ge\u00e4ndert werden. Bringen Sie einen g\u00fcltigen Lichtbildausweis mit.<\/span><\/li>\n<li><span>Die \u00d6ffnungszeiten des Parks k\u00f6nnen variieren. Bitte informieren Sie sich vor Ihrem Besuch auf der offiziellen Website.<\/span><\/li>\n<li><span>Kinder unter 12 Jahren m\u00fcssen von einem Erwachsenen begleitet werden.<\/span><\/li>\n<li><span>F\u00fcr Rollstuhlfahrer geeignet.<\/span><\/li>\n<li><span>Gro\u00dfe Koffer und Taschen sind nicht erlaubt.<\/span><\/li>\n<li><span>Tiere, mit Ausnahme von Blindenhunden, sind nicht erlaubt.<\/span><\/li>\n<\/ul>\n<h2 style=\"\">Wird in Zusammenarbeit mit unserem Partner angeboten:<\/h2>\n<p><span><img decoding=\"async\" alt=\"\" data-id=\"13290\" width=\"129\" data-init-width=\"350\" height=\"49\" data-init-height=\"134\" title=\"Tiqets Logo\" loading=\"lazy\" src=\"https:\/\/www.paristouristinformation.fr\/de\/wp-content\/uploads\/2024\/09\/Tiqets-Logo-1.png\" data-width=\"129\" data-height=\"49\" style=\"aspect-ratio: auto 350 \/ 134;\"><\/span><\/p>\n<p>Paris Tourist Information ist Zahlungsvermittler, w\u00e4hrend Tiqets als Vertragspartner auftritt. Die Bedingungen und Konditionen bleiben unver\u00e4ndert.<\/p>\n<p><a href=\"https:\/\/www.tiqets.com\/en\/marne-la-vallee-attractions-c702\/tickets-for-disneyland-paris-single-day-ticket-p975463\/?partner=paristouristinformation&amp;tq_campaign=DisneylandParisGttd\" target=\"_blank\" rel=\"nofollow noopener\" style=\"outline: none;\" data-lt-tmp-id=\"lt-493231\" spellcheck=\"false\">Bitte hier klicken, falls Sie lieber \u00fcber die Website von Tiqets buchen m\u00f6chten.<\/a><\/p>\n<h2>Beschreibung:<\/h2>\n<p>Entdecken Sie die Magie von Disneyland\u00ae Paris mit diesem <strong>exklusiven 1-Tages-Ticket.<\/strong> Egal, ob Sie auf der Suche nach Abenteuern oder einem Fan bezaubernder Geschichten sind, <strong>sowohl der Disneyland\u00ae Park als auch der Walt Disney Studios\u00ae Park<\/strong> bieten unvergessliche Erlebnisse. Von aufregenden Fahrten bis hin zu spektakul\u00e4ren Shows \u2013 tauchen Sie ein in das Wunder von Disney\u00ae und schaffen Sie bleibende Erinnerungen mit Ihren Lieben. Dieses Sonderangebot ist perfekt f\u00fcr Familien und Freunde und ein Muss, um unvergessliche Erinnerungen zu schaffen.<\/p>\n<h2>H\u00f6hepunkte:<\/h2>\n<ul>\n<li>Erkunden Sie die bezaubernden Themenl\u00e4nder von Disneyland\u00ae Paris mit einer Tageskarte.<\/li>\n<li>Erkunden Sie einen oder beide Parks.<\/li>\n<li>Besuchen Sie den epischen Marvel Avengers Campus im Walt Disney Studios\u00ae Park.<\/li>\n<li>Erleben Sie die Spannung bei Pirates of the Caribbean, Star Tours und mehr.<\/li>\n<li>Erleben Sie exklusive Begegnungen mit Disney\u00ae-Figuren und atemberaubende Live-Shows.<\/li>\n<\/ul>\n<h2>Disneyland Paris<\/h2>\n<p dir=\"ltr\">Bd de Parc, 77700 Coupvray, Frankreich<\/p>\n<h2>Stornierungsbedingungen<\/h2>\n<p dir=\"ltr\">Stornieren Sie bis zu 72 Stunden vor Beginn des Erlebnisses und Sie erhalten eine volle R\u00fcckerstattung.<\/p>\n<h2>Treffpunkt &amp; Anweisungen<\/h2>\n<p dir=\"ltr\">Legen Sie Ihren mobilen Voucher zusammen mit einem g\u00fcltigen Lichtbildausweis im Disneyland\u00ae Paris, Bd de Parc, 77700 Coupvray, Frankreich, vor.<\/p>\n<p><a href=\"https:\/\/www.google.com\/maps\/place\/Disneyland+Paris\/@48.8673317,2.7833425,18.46z\/data=!4m6!3m5!1s0x47e61d19ca7ae2bd:0x57faf8cb6310e660!8m2!3d48.8673858!4d2.783593!16s%2Fg%2F1211qgxn?entry=tts&amp;g_ep=EgoyMDI0MDUyNy4yKgBIAVAD\" style=\"outline: none;\" data-lt-tmp-id=\"lt-493778\" spellcheck=\"false\" target=\"_blank\" rel=\"nofollow noopener\">In Google Maps \u00f6ffnen<\/a><\/p>\n<h2>Bewertungen<\/h2>\n<p><strong>4.6\/ 5&nbsp; <\/strong><strong>(6784 Bewertungen)<\/strong><\/p>\n<p dir=\"ltr\"><em>Wirklich einfach, ich habe die Tickets am Abend vor unserem Besuch in Disneyland gekauft und hatte \u00fcberhaupt keine Probleme. W\u00fcrde dieses Unternehmen wieder nutzen.\u201c<\/em> Rachel, September 2024 [Quelle: Tiqets] <a href=\"https:\/\/www.tiqets.com\/en\/marne-la-vallee-attractions-c702\/tickets-for-disneyland-paris-single-day-ticket-p975463\/?partner=paristouristinformation&amp;tq_campaign=DisneylandParisGttd\" target=\"_blank\" rel=\"nofollow noopener\" data-lt-tmp-id=\"lt-269899\" spellcheck=\"false\" style=\"outline: none;\">&gt;&gt; Weitere Bewertungen anzeigen<\/a><\/p>\n<h2>Weitere Aktivit\u00e4ten, die Ihnen gefallen k\u00f6nnten<\/h2>\n<p><span># <\/span><strong><span>2<\/span><\/strong><span># <\/span><strong><span>2<\/span><\/strong><span><img decoding=\"async\" alt=\"\" data-id=\"13331\" width=\"159\" data-init-width=\"560\" height=\"159\" data-init-height=\"560\" title=\"Disneyland\u00ae Paris - 1-Tages-Ticket f\u00fcr denselben Tag\" loading=\"lazy\" src=\"https:\/\/paristouristinformation.fr\/wp-content\/uploads\/2024\/08\/Disneyland\u00ae-Paris-One-Day-Same-Day-Ticket-.avif\" data-width=\"159\" data-height=\"159\" style=\"aspect-ratio: auto 560 \/ 560;\"><\/span><\/p>\n<table>\n<tbody>\n<tr>\n<td><a href=\"https:\/\/www.tiqets.com\/en\/marne-la-vallee-attractions-c702\/tickets-for-disneyland-paris-single-day-last-minute-p1032450\/?partner=most_amazing_places&amp;tq_campaign=ParisDisneylandGttd2\" target=\"_blank\" rel=\"nofollow noopener\" style=\"outline: none;\" data-lt-tmp-id=\"lt-22426\" spellcheck=\"false\">Disneyland\u00ae Paris: 1-Tages-Ticket f\u00fcr den selben Tag<\/a><\/td>\n<\/tr>\n<\/tbody>\n<\/table>\n<p dir=\"ltr\">Erleben Sie die Magie von Disneyland\u00ae Paris mit einem Last-Minute-Ticket f\u00fcr denselben Tag! W\u00e4hlen Sie zwischen einem 1-Tagespass f\u00fcr den Disneyland\u00ae Park oder die Walt Disney Studios\u00ae oder entscheiden Sie sich f\u00fcr einen 1-Tagespass, der Ihnen Zugang zu beiden Parks gew\u00e4hrt.<\/p>\n<h3 style=\"\">Gesamtpreis<\/h3>\n<h3 style=\"\">Ihr Konto wird noch nicht belastet.<\/h3>\n<p><span># <\/span><strong><span>2<\/span><\/strong><span><img decoding=\"async\" alt=\"\" data-id=\"13332\" width=\"159\" data-init-width=\"1185\" height=\"83\" data-init-height=\"616\" title=\"Disneyland\u00ae 2:3:4-Tagesticket\" loading=\"lazy\" src=\"https:\/\/www.paristouristinformation.fr\/de\/wp-content\/uploads\/2024\/09\/Disneyland\u00ae-234-Day-Ticket.jpg\" data-width=\"159\" data-height=\"83\" style=\"aspect-ratio: auto 1185 \/ 616;\"><\/span><\/p>\n<table>\n<tbody>\n<tr>\n<td><a href=\"https:\/\/gyg.me\/N5xnhBuO\" target=\"_blank\" rel=\"nofollow noopener\" style=\"outline: none;\" data-lt-tmp-id=\"lt-163467\" spellcheck=\"false\">Disneyland\u00ae 2\/3\/4-Tagesticket<\/a><\/td>\n<\/tr>\n<\/tbody>\n<\/table>\n<p dir=\"ltr\">Tauchen Sie mit diesem flexiblen Mehrtagesticket in das Wunder von Disneyland\u00ae Paris ein. Verbringen Sie 2, 3 oder 4 Tage damit, die Magie des Disneyland\u00ae Parks und der Walt Disney Studios\u00ae zu erkunden.<\/p>\n<h3 style=\"\">Gesamtpreis<\/h3>\n<h3 style=\"\">Ihr Konto wird noch nicht belastet.<\/h3>\n<\/p>\n<h2><a href=\"https:\/\/www.tiqets.com\/en\/marne-la-vallee-attractions-c702\/tickets-for-disneyland-paris-single-day-ticket-p975463\/?partner=paristouristinformation&amp;tq_campaign=DisneylandParisGttd\" target=\"_blank\" rel=\"nofollow noopener\" style=\"outline: none;\" data-lt-tmp-id=\"lt-708889\" spellcheck=\"false\">Zur Buchung<\/a><span style=\"font-weight: normal;\"><\/span><\/h2>\n<p><strong style=\"outline: currentcolor;\"><a href=\"https:\/\/www.tiqets.com\/en\/marne-la-vallee-attractions-c702\/tickets-for-disneyland-paris-single-day-ticket-p975463\/?partner=paristouristinformation&amp;tq_campaign=DisneylandParisGttd\" target=\"_blank\" rel=\"nofollow noopener\" data-lt-tmp-id=\"lt-697306\" spellcheck=\"false\" style=\"outline: none;\">Ab 64 \u20ac<\/a><\/strong><\/p>\n<p style=\"\">Ihr Konto wird noch nicht belastet.<\/p>\n","protected":false},"excerpt":{"rendered":"<p>Disneyland\u00ae Paris: 1-Tages-Ticket Zur Buchung Ab 64 \u20ac Erleben Sie die bezaubernde Welt von Disneyland\u00ae Paris mit einem Tagesticket, das Ihnen Zugang zu zwei legend\u00e4ren Parks gew\u00e4hrt : Disneyland\u00ae Park und Walt Disney Studios\u00ae Park. Tauchen Sie ein in aufregende Attraktionen, treffen Sie beliebte Disney\u00ae-Figuren und erkunden Sie Themenl\u00e4nder voller Magie. Handverlesenes Ticket Sofortige Best\u00e4tigung [&hellip;]<\/p>\n","protected":false},"author":11,"featured_media":13620,"parent":0,"menu_order":0,"comment_status":"closed","ping_status":"closed","template":"","meta":{"footnotes":""},"tags":[69],"class_list":["post-13558","page","type-page","status-publish","has-post-thumbnail","hentry","tag-sales-pages","post-wrapper","thrv_wrapper"],"wp-worthy-pixel":{"ignored":false,"public":null,"server":null,"url":null},"wp-worthy-type":"normal","_links":{"self":[{"href":"https:\/\/www.paristouristinformation.fr\/de\/wp-json\/wp\/v2\/pages\/13558","targetHints":{"allow":["GET"]}}],"collection":[{"href":"https:\/\/www.paristouristinformation.fr\/de\/wp-json\/wp\/v2\/pages"}],"about":[{"href":"https:\/\/www.paristouristinformation.fr\/de\/wp-json\/wp\/v2\/types\/page"}],"author":[{"embeddable":true,"href":"https:\/\/www.paristouristinformation.fr\/de\/wp-json\/wp\/v2\/users\/11"}],"replies":[{"embeddable":true,"href":"https:\/\/www.paristouristinformation.fr\/de\/wp-json\/wp\/v2\/comments?post=13558"}],"version-history":[{"count":21,"href":"https:\/\/www.paristouristinformation.fr\/de\/wp-json\/wp\/v2\/pages\/13558\/revisions"}],"predecessor-version":[{"id":14400,"href":"https:\/\/www.paristouristinformation.fr\/de\/wp-json\/wp\/v2\/pages\/13558\/revisions\/14400"}],"wp:featuredmedia":[{"embeddable":true,"href":"https:\/\/www.paristouristinformation.fr\/de\/wp-json\/wp\/v2\/media\/13620"}],"wp:attachment":[{"href":"https:\/\/www.paristouristinformation.fr\/de\/wp-json\/wp\/v2\/media?parent=13558"}],"wp:term":[{"taxonomy":"post_tag","embeddable":true,"href":"https:\/\/www.paristouristinformation.fr\/de\/wp-json\/wp\/v2\/tags?post=13558"}],"curies":[{"name":"wp","href":"https:\/\/api.w.org\/{rel}","templated":true}]}}