{"id":13597,"date":"2024-09-19T10:37:09","date_gmt":"2024-09-19T10:37:09","guid":{"rendered":"https:\/\/www.paristouristinformation.fr\/de\/?page_id=13597"},"modified":"2026-04-16T14:28:34","modified_gmt":"2026-04-16T14:28:34","slug":"disneyland-paris-tickets-sonderangebot","status":"publish","type":"page","link":"https:\/\/www.paristouristinformation.fr\/de\/disneyland-paris-tickets-sonderangebot\/","title":{"rendered":"Disneyland\u00ae Paris Tickets f\u00fcr 1\u00a0Tag"},"content":{"rendered":"<p><span><img decoding=\"async\" alt=\"\" data-id=\"13339\" width=\"1406\" height=\"850\" title=\"Disneyland\u00ae Paris 1-Tages-Tickets (Sonderangebot) 2\" src=\"https:\/\/www.paristouristinformation.fr\/de\/wp-content\/uploads\/2024\/09\/Disneyland\u00ae-Paris-1-Day-Tickets-Special-Offer-2-1024x619-2.png\" data-src=\"https:\/\/www.paristouristinformation.fr\/de\/wp-content\/uploads\/2024\/09\/Disneyland\u00ae-Paris-1-Day-Tickets-Special-Offer-2-300x181-2.png\" loading=\"lazy\" data-sizes=\"{&quot;thumbnail&quot;:{&quot;url&quot;:&quot;https:\/\/www.paristouristinformation.fr\/de\/wp-content\/uploads\/2024\/09\/Disneyland\u00ae-Paris-1-Day-Tickets-Special-Offer-2-333x205-2.png&quot;,&quot;height&quot;:205,&quot;width&quot;:333,&quot;orientation&quot;:&quot;landscape&quot;},&quot;medium&quot;:{&quot;url&quot;:&quot;https:\/\/www.paristouristinformation.fr\/de\/wp-content\/uploads\/2024\/09\/Disneyland\u00ae-Paris-1-Day-Tickets-Special-Offer-2-300x181-2.png&quot;,&quot;height&quot;:181,&quot;width&quot;:300,&quot;orientation&quot;:&quot;landscape&quot;},&quot;large&quot;:{&quot;url&quot;:&quot;https:\/\/www.paristouristinformation.fr\/de\/wp-content\/uploads\/2024\/09\/Disneyland\u00ae-Paris-1-Day-Tickets-Special-Offer-2-1024x619-2.png&quot;,&quot;height&quot;:619,&quot;width&quot;:1024,&quot;orientation&quot;:&quot;landscape&quot;},&quot;full&quot;:{&quot;url&quot;:&quot;https:\/\/www.paristouristinformation.fr\/de\/wp-content\/uploads\/2024\/09\/Disneyland\u00ae-Paris-1-Day-Tickets-Special-Offer-2-1.png&quot;,&quot;height&quot;:850,&quot;width&quot;:1406,&quot;orientation&quot;:&quot;landscape&quot;}}\"><\/span><span><img decoding=\"async\" alt=\"\" data-id=\"13337\" width=\"1462\" height=\"850\" title=\"Disneyland\u00ae Paris 1-Tagestickets (Sonderangebot) 1\" src=\"https:\/\/www.paristouristinformation.fr\/de\/wp-content\/uploads\/2024\/09\/Disneyland\u00ae-Paris-1-Day-Tickets-Special-Offer-1-1024x595-2.png\" data-src=\"https:\/\/www.paristouristinformation.fr\/de\/wp-content\/uploads\/2024\/09\/Disneyland\u00ae-Paris-1-Day-Tickets-Special-Offer-1-300x174-2.png\" loading=\"lazy\" data-sizes=\"{&quot;thumbnail&quot;:{&quot;url&quot;:&quot;https:\/\/www.paristouristinformation.fr\/de\/wp-content\/uploads\/2024\/09\/Disneyland\u00ae-Paris-1-Day-Tickets-Special-Offer-1-333x205-2.png&quot;,&quot;height&quot;:205,&quot;width&quot;:333,&quot;orientation&quot;:&quot;landscape&quot;},&quot;medium&quot;:{&quot;url&quot;:&quot;https:\/\/www.paristouristinformation.fr\/de\/wp-content\/uploads\/2024\/09\/Disneyland\u00ae-Paris-1-Day-Tickets-Special-Offer-1-300x174-2.png&quot;,&quot;height&quot;:174,&quot;width&quot;:300,&quot;orientation&quot;:&quot;landscape&quot;},&quot;large&quot;:{&quot;url&quot;:&quot;https:\/\/www.paristouristinformation.fr\/de\/wp-content\/uploads\/2024\/09\/Disneyland\u00ae-Paris-1-Day-Tickets-Special-Offer-1-1024x595-2.png&quot;,&quot;height&quot;:595,&quot;width&quot;:1024,&quot;orientation&quot;:&quot;landscape&quot;},&quot;full&quot;:{&quot;url&quot;:&quot;https:\/\/www.paristouristinformation.fr\/de\/wp-content\/uploads\/2024\/09\/Disneyland\u00ae-Paris-1-Day-Tickets-Special-Offer-1-1.png&quot;,&quot;height&quot;:850,&quot;width&quot;:1462,&quot;orientation&quot;:&quot;landscape&quot;}}\"><\/span><span><img decoding=\"async\" alt=\"\" data-id=\"13335\" width=\"1400\" height=\"834\" title=\"Disneyland\u00ae Paris 1-Tages-Tickets (Sonderangebot) 3\" src=\"https:\/\/www.paristouristinformation.fr\/de\/wp-content\/uploads\/2024\/09\/Disneyland\u00ae-Paris-1-Day-Tickets-Special-Offer-3-1024x610-2.png\" data-src=\"https:\/\/www.paristouristinformation.fr\/de\/wp-content\/uploads\/2024\/09\/Disneyland\u00ae-Paris-1-Day-Tickets-Special-Offer-3-300x179-2.png\" loading=\"lazy\" data-sizes=\"{&quot;thumbnail&quot;:{&quot;url&quot;:&quot;https:\/\/www.paristouristinformation.fr\/de\/wp-content\/uploads\/2024\/09\/Disneyland\u00ae-Paris-1-Day-Tickets-Special-Offer-3-333x205-2.png&quot;,&quot;height&quot;:205,&quot;width&quot;:333,&quot;orientation&quot;:&quot;landscape&quot;},&quot;medium&quot;:{&quot;url&quot;:&quot;https:\/\/www.paristouristinformation.fr\/de\/wp-content\/uploads\/2024\/09\/Disneyland\u00ae-Paris-1-Day-Tickets-Special-Offer-3-300x179-2.png&quot;,&quot;height&quot;:179,&quot;width&quot;:300,&quot;orientation&quot;:&quot;landscape&quot;},&quot;large&quot;:{&quot;url&quot;:&quot;https:\/\/www.paristouristinformation.fr\/de\/wp-content\/uploads\/2024\/09\/Disneyland\u00ae-Paris-1-Day-Tickets-Special-Offer-3-1024x610-2.png&quot;,&quot;height&quot;:610,&quot;width&quot;:1024,&quot;orientation&quot;:&quot;landscape&quot;},&quot;full&quot;:{&quot;url&quot;:&quot;https:\/\/www.paristouristinformation.fr\/de\/wp-content\/uploads\/2024\/09\/Disneyland\u00ae-Paris-1-Day-Tickets-Special-Offer-3-1.png&quot;,&quot;height&quot;:834,&quot;width&quot;:1400,&quot;orientation&quot;:&quot;landscape&quot;}}\"><\/span><span><img decoding=\"async\" alt=\"\" data-id=\"13336\" width=\"1428\" height=\"846\" title=\"Disneyland\u00ae Paris 1-Tagestickets (Sonderangebot) 4\" src=\"https:\/\/www.paristouristinformation.fr\/de\/wp-content\/uploads\/2024\/09\/Disneyland\u00ae-Paris-1-Day-Tickets-Special-Offer-4-1024x607-2.png\" data-src=\"https:\/\/www.paristouristinformation.fr\/de\/wp-content\/uploads\/2024\/09\/Disneyland\u00ae-Paris-1-Day-Tickets-Special-Offer-4-300x178-2.png\" loading=\"lazy\" data-sizes=\"{&quot;thumbnail&quot;:{&quot;url&quot;:&quot;https:\/\/www.paristouristinformation.fr\/de\/wp-content\/uploads\/2024\/09\/Disneyland\u00ae-Paris-1-Day-Tickets-Special-Offer-4-333x205-2.png&quot;,&quot;height&quot;:205,&quot;width&quot;:333,&quot;orientation&quot;:&quot;landscape&quot;},&quot;medium&quot;:{&quot;url&quot;:&quot;https:\/\/www.paristouristinformation.fr\/de\/wp-content\/uploads\/2024\/09\/Disneyland\u00ae-Paris-1-Day-Tickets-Special-Offer-4-300x178-2.png&quot;,&quot;height&quot;:178,&quot;width&quot;:300,&quot;orientation&quot;:&quot;landscape&quot;},&quot;large&quot;:{&quot;url&quot;:&quot;https:\/\/www.paristouristinformation.fr\/de\/wp-content\/uploads\/2024\/09\/Disneyland\u00ae-Paris-1-Day-Tickets-Special-Offer-4-1024x607-2.png&quot;,&quot;height&quot;:607,&quot;width&quot;:1024,&quot;orientation&quot;:&quot;landscape&quot;},&quot;full&quot;:{&quot;url&quot;:&quot;https:\/\/www.paristouristinformation.fr\/de\/wp-content\/uploads\/2024\/09\/Disneyland\u00ae-Paris-1-Day-Tickets-Special-Offer-4-1.png&quot;,&quot;height&quot;:846,&quot;width&quot;:1428,&quot;orientation&quot;:&quot;landscape&quot;}}\"><\/span><span><img decoding=\"async\" alt=\"\" data-id=\"13334\" width=\"1366\" height=\"924\" title=\"Disneyland\u00ae Paris 1-Tagestickets (Sonderangebot) 6\" src=\"https:\/\/www.paristouristinformation.fr\/de\/wp-content\/uploads\/2024\/09\/Disneyland\u00ae-Paris-1-Day-Tickets-Special-Offer-6-1024x693-2.png\" data-src=\"https:\/\/www.paristouristinformation.fr\/de\/wp-content\/uploads\/2024\/09\/Disneyland\u00ae-Paris-1-Day-Tickets-Special-Offer-6-300x203-2.png\" loading=\"lazy\" data-sizes=\"{&quot;thumbnail&quot;:{&quot;url&quot;:&quot;https:\/\/www.paristouristinformation.fr\/de\/wp-content\/uploads\/2024\/09\/Disneyland\u00ae-Paris-1-Day-Tickets-Special-Offer-6-333x205-2.png&quot;,&quot;height&quot;:205,&quot;width&quot;:333,&quot;orientation&quot;:&quot;landscape&quot;},&quot;medium&quot;:{&quot;url&quot;:&quot;https:\/\/www.paristouristinformation.fr\/de\/wp-content\/uploads\/2024\/09\/Disneyland\u00ae-Paris-1-Day-Tickets-Special-Offer-6-300x203-2.png&quot;,&quot;height&quot;:203,&quot;width&quot;:300,&quot;orientation&quot;:&quot;landscape&quot;},&quot;large&quot;:{&quot;url&quot;:&quot;https:\/\/www.paristouristinformation.fr\/de\/wp-content\/uploads\/2024\/09\/Disneyland\u00ae-Paris-1-Day-Tickets-Special-Offer-6-1024x693-2.png&quot;,&quot;height&quot;:693,&quot;width&quot;:1024,&quot;orientation&quot;:&quot;landscape&quot;},&quot;full&quot;:{&quot;url&quot;:&quot;https:\/\/www.paristouristinformation.fr\/de\/wp-content\/uploads\/2024\/09\/Disneyland\u00ae-Paris-1-Day-Tickets-Special-Offer-6-1.png&quot;,&quot;height&quot;:924,&quot;width&quot;:1366,&quot;orientation&quot;:&quot;landscape&quot;}}\"><\/span><span><img decoding=\"async\" alt=\"\" data-id=\"13338\" width=\"1306\" height=\"840\" title=\"Disneyland\u00ae Paris 1-Tagestickets (Sonderangebot) 5\" src=\"https:\/\/www.paristouristinformation.fr\/de\/wp-content\/uploads\/2024\/09\/Disneyland\u00ae-Paris-1-Day-Tickets-Special-Offer-5-1024x659-2.png\" data-src=\"https:\/\/www.paristouristinformation.fr\/de\/wp-content\/uploads\/2024\/09\/Disneyland\u00ae-Paris-1-Day-Tickets-Special-Offer-5-300x193-2.png\" loading=\"lazy\" data-sizes=\"{&quot;thumbnail&quot;:{&quot;url&quot;:&quot;https:\/\/www.paristouristinformation.fr\/de\/wp-content\/uploads\/2024\/09\/Disneyland\u00ae-Paris-1-Day-Tickets-Special-Offer-5-333x205-2.png&quot;,&quot;height&quot;:205,&quot;width&quot;:333,&quot;orientation&quot;:&quot;landscape&quot;},&quot;medium&quot;:{&quot;url&quot;:&quot;https:\/\/www.paristouristinformation.fr\/de\/wp-content\/uploads\/2024\/09\/Disneyland\u00ae-Paris-1-Day-Tickets-Special-Offer-5-300x193-2.png&quot;,&quot;height&quot;:193,&quot;width&quot;:300,&quot;orientation&quot;:&quot;landscape&quot;},&quot;large&quot;:{&quot;url&quot;:&quot;https:\/\/www.paristouristinformation.fr\/de\/wp-content\/uploads\/2024\/09\/Disneyland\u00ae-Paris-1-Day-Tickets-Special-Offer-5-1024x659-2.png&quot;,&quot;height&quot;:659,&quot;width&quot;:1024,&quot;orientation&quot;:&quot;landscape&quot;},&quot;full&quot;:{&quot;url&quot;:&quot;https:\/\/www.paristouristinformation.fr\/de\/wp-content\/uploads\/2024\/09\/Disneyland\u00ae-Paris-1-Day-Tickets-Special-Offer-5-1.png&quot;,&quot;height&quot;:840,&quot;width&quot;:1306,&quot;orientation&quot;:&quot;landscape&quot;}}\"><\/span><\/p>\n<h1 data-qa-marker=\"product-name\" style=\"\">Disneyland\u00ae Paris Tickets f\u00fcr 1 Tag&nbsp;<\/h1>\n<h2><a href=\"https:\/\/www.headout.com\/r\/most-amazing-placesrecommends-5oaCo\/\" target=\"_blank\" rel=\"nofollow noopener\" style=\"outline: none;\"><\/a><a href=\"https:\/\/www.headout.com\/de\/disneyland-paris-tickets\/disneyland-paris-1-tagesticket-e-10209\/?affiliate_code=KXkQ69&amp;utm_campaign=paristidedisneylandsp&amp;utm_content=link&amp;utm_medium=affiliate&amp;utm_source=most_amazing_places\" rel=\"nofollow noopener\" target=\"_blank\" style=\"outline: none;\">Zur Buchung<\/a>&nbsp;<\/h2>\n<h1><a href=\"https:\/\/www.headout.com\/de\/disneyland-paris-tickets\/disneyland-paris-1-tagesticket-e-10209\/?affiliate_code=KXkQ69&amp;utm_campaign=paristidedisneylandsp&amp;utm_content=link&amp;utm_medium=affiliate&amp;utm_source=most_amazing_places\" target=\"_blank\" rel=\"nofollow noopener\" style=\"outline: none;\" spellcheck=\"false\"><strong>Ab 58 \u20ac<\/strong><\/a><\/h1>\n<p>Tauchen Sie in die magische Welt von Disneyland\u00ae Paris mit einem&nbsp;<strong>Tagesticket ein, das Ihnen&nbsp;<\/strong><strong>Zutritt zum Disneyland\u00ae Park und zum Walt Disney Studios\u00ae Park<\/strong>&nbsp;gew\u00e4hrt. Genie\u00dfen Sie aufregende Attraktionen, treffen Sie Ihre Lieblingsfiguren von Disney\u00ae und entdecken Sie zauberhafte Themenl\u00e4nder.<\/p>\n<ul>\n<li style=\"\"><span>Handverlesenes Ticket&nbsp;<\/span><\/li>\n<li style=\"\"><span>Mobiles Ticket oder ausgedruckter Voucher akzeptiert<\/span><\/li>\n<li style=\"\">                    <span>Sofortige Best\u00e4tigung per E-Mail<\/span><\/li>\n<li style=\"\"><span>Kostenlose Stornierung<\/span><\/li>\n<\/ul>\n<h2>Inbegriffen<\/h2>\n<ul>\n<li style=\"\">                    <span>Eintritt zum Disneyland\u00ae Paris<br \/><\/span><\/li>\n<li><span>1-t\u00e4giger Zugang zum Disneyland\u00ae Park und\/oder Walt Disney Studios\u00ae Park (je nach gew\u00e4hlter Option)<br \/><\/span><\/li>\n<li><span>Zugang zum Marvel Avengers Campus im Walt Disney Studios\u00ae Park<br \/><\/span><\/li>\n<li><span>Zugang zu Indoor- und Outdoor-Shows im ausgew\u00e4hlten Park (je nach Verf\u00fcgbarkeit)<br \/><\/span><\/li>\n<li><span>Abholung mit dem Disney\u00ae-Shuttle in der N\u00e4he des Eiffelturms (optional)<br \/><\/span><\/li>\n<\/ul>\n<h2>Nicht inbegriffen<\/h2>\n<ul>\n<li style=\"\"><span>\u00dcberspringen Sie die Warteschlange an den Attraktionen<\/span><\/li>\n<li style=\"\"><span>Pers\u00f6nliche Ausgaben<\/span><\/li>\n<\/ul>\n<h2>Wichtige Informationen<\/h2>\n<ul>\n<li style=\"\"><span>Bitte bringen Sie einen g\u00fcltigen Lichtbildausweis mit.<\/span><\/li>\n<li><span>Tickets sind nicht \u00fcbertragbar und Namen k\u00f6nnen nach der Buchung nicht mehr ge\u00e4ndert werden.<\/span><\/li>\n<li><span>Kinder unter 12 Jahren m\u00fcssen von einem Erwachsenen begleitet werden.<\/span><\/li>\n<li><span>Die \u00d6ffnungszeiten des Parks k\u00f6nnen variieren. Informieren Sie sich daher vor Ihrem Besuch unbedingt auf der offiziellen Website.<\/span><\/li>\n<li><span>Erlaubt sind lediglich Blindenhunde, andere Tiere sind nicht gestattet.<\/span><\/li>\n<li><span>Der Park ist f\u00fcr Rollstuhlfahrer zug\u00e4nglich.<\/span><\/li>\n<\/ul>\n<h2>Beschreibung:<\/h2>\n<p>Entdecken Sie die Magie von Disneyland\u00ae mit diesem Sonderangebot f\u00fcr eine Tageskarte f\u00fcr Disneyland\u00ae Paris. Ob Sie auf der Suche nach Abenteuern sind oder von bezaubernden Geschichten gefesselt sind, sowohl der Disneyland\u00ae Park als auch der Walt Disney Studios\u00ae Park bieten au\u00dfergew\u00f6hnliche Erlebnisse. Genie\u00dfen Sie aufregende Fahrten, spektakul\u00e4re Shows und tauchen Sie ein in die Welt von Disney\u00ae.&nbsp;<\/p>\n<h2>H\u00f6hepunkte:<\/h2>\n<ul>\n<li>Entdecken Sie die faszinierenden Themenbereiche von Disneyland\u00ae Paris mit einem praktischen Tagesticket, mit dem Sie die ganze Magie bei einem Besuch erleben k\u00f6nnen.<\/li>\n<li>Genie\u00dfen Sie exklusive Meet-and-Greet-M\u00f6glichkeiten mit beliebten Disney\u00ae-Figuren und lassen Sie sich von atemberaubenden Live-Shows verzaubern, die die Magie zum Leben erwecken.<\/li>\n<li>Erkunden Sie entweder den Disneyland\u00ae Park oder den Walt Disney Studios\u00ae Park oder machen Sie das Beste aus Ihrem Tag, indem Sie die Attraktionen und Erlebnisse in beiden Parks genie\u00dfen.<\/li>\n<li>Verpassen Sie nicht den epischen Marvel Avengers Campus im Walt Disney Studios\u00ae Park, wo Sie in die aufregende Welt Ihrer Lieblingssuperhelden eintauchen k\u00f6nnen.<\/li>\n<li>Dieses Sonderangebot ist perfekt f\u00fcr Familien und Freunde und sorgt f\u00fcr unvergessliche Erinnerungen, die ein Leben lang halten.<\/li>\n<\/ul>\n<h2>Disneyland Paris<\/h2>\n<p dir=\"ltr\">Bd de Parc, 77700 Coupvray, Frankreich<\/p>\n<h2>Stornierungsbedingungen<\/h2>\n<p dir=\"ltr\">Sie k\u00f6nnen bis zu 72 Stunden vor Beginn des Erlebnisses stornieren und erhalten eine volle R\u00fcckerstattung.<\/p>\n<h2>Treffpunkt &amp; Anweisungen<\/h2>\n<p dir=\"ltr\">Zeigen Sie Ihren mobilen Voucher mit einem g\u00fcltigen Lichtbildausweis im Disneyland\u00ae Paris, Bd de Parc, 77700 Coupvray, Frankreich, vor.<\/p>\n<p><a href=\"https:\/\/www.google.com\/maps\/place\/Disneyland+Paris\/@48.8673317,2.7833425,18.46z\/data=!4m6!3m5!1s0x47e61d19ca7ae2bd:0x57faf8cb6310e660!8m2!3d48.8673858!4d2.783593!16s%2Fg%2F1211qgxn?entry=tts&amp;g_ep=EgoyMDI0MDUyNy4yKgBIAVAD\" style=\"outline: none;\" data-lt-tmp-id=\"lt-493778\" spellcheck=\"false\" target=\"_blank\" rel=\"nofollow noopener\">In Google Maps \u00f6ffnen<\/a><\/p>\n<h2>Bewertungen<\/h2>\n<p><strong>4.3\/ 5&nbsp; <\/strong><strong>(23200 Bewertungen)<\/strong><\/p>\n<p dir=\"ltr\"><em>\u201eDas gesamte Buchungserlebnis ist nahtlos und einfach, ebenso wie der Eintritt in die Parks. Wir kamen an einem Tag mehrmals ohne Probleme in beiden Parks an. Die Themenparks sind beide fantastisch und wir hatten dort eine unvergessliche Zeit. Ich kann es kaum erwarten, wiederzukommen!\u201c<\/em> Chun, September 2024 [Quelle: Headout] <a href=\"https:\/\/www.headout.com\/de\/disneyland-paris-tickets\/disneyland-paris-1-tagesticket-e-10209\/?affiliate_code=KXkQ69&amp;utm_campaign=paristidedisneylandsp&amp;utm_content=link&amp;utm_medium=affiliate&amp;utm_source=most_amazing_places\" target=\"_blank\" rel=\"nofollow noopener\" data-lt-tmp-id=\"lt-751051\" spellcheck=\"false\" style=\"outline: none;\">&gt;&gt; Weitere Bewertungen anzeigen<\/a><\/p>\n<h2><a href=\"https:\/\/www.headout.com\/de\/disneyland-paris-tickets\/disneyland-paris-1-tagesticket-e-10209\/?affiliate_code=KXkQ69&amp;utm_campaign=paristidedisneylandsp&amp;utm_content=link&amp;utm_medium=affiliate&amp;utm_source=most_amazing_places\" target=\"_blank\" rel=\"nofollow noopener\" style=\"outline: none;\" data-lt-tmp-id=\"lt-122605\" spellcheck=\"false\"> Zur Buchung<\/a><span style=\"font-weight: normal;\"><\/span><\/h2>\n<p style=\"\"><strong style=\"outline: currentcolor;\"><a href=\"https:\/\/www.headout.com\/de\/disneyland-paris-tickets\/disneyland-paris-1-tagesticket-e-10209\/?affiliate_code=KXkQ69&amp;utm_campaign=paristidedisneylandsp&amp;utm_content=link&amp;utm_medium=affiliate&amp;utm_source=most_amazing_places\" target=\"_blank\" rel=\"nofollow noopener\" style=\"outline: none;\" data-lt-tmp-id=\"lt-775931\" spellcheck=\"false\">58,00 \u20ac&nbsp;<\/a><\/strong><\/p>\n<p style=\"\">Ihr Konto wird noch nicht belastet.<\/p>\n<h2>Weitere Aktivit\u00e4ten, die Ihnen gefallen k\u00f6nnten<\/h2>\n<p><span># <\/span><strong><span>2<\/span><\/strong><span># <\/span><strong><span>2<\/span><\/strong><span><img decoding=\"async\" alt=\"\" data-id=\"13808\" width=\"159\" data-init-width=\"1600\" height=\"159\" data-init-height=\"1600\" title=\"Disneyland\u00ae Paris \u2013 Eintritt + Transport ab Paris\" loading=\"lazy\" src=\"https:\/\/paristouristinformation.fr\/wp-content\/uploads\/2024\/09\/Disneyland\u00ae-Paris-Admission-Transport-from-Paris.avif\" data-width=\"159\" data-height=\"159\" style=\"aspect-ratio: auto 1600 \/ 1600;\"><\/span><\/p>\n<table>\n<tbody>\n<tr>\n<td><a href=\"https:\/\/www.tiqets.com\/en\/checkout\/disneyland-r-paris-admission-transport-from-paris-g1064673\/?partner=paristouristinformation&amp;tq_campaign=DisneylandParisGttd2\" target=\"_blank\" rel=\"nofollow noopener\" style=\"outline: none;\" data-lt-tmp-id=\"lt-22426\" spellcheck=\"false\">Disneyland\u00ae Paris: Eintritt + Transport ab Paris<\/a><\/td>\n<\/tr>\n<\/tbody>\n<\/table>\n<p>Erleben Sie die Magie von Disneyland\u00ae Paris mit dem m\u00fchelosen Hin- und R\u00fccktransport ab Paris und tauchen Sie direkt in einen Tag voller Abenteuer und Zauber in beiden Disney\u00ae-Parks ein.<\/p>\n<h3 style=\"\">Gesamtpreis<\/h3>\n<h3 style=\"\">Ihr Konto wird noch nicht belastet.<br \/><\/h3>\n<p><span># <\/span><strong><span>2<\/span><\/strong><span><img decoding=\"async\" alt=\"\" data-id=\"13332\" width=\"159\" data-init-width=\"1185\" height=\"83\" data-init-height=\"616\" title=\"Disneyland\u00ae 2:3:4-Tagesticket\" loading=\"lazy\" src=\"https:\/\/www.paristouristinformation.fr\/de\/wp-content\/uploads\/2024\/09\/Disneyland\u00ae-234-Day-Ticket-1.jpg\" data-width=\"159\" data-height=\"83\" style=\"aspect-ratio: auto 1185 \/ 616;\"><\/span><\/p>\n<table>\n<tbody>\n<tr>\n<td><a href=\"https:\/\/gyg.me\/N5xnhBuO\" target=\"_blank\" rel=\"nofollow noopener\" style=\"outline: none;\" data-lt-tmp-id=\"lt-163467\" spellcheck=\"false\">Disneyland\u00ae 2\/3\/4-Tagesticket<\/a><\/td>\n<\/tr>\n<\/tbody>\n<\/table>\n<p dir=\"ltr\">Tauchen Sie mit diesem flexiblen Mehrtagesticket in das Wunder von Disneyland\u00ae Paris ein. Verbringen Sie 2, 3 oder 4 Tage damit, die Magie des Disneyland\u00ae Parks und der Walt Disney Studios\u00ae zu erkunden.<\/p>\n<h3 style=\"\">Gesamtpreis<\/h3>\n<h3 style=\"\">Ihr Konto wird noch nicht belastet.<br \/><\/h3>\n<p><\/p>\n<h2><a href=\"https:\/\/www.headout.com\/r\/most-amazing-placesrecommends-5oaCo\/\" target=\"_blank\" rel=\"nofollow noopener\" style=\"outline: none;\" data-lt-tmp-id=\"lt-708889\" spellcheck=\"false\"><\/a><a href=\"https:\/\/www.headout.com\/de\/disneyland-paris-tickets\/disneyland-paris-1-tagesticket-e-10209\/?affiliate_code=KXkQ69&amp;utm_campaign=paristidedisneylandsp&amp;utm_content=link&amp;utm_medium=affiliate&amp;utm_source=most_amazing_places\" rel=\"nofollow noopener\" target=\"_blank\" style=\"outline: none;\" spellcheck=\"false\">Zur Buchung<\/a><span style=\"font-weight: normal;\"><\/span><\/h2>\n<p style=\"\"><a href=\"https:\/\/www.headout.com\/de\/disneyland-paris-tickets\/disneyland-paris-1-tagesticket-e-10209\/?affiliate_code=KXkQ69&amp;utm_campaign=paristidedisneylandsp&amp;utm_content=link&amp;utm_medium=affiliate&amp;utm_source=most_amazing_places\" target=\"_blank\" rel=\"nofollow noopener\" style=\"outline: none;\" spellcheck=\"false\">Ab 58,00 \u20ac<\/a><\/p>\n<p style=\"\">Ihr Konto wird noch nicht belastet.<\/p>\n","protected":false},"excerpt":{"rendered":"<p>Disneyland\u00ae Paris Tickets f\u00fcr 1 Tag&nbsp; Zur Buchung&nbsp; Ab 58 \u20ac Tauchen Sie in die magische Welt von Disneyland\u00ae Paris mit einem&nbsp;Tagesticket ein, das Ihnen&nbsp;Zutritt zum Disneyland\u00ae Park und zum Walt Disney Studios\u00ae Park&nbsp;gew\u00e4hrt. Genie\u00dfen Sie aufregende Attraktionen, treffen Sie Ihre Lieblingsfiguren von Disney\u00ae und entdecken Sie zauberhafte Themenl\u00e4nder. Handverlesenes Ticket&nbsp; Mobiles Ticket oder ausgedruckter [&hellip;]<\/p>\n","protected":false},"author":11,"featured_media":13624,"parent":0,"menu_order":0,"comment_status":"closed","ping_status":"closed","template":"","meta":{"footnotes":""},"tags":[69],"class_list":["post-13597","page","type-page","status-publish","has-post-thumbnail","hentry","tag-sales-pages","post-wrapper","thrv_wrapper"],"wp-worthy-pixel":{"ignored":false,"public":null,"server":null,"url":null},"wp-worthy-type":"normal","_links":{"self":[{"href":"https:\/\/www.paristouristinformation.fr\/de\/wp-json\/wp\/v2\/pages\/13597","targetHints":{"allow":["GET"]}}],"collection":[{"href":"https:\/\/www.paristouristinformation.fr\/de\/wp-json\/wp\/v2\/pages"}],"about":[{"href":"https:\/\/www.paristouristinformation.fr\/de\/wp-json\/wp\/v2\/types\/page"}],"author":[{"embeddable":true,"href":"https:\/\/www.paristouristinformation.fr\/de\/wp-json\/wp\/v2\/users\/11"}],"replies":[{"embeddable":true,"href":"https:\/\/www.paristouristinformation.fr\/de\/wp-json\/wp\/v2\/comments?post=13597"}],"version-history":[{"count":20,"href":"https:\/\/www.paristouristinformation.fr\/de\/wp-json\/wp\/v2\/pages\/13597\/revisions"}],"predecessor-version":[{"id":16024,"href":"https:\/\/www.paristouristinformation.fr\/de\/wp-json\/wp\/v2\/pages\/13597\/revisions\/16024"}],"wp:featuredmedia":[{"embeddable":true,"href":"https:\/\/www.paristouristinformation.fr\/de\/wp-json\/wp\/v2\/media\/13624"}],"wp:attachment":[{"href":"https:\/\/www.paristouristinformation.fr\/de\/wp-json\/wp\/v2\/media?parent=13597"}],"wp:term":[{"taxonomy":"post_tag","embeddable":true,"href":"https:\/\/www.paristouristinformation.fr\/de\/wp-json\/wp\/v2\/tags?post=13597"}],"curies":[{"name":"wp","href":"https:\/\/api.w.org\/{rel}","templated":true}]}}