{"id":13634,"date":"2024-09-19T10:40:11","date_gmt":"2024-09-19T10:40:11","guid":{"rendered":"https:\/\/www.paristouristinformation.fr\/de\/?page_id=13634"},"modified":"2026-04-13T07:55:12","modified_gmt":"2026-04-13T07:55:12","slug":"eiffelturm-ticket","status":"publish","type":"page","link":"https:\/\/www.paristouristinformation.fr\/de\/eiffelturm-ticket\/","title":{"rendered":"Eiffelturm-Aufzugstickets mit Gastgeber zur Spitze oder zur zweiten Etage"},"content":{"rendered":"<p><span><img decoding=\"async\" alt=\"\" data-id=\"13358\" width=\"1234\" height=\"798\" title=\"Keine Warteschlangen: Eiffelturm mit optionalem Zugang zur Spitze mit Lift 1\" src=\"https:\/\/www.paristouristinformation.fr\/de\/wp-content\/uploads\/2024\/09\/Skip-The-Line-Eiffel-Tower-with-Optional-Summit-Access-by-Lift-1-1024x662-1.png\" data-src=\"https:\/\/www.paristouristinformation.fr\/de\/wp-content\/uploads\/2024\/09\/Skip-The-Line-Eiffel-Tower-with-Optional-Summit-Access-by-Lift-1-300x194-1.png\" loading=\"lazy\" data-sizes=\"{&quot;thumbnail&quot;:{&quot;url&quot;:&quot;https:\/\/www.paristouristinformation.fr\/de\/wp-content\/uploads\/2024\/09\/Skip-The-Line-Eiffel-Tower-with-Optional-Summit-Access-by-Lift-1-333x205-1.png&quot;,&quot;height&quot;:205,&quot;width&quot;:333,&quot;orientation&quot;:&quot;landscape&quot;},&quot;medium&quot;:{&quot;url&quot;:&quot;https:\/\/www.paristouristinformation.fr\/de\/wp-content\/uploads\/2024\/09\/Skip-The-Line-Eiffel-Tower-with-Optional-Summit-Access-by-Lift-1-300x194-1.png&quot;,&quot;height&quot;:194,&quot;width&quot;:300,&quot;orientation&quot;:&quot;landscape&quot;},&quot;large&quot;:{&quot;url&quot;:&quot;https:\/\/www.paristouristinformation.fr\/de\/wp-content\/uploads\/2024\/09\/Skip-The-Line-Eiffel-Tower-with-Optional-Summit-Access-by-Lift-1-1024x662-1.png&quot;,&quot;height&quot;:662,&quot;width&quot;:1024,&quot;orientation&quot;:&quot;landscape&quot;},&quot;full&quot;:{&quot;url&quot;:&quot;https:\/\/www.paristouristinformation.fr\/de\/wp-content\/uploads\/2024\/09\/Skip-The-Line-Eiffel-Tower-with-Optional-Summit-Access-by-Lift-1.png&quot;,&quot;height&quot;:798,&quot;width&quot;:1234,&quot;orientation&quot;:&quot;landscape&quot;}}\"><\/span><span><img decoding=\"async\" alt=\"\" data-id=\"13359\" width=\"1242\" height=\"778\" title=\"Keine Warteschlangen: Eiffelturm mit optionalem Zugang zur Spitze mit Lift 2\" src=\"https:\/\/www.paristouristinformation.fr\/de\/wp-content\/uploads\/2024\/09\/Skip-The-Line-Eiffel-Tower-with-Optional-Summit-Access-by-Lift-2-1024x641-1.png\" data-src=\"https:\/\/www.paristouristinformation.fr\/de\/wp-content\/uploads\/2024\/09\/Skip-The-Line-Eiffel-Tower-with-Optional-Summit-Access-by-Lift-2-300x188-1.png\" loading=\"lazy\" data-sizes=\"{&quot;thumbnail&quot;:{&quot;url&quot;:&quot;https:\/\/www.paristouristinformation.fr\/de\/wp-content\/uploads\/2024\/09\/Skip-The-Line-Eiffel-Tower-with-Optional-Summit-Access-by-Lift-2-333x205-1.png&quot;,&quot;height&quot;:205,&quot;width&quot;:333,&quot;orientation&quot;:&quot;landscape&quot;},&quot;medium&quot;:{&quot;url&quot;:&quot;https:\/\/www.paristouristinformation.fr\/de\/wp-content\/uploads\/2024\/09\/Skip-The-Line-Eiffel-Tower-with-Optional-Summit-Access-by-Lift-2-300x188-1.png&quot;,&quot;height&quot;:188,&quot;width&quot;:300,&quot;orientation&quot;:&quot;landscape&quot;},&quot;large&quot;:{&quot;url&quot;:&quot;https:\/\/www.paristouristinformation.fr\/de\/wp-content\/uploads\/2024\/09\/Skip-The-Line-Eiffel-Tower-with-Optional-Summit-Access-by-Lift-2-1024x641-1.png&quot;,&quot;height&quot;:641,&quot;width&quot;:1024,&quot;orientation&quot;:&quot;landscape&quot;},&quot;full&quot;:{&quot;url&quot;:&quot;https:\/\/www.paristouristinformation.fr\/de\/wp-content\/uploads\/2024\/09\/Skip-The-Line-Eiffel-Tower-with-Optional-Summit-Access-by-Lift-2.png&quot;,&quot;height&quot;:778,&quot;width&quot;:1242,&quot;orientation&quot;:&quot;landscape&quot;}}\"><\/span><span><img decoding=\"async\" alt=\"\" data-id=\"13360\" width=\"1242\" height=\"802\" title=\"Keine Warteschlangen: Eiffelturm mit optionalem Zugang zur Spitze mit Lift 3\" src=\"https:\/\/www.paristouristinformation.fr\/de\/wp-content\/uploads\/2024\/09\/Skip-The-Line-Eiffel-Tower-with-Optional-Summit-Access-by-Lift-3-1024x661-1.png\" data-src=\"https:\/\/www.paristouristinformation.fr\/de\/wp-content\/uploads\/2024\/09\/Skip-The-Line-Eiffel-Tower-with-Optional-Summit-Access-by-Lift-3-300x194-1.png\" loading=\"lazy\" data-sizes=\"{&quot;thumbnail&quot;:{&quot;url&quot;:&quot;https:\/\/www.paristouristinformation.fr\/de\/wp-content\/uploads\/2024\/09\/Skip-The-Line-Eiffel-Tower-with-Optional-Summit-Access-by-Lift-3-333x205-1.png&quot;,&quot;height&quot;:205,&quot;width&quot;:333,&quot;orientation&quot;:&quot;landscape&quot;},&quot;medium&quot;:{&quot;url&quot;:&quot;https:\/\/www.paristouristinformation.fr\/de\/wp-content\/uploads\/2024\/09\/Skip-The-Line-Eiffel-Tower-with-Optional-Summit-Access-by-Lift-3-300x194-1.png&quot;,&quot;height&quot;:194,&quot;width&quot;:300,&quot;orientation&quot;:&quot;landscape&quot;},&quot;large&quot;:{&quot;url&quot;:&quot;https:\/\/www.paristouristinformation.fr\/de\/wp-content\/uploads\/2024\/09\/Skip-The-Line-Eiffel-Tower-with-Optional-Summit-Access-by-Lift-3-1024x661-1.png&quot;,&quot;height&quot;:661,&quot;width&quot;:1024,&quot;orientation&quot;:&quot;landscape&quot;},&quot;full&quot;:{&quot;url&quot;:&quot;https:\/\/www.paristouristinformation.fr\/de\/wp-content\/uploads\/2024\/09\/Skip-The-Line-Eiffel-Tower-with-Optional-Summit-Access-by-Lift-3.png&quot;,&quot;height&quot;:802,&quot;width&quot;:1242,&quot;orientation&quot;:&quot;landscape&quot;}}\"><\/span><span><img decoding=\"async\" alt=\"\" data-id=\"13361\" width=\"1244\" height=\"812\" title=\"Keine Warteschlangen: Eiffelturm mit optionalem Zugang zur Spitze mit Lift 4\" src=\"https:\/\/www.paristouristinformation.fr\/de\/wp-content\/uploads\/2024\/09\/Skip-The-Line-Eiffel-Tower-with-Optional-Summit-Access-by-Lift-4-1024x668-1.png\" data-src=\"https:\/\/www.paristouristinformation.fr\/de\/wp-content\/uploads\/2024\/09\/Skip-The-Line-Eiffel-Tower-with-Optional-Summit-Access-by-Lift-4-300x196-1.png\" loading=\"lazy\" data-sizes=\"{&quot;thumbnail&quot;:{&quot;url&quot;:&quot;https:\/\/www.paristouristinformation.fr\/de\/wp-content\/uploads\/2024\/09\/Skip-The-Line-Eiffel-Tower-with-Optional-Summit-Access-by-Lift-4-333x205-1.png&quot;,&quot;height&quot;:205,&quot;width&quot;:333,&quot;orientation&quot;:&quot;landscape&quot;},&quot;medium&quot;:{&quot;url&quot;:&quot;https:\/\/www.paristouristinformation.fr\/de\/wp-content\/uploads\/2024\/09\/Skip-The-Line-Eiffel-Tower-with-Optional-Summit-Access-by-Lift-4-300x196-1.png&quot;,&quot;height&quot;:196,&quot;width&quot;:300,&quot;orientation&quot;:&quot;landscape&quot;},&quot;large&quot;:{&quot;url&quot;:&quot;https:\/\/www.paristouristinformation.fr\/de\/wp-content\/uploads\/2024\/09\/Skip-The-Line-Eiffel-Tower-with-Optional-Summit-Access-by-Lift-4-1024x668-1.png&quot;,&quot;height&quot;:668,&quot;width&quot;:1024,&quot;orientation&quot;:&quot;landscape&quot;},&quot;full&quot;:{&quot;url&quot;:&quot;https:\/\/www.paristouristinformation.fr\/de\/wp-content\/uploads\/2024\/09\/Skip-The-Line-Eiffel-Tower-with-Optional-Summit-Access-by-Lift-4.png&quot;,&quot;height&quot;:812,&quot;width&quot;:1244,&quot;orientation&quot;:&quot;landscape&quot;}}\"><\/span><span><img decoding=\"async\" alt=\"\" data-id=\"13357\" width=\"1232\" height=\"814\" title=\"Keine Warteschlangen: Eiffelturm mit optionalem Zugang zur Spitze mit Lift 5\" src=\"https:\/\/www.paristouristinformation.fr\/de\/wp-content\/uploads\/2024\/09\/Skip-The-Line-Eiffel-Tower-with-Optional-Summit-Access-by-Lift-5-1024x677-1.png\" data-src=\"https:\/\/www.paristouristinformation.fr\/de\/wp-content\/uploads\/2024\/09\/Skip-The-Line-Eiffel-Tower-with-Optional-Summit-Access-by-Lift-5-300x198-1.png\" loading=\"lazy\" data-sizes=\"{&quot;thumbnail&quot;:{&quot;url&quot;:&quot;https:\/\/www.paristouristinformation.fr\/de\/wp-content\/uploads\/2024\/09\/Skip-The-Line-Eiffel-Tower-with-Optional-Summit-Access-by-Lift-5-333x205-1.png&quot;,&quot;height&quot;:205,&quot;width&quot;:333,&quot;orientation&quot;:&quot;landscape&quot;},&quot;medium&quot;:{&quot;url&quot;:&quot;https:\/\/www.paristouristinformation.fr\/de\/wp-content\/uploads\/2024\/09\/Skip-The-Line-Eiffel-Tower-with-Optional-Summit-Access-by-Lift-5-300x198-1.png&quot;,&quot;height&quot;:198,&quot;width&quot;:300,&quot;orientation&quot;:&quot;landscape&quot;},&quot;large&quot;:{&quot;url&quot;:&quot;https:\/\/www.paristouristinformation.fr\/de\/wp-content\/uploads\/2024\/09\/Skip-The-Line-Eiffel-Tower-with-Optional-Summit-Access-by-Lift-5-1024x677-1.png&quot;,&quot;height&quot;:677,&quot;width&quot;:1024,&quot;orientation&quot;:&quot;landscape&quot;},&quot;full&quot;:{&quot;url&quot;:&quot;https:\/\/www.paristouristinformation.fr\/de\/wp-content\/uploads\/2024\/09\/Skip-The-Line-Eiffel-Tower-with-Optional-Summit-Access-by-Lift-5.png&quot;,&quot;height&quot;:814,&quot;width&quot;:1232,&quot;orientation&quot;:&quot;landscape&quot;}}\"><\/span><\/p>\n<h1 data-qa-marker=\"product-name\">Eiffelturm-Aufzugstickets mit Gastgeber zur Spitze oder zur zweiten Etage<\/h1>\n<h2><a href=\"https:\/\/www.headout.com\/r\/most-amazing-placesrecommends-5KaHd\/\" target=\"_blank\" rel=\"nofollow noopener\" style=\"outline: none;\"> Zur Buchung<\/a><\/h2>\n<h1><a href=\"https:\/\/www.headout.com\/r\/most-amazing-placesrecommends-5KaHd\/\" target=\"_blank\" rel=\"nofollow noopener\" style=\"outline: none;\">Ab 25,19 \u20ac<\/a><\/h1>\n<p dir=\"ltr\">Erleben Sie die Magie des Eiffelturms wie nie zuvor! Erkunden Sie mit einem Gastgeber die erste und zweite Etage des Wahrzeichens in 115 Metern H\u00f6he oder steigen Sie mit dem Aufzug auf die atemberaubende Spitze in 276 Metern H\u00f6he. <\/p>\n<ul>\n<li style=\"\"><span>Handverlesenes Ticket<\/span><\/li>\n<li style=\"\"><span>Eintritt zum Eiffelturm&nbsp;<\/span><\/li>\n<li style=\"\"><span>Zugang zur 2. Etage<\/span><\/li>\n<li style=\"\"><!--! Font Awesome Free 6.7.1 by @fontawesome - https:\/\/fontawesome.com License - https:\/\/fontawesome.com\/license\/free (Icons: CC BY 4.0, Fonts: SIL OFL 1.1, Code: MIT License) Copyright 2024 Fonticons, Inc. --><span>Nicht erstattungsf\u00e4hig<\/span><\/li>\n<\/ul>\n<h2>Inbegriffen<\/h2>\n<ul>\n<li style=\"\">                    <span>Betreuter Zugang zur ersten und zweiten Etage oder zum Gipfel (je nach gew\u00e4hlter Option)<\/span><\/li>\n<li style=\"\">                    <span>Zugang mit dem Aufzug zur Spitze oder 2. Ebene (je nach gew\u00e4hlter Option)<\/span><\/li>\n<li style=\"\">                    <span>1-st\u00fcndige Seine-Bootsfahrt (je nach gew\u00e4hlter Option)<\/span><\/li>\n<\/ul>\n<h2>Nicht inbegriffen<\/h2>\n<ul>\n<li style=\"\"><span>Warteschlangen f\u00fcr Sicherheitspr\u00fcfungen k\u00f6nnen nicht \u00fcbersprungen werden<\/span><\/li>\n<\/ul>\n<h2>Wichtige Informationen<\/h2>\n<ul>\n<li style=\"\"><span>Bringen Sie einen g\u00fcltigen Lichtbildausweis oder Reisepass mit.<\/span><\/li>\n<li><span>Rauchen, gro\u00dfes Gep\u00e4ck, nicht faltbare Kinderwagen, scharfe Gegenst\u00e4nde, Glasflaschen, Vorh\u00e4ngeschl\u00f6sser, Dosen und gro\u00dfe rollende Gegenst\u00e4nde (au\u00dfer faltbaren Kinderwagen und Mobilit\u00e4tshilfen) sind nicht erlaubt.<br \/><\/span><\/li>\n<li><span>Die Sicherheitskontrollen k\u00f6nnen in der Hochsaison bis zu 1,5 Stunden dauern.<br \/><\/span><\/li>\n<li><span>Der 1. und 2. Stock sind f\u00fcr Rollstuhlfahrer und Kinderwagen zug\u00e4nglich, der Gipfel jedoch nicht.<br \/><\/span><\/li>\n<li><span>Gipfeltickets k\u00f6nnen nicht in der zweiten Etage gekauft werden. F\u00fcr den Besuch des Gipfels m\u00fcssen Sie die Gipfeltickets im Voraus kaufen.<\/span><\/li>\n<li><span>Teilnehmer m\u00fcssen sich an dem auf ihrem Gutschein angegebenen Treffpunkt einfinden, nicht direkt am Eingang des Veranstaltungsortes, da der Einlass von einem Gastgeber koordiniert wird.<br \/><\/span><\/li>\n<\/ul>\n<h2>Beschreibung:<\/h2>\n<p dir=\"ltr\">Erklimmen Sie<strong> mit einem Gastgeber die erste und die 115 Meter hohe zweite Etage<\/strong> des Eiffelturms, von wo aus Sie eine atemberaubende Aussicht auf Paris genie\u00dfen k\u00f6nnen. <\/p>\n<p dir=\"ltr\">F\u00fcr ein noch unvergesslicheres Erlebnis k\u00f6nnen Sie Ihr Erlebnis <strong>bis zur Spitze<\/strong> in einer erstaunlichen H\u00f6he von 276 Metern erweitern, wo Sie einen Panoramablick auf die Stadt von einem ihrer bekanntesten Wahrzeichen aus genie\u00dfen k\u00f6nnen. <\/p>\n<p dir=\"ltr\">W\u00e4hlen Sie zwischen einem <strong>Ticket f\u00fcr die 1. und 2. Etage<\/strong><strong> oder dem Zugang zur obersten Etage <\/strong>des Eiffelturms und erleben Sie ein unvergessliches Abenteuer.<\/p>\n<h2>H\u00f6hepunkte:<\/h2>\n<ul>\n<li>Genie\u00dfen Sie den Zugang zur ersten und zweiten Etage oder zur Spitze mit dem Aufzug, je nach gew\u00e4hlter Option.<\/li>\n<li>Verschaffen Sie sich mit Ihrem Gastgeber an Ihrer Seite m\u00fchelos Zugang zum ber\u00fchmten Eiffelturm.<\/li>\n<li>Besteigen Sie die \u201eEiserne Lady\u201c, eine der ber\u00fchmtesten Attraktionen der Welt<\/li>\n<li>Bestaunen Sie die 360-Grad-Aussicht auf Paris&nbsp;<\/li>\n<li>Sehen Sie ber\u00fchmte Wahrzeichen wie Notre Dame, den Louvre und den Arc de Triomphe<\/li>\n<\/ul>\n<h2>Eiffelturm<\/h2>\n<p dir=\"ltr\">Av. Gustave Eiffel, 75007 Paris<\/p>\n<h2>Stornierungsbedingungen<\/h2>\n<p dir=\"ltr\">Dieses Erlebnis ist nicht erstattungsf\u00e4hig und nicht \u00e4nderbar. Nach der Buchung werden Stornierungen oder \u00c4nderungen nicht erstattet.<\/p>\n<h2>Treffpunkt &amp; Anweisungen<\/h2>\n<p dir=\"ltr\">Bitte treffen Sie 15 Minuten vor Ihrer geplanten Zeit am vereinbarten Treffpunkt ein. Detaillierte Anweisungen zum Treffpunkt erhalten Sie nach der Buchung.<\/p>\n<p><a href=\"https:\/\/www.google.com\/maps?q=@48.857994079589844,2.2999343872070312\" style=\"outline: none;\" data-lt-tmp-id=\"lt-493778\" spellcheck=\"false\" target=\"_blank\" rel=\"nofollow noopener\">In Google Maps \u00f6ffnen<\/a><\/p>\n<h2>Bewertungen<\/h2>\n<p><strong>4.2\/ 5 &nbsp;<\/strong><strong>(20.931 Bewertungen)<\/strong><\/p>\n<p dir=\"ltr\"><em>\u201eDas Erlebnis, das ich am Eiffelturm hatte, war einfach unvergesslich, und ein gro\u00dfer Teil davon ist dem au\u00dfergew\u00f6hnlichen Reisef\u00fchrer zu verdanken, der unsbegleitete. Mit seinem fundierten Wissen und seiner mitrei\u00dfenden Art, Geschichten zu erz\u00e4hlen, machte er jedes Detail zu etwas Faszinierendem und erweckte die Geschichte und die Erhabenheit dieses ikonischen Ortes zum Leben. [&#8230;]Es war nicht nur ein Besuch, sondern ein echtes kulturelles und emotionales Eintauchen. Ich bin sehr dankbar, dass ich diese so pr\u00e4gende und inspirierende Erfahrung machen durfte!\u201c<\/em>&nbsp;Carina, April 2026&nbsp;<a href=\"https:\/\/www.headout.com\/r\/most-amazing-placesrecommends-5KaHd\/\" target=\"_blank\" rel=\"nofollow noopener\" data-lt-tmp-id=\"lt-56867\" spellcheck=\"false\" style=\"outline: none;\">&gt;&gt; Weitere Bewertungen anzeigen<\/a><\/p>\n<h2>Weitere Aktivit\u00e4ten, die Ihnen gefallen k\u00f6nnten<\/h2>\n<p><span># <\/span><strong><span>2<\/span><\/strong><span># <\/span><strong><span>2<\/span><\/strong><span><img decoding=\"async\" alt=\"Tickets f\u00fcr den Eiffelturm ohne Anstehen + 2. Etage und Gipfeloption\" data-id=\"10160\" width=\"159\" data-init-width=\"800\" height=\"159\" data-init-height=\"800\" title=\"Tickets f\u00fcr den Eiffelturm ohne Anstehen + 2. Etage und Gipfeloption\" loading=\"lazy\" src=\"https:\/\/www.paristouristinformation.fr\/de\/wp-content\/uploads\/2024\/09\/Tickets-for-Eiffel-Tower-Skip-The-Ticket-Line-2nd-Floor-and-Summit-Option.jpg\" data-width=\"159\" data-height=\"159\" style=\"aspect-ratio: auto 800 \/ 800;\"><\/span><\/p>\n<table>\n<tbody>\n<tr>\n<td><a href=\"https:\/\/www.tiqets.com\/en\/things-to-do-in-paris-c66746\/tickets-for-eiffel-tower-2nd-floor-and-summit-option-priority-access-p997343\/?partner=most_amazing_places&amp;tq_campaign=ParisEiffelTowerGttd2 \" target=\"_blank\" rel=\"nofollow noopener\" style=\"outline: none;\" data-lt-tmp-id=\"lt-899588\" spellcheck=\"false\">Eiffelturm: Bevorzugter Zugang zur 2. Etage &amp; optionaler Gipfel<\/a><\/td>\n<\/tr>\n<\/tbody>\n<\/table>\n<p dir=\"ltr\">\u00dcberspringen Sie die langen Warteschlangen und genie\u00dfen Sie bevorzugten Zugang zur zweiten Etage des Eiffelturms, wo Sie eine atemberaubende Aussicht auf Paris erwartet. Erweitern Sie Ihr Erlebnis mit einem optionalen Besuch der Spitze und genie\u00dfen Sie ein unvergessliches Panorama der Stadt.<\/p>\n<h3 style=\"\">Gesamtpreis<\/h3>\n<h3 style=\"\">Ihr Konto wird noch nicht belastet.<br \/><\/h3>\n<p><span># <\/span><strong><span>2<\/span><\/strong><span><img decoding=\"async\" alt=\"Tickets f\u00fcr Eiffelturm \u2013 F\u00fchrung zur Spitze\" data-id=\"10162\" width=\"159\" data-init-width=\"800\" height=\"159\" data-init-height=\"800\" title=\"Tickets f\u00fcr Eiffelturm \u2013 F\u00fchrung zur Spitze\" loading=\"lazy\" src=\"https:\/\/www.paristouristinformation.fr\/de\/wp-content\/uploads\/2024\/09\/Tickets-for-Eiffel-Tower-Summit-Guided-Visit.jpg\" data-width=\"159\" data-height=\"159\" style=\"aspect-ratio: auto 800 \/ 800;\"><\/span><\/p>\n<table>\n<tbody>\n<tr>\n<td><a href=\"https:\/\/www.headout.com\/r\/most-amazing-placesrecommends-A1kJY\/\" target=\"_blank\" rel=\"nofollow noopener\" style=\"outline: none;\" data-lt-tmp-id=\"lt-163467\" spellcheck=\"false\">Besteigung des Eiffelturms mit optionalem Zugang zur Spitze und Bootstour auf der Seine<\/a><\/td>\n<\/tr>\n<\/tbody>\n<\/table>\n<p dir=\"ltr\">Erklimmen Sie mit einem Guide den Eiffelturm und genie\u00dfen Sie die atemberaubende Aussicht auf Paris. Optional k\u00f6nnen Sie auch den Gipfel erreichen. Entspannen Sie sich anschlie\u00dfend bei einer malerischen Seine-Kreuzfahrt entlang der ber\u00fchmten Wahrzeichen von Paris.<\/p>\n<h3 style=\"\">Gesamtpreis<\/h3>\n<h3 style=\"\">Ihr Konto wird noch nicht belastet.<br \/><\/h3>\n<p><\/p>\n<h2><a href=\"https:\/\/www.headout.com\/r\/most-amazing-placesrecommends-5KaHd\/\" target=\"_blank\" rel=\"nofollow noopener\" style=\"outline: none;\"> Zur Buchung<\/a><\/h2>\n<h1><a href=\"https:\/\/www.headout.com\/r\/most-amazing-placesrecommends-5KaHd\/\" target=\"_blank\" rel=\"nofollow noopener\" style=\"outline: none;\" spellcheck=\"false\">Ab 25,19 \u20ac<\/a><\/h1>\n<p style=\"\">Ihr Konto wird noch nicht belastet.<\/p>\n","protected":false},"excerpt":{"rendered":"<p>Eiffelturm-Aufzugstickets mit Gastgeber zur Spitze oder zur zweiten Etage Zur Buchung Ab 25,19 \u20ac Erleben Sie die Magie des Eiffelturms wie nie zuvor! Erkunden Sie mit einem Gastgeber die erste und zweite Etage des Wahrzeichens in 115 Metern H\u00f6he oder steigen Sie mit dem Aufzug auf die atemberaubende Spitze in 276 Metern H\u00f6he. Handverlesenes Ticket [&hellip;]<\/p>\n","protected":false},"author":11,"featured_media":13641,"parent":0,"menu_order":0,"comment_status":"closed","ping_status":"closed","template":"","meta":{"footnotes":""},"tags":[69],"class_list":["post-13634","page","type-page","status-publish","has-post-thumbnail","hentry","tag-sales-pages","post-wrapper","thrv_wrapper"],"wp-worthy-pixel":{"ignored":false,"public":null,"server":null,"url":null},"wp-worthy-type":"normal","_links":{"self":[{"href":"https:\/\/www.paristouristinformation.fr\/de\/wp-json\/wp\/v2\/pages\/13634","targetHints":{"allow":["GET"]}}],"collection":[{"href":"https:\/\/www.paristouristinformation.fr\/de\/wp-json\/wp\/v2\/pages"}],"about":[{"href":"https:\/\/www.paristouristinformation.fr\/de\/wp-json\/wp\/v2\/types\/page"}],"author":[{"embeddable":true,"href":"https:\/\/www.paristouristinformation.fr\/de\/wp-json\/wp\/v2\/users\/11"}],"replies":[{"embeddable":true,"href":"https:\/\/www.paristouristinformation.fr\/de\/wp-json\/wp\/v2\/comments?post=13634"}],"version-history":[{"count":27,"href":"https:\/\/www.paristouristinformation.fr\/de\/wp-json\/wp\/v2\/pages\/13634\/revisions"}],"predecessor-version":[{"id":15986,"href":"https:\/\/www.paristouristinformation.fr\/de\/wp-json\/wp\/v2\/pages\/13634\/revisions\/15986"}],"wp:featuredmedia":[{"embeddable":true,"href":"https:\/\/www.paristouristinformation.fr\/de\/wp-json\/wp\/v2\/media\/13641"}],"wp:attachment":[{"href":"https:\/\/www.paristouristinformation.fr\/de\/wp-json\/wp\/v2\/media?parent=13634"}],"wp:term":[{"taxonomy":"post_tag","embeddable":true,"href":"https:\/\/www.paristouristinformation.fr\/de\/wp-json\/wp\/v2\/tags?post=13634"}],"curies":[{"name":"wp","href":"https:\/\/api.w.org\/{rel}","templated":true}]}}