{"id":13667,"date":"2024-09-19T10:47:44","date_gmt":"2024-09-19T10:47:44","guid":{"rendered":"https:\/\/www.paristouristinformation.fr\/de\/?page_id=13667"},"modified":"2026-04-13T08:16:00","modified_gmt":"2026-04-13T08:16:00","slug":"schloss-versailles-tickets","status":"publish","type":"page","link":"https:\/\/www.paristouristinformation.fr\/de\/schloss-versailles-tickets\/","title":{"rendered":"Schloss Versailles Tickets mit Schnelleinlass: G\u00e4rten &amp; Wasserorgel"},"content":{"rendered":"<p><span><img decoding=\"async\" alt=\"\" data-id=\"13378\" width=\"1440\" height=\"920\" title=\"Bevorzugter Einlass zum Schloss Versailles und den G\u00e4rten mit musikalischer Gartenshow\" src=\"https:\/\/www.paristouristinformation.fr\/de\/wp-content\/uploads\/2024\/09\/Palace-of-Versailles-and-Gardens-Fast-Track-Tickets-with-Musical-Gardens-Show-1024x654-1.png\" data-src=\"https:\/\/www.paristouristinformation.fr\/de\/wp-content\/uploads\/2024\/09\/Palace-of-Versailles-and-Gardens-Fast-Track-Tickets-with-Musical-Gardens-Show-300x192-1.png\" loading=\"lazy\" data-sizes=\"{&quot;thumbnail&quot;:{&quot;url&quot;:&quot;https:\/\/www.paristouristinformation.fr\/de\/wp-content\/uploads\/2024\/09\/Palace-of-Versailles-and-Gardens-Fast-Track-Tickets-with-Musical-Gardens-Show-333x205-1.png&quot;,&quot;height&quot;:205,&quot;width&quot;:333,&quot;orientation&quot;:&quot;landscape&quot;},&quot;medium&quot;:{&quot;url&quot;:&quot;https:\/\/www.paristouristinformation.fr\/de\/wp-content\/uploads\/2024\/09\/Palace-of-Versailles-and-Gardens-Fast-Track-Tickets-with-Musical-Gardens-Show-300x192-1.png&quot;,&quot;height&quot;:192,&quot;width&quot;:300,&quot;orientation&quot;:&quot;landscape&quot;},&quot;large&quot;:{&quot;url&quot;:&quot;https:\/\/www.paristouristinformation.fr\/de\/wp-content\/uploads\/2024\/09\/Palace-of-Versailles-and-Gardens-Fast-Track-Tickets-with-Musical-Gardens-Show-1024x654-1.png&quot;,&quot;height&quot;:654,&quot;width&quot;:1024,&quot;orientation&quot;:&quot;landscape&quot;},&quot;full&quot;:{&quot;url&quot;:&quot;https:\/\/www.paristouristinformation.fr\/de\/wp-content\/uploads\/2024\/09\/Palace-of-Versailles-and-Gardens-Fast-Track-Tickets-with-Musical-Gardens-Show.png&quot;,&quot;height&quot;:920,&quot;width&quot;:1440,&quot;orientation&quot;:&quot;landscape&quot;}}\"><\/span><span><img decoding=\"async\" alt=\"\" data-id=\"13379\" width=\"1472\" height=\"874\" title=\"Schnelleinlass f\u00fcr das Schloss Versailles und die G\u00e4rten mit Musical Gardens Show 2\" src=\"https:\/\/www.paristouristinformation.fr\/de\/wp-content\/uploads\/2024\/09\/Palace-of-Versailles-and-Gardens-Fast-Track-Tickets-with-Musical-Gardens-Show-2-1024x608-1.png\" data-src=\"https:\/\/www.paristouristinformation.fr\/de\/wp-content\/uploads\/2024\/09\/Palace-of-Versailles-and-Gardens-Fast-Track-Tickets-with-Musical-Gardens-Show-2-300x178-1.png\" loading=\"lazy\" data-sizes=\"{&quot;thumbnail&quot;:{&quot;url&quot;:&quot;https:\/\/www.paristouristinformation.fr\/de\/wp-content\/uploads\/2024\/09\/Palace-of-Versailles-and-Gardens-Fast-Track-Tickets-with-Musical-Gardens-Show-2-333x205-1.png&quot;,&quot;height&quot;:205,&quot;width&quot;:333,&quot;orientation&quot;:&quot;landscape&quot;},&quot;medium&quot;:{&quot;url&quot;:&quot;https:\/\/www.paristouristinformation.fr\/de\/wp-content\/uploads\/2024\/09\/Palace-of-Versailles-and-Gardens-Fast-Track-Tickets-with-Musical-Gardens-Show-2-300x178-1.png&quot;,&quot;height&quot;:178,&quot;width&quot;:300,&quot;orientation&quot;:&quot;landscape&quot;},&quot;large&quot;:{&quot;url&quot;:&quot;https:\/\/www.paristouristinformation.fr\/de\/wp-content\/uploads\/2024\/09\/Palace-of-Versailles-and-Gardens-Fast-Track-Tickets-with-Musical-Gardens-Show-2-1024x608-1.png&quot;,&quot;height&quot;:608,&quot;width&quot;:1024,&quot;orientation&quot;:&quot;landscape&quot;},&quot;full&quot;:{&quot;url&quot;:&quot;https:\/\/www.paristouristinformation.fr\/de\/wp-content\/uploads\/2024\/09\/Palace-of-Versailles-and-Gardens-Fast-Track-Tickets-with-Musical-Gardens-Show-2.png&quot;,&quot;height&quot;:874,&quot;width&quot;:1472,&quot;orientation&quot;:&quot;landscape&quot;}}\"><\/span><span><img decoding=\"async\" alt=\"\" data-id=\"13380\" width=\"1476\" height=\"894\" title=\"Schnelleinlass f\u00fcr das Schloss Versailles und die G\u00e4rten mit Musical Gardens Show 3\" src=\"https:\/\/www.paristouristinformation.fr\/de\/wp-content\/uploads\/2024\/09\/Palace-of-Versailles-and-Gardens-Fast-Track-Tickets-with-Musical-Gardens-Show-3-1024x620-1.png\" data-src=\"https:\/\/www.paristouristinformation.fr\/de\/wp-content\/uploads\/2024\/09\/Palace-of-Versailles-and-Gardens-Fast-Track-Tickets-with-Musical-Gardens-Show-3-300x182-1.png\" loading=\"lazy\" data-sizes=\"{&quot;thumbnail&quot;:{&quot;url&quot;:&quot;https:\/\/www.paristouristinformation.fr\/de\/wp-content\/uploads\/2024\/09\/Palace-of-Versailles-and-Gardens-Fast-Track-Tickets-with-Musical-Gardens-Show-3-333x205-1.png&quot;,&quot;height&quot;:205,&quot;width&quot;:333,&quot;orientation&quot;:&quot;landscape&quot;},&quot;medium&quot;:{&quot;url&quot;:&quot;https:\/\/www.paristouristinformation.fr\/de\/wp-content\/uploads\/2024\/09\/Palace-of-Versailles-and-Gardens-Fast-Track-Tickets-with-Musical-Gardens-Show-3-300x182-1.png&quot;,&quot;height&quot;:182,&quot;width&quot;:300,&quot;orientation&quot;:&quot;landscape&quot;},&quot;large&quot;:{&quot;url&quot;:&quot;https:\/\/www.paristouristinformation.fr\/de\/wp-content\/uploads\/2024\/09\/Palace-of-Versailles-and-Gardens-Fast-Track-Tickets-with-Musical-Gardens-Show-3-1024x620-1.png&quot;,&quot;height&quot;:620,&quot;width&quot;:1024,&quot;orientation&quot;:&quot;landscape&quot;},&quot;full&quot;:{&quot;url&quot;:&quot;https:\/\/www.paristouristinformation.fr\/de\/wp-content\/uploads\/2024\/09\/Palace-of-Versailles-and-Gardens-Fast-Track-Tickets-with-Musical-Gardens-Show-3.png&quot;,&quot;height&quot;:894,&quot;width&quot;:1476,&quot;orientation&quot;:&quot;landscape&quot;}}\"><\/span><span><img decoding=\"async\" alt=\"\" data-id=\"13375\" width=\"1468\" height=\"888\" title=\"Schnelleinlass f\u00fcr das Schloss Versailles und die G\u00e4rten mit Musical Gardens Show 4\" src=\"https:\/\/www.paristouristinformation.fr\/de\/wp-content\/uploads\/2024\/09\/Palace-of-Versailles-and-Gardens-Fast-Track-Tickets-with-Musical-Gardens-Show-4-1024x619-1.png\" data-src=\"https:\/\/www.paristouristinformation.fr\/de\/wp-content\/uploads\/2024\/09\/Palace-of-Versailles-and-Gardens-Fast-Track-Tickets-with-Musical-Gardens-Show-4-300x181-1.png\" loading=\"lazy\" data-sizes=\"{&quot;thumbnail&quot;:{&quot;url&quot;:&quot;https:\/\/www.paristouristinformation.fr\/de\/wp-content\/uploads\/2024\/09\/Palace-of-Versailles-and-Gardens-Fast-Track-Tickets-with-Musical-Gardens-Show-4-333x205-1.png&quot;,&quot;height&quot;:205,&quot;width&quot;:333,&quot;orientation&quot;:&quot;landscape&quot;},&quot;medium&quot;:{&quot;url&quot;:&quot;https:\/\/www.paristouristinformation.fr\/de\/wp-content\/uploads\/2024\/09\/Palace-of-Versailles-and-Gardens-Fast-Track-Tickets-with-Musical-Gardens-Show-4-300x181-1.png&quot;,&quot;height&quot;:181,&quot;width&quot;:300,&quot;orientation&quot;:&quot;landscape&quot;},&quot;large&quot;:{&quot;url&quot;:&quot;https:\/\/www.paristouristinformation.fr\/de\/wp-content\/uploads\/2024\/09\/Palace-of-Versailles-and-Gardens-Fast-Track-Tickets-with-Musical-Gardens-Show-4-1024x619-1.png&quot;,&quot;height&quot;:619,&quot;width&quot;:1024,&quot;orientation&quot;:&quot;landscape&quot;},&quot;full&quot;:{&quot;url&quot;:&quot;https:\/\/www.paristouristinformation.fr\/de\/wp-content\/uploads\/2024\/09\/Palace-of-Versailles-and-Gardens-Fast-Track-Tickets-with-Musical-Gardens-Show-4.png&quot;,&quot;height&quot;:888,&quot;width&quot;:1468,&quot;orientation&quot;:&quot;landscape&quot;}}\"><\/span><span><img decoding=\"async\" alt=\"\" data-id=\"13377\" width=\"1404\" height=\"912\" title=\"Schnelleinlass f\u00fcr das Schloss Versailles und die G\u00e4rten mit Musical Gardens Show 5\" src=\"https:\/\/www.paristouristinformation.fr\/de\/wp-content\/uploads\/2024\/09\/Palace-of-Versailles-and-Gardens-Fast-Track-Tickets-with-Musical-Gardens-Show-5-1024x665-1.png\" data-src=\"https:\/\/www.paristouristinformation.fr\/de\/wp-content\/uploads\/2024\/09\/Palace-of-Versailles-and-Gardens-Fast-Track-Tickets-with-Musical-Gardens-Show-5-300x195-1.png\" loading=\"lazy\" data-sizes=\"{&quot;thumbnail&quot;:{&quot;url&quot;:&quot;https:\/\/www.paristouristinformation.fr\/de\/wp-content\/uploads\/2024\/09\/Palace-of-Versailles-and-Gardens-Fast-Track-Tickets-with-Musical-Gardens-Show-5-333x205-1.png&quot;,&quot;height&quot;:205,&quot;width&quot;:333,&quot;orientation&quot;:&quot;landscape&quot;},&quot;medium&quot;:{&quot;url&quot;:&quot;https:\/\/www.paristouristinformation.fr\/de\/wp-content\/uploads\/2024\/09\/Palace-of-Versailles-and-Gardens-Fast-Track-Tickets-with-Musical-Gardens-Show-5-300x195-1.png&quot;,&quot;height&quot;:195,&quot;width&quot;:300,&quot;orientation&quot;:&quot;landscape&quot;},&quot;large&quot;:{&quot;url&quot;:&quot;https:\/\/www.paristouristinformation.fr\/de\/wp-content\/uploads\/2024\/09\/Palace-of-Versailles-and-Gardens-Fast-Track-Tickets-with-Musical-Gardens-Show-5-1024x665-1.png&quot;,&quot;height&quot;:665,&quot;width&quot;:1024,&quot;orientation&quot;:&quot;landscape&quot;},&quot;full&quot;:{&quot;url&quot;:&quot;https:\/\/www.paristouristinformation.fr\/de\/wp-content\/uploads\/2024\/09\/Palace-of-Versailles-and-Gardens-Fast-Track-Tickets-with-Musical-Gardens-Show-5.png&quot;,&quot;height&quot;:912,&quot;width&quot;:1404,&quot;orientation&quot;:&quot;landscape&quot;}}\"><\/span><span><img decoding=\"async\" alt=\"\" data-id=\"13376\" width=\"1472\" height=\"866\" title=\"Schnelleinlass f\u00fcr das Schloss Versailles und die G\u00e4rten mit Musical Gardens Show 6\" src=\"https:\/\/www.paristouristinformation.fr\/de\/wp-content\/uploads\/2024\/09\/Palace-of-Versailles-and-Gardens-Fast-Track-Tickets-with-Musical-Gardens-Show-6-1024x602-1.png\" data-src=\"https:\/\/www.paristouristinformation.fr\/de\/wp-content\/uploads\/2024\/09\/Palace-of-Versailles-and-Gardens-Fast-Track-Tickets-with-Musical-Gardens-Show-6-300x176-1.png\" loading=\"lazy\" data-sizes=\"{&quot;thumbnail&quot;:{&quot;url&quot;:&quot;https:\/\/www.paristouristinformation.fr\/de\/wp-content\/uploads\/2024\/09\/Palace-of-Versailles-and-Gardens-Fast-Track-Tickets-with-Musical-Gardens-Show-6-333x205-1.png&quot;,&quot;height&quot;:205,&quot;width&quot;:333,&quot;orientation&quot;:&quot;landscape&quot;},&quot;medium&quot;:{&quot;url&quot;:&quot;https:\/\/www.paristouristinformation.fr\/de\/wp-content\/uploads\/2024\/09\/Palace-of-Versailles-and-Gardens-Fast-Track-Tickets-with-Musical-Gardens-Show-6-300x176-1.png&quot;,&quot;height&quot;:176,&quot;width&quot;:300,&quot;orientation&quot;:&quot;landscape&quot;},&quot;large&quot;:{&quot;url&quot;:&quot;https:\/\/www.paristouristinformation.fr\/de\/wp-content\/uploads\/2024\/09\/Palace-of-Versailles-and-Gardens-Fast-Track-Tickets-with-Musical-Gardens-Show-6-1024x602-1.png&quot;,&quot;height&quot;:602,&quot;width&quot;:1024,&quot;orientation&quot;:&quot;landscape&quot;},&quot;full&quot;:{&quot;url&quot;:&quot;https:\/\/www.paristouristinformation.fr\/de\/wp-content\/uploads\/2024\/09\/Palace-of-Versailles-and-Gardens-Fast-Track-Tickets-with-Musical-Gardens-Show-6.png&quot;,&quot;height&quot;:866,&quot;width&quot;:1472,&quot;orientation&quot;:&quot;landscape&quot;}}\"><\/span><\/p>\n<h1 dir=\"ltr\">Schloss Versailles Passport Tickets<\/h1>\n<h2><a href=\"https:\/\/www.headout.com\/de\/schloss-versailles-tickets\/schloss-versailles-tickets-e-7654\/?affiliate_code=KXkQ69&amp;utm_campaign=paristideversaillessp&amp;utm_content=link&amp;utm_medium=affiliate&amp;utm_source=most_amazing_places\" target=\"_blank\" rel=\"nofollow noopener\" style=\"outline: none;\">Zur Buchung<\/a><\/h2>\n<h1><a href=\"https:\/\/www.headout.com\/de\/schloss-versailles-tickets\/schloss-versailles-tickets-e-7654\/?affiliate_code=KXkQ69&amp;utm_campaign=paristideversaillessp&amp;utm_content=link&amp;utm_medium=affiliate&amp;utm_source=most_amazing_places\" target=\"_blank\" rel=\"nofollow noopener\" style=\"outline: none;\"><strong>25,00 \u20ac<\/strong><\/a><\/h1>\n<p dir=\"ltr\">Erleben Sie die Pracht des pr\u00e4chtigen Schlosses von Versailles, mit Schnelleinlass zum Spiegelsaal, den k\u00f6niglichen Gem\u00e4chern und den atemberaubenden G\u00e4rten.&nbsp;<\/p>\n<ul>\n<li style=\"\"><span>Handverlesenes Ticket<\/span><\/li>\n<li style=\"\"><span>Mobiles Ticket akzeptiert&nbsp;<\/span><\/li>\n<li style=\"\">                    <span>Sofortige Best\u00e4tigung<\/span><\/li>\n<li style=\"\"><span>Schnelleinlass<\/span><\/li>\n<li style=\"\"><span>Nicht erstattungsf\u00e4hig<\/span><\/li>\n<\/ul>\n<h2>Inbegriffen<\/h2>\n<ul>\n<li style=\"\">                    <span>Zeitlich begrenzter oder allgemeiner Eintritt in das Schloss Versailles (je nach gew\u00e4hlter Option)<\/span><\/li>\n<li style=\"\">                    <span>Zugang zu den gro\u00dfen Gem\u00e4chern des K\u00f6nigs und zum Spiegelsaal<\/span><\/li>\n<li style=\"\">                    <span>Eintritt zu Sonderausstellungen<\/span><\/li>\n<li><span>Zugang zu G\u00e4rten und Park mit Springbrunnen oder Musikshow (optional)<br \/><\/span><\/li>\n<li><span>Grand &amp; Petit Trianon (optional)<br \/><\/span><\/li>\n<li><span>Queen&#8217;s Hamlet (optional)<br \/><\/span><\/li>\n<li><span>Eintritt zum Trianon-Anwesen (optional)<br \/><\/span><\/li>\n<li><span>Tee im Restaurant Ore (optional)<\/span><\/li>\n<\/ul>\n<h2>Nicht inbegriffen<\/h2>\n<ul>\n<li style=\"\"><span>Live-Reisef\u00fchrer<\/span><\/li>\n<li><span>Zugang zu den Privatgem\u00e4chern des K\u00f6nigs<\/span><\/li>\n<\/ul>\n<h2>Wichtige Informationen<\/h2>\n<ul>\n<li style=\"\"><span>Mit diesen Tickets k\u00f6nnen Sie die Warteschlange am Ticketschalter \u00fcberspringen und direkt zum Eingang am Gate A gehen. Bei den Sicherheitskontrollen kann es jedoch zu einer Wartezeit von 30 Minuten bis 2 Stunden kommen.<\/span><\/li>\n<li><span>Sie k\u00f6nnen die G\u00e4rten und den Trianon-Palast vor oder nach Ihrer reservierten Zeit in den Grand Apartments besuchen.<\/span><\/li>\n<li><span>W\u00e4hlen Sie bei der Buchung den Passport-Eintritt mit oder ohne Musical Gardens\/Fountain Show.<\/span><\/li>\n<li><span>Der Eintritt in den Park und die G\u00e4rten ist von November bis M\u00e4rz frei.<\/span><\/li>\n<li><span>Bitte bringen Sie einen g\u00fcltigen Lichtbildausweis mit.<\/span><\/li>\n<\/ul>\n<h2>Beschreibung:<\/h2>\n<p>Entdecken Sie den k\u00f6niglichen Charme des <strong>Schlosses Versailles mit diesem Ticket<\/strong>&nbsp;mit Schnelleinlass, das Ihnen nahtlosen Zugang zu den ber\u00fchmten R\u00e4umen gew\u00e4hrt, darunter die opulenten&nbsp;<strong>k\u00f6niglichen Gem\u00e4cher<\/strong> und der schillernde <strong>Spiegelsaal.<\/strong> Spazieren Sie durch die friedlichen <strong>G\u00e4rten und erweitern Sie Ihr Erlebnis, indem Sie <\/strong><strong>Marie Antoinettes Anwesen<\/strong> erkunden.<\/p>\n<h2>H\u00f6hepunkte:<\/h2>\n<ul>\n<li>Erkunden Sie das majest\u00e4tische Schloss Versailles, das sich \u00fcber 800 Hektar und 700 R\u00e4ume erstreckt.<\/li>\n<li>Bewundern Sie den Spiegelsaal, einen faszinierenden Raum mit 357 Spiegeln&nbsp;<\/li>\n<li>Besuchen Sie die k\u00f6niglichen Stallungen, in denen historische Kutschen und Reitsportartefakte ausgestellt sind.<\/li>\n<li>Schlendern Sie durch die G\u00e4rten mit \u00fcber 200.000 B\u00e4umen, 50 Brunnen und pr\u00e4chtigen Skulpturen.<\/li>\n<li>Entscheiden Sie sich f\u00fcr zus\u00e4tzlichen Zugang zum Anwesen von Marie Antoinette und den Wasserspielen.<\/li>\n<\/ul>\n<h2>Schloss Versailles<\/h2>\n<p dir=\"ltr\">Place d&#8217;Armes, 78000 Versailles, Frankreich<\/p>\n<h2>Stornierungsbedingungen<\/h2>\n<p dir=\"ltr\">Diese Tour ist nicht erstattungsf\u00e4hig und kann nicht verschoben werden.<\/p>\n<h2>Treffpunkt &amp;&nbsp;Anweisungen<\/h2>\n<p dir=\"ltr\">Einzelheiten zum Treffpunkt und genaue Anweisungen finden Sie auf Ihrem endg\u00fcltigen Voucher. Zeigen Sie Ihren mobilen Voucher mit einem g\u00fcltigen Lichtbildausweis 15 Minuten vor Ihrer geplanten Tourzeit am angegebenen Treffpunkt vor.<\/p>\n<p><a href=\"https:\/\/www.google.com\/maps\/place\/Schloss+Versailles\/@48.8048684,2.1177805,17z\/data=!3m2!4b1!5s0x47e67dbeb2a2d1cb:0xfaa83490b67c0c36!4m6!3m5!1s0x47e67d94d7b14c75:0x538fcc15f59ce8f!8m2!3d48.8048649!4d2.1203554!16zL20vMGRfNjE?entry=ttu&amp;g_ep=EgoyMDI0MDgyMS4wIKXMDSoASAFQAw%3D%3D\" style=\"outline: none;\" data-lt-tmp-id=\"lt-493778\" spellcheck=\"false\" target=\"_blank\" rel=\"nofollow noopener\">In Google Maps \u00f6ffnen<\/a><\/p>\n<h2>Bewertungen<\/h2>\n<p><strong>4,3\/ 5 &nbsp;<\/strong><strong>(24,4 Tsd. Bewertungen)<\/strong><\/p>\n<p dir=\"ltr\"><em>&#8222;Das Schloss Versailles ist ein Ort, den man unbedingt gesehen haben muss \u2013 die Pracht vergangener Zeiten, die es zu entdecken und zu bewundern gilt, die herrlichen G\u00e4rten, in denen man sich gerne verlieren kann. Ziehen Sie bequeme Schuhe an, denn es gibt einiges zu laufen.&#8220;<\/em>&nbsp;Diego, April 2026&nbsp; &nbsp;&nbsp;<a href=\"https:\/\/www.headout.com\/de\/schloss-versailles-tickets\/schloss-versailles-tickets-e-7654\/?affiliate_code=KXkQ69&amp;utm_campaign=paristideversaillessp&amp;utm_content=link&amp;utm_medium=affiliate&amp;utm_source=most_amazing_places\" target=\"_blank\" rel=\"nofollow noopener\" data-lt-tmp-id=\"lt-480276\" spellcheck=\"false\" style=\"outline: none;\">&gt;&gt; Weitere Bewertungen anzeigen<\/a><\/p>\n<h2>Weitere Aktivit\u00e4ten, die Ihnen gefallen k\u00f6nnten<\/h2>\n<p><span># <\/span><strong><span>2<\/span><\/strong><span># <\/span><strong><span>2<\/span><\/strong><span><img decoding=\"async\" alt=\"\" data-id=\"4735\" width=\"159\" data-init-width=\"1200\" height=\"105\" data-init-height=\"795\" title=\"TITEL: G\u00e4rten von Versailles in Paris, Frankreich\" loading=\"lazy\" src=\"https:\/\/www.paristouristinformation.fr\/de\/wp-content\/uploads\/2024\/09\/COVER-gardens-of-Versailles-in-Paris-France.jpg\" data-width=\"159\" data-height=\"105\" style=\"aspect-ratio: auto 1200 \/ 795;\"><\/span><\/p>\n<table>\n<tbody>\n<tr>\n<td><a href=\"https:\/\/www.tiqets.com\/en\/versailles-attractions-c66594\/tickets-for-palace-of-versailles-access-all-areas-audio-guide-p974127\/?partner=most_amazing_places&amp;tq_campaign=ParisVersaillesGttd2\" target=\"_blank\" rel=\"nofollow noopener\" style=\"outline: none;\" data-lt-tmp-id=\"lt-469197\" spellcheck=\"false\">Schloss Versailles: Eintrittskarte + G\u00e4rten und Anwesen von Trianon<\/a><\/td>\n<\/tr>\n<\/tbody>\n<\/table>\n<p dir=\"ltr\">Erkunden Sie das opulente Schloss Versailles und seine atemberaubenden G\u00e4rten mit vollem Zugang. Tauchen Sie ein in die Pracht der Residenz des Sonnenk\u00f6nigs, von den majest\u00e4tischen Grand Apartments \u00fcber das Anwesen von Trianon bis hin zu den ruhigen G\u00e4rten.<\/p>\n<h3 style=\"\">Gesamtpreis<\/h3>\n<h3 style=\"\">Ihr Konto wird noch nicht belastet.<br \/><\/h3>\n<p><span># <\/span><strong><span>2<\/span><\/strong><span><img decoding=\"async\" alt=\"\" data-id=\"4721\" width=\"159\" data-init-width=\"1000\" height=\"101\" data-init-height=\"636\" title=\"Versailles-Brunnen des Apollo in Paris, Frankreich\" loading=\"lazy\" src=\"https:\/\/www.paristouristinformation.fr\/de\/wp-content\/uploads\/2024\/09\/Versailles-Fountain-of-Apollo-in-Paris-France.jpg\" data-width=\"159\" data-height=\"101\" style=\"aspect-ratio: auto 1000 \/ 636;\"><\/span><\/p>\n<table>\n<tbody>\n<tr>\n<td><a href=\"https:\/\/www.headout.com\/r\/most-amazing-placesrecommends-AGkpl\/\" target=\"_blank\" rel=\"nofollow noopener\" style=\"outline: none;\" data-lt-tmp-id=\"lt-163467\" spellcheck=\"false\">Von Paris aus: Schloss von Versailles Tickets &amp; Touren mit Bustransfers<\/a><\/td>\n<\/tr>\n<\/tbody>\n<\/table>\n<p dir=\"ltr\">Entdecken Sie die Pracht des Schlosses Versailles mit bequemen Hin- und R\u00fccktransfers per Bus ab Paris. Genie\u00dfen Sie einen problemlosen Eintritt und einen unvergesslichen Tagesausflug.&nbsp;<\/p>\n<h3 style=\"\">Gesamtpreis<\/h3>\n<h3 style=\"\">Ihr Konto wird noch nicht belastet.<br \/><\/h3>\n<p><\/p>\n<h2><a href=\"https:\/\/www.headout.com\/de\/schloss-versailles-tickets\/schloss-versailles-tickets-e-7654\/?affiliate_code=KXkQ69&amp;utm_campaign=paristideversaillessp&amp;utm_content=link&amp;utm_medium=affiliate&amp;utm_source=most_amazing_places\" target=\"_blank\" rel=\"nofollow noopener\" style=\"outline: none;\" spellcheck=\"false\">Zur Buchung<\/a><\/h2>\n<h1><a href=\"https:\/\/www.headout.com\/de\/schloss-versailles-tickets\/schloss-versailles-tickets-e-7654\/?affiliate_code=KXkQ69&amp;utm_campaign=paristideversaillessp&amp;utm_content=link&amp;utm_medium=affiliate&amp;utm_source=most_amazing_places\" target=\"_blank\" rel=\"nofollow noopener\" style=\"outline: none;\" spellcheck=\"false\">25,00 \u20ac<\/a><\/h1>\n<p style=\"\">Ihr Konto wird noch nicht belastet.<\/p>\n","protected":false},"excerpt":{"rendered":"<p>Schloss Versailles Passport Tickets Zur Buchung 25,00 \u20ac Erleben Sie die Pracht des pr\u00e4chtigen Schlosses von Versailles, mit Schnelleinlass zum Spiegelsaal, den k\u00f6niglichen Gem\u00e4chern und den atemberaubenden G\u00e4rten.&nbsp; Handverlesenes Ticket Mobiles Ticket akzeptiert&nbsp; Sofortige Best\u00e4tigung Schnelleinlass Nicht erstattungsf\u00e4hig Inbegriffen Zeitlich begrenzter oder allgemeiner Eintritt in das Schloss Versailles (je nach gew\u00e4hlter Option) Zugang zu den [&hellip;]<\/p>\n","protected":false},"author":11,"featured_media":13673,"parent":0,"menu_order":0,"comment_status":"closed","ping_status":"closed","template":"","meta":{"footnotes":""},"tags":[69],"class_list":["post-13667","page","type-page","status-publish","has-post-thumbnail","hentry","tag-sales-pages","post-wrapper","thrv_wrapper"],"wp-worthy-pixel":{"ignored":false,"public":null,"server":null,"url":null},"wp-worthy-type":"normal","_links":{"self":[{"href":"https:\/\/www.paristouristinformation.fr\/de\/wp-json\/wp\/v2\/pages\/13667","targetHints":{"allow":["GET"]}}],"collection":[{"href":"https:\/\/www.paristouristinformation.fr\/de\/wp-json\/wp\/v2\/pages"}],"about":[{"href":"https:\/\/www.paristouristinformation.fr\/de\/wp-json\/wp\/v2\/types\/page"}],"author":[{"embeddable":true,"href":"https:\/\/www.paristouristinformation.fr\/de\/wp-json\/wp\/v2\/users\/11"}],"replies":[{"embeddable":true,"href":"https:\/\/www.paristouristinformation.fr\/de\/wp-json\/wp\/v2\/comments?post=13667"}],"version-history":[{"count":24,"href":"https:\/\/www.paristouristinformation.fr\/de\/wp-json\/wp\/v2\/pages\/13667\/revisions"}],"predecessor-version":[{"id":15998,"href":"https:\/\/www.paristouristinformation.fr\/de\/wp-json\/wp\/v2\/pages\/13667\/revisions\/15998"}],"wp:featuredmedia":[{"embeddable":true,"href":"https:\/\/www.paristouristinformation.fr\/de\/wp-json\/wp\/v2\/media\/13673"}],"wp:attachment":[{"href":"https:\/\/www.paristouristinformation.fr\/de\/wp-json\/wp\/v2\/media?parent=13667"}],"wp:term":[{"taxonomy":"post_tag","embeddable":true,"href":"https:\/\/www.paristouristinformation.fr\/de\/wp-json\/wp\/v2\/tags?post=13667"}],"curies":[{"name":"wp","href":"https:\/\/api.w.org\/{rel}","templated":true}]}}