{"id":13705,"date":"2024-09-19T12:12:37","date_gmt":"2024-09-19T12:12:37","guid":{"rendered":"https:\/\/www.paristouristinformation.fr\/de\/?page_id=13705"},"modified":"2026-01-29T13:49:46","modified_gmt":"2026-01-29T13:49:46","slug":"musee-dorsay-tickets","status":"publish","type":"page","link":"https:\/\/www.paristouristinformation.fr\/de\/musee-dorsay-tickets\/","title":{"rendered":"Mus\u00e9e d&#8217;Orsay Tickets mit Schnelleinlass"},"content":{"rendered":"<p><span><img decoding=\"async\" alt=\"\" data-id=\"13762\" width=\"1550\" height=\"952\" title=\"Mus\u00e9e d'Orsay, spezieller Eingang 1\" src=\"https:\/\/www.paristouristinformation.fr\/de\/wp-content\/uploads\/2024\/09\/Musee-dOrsay-Dedicated-Entrance-1-1024x629-1.png\" data-src=\"https:\/\/www.paristouristinformation.fr\/de\/wp-content\/uploads\/2024\/09\/Musee-dOrsay-Dedicated-Entrance-1-300x184-1.png\" loading=\"lazy\" data-sizes=\"{&quot;thumbnail&quot;:{&quot;url&quot;:&quot;https:\/\/www.paristouristinformation.fr\/de\/wp-content\/uploads\/2024\/09\/Musee-dOrsay-Dedicated-Entrance-1-333x205-1.png&quot;,&quot;height&quot;:205,&quot;width&quot;:333,&quot;orientation&quot;:&quot;landscape&quot;},&quot;medium&quot;:{&quot;url&quot;:&quot;https:\/\/www.paristouristinformation.fr\/de\/wp-content\/uploads\/2024\/09\/Musee-dOrsay-Dedicated-Entrance-1-300x184-1.png&quot;,&quot;height&quot;:184,&quot;width&quot;:300,&quot;orientation&quot;:&quot;landscape&quot;},&quot;large&quot;:{&quot;url&quot;:&quot;https:\/\/www.paristouristinformation.fr\/de\/wp-content\/uploads\/2024\/09\/Musee-dOrsay-Dedicated-Entrance-1-1024x629-1.png&quot;,&quot;height&quot;:629,&quot;width&quot;:1024,&quot;orientation&quot;:&quot;landscape&quot;},&quot;full&quot;:{&quot;url&quot;:&quot;https:\/\/www.paristouristinformation.fr\/de\/wp-content\/uploads\/2024\/09\/Musee-dOrsay-Dedicated-Entrance-1.png&quot;,&quot;height&quot;:952,&quot;width&quot;:1550,&quot;orientation&quot;:&quot;landscape&quot;},&quot;1536x1536&quot;:{&quot;url&quot;:&quot;https:\/\/www.paristouristinformation.fr\/de\/wp-content\/uploads\/2024\/09\/Musee-dOrsay-Dedicated-Entrance-1-1536x943-1.png&quot;,&quot;height&quot;:943,&quot;width&quot;:1536,&quot;orientation&quot;:&quot;landscape&quot;}}\"><\/span><span><img decoding=\"async\" alt=\"\" data-id=\"13761\" width=\"1468\" height=\"956\" title=\"Mus\u00e9e d'Orsay, spezieller Eingang 2\" src=\"https:\/\/www.paristouristinformation.fr\/de\/wp-content\/uploads\/2024\/09\/Musee-dOrsay-Dedicated-Entrance-2-1024x667-1.png\" data-src=\"https:\/\/www.paristouristinformation.fr\/de\/wp-content\/uploads\/2024\/09\/Musee-dOrsay-Dedicated-Entrance-2-300x195-1.png\" loading=\"lazy\" data-sizes=\"{&quot;thumbnail&quot;:{&quot;url&quot;:&quot;https:\/\/www.paristouristinformation.fr\/de\/wp-content\/uploads\/2024\/09\/Musee-dOrsay-Dedicated-Entrance-2-333x205-1.png&quot;,&quot;height&quot;:205,&quot;width&quot;:333,&quot;orientation&quot;:&quot;landscape&quot;},&quot;medium&quot;:{&quot;url&quot;:&quot;https:\/\/www.paristouristinformation.fr\/de\/wp-content\/uploads\/2024\/09\/Musee-dOrsay-Dedicated-Entrance-2-300x195-1.png&quot;,&quot;height&quot;:195,&quot;width&quot;:300,&quot;orientation&quot;:&quot;landscape&quot;},&quot;large&quot;:{&quot;url&quot;:&quot;https:\/\/www.paristouristinformation.fr\/de\/wp-content\/uploads\/2024\/09\/Musee-dOrsay-Dedicated-Entrance-2-1024x667-1.png&quot;,&quot;height&quot;:667,&quot;width&quot;:1024,&quot;orientation&quot;:&quot;landscape&quot;},&quot;full&quot;:{&quot;url&quot;:&quot;https:\/\/www.paristouristinformation.fr\/de\/wp-content\/uploads\/2024\/09\/Musee-dOrsay-Dedicated-Entrance-2.png&quot;,&quot;height&quot;:956,&quot;width&quot;:1468,&quot;orientation&quot;:&quot;landscape&quot;}}\"><\/span><span><img decoding=\"async\" alt=\"\" data-id=\"13760\" width=\"1548\" height=\"970\" title=\"Mus\u00e9e d'Orsay, Sondereingang 3\" src=\"https:\/\/www.paristouristinformation.fr\/de\/wp-content\/uploads\/2024\/09\/Musee-dOrsay-Dedicated-Entrance-3-1024x642-1.png\" data-src=\"https:\/\/www.paristouristinformation.fr\/de\/wp-content\/uploads\/2024\/09\/Musee-dOrsay-Dedicated-Entrance-3-300x188-1.png\" loading=\"lazy\" data-sizes=\"{&quot;thumbnail&quot;:{&quot;url&quot;:&quot;https:\/\/www.paristouristinformation.fr\/de\/wp-content\/uploads\/2024\/09\/Musee-dOrsay-Dedicated-Entrance-3-333x205-1.png&quot;,&quot;height&quot;:205,&quot;width&quot;:333,&quot;orientation&quot;:&quot;landscape&quot;},&quot;medium&quot;:{&quot;url&quot;:&quot;https:\/\/www.paristouristinformation.fr\/de\/wp-content\/uploads\/2024\/09\/Musee-dOrsay-Dedicated-Entrance-3-300x188-1.png&quot;,&quot;height&quot;:188,&quot;width&quot;:300,&quot;orientation&quot;:&quot;landscape&quot;},&quot;large&quot;:{&quot;url&quot;:&quot;https:\/\/www.paristouristinformation.fr\/de\/wp-content\/uploads\/2024\/09\/Musee-dOrsay-Dedicated-Entrance-3-1024x642-1.png&quot;,&quot;height&quot;:642,&quot;width&quot;:1024,&quot;orientation&quot;:&quot;landscape&quot;},&quot;full&quot;:{&quot;url&quot;:&quot;https:\/\/www.paristouristinformation.fr\/de\/wp-content\/uploads\/2024\/09\/Musee-dOrsay-Dedicated-Entrance-3.png&quot;,&quot;height&quot;:970,&quot;width&quot;:1548,&quot;orientation&quot;:&quot;landscape&quot;},&quot;1536x1536&quot;:{&quot;url&quot;:&quot;https:\/\/www.paristouristinformation.fr\/de\/wp-content\/uploads\/2024\/09\/Musee-dOrsay-Dedicated-Entrance-3-1536x962-1.png&quot;,&quot;height&quot;:962,&quot;width&quot;:1536,&quot;orientation&quot;:&quot;landscape&quot;}}\"><\/span><span><img decoding=\"async\" alt=\"\" data-id=\"13759\" width=\"1544\" height=\"938\" title=\"Mus\u00e9e d'Orsay, spezieller Eingang 4\" src=\"https:\/\/www.paristouristinformation.fr\/de\/wp-content\/uploads\/2024\/09\/Musee-dOrsay-Dedicated-Entrance-4-1024x622-1.png\" data-src=\"https:\/\/www.paristouristinformation.fr\/de\/wp-content\/uploads\/2024\/09\/Musee-dOrsay-Dedicated-Entrance-4-300x182-1.png\" loading=\"lazy\" data-sizes=\"{&quot;thumbnail&quot;:{&quot;url&quot;:&quot;https:\/\/www.paristouristinformation.fr\/de\/wp-content\/uploads\/2024\/09\/Musee-dOrsay-Dedicated-Entrance-4-333x205-1.png&quot;,&quot;height&quot;:205,&quot;width&quot;:333,&quot;orientation&quot;:&quot;landscape&quot;},&quot;medium&quot;:{&quot;url&quot;:&quot;https:\/\/www.paristouristinformation.fr\/de\/wp-content\/uploads\/2024\/09\/Musee-dOrsay-Dedicated-Entrance-4-300x182-1.png&quot;,&quot;height&quot;:182,&quot;width&quot;:300,&quot;orientation&quot;:&quot;landscape&quot;},&quot;large&quot;:{&quot;url&quot;:&quot;https:\/\/www.paristouristinformation.fr\/de\/wp-content\/uploads\/2024\/09\/Musee-dOrsay-Dedicated-Entrance-4-1024x622-1.png&quot;,&quot;height&quot;:622,&quot;width&quot;:1024,&quot;orientation&quot;:&quot;landscape&quot;},&quot;full&quot;:{&quot;url&quot;:&quot;https:\/\/www.paristouristinformation.fr\/de\/wp-content\/uploads\/2024\/09\/Musee-dOrsay-Dedicated-Entrance-4.png&quot;,&quot;height&quot;:938,&quot;width&quot;:1544,&quot;orientation&quot;:&quot;landscape&quot;},&quot;1536x1536&quot;:{&quot;url&quot;:&quot;https:\/\/www.paristouristinformation.fr\/de\/wp-content\/uploads\/2024\/09\/Musee-dOrsay-Dedicated-Entrance-4-1536x933-1.png&quot;,&quot;height&quot;:933,&quot;width&quot;:1536,&quot;orientation&quot;:&quot;landscape&quot;}}\"><\/span><span><img decoding=\"async\" alt=\"\" data-id=\"13758\" width=\"1500\" height=\"1018\" title=\"Mus\u00e9e d'Orsay, Sondereingang 5\" src=\"https:\/\/www.paristouristinformation.fr\/de\/wp-content\/uploads\/2024\/09\/Musee-dOrsay-Dedicated-Entrance-5-1024x695-1.png\" data-src=\"https:\/\/www.paristouristinformation.fr\/de\/wp-content\/uploads\/2024\/09\/Musee-dOrsay-Dedicated-Entrance-5-300x204-1.png\" loading=\"lazy\" data-sizes=\"{&quot;thumbnail&quot;:{&quot;url&quot;:&quot;https:\/\/www.paristouristinformation.fr\/de\/wp-content\/uploads\/2024\/09\/Musee-dOrsay-Dedicated-Entrance-5-333x205-1.png&quot;,&quot;height&quot;:205,&quot;width&quot;:333,&quot;orientation&quot;:&quot;landscape&quot;},&quot;medium&quot;:{&quot;url&quot;:&quot;https:\/\/www.paristouristinformation.fr\/de\/wp-content\/uploads\/2024\/09\/Musee-dOrsay-Dedicated-Entrance-5-300x204-1.png&quot;,&quot;height&quot;:204,&quot;width&quot;:300,&quot;orientation&quot;:&quot;landscape&quot;},&quot;large&quot;:{&quot;url&quot;:&quot;https:\/\/www.paristouristinformation.fr\/de\/wp-content\/uploads\/2024\/09\/Musee-dOrsay-Dedicated-Entrance-5-1024x695-1.png&quot;,&quot;height&quot;:695,&quot;width&quot;:1024,&quot;orientation&quot;:&quot;landscape&quot;},&quot;full&quot;:{&quot;url&quot;:&quot;https:\/\/www.paristouristinformation.fr\/de\/wp-content\/uploads\/2024\/09\/Musee-dOrsay-Dedicated-Entrance-5.png&quot;,&quot;height&quot;:1018,&quot;width&quot;:1500,&quot;orientation&quot;:&quot;landscape&quot;}}\"><\/span><span><img decoding=\"async\" alt=\"\" data-id=\"13757\" width=\"1554\" height=\"1018\" title=\"Mus\u00e9e d'Orsay, Sondereingang 6\" src=\"https:\/\/www.paristouristinformation.fr\/de\/wp-content\/uploads\/2024\/09\/Musee-dOrsay-Dedicated-Entrance-6-1024x671-1.png\" data-src=\"https:\/\/www.paristouristinformation.fr\/de\/wp-content\/uploads\/2024\/09\/Musee-dOrsay-Dedicated-Entrance-6-300x197-1.png\" loading=\"lazy\" data-sizes=\"{&quot;thumbnail&quot;:{&quot;url&quot;:&quot;https:\/\/www.paristouristinformation.fr\/de\/wp-content\/uploads\/2024\/09\/Musee-dOrsay-Dedicated-Entrance-6-333x205-1.png&quot;,&quot;height&quot;:205,&quot;width&quot;:333,&quot;orientation&quot;:&quot;landscape&quot;},&quot;medium&quot;:{&quot;url&quot;:&quot;https:\/\/www.paristouristinformation.fr\/de\/wp-content\/uploads\/2024\/09\/Musee-dOrsay-Dedicated-Entrance-6-300x197-1.png&quot;,&quot;height&quot;:197,&quot;width&quot;:300,&quot;orientation&quot;:&quot;landscape&quot;},&quot;large&quot;:{&quot;url&quot;:&quot;https:\/\/www.paristouristinformation.fr\/de\/wp-content\/uploads\/2024\/09\/Musee-dOrsay-Dedicated-Entrance-6-1024x671-1.png&quot;,&quot;height&quot;:671,&quot;width&quot;:1024,&quot;orientation&quot;:&quot;landscape&quot;},&quot;full&quot;:{&quot;url&quot;:&quot;https:\/\/www.paristouristinformation.fr\/de\/wp-content\/uploads\/2024\/09\/Musee-dOrsay-Dedicated-Entrance-6.png&quot;,&quot;height&quot;:1018,&quot;width&quot;:1554,&quot;orientation&quot;:&quot;landscape&quot;},&quot;1536x1536&quot;:{&quot;url&quot;:&quot;https:\/\/www.paristouristinformation.fr\/de\/wp-content\/uploads\/2024\/09\/Musee-dOrsay-Dedicated-Entrance-6-1536x1006-1.png&quot;,&quot;height&quot;:1006,&quot;width&quot;:1536,&quot;orientation&quot;:&quot;landscape&quot;}}\"><\/span><\/p>\n<h1 data-qa-marker=\"product-name\">Mus\u00e9e d&#8217;Orsay Tickets mit Schnelleinlass<\/h1>\n<h2><a href=\"https:\/\/www.headout.com\/r\/most-amazing-placesrecommends-2nnvv\/\" target=\"_blank\" rel=\"nofollow noopener\" style=\"outline: none;\">Zur Buchung<\/a><\/h2>\n<h1><a href=\"https:\/\/www.headout.com\/r\/most-amazing-placesrecommends-2nnvv\/\" target=\"_blank\" rel=\"nofollow noopener\" style=\"outline: none;\"><strong>Ab \u20ac12.00<\/strong><\/a><\/h1>\n<p dir=\"ltr\">Erleben Sie die Sch\u00e4tze des Mus\u00e9e d&#8217;Orsay stressfrei. Mit diesem Ticket haben Sie exklusiven Eintritt, um Frankreichs bedeutendste Sammlung impressionistischer, postimpressionistischer und Jugendstil-Meisterwerke in der atemberaubenden Kulisse eines historischen Beaux-Arts-Bahnhofs zu erkunden.<\/p>\n<ul>\n<li style=\"\"><span>Handverlesenes Ticket&nbsp;<\/span><\/li>\n<li style=\"\">                    <span>Sofortige Best\u00e4tigung<\/span><\/li>\n<li style=\"\"><span>Schnelleinlass<\/span><\/li>\n<li style=\"\"><span>R\u00fcckerstattungsf\u00e4hige Tickets erh\u00e4ltlich<\/span><\/li>\n<\/ul>\n<h2>Inbegriffen<\/h2>\n<ul>\n<li style=\"\">                    <span>Tickets mit bevorzugtem Eintritt ins Mus\u00e9e d&#8217;Orsay<\/span><\/li>\n<li><span>Zugang zur Dauerausstellung<\/span><\/li>\n<li><span>Zugang zu Wechselausstellungen (je nach gew\u00e4hlter Option)<\/span><\/li>\n<li><span>Digitaler Audioguide (je nach gew\u00e4hlter Option)<\/span><\/li>\n<\/ul>\n<h2>Nicht inbegriffen<\/h2>\n<ul>\n<li style=\"\"><span>Bevorzugter Einlass bei Sicherheitskontrollen und Ausstellungen<\/span><\/li>\n<\/ul>\n<h2>Wichtige Informationen<\/h2>\n<ul>\n<li style=\"\"><span>Die Tickets behalten am Reservierungstag ihre G\u00fcltigkeit, es gelten die gleichen Wartebedingungen wie f\u00fcr Tickets ohne Zeitstempel.<\/span><\/li>\n<li><span>An gesch\u00e4ftigen Tagen kann es zu Wartezeiten kommen.<\/span><\/li>\n<li><span>Bringen Sie einen g\u00fcltigen Lichtbildausweis mit.<\/span><\/li>\n<li><span>Bei Ankunft au\u00dferhalb Ihres Zeitfensters verf\u00e4llt Ihr reservierter Zugang.<\/span><\/li>\n<li><span>Gro\u00dfe Taschen sind verboten; Gep\u00e4ckst\u00fccke bis zu 56 x 45 x 25 cm k\u00f6nnen vor Ort aufbewahrt werden.<\/span><\/li>\n<\/ul>\n<h2>Beschreibung:<\/h2>\n<p>Tauchen Sie&nbsp; <strong>im Mus\u00e9e d&#8217;Orsay in die Sch\u00f6nheit der franz\u00f6sischen Kunst von 1848 bis 1914<\/strong> ein . Mit diesem Ticket genie\u00dfen Sie&nbsp; <strong>problemlosen Eintritt<\/strong> &nbsp;in eines der atemberaubendsten Museen der Welt, das in einem wundersch\u00f6n restaurierten Beaux-Arts-Bahnhof am Ufer der Seine untergebracht ist. Entdecken Sie ikonische Werke von Meistern wie&nbsp; <strong>Van Gogh, Monet, Gauguin und Degas&nbsp;<\/strong> in einer Umgebung, die ebenso faszinierend ist wie die Kunst selbst.<\/p>\n<h2>H\u00f6hepunkte:<\/h2>\n<ul>\n<li>Erhalten Sie einen bevorzugten Einlass f\u00fcr ein nahtloses Museumserlebnis<\/li>\n<li>Entdecken Sie eine umfangreiche Sammlung impressionistischer und postimpressionistischer Meisterwerke<\/li>\n<li>Bewundern Sie zeitlose Werke wie Van Goghs \u201eSternennacht \u00fcber der Rhone\u201c<\/li>\n<li>Entdecken Sie die atemberaubende Lage des Museums in einem historischen Beaux-Arts-Bahnhof<\/li>\n<li>Besuchen Sie tempor\u00e4re Ausstellungen und tauchen Sie tiefer in das k\u00fcnstlerische Erbe Frankreichs ein<\/li>\n<\/ul>\n<h2>Mus\u00e9e d\u00b4Orsay<\/h2>\n<p dir=\"ltr\">Esplanade Val\u00e9ry Giscard d&#8217;Estaing, 75007 Paris, Frankreich<\/p>\n<h2>Stornierungsbedingungen<\/h2>\n<p dir=\"ltr\">Tickets sind nicht erstattungsf\u00e4hig und k\u00f6nnen nicht umgebucht oder storniert werden.<\/p>\n<h2>Treffpunkt &amp;&nbsp;Anweisungen<\/h2>\n<p dir=\"ltr\">Zeigen Sie Ihr Ticket mit einem g\u00fcltigen Lichtbildausweis vor. Bitte erscheinen Sie 15 Minuten vor Ihrer geplanten Zeit.<\/p>\n<p><a data-lt-tmp-id=\"lt-618857\" href=\"https:\/\/www.google.com\/maps\/search\/?api=1&amp;query=Esplanade%20Val%C3%A9ry%20Giscard%20d%27Estaing%2075007%20Paris\" rel=\"nofollow noopener\" spellcheck=\"false\" target=\"_blank\" style=\"outline: none;\">In Google Maps \u00f6ffnen<\/a><\/p>\n<h2>Bewertungen<\/h2>\n<p><strong>4.4\/ 5&nbsp; <\/strong><strong>(9900 Bewertungen)<\/strong><\/p>\n<p dir=\"ltr\"><em><em>\u201eEin fantastisches Museum, ehrlich gesagt ziehe ich es dem Louvre vor. Ich war um 16:00 Uhr dort und es war nicht zu voll, der einzige \u00fcberf\u00fcllte Teil war die Van-Gogh-Abteilung. Ich blieb bis zur Schlie\u00dfung, hatte eine tolle Zeit, der Audioguide hat sich definitiv gelohnt!\u201c<\/em> Finn, Vereinigte Staaten, August 2024 <\/em>&nbsp; <a href=\"https:\/\/www.headout.com\/r\/most-amazing-placesrecommends-2nnvv\/\" target=\"_blank\" rel=\"nofollow noopener\" data-lt-tmp-id=\"lt-269899\" spellcheck=\"false\" style=\"outline: none;\">&gt;&gt; Weitere Bewertungen anzeigen<\/a><\/p>\n<h2>Weitere Aktivit\u00e4ten, die Ihnen gefallen k\u00f6nnten<\/h2>\n<p><span># <\/span><strong><span>2<\/span><\/strong><span># <\/span><strong><span>2<\/span><\/strong><span><img decoding=\"async\" alt=\"\" data-id=\"13391\" width=\"159\" data-init-width=\"930\" height=\"99\" data-init-height=\"581\" title=\"Kombiticket (10 % sparen) \u2013 Mus\u00e9e d\u2019Orsay + Tickets f\u00fcr eine Seine-Flusskreuzfahrt\" loading=\"lazy\" src=\"https:\/\/paristouristinformation.fr\/wp-content\/uploads\/2024\/08\/Combo-Save-10-Orsay-Museum-Seine-River-Cruise-Tickets.avif\" data-width=\"159\" data-height=\"99\" style=\"aspect-ratio: auto 930 \/ 581;\"><\/span><\/p>\n<table>\n<tbody>\n<tr>\n<td><a data-lt-tmp-id=\"lt-867382\" href=\"https:\/\/www.headout.com\/r\/most-amazing-placesrecommends-ATTTs\/\" rel=\"nofollow noopener\" spellcheck=\"false\" target=\"_blank\" style=\"outline: none;\">Kombi: Orsay-Museum + Seine-Flusskreuzfahrt-Tickets<\/a><\/td>\n<\/tr>\n<\/tbody>\n<\/table>\n<p dir=\"ltr\">Sparen Sie Zeit und Geld mit diesem Kombiticket f\u00fcr das Mus\u00e9e d&#8217;Orsay und eine Seine-Kreuzfahrt. Genie\u00dfen Sie erstklassige Kunst und malerische Ausblicke auf Paris in einem praktischen Paket.<\/p>\n<h3 style=\"\">Gesamtpreis<\/h3>\n<h3 style=\"\">Ihr Konto wird noch nicht belastet.<\/h3>\n<p><span># <\/span><strong><span>2<\/span><\/strong><span><img decoding=\"async\" alt=\"\" data-id=\"13393\" width=\"159\" data-init-width=\"1185\" height=\"83\" data-init-height=\"616\" title=\"Paris: F\u00fchrung durch das Mus\u00e9e d'Orsay mit Optionen\" loading=\"lazy\" src=\"https:\/\/www.paristouristinformation.fr\/de\/wp-content\/uploads\/2024\/09\/Paris-Musee-dOrsay-Guided-Tour-with-Options-.jpg\" data-width=\"159\" data-height=\"83\" style=\"aspect-ratio: auto 1185 \/ 616;\"><\/span><\/p>\n<table>\n<tbody>\n<tr>\n<td><a data-lt-tmp-id=\"lt-163467\" href=\"https:\/\/gyg.me\/nZMO7tel\" rel=\"nofollow noopener\" spellcheck=\"false\" target=\"_blank\" style=\"outline: none;\">Paris: Mus\u00e9e d&#8217;Orsay Guided Tour mit Optionen<\/a><\/td>\n<\/tr>\n<\/tbody>\n<\/table>\n<p>Entdecken Sie die Meisterwerke des Mus\u00e9e d&#8217;Orsay bei einer 1,5-st\u00fcndigen F\u00fchrung. Erkunden Sie die Highlights des Museums und erhalten Sie fachkundige Einblicke in seine weltber\u00fchmte Kunstsammlung.<\/p>\n<h3 style=\"\">Gesamtpreis<\/h3>\n<h3 style=\"\">Ihr Konto wird noch nicht belastet.<\/h3>\n<\/p>\n<h2><a href=\"https:\/\/www.headout.com\/r\/most-amazing-placesrecommends-2nnvv\/\" target=\"_blank\" rel=\"nofollow noopener\" style=\"outline: none;\" data-lt-tmp-id=\"lt-708889\" spellcheck=\"false\">Zur Buchung<\/a><span style=\"font-weight: normal;\"><\/span><\/h2>\n<p><strong style=\"outline: currentcolor;\"><a href=\"https:\/\/www.headout.com\/r\/most-amazing-placesrecommends-2nnvv\/\" target=\"_blank\" rel=\"nofollow noopener\" data-lt-tmp-id=\"lt-697306\" spellcheck=\"false\" style=\"outline: none;\">Ab \u20ac12.00<\/a><\/strong><\/p>\n<p style=\"\">Ihr Konto wird noch nicht belastet.<\/p>\n","protected":false},"excerpt":{"rendered":"<p>Mus\u00e9e d&#8217;Orsay Tickets mit Schnelleinlass Zur Buchung Ab \u20ac12.00 Erleben Sie die Sch\u00e4tze des Mus\u00e9e d&#8217;Orsay stressfrei. Mit diesem Ticket haben Sie exklusiven Eintritt, um Frankreichs bedeutendste Sammlung impressionistischer, postimpressionistischer und Jugendstil-Meisterwerke in der atemberaubenden Kulisse eines historischen Beaux-Arts-Bahnhofs zu erkunden. Handverlesenes Ticket&nbsp; Sofortige Best\u00e4tigung Schnelleinlass R\u00fcckerstattungsf\u00e4hige Tickets erh\u00e4ltlich Inbegriffen Tickets mit bevorzugtem Eintritt ins [&hellip;]<\/p>\n","protected":false},"author":11,"featured_media":13713,"parent":0,"menu_order":0,"comment_status":"closed","ping_status":"closed","template":"","meta":{"footnotes":"","tve_updated_post":"","tve_custom_css":"","tve_user_custom_css":"","tve_globals":{},"tcb2_ready":1,"tcb_editor_enabled":1,"tve_landing_page":"bd86f3fc67210fed5b2794ad4a56d3a9","_tve_header":"2742","_tve_footer":"2743"},"tags":[69],"class_list":["post-13705","page","type-page","status-publish","has-post-thumbnail","hentry","tag-sales-pages","post-wrapper","thrv_wrapper"],"wp-worthy-pixel":{"ignored":false,"public":null,"server":null,"url":null},"wp-worthy-type":"normal","_links":{"self":[{"href":"https:\/\/www.paristouristinformation.fr\/de\/wp-json\/wp\/v2\/pages\/13705","targetHints":{"allow":["GET"]}}],"collection":[{"href":"https:\/\/www.paristouristinformation.fr\/de\/wp-json\/wp\/v2\/pages"}],"about":[{"href":"https:\/\/www.paristouristinformation.fr\/de\/wp-json\/wp\/v2\/types\/page"}],"author":[{"embeddable":true,"href":"https:\/\/www.paristouristinformation.fr\/de\/wp-json\/wp\/v2\/users\/11"}],"replies":[{"embeddable":true,"href":"https:\/\/www.paristouristinformation.fr\/de\/wp-json\/wp\/v2\/comments?post=13705"}],"version-history":[{"count":20,"href":"https:\/\/www.paristouristinformation.fr\/de\/wp-json\/wp\/v2\/pages\/13705\/revisions"}],"predecessor-version":[{"id":14405,"href":"https:\/\/www.paristouristinformation.fr\/de\/wp-json\/wp\/v2\/pages\/13705\/revisions\/14405"}],"wp:featuredmedia":[{"embeddable":true,"href":"https:\/\/www.paristouristinformation.fr\/de\/wp-json\/wp\/v2\/media\/13713"}],"wp:attachment":[{"href":"https:\/\/www.paristouristinformation.fr\/de\/wp-json\/wp\/v2\/media?parent=13705"}],"wp:term":[{"taxonomy":"post_tag","embeddable":true,"href":"https:\/\/www.paristouristinformation.fr\/de\/wp-json\/wp\/v2\/tags?post=13705"}],"curies":[{"name":"wp","href":"https:\/\/api.w.org\/{rel}","templated":true}]}}