{"id":13744,"date":"2024-09-19T13:09:10","date_gmt":"2024-09-19T13:09:10","guid":{"rendered":"https:\/\/www.paristouristinformation.fr\/de\/?page_id=13744"},"modified":"2026-04-13T08:28:49","modified_gmt":"2026-04-13T08:28:49","slug":"arc-de-triomphe-tickets","status":"publish","type":"page","link":"https:\/\/www.paristouristinformation.fr\/de\/arc-de-triomphe-tickets\/","title":{"rendered":"Arc de Triomphe Tickets mit Zugang zur Dachterrasse"},"content":{"rendered":"<p><span><img decoding=\"async\" alt=\"\" data-id=\"13418\" width=\"1538\" height=\"1046\" title=\"Eintrittskarte f\u00fcr den Arc de Triomphe + Zugang zum Dach 2\" src=\"https:\/\/www.paristouristinformation.fr\/de\/wp-content\/uploads\/2024\/09\/Arc-de-Triomphe-Entry-ticket-Rooftop-Access-2-1024x696-1.png\" data-src=\"https:\/\/www.paristouristinformation.fr\/de\/wp-content\/uploads\/2024\/09\/Arc-de-Triomphe-Entry-ticket-Rooftop-Access-2-300x204-1.png\" loading=\"lazy\" data-sizes=\"{&quot;thumbnail&quot;:{&quot;url&quot;:&quot;https:\/\/www.paristouristinformation.fr\/de\/wp-content\/uploads\/2024\/09\/Arc-de-Triomphe-Entry-ticket-Rooftop-Access-2-333x205-1.png&quot;,&quot;height&quot;:205,&quot;width&quot;:333,&quot;orientation&quot;:&quot;landscape&quot;},&quot;medium&quot;:{&quot;url&quot;:&quot;https:\/\/www.paristouristinformation.fr\/de\/wp-content\/uploads\/2024\/09\/Arc-de-Triomphe-Entry-ticket-Rooftop-Access-2-300x204-1.png&quot;,&quot;height&quot;:204,&quot;width&quot;:300,&quot;orientation&quot;:&quot;landscape&quot;},&quot;large&quot;:{&quot;url&quot;:&quot;https:\/\/www.paristouristinformation.fr\/de\/wp-content\/uploads\/2024\/09\/Arc-de-Triomphe-Entry-ticket-Rooftop-Access-2-1024x696-1.png&quot;,&quot;height&quot;:696,&quot;width&quot;:1024,&quot;orientation&quot;:&quot;landscape&quot;},&quot;full&quot;:{&quot;url&quot;:&quot;https:\/\/www.paristouristinformation.fr\/de\/wp-content\/uploads\/2024\/09\/Arc-de-Triomphe-Entry-ticket-Rooftop-Access-2.png&quot;,&quot;height&quot;:1046,&quot;width&quot;:1538,&quot;orientation&quot;:&quot;landscape&quot;},&quot;1536x1536&quot;:{&quot;url&quot;:&quot;https:\/\/www.paristouristinformation.fr\/de\/wp-content\/uploads\/2024\/09\/Arc-de-Triomphe-Entry-ticket-Rooftop-Access-2-1536x1045-1.png&quot;,&quot;height&quot;:1045,&quot;width&quot;:1536,&quot;orientation&quot;:&quot;landscape&quot;}}\"><\/span><span><img decoding=\"async\" alt=\"\" data-id=\"13419\" width=\"1538\" height=\"1010\" title=\"Eintrittskarte f\u00fcr den Arc de Triomphe + Zugang zum Dach 3\" src=\"https:\/\/www.paristouristinformation.fr\/de\/wp-content\/uploads\/2024\/09\/Arc-de-Triomphe-Entry-ticket-Rooftop-Access-3-1024x672-1.png\" data-src=\"https:\/\/www.paristouristinformation.fr\/de\/wp-content\/uploads\/2024\/09\/Arc-de-Triomphe-Entry-ticket-Rooftop-Access-3-300x197-1.png\" loading=\"lazy\" data-sizes=\"{&quot;thumbnail&quot;:{&quot;url&quot;:&quot;https:\/\/www.paristouristinformation.fr\/de\/wp-content\/uploads\/2024\/09\/Arc-de-Triomphe-Entry-ticket-Rooftop-Access-3-333x205-1.png&quot;,&quot;height&quot;:205,&quot;width&quot;:333,&quot;orientation&quot;:&quot;landscape&quot;},&quot;medium&quot;:{&quot;url&quot;:&quot;https:\/\/www.paristouristinformation.fr\/de\/wp-content\/uploads\/2024\/09\/Arc-de-Triomphe-Entry-ticket-Rooftop-Access-3-300x197-1.png&quot;,&quot;height&quot;:197,&quot;width&quot;:300,&quot;orientation&quot;:&quot;landscape&quot;},&quot;large&quot;:{&quot;url&quot;:&quot;https:\/\/www.paristouristinformation.fr\/de\/wp-content\/uploads\/2024\/09\/Arc-de-Triomphe-Entry-ticket-Rooftop-Access-3-1024x672-1.png&quot;,&quot;height&quot;:672,&quot;width&quot;:1024,&quot;orientation&quot;:&quot;landscape&quot;},&quot;full&quot;:{&quot;url&quot;:&quot;https:\/\/www.paristouristinformation.fr\/de\/wp-content\/uploads\/2024\/09\/Arc-de-Triomphe-Entry-ticket-Rooftop-Access-3.png&quot;,&quot;height&quot;:1010,&quot;width&quot;:1538,&quot;orientation&quot;:&quot;landscape&quot;},&quot;1536x1536&quot;:{&quot;url&quot;:&quot;https:\/\/www.paristouristinformation.fr\/de\/wp-content\/uploads\/2024\/09\/Arc-de-Triomphe-Entry-ticket-Rooftop-Access-3-1536x1009-1.png&quot;,&quot;height&quot;:1009,&quot;width&quot;:1536,&quot;orientation&quot;:&quot;landscape&quot;}}\"><\/span><span><img decoding=\"async\" alt=\"\" data-id=\"13417\" width=\"1192\" height=\"902\" title=\"Eintrittskarte f\u00fcr den Arc de Triomphe + Zugang zum Dach 6\" src=\"https:\/\/www.paristouristinformation.fr\/de\/wp-content\/uploads\/2024\/09\/Arc-de-Triomphe-Entry-ticket-Rooftop-Access-6-1024x775-1.png\" data-src=\"https:\/\/www.paristouristinformation.fr\/de\/wp-content\/uploads\/2024\/09\/Arc-de-Triomphe-Entry-ticket-Rooftop-Access-6-300x227-1.png\" loading=\"lazy\" data-sizes=\"{&quot;thumbnail&quot;:{&quot;url&quot;:&quot;https:\/\/www.paristouristinformation.fr\/de\/wp-content\/uploads\/2024\/09\/Arc-de-Triomphe-Entry-ticket-Rooftop-Access-6-333x205-1.png&quot;,&quot;height&quot;:205,&quot;width&quot;:333,&quot;orientation&quot;:&quot;landscape&quot;},&quot;medium&quot;:{&quot;url&quot;:&quot;https:\/\/www.paristouristinformation.fr\/de\/wp-content\/uploads\/2024\/09\/Arc-de-Triomphe-Entry-ticket-Rooftop-Access-6-300x227-1.png&quot;,&quot;height&quot;:227,&quot;width&quot;:300,&quot;orientation&quot;:&quot;landscape&quot;},&quot;large&quot;:{&quot;url&quot;:&quot;https:\/\/www.paristouristinformation.fr\/de\/wp-content\/uploads\/2024\/09\/Arc-de-Triomphe-Entry-ticket-Rooftop-Access-6-1024x775-1.png&quot;,&quot;height&quot;:775,&quot;width&quot;:1024,&quot;orientation&quot;:&quot;landscape&quot;},&quot;full&quot;:{&quot;url&quot;:&quot;https:\/\/www.paristouristinformation.fr\/de\/wp-content\/uploads\/2024\/09\/Arc-de-Triomphe-Entry-ticket-Rooftop-Access-6.png&quot;,&quot;height&quot;:902,&quot;width&quot;:1192,&quot;orientation&quot;:&quot;landscape&quot;}}\"><\/span><span><img decoding=\"async\" alt=\"\" data-id=\"13415\" width=\"1528\" height=\"1064\" title=\"Eintrittskarte f\u00fcr den Arc de Triomphe + Zugang zum Dach 5\" src=\"https:\/\/www.paristouristinformation.fr\/de\/wp-content\/uploads\/2024\/09\/Arc-de-Triomphe-Entry-ticket-Rooftop-Access-5-1024x713-1.png\" data-src=\"https:\/\/www.paristouristinformation.fr\/de\/wp-content\/uploads\/2024\/09\/Arc-de-Triomphe-Entry-ticket-Rooftop-Access-5-300x209-1.png\" loading=\"lazy\" data-sizes=\"{&quot;thumbnail&quot;:{&quot;url&quot;:&quot;https:\/\/www.paristouristinformation.fr\/de\/wp-content\/uploads\/2024\/09\/Arc-de-Triomphe-Entry-ticket-Rooftop-Access-5-333x205-1.png&quot;,&quot;height&quot;:205,&quot;width&quot;:333,&quot;orientation&quot;:&quot;landscape&quot;},&quot;medium&quot;:{&quot;url&quot;:&quot;https:\/\/www.paristouristinformation.fr\/de\/wp-content\/uploads\/2024\/09\/Arc-de-Triomphe-Entry-ticket-Rooftop-Access-5-300x209-1.png&quot;,&quot;height&quot;:209,&quot;width&quot;:300,&quot;orientation&quot;:&quot;landscape&quot;},&quot;large&quot;:{&quot;url&quot;:&quot;https:\/\/www.paristouristinformation.fr\/de\/wp-content\/uploads\/2024\/09\/Arc-de-Triomphe-Entry-ticket-Rooftop-Access-5-1024x713-1.png&quot;,&quot;height&quot;:713,&quot;width&quot;:1024,&quot;orientation&quot;:&quot;landscape&quot;},&quot;full&quot;:{&quot;url&quot;:&quot;https:\/\/www.paristouristinformation.fr\/de\/wp-content\/uploads\/2024\/09\/Arc-de-Triomphe-Entry-ticket-Rooftop-Access-5.png&quot;,&quot;height&quot;:1064,&quot;width&quot;:1528,&quot;orientation&quot;:&quot;landscape&quot;}}\"><\/span><span><img decoding=\"async\" alt=\"\" data-id=\"13420\" width=\"1544\" height=\"978\" title=\"Eintrittskarte f\u00fcr den Arc de Triomphe + Zugang zum Dach 4\" src=\"https:\/\/www.paristouristinformation.fr\/de\/wp-content\/uploads\/2024\/09\/Arc-de-Triomphe-Entry-ticket-Rooftop-Access-4-1024x649-1.png\" data-src=\"https:\/\/www.paristouristinformation.fr\/de\/wp-content\/uploads\/2024\/09\/Arc-de-Triomphe-Entry-ticket-Rooftop-Access-4-300x190-1.png\" loading=\"lazy\" data-sizes=\"{&quot;thumbnail&quot;:{&quot;url&quot;:&quot;https:\/\/www.paristouristinformation.fr\/de\/wp-content\/uploads\/2024\/09\/Arc-de-Triomphe-Entry-ticket-Rooftop-Access-4-333x205-1.png&quot;,&quot;height&quot;:205,&quot;width&quot;:333,&quot;orientation&quot;:&quot;landscape&quot;},&quot;medium&quot;:{&quot;url&quot;:&quot;https:\/\/www.paristouristinformation.fr\/de\/wp-content\/uploads\/2024\/09\/Arc-de-Triomphe-Entry-ticket-Rooftop-Access-4-300x190-1.png&quot;,&quot;height&quot;:190,&quot;width&quot;:300,&quot;orientation&quot;:&quot;landscape&quot;},&quot;large&quot;:{&quot;url&quot;:&quot;https:\/\/www.paristouristinformation.fr\/de\/wp-content\/uploads\/2024\/09\/Arc-de-Triomphe-Entry-ticket-Rooftop-Access-4-1024x649-1.png&quot;,&quot;height&quot;:649,&quot;width&quot;:1024,&quot;orientation&quot;:&quot;landscape&quot;},&quot;full&quot;:{&quot;url&quot;:&quot;https:\/\/www.paristouristinformation.fr\/de\/wp-content\/uploads\/2024\/09\/Arc-de-Triomphe-Entry-ticket-Rooftop-Access-4.png&quot;,&quot;height&quot;:978,&quot;width&quot;:1544,&quot;orientation&quot;:&quot;landscape&quot;},&quot;1536x1536&quot;:{&quot;url&quot;:&quot;https:\/\/www.paristouristinformation.fr\/de\/wp-content\/uploads\/2024\/09\/Arc-de-Triomphe-Entry-ticket-Rooftop-Access-4-1536x973-1.png&quot;,&quot;height&quot;:973,&quot;width&quot;:1536,&quot;orientation&quot;:&quot;landscape&quot;}}\"><\/span><\/p>\n<h1 data-qa-marker=\"product-name\" style=\"\">Eintrittstickets f\u00fcr den Arc de Triomphe mit Zugang zur Dachterrasse<\/h1>\n<h2><a href=\"https:\/\/www.headout.com\/de\/paris-arc-de-triomphe-tickets\/schnelleinlass-tickets-arc-de-triomphe-mit-zugang-zum-dach-e-7504\/?affiliate_code=KXkQ69&amp;utm_campaign=parisdearcdetriomphesp&amp;utm_content=link&amp;utm_medium=affiliate&amp;utm_source=most_amazing_places\" target=\"_blank\" rel=\"nofollow noopener\" style=\"outline: none;\"> Zur Buchung<\/a><\/h2>\n<h1><a href=\"https:\/\/www.headout.com\/de\/paris-arc-de-triomphe-tickets\/schnelleinlass-tickets-arc-de-triomphe-mit-zugang-zum-dach-e-7504\/?affiliate_code=KXkQ69&amp;utm_campaign=parisdearcdetriomphesp&amp;utm_content=link&amp;utm_medium=affiliate&amp;utm_source=most_amazing_places\" target=\"_blank\" rel=\"nofollow noopener\" style=\"outline: none;\"><strong>ab 16 \u20ac<\/strong><\/a><\/h1>\n<p dir=\"ltr\">Erleben Sie Paris aus einer ganz neuen Perspektive, mit Eintritt zum ber\u00fchmten Arc de Triomphe. Genie\u00dfen Sie von der Dachterrasse aus einen atemberaubenden Panoramablick auf die Stadt der Lichter und erkunden Sie die reiche Geschichte dieses neoklassizistischen Meisterwerks.<\/p>\n<ul>\n<li style=\"\"><span style=\"\">Mobiles oder ausgedrucktes Ticket wird akzeptiert&nbsp;<\/span><\/li>\n<li style=\"\">                    <span style=\"\">Sofortige Best\u00e4tigung<\/span><\/li>\n<li style=\"\"><span style=\"\">Audioguide<\/span><\/li>\n<li style=\"\"><span style=\"\">Verl\u00e4ngerte G\u00fcltigkeit<\/span><\/li>\n<\/ul>\n<h2>Inbegriffen<\/h2>\n<ul>\n<li style=\"\">                    <span>Eintrittskarte zum Arc de Triomphe<\/span><\/li>\n<li style=\"\">                    <span>Zugang zur Aussichtsplattform auf dem Dach<\/span><\/li>\n<li style=\"\">                    <span>Informative Brosch\u00fcren in 10 Sprachen<br \/><\/span><\/li>\n<li><span>1,5-st\u00fcndiger Audioguide (optional)<\/span><\/li>\n<\/ul>\n<h2>Nicht inbegriffen<\/h2>\n<ul>\n<li style=\"\"><span>F\u00fchrung<\/span><\/li>\n<\/ul>\n<h2>Wichtige Informationen<\/h2>\n<ul>\n<li style=\"\"><span>Ihr Ticket erm\u00f6glicht Ihnen den Besuch jederzeit w\u00e4hrend der \u00d6ffnungszeiten des ausgew\u00e4hlten Datums.<\/span><\/li>\n<li><span>Betreten Sie den Arc de Triomphe \u00fcber den unterirdischen Gang von der Avenue Champs-Elys\u00e9es oder der Grande Arm\u00e9e aus.<\/span><\/li>\n<li><span>Vor dem Zutritt sind Sicherheitskontrollen erforderlich.<\/span><\/li>\n<li><span>Der Aufzug ist nur f\u00fcr Rollstuhlfahrer zug\u00e4nglich, ansonsten m\u00fcssen Sie 284 Stufen hinaufsteigen, um nach oben zu gelangen.<\/span><\/li>\n<li><span>Taschen oder Gegenst\u00e4nde, die die Ma\u00dfe 40 cm x 40 cm x 20 cm \u00fcberschreiten, sowie Kinderwagen sind im Inneren nicht gestattet.<br \/><\/span><\/li>\n<li><span>Letzter Einlass ist 45 Minuten vor Schlie\u00dfung.<\/span><\/li>\n<li><span>Der optionale Audioguide ist auf Englisch, Spanisch, Franz\u00f6sisch, Deutsch und Italienisch verf\u00fcgbar. Bitte aktivieren und laden Sie ihn im Voraus herunter, da das WLAN schlecht ist.<\/span><\/li>\n<\/ul>\n<h2>Beschreibung:<\/h2>\n<p dir=\"ltr\">Entdecken Sie eine der unvergesslichsten Aussichten auf Paris vom <strong>Arc de Triomphe.<\/strong> Dieses neoklassizistische Wunder, inspiriert von r\u00f6mischen Triumphb\u00f6gen, bietet ein <strong>beeindruckendes 360-Grad-Panorama der ber\u00fchmten Stra\u00dfen der Stadt. Tauchen Sie ein in die Geschichte, w\u00e4hrend Sie die komplizierten Skulpturen des Denkmals erkunden, und erfahren Sie mehr \u00fcber seine Bedeutung, w\u00e4hrend Sie das <\/strong><strong>Grabmal des unbekannten Soldaten<\/strong> besuchen.<strong><\/strong><\/p>\n<h2>H\u00f6hepunkte:<\/h2>\n<ul>\n<li>Erklimmen Sie die Spitze eines 50 Meter hohen neoklassizistischen Bogens und genie\u00dfen Sie die beeindruckende Aussicht auf den Eiffelturm, den Tour Montparnasse, Montmartre und mehr<\/li>\n<li>Sehen Sie die gro\u00dfen Pariser Stra\u00dfen, die vom Arc de Triomphe ausgehen.<\/li>\n<li dir=\"ltr\">Entdecken Sie die detailreichen Reliefskulpturen und Friesen, die das Denkmal schm\u00fccken.<\/li>\n<li dir=\"ltr\">Besuchen Sie das Grabmal des unbekannten Soldaten \u2013 eine Hommage an die im Ersten Weltkrieg gefallenen franz\u00f6sischen Soldaten<\/li>\n<li dir=\"ltr\">Werden Sie Zeuge der Zeremonie der ewigen Flamme, die t\u00e4glich um 18:30 Uhr neu entz\u00fcndet wird.<\/li>\n<li dir=\"ltr\">Genie\u00dfen Sie eine Ausstellung, die sich mit der historischen und kulturellen Bedeutung des Arc befasst.<\/li>\n<\/ul>\n<h2>Arc de Triomphe<\/h2>\n<p dir=\"ltr\">Pl. Charles de Gaulle, 75008 Paris<\/p>\n<h2>Stornierungsbedingungen<\/h2>\n<p dir=\"ltr\">Diese Tickets k\u00f6nnen nicht storniert werden.<\/p>\n<h2>Treffpunkt &amp; Anweisungen<\/h2>\n<p dir=\"ltr\">Um zum Arc de Triomphe zu gelangen, benutzen Sie den unterirdischen Gang von der Avenue Champs-Elys\u00e9es oder der Grande Arm\u00e9e. Nachdem Sie die Sicherheitskontrolle bestanden haben, legen Sie Ihr Ticket am Eingang zum Scannen vor.<\/p>\n<p><a href=\"https:\/\/www.google.com\/maps\/search\/?api=1&amp;query=Place%20Charles%20de%20Gaulle%2075008%20Paris\" style=\"outline: none;\" data-lt-tmp-id=\"lt-755238\" spellcheck=\"false\" target=\"_blank\" rel=\"nofollow noopener\">In Google Maps \u00f6ffnen<\/a><\/p>\n<h2>Bewertungen<\/h2>\n<p><strong>4.4\/ 5 &nbsp;<\/strong><strong>(7842 Bewertungen)<\/strong><\/p>\n<p dir=\"ltr\"><em>\u201eDank der vorhandenen Eintrittskarte kein langes anstehen am Arc de Triomphe und eine super F\u00fchrerin Namens Catalina am Eifelturm.&#8220;<\/em>&nbsp;Markus C, April 2026&nbsp;<a href=\"https:\/\/www.headout.com\/r\/most-amazing-placesrecommends-8ffco\/\" target=\"_blank\" rel=\"nofollow noopener\" data-lt-tmp-id=\"lt-557986\" spellcheck=\"false\" style=\"outline: none;\">&gt;&gt; Weitere Bewertungen anzeigen<\/a><\/p>\n<h2>Weitere Aktivit\u00e4ten, die Ihnen gefallen k\u00f6nnten<\/h2>\n<p><span># <\/span><strong><span>2<\/span><\/strong><span># <\/span><strong><span>2<\/span><\/strong><span><img decoding=\"async\" alt=\"\" data-id=\"13410\" width=\"159\" data-init-width=\"930\" height=\"99\" data-init-height=\"581\" title=\"Kombiticket (15 % sparen) \u2013 Dachterrasse des Arc de Triomphe + Tickets f\u00fcr eine Seine-Flusskreuzfahrt\" loading=\"lazy\" src=\"https:\/\/paristouristinformation.fr\/wp-content\/uploads\/2024\/08\/Combo-Save-15-Arc-de-Triomphe-Rooftop-Seine-River-Cruise-Tickets-.avif\" data-width=\"159\" data-height=\"99\" style=\"aspect-ratio: auto 930 \/ 581;\"><\/span><\/p>\n<table>\n<tbody>\n<tr>\n<td><a href=\"https:\/\/www.headout.com\/r\/most-amazing-placesrecommends-B8eMl\/\" target=\"_blank\" rel=\"nofollow noopener\" style=\"outline: none;\" data-lt-tmp-id=\"lt-815264\" spellcheck=\"false\">Kombitickets: Arc de Triomphe mit Zugang zum Dach + Seine-Fahrt<\/a><\/td>\n<\/tr>\n<\/tbody>\n<\/table>\n<p dir=\"ltr\">Sparen Sie Geld mit diesem Kombiticket f\u00fcr das Dach des Arc de Triomphe und eine Seine-Kreuzfahrt. Genie\u00dfen Sie den atemberaubenden Panoramablick auf Paris vom Dach des Arc de Triomphe und genie\u00dfen Sie anschlie\u00dfend eine entspannende Kreuzfahrt auf der Seine.<\/p>\n<h3 style=\"\">Gesamtpreis<\/h3>\n<h3 style=\"\">Ihr Konto wird noch nicht belastet.<br \/><\/h3>\n<p><span># <\/span><strong><span>2<\/span><\/strong><span><img decoding=\"async\" alt=\"\" data-id=\"13412\" width=\"159\" data-init-width=\"1185\" height=\"83\" data-init-height=\"616\" title=\"Paris - Tootbus Hop-on Hop-off Entdeckungsbustour\" loading=\"lazy\" src=\"https:\/\/www.paristouristinformation.fr\/de\/wp-content\/uploads\/2024\/09\/Paris-Tootbus-Hop-on-Hop-off-Discovery-Bus-Tour.jpg\" data-width=\"159\" data-height=\"83\" style=\"aspect-ratio: auto 1185 \/ 616;\"><\/span><\/p>\n<table>\n<tbody>\n<tr>\n<td><a href=\"https:\/\/gyg.me\/LgS5wsQ9\" target=\"_blank\" rel=\"nofollow noopener\" style=\"outline: none;\" data-lt-tmp-id=\"lt-163467\" spellcheck=\"false\">Paris: Hop-On\/Hop-Off-Entdeckungsbustour im Tootbus<\/a><\/td>\n<\/tr>\n<\/tbody>\n<\/table>\n<p>Erkunden Sie Paris in Ihrem eigenen Tempo mit einer Tootbus Hop-on Hop-off Discovery Bus Tour. W\u00e4hlen Sie ein 1-, 2- oder 3-Tagesticket und genie\u00dfen Sie die Freiheit eines offenen Busses, um die wichtigsten Sehensw\u00fcrdigkeiten der Stadt zu sehen.<\/p>\n<h3 style=\"\">Gesamtpreis<\/h3>\n<h3 style=\"\">Ihr Konto wird noch nicht belastet.<br \/><\/h3>\n<p><\/p>\n<h2><a href=\"https:\/\/www.headout.com\/de\/paris-arc-de-triomphe-tickets\/schnelleinlass-tickets-arc-de-triomphe-mit-zugang-zum-dach-e-7504\/?affiliate_code=KXkQ69&amp;utm_campaign=parisdearcdetriomphesp&amp;utm_content=link&amp;utm_medium=affiliate&amp;utm_source=most_amazing_places\" target=\"_blank\" rel=\"nofollow noopener\" style=\"outline: none;\"> Zur Buchung<\/a><\/h2>\n<h1><a href=\"https:\/\/www.headout.com\/de\/paris-arc-de-triomphe-tickets\/schnelleinlass-tickets-arc-de-triomphe-mit-zugang-zum-dach-e-7504\/?affiliate_code=KXkQ69&amp;utm_campaign=parisdearcdetriomphesp&amp;utm_content=link&amp;utm_medium=affiliate&amp;utm_source=most_amazing_places\" target=\"_blank\" rel=\"nofollow noopener\" style=\"outline: none;\" spellcheck=\"false\"><strong>Ab 16 \u20ac<\/strong><\/a><\/h1>\n<p style=\"\">Ihr Konto wird noch nicht belastet.<\/p>\n","protected":false},"excerpt":{"rendered":"<p>Eintrittstickets f\u00fcr den Arc de Triomphe mit Zugang zur Dachterrasse Zur Buchung ab 16 \u20ac Erleben Sie Paris aus einer ganz neuen Perspektive, mit Eintritt zum ber\u00fchmten Arc de Triomphe. Genie\u00dfen Sie von der Dachterrasse aus einen atemberaubenden Panoramablick auf die Stadt der Lichter und erkunden Sie die reiche Geschichte dieses neoklassizistischen Meisterwerks. Mobiles oder [&hellip;]<\/p>\n","protected":false},"author":11,"featured_media":13752,"parent":0,"menu_order":0,"comment_status":"closed","ping_status":"closed","template":"","meta":{"footnotes":""},"tags":[69],"class_list":["post-13744","page","type-page","status-publish","has-post-thumbnail","hentry","tag-sales-pages","post-wrapper","thrv_wrapper"],"wp-worthy-pixel":{"ignored":false,"public":null,"server":null,"url":null},"wp-worthy-type":"normal","_links":{"self":[{"href":"https:\/\/www.paristouristinformation.fr\/de\/wp-json\/wp\/v2\/pages\/13744","targetHints":{"allow":["GET"]}}],"collection":[{"href":"https:\/\/www.paristouristinformation.fr\/de\/wp-json\/wp\/v2\/pages"}],"about":[{"href":"https:\/\/www.paristouristinformation.fr\/de\/wp-json\/wp\/v2\/types\/page"}],"author":[{"embeddable":true,"href":"https:\/\/www.paristouristinformation.fr\/de\/wp-json\/wp\/v2\/users\/11"}],"replies":[{"embeddable":true,"href":"https:\/\/www.paristouristinformation.fr\/de\/wp-json\/wp\/v2\/comments?post=13744"}],"version-history":[{"count":24,"href":"https:\/\/www.paristouristinformation.fr\/de\/wp-json\/wp\/v2\/pages\/13744\/revisions"}],"predecessor-version":[{"id":16009,"href":"https:\/\/www.paristouristinformation.fr\/de\/wp-json\/wp\/v2\/pages\/13744\/revisions\/16009"}],"wp:featuredmedia":[{"embeddable":true,"href":"https:\/\/www.paristouristinformation.fr\/de\/wp-json\/wp\/v2\/media\/13752"}],"wp:attachment":[{"href":"https:\/\/www.paristouristinformation.fr\/de\/wp-json\/wp\/v2\/media?parent=13744"}],"wp:term":[{"taxonomy":"post_tag","embeddable":true,"href":"https:\/\/www.paristouristinformation.fr\/de\/wp-json\/wp\/v2\/tags?post=13744"}],"curies":[{"name":"wp","href":"https:\/\/api.w.org\/{rel}","templated":true}]}}