{"id":13778,"date":"2024-09-19T13:11:41","date_gmt":"2024-09-19T13:11:41","guid":{"rendered":"https:\/\/www.paristouristinformation.fr\/de\/?page_id=13778"},"modified":"2026-04-13T07:50:54","modified_gmt":"2026-04-13T07:50:54","slug":"moulin-rouge-show-ticket","status":"publish","type":"page","link":"https:\/\/www.paristouristinformation.fr\/de\/moulin-rouge-show-ticket\/","title":{"rendered":"Moulin Rouge Show mit Champagner"},"content":{"rendered":"<p><span><img decoding=\"async\" alt=\"\" data-id=\"13441\" width=\"1838\" height=\"1086\" title=\"Ticket f\u00fcr die Kabarettvorstellung im Moulin Rouge mit Champagner 1\" src=\"https:\/\/www.paristouristinformation.fr\/de\/wp-content\/uploads\/2024\/09\/Moulin-Rouge-Cabaret-Show-Ticket-with-Champagne-1-1024x605-1.png\" data-src=\"https:\/\/www.paristouristinformation.fr\/de\/wp-content\/uploads\/2024\/09\/Moulin-Rouge-Cabaret-Show-Ticket-with-Champagne-1-300x177-1.png\" loading=\"lazy\" data-sizes=\"{&quot;thumbnail&quot;:{&quot;url&quot;:&quot;https:\/\/www.paristouristinformation.fr\/de\/wp-content\/uploads\/2024\/09\/Moulin-Rouge-Cabaret-Show-Ticket-with-Champagne-1-333x205-1.png&quot;,&quot;height&quot;:205,&quot;width&quot;:333,&quot;orientation&quot;:&quot;landscape&quot;},&quot;medium&quot;:{&quot;url&quot;:&quot;https:\/\/www.paristouristinformation.fr\/de\/wp-content\/uploads\/2024\/09\/Moulin-Rouge-Cabaret-Show-Ticket-with-Champagne-1-300x177-1.png&quot;,&quot;height&quot;:177,&quot;width&quot;:300,&quot;orientation&quot;:&quot;landscape&quot;},&quot;large&quot;:{&quot;url&quot;:&quot;https:\/\/www.paristouristinformation.fr\/de\/wp-content\/uploads\/2024\/09\/Moulin-Rouge-Cabaret-Show-Ticket-with-Champagne-1-1024x605-1.png&quot;,&quot;height&quot;:605,&quot;width&quot;:1024,&quot;orientation&quot;:&quot;landscape&quot;},&quot;full&quot;:{&quot;url&quot;:&quot;https:\/\/www.paristouristinformation.fr\/de\/wp-content\/uploads\/2024\/09\/Moulin-Rouge-Cabaret-Show-Ticket-with-Champagne-1.png&quot;,&quot;height&quot;:1086,&quot;width&quot;:1838,&quot;orientation&quot;:&quot;landscape&quot;},&quot;1536x1536&quot;:{&quot;url&quot;:&quot;https:\/\/www.paristouristinformation.fr\/de\/wp-content\/uploads\/2024\/09\/Moulin-Rouge-Cabaret-Show-Ticket-with-Champagne-1-1536x908-1.png&quot;,&quot;height&quot;:908,&quot;width&quot;:1536,&quot;orientation&quot;:&quot;landscape&quot;}}\"><\/span><span><img decoding=\"async\" alt=\"\" data-id=\"13440\" width=\"1638\" height=\"1012\" title=\"Ticket f\u00fcr die Kabarettvorstellung im Moulin Rouge mit Champagner 5\" src=\"https:\/\/www.paristouristinformation.fr\/de\/wp-content\/uploads\/2024\/09\/Moulin-Rouge-Cabaret-Show-Ticket-with-Champagne-5-1024x633-1.png\" data-src=\"https:\/\/www.paristouristinformation.fr\/de\/wp-content\/uploads\/2024\/09\/Moulin-Rouge-Cabaret-Show-Ticket-with-Champagne-5-300x185-1.png\" loading=\"lazy\" data-sizes=\"{&quot;thumbnail&quot;:{&quot;url&quot;:&quot;https:\/\/www.paristouristinformation.fr\/de\/wp-content\/uploads\/2024\/09\/Moulin-Rouge-Cabaret-Show-Ticket-with-Champagne-5-333x205-1.png&quot;,&quot;height&quot;:205,&quot;width&quot;:333,&quot;orientation&quot;:&quot;landscape&quot;},&quot;medium&quot;:{&quot;url&quot;:&quot;https:\/\/www.paristouristinformation.fr\/de\/wp-content\/uploads\/2024\/09\/Moulin-Rouge-Cabaret-Show-Ticket-with-Champagne-5-300x185-1.png&quot;,&quot;height&quot;:185,&quot;width&quot;:300,&quot;orientation&quot;:&quot;landscape&quot;},&quot;large&quot;:{&quot;url&quot;:&quot;https:\/\/www.paristouristinformation.fr\/de\/wp-content\/uploads\/2024\/09\/Moulin-Rouge-Cabaret-Show-Ticket-with-Champagne-5-1024x633-1.png&quot;,&quot;height&quot;:633,&quot;width&quot;:1024,&quot;orientation&quot;:&quot;landscape&quot;},&quot;full&quot;:{&quot;url&quot;:&quot;https:\/\/www.paristouristinformation.fr\/de\/wp-content\/uploads\/2024\/09\/Moulin-Rouge-Cabaret-Show-Ticket-with-Champagne-5.png&quot;,&quot;height&quot;:1012,&quot;width&quot;:1638,&quot;orientation&quot;:&quot;landscape&quot;},&quot;1536x1536&quot;:{&quot;url&quot;:&quot;https:\/\/www.paristouristinformation.fr\/de\/wp-content\/uploads\/2024\/09\/Moulin-Rouge-Cabaret-Show-Ticket-with-Champagne-5-1536x949-1.png&quot;,&quot;height&quot;:949,&quot;width&quot;:1536,&quot;orientation&quot;:&quot;landscape&quot;}}\"><\/span><span><img decoding=\"async\" alt=\"\" data-id=\"13442\" width=\"1676\" height=\"1078\" title=\"Ticket f\u00fcr die Kabarettvorstellung im Moulin Rouge mit Champagner 6\" src=\"https:\/\/www.paristouristinformation.fr\/de\/wp-content\/uploads\/2024\/09\/Moulin-Rouge-Cabaret-Show-Ticket-with-Champagne-6-1024x659-1.png\" data-src=\"https:\/\/www.paristouristinformation.fr\/de\/wp-content\/uploads\/2024\/09\/Moulin-Rouge-Cabaret-Show-Ticket-with-Champagne-6-300x193-1.png\" loading=\"lazy\" data-sizes=\"{&quot;thumbnail&quot;:{&quot;url&quot;:&quot;https:\/\/www.paristouristinformation.fr\/de\/wp-content\/uploads\/2024\/09\/Moulin-Rouge-Cabaret-Show-Ticket-with-Champagne-6-333x205-1.png&quot;,&quot;height&quot;:205,&quot;width&quot;:333,&quot;orientation&quot;:&quot;landscape&quot;},&quot;medium&quot;:{&quot;url&quot;:&quot;https:\/\/www.paristouristinformation.fr\/de\/wp-content\/uploads\/2024\/09\/Moulin-Rouge-Cabaret-Show-Ticket-with-Champagne-6-300x193-1.png&quot;,&quot;height&quot;:193,&quot;width&quot;:300,&quot;orientation&quot;:&quot;landscape&quot;},&quot;large&quot;:{&quot;url&quot;:&quot;https:\/\/www.paristouristinformation.fr\/de\/wp-content\/uploads\/2024\/09\/Moulin-Rouge-Cabaret-Show-Ticket-with-Champagne-6-1024x659-1.png&quot;,&quot;height&quot;:659,&quot;width&quot;:1024,&quot;orientation&quot;:&quot;landscape&quot;},&quot;full&quot;:{&quot;url&quot;:&quot;https:\/\/www.paristouristinformation.fr\/de\/wp-content\/uploads\/2024\/09\/Moulin-Rouge-Cabaret-Show-Ticket-with-Champagne-6.png&quot;,&quot;height&quot;:1078,&quot;width&quot;:1676,&quot;orientation&quot;:&quot;landscape&quot;},&quot;1536x1536&quot;:{&quot;url&quot;:&quot;https:\/\/www.paristouristinformation.fr\/de\/wp-content\/uploads\/2024\/09\/Moulin-Rouge-Cabaret-Show-Ticket-with-Champagne-6-1536x988-1.png&quot;,&quot;height&quot;:988,&quot;width&quot;:1536,&quot;orientation&quot;:&quot;landscape&quot;}}\"><\/span><span><img decoding=\"async\" alt=\"\" data-id=\"13443\" width=\"1596\" height=\"1060\" title=\"Ticket f\u00fcr die Kabarettvorstellung im Moulin Rouge mit Champagner 2\" src=\"https:\/\/www.paristouristinformation.fr\/de\/wp-content\/uploads\/2024\/09\/Moulin-Rouge-Cabaret-Show-Ticket-with-Champagne-2-1024x680-1.png\" data-src=\"https:\/\/www.paristouristinformation.fr\/de\/wp-content\/uploads\/2024\/09\/Moulin-Rouge-Cabaret-Show-Ticket-with-Champagne-2-300x199-1.png\" loading=\"lazy\" data-sizes=\"{&quot;thumbnail&quot;:{&quot;url&quot;:&quot;https:\/\/www.paristouristinformation.fr\/de\/wp-content\/uploads\/2024\/09\/Moulin-Rouge-Cabaret-Show-Ticket-with-Champagne-2-333x205-1.png&quot;,&quot;height&quot;:205,&quot;width&quot;:333,&quot;orientation&quot;:&quot;landscape&quot;},&quot;medium&quot;:{&quot;url&quot;:&quot;https:\/\/www.paristouristinformation.fr\/de\/wp-content\/uploads\/2024\/09\/Moulin-Rouge-Cabaret-Show-Ticket-with-Champagne-2-300x199-1.png&quot;,&quot;height&quot;:199,&quot;width&quot;:300,&quot;orientation&quot;:&quot;landscape&quot;},&quot;large&quot;:{&quot;url&quot;:&quot;https:\/\/www.paristouristinformation.fr\/de\/wp-content\/uploads\/2024\/09\/Moulin-Rouge-Cabaret-Show-Ticket-with-Champagne-2-1024x680-1.png&quot;,&quot;height&quot;:680,&quot;width&quot;:1024,&quot;orientation&quot;:&quot;landscape&quot;},&quot;full&quot;:{&quot;url&quot;:&quot;https:\/\/www.paristouristinformation.fr\/de\/wp-content\/uploads\/2024\/09\/Moulin-Rouge-Cabaret-Show-Ticket-with-Champagne-2.png&quot;,&quot;height&quot;:1060,&quot;width&quot;:1596,&quot;orientation&quot;:&quot;landscape&quot;},&quot;1536x1536&quot;:{&quot;url&quot;:&quot;https:\/\/www.paristouristinformation.fr\/de\/wp-content\/uploads\/2024\/09\/Moulin-Rouge-Cabaret-Show-Ticket-with-Champagne-2-1536x1020-1.png&quot;,&quot;height&quot;:1020,&quot;width&quot;:1536,&quot;orientation&quot;:&quot;landscape&quot;}}\"><\/span><span><img decoding=\"async\" alt=\"\" data-id=\"13444\" width=\"1586\" height=\"1050\" title=\"Ticket f\u00fcr die Kabarettvorstellung im Moulin Rouge mit Champagner 3\" src=\"https:\/\/www.paristouristinformation.fr\/de\/wp-content\/uploads\/2024\/09\/Moulin-Rouge-Cabaret-Show-Ticket-with-Champagne-3-1024x678-1.png\" data-src=\"https:\/\/www.paristouristinformation.fr\/de\/wp-content\/uploads\/2024\/09\/Moulin-Rouge-Cabaret-Show-Ticket-with-Champagne-3-300x199-1.png\" loading=\"lazy\" data-sizes=\"{&quot;thumbnail&quot;:{&quot;url&quot;:&quot;https:\/\/www.paristouristinformation.fr\/de\/wp-content\/uploads\/2024\/09\/Moulin-Rouge-Cabaret-Show-Ticket-with-Champagne-3-333x205-1.png&quot;,&quot;height&quot;:205,&quot;width&quot;:333,&quot;orientation&quot;:&quot;landscape&quot;},&quot;medium&quot;:{&quot;url&quot;:&quot;https:\/\/www.paristouristinformation.fr\/de\/wp-content\/uploads\/2024\/09\/Moulin-Rouge-Cabaret-Show-Ticket-with-Champagne-3-300x199-1.png&quot;,&quot;height&quot;:199,&quot;width&quot;:300,&quot;orientation&quot;:&quot;landscape&quot;},&quot;large&quot;:{&quot;url&quot;:&quot;https:\/\/www.paristouristinformation.fr\/de\/wp-content\/uploads\/2024\/09\/Moulin-Rouge-Cabaret-Show-Ticket-with-Champagne-3-1024x678-1.png&quot;,&quot;height&quot;:678,&quot;width&quot;:1024,&quot;orientation&quot;:&quot;landscape&quot;},&quot;full&quot;:{&quot;url&quot;:&quot;https:\/\/www.paristouristinformation.fr\/de\/wp-content\/uploads\/2024\/09\/Moulin-Rouge-Cabaret-Show-Ticket-with-Champagne-3.png&quot;,&quot;height&quot;:1050,&quot;width&quot;:1586,&quot;orientation&quot;:&quot;landscape&quot;},&quot;1536x1536&quot;:{&quot;url&quot;:&quot;https:\/\/www.paristouristinformation.fr\/de\/wp-content\/uploads\/2024\/09\/Moulin-Rouge-Cabaret-Show-Ticket-with-Champagne-3-1536x1017-1.png&quot;,&quot;height&quot;:1017,&quot;width&quot;:1536,&quot;orientation&quot;:&quot;landscape&quot;}}\"><\/span><span><img decoding=\"async\" alt=\"\" data-id=\"13445\" width=\"1734\" height=\"1104\" title=\"Ticket f\u00fcr die Kabarettvorstellung im Moulin Rouge mit Champagner 4\" src=\"https:\/\/www.paristouristinformation.fr\/de\/wp-content\/uploads\/2024\/09\/Moulin-Rouge-Cabaret-Show-Ticket-with-Champagne-4-1024x652-1.png\" data-src=\"https:\/\/www.paristouristinformation.fr\/de\/wp-content\/uploads\/2024\/09\/Moulin-Rouge-Cabaret-Show-Ticket-with-Champagne-4-300x191-1.png\" loading=\"lazy\" data-sizes=\"{&quot;thumbnail&quot;:{&quot;url&quot;:&quot;https:\/\/www.paristouristinformation.fr\/de\/wp-content\/uploads\/2024\/09\/Moulin-Rouge-Cabaret-Show-Ticket-with-Champagne-4-333x205-1.png&quot;,&quot;height&quot;:205,&quot;width&quot;:333,&quot;orientation&quot;:&quot;landscape&quot;},&quot;medium&quot;:{&quot;url&quot;:&quot;https:\/\/www.paristouristinformation.fr\/de\/wp-content\/uploads\/2024\/09\/Moulin-Rouge-Cabaret-Show-Ticket-with-Champagne-4-300x191-1.png&quot;,&quot;height&quot;:191,&quot;width&quot;:300,&quot;orientation&quot;:&quot;landscape&quot;},&quot;large&quot;:{&quot;url&quot;:&quot;https:\/\/www.paristouristinformation.fr\/de\/wp-content\/uploads\/2024\/09\/Moulin-Rouge-Cabaret-Show-Ticket-with-Champagne-4-1024x652-1.png&quot;,&quot;height&quot;:652,&quot;width&quot;:1024,&quot;orientation&quot;:&quot;landscape&quot;},&quot;full&quot;:{&quot;url&quot;:&quot;https:\/\/www.paristouristinformation.fr\/de\/wp-content\/uploads\/2024\/09\/Moulin-Rouge-Cabaret-Show-Ticket-with-Champagne-4.png&quot;,&quot;height&quot;:1104,&quot;width&quot;:1734,&quot;orientation&quot;:&quot;landscape&quot;},&quot;1536x1536&quot;:{&quot;url&quot;:&quot;https:\/\/www.paristouristinformation.fr\/de\/wp-content\/uploads\/2024\/09\/Moulin-Rouge-Cabaret-Show-Ticket-with-Champagne-4-1536x978-1.png&quot;,&quot;height&quot;:978,&quot;width&quot;:1536,&quot;orientation&quot;:&quot;landscape&quot;}}\"><\/span><\/p>\n<h1 dir=\"ltr\">Moulin Rouge Show mit Champagner<\/h1>\n<h2><a href=\"https:\/\/www.headout.com\/de\/paris-moulin-rouge-tickets\/moulin-rouge-show-mit-champagner-e-6114\/?affiliate_code=KXkQ69&amp;utm_campaign=paristidemoulinrougeSP&amp;utm_content=link&amp;utm_medium=affiliate&amp;utm_source=most_amazing_places\" target=\"_blank\" rel=\"nofollow noopener\" style=\"outline: none;\">Zur Buchung<\/a><\/h2>\n<h1><a href=\"https:\/\/www.headout.com\/de\/paris-moulin-rouge-tickets\/moulin-rouge-show-mit-champagner-e-6114\/?affiliate_code=KXkQ69&amp;utm_campaign=paristidemoulinrougeSP&amp;utm_content=link&amp;utm_medium=affiliate&amp;utm_source=most_amazing_places\" target=\"_blank\" rel=\"nofollow noopener\" style=\"outline: none;\"><strong>Ab 98 \u20ac<\/strong><\/a><\/h1>\n<p dir=\"ltr\">Erleben Sie den Zauber von Paris bei der weltber\u00fchmten Kabarettshow \u201eF\u00e9erie\u201c im Moulin Rouge. Genie\u00dfen Sie eine faszinierende Darbietung von 100 talentierten K\u00fcnstlern und schl\u00fcrfen Sie dabei Champagner. Erleben Sie eine unvergessliche Nacht in der Stadt der Lichter.<\/p>\n<ul>\n<li style=\"\"><span>Handverlesenes Ticket<\/span><\/li>\n<li style=\"\">                    <span>Sofortige Best\u00e4tigung<\/span><\/li>\n<li style=\"\"><span>Dauer 2 Stunden<br \/><\/span><\/li>\n<li><span>Eine halbe Flasche Champagner<\/span><\/li>\n<li style=\"\"><span>Nicht erstattungsf\u00e4hig<\/span><\/li>\n<\/ul>\n<h2>Inbegriffen<\/h2>\n<ul>\n<li style=\"\">                    <span>Eintritt zum Moulin Rouge<\/span><\/li>\n<li style=\"\">                    <span>Ticket zur Kabarettshow \u201eF\u00e9erie\u201c<\/span><\/li>\n<li style=\"\">                    <span>Eine halbe Flasche Champagner<\/span><\/li>\n<li><span>Service und Tipps<\/span><\/li>\n<\/ul>\n<h2>Nicht inbegriffen<\/h2>\n<ul>\n<li style=\"\"><span>Transport zum und vom Veranstaltungsort<\/span><\/li>\n<\/ul>\n<h2>Wichtige Informationen<\/h2>\n<ul>\n<li style=\"\"><span><strong>Kleiderordnung:<\/strong> Elegante Kleidung erforderlich (keine Shorts, Sportbekleidung oder Sportschuhe)<\/span><\/li>\n<li><span>Fotografieren und Filmen ist im Inneren nicht gestattet.<\/span><\/li>\n<li><span>Die Show ist nicht f\u00fcr Kinder unter 6 Jahren geeignet<\/span><\/li>\n<li><span>Bitte erscheinen Sie mindestens 30 Minuten vor Showbeginn<\/span><\/li>\n<\/ul>\n<h2>Beschreibung:<\/h2>\n<p>Tauchen Sie bei einem Abend im legend\u00e4ren Moulin Rouge in den Glamour und die Geschichte von Paris ein. Die schillernde Show \u201eF\u00e9erie\u201c bietet atemberaubende Kost\u00fcme, aufw\u00e4ndige B\u00fchnenbilder und fesselnde Darbietungen, die Sie in Erstaunen versetzen werden. Zusammen mit einem Glas Champagner ist dies ein typisches Pariser Erlebnis.<\/p>\n<h2>H\u00f6hepunkte:<\/h2>\n<ul>\n<li>Genie\u00dfen Sie eine Nacht voller Eleganz und Unterhaltung an einem historischen Pariser Veranstaltungsort<\/li>\n<li dir=\"ltr\">Erleben Sie die weltber\u00fchmte Kabarettshow \u201eF\u00e9erie\u201c<\/li>\n<li dir=\"ltr\">Bewundern Sie die spektakul\u00e4ren Kost\u00fcme, die mit Federn, Strasssteinen und Pailletten geschm\u00fcckt sind<\/li>\n<li dir=\"ltr\">Runden Sie Ihren Abend mit einem Glas Champagner ab<\/li>\n<li dir=\"ltr\">Schwelen Sie in der lebendigen Atmosph\u00e4re eines der ber\u00fchmtesten kulturellen Erlebnisse von Paris<\/li>\n<\/ul>\n<h2>Moulin Rouge<\/h2>\n<p dir=\"ltr\">82 Boulevard de Clichy, Paris<\/p>\n<h2>Stornierungsbedingungen<\/h2>\n<p dir=\"ltr\">Tickets f\u00fcr die Kabarettshow im Moulin Rouge sind nicht erstattungsf\u00e4hig und k\u00f6nnen nicht umgetauscht werden.<\/p>\n<h2>Treffpunkt &amp; Anweisungen<\/h2>\n<p dir=\"ltr\">Genauere Angaben zum Treffpunkt finden Sie auf Ihrem endg\u00fcltigen Gutschein. Zeigen Sie Ihren Gutschein auf Ihrem Mobiltelefon zusammen mit einem g\u00fcltigen Lichtbildausweis vor. Studenten m\u00fcssen einen g\u00fcltigen Studentenausweis vorzeigen. Kommen Sie 15 Minuten vor Tourbeginn zum Treffpunkt, um Verz\u00f6gerungen zu vermeiden.<\/p>\n<p><a href=\"https:\/\/www.google.com\/maps\/place\/Moulin+Rouge\/@48.8841267,2.329677,17z\/data=!3m2!4b1!5s0x47e66e4eff4a3311:0x290e821789a4719e!4m6!3m5!1s0x47e66e4eff6f0c89:0xf44e90af87482111!8m2!3d48.8841232!4d2.3322519!16zL20vMGJ4Y2g?entry=ttu&amp;g_ep=EgoyMDI0MDgyMS4wIKXMDSoASAFQAw%3D%3D\" target=\"_blank\" rel=\"nofollow noopener\" style=\"outline: none;\" data-lt-tmp-id=\"lt-34536\" spellcheck=\"false\">In Google Maps \u00f6ffnen<\/a><\/p>\n<h2>Bewertungen<\/h2>\n<p><strong>4.6\/ 5 &nbsp;<\/strong><strong>(967 Bewertungen)<\/strong><\/p>\n<p dir=\"ltr\"><em>\u201eDie Show war FANTASTISCH! Die beste, die ich je gesehen habe. Die T\u00e4nzerin, die Olga spielt, ist wirklich gut, sehr elegant und hat eine erstaunliche Mimik. Das Gleiche gilt f\u00fcr die beiden anderen Damen, die immer mit ihr tanzen. Der Hauptdarsteller, der Aladdin spielt und immer mit Olga tanzt, hat eine erstaunliche Technik und ist ein gro\u00dfartiger T\u00e4nzer, aber er wirkt immer zu ernst und zeigt keine Mimik. Die beiden Herren, die Akrobatik vorf\u00fchren, sind sehr BEEINDRUCKEND, besser als der Cirque du Soleil. Kommt 30\u201340 Minuten fr\u00fcher, denn die Schlange ist lang.\u201c Grace B, April 2026<\/em><a href=\"https:\/\/www.headout.com\/r\/most-amazing-placesrecommends-yr3m3\/\" target=\"_blank\" rel=\"nofollow noopener\" data-lt-tmp-id=\"lt-845333\" spellcheck=\"false\" style=\"outline: none;\">&gt;&gt; Weitere Bewertungen anzeigen<\/a><\/p>\n<h2>Weitere Aktivit\u00e4ten, die Ihnen gefallen k\u00f6nnten<\/h2>\n<p><span># <\/span><strong><span>2<\/span><\/strong><span># <\/span><strong><span>2<\/span><\/strong><span><img decoding=\"async\" alt=\"\" data-id=\"13435\" width=\"159\" data-init-width=\"1450\" height=\"95\" data-init-height=\"864\" title=\"Moulin Rouge-Show mit Abendessen und optionalem R\u00fccktransfer\" loading=\"lazy\" src=\"https:\/\/www.paristouristinformation.fr\/de\/wp-content\/uploads\/2024\/09\/Moulin-Rouge-Show-with-Dinner-Optional-Return-Transfer.png\" data-width=\"159\" data-height=\"95\" style=\"aspect-ratio: auto 1450 \/ 864;\"><\/span><\/p>\n<table>\n<tbody>\n<tr>\n<td><a href=\"https:\/\/www.headout.com\/r\/most-amazing-placesrecommends-BK6AU\/\" target=\"_blank\" rel=\"nofollow noopener\" style=\"outline: none;\" data-lt-tmp-id=\"lt-147298\" spellcheck=\"false\">Moulin Rouge Show mit Abendessen und optionalem R\u00fccktransfer<\/a><\/td>\n<\/tr>\n<\/tbody>\n<\/table>\n<p dir=\"ltr\">Erleben Sie die Magie des Moulin Rouge mit einer atemberaubenden Show und einem Gourmet-Abendessen. Versch\u00f6nern Sie Ihren Abend mit einem optionalen Hin- und R\u00fccktransfer f\u00fcr einen sorgenfreien Abend in Paris.<\/p>\n<h3 style=\"\">Gesamtpreis<\/h3>\n<h3 style=\"\">Ihr Konto wird noch nicht belastet.<br \/><\/h3>\n<p><span># <\/span><strong><span>2<\/span><\/strong><span><img decoding=\"async\" alt=\"\" data-id=\"13437\" width=\"159\" data-init-width=\"1530\" height=\"114\" data-init-height=\"1100\" title=\"Bildschirmfoto 2024-08-26 um 17.19.35\" loading=\"lazy\" src=\"https:\/\/www.paristouristinformation.fr\/de\/wp-content\/uploads\/2024\/09\/Bildschirmfoto-2024-08-26-um-17.19.35.png\" data-width=\"159\" data-height=\"114\" style=\"aspect-ratio: auto 1530 \/ 1100;\"><\/span><\/p>\n<table>\n<tbody>\n<tr>\n<td><a href=\"https:\/\/www.tiqets.com\/en\/things-to-do-in-paris-c66746\/tickets-for-crazy-horse-paris-show-only-p974399\/?partner=most_amazing_places&amp;tq_campaign=ParisMoulinRougeGttd3\" target=\"_blank\" rel=\"nofollow noopener\" style=\"outline: none;\" data-lt-tmp-id=\"lt-163467\" spellcheck=\"false\">Crazy Horse Paris: Nur Show<\/a><\/td>\n<\/tr>\n<\/tbody>\n<\/table>\n<p>Tauchen Sie ein in die faszinierende Welt von Crazy Horse Paris mit einer unvergesslichen Show mit atemberaubenden Darbietungen und faszinierender Artistik.<\/p>\n<h3 style=\"\">Gesamtpreis<\/h3>\n<h3 style=\"\">Ihr Konto wird noch nicht belastet.<br \/><\/h3>\n<p><\/p>\n<h2><a href=\"https:\/\/www.headout.com\/de\/paris-moulin-rouge-tickets\/moulin-rouge-show-mit-champagner-e-6114\/?affiliate_code=KXkQ69&amp;utm_campaign=paristidemoulinrougeSP&amp;utm_content=link&amp;utm_medium=affiliate&amp;utm_source=most_amazing_places\" target=\"_blank\" rel=\"nofollow noopener\" style=\"outline: none;\">Zur Buchung<\/a><\/h2>\n<p style=\"\"><a href=\"https:\/\/gyg.me\/TEtuPx8V\" target=\"_blank\" rel=\"nofollow noopener\" style=\"outline: none;\"><\/a><a href=\"https:\/\/www.headout.com\/de\/paris-moulin-rouge-tickets\/moulin-rouge-show-mit-champagner-e-6114\/?affiliate_code=KXkQ69&amp;utm_campaign=paristidemoulinrougeSP&amp;utm_content=link&amp;utm_medium=affiliate&amp;utm_source=most_amazing_places\" target=\"_blank\" rel=\"nofollow noopener\" style=\"outline: none;\"><strong>Ab 98 \u20ac<\/strong><\/a><\/p>\n<p style=\"\">Ihr Konto wird noch nicht belastet.<\/p>\n","protected":false},"excerpt":{"rendered":"<p>Moulin Rouge Show mit Champagner Zur Buchung Ab 98 \u20ac Erleben Sie den Zauber von Paris bei der weltber\u00fchmten Kabarettshow \u201eF\u00e9erie\u201c im Moulin Rouge. Genie\u00dfen Sie eine faszinierende Darbietung von 100 talentierten K\u00fcnstlern und schl\u00fcrfen Sie dabei Champagner. Erleben Sie eine unvergessliche Nacht in der Stadt der Lichter. Handverlesenes Ticket Sofortige Best\u00e4tigung Dauer 2 Stunden [&hellip;]<\/p>\n","protected":false},"author":11,"featured_media":13806,"parent":0,"menu_order":0,"comment_status":"closed","ping_status":"closed","template":"","meta":{"footnotes":""},"tags":[69],"class_list":["post-13778","page","type-page","status-publish","has-post-thumbnail","hentry","tag-sales-pages","post-wrapper","thrv_wrapper"],"wp-worthy-pixel":{"ignored":false,"public":null,"server":null,"url":null},"wp-worthy-type":"normal","_links":{"self":[{"href":"https:\/\/www.paristouristinformation.fr\/de\/wp-json\/wp\/v2\/pages\/13778","targetHints":{"allow":["GET"]}}],"collection":[{"href":"https:\/\/www.paristouristinformation.fr\/de\/wp-json\/wp\/v2\/pages"}],"about":[{"href":"https:\/\/www.paristouristinformation.fr\/de\/wp-json\/wp\/v2\/types\/page"}],"author":[{"embeddable":true,"href":"https:\/\/www.paristouristinformation.fr\/de\/wp-json\/wp\/v2\/users\/11"}],"replies":[{"embeddable":true,"href":"https:\/\/www.paristouristinformation.fr\/de\/wp-json\/wp\/v2\/comments?post=13778"}],"version-history":[{"count":17,"href":"https:\/\/www.paristouristinformation.fr\/de\/wp-json\/wp\/v2\/pages\/13778\/revisions"}],"predecessor-version":[{"id":15983,"href":"https:\/\/www.paristouristinformation.fr\/de\/wp-json\/wp\/v2\/pages\/13778\/revisions\/15983"}],"wp:featuredmedia":[{"embeddable":true,"href":"https:\/\/www.paristouristinformation.fr\/de\/wp-json\/wp\/v2\/media\/13806"}],"wp:attachment":[{"href":"https:\/\/www.paristouristinformation.fr\/de\/wp-json\/wp\/v2\/media?parent=13778"}],"wp:term":[{"taxonomy":"post_tag","embeddable":true,"href":"https:\/\/www.paristouristinformation.fr\/de\/wp-json\/wp\/v2\/tags?post=13778"}],"curies":[{"name":"wp","href":"https:\/\/api.w.org\/{rel}","templated":true}]}}