{"id":13820,"date":"2024-09-19T14:28:33","date_gmt":"2024-09-19T14:28:33","guid":{"rendered":"https:\/\/www.paristouristinformation.fr\/de\/?page_id=13820"},"modified":"2026-04-13T08:19:10","modified_gmt":"2026-04-13T08:19:10","slug":"katakomben-von-paris-tickets","status":"publish","type":"page","link":"https:\/\/www.paristouristinformation.fr\/de\/katakomben-von-paris-tickets\/","title":{"rendered":"Katakomben von Paris Ticket + Audioguide"},"content":{"rendered":"<p><span><img decoding=\"async\" alt=\"\" data-id=\"13461\" width=\"1516\" height=\"1106\" title=\"Eintrittskarte f\u00fcr die Katakomben von Paris + Audioguide 5\" src=\"https:\/\/www.paristouristinformation.fr\/de\/wp-content\/uploads\/2024\/09\/Catacombs-of-Paris-Entry-Ticket-Audio-Guide-5-1024x747-1.png\" data-src=\"https:\/\/www.paristouristinformation.fr\/de\/wp-content\/uploads\/2024\/09\/Catacombs-of-Paris-Entry-Ticket-Audio-Guide-5-300x219-1.png\" loading=\"lazy\" data-sizes=\"{&quot;thumbnail&quot;:{&quot;url&quot;:&quot;https:\/\/www.paristouristinformation.fr\/de\/wp-content\/uploads\/2024\/09\/Catacombs-of-Paris-Entry-Ticket-Audio-Guide-5-333x205-1.png&quot;,&quot;height&quot;:205,&quot;width&quot;:333,&quot;orientation&quot;:&quot;landscape&quot;},&quot;medium&quot;:{&quot;url&quot;:&quot;https:\/\/www.paristouristinformation.fr\/de\/wp-content\/uploads\/2024\/09\/Catacombs-of-Paris-Entry-Ticket-Audio-Guide-5-300x219-1.png&quot;,&quot;height&quot;:219,&quot;width&quot;:300,&quot;orientation&quot;:&quot;landscape&quot;},&quot;large&quot;:{&quot;url&quot;:&quot;https:\/\/www.paristouristinformation.fr\/de\/wp-content\/uploads\/2024\/09\/Catacombs-of-Paris-Entry-Ticket-Audio-Guide-5-1024x747-1.png&quot;,&quot;height&quot;:747,&quot;width&quot;:1024,&quot;orientation&quot;:&quot;landscape&quot;},&quot;full&quot;:{&quot;url&quot;:&quot;https:\/\/www.paristouristinformation.fr\/de\/wp-content\/uploads\/2024\/09\/Catacombs-of-Paris-Entry-Ticket-Audio-Guide-5.png&quot;,&quot;height&quot;:1106,&quot;width&quot;:1516,&quot;orientation&quot;:&quot;landscape&quot;}}\"><\/span><span><img decoding=\"async\" alt=\"\" data-id=\"13462\" width=\"1550\" height=\"1082\" title=\"Eintrittskarte f\u00fcr die Katakomben von Paris + Audioguide 1\" src=\"https:\/\/www.paristouristinformation.fr\/de\/wp-content\/uploads\/2024\/09\/Catacombs-of-Paris-Entry-Ticket-Audio-Guide-1-1024x715-1.png\" data-src=\"https:\/\/www.paristouristinformation.fr\/de\/wp-content\/uploads\/2024\/09\/Catacombs-of-Paris-Entry-Ticket-Audio-Guide-1-300x209-1.png\" loading=\"lazy\" data-sizes=\"{&quot;thumbnail&quot;:{&quot;url&quot;:&quot;https:\/\/www.paristouristinformation.fr\/de\/wp-content\/uploads\/2024\/09\/Catacombs-of-Paris-Entry-Ticket-Audio-Guide-1-333x205-1.png&quot;,&quot;height&quot;:205,&quot;width&quot;:333,&quot;orientation&quot;:&quot;landscape&quot;},&quot;medium&quot;:{&quot;url&quot;:&quot;https:\/\/www.paristouristinformation.fr\/de\/wp-content\/uploads\/2024\/09\/Catacombs-of-Paris-Entry-Ticket-Audio-Guide-1-300x209-1.png&quot;,&quot;height&quot;:209,&quot;width&quot;:300,&quot;orientation&quot;:&quot;landscape&quot;},&quot;large&quot;:{&quot;url&quot;:&quot;https:\/\/www.paristouristinformation.fr\/de\/wp-content\/uploads\/2024\/09\/Catacombs-of-Paris-Entry-Ticket-Audio-Guide-1-1024x715-1.png&quot;,&quot;height&quot;:715,&quot;width&quot;:1024,&quot;orientation&quot;:&quot;landscape&quot;},&quot;full&quot;:{&quot;url&quot;:&quot;https:\/\/www.paristouristinformation.fr\/de\/wp-content\/uploads\/2024\/09\/Catacombs-of-Paris-Entry-Ticket-Audio-Guide-1.png&quot;,&quot;height&quot;:1082,&quot;width&quot;:1550,&quot;orientation&quot;:&quot;landscape&quot;},&quot;1536x1536&quot;:{&quot;url&quot;:&quot;https:\/\/www.paristouristinformation.fr\/de\/wp-content\/uploads\/2024\/09\/Catacombs-of-Paris-Entry-Ticket-Audio-Guide-1-1536x1072-1.png&quot;,&quot;height&quot;:1072,&quot;width&quot;:1536,&quot;orientation&quot;:&quot;landscape&quot;}}\"><\/span><span><img decoding=\"async\" alt=\"\" data-id=\"13463\" width=\"1538\" height=\"1088\" title=\"Eintrittskarte f\u00fcr die Katakomben von Paris + Audioguide 7\" src=\"https:\/\/www.paristouristinformation.fr\/de\/wp-content\/uploads\/2024\/09\/Catacombs-of-Paris-Entry-Ticket-Audio-Guide-7-1024x724-1.png\" data-src=\"https:\/\/www.paristouristinformation.fr\/de\/wp-content\/uploads\/2024\/09\/Catacombs-of-Paris-Entry-Ticket-Audio-Guide-7-300x212-1.png\" loading=\"lazy\" data-sizes=\"{&quot;thumbnail&quot;:{&quot;url&quot;:&quot;https:\/\/www.paristouristinformation.fr\/de\/wp-content\/uploads\/2024\/09\/Catacombs-of-Paris-Entry-Ticket-Audio-Guide-7-333x205-1.png&quot;,&quot;height&quot;:205,&quot;width&quot;:333,&quot;orientation&quot;:&quot;landscape&quot;},&quot;medium&quot;:{&quot;url&quot;:&quot;https:\/\/www.paristouristinformation.fr\/de\/wp-content\/uploads\/2024\/09\/Catacombs-of-Paris-Entry-Ticket-Audio-Guide-7-300x212-1.png&quot;,&quot;height&quot;:212,&quot;width&quot;:300,&quot;orientation&quot;:&quot;landscape&quot;},&quot;large&quot;:{&quot;url&quot;:&quot;https:\/\/www.paristouristinformation.fr\/de\/wp-content\/uploads\/2024\/09\/Catacombs-of-Paris-Entry-Ticket-Audio-Guide-7-1024x724-1.png&quot;,&quot;height&quot;:724,&quot;width&quot;:1024,&quot;orientation&quot;:&quot;landscape&quot;},&quot;full&quot;:{&quot;url&quot;:&quot;https:\/\/www.paristouristinformation.fr\/de\/wp-content\/uploads\/2024\/09\/Catacombs-of-Paris-Entry-Ticket-Audio-Guide-7.png&quot;,&quot;height&quot;:1088,&quot;width&quot;:1538,&quot;orientation&quot;:&quot;landscape&quot;},&quot;1536x1536&quot;:{&quot;url&quot;:&quot;https:\/\/www.paristouristinformation.fr\/de\/wp-content\/uploads\/2024\/09\/Catacombs-of-Paris-Entry-Ticket-Audio-Guide-7-1536x1087-1.png&quot;,&quot;height&quot;:1087,&quot;width&quot;:1536,&quot;orientation&quot;:&quot;landscape&quot;}}\"><\/span><span><img decoding=\"async\" alt=\"\" data-id=\"13464\" width=\"1528\" height=\"870\" title=\"Eintrittskarte f\u00fcr die Katakomben von Paris + Audioguide 6\" src=\"https:\/\/www.paristouristinformation.fr\/de\/wp-content\/uploads\/2024\/09\/Catacombs-of-Paris-Entry-Ticket-Audio-Guide-6-1024x583-1.png\" data-src=\"https:\/\/www.paristouristinformation.fr\/de\/wp-content\/uploads\/2024\/09\/Catacombs-of-Paris-Entry-Ticket-Audio-Guide-6-300x171-1.png\" loading=\"lazy\" data-sizes=\"{&quot;thumbnail&quot;:{&quot;url&quot;:&quot;https:\/\/www.paristouristinformation.fr\/de\/wp-content\/uploads\/2024\/09\/Catacombs-of-Paris-Entry-Ticket-Audio-Guide-6-333x205-1.png&quot;,&quot;height&quot;:205,&quot;width&quot;:333,&quot;orientation&quot;:&quot;landscape&quot;},&quot;medium&quot;:{&quot;url&quot;:&quot;https:\/\/www.paristouristinformation.fr\/de\/wp-content\/uploads\/2024\/09\/Catacombs-of-Paris-Entry-Ticket-Audio-Guide-6-300x171-1.png&quot;,&quot;height&quot;:171,&quot;width&quot;:300,&quot;orientation&quot;:&quot;landscape&quot;},&quot;large&quot;:{&quot;url&quot;:&quot;https:\/\/www.paristouristinformation.fr\/de\/wp-content\/uploads\/2024\/09\/Catacombs-of-Paris-Entry-Ticket-Audio-Guide-6-1024x583-1.png&quot;,&quot;height&quot;:583,&quot;width&quot;:1024,&quot;orientation&quot;:&quot;landscape&quot;},&quot;full&quot;:{&quot;url&quot;:&quot;https:\/\/www.paristouristinformation.fr\/de\/wp-content\/uploads\/2024\/09\/Catacombs-of-Paris-Entry-Ticket-Audio-Guide-6.png&quot;,&quot;height&quot;:870,&quot;width&quot;:1528,&quot;orientation&quot;:&quot;landscape&quot;}}\"><\/span><span><img decoding=\"async\" alt=\"\" data-id=\"13465\" width=\"1532\" height=\"978\" title=\"Eintrittskarte f\u00fcr die Katakomben von Paris + Audioguide 3\" src=\"https:\/\/www.paristouristinformation.fr\/de\/wp-content\/uploads\/2024\/09\/Catacombs-of-Paris-Entry-Ticket-Audio-Guide-3-1024x654-1.png\" data-src=\"https:\/\/www.paristouristinformation.fr\/de\/wp-content\/uploads\/2024\/09\/Catacombs-of-Paris-Entry-Ticket-Audio-Guide-3-300x192-1.png\" loading=\"lazy\" data-sizes=\"{&quot;thumbnail&quot;:{&quot;url&quot;:&quot;https:\/\/www.paristouristinformation.fr\/de\/wp-content\/uploads\/2024\/09\/Catacombs-of-Paris-Entry-Ticket-Audio-Guide-3-333x205-1.png&quot;,&quot;height&quot;:205,&quot;width&quot;:333,&quot;orientation&quot;:&quot;landscape&quot;},&quot;medium&quot;:{&quot;url&quot;:&quot;https:\/\/www.paristouristinformation.fr\/de\/wp-content\/uploads\/2024\/09\/Catacombs-of-Paris-Entry-Ticket-Audio-Guide-3-300x192-1.png&quot;,&quot;height&quot;:192,&quot;width&quot;:300,&quot;orientation&quot;:&quot;landscape&quot;},&quot;large&quot;:{&quot;url&quot;:&quot;https:\/\/www.paristouristinformation.fr\/de\/wp-content\/uploads\/2024\/09\/Catacombs-of-Paris-Entry-Ticket-Audio-Guide-3-1024x654-1.png&quot;,&quot;height&quot;:654,&quot;width&quot;:1024,&quot;orientation&quot;:&quot;landscape&quot;},&quot;full&quot;:{&quot;url&quot;:&quot;https:\/\/www.paristouristinformation.fr\/de\/wp-content\/uploads\/2024\/09\/Catacombs-of-Paris-Entry-Ticket-Audio-Guide-3.png&quot;,&quot;height&quot;:978,&quot;width&quot;:1532,&quot;orientation&quot;:&quot;landscape&quot;}}\"><\/span><span><img decoding=\"async\" alt=\"\" data-id=\"13466\" width=\"1514\" height=\"1000\" title=\"Eintrittskarte f\u00fcr die Katakomben von Paris + Audioguide 4\" src=\"https:\/\/www.paristouristinformation.fr\/de\/wp-content\/uploads\/2024\/09\/Catacombs-of-Paris-Entry-Ticket-Audio-Guide-4-1024x676-1.png\" data-src=\"https:\/\/www.paristouristinformation.fr\/de\/wp-content\/uploads\/2024\/09\/Catacombs-of-Paris-Entry-Ticket-Audio-Guide-4-300x198-1.png\" loading=\"lazy\" data-sizes=\"{&quot;thumbnail&quot;:{&quot;url&quot;:&quot;https:\/\/www.paristouristinformation.fr\/de\/wp-content\/uploads\/2024\/09\/Catacombs-of-Paris-Entry-Ticket-Audio-Guide-4-333x205-1.png&quot;,&quot;height&quot;:205,&quot;width&quot;:333,&quot;orientation&quot;:&quot;landscape&quot;},&quot;medium&quot;:{&quot;url&quot;:&quot;https:\/\/www.paristouristinformation.fr\/de\/wp-content\/uploads\/2024\/09\/Catacombs-of-Paris-Entry-Ticket-Audio-Guide-4-300x198-1.png&quot;,&quot;height&quot;:198,&quot;width&quot;:300,&quot;orientation&quot;:&quot;landscape&quot;},&quot;large&quot;:{&quot;url&quot;:&quot;https:\/\/www.paristouristinformation.fr\/de\/wp-content\/uploads\/2024\/09\/Catacombs-of-Paris-Entry-Ticket-Audio-Guide-4-1024x676-1.png&quot;,&quot;height&quot;:676,&quot;width&quot;:1024,&quot;orientation&quot;:&quot;landscape&quot;},&quot;full&quot;:{&quot;url&quot;:&quot;https:\/\/www.paristouristinformation.fr\/de\/wp-content\/uploads\/2024\/09\/Catacombs-of-Paris-Entry-Ticket-Audio-Guide-4.png&quot;,&quot;height&quot;:1000,&quot;width&quot;:1514,&quot;orientation&quot;:&quot;landscape&quot;}}\"><\/span><\/p>\n<h1 dir=\"ltr\">Katakomben von Paris: Eintrittskarte + Audioguide<\/h1>\n<h2><a href=\"https:\/\/www.tiqets.com\/de\/things-to-do-in-paris-c66746\/tickets-for-catacombs-of-paris-and-audio-guide-p975456\/?partner=paristouristinformation&amp;tq_campaign=ParisDeCatacombsSP\" target=\"_blank\" rel=\"nofollow noopener\" style=\"outline: none;\">Zur Buchung<\/a><\/h2>\n<h1><a href=\"https:\/\/www.tiqets.com\/de\/things-to-do-in-paris-c66746\/tickets-for-catacombs-of-paris-and-audio-guide-p975456\/?partner=paristouristinformation&amp;tq_campaign=ParisDeCatacombsSP\" target=\"_blank\" rel=\"nofollow noopener\" style=\"outline: none;\"><strong>40,00 \u20ac<\/strong><\/a><\/h1>\n<p dir=\"ltr\">Begeben Sie sich in die unheimlichen Tiefen der franz\u00f6sischen Hauptstadt und erkunden Sie die ber\u00fchmten Katakomben von Paris, in denen die Knochen von \u00fcber sechs Millionen Menschen ruhen. Dieser Besuch bietet einen faszinierenden Einblick in die makabre Geschichte der Stadt, komplett mit einem mehrsprachigen Audioguide, der Ihr Erlebnis noch bereichert.<\/p>\n<ul>\n<li style=\"\"><span>Mobiles oder ausgedrucktes Ticket wird akzeptiert&nbsp;<\/span><\/li>\n<li style=\"\"><span>Eintrittskarte f\u00fcr die Katakomben<\/span><\/li>\n<li style=\"\"><span>Audioguide<\/span><\/li>\n<li style=\"\"><span>Nicht erstattungsf\u00e4hig<\/span><\/li>\n<\/ul>\n<h2>Inbegriffen<\/h2>\n<ul>\n<li style=\"\">                    <span>Eintritt zu den Katakomben von Paris<\/span><\/li>\n<li style=\"\">                    <span>Mehrsprachiger Audioguide (Englisch, Franz\u00f6sisch, Deutsch, Spanisch)<\/span><\/li>\n<\/ul>\n<h2>Nicht inbegriffen<\/h2>\n<ul>\n<li style=\"\"><span>Kopfh\u00f6rer<\/span><\/li>\n<\/ul>\n<h2>Wichtige Informationen<\/h2>\n<ul>\n<li style=\"\"><span>Stellen Sie sicher, dass Sie p\u00fcnktlich zu Ihrem ausgew\u00e4hlten Zeitfenster eintreffen.<\/span><\/li>\n<li><span>Seien Sie auf 131 Stufen nach unten und 112 Stufen nach oben gefasst.<\/span><\/li>\n<li><span>Speisen, Getr\u00e4nke, gro\u00dfes Gep\u00e4ck, Kinderwagen und Motorradhelme sind im Inneren nicht gestattet.<\/span><\/li>\n<li><span>Ziehen Sie sich warm an, da die Temperaturen bis auf 14 \u00b0C fallen k\u00f6nnen.<\/span><\/li>\n<li><span>Kinder unter 14 Jahren m\u00fcssen von einem Erwachsenen begleitet werden.<\/span><\/li>\n<\/ul>\n<h2>Beschreibung:<\/h2>\n<p dir=\"ltr\">Begeben Sie sich auf eine unvergessliche Reise durch die labyrinthartigen Tunnel der Katakomben von Paris, wo die <strong>Sch\u00e4del <\/strong><strong>und Knochen von Millionen Parisern<\/strong> in gespenstischen Formationen gestapelt sind. Erfahren Sie mit Ihrem mehrsprachigen Audioguide mehr \u00fcber die schaurige Geschichte dieses unterirdischen Friedhofs und erwecken Sie das Paris des 18. Jahrhunderts zum Leben.<\/p>\n<h2>H\u00f6hepunkte:<\/h2>\n<ul>\n<li>Erkunden Sie das unterirdische Beinhaus, in dem sich die \u00dcberreste von sechs Millionen Menschen befinden.<\/li>\n<li dir=\"ltr\">Wandern Sie durch unheimliche Korridore, die mit ordentlich angeordneten Sch\u00e4deln und Knochen ges\u00e4umt sind.<\/li>\n<li dir=\"ltr\">Entdecken Sie die Geschichte der Pariser Gesundheitskrise, die zur Entstehung der Katakomben f\u00fchrte.<\/li>\n<li dir=\"ltr\">Erfahren Sie faszinierende Fakten und Geschichten aus Ihrem Audioguide.<\/li>\n<li dir=\"ltr\">Erleben Sie eine einzigartige und gruselige Seite von Paris, die nur wenige Besucher jemals zu Gesicht bekommen.<\/li>\n<\/ul>\n<h2>Katakomben von Paris<\/h2>\n<p dir=\"ltr\">1, Avenue du Colonel Henri Rol-Tanguy, 75014, Paris<\/p>\n<h2>Stornierungsbedingungen<\/h2>\n<p dir=\"ltr\">Bitte beachten Sie, dass f\u00fcr dieses Ticket keine Umbuchung m\u00f6glich ist. Sie k\u00f6nnen sich jedoch beim Checkout f\u00fcr ein erstattungsf\u00e4higes Ticket entscheiden und erhalten eine volle R\u00fcckerstattung, wenn Sie bis 23:59 Uhr am Tag vor Ihrem Besuch stornieren.&nbsp;<\/p>\n<h2>Treffpunkt &amp; Anweisungen<\/h2>\n<p dir=\"ltr\">Bitte legen Sie Ihr Tiqets-Smartphone-Ticket am Eingang vor. Laden Sie Ihr Ticket im Voraus herunter, um sicherzustellen, dass es offline zug\u00e4nglich ist. Kommen Sie p\u00fcnktlich zu Ihrem gew\u00e4hlten Zeitfenster, um Verz\u00f6gerungen zu vermeiden.<\/p>\n<p><a href=\"https:\/\/www.google.com\/maps\/place\/Katakomben+von+Paris\/@48.833836,2.3298473,17z\/data=!3m1!4b1!4m6!3m5!1s0x47e671b6c1d0b675:0xc8d7f073e62eb4b3!8m2!3d48.8338325!4d2.3324222!16zL20vMGg1YmQ?entry=ttu&amp;g_ep=EgoyMDI0MDgyMS4wIKXMDSoASAFQAw%3D%3D\" style=\"outline: none;\" data-lt-tmp-id=\"lt-325032\" spellcheck=\"false\" target=\"_blank\" rel=\"nofollow noopener\">In Google Maps \u00f6ffnen<\/a><\/p>\n<h2>Bewertungen<\/h2>\n<p><strong>4.6\/ 5&nbsp; <\/strong><strong>(1030 Bewertungen)<\/strong><\/p>\n<p dir=\"ltr\"><em>&#8222;Sehr interessant in 20 Meter Tiefe durch die Katakomben zu laufen. Der Audioguide ist auch sehr gut zu verstehen und es wird alles gut erkl\u00e4rt. Der Eintrittspreis ist aber dennoch mit 49,00 Euro zu hoch.&#8220;<\/em>&nbsp;Martina, September 2025 [Quelle: Tiqets]&nbsp;<a href=\"https:\/\/www.tiqets.com\/de\/things-to-do-in-paris-c66746\/tickets-for-catacombs-of-paris-and-audio-guide-p975456\/?partner=paristouristinformation&amp;tq_campaign=ParisDeCatacombsSP\" target=\"_blank\" rel=\"nofollow noopener\" spellcheck=\"false\" style=\"outline: none;\">&gt;&gt; Weitere Bewertungen anzeigen<\/a><\/p>\n<h2>Weitere Aktivit\u00e4ten, die Ihnen gefallen k\u00f6nnten<\/h2>\n<p><span># <\/span><strong><span>2<\/span><\/strong><span># <\/span><strong><span>2<\/span><\/strong><span><img decoding=\"async\" alt=\"\" data-id=\"13456\" width=\"159\" data-init-width=\"930\" height=\"99\" data-init-height=\"581\" title=\"Katakomben-F\u00fchrung mit Sonderzugang\" loading=\"lazy\" src=\"https:\/\/paristouristinformation.fr\/wp-content\/uploads\/2024\/08\/Catacombs-Guided-Tour-with-Special-Access-.avif\" data-width=\"159\" data-height=\"99\" style=\"aspect-ratio: auto 930 \/ 581;\"><\/span><\/p>\n<table>\n<tbody>\n<tr>\n<td><a href=\"https:\/\/www.headout.com\/r\/most-amazing-placesrecommends-FijZa\/\" target=\"_blank\" rel=\"nofollow noopener\" style=\"outline: none;\" data-lt-tmp-id=\"lt-816291\" spellcheck=\"false\">Paris: Ticket f\u00fcr Katakomben und Seine-Flussfahrt<\/a><\/td>\n<\/tr>\n<\/tbody>\n<\/table>\n<p dir=\"ltr\">Nehmen Sie an einer 2-st\u00fcndigen F\u00fchrung durch die Pariser Katakomben teil und genie\u00dfen Sie bevorzugten Einlass und exklusiven Zugang zu Sperrgebieten. Tauchen Sie tiefer in diese mysteri\u00f6se unterirdische Welt ein und entdecken Sie mit Ihrem fachkundigen Guide verborgene Geheimnisse.<\/p>\n<h3 style=\"\">Gesamtpreis<\/h3>\n<h3 style=\"\">Ihr Konto wird noch nicht belastet.<br \/><\/h3>\n<p><span># <\/span><strong><span>2<\/span><\/strong><span><img decoding=\"async\" alt=\"\" data-id=\"13458\" width=\"159\" data-init-width=\"1185\" height=\"83\" data-init-height=\"616\" title=\"Paris \u2013 Katakomben-Tour und Seine-Kreuzfahrt\" loading=\"lazy\" src=\"https:\/\/www.paristouristinformation.fr\/de\/wp-content\/uploads\/2024\/09\/Paris-Catacombs-Tour-and-Seine-River-Cruise-.jpg\" data-width=\"159\" data-height=\"83\" style=\"aspect-ratio: auto 1185 \/ 616;\"><\/span><\/p>\n<table>\n<tbody>\n<tr>\n<td><a href=\"https:\/\/gyg.me\/zfnNtu8r\" target=\"_blank\" rel=\"nofollow noopener\" style=\"outline: none;\" data-lt-tmp-id=\"lt-163467\" spellcheck=\"false\">Paris: Katakomben-Tour und Seine-Kreuzfahrt<\/a><\/td>\n<\/tr>\n<\/tbody>\n<\/table>\n<p>Erkunden Sie die Pariser Katakomben mit einer Eintrittskarte und einem Audioguide und runden Sie Ihr Erlebnis anschlie\u00dfend mit einer Seine-Kreuzfahrt mit Kommentaren zu den Pariser Sehensw\u00fcrdigkeiten ab.<\/p>\n<h3 style=\"\">Gesamtpreis<\/h3>\n<h3 style=\"\">Ihr Konto wird noch nicht belastet.<br \/><\/h3>\n<p><\/p>\n<h2><a href=\"https:\/\/www.tiqets.com\/de\/things-to-do-in-paris-c66746\/tickets-for-catacombs-of-paris-and-audio-guide-p975456\/?partner=paristouristinformation&amp;tq_campaign=ParisDeCatacombsSP\" target=\"_blank\" rel=\"nofollow noopener\" style=\"outline: none;\">Zur Buchung<\/a><\/h2>\n<h1><a href=\"https:\/\/www.tiqets.com\/de\/things-to-do-in-paris-c66746\/tickets-for-catacombs-of-paris-and-audio-guide-p975456\/?partner=paristouristinformation&amp;tq_campaign=ParisDeCatacombsSP\" target=\"_blank\" rel=\"nofollow noopener\" style=\"outline: none;\"><strong>40,00 \u20ac<\/strong><\/a><\/h1>\n<p style=\"\">Ihr Konto wird noch nicht belastet.<\/p>\n","protected":false},"excerpt":{"rendered":"<p>Katakomben von Paris: Eintrittskarte + Audioguide Zur Buchung 40,00 \u20ac Begeben Sie sich in die unheimlichen Tiefen der franz\u00f6sischen Hauptstadt und erkunden Sie die ber\u00fchmten Katakomben von Paris, in denen die Knochen von \u00fcber sechs Millionen Menschen ruhen. Dieser Besuch bietet einen faszinierenden Einblick in die makabre Geschichte der Stadt, komplett mit einem mehrsprachigen Audioguide, [&hellip;]<\/p>\n","protected":false},"author":11,"featured_media":13845,"parent":0,"menu_order":0,"comment_status":"closed","ping_status":"closed","template":"","meta":{"footnotes":"","tve_updated_post":"","tve_custom_css":"","tve_user_custom_css":"","tve_globals":{},"tcb2_ready":1,"tcb_editor_enabled":1,"tve_landing_page":"bd86f3fc67210fed5b2794ad4a56d3a9","_tve_header":"2742","_tve_footer":"2743"},"tags":[69],"class_list":["post-13820","page","type-page","status-publish","has-post-thumbnail","hentry","tag-sales-pages","post-wrapper","thrv_wrapper"],"wp-worthy-pixel":{"ignored":false,"public":null,"server":null,"url":null},"wp-worthy-type":"normal","_links":{"self":[{"href":"https:\/\/www.paristouristinformation.fr\/de\/wp-json\/wp\/v2\/pages\/13820","targetHints":{"allow":["GET"]}}],"collection":[{"href":"https:\/\/www.paristouristinformation.fr\/de\/wp-json\/wp\/v2\/pages"}],"about":[{"href":"https:\/\/www.paristouristinformation.fr\/de\/wp-json\/wp\/v2\/types\/page"}],"author":[{"embeddable":true,"href":"https:\/\/www.paristouristinformation.fr\/de\/wp-json\/wp\/v2\/users\/11"}],"replies":[{"embeddable":true,"href":"https:\/\/www.paristouristinformation.fr\/de\/wp-json\/wp\/v2\/comments?post=13820"}],"version-history":[{"count":24,"href":"https:\/\/www.paristouristinformation.fr\/de\/wp-json\/wp\/v2\/pages\/13820\/revisions"}],"predecessor-version":[{"id":16001,"href":"https:\/\/www.paristouristinformation.fr\/de\/wp-json\/wp\/v2\/pages\/13820\/revisions\/16001"}],"wp:featuredmedia":[{"embeddable":true,"href":"https:\/\/www.paristouristinformation.fr\/de\/wp-json\/wp\/v2\/media\/13845"}],"wp:attachment":[{"href":"https:\/\/www.paristouristinformation.fr\/de\/wp-json\/wp\/v2\/media?parent=13820"}],"wp:term":[{"taxonomy":"post_tag","embeddable":true,"href":"https:\/\/www.paristouristinformation.fr\/de\/wp-json\/wp\/v2\/tags?post=13820"}],"curies":[{"name":"wp","href":"https:\/\/api.w.org\/{rel}","templated":true}]}}