{"id":13858,"date":"2024-09-19T15:10:00","date_gmt":"2024-09-19T15:10:00","guid":{"rendered":"https:\/\/www.paristouristinformation.fr\/de\/?page_id=13858"},"modified":"2026-04-13T08:24:48","modified_gmt":"2026-04-13T08:24:48","slug":"opera-garnier-tickets","status":"publish","type":"page","link":"https:\/\/www.paristouristinformation.fr\/de\/opera-garnier-tickets\/","title":{"rendered":"Opera Garnier Tickets mit Zeitfenster"},"content":{"rendered":"<p><span><img decoding=\"async\" alt=\"\" data-id=\"13483\" width=\"1502\" height=\"896\" title=\"Eintrittskarten f\u00fcr die Op\u00e9ra Garnier mit Zeitangabe 1\" src=\"https:\/\/www.paristouristinformation.fr\/de\/wp-content\/uploads\/2024\/09\/Opera-Garnier-Timed-Entry-Tickets-1-1024x611-1.png\" data-src=\"https:\/\/www.paristouristinformation.fr\/de\/wp-content\/uploads\/2024\/09\/Opera-Garnier-Timed-Entry-Tickets-1-300x179-1.png\" loading=\"lazy\" data-sizes=\"{&quot;thumbnail&quot;:{&quot;url&quot;:&quot;https:\/\/www.paristouristinformation.fr\/de\/wp-content\/uploads\/2024\/09\/Opera-Garnier-Timed-Entry-Tickets-1-333x205-1.png&quot;,&quot;height&quot;:205,&quot;width&quot;:333,&quot;orientation&quot;:&quot;landscape&quot;},&quot;medium&quot;:{&quot;url&quot;:&quot;https:\/\/www.paristouristinformation.fr\/de\/wp-content\/uploads\/2024\/09\/Opera-Garnier-Timed-Entry-Tickets-1-300x179-1.png&quot;,&quot;height&quot;:179,&quot;width&quot;:300,&quot;orientation&quot;:&quot;landscape&quot;},&quot;large&quot;:{&quot;url&quot;:&quot;https:\/\/www.paristouristinformation.fr\/de\/wp-content\/uploads\/2024\/09\/Opera-Garnier-Timed-Entry-Tickets-1-1024x611-1.png&quot;,&quot;height&quot;:611,&quot;width&quot;:1024,&quot;orientation&quot;:&quot;landscape&quot;},&quot;full&quot;:{&quot;url&quot;:&quot;https:\/\/www.paristouristinformation.fr\/de\/wp-content\/uploads\/2024\/09\/Opera-Garnier-Timed-Entry-Tickets-1.png&quot;,&quot;height&quot;:896,&quot;width&quot;:1502,&quot;orientation&quot;:&quot;landscape&quot;}}\"><\/span><span><img decoding=\"async\" alt=\"\" data-id=\"13480\" width=\"1454\" height=\"828\" title=\"Eintrittskarten f\u00fcr die Op\u00e9ra Garnier mit Zeitfenster 6\" src=\"https:\/\/www.paristouristinformation.fr\/de\/wp-content\/uploads\/2024\/09\/Opera-Garnier-Timed-Entry-Tickets-6-1024x583-1.png\" data-src=\"https:\/\/www.paristouristinformation.fr\/de\/wp-content\/uploads\/2024\/09\/Opera-Garnier-Timed-Entry-Tickets-6-300x171-1.png\" loading=\"lazy\" data-sizes=\"{&quot;thumbnail&quot;:{&quot;url&quot;:&quot;https:\/\/www.paristouristinformation.fr\/de\/wp-content\/uploads\/2024\/09\/Opera-Garnier-Timed-Entry-Tickets-6-333x205-1.png&quot;,&quot;height&quot;:205,&quot;width&quot;:333,&quot;orientation&quot;:&quot;landscape&quot;},&quot;medium&quot;:{&quot;url&quot;:&quot;https:\/\/www.paristouristinformation.fr\/de\/wp-content\/uploads\/2024\/09\/Opera-Garnier-Timed-Entry-Tickets-6-300x171-1.png&quot;,&quot;height&quot;:171,&quot;width&quot;:300,&quot;orientation&quot;:&quot;landscape&quot;},&quot;large&quot;:{&quot;url&quot;:&quot;https:\/\/www.paristouristinformation.fr\/de\/wp-content\/uploads\/2024\/09\/Opera-Garnier-Timed-Entry-Tickets-6-1024x583-1.png&quot;,&quot;height&quot;:583,&quot;width&quot;:1024,&quot;orientation&quot;:&quot;landscape&quot;},&quot;full&quot;:{&quot;url&quot;:&quot;https:\/\/www.paristouristinformation.fr\/de\/wp-content\/uploads\/2024\/09\/Opera-Garnier-Timed-Entry-Tickets-6.png&quot;,&quot;height&quot;:828,&quot;width&quot;:1454,&quot;orientation&quot;:&quot;landscape&quot;}}\"><\/span><span><img decoding=\"async\" alt=\"\" data-id=\"13481\" width=\"1286\" height=\"858\" title=\"Eintrittskarten f\u00fcr die Op\u00e9ra Garnier mit Zeitfenster 5\" src=\"https:\/\/www.paristouristinformation.fr\/de\/wp-content\/uploads\/2024\/09\/Opera-Garnier-Timed-Entry-Tickets-5-1024x683-1.png\" data-src=\"https:\/\/www.paristouristinformation.fr\/de\/wp-content\/uploads\/2024\/09\/Opera-Garnier-Timed-Entry-Tickets-5-300x200-1.png\" loading=\"lazy\" data-sizes=\"{&quot;thumbnail&quot;:{&quot;url&quot;:&quot;https:\/\/www.paristouristinformation.fr\/de\/wp-content\/uploads\/2024\/09\/Opera-Garnier-Timed-Entry-Tickets-5-333x205-1.png&quot;,&quot;height&quot;:205,&quot;width&quot;:333,&quot;orientation&quot;:&quot;landscape&quot;},&quot;medium&quot;:{&quot;url&quot;:&quot;https:\/\/www.paristouristinformation.fr\/de\/wp-content\/uploads\/2024\/09\/Opera-Garnier-Timed-Entry-Tickets-5-300x200-1.png&quot;,&quot;height&quot;:200,&quot;width&quot;:300,&quot;orientation&quot;:&quot;landscape&quot;},&quot;large&quot;:{&quot;url&quot;:&quot;https:\/\/www.paristouristinformation.fr\/de\/wp-content\/uploads\/2024\/09\/Opera-Garnier-Timed-Entry-Tickets-5-1024x683-1.png&quot;,&quot;height&quot;:683,&quot;width&quot;:1024,&quot;orientation&quot;:&quot;landscape&quot;},&quot;full&quot;:{&quot;url&quot;:&quot;https:\/\/www.paristouristinformation.fr\/de\/wp-content\/uploads\/2024\/09\/Opera-Garnier-Timed-Entry-Tickets-5.png&quot;,&quot;height&quot;:858,&quot;width&quot;:1286,&quot;orientation&quot;:&quot;landscape&quot;}}\"><\/span><span><img decoding=\"async\" alt=\"\" data-id=\"13482\" width=\"1366\" height=\"832\" title=\"Eintrittskarten f\u00fcr die Op\u00e9ra Garnier mit Zeitfenster 4\" src=\"https:\/\/www.paristouristinformation.fr\/de\/wp-content\/uploads\/2024\/09\/Opera-Garnier-Timed-Entry-Tickets-4-1024x624-1.png\" data-src=\"https:\/\/www.paristouristinformation.fr\/de\/wp-content\/uploads\/2024\/09\/Opera-Garnier-Timed-Entry-Tickets-4-300x183-1.png\" loading=\"lazy\" data-sizes=\"{&quot;thumbnail&quot;:{&quot;url&quot;:&quot;https:\/\/www.paristouristinformation.fr\/de\/wp-content\/uploads\/2024\/09\/Opera-Garnier-Timed-Entry-Tickets-4-333x205-1.png&quot;,&quot;height&quot;:205,&quot;width&quot;:333,&quot;orientation&quot;:&quot;landscape&quot;},&quot;medium&quot;:{&quot;url&quot;:&quot;https:\/\/www.paristouristinformation.fr\/de\/wp-content\/uploads\/2024\/09\/Opera-Garnier-Timed-Entry-Tickets-4-300x183-1.png&quot;,&quot;height&quot;:183,&quot;width&quot;:300,&quot;orientation&quot;:&quot;landscape&quot;},&quot;large&quot;:{&quot;url&quot;:&quot;https:\/\/www.paristouristinformation.fr\/de\/wp-content\/uploads\/2024\/09\/Opera-Garnier-Timed-Entry-Tickets-4-1024x624-1.png&quot;,&quot;height&quot;:624,&quot;width&quot;:1024,&quot;orientation&quot;:&quot;landscape&quot;},&quot;full&quot;:{&quot;url&quot;:&quot;https:\/\/www.paristouristinformation.fr\/de\/wp-content\/uploads\/2024\/09\/Opera-Garnier-Timed-Entry-Tickets-4.png&quot;,&quot;height&quot;:832,&quot;width&quot;:1366,&quot;orientation&quot;:&quot;landscape&quot;}}\"><\/span><span><img decoding=\"async\" alt=\"\" data-id=\"13484\" width=\"1394\" height=\"892\" title=\"Zeitlich begrenzte Eintrittskarten f\u00fcr die Op\u00e9ra Garnier 2\" src=\"https:\/\/www.paristouristinformation.fr\/de\/wp-content\/uploads\/2024\/09\/Opera-Garnier-Timed-Entry-Tickets-2-1024x655-1.png\" data-src=\"https:\/\/www.paristouristinformation.fr\/de\/wp-content\/uploads\/2024\/09\/Opera-Garnier-Timed-Entry-Tickets-2-300x192-1.png\" loading=\"lazy\" data-sizes=\"{&quot;thumbnail&quot;:{&quot;url&quot;:&quot;https:\/\/www.paristouristinformation.fr\/de\/wp-content\/uploads\/2024\/09\/Opera-Garnier-Timed-Entry-Tickets-2-333x205-1.png&quot;,&quot;height&quot;:205,&quot;width&quot;:333,&quot;orientation&quot;:&quot;landscape&quot;},&quot;medium&quot;:{&quot;url&quot;:&quot;https:\/\/www.paristouristinformation.fr\/de\/wp-content\/uploads\/2024\/09\/Opera-Garnier-Timed-Entry-Tickets-2-300x192-1.png&quot;,&quot;height&quot;:192,&quot;width&quot;:300,&quot;orientation&quot;:&quot;landscape&quot;},&quot;large&quot;:{&quot;url&quot;:&quot;https:\/\/www.paristouristinformation.fr\/de\/wp-content\/uploads\/2024\/09\/Opera-Garnier-Timed-Entry-Tickets-2-1024x655-1.png&quot;,&quot;height&quot;:655,&quot;width&quot;:1024,&quot;orientation&quot;:&quot;landscape&quot;},&quot;full&quot;:{&quot;url&quot;:&quot;https:\/\/www.paristouristinformation.fr\/de\/wp-content\/uploads\/2024\/09\/Opera-Garnier-Timed-Entry-Tickets-2.png&quot;,&quot;height&quot;:892,&quot;width&quot;:1394,&quot;orientation&quot;:&quot;landscape&quot;}}\"><\/span><span><img decoding=\"async\" alt=\"\" data-id=\"13485\" width=\"1402\" height=\"856\" title=\"Eintrittskarten f\u00fcr die Op\u00e9ra Garnier mit Zeitfenster 3\" src=\"https:\/\/www.paristouristinformation.fr\/de\/wp-content\/uploads\/2024\/09\/Opera-Garnier-Timed-Entry-Tickets-3-1024x625-1.png\" data-src=\"https:\/\/www.paristouristinformation.fr\/de\/wp-content\/uploads\/2024\/09\/Opera-Garnier-Timed-Entry-Tickets-3-300x183-1.png\" loading=\"lazy\" data-sizes=\"{&quot;thumbnail&quot;:{&quot;url&quot;:&quot;https:\/\/www.paristouristinformation.fr\/de\/wp-content\/uploads\/2024\/09\/Opera-Garnier-Timed-Entry-Tickets-3-333x205-1.png&quot;,&quot;height&quot;:205,&quot;width&quot;:333,&quot;orientation&quot;:&quot;landscape&quot;},&quot;medium&quot;:{&quot;url&quot;:&quot;https:\/\/www.paristouristinformation.fr\/de\/wp-content\/uploads\/2024\/09\/Opera-Garnier-Timed-Entry-Tickets-3-300x183-1.png&quot;,&quot;height&quot;:183,&quot;width&quot;:300,&quot;orientation&quot;:&quot;landscape&quot;},&quot;large&quot;:{&quot;url&quot;:&quot;https:\/\/www.paristouristinformation.fr\/de\/wp-content\/uploads\/2024\/09\/Opera-Garnier-Timed-Entry-Tickets-3-1024x625-1.png&quot;,&quot;height&quot;:625,&quot;width&quot;:1024,&quot;orientation&quot;:&quot;landscape&quot;},&quot;full&quot;:{&quot;url&quot;:&quot;https:\/\/www.paristouristinformation.fr\/de\/wp-content\/uploads\/2024\/09\/Opera-Garnier-Timed-Entry-Tickets-3.png&quot;,&quot;height&quot;:856,&quot;width&quot;:1402,&quot;orientation&quot;:&quot;landscape&quot;}}\"><\/span><\/p>\n<h1 data-qa-marker=\"product-name\" style=\"\">Selbstgef\u00fchrte Tour durch die \u00d3pera Garnier<\/h1>\n<h2><a href=\"https:\/\/www.headout.com\/de\/paris-opera-garnier-tickets\/selbstgefuehrte-tour-durch-die-opera-garnier-e-8006\/?affiliate_code=KXkQ69&amp;utm_campaign=parisdeoperagarniersp&amp;utm_content=link&amp;utm_medium=affiliate&amp;utm_source=most_amazing_places\" target=\"_blank\" rel=\"nofollow noopener\" style=\"outline: none;\">Zur Buchung<\/a><\/h2>\n<h1><a href=\"https:\/\/www.headout.com\/de\/paris-opera-garnier-tickets\/selbstgefuehrte-tour-durch-die-opera-garnier-e-8006\/?affiliate_code=KXkQ69&amp;utm_campaign=parisdeoperagarniersp&amp;utm_content=link&amp;utm_medium=affiliate&amp;utm_source=most_amazing_places\" target=\"_blank\" rel=\"nofollow noopener\" style=\"outline: none;\"><strong>25,00 \u20ac<\/strong><\/a><\/h1>\n<p dir=\"ltr\">Sichern Sie sich Ihren zeitgebundenen Eintritt zur atemberaubenden Op\u00e9ra Garnier in Paris und erkunden Sie die opulenten Innenr\u00e4ume in Ihrem eigenen Tempo. Von der Pracht der Grande Escalier bis zu den faszinierenden Exponaten bietet diese selbstgef\u00fchrte Tour ein unvergessliches Erlebnis.<\/p>\n<ul>\n<li style=\"\"><span>Mobiles oder ausgedrucktes Ticket wird akzeptiert&nbsp;<\/span><\/li>\n<li style=\"\">                    <span>Sofortige Best\u00e4tigung<\/span><\/li>\n<li style=\"\"><span>Eintrittskarte f\u00fcr die Op\u00e9ra Garnier mit Zeitfenster<\/span><\/li>\n<li style=\"\"><span>Verl\u00e4ngerte G\u00fcltigkeit<\/span><\/li>\n<\/ul>\n<h2>Inbegriffen<\/h2>\n<ul>\n<li style=\"\">                    <span>Eintrittskarten f\u00fcr die Opera Garnier mit Zeitfenster<\/span><\/li>\n<li style=\"\">                    <span>Zugang zu allen Wechselausstellungen<\/span><\/li>\n<\/ul>\n<h2>Nicht inbegriffen<\/h2>\n<ul>\n<li style=\"\"><span>Reisef\u00fchrer&nbsp;<\/span><\/li>\n<\/ul>\n<h2>Wichtige Informationen<\/h2>\n<ul>\n<li><span>Kommen Sie 15 Minuten vor Ihrer geplanten Einlasszeit.<\/span><\/li>\n<li><span>Aufgrund des Theaterbetriebs kann der Veranstaltungssaal geschlossen sein.<\/span><\/li>\n<li><span>Ihr mobiler Voucher muss zusammen mit einem g\u00fcltigen Lichtbildausweis vorgelegt werden.<\/span><\/li>\n<\/ul>\n<h2>Beschreibung:<\/h2>\n<p>Tauchen Sie ein in die Praxis der <strong>Op\u00e9ra Garnier,<\/strong> eines der ber\u00fchmtesten Wahrzeichen von Paris und eines der sch\u00f6nsten Opernh\u00e4user der Welt. Mit Ihrer Eintrittskarte mit Zeitangabe k\u00f6nnen Sie <strong>die Warteschlangen umgehen<\/strong> und die atemberaubende Barockarchitektur bewundern, von den schillernden Mosaiken bis zu den komplizierten Skulpturen. Entdecken Sie die reiche Geschichte und Kunstfertigkeit dieses au\u00dfergew\u00f6hnlichen Geb\u00e4udes.<\/p>\n<h2>H\u00f6hepunkte:<\/h2>\n<ul>\n<li>Erhalten Sie schnellen und bequemen Zugang zur Op\u00e9ra Garnier, der Heimat des Phantoms der Oper<\/li>\n<li>Erkunden Sie opulente Foyers, die mit Mosaiken, Blattgold, S\u00e4ulen aus rosa Marmor und vielem mehr geschm\u00fcckt sind<\/li>\n<li>Erklimmen Sie die gro\u00dfe Doppeltreppe des Grand Escalier<\/li>\n<li>Bewundern Sie die bronzene \u201ePythonisse\u201c-Skulptur und die Architektur des Zweiten Kaiserreichs<\/li>\n<li>Genie\u00dfen Sie den Zugang zu allen Wechselausstellungen im Opernhaus<\/li>\n<\/ul>\n<h2>Op\u00e9ra Garnier<\/h2>\n<p dir=\"ltr\">Pl. de l&#8217;Op\u00e9ra, 75009 Paris, Frankreich<\/p>\n<h2>Stornierungsbedingungen<\/h2>\n<p dir=\"ltr\">Diese Tickets sind nicht erstattungsf\u00e4hig, k\u00f6nnen jedoch jederzeit bis zum 1. Juni 2025 verwendet werden.<\/p>\n<h2>Treffpunkt &amp; Hinweise&nbsp;<\/h2>\n<p dir=\"ltr\">Zeigen Sie Ihr Ticket und Ihren g\u00fcltigen Lichtbildausweis an der Kreuzung der Rue Scribe und Rue Auber in Paris vor. Bitte treffen Sie 15 Minuten vor Ihrer geplanten Besuchszeit ein.<\/p>\n<p><a href=\"https:\/\/maps.app.goo.gl\/sCGDTLJWXDBdVNYm8\" style=\"outline: none;\" target=\"_blank\" rel=\"nofollow noopener\">In Google Maps \u00f6ffnen<\/a><\/p>\n<h2>Bewertungen<\/h2>\n<p><strong>4.5\/ 5 &nbsp;<\/strong><strong>(2561 Bewertungen)<\/strong><\/p>\n<p dir=\"ltr\"><em>\u201eWas k\u00f6nnte an diesem wunderbaren Ort noch besser sein?&#8230;&#8230;&#8230;&#8230;k\u00f6nnte das verf\u00fcgbare mobile Audioger\u00e4t sein, das zwar Informationen anzeigt, aber keine Wegbeschreibung von Ort zu Ort gibt. Wir sind herumgelaufen und haben uns alles angesehen, das war f\u00fcr uns kein Problem, k\u00f6nnte es aber f\u00fcr viele andere sein und ist es wahrscheinlich auch Unser Besuch war gro\u00dfartig,&#8230;..Ihr Service ist es auch, darf ich mich bedanken?\u201c<\/em>&nbsp;Geoffrey G, April 2026 [Quelle: Headout] &nbsp;<a href=\"https:\/\/www.headout.com\/de\/paris-opera-garnier-tickets\/selbstgefuehrte-tour-durch-die-opera-garnier-e-8006\/?affiliate_code=KXkQ69&amp;utm_campaign=parisdeoperagarniersp&amp;utm_content=link&amp;utm_medium=affiliate&amp;utm_source=most_amazing_places\" target=\"_blank\" rel=\"nofollow noopener\" data-lt-tmp-id=\"lt-547946\" spellcheck=\"false\" style=\"outline: none;\">&gt;&gt; Weitere Bewertungen anzeigen<\/a><\/p>\n<h2>Weitere Aktivit\u00e4ten, die Ihnen gefallen k\u00f6nnten<\/h2>\n<p><span># <\/span><strong><span>2<\/span><\/strong><span># <\/span><strong><span>2<\/span><\/strong><span><img decoding=\"async\" alt=\"Op\u00e9ra Garnier: Eintritt + Ars\u00e8ne Lupin Immersive Game\" data-id=\"13476\" width=\"159\" data-init-width=\"1544\" height=\"87\" data-init-height=\"846\" title=\"Op\u00e9ra Garnier: Eintritt + Ars\u00e8ne Lupin Immersive Game\" loading=\"lazy\" src=\"https:\/\/www.paristouristinformation.fr\/de\/wp-content\/uploads\/2024\/09\/Bildschirmfoto-2024-08-26-um-18.19.29-1.png\" data-width=\"159\" data-height=\"87\" style=\"aspect-ratio: auto 1544 \/ 846;\"><\/span><\/p>\n<table>\n<tbody>\n<tr>\n<td><a href=\"https:\/\/www.tiqets.com\/en\/things-to-do-in-paris-c66746\/tickets-for-arsene-lupin-and-the-secret-of-the-opera-p1047628\/?partner=most_amazing_places&amp;tq_campaign=ParisOperaGarnierGttd2\" target=\"_blank\" rel=\"nofollow noopener\" style=\"outline: none;\" data-lt-tmp-id=\"lt-921657\" spellcheck=\"false\">Op\u00e9ra Garnier: Eintritt + Ars\u00e8ne Lupin Immersive Game<\/a><\/td>\n<\/tr>\n<\/tbody>\n<\/table>\n<p dir=\"ltr\">Besuchen Sie die Op\u00e9ra Garnier und tauchen Sie mit einem spannenden neuen immersiven Spiel in die Welt von Ars\u00e8ne Lupin ein. Erleben Sie die Pracht des Opernhauses, w\u00e4hrend Sie in diesem interaktiven Abenteuer Geheimnisse l\u00fcften.<\/p>\n<h3 style=\"\">Gesamtpreis<\/h3>\n<h3 style=\"\">Ihr Konto wird noch nicht belastet.<br \/><\/h3>\n<p><span># <\/span><strong><span>2<\/span><\/strong><span><img decoding=\"async\" alt=\"\" data-id=\"13478\" width=\"159\" data-init-width=\"1185\" height=\"83\" data-init-height=\"616\" title=\"Paris \u2013 Tickets f\u00fcr die Op\u00e9ra Garnier und eine Bootsfahrt auf der Seine\" loading=\"lazy\" src=\"https:\/\/www.paristouristinformation.fr\/de\/wp-content\/uploads\/2024\/09\/Paris-Opera-Garnier-and-Seine-River-Cruise-Tickets-.jpg\" data-width=\"159\" data-height=\"83\" style=\"aspect-ratio: auto 1185 \/ 616;\"><\/span><\/p>\n<table>\n<tbody>\n<tr>\n<td><a href=\"https:\/\/gyg.me\/eBVVEucf\" target=\"_blank\" rel=\"nofollow noopener\" style=\"outline: none;\" data-lt-tmp-id=\"lt-163467\" spellcheck=\"false\">Paris: Tickets f\u00fcr die Oper Garnier und die Seine-Flussfahrt<\/a><\/td>\n<\/tr>\n<\/tbody>\n<\/table>\n<p dir=\"ltr\">Erleben Sie die Eleganz der Op\u00e9ra Garnier und die Sch\u00f6nheit von Paris mit einem Kombiticket f\u00fcr einen Besuch und eine einst\u00fcndige Seine-Kreuzfahrt. Erkunden Sie das Opernhaus und genie\u00dfen Sie die malerische Aussicht vom Wasser aus.<\/p>\n<h3 style=\"\">Gesamtpreis<\/h3>\n<h3 style=\"\">Ihr Konto wird noch nicht belastet.<br \/><\/h3>\n<p><\/p>\n<h2><a href=\"https:\/\/www.headout.com\/de\/paris-opera-garnier-tickets\/selbstgefuehrte-tour-durch-die-opera-garnier-e-8006\/?affiliate_code=KXkQ69&amp;utm_campaign=parisdeoperagarniersp&amp;utm_content=link&amp;utm_medium=affiliate&amp;utm_source=most_amazing_places\" target=\"_blank\" rel=\"nofollow noopener\" style=\"outline: none;\">Zur Buchung<\/a><\/h2>\n<h1><a href=\"https:\/\/www.headout.com\/de\/paris-opera-garnier-tickets\/selbstgefuehrte-tour-durch-die-opera-garnier-e-8006\/?affiliate_code=KXkQ69&amp;utm_campaign=parisdeoperagarniersp&amp;utm_content=link&amp;utm_medium=affiliate&amp;utm_source=most_amazing_places\" target=\"_blank\" rel=\"nofollow noopener\" style=\"outline: none;\"><strong>25 \u20ac<\/strong><\/a><\/h1>\n<p style=\"\">Ihr Konto wird noch nicht belastet.<\/p>\n","protected":false},"excerpt":{"rendered":"<p>Selbstgef\u00fchrte Tour durch die \u00d3pera Garnier Zur Buchung 25,00 \u20ac Sichern Sie sich Ihren zeitgebundenen Eintritt zur atemberaubenden Op\u00e9ra Garnier in Paris und erkunden Sie die opulenten Innenr\u00e4ume in Ihrem eigenen Tempo. Von der Pracht der Grande Escalier bis zu den faszinierenden Exponaten bietet diese selbstgef\u00fchrte Tour ein unvergessliches Erlebnis. Mobiles oder ausgedrucktes Ticket wird [&hellip;]<\/p>\n","protected":false},"author":11,"featured_media":13862,"parent":0,"menu_order":0,"comment_status":"closed","ping_status":"closed","template":"","meta":{"footnotes":"","tve_updated_post":"","tve_custom_css":"","tve_user_custom_css":"","tve_globals":{},"tcb2_ready":1,"tcb_editor_enabled":1,"tve_landing_page":"bd86f3fc67210fed5b2794ad4a56d3a9","_tve_header":"2742","_tve_footer":"2743"},"tags":[69],"class_list":["post-13858","page","type-page","status-publish","has-post-thumbnail","hentry","tag-sales-pages","post-wrapper","thrv_wrapper"],"wp-worthy-pixel":{"ignored":false,"public":null,"server":null,"url":null},"wp-worthy-type":"normal","_links":{"self":[{"href":"https:\/\/www.paristouristinformation.fr\/de\/wp-json\/wp\/v2\/pages\/13858","targetHints":{"allow":["GET"]}}],"collection":[{"href":"https:\/\/www.paristouristinformation.fr\/de\/wp-json\/wp\/v2\/pages"}],"about":[{"href":"https:\/\/www.paristouristinformation.fr\/de\/wp-json\/wp\/v2\/types\/page"}],"author":[{"embeddable":true,"href":"https:\/\/www.paristouristinformation.fr\/de\/wp-json\/wp\/v2\/users\/11"}],"replies":[{"embeddable":true,"href":"https:\/\/www.paristouristinformation.fr\/de\/wp-json\/wp\/v2\/comments?post=13858"}],"version-history":[{"count":22,"href":"https:\/\/www.paristouristinformation.fr\/de\/wp-json\/wp\/v2\/pages\/13858\/revisions"}],"predecessor-version":[{"id":16006,"href":"https:\/\/www.paristouristinformation.fr\/de\/wp-json\/wp\/v2\/pages\/13858\/revisions\/16006"}],"wp:featuredmedia":[{"embeddable":true,"href":"https:\/\/www.paristouristinformation.fr\/de\/wp-json\/wp\/v2\/media\/13862"}],"wp:attachment":[{"href":"https:\/\/www.paristouristinformation.fr\/de\/wp-json\/wp\/v2\/media?parent=13858"}],"wp:term":[{"taxonomy":"post_tag","embeddable":true,"href":"https:\/\/www.paristouristinformation.fr\/de\/wp-json\/wp\/v2\/tags?post=13858"}],"curies":[{"name":"wp","href":"https:\/\/api.w.org\/{rel}","templated":true}]}}