{"id":13928,"date":"2024-09-19T15:13:37","date_gmt":"2024-09-19T15:13:37","guid":{"rendered":"https:\/\/www.paristouristinformation.fr\/de\/?page_id=13928"},"modified":"2026-01-29T14:13:15","modified_gmt":"2026-01-29T14:13:15","slug":"tickets-fur-paradis-latin-kabarettshow","status":"publish","type":"page","link":"https:\/\/www.paristouristinformation.fr\/de\/tickets-fur-paradis-latin-kabarettshow\/","title":{"rendered":"Tickets f\u00fcr die Paradis Latin Kabarettshow"},"content":{"rendered":"<p><span><img decoding=\"async\" alt=\"\" data-id=\"13520\" width=\"1546\" height=\"1366\" title=\"Paradis Latin Cabaret Nachtshow 1\" src=\"https:\/\/www.paristouristinformation.fr\/de\/wp-content\/uploads\/2024\/09\/Paradis-Latin-Cabaret-Night-Show-1-1024x905-1.png\" data-src=\"https:\/\/www.paristouristinformation.fr\/de\/wp-content\/uploads\/2024\/09\/Paradis-Latin-Cabaret-Night-Show-1-300x265-1.png\" loading=\"lazy\" data-sizes=\"{&quot;thumbnail&quot;:{&quot;url&quot;:&quot;https:\/\/www.paristouristinformation.fr\/de\/wp-content\/uploads\/2024\/09\/Paradis-Latin-Cabaret-Night-Show-1-333x205-1.png&quot;,&quot;height&quot;:205,&quot;width&quot;:333,&quot;orientation&quot;:&quot;landscape&quot;},&quot;medium&quot;:{&quot;url&quot;:&quot;https:\/\/www.paristouristinformation.fr\/de\/wp-content\/uploads\/2024\/09\/Paradis-Latin-Cabaret-Night-Show-1-300x265-1.png&quot;,&quot;height&quot;:265,&quot;width&quot;:300,&quot;orientation&quot;:&quot;landscape&quot;},&quot;large&quot;:{&quot;url&quot;:&quot;https:\/\/www.paristouristinformation.fr\/de\/wp-content\/uploads\/2024\/09\/Paradis-Latin-Cabaret-Night-Show-1-1024x905-1.png&quot;,&quot;height&quot;:905,&quot;width&quot;:1024,&quot;orientation&quot;:&quot;landscape&quot;},&quot;full&quot;:{&quot;url&quot;:&quot;https:\/\/www.paristouristinformation.fr\/de\/wp-content\/uploads\/2024\/09\/Paradis-Latin-Cabaret-Night-Show-1.png&quot;,&quot;height&quot;:1366,&quot;width&quot;:1546,&quot;orientation&quot;:&quot;landscape&quot;},&quot;1536x1536&quot;:{&quot;url&quot;:&quot;https:\/\/www.paristouristinformation.fr\/de\/wp-content\/uploads\/2024\/09\/Paradis-Latin-Cabaret-Night-Show-1-1536x1357-1.png&quot;,&quot;height&quot;:1357,&quot;width&quot;:1536,&quot;orientation&quot;:&quot;landscape&quot;}}\"><\/span><span><img decoding=\"async\" alt=\"\" data-id=\"13519\" width=\"1560\" height=\"970\" title=\"Paradis Latin Cabaret Nachtshow 5\" src=\"https:\/\/www.paristouristinformation.fr\/de\/wp-content\/uploads\/2024\/09\/Paradis-Latin-Cabaret-Night-Show-5-1024x637-1.png\" data-src=\"https:\/\/www.paristouristinformation.fr\/de\/wp-content\/uploads\/2024\/09\/Paradis-Latin-Cabaret-Night-Show-5-300x187-1.png\" loading=\"lazy\" data-sizes=\"{&quot;thumbnail&quot;:{&quot;url&quot;:&quot;https:\/\/www.paristouristinformation.fr\/de\/wp-content\/uploads\/2024\/09\/Paradis-Latin-Cabaret-Night-Show-5-333x205-1.png&quot;,&quot;height&quot;:205,&quot;width&quot;:333,&quot;orientation&quot;:&quot;landscape&quot;},&quot;medium&quot;:{&quot;url&quot;:&quot;https:\/\/www.paristouristinformation.fr\/de\/wp-content\/uploads\/2024\/09\/Paradis-Latin-Cabaret-Night-Show-5-300x187-1.png&quot;,&quot;height&quot;:187,&quot;width&quot;:300,&quot;orientation&quot;:&quot;landscape&quot;},&quot;large&quot;:{&quot;url&quot;:&quot;https:\/\/www.paristouristinformation.fr\/de\/wp-content\/uploads\/2024\/09\/Paradis-Latin-Cabaret-Night-Show-5-1024x637-1.png&quot;,&quot;height&quot;:637,&quot;width&quot;:1024,&quot;orientation&quot;:&quot;landscape&quot;},&quot;full&quot;:{&quot;url&quot;:&quot;https:\/\/www.paristouristinformation.fr\/de\/wp-content\/uploads\/2024\/09\/Paradis-Latin-Cabaret-Night-Show-5.png&quot;,&quot;height&quot;:970,&quot;width&quot;:1560,&quot;orientation&quot;:&quot;landscape&quot;},&quot;1536x1536&quot;:{&quot;url&quot;:&quot;https:\/\/www.paristouristinformation.fr\/de\/wp-content\/uploads\/2024\/09\/Paradis-Latin-Cabaret-Night-Show-5-1536x955-1.png&quot;,&quot;height&quot;:955,&quot;width&quot;:1536,&quot;orientation&quot;:&quot;landscape&quot;}}\"><\/span><span><img decoding=\"async\" alt=\"\" data-id=\"13517\" width=\"1548\" height=\"1084\" title=\"Paradis Latin Cabaret Nachtshow 3\" src=\"https:\/\/www.paristouristinformation.fr\/de\/wp-content\/uploads\/2024\/09\/Paradis-Latin-Cabaret-Night-Show-3-1024x717-1.png\" data-src=\"https:\/\/www.paristouristinformation.fr\/de\/wp-content\/uploads\/2024\/09\/Paradis-Latin-Cabaret-Night-Show-3-300x210-1.png\" loading=\"lazy\" data-sizes=\"{&quot;thumbnail&quot;:{&quot;url&quot;:&quot;https:\/\/www.paristouristinformation.fr\/de\/wp-content\/uploads\/2024\/09\/Paradis-Latin-Cabaret-Night-Show-3-333x205-1.png&quot;,&quot;height&quot;:205,&quot;width&quot;:333,&quot;orientation&quot;:&quot;landscape&quot;},&quot;medium&quot;:{&quot;url&quot;:&quot;https:\/\/www.paristouristinformation.fr\/de\/wp-content\/uploads\/2024\/09\/Paradis-Latin-Cabaret-Night-Show-3-300x210-1.png&quot;,&quot;height&quot;:210,&quot;width&quot;:300,&quot;orientation&quot;:&quot;landscape&quot;},&quot;large&quot;:{&quot;url&quot;:&quot;https:\/\/www.paristouristinformation.fr\/de\/wp-content\/uploads\/2024\/09\/Paradis-Latin-Cabaret-Night-Show-3-1024x717-1.png&quot;,&quot;height&quot;:717,&quot;width&quot;:1024,&quot;orientation&quot;:&quot;landscape&quot;},&quot;full&quot;:{&quot;url&quot;:&quot;https:\/\/www.paristouristinformation.fr\/de\/wp-content\/uploads\/2024\/09\/Paradis-Latin-Cabaret-Night-Show-3.png&quot;,&quot;height&quot;:1084,&quot;width&quot;:1548,&quot;orientation&quot;:&quot;landscape&quot;},&quot;1536x1536&quot;:{&quot;url&quot;:&quot;https:\/\/www.paristouristinformation.fr\/de\/wp-content\/uploads\/2024\/09\/Paradis-Latin-Cabaret-Night-Show-3-1536x1076-1.png&quot;,&quot;height&quot;:1076,&quot;width&quot;:1536,&quot;orientation&quot;:&quot;landscape&quot;}}\"><\/span><span><img decoding=\"async\" alt=\"\" data-id=\"13521\" width=\"1544\" height=\"944\" title=\"Paradis Latin Cabaret Nachtshow 2\" src=\"https:\/\/www.paristouristinformation.fr\/de\/wp-content\/uploads\/2024\/09\/Paradis-Latin-Cabaret-Night-Show-2-1024x626-1.png\" data-src=\"https:\/\/www.paristouristinformation.fr\/de\/wp-content\/uploads\/2024\/09\/Paradis-Latin-Cabaret-Night-Show-2-300x183-1.png\" loading=\"lazy\" data-sizes=\"{&quot;thumbnail&quot;:{&quot;url&quot;:&quot;https:\/\/www.paristouristinformation.fr\/de\/wp-content\/uploads\/2024\/09\/Paradis-Latin-Cabaret-Night-Show-2-333x205-1.png&quot;,&quot;height&quot;:205,&quot;width&quot;:333,&quot;orientation&quot;:&quot;landscape&quot;},&quot;medium&quot;:{&quot;url&quot;:&quot;https:\/\/www.paristouristinformation.fr\/de\/wp-content\/uploads\/2024\/09\/Paradis-Latin-Cabaret-Night-Show-2-300x183-1.png&quot;,&quot;height&quot;:183,&quot;width&quot;:300,&quot;orientation&quot;:&quot;landscape&quot;},&quot;large&quot;:{&quot;url&quot;:&quot;https:\/\/www.paristouristinformation.fr\/de\/wp-content\/uploads\/2024\/09\/Paradis-Latin-Cabaret-Night-Show-2-1024x626-1.png&quot;,&quot;height&quot;:626,&quot;width&quot;:1024,&quot;orientation&quot;:&quot;landscape&quot;},&quot;full&quot;:{&quot;url&quot;:&quot;https:\/\/www.paristouristinformation.fr\/de\/wp-content\/uploads\/2024\/09\/Paradis-Latin-Cabaret-Night-Show-2.png&quot;,&quot;height&quot;:944,&quot;width&quot;:1544,&quot;orientation&quot;:&quot;landscape&quot;},&quot;1536x1536&quot;:{&quot;url&quot;:&quot;https:\/\/www.paristouristinformation.fr\/de\/wp-content\/uploads\/2024\/09\/Paradis-Latin-Cabaret-Night-Show-2-1536x939-1.png&quot;,&quot;height&quot;:939,&quot;width&quot;:1536,&quot;orientation&quot;:&quot;landscape&quot;}}\"><\/span><span><img decoding=\"async\" alt=\"\" data-id=\"13518\" width=\"1552\" height=\"1062\" title=\"Paradis Latin Cabaret Nachtshow 4\" src=\"https:\/\/www.paristouristinformation.fr\/de\/wp-content\/uploads\/2024\/09\/Paradis-Latin-Cabaret-Night-Show-4-1024x701-1.png\" data-src=\"https:\/\/www.paristouristinformation.fr\/de\/wp-content\/uploads\/2024\/09\/Paradis-Latin-Cabaret-Night-Show-4-300x205-1.png\" loading=\"lazy\" data-sizes=\"{&quot;thumbnail&quot;:{&quot;url&quot;:&quot;https:\/\/www.paristouristinformation.fr\/de\/wp-content\/uploads\/2024\/09\/Paradis-Latin-Cabaret-Night-Show-4-333x205-1.png&quot;,&quot;height&quot;:205,&quot;width&quot;:333,&quot;orientation&quot;:&quot;landscape&quot;},&quot;medium&quot;:{&quot;url&quot;:&quot;https:\/\/www.paristouristinformation.fr\/de\/wp-content\/uploads\/2024\/09\/Paradis-Latin-Cabaret-Night-Show-4-300x205-1.png&quot;,&quot;height&quot;:205,&quot;width&quot;:300,&quot;orientation&quot;:&quot;landscape&quot;},&quot;large&quot;:{&quot;url&quot;:&quot;https:\/\/www.paristouristinformation.fr\/de\/wp-content\/uploads\/2024\/09\/Paradis-Latin-Cabaret-Night-Show-4-1024x701-1.png&quot;,&quot;height&quot;:701,&quot;width&quot;:1024,&quot;orientation&quot;:&quot;landscape&quot;},&quot;full&quot;:{&quot;url&quot;:&quot;https:\/\/www.paristouristinformation.fr\/de\/wp-content\/uploads\/2024\/09\/Paradis-Latin-Cabaret-Night-Show-4.png&quot;,&quot;height&quot;:1062,&quot;width&quot;:1552,&quot;orientation&quot;:&quot;landscape&quot;},&quot;1536x1536&quot;:{&quot;url&quot;:&quot;https:\/\/www.paristouristinformation.fr\/de\/wp-content\/uploads\/2024\/09\/Paradis-Latin-Cabaret-Night-Show-4-1536x1051-1.png&quot;,&quot;height&quot;:1051,&quot;width&quot;:1536,&quot;orientation&quot;:&quot;landscape&quot;}}\"><\/span><\/p>\n<h1 dir=\"ltr\">Paradis Latin: Abendliche Kabarettshow<\/h1>\n<h2><a href=\"https:\/\/www.tiqets.com\/en\/things-to-do-in-paris-c66746\/tickets-for-paradis-latin-cabaret-night-show-p974021\/?partner=paristouristinformation&amp;tq_campaign=ParadisLatinGttd\" target=\"_blank\" rel=\"nofollow noopener\" style=\"outline: none;\">Zur Buchung<\/a><\/h2>\n<h1><a href=\"https:\/\/www.tiqets.com\/en\/things-to-do-in-paris-c66746\/tickets-for-paradis-latin-cabaret-night-show-p974021\/?partner=paristouristinformation&amp;tq_campaign=ParadisLatinGttd\" target=\"_blank\" rel=\"nofollow noopener\" style=\"outline: none;\"><strong>\u20ac90.00<\/strong><\/a><\/h1>\n<p dir=\"ltr\">G\u00f6nnen Sie sich einen bezaubernden Abend im Paradis Latin Kabararett mit der legend\u00e4ren Pariser Cancan-Show \u201eL&#8217;Oiseau Paradis\u201c. W\u00e4hlen Sie aus einer Auswahl an Tickets, darunter Optionen mit Abendessen und Champagner, f\u00fcr eine Nacht voller Unterhaltung, gehobener K\u00fcche und brillanter Darbietungen.<\/p>\n<ul>\n<li style=\"\">                    <span>Sofortige Best\u00e4tigung<\/span><\/li>\n<li style=\"\"><span>Gastgeber oder Begr\u00fc\u00dfer: Englisch, Franz\u00f6sisch<\/span><\/li>\n<li style=\"\"><span>Eintrittskarte<\/span><\/li>\n<li style=\"\"><span>Nicht erstattungsf\u00e4hig<\/span><\/li>\n<\/ul>\n<h2>Inbegriffen<\/h2>\n<ul>\n<li style=\"\">                    <span>Eintritt zur Show \u201eL\u2019Oiseau Paradis\u201c<\/span><\/li>\n<li style=\"\">                    <span>Abendessen (optional)<\/span><\/li>\n<li style=\"\">                    <span>Champagner (optional)<\/span><\/li>\n<\/ul>\n<h2>Nicht inbegriffen<\/h2>\n<ul>\n<li style=\"\"><span>Trinkgeld<\/span><\/li>\n<li><span>Abholung vom Hotel und R\u00fcckgabe<\/span><\/li>\n<\/ul>\n<h2>Wichtige Informationen<\/h2>\n<ul>\n<li style=\"\"><span><strong>Kleiderordnung:<\/strong> Elegante Freizeitkleidung erforderlich. Anzug und Krawatte empfohlen. Keine Shorts, Sportbekleidung oder Turnschuhe erlaubt.<\/span><\/li>\n<li><span>Die Show beginnt um 21:30 Uhr. Bitte kommen Sie 30 Minuten fr\u00fcher, wenn Sie keine Reservierung f\u00fcr das Abendessen haben.<\/span><\/li>\n<li><span>Zum Abendessen steht ein von Guy Savoy zusammengestelltes Drei-G\u00e4nge-Men\u00fc zur Verf\u00fcgung.<\/span><\/li>\n<li><span>Kinder unter 12 Jahren erhalten bei Nicht-Dinner-Tickets ein kostenloses Erfrischungsgetr\u00e4nk.<\/span><\/li>\n<li><span>Tickets sind mit oder ohne Abendessen und Champagner erh\u00e4ltlich.<\/span><\/li>\n<\/ul>\n<h2 style=\"\">Wird in Zusammenarbeit mit unserem Partner angeboten:<\/h2>\n<p><span><img decoding=\"async\" alt=\"\" data-id=\"13290\" width=\"129\" data-init-width=\"350\" height=\"49\" data-init-height=\"134\" title=\"Tiqets Logo\" loading=\"lazy\" src=\"https:\/\/www.paristouristinformation.fr\/de\/wp-content\/uploads\/2024\/09\/Tiqets-Logo-3.png\" data-width=\"129\" data-height=\"49\" style=\"aspect-ratio: auto 350 \/ 134;\"><\/span><\/p>\n<p>Paris Tourist Information ist Zahlungsvermittler, w\u00e4hrend Tiqets als Vertragspartner fungiert. Die Bedingungen und Konditionen bleiben unver\u00e4ndert.<\/p>\n<p><a href=\"https:\/\/www.tiqets.com\/en\/things-to-do-in-paris-c66746\/tickets-for-paradis-latin-cabaret-night-show-p974021\/?partner=paristouristinformation&amp;tq_campaign=ParadisLatinGttd\" target=\"_blank\" rel=\"nofollow noopener\" style=\"outline: none;\" data-lt-tmp-id=\"lt-493231\" spellcheck=\"false\">Bitte hier klicken, falls Sie lieber \u00fcber die Website von Tiqets buchen m\u00f6chten.<\/a><\/p>\n<h2>Beschreibung:<\/h2>\n<p>Erleben Sie die Magie von Paris in seinem \u00e4ltesten Kabarett, dem Paradis Latin. Genie\u00dfen Sie die <strong>neueste Revue \u201eL&#8217;Oiseau Paradis\u201c<\/strong> mit einer faszinierenden Mischung aus Tanz, Sinnlichkeit und Humor. W\u00e4hlen Sie aus zwei Gourmet-Dinner-Optionen oder genie\u00dfen Sie die Show einfach mit einem Glas Champagner in der Hand.<\/p>\n<h2>H\u00f6hepunkte:<\/h2>\n<ul>\n<li><strong>Historischer Veranstaltungsort:<\/strong> Ein wundersch\u00f6n restauriertes Theater von Gustave Eiffel, das ein echtes Pariser Ambiente bietet.<\/li>\n<li><strong style=\"color: var(--tcb-skin-color-3);\">Spektakul\u00e4re Show: <\/strong><span style=\"color: var(--tcb-skin-color-3); font-weight: var(--g-regular-weight, normal);\">Eine umwerfende Vorstellung, die modernste Technologie mit klassischen franz\u00f6sischen Kabarettelementen kombiniert.<\/span><\/li>\n<li><strong>Vielseitiges Erlebnis<\/strong> : Optionen f\u00fcr eine Show mit Abendessen oder nur Champagner, f\u00fcr alle Vorlieben geeignet.<\/li>\n<li><strong>Gourmet-Essen:<\/strong> Wenn Sie sich f\u00fcr das Abendessen entscheiden, genie\u00dfen Sie ein Drei-G\u00e4nge-Men\u00fc, zubereitet vom renommierten Chefkoch Guy Savoy<\/li>\n<\/ul>\n<h2>Paradies Latin<\/h2>\n<p dir=\"ltr\">28 Rue du Cardinal Lemoine, 75005, Paris<\/p>\n<h2>Stornierungsbedingungen<\/h2>\n<p dir=\"ltr\">Stornierungen und Umbuchungen sind bis 23:59 Uhr am Vortag Ihres Besuchs m\u00f6glich.<\/p>\n<h2>Treffpunkt &amp; Anweisungen<\/h2>\n<p dir=\"ltr\">Zeigen Sie Ihr Smartphone-Ticket am Eingang des Paradis Latin vor, Rue du Cardinal Lemoine 28, 75005 Paris. Kommen Sie 30 Minuten fr\u00fcher, wenn Sie nicht gerade zu Abend essen, da die Show um 21:30 Uhr beginnt.<\/p>\n<p><a href=\"https:\/\/www.google.com\/maps\/place\/Paradis+Latin\/@48.8480207,2.3503595,17z\/data=!3m1!5s0x47e671e51aef2651:0x5854ea84862a95e2!4m14!1m7!3m6!1s0x47e671e51afda32d:0x6a78afc3bcbaddf!2sParadis+Latin!8m2!3d48.8480172!4d2.3529344!16s%2Fm%2F03ybrq0!3m5!1s0x47e671e51afda32d:0x6a78afc3bcbaddf!8m2!3d48.8480172!4d2.3529344!16s%2Fm%2F03ybrq0?entry=ttu&amp;g_ep=EgoyMDI0MDgyMS4wIKXMDSoASAFQAw%3D%3D\" style=\"outline: none;\" data-lt-tmp-id=\"lt-319308\" spellcheck=\"false\" target=\"_blank\" rel=\"nofollow noopener\">In Google Maps \u00f6ffnen<\/a><\/p>\n<h2>Bewertungen<\/h2>\n<p><strong>4.7\/ 5&nbsp; <\/strong><strong>(200 Bewertungen)<\/strong><\/p>\n<p dir=\"ltr\"><em>\u201eEin ph\u00e4nomenales Spektakel \u2013 typisch franz\u00f6sisch mit ebenso gro\u00dfem Wow-Faktor!! Erstaunliche S\u00e4nger, T\u00e4nzer und Darsteller mit vielen \u00dcberraschungen! Was f\u00fcr ein toller Abend (und ein k\u00f6stliches Essen mit aufmerksamem, freundlichem Service!)\u201c<\/em> Ashley, Vereinigtes K\u00f6nigreich, Mai 2024 [Quelle: Tiqets] <a href=\"https:\/\/www.tiqets.com\/en\/things-to-do-in-paris-c66746\/tickets-for-paradis-latin-cabaret-night-show-p974021\/?partner=paristouristinformation&amp;tq_campaign=ParadisLatinGttd\" target=\"_blank\" rel=\"nofollow noopener\" data-lt-tmp-id=\"lt-481367\" spellcheck=\"false\" style=\"outline: none;\">&gt;&gt; Weitere Bewertungen anzeigen<\/a><\/p>\n<h2>Weitere Aktivit\u00e4ten, die Ihnen gefallen k\u00f6nnten<\/h2>\n<p><span># <\/span><strong><span>2<\/span><\/strong><span># <\/span><strong><span>2<\/span><\/strong><span><img decoding=\"async\" alt=\"\" data-id=\"13513\" width=\"159\" data-init-width=\"1185\" height=\"83\" data-init-height=\"616\" title=\"Paris \u2013 3-G\u00e4nge-Men\u00fc und Show im Paradis Latin Cabaret\" loading=\"lazy\" src=\"https:\/\/www.paristouristinformation.fr\/de\/wp-content\/uploads\/2024\/09\/Paris-3-Course-Dinner-Show-at-Paradis-Latin-Cabaret-.jpg\" data-width=\"159\" data-height=\"83\" style=\"aspect-ratio: auto 1185 \/ 616;\"><\/span><\/p>\n<table>\n<tbody>\n<tr>\n<td><a href=\"https:\/\/gyg.me\/xViqFWL7\" target=\"_blank\" rel=\"nofollow noopener\" style=\"outline: none;\" data-lt-tmp-id=\"lt-109085\" spellcheck=\"false\">Paris: 3-G\u00e4nge-Dinner &amp; Show im Paradis Latin Cabaret<\/a><\/td>\n<\/tr>\n<\/tbody>\n<\/table>\n<p dir=\"ltr\">Verw\u00f6hnen Sie sich mit einem 3-G\u00e4nge-Gourmet-Men\u00fc und erleben Sie die atemberaubende Show im Paradis Latin Cabaret, dem ber\u00fchmtesten Veranstaltungsort f\u00fcr unvergessliche Unterhaltung in Paris.<\/p>\n<h3 style=\"\">Gesamtpreis<\/h3>\n<h3 style=\"\">Ihr Konto wird noch nicht belastet.<\/h3>\n<p><span># <\/span><strong><span>2<\/span><\/strong><span><img decoding=\"async\" alt=\"\" data-id=\"13515\" width=\"159\" data-init-width=\"930\" height=\"99\" data-init-height=\"581\" title=\"Tickets f\u00fcr die Paradis Latin Show + 1-st\u00fcndige Sightseeing-Kreuzfahrt auf der Seine ab dem Eiffelturm\" loading=\"lazy\" src=\"https:\/\/paristouristinformation.fr\/wp-content\/uploads\/2024\/08\/Paradis-Latin-Show-Tickets-1-Hour-Seine-River-Sightseeing-Cruise-from-the-Eiffel-Tower.avif\" data-width=\"159\" data-height=\"99\" style=\"aspect-ratio: auto 930 \/ 581;\"><\/span><\/p>\n<table>\n<tbody>\n<tr>\n<td><a href=\"https:\/\/www.headout.com\/r\/most-amazing-placesrecommends-dZ0YD\/\" target=\"_blank\" rel=\"nofollow noopener\" style=\"outline: none;\" data-lt-tmp-id=\"lt-163467\" spellcheck=\"false\">Kombiticket: Paradis Latin Show Tickets + 1-st\u00fcndige Sightseeing-Bootsfahrt auf der Seine vom Eiffelturm aus<\/a><\/td>\n<\/tr>\n<\/tbody>\n<\/table>\n<p>Sparen Sie Geld mit diesem Kombiticket f\u00fcr eine Paradis Latin-Show und eine einst\u00fcndige Seine-Kreuzfahrt vom Eiffelturm aus. Genie\u00dfen Sie das Pariser Nachtleben und atemberaubende Ausblicke auf die Stadt in einem unvergesslichen Erlebnis.<\/p>\n<h3 style=\"\">Gesamtpreis<\/h3>\n<h3 style=\"\">Ihr Konto wird noch nicht belastet.<\/h3>\n<\/p>\n<h2><a href=\"https:\/\/www.tiqets.com\/en\/things-to-do-in-paris-c66746\/tickets-for-paradis-latin-cabaret-night-show-p974021\/?partner=paristouristinformation&amp;tq_campaign=ParadisLatinGttd\" target=\"_blank\" rel=\"nofollow noopener\" style=\"outline: none;\">Zur Buchung<\/a><\/h2>\n<h1><a href=\"https:\/\/www.tiqets.com\/en\/things-to-do-in-paris-c66746\/tickets-for-paradis-latin-cabaret-night-show-p974021\/?partner=paristouristinformation&amp;tq_campaign=ParadisLatinGttd\" target=\"_blank\" rel=\"nofollow noopener\" style=\"outline: none;\"><strong>90,00 \u20ac<\/strong><\/a><\/h1>\n<p style=\"\">Dir wird noch nichts berechnet<\/p>\n","protected":false},"excerpt":{"rendered":"<p>Paradis Latin: Abendliche Kabarettshow Zur Buchung \u20ac90.00 G\u00f6nnen Sie sich einen bezaubernden Abend im Paradis Latin Kabararett mit der legend\u00e4ren Pariser Cancan-Show \u201eL&#8217;Oiseau Paradis\u201c. W\u00e4hlen Sie aus einer Auswahl an Tickets, darunter Optionen mit Abendessen und Champagner, f\u00fcr eine Nacht voller Unterhaltung, gehobener K\u00fcche und brillanter Darbietungen. Sofortige Best\u00e4tigung Gastgeber oder Begr\u00fc\u00dfer: Englisch, Franz\u00f6sisch Eintrittskarte [&hellip;]<\/p>\n","protected":false},"author":11,"featured_media":13935,"parent":0,"menu_order":0,"comment_status":"closed","ping_status":"closed","template":"","meta":{"footnotes":""},"tags":[69],"class_list":["post-13928","page","type-page","status-publish","has-post-thumbnail","hentry","tag-sales-pages","post-wrapper","thrv_wrapper"],"wp-worthy-pixel":{"ignored":false,"public":null,"server":null,"url":null},"wp-worthy-type":"normal","_links":{"self":[{"href":"https:\/\/www.paristouristinformation.fr\/de\/wp-json\/wp\/v2\/pages\/13928","targetHints":{"allow":["GET"]}}],"collection":[{"href":"https:\/\/www.paristouristinformation.fr\/de\/wp-json\/wp\/v2\/pages"}],"about":[{"href":"https:\/\/www.paristouristinformation.fr\/de\/wp-json\/wp\/v2\/types\/page"}],"author":[{"embeddable":true,"href":"https:\/\/www.paristouristinformation.fr\/de\/wp-json\/wp\/v2\/users\/11"}],"replies":[{"embeddable":true,"href":"https:\/\/www.paristouristinformation.fr\/de\/wp-json\/wp\/v2\/comments?post=13928"}],"version-history":[{"count":14,"href":"https:\/\/www.paristouristinformation.fr\/de\/wp-json\/wp\/v2\/pages\/13928\/revisions"}],"predecessor-version":[{"id":14414,"href":"https:\/\/www.paristouristinformation.fr\/de\/wp-json\/wp\/v2\/pages\/13928\/revisions\/14414"}],"wp:featuredmedia":[{"embeddable":true,"href":"https:\/\/www.paristouristinformation.fr\/de\/wp-json\/wp\/v2\/media\/13935"}],"wp:attachment":[{"href":"https:\/\/www.paristouristinformation.fr\/de\/wp-json\/wp\/v2\/media?parent=13928"}],"wp:term":[{"taxonomy":"post_tag","embeddable":true,"href":"https:\/\/www.paristouristinformation.fr\/de\/wp-json\/wp\/v2\/tags?post=13928"}],"curies":[{"name":"wp","href":"https:\/\/api.w.org\/{rel}","templated":true}]}}