{"id":13964,"date":"2024-09-20T09:06:17","date_gmt":"2024-09-20T09:06:17","guid":{"rendered":"https:\/\/www.paristouristinformation.fr\/de\/?page_id=13964"},"modified":"2026-01-29T14:09:08","modified_gmt":"2026-01-29T14:09:08","slug":"parc-asterix-tickets","status":"publish","type":"page","link":"https:\/\/www.paristouristinformation.fr\/de\/parc-asterix-tickets\/","title":{"rendered":"Parc Ast\u00e9rix Tickets"},"content":{"rendered":"<p><span><img decoding=\"async\" alt=\"\" data-id=\"13543\" width=\"1600\" height=\"1600\" title=\"Parc Ast\u00e9rix \u2013 Fr\u00fchbucherticket\" src=\"https:\/\/paristouristinformation.fr\/wp-content\/uploads\/2024\/08\/Parc-Asterix-Early-Bird-Ticket--1024x1024.avif\" data-src=\"https:\/\/paristouristinformation.fr\/wp-content\/uploads\/2024\/08\/Parc-Asterix-Early-Bird-Ticket--300x300.avif\" loading=\"lazy\" data-sizes=\"{&quot;thumbnail&quot;:{&quot;url&quot;:&quot;https:\/\/paristouristinformation.fr\/wp-content\/uploads\/2024\/08\/Parc-Asterix-Early-Bird-Ticket--333x205.avif&quot;,&quot;height&quot;:205,&quot;width&quot;:333,&quot;orientation&quot;:&quot;landscape&quot;},&quot;medium&quot;:{&quot;url&quot;:&quot;https:\/\/paristouristinformation.fr\/wp-content\/uploads\/2024\/08\/Parc-Asterix-Early-Bird-Ticket--300x300.avif&quot;,&quot;height&quot;:300,&quot;width&quot;:300,&quot;orientation&quot;:&quot;landscape&quot;},&quot;large&quot;:{&quot;url&quot;:&quot;https:\/\/paristouristinformation.fr\/wp-content\/uploads\/2024\/08\/Parc-Asterix-Early-Bird-Ticket--1024x1024.avif&quot;,&quot;height&quot;:1024,&quot;width&quot;:1024,&quot;orientation&quot;:&quot;landscape&quot;},&quot;full&quot;:{&quot;url&quot;:&quot;https:\/\/paristouristinformation.fr\/wp-content\/uploads\/2024\/08\/Parc-Asterix-Early-Bird-Ticket-.avif&quot;,&quot;height&quot;:1600,&quot;width&quot;:1600,&quot;orientation&quot;:&quot;landscape&quot;},&quot;1536x1536&quot;:{&quot;url&quot;:&quot;https:\/\/paristouristinformation.fr\/wp-content\/uploads\/2024\/08\/Parc-Asterix-Early-Bird-Ticket--1536x1536.avif&quot;,&quot;height&quot;:1536,&quot;width&quot;:1536,&quot;orientation&quot;:&quot;landscape&quot;}}\"><\/span><span><img decoding=\"async\" alt=\"\" data-id=\"13542\" width=\"1600\" height=\"1600\" title=\"Parc Ast\u00e9rix - Fr\u00fchbucherticket 2\" src=\"https:\/\/paristouristinformation.fr\/wp-content\/uploads\/2024\/08\/Parc-Asterix-Early-Bird-Ticket-2-1024x1024.avif\" data-src=\"https:\/\/paristouristinformation.fr\/wp-content\/uploads\/2024\/08\/Parc-Asterix-Early-Bird-Ticket-2-300x300.avif\" loading=\"lazy\" data-sizes=\"{&quot;thumbnail&quot;:{&quot;url&quot;:&quot;https:\/\/paristouristinformation.fr\/wp-content\/uploads\/2024\/08\/Parc-Asterix-Early-Bird-Ticket-2-333x205.avif&quot;,&quot;height&quot;:205,&quot;width&quot;:333,&quot;orientation&quot;:&quot;landscape&quot;},&quot;medium&quot;:{&quot;url&quot;:&quot;https:\/\/paristouristinformation.fr\/wp-content\/uploads\/2024\/08\/Parc-Asterix-Early-Bird-Ticket-2-300x300.avif&quot;,&quot;height&quot;:300,&quot;width&quot;:300,&quot;orientation&quot;:&quot;landscape&quot;},&quot;large&quot;:{&quot;url&quot;:&quot;https:\/\/paristouristinformation.fr\/wp-content\/uploads\/2024\/08\/Parc-Asterix-Early-Bird-Ticket-2-1024x1024.avif&quot;,&quot;height&quot;:1024,&quot;width&quot;:1024,&quot;orientation&quot;:&quot;landscape&quot;},&quot;full&quot;:{&quot;url&quot;:&quot;https:\/\/paristouristinformation.fr\/wp-content\/uploads\/2024\/08\/Parc-Asterix-Early-Bird-Ticket-2.avif&quot;,&quot;height&quot;:1600,&quot;width&quot;:1600,&quot;orientation&quot;:&quot;landscape&quot;},&quot;1536x1536&quot;:{&quot;url&quot;:&quot;https:\/\/paristouristinformation.fr\/wp-content\/uploads\/2024\/08\/Parc-Asterix-Early-Bird-Ticket-2-1536x1536.avif&quot;,&quot;height&quot;:1536,&quot;width&quot;:1536,&quot;orientation&quot;:&quot;landscape&quot;}}\"><\/span><span><img decoding=\"async\" alt=\"\" data-id=\"13539\" width=\"1600\" height=\"1600\" title=\"Parc Ast\u00e9rix - Fr\u00fchbucherticket 5\" src=\"https:\/\/paristouristinformation.fr\/wp-content\/uploads\/2024\/08\/Parc-Asterix-Early-Bird-Ticket-5-1024x1024.avif\" data-src=\"https:\/\/paristouristinformation.fr\/wp-content\/uploads\/2024\/08\/Parc-Asterix-Early-Bird-Ticket-5-300x300.avif\" loading=\"lazy\" data-sizes=\"{&quot;thumbnail&quot;:{&quot;url&quot;:&quot;https:\/\/paristouristinformation.fr\/wp-content\/uploads\/2024\/08\/Parc-Asterix-Early-Bird-Ticket-5-333x205.avif&quot;,&quot;height&quot;:205,&quot;width&quot;:333,&quot;orientation&quot;:&quot;landscape&quot;},&quot;medium&quot;:{&quot;url&quot;:&quot;https:\/\/paristouristinformation.fr\/wp-content\/uploads\/2024\/08\/Parc-Asterix-Early-Bird-Ticket-5-300x300.avif&quot;,&quot;height&quot;:300,&quot;width&quot;:300,&quot;orientation&quot;:&quot;landscape&quot;},&quot;large&quot;:{&quot;url&quot;:&quot;https:\/\/paristouristinformation.fr\/wp-content\/uploads\/2024\/08\/Parc-Asterix-Early-Bird-Ticket-5-1024x1024.avif&quot;,&quot;height&quot;:1024,&quot;width&quot;:1024,&quot;orientation&quot;:&quot;landscape&quot;},&quot;full&quot;:{&quot;url&quot;:&quot;https:\/\/paristouristinformation.fr\/wp-content\/uploads\/2024\/08\/Parc-Asterix-Early-Bird-Ticket-5.avif&quot;,&quot;height&quot;:1600,&quot;width&quot;:1600,&quot;orientation&quot;:&quot;landscape&quot;},&quot;1536x1536&quot;:{&quot;url&quot;:&quot;https:\/\/paristouristinformation.fr\/wp-content\/uploads\/2024\/08\/Parc-Asterix-Early-Bird-Ticket-5-1536x1536.avif&quot;,&quot;height&quot;:1536,&quot;width&quot;:1536,&quot;orientation&quot;:&quot;landscape&quot;}}\"><\/span><span><img decoding=\"async\" alt=\"\" data-id=\"13540\" width=\"1600\" height=\"1600\" title=\"Parc Ast\u00e9rix - Fr\u00fchbucherticket 4\" src=\"https:\/\/paristouristinformation.fr\/wp-content\/uploads\/2024\/08\/Parc-Asterix-Early-Bird-Ticket-4-1024x1024.avif\" data-src=\"https:\/\/paristouristinformation.fr\/wp-content\/uploads\/2024\/08\/Parc-Asterix-Early-Bird-Ticket-4-300x300.avif\" loading=\"lazy\" data-sizes=\"{&quot;thumbnail&quot;:{&quot;url&quot;:&quot;https:\/\/paristouristinformation.fr\/wp-content\/uploads\/2024\/08\/Parc-Asterix-Early-Bird-Ticket-4-333x205.avif&quot;,&quot;height&quot;:205,&quot;width&quot;:333,&quot;orientation&quot;:&quot;landscape&quot;},&quot;medium&quot;:{&quot;url&quot;:&quot;https:\/\/paristouristinformation.fr\/wp-content\/uploads\/2024\/08\/Parc-Asterix-Early-Bird-Ticket-4-300x300.avif&quot;,&quot;height&quot;:300,&quot;width&quot;:300,&quot;orientation&quot;:&quot;landscape&quot;},&quot;large&quot;:{&quot;url&quot;:&quot;https:\/\/paristouristinformation.fr\/wp-content\/uploads\/2024\/08\/Parc-Asterix-Early-Bird-Ticket-4-1024x1024.avif&quot;,&quot;height&quot;:1024,&quot;width&quot;:1024,&quot;orientation&quot;:&quot;landscape&quot;},&quot;full&quot;:{&quot;url&quot;:&quot;https:\/\/paristouristinformation.fr\/wp-content\/uploads\/2024\/08\/Parc-Asterix-Early-Bird-Ticket-4.avif&quot;,&quot;height&quot;:1600,&quot;width&quot;:1600,&quot;orientation&quot;:&quot;landscape&quot;},&quot;1536x1536&quot;:{&quot;url&quot;:&quot;https:\/\/paristouristinformation.fr\/wp-content\/uploads\/2024\/08\/Parc-Asterix-Early-Bird-Ticket-4-1536x1536.avif&quot;,&quot;height&quot;:1536,&quot;width&quot;:1536,&quot;orientation&quot;:&quot;landscape&quot;}}\"><\/span><\/p>\n<h1 dir=\"ltr\">Parc Ast\u00e9rix: Fr\u00fchb\u00fccher Ticket<\/h1>\n<h2><a href=\"https:\/\/www.tiqets.com\/en\/plailly-attractions-c178892\/tickets-for-parc-asterix-early-bird-p977035\/?partner=paristouristinformation&amp;tq_campaign=ParcAsterixGttd\" target=\"_blank\" rel=\"nofollow noopener\" style=\"outline: none;\">Zur Buchung<\/a><\/h2>\n<h1><a href=\"https:\/\/www.tiqets.com\/en\/plailly-attractions-c178892\/tickets-for-parc-asterix-early-bird-p977035\/?partner=paristouristinformation&amp;tq_campaign=ParcAsterixGttd\" target=\"_blank\" rel=\"nofollow noopener\" style=\"outline: none;\"><strong>51,00 \u20ac<\/strong><\/a><\/h1>\n<p dir=\"ltr\">Erleben Sie die Magie des Parc Ast\u00e9rix mit Fr\u00fchbucherrabatt! Genie\u00dfen Sie vollen Zugang zu allen Attraktionen und Shows und feiern Sie das 35-j\u00e4hrige Jubil\u00e4um des Parks mit aufregenden neuen Erlebnissen und fesselnden Auff\u00fchrungen.<\/p>\n<ul>\n<li style=\"\"><span>Handyticket&nbsp;<\/span><\/li>\n<li style=\"\">                    <span>Sofortige Best\u00e4tigung<\/span><\/li>\n<li style=\"\"><span>Eintritt in den Parc Ast\u00e9rix<\/span><\/li>\n<li style=\"\"><span>Nicht erstattungsf\u00e4hig<\/span><\/li>\n<\/ul>\n<h2>Inbegriffen<\/h2>\n<ul>\n<li style=\"\">                    <span>Eintritt in den Parc Ast\u00e9rix<\/span><\/li>\n<li style=\"\">                    <span>Zugang zu allen Attraktionen<\/span><\/li>\n<li style=\"\">                    <span>Zugang zu allen Shows<\/span><\/li>\n<\/ul>\n<h2>Nicht inbegriffen<\/h2>\n<ul>\n<li style=\"\"><span>Parken (20 \u20ac vor Ort)<\/span><\/li>\n<li><span>Zutritt zu Sonderveranstaltungen und exklusiven Sp\u00e4t\u00f6ffnungen<\/span><\/li>\n<li style=\"\"><span>Schneller Zugang zu den Fahrgesch\u00e4ften<\/span><\/li>\n<\/ul>\n<h2>Wichtige Informationen<\/h2>\n<ul>\n<li style=\"\"><span>Tickets m\u00fcssen am Eingang auf einem Smartphone vorgezeigt werden.<\/span><\/li>\n<li><span>Das Ticket ist nicht erstattungsf\u00e4hig und kann nicht umgebucht werden.<\/span><\/li>\n<li><span>Schlie\u00dff\u00e4cher stehen im Park f\u00fcr 5 \u20ac pro Gegenstand zur Verf\u00fcgung.<\/span><\/li>\n<li><span>F\u00fcr das Parken und besondere Veranstaltungen fallen zus\u00e4tzliche Geb\u00fchren an.<\/span><\/li>\n<li><span>F\u00fcr bestimmte Fahrten gelten m\u00f6glicherweise Gr\u00f6\u00dfen- und Altersbeschr\u00e4nkungen.<\/span><\/li>\n<\/ul>\n<h2 style=\"\">Wird in Zusammenarbeit mit unserem Partner angeboten:<\/h2>\n<p><span><img decoding=\"async\" alt=\"\" data-id=\"13290\" width=\"129\" data-init-width=\"350\" height=\"49\" data-init-height=\"134\" title=\"Tiqets Logo\" loading=\"lazy\" src=\"https:\/\/www.paristouristinformation.fr\/de\/wp-content\/uploads\/2024\/09\/Tiqets-Logo-4.png\" data-width=\"129\" data-height=\"49\" style=\"aspect-ratio: auto 350 \/ 134;\"><\/span><\/p>\n<p>Paris Tourist Information ist Zahlungsvermittler, w\u00e4hrend Tiqets als Vertragspartner auftritt. Die Bedingungen und Konditionen bleiben unver\u00e4ndert.<\/p>\n<p><a href=\"https:\/\/www.tiqets.com\/en\/plailly-attractions-c178892\/tickets-for-parc-asterix-early-bird-p977035\/?partner=paristouristinformation&amp;tq_campaign=ParcAsterixGttd\" target=\"_blank\" rel=\"nofollow noopener\" style=\"outline: none;\" data-lt-tmp-id=\"lt-493231\" spellcheck=\"false\">Bitte hier klicken, falls Sie lieber \u00fcber die Website von Tiqets buchen m\u00f6chten.<\/a><\/p>\n<h2>Beschreibung:<\/h2>\n<p>Feiern Sie 35 Jahre Abenteuer im beliebten Themenpark Parc Ast\u00e9rix mit aufregenden Fahrgesch\u00e4ften, bezaubernden Shows und neuen Erlebnissen! Tauchen Sie ein in die Action mit spannenden Achterbahnen, magischen Darbietungen und einzigartigen Attraktionen, die Spa\u00df f\u00fcr alle Altersgruppen versprechen.<\/p>\n<h2>H\u00f6hepunkte:<\/h2>\n<ul>\n<li ltr\"\"=\"\">Genie\u00dfen Sie 12 familienfreundliche Fahrgesch\u00e4fte und 7 aufregende Fahrgesch\u00e4fte f\u00fcr Abenteuerlustige.<\/li>\n<li ltr\"\"=\"\">Erleben Sie im ganzen Park Live-Stunt- und Zaubershows.<\/li>\n<li ltr\"\"=\"\">Steigen Sie bei der Attraktion <em>\u201eLa Tour de Num\u00e9robis\u201c<\/em> 40 Meter in die H\u00f6he und genie\u00dfen Sie die atemberaubende Aussicht.<\/li>\n<li ltr\"\"=\"\">Sehen Sie sich das Musical-Deb\u00fct des Parks mit <em>Groupidupianix<\/em> und <em>S\u00e9rotonine<\/em>&nbsp;an&nbsp;<\/li>\n<li ltr\"\"=\"\">Erleben Sie das Druidenfestival und die rekordverd\u00e4chtige <em>Toutatis-<\/em> Achterbahn.<\/li>\n<li ltr\"\"=\"\">Fahren Sie mit der legend\u00e4ren Holzachterbahn <em>Tonnerre de Zeus<\/em> und der Stahlachterbahn <em>Goudurix mit Looping.<\/em><\/li>\n<li ltr\"\"=\"\">Rasen Sie durch die wirbelnden Stromschnellen des <em>Oxyg\u00e9nariums<\/em> und rase mit dem Hochgeschwindigkeits- <em>Pegasus-Express<\/em> .<\/li>\n<\/ul>\n<h2>Parc Ast\u00e9rix<\/h2>\n<p dir=\"ltr\">Parc Ast\u00e9rix, 60128 Plailly<\/p>\n<h2>Wichtige Informationen<\/h2>\n<p dir=\"ltr\">Dieses Ticket ist nicht erstattungsf\u00e4hig und kann nicht umgebucht werden.<\/p>\n<h2>Treffpunkt &amp; Hinweise<\/h2>\n<p dir=\"ltr\">Scannen Sie einfach Ihr Smartphone-Ticket am Drehkreuz des Parkeingangs und schon k\u00f6nnen Sie direkt ins Vergn\u00fcgen einsteigen.<\/p>\n<p><a href=\"https:\/\/www.google.com\/maps\/place\/Parc+Asterix\/@49.1341873,2.5686554,17z\/data=!4m14!1m7!3m6!1s0x47e671ae444f41bb:0x95cf289d71bcfb42!2sParc+Asterix!8m2!3d49.1341838!4d2.5712303!16zL20vMDQyeDBr!3m5!1s0x47e671ae444f41bb:0x95cf289d71bcfb42!8m2!3d49.1341838!4d2.5712303!16zL20vMDQyeDBr?entry=ttu&amp;g_ep=EgoyMDI0MDgyMS4wIKXMDSoASAFQAw%3D%3D\" style=\"outline: none;\" data-lt-tmp-id=\"lt-548963\" spellcheck=\"false\" target=\"_blank\" rel=\"nofollow noopener\">In Google Maps \u00f6ffnen<\/a><\/p>\n<h2>Bewertungen<\/h2>\n<p><strong>4.6\/ 5&nbsp; <\/strong><strong>(535 Bewertungen)<\/strong><\/p>\n<p dir=\"ltr\"><em>\u201eEs ist lange her, dass ich im Parc Ast\u00e9rix war. Ich mag diesen Park und seine Mona Lisa-Show wirklich sehr. Ich hatte einen tollen Tag. Es ist praktisch, Tickets online zu bekommen.\u201c Olivier \u2013 Frankreich, August 2024 [Quelle: Tiqets]&nbsp;<\/em><a href=\"https:\/\/www.tiqets.com\/en\/plailly-attractions-c178892\/tickets-for-parc-asterix-early-bird-p977035\/?partner=paristouristinformation&amp;tq_campaign=ParcAsterixGttd\" target=\"_blank\" rel=\"nofollow noopener\" data-lt-tmp-id=\"lt-53322\" spellcheck=\"false\" style=\"outline: none;\">&nbsp;&gt;&gt; Weitere Bewertungen anzeigen<\/a><\/p>\n<h2>Weitere Aktivit\u00e4ten, die Ihnen gefallen k\u00f6nnten<\/h2>\n<p><span># <\/span><strong><span>2<\/span><\/strong><span># <\/span><strong><span>2<\/span><\/strong><span><img decoding=\"async\" alt=\"\" data-id=\"13533\" width=\"159\" data-init-width=\"930\" height=\"99\" data-init-height=\"581\" title=\"Tickets f\u00fcr den Ast\u00e9rix-Park mit Hin- und R\u00fccktransfer im Bus\" loading=\"lazy\" src=\"https:\/\/paristouristinformation.fr\/wp-content\/uploads\/2024\/08\/Asterix-Park-Tickets-with-Round-Trip-Bus-Transfers-.avif\" data-width=\"159\" data-height=\"99\" style=\"aspect-ratio: auto 930 \/ 581;\"><\/span><\/p>\n<table>\n<tbody>\n<tr>\n<td><a href=\"https:\/\/www.headout.com\/r\/most-amazing-placesrecommends-drnDT\/\" target=\"_blank\" rel=\"nofollow noopener\" style=\"outline: none;\" data-lt-tmp-id=\"lt-607995\" spellcheck=\"false\">Von Paris aus: Ast\u00e9rix Park Tickets mit Bustransfers f\u00fcr Hin- und R\u00fcckfahrt<\/a><\/td>\n<\/tr>\n<\/tbody>\n<\/table>\n<p dir=\"ltr\">Genie\u00dfen Sie einen unterhaltsamen Tag im Ast\u00e9rix Park mit bequemen Hin- und R\u00fccktransfers im Bus. Erleben Sie aufregende Fahrgesch\u00e4fte und Attraktionen, ohne sich Gedanken \u00fcber den Transport machen zu m\u00fcssen.<\/p>\n<h3 style=\"\">Gesamtpreis<\/h3>\n<h3 style=\"\">Ihr Konto wird noch nicht belastet.<\/h3>\n<p><span># <\/span><strong><span>2<\/span><\/strong><span><img decoding=\"async\" alt=\"\" data-id=\"13542\" width=\"159\" data-init-width=\"1600\" height=\"159\" data-init-height=\"1600\" title=\"Parc Ast\u00e9rix - Fr\u00fchbucherticket 2\" loading=\"lazy\" src=\"https:\/\/paristouristinformation.fr\/wp-content\/uploads\/2024\/08\/Parc-Asterix-Early-Bird-Ticket-2.avif\" data-width=\"159\" data-height=\"159\" style=\"aspect-ratio: auto 1600 \/ 1600;\"><\/span><\/p>\n<table>\n<tbody>\n<tr>\n<td><a href=\"https:\/\/www.tiqets.com\/en\/plailly-attractions-c178892\/tickets-for-parc-asterix-p974657\/?partner=most_amazing_places&amp;tq_campaign=ParisParcAsterixGttd3\" target=\"_blank\" rel=\"nofollow noopener\" style=\"outline: none;\" data-lt-tmp-id=\"lt-163467\" spellcheck=\"false\">Parc Ast\u00e9rix: Eintrittskarte<\/a><\/td>\n<\/tr>\n<\/tbody>\n<\/table>\n<p>Erleben Sie die Spannung des Parc Ast\u00e9rix mit einer Eintrittskarte f\u00fcr diesen pulsierenden Themenpark. Genie\u00dfen Sie aufregende Fahrten, Live-Shows und Abenteuer, inspiriert von der beliebten Asterix-Comicserie.<\/p>\n<h3 style=\"\">Gesamtpreis<\/h3>\n<h3 style=\"\">Ihr Konto wird noch nicht belastet.<\/h3>\n<\/p>\n<h2><a href=\"https:\/\/www.tiqets.com\/en\/plailly-attractions-c178892\/tickets-for-parc-asterix-early-bird-p977035\/?partner=paristouristinformation&amp;tq_campaign=ParcAsterixGttd\" target=\"_blank\" rel=\"nofollow noopener\" style=\"outline: none;\">Zur Buchung<\/a><\/h2>\n<h1><a href=\"https:\/\/www.tiqets.com\/en\/plailly-attractions-c178892\/tickets-for-parc-asterix-early-bird-p977035\/?partner=paristouristinformation&amp;tq_campaign=ParcAsterixGttd\" target=\"_blank\" rel=\"nofollow noopener\" style=\"outline: none;\"><strong>51,00 \u20ac<\/strong><\/a><\/h1>\n<p style=\"\">Ihr Konto wird noch nicht belastet.<\/p>\n","protected":false},"excerpt":{"rendered":"<p>Parc Ast\u00e9rix: Fr\u00fchb\u00fccher Ticket Zur Buchung 51,00 \u20ac Erleben Sie die Magie des Parc Ast\u00e9rix mit Fr\u00fchbucherrabatt! Genie\u00dfen Sie vollen Zugang zu allen Attraktionen und Shows und feiern Sie das 35-j\u00e4hrige Jubil\u00e4um des Parks mit aufregenden neuen Erlebnissen und fesselnden Auff\u00fchrungen. Handyticket&nbsp; Sofortige Best\u00e4tigung Eintritt in den Parc Ast\u00e9rix Nicht erstattungsf\u00e4hig Inbegriffen Eintritt in den [&hellip;]<\/p>\n","protected":false},"author":11,"featured_media":10556,"parent":0,"menu_order":0,"comment_status":"closed","ping_status":"closed","template":"","meta":{"footnotes":""},"tags":[69],"class_list":["post-13964","page","type-page","status-publish","has-post-thumbnail","hentry","tag-sales-pages","post-wrapper","thrv_wrapper"],"wp-worthy-pixel":{"ignored":false,"public":null,"server":null,"url":null},"wp-worthy-type":"normal","_links":{"self":[{"href":"https:\/\/www.paristouristinformation.fr\/de\/wp-json\/wp\/v2\/pages\/13964","targetHints":{"allow":["GET"]}}],"collection":[{"href":"https:\/\/www.paristouristinformation.fr\/de\/wp-json\/wp\/v2\/pages"}],"about":[{"href":"https:\/\/www.paristouristinformation.fr\/de\/wp-json\/wp\/v2\/types\/page"}],"author":[{"embeddable":true,"href":"https:\/\/www.paristouristinformation.fr\/de\/wp-json\/wp\/v2\/users\/11"}],"replies":[{"embeddable":true,"href":"https:\/\/www.paristouristinformation.fr\/de\/wp-json\/wp\/v2\/comments?post=13964"}],"version-history":[{"count":24,"href":"https:\/\/www.paristouristinformation.fr\/de\/wp-json\/wp\/v2\/pages\/13964\/revisions"}],"predecessor-version":[{"id":14412,"href":"https:\/\/www.paristouristinformation.fr\/de\/wp-json\/wp\/v2\/pages\/13964\/revisions\/14412"}],"wp:featuredmedia":[{"embeddable":true,"href":"https:\/\/www.paristouristinformation.fr\/de\/wp-json\/wp\/v2\/media\/10556"}],"wp:attachment":[{"href":"https:\/\/www.paristouristinformation.fr\/de\/wp-json\/wp\/v2\/media?parent=13964"}],"wp:term":[{"taxonomy":"post_tag","embeddable":true,"href":"https:\/\/www.paristouristinformation.fr\/de\/wp-json\/wp\/v2\/tags?post=13964"}],"curies":[{"name":"wp","href":"https:\/\/api.w.org\/{rel}","templated":true}]}}