{"id":13975,"date":"2024-09-20T09:20:21","date_gmt":"2024-09-20T09:20:21","guid":{"rendered":"https:\/\/www.paristouristinformation.fr\/de\/?page_id=13975"},"modified":"2026-04-13T07:00:08","modified_gmt":"2026-04-13T07:00:08","slug":"centre-pompidou-ticket","status":"publish","type":"page","link":"https:\/\/www.paristouristinformation.fr\/de\/centre-pompidou-ticket\/","title":{"rendered":"Centre Pompidou Tickets: Ausstellung + Zugang zur Dachterrasse"},"content":{"rendered":"<p><span><img decoding=\"async\" alt=\"\" data-id=\"13560\" width=\"1600\" height=\"1600\" title=\"Centre Pompidou \u2013 Dauerausstellung\" src=\"https:\/\/paristouristinformation.fr\/wp-content\/uploads\/2024\/08\/Centre-Pompidou-Permanent-Collection--1024x1024.avif\" data-src=\"https:\/\/paristouristinformation.fr\/wp-content\/uploads\/2024\/08\/Centre-Pompidou-Permanent-Collection--300x300.avif\" loading=\"lazy\" data-sizes=\"{&quot;thumbnail&quot;:{&quot;url&quot;:&quot;https:\/\/paristouristinformation.fr\/wp-content\/uploads\/2024\/08\/Centre-Pompidou-Permanent-Collection--333x205.avif&quot;,&quot;height&quot;:205,&quot;width&quot;:333,&quot;orientation&quot;:&quot;landscape&quot;},&quot;medium&quot;:{&quot;url&quot;:&quot;https:\/\/paristouristinformation.fr\/wp-content\/uploads\/2024\/08\/Centre-Pompidou-Permanent-Collection--300x300.avif&quot;,&quot;height&quot;:300,&quot;width&quot;:300,&quot;orientation&quot;:&quot;landscape&quot;},&quot;large&quot;:{&quot;url&quot;:&quot;https:\/\/paristouristinformation.fr\/wp-content\/uploads\/2024\/08\/Centre-Pompidou-Permanent-Collection--1024x1024.avif&quot;,&quot;height&quot;:1024,&quot;width&quot;:1024,&quot;orientation&quot;:&quot;landscape&quot;},&quot;full&quot;:{&quot;url&quot;:&quot;https:\/\/paristouristinformation.fr\/wp-content\/uploads\/2024\/08\/Centre-Pompidou-Permanent-Collection-.avif&quot;,&quot;height&quot;:1600,&quot;width&quot;:1600,&quot;orientation&quot;:&quot;landscape&quot;},&quot;1536x1536&quot;:{&quot;url&quot;:&quot;https:\/\/paristouristinformation.fr\/wp-content\/uploads\/2024\/08\/Centre-Pompidou-Permanent-Collection--1536x1536.avif&quot;,&quot;height&quot;:1536,&quot;width&quot;:1536,&quot;orientation&quot;:&quot;landscape&quot;}}\"><\/span><span><img decoding=\"async\" alt=\"\" data-id=\"13559\" width=\"1600\" height=\"1600\" title=\"Centre Pompidou \u2013 Dauerausstellung 2\" src=\"https:\/\/paristouristinformation.fr\/wp-content\/uploads\/2024\/08\/Centre-Pompidou-Permanent-Collection-2-1024x1024.avif\" data-src=\"https:\/\/paristouristinformation.fr\/wp-content\/uploads\/2024\/08\/Centre-Pompidou-Permanent-Collection-2-300x300.avif\" loading=\"lazy\" data-sizes=\"{&quot;thumbnail&quot;:{&quot;url&quot;:&quot;https:\/\/paristouristinformation.fr\/wp-content\/uploads\/2024\/08\/Centre-Pompidou-Permanent-Collection-2-333x205.avif&quot;,&quot;height&quot;:205,&quot;width&quot;:333,&quot;orientation&quot;:&quot;landscape&quot;},&quot;medium&quot;:{&quot;url&quot;:&quot;https:\/\/paristouristinformation.fr\/wp-content\/uploads\/2024\/08\/Centre-Pompidou-Permanent-Collection-2-300x300.avif&quot;,&quot;height&quot;:300,&quot;width&quot;:300,&quot;orientation&quot;:&quot;landscape&quot;},&quot;large&quot;:{&quot;url&quot;:&quot;https:\/\/paristouristinformation.fr\/wp-content\/uploads\/2024\/08\/Centre-Pompidou-Permanent-Collection-2-1024x1024.avif&quot;,&quot;height&quot;:1024,&quot;width&quot;:1024,&quot;orientation&quot;:&quot;landscape&quot;},&quot;full&quot;:{&quot;url&quot;:&quot;https:\/\/paristouristinformation.fr\/wp-content\/uploads\/2024\/08\/Centre-Pompidou-Permanent-Collection-2.avif&quot;,&quot;height&quot;:1600,&quot;width&quot;:1600,&quot;orientation&quot;:&quot;landscape&quot;},&quot;1536x1536&quot;:{&quot;url&quot;:&quot;https:\/\/paristouristinformation.fr\/wp-content\/uploads\/2024\/08\/Centre-Pompidou-Permanent-Collection-2-1536x1536.avif&quot;,&quot;height&quot;:1536,&quot;width&quot;:1536,&quot;orientation&quot;:&quot;landscape&quot;}}\"><\/span><span><img decoding=\"async\" alt=\"\" data-id=\"13558\" width=\"1600\" height=\"1600\" title=\"Centre Pompidou \u2013 Dauerausstellung 3\" src=\"https:\/\/paristouristinformation.fr\/wp-content\/uploads\/2024\/08\/Centre-Pompidou-Permanent-Collection-3-1024x1024.avif\" data-src=\"https:\/\/paristouristinformation.fr\/wp-content\/uploads\/2024\/08\/Centre-Pompidou-Permanent-Collection-3-300x300.avif\" loading=\"lazy\" data-sizes=\"{&quot;thumbnail&quot;:{&quot;url&quot;:&quot;https:\/\/paristouristinformation.fr\/wp-content\/uploads\/2024\/08\/Centre-Pompidou-Permanent-Collection-3-333x205.avif&quot;,&quot;height&quot;:205,&quot;width&quot;:333,&quot;orientation&quot;:&quot;landscape&quot;},&quot;medium&quot;:{&quot;url&quot;:&quot;https:\/\/paristouristinformation.fr\/wp-content\/uploads\/2024\/08\/Centre-Pompidou-Permanent-Collection-3-300x300.avif&quot;,&quot;height&quot;:300,&quot;width&quot;:300,&quot;orientation&quot;:&quot;landscape&quot;},&quot;large&quot;:{&quot;url&quot;:&quot;https:\/\/paristouristinformation.fr\/wp-content\/uploads\/2024\/08\/Centre-Pompidou-Permanent-Collection-3-1024x1024.avif&quot;,&quot;height&quot;:1024,&quot;width&quot;:1024,&quot;orientation&quot;:&quot;landscape&quot;},&quot;full&quot;:{&quot;url&quot;:&quot;https:\/\/paristouristinformation.fr\/wp-content\/uploads\/2024\/08\/Centre-Pompidou-Permanent-Collection-3.avif&quot;,&quot;height&quot;:1600,&quot;width&quot;:1600,&quot;orientation&quot;:&quot;landscape&quot;},&quot;1536x1536&quot;:{&quot;url&quot;:&quot;https:\/\/paristouristinformation.fr\/wp-content\/uploads\/2024\/08\/Centre-Pompidou-Permanent-Collection-3-1536x1536.avif&quot;,&quot;height&quot;:1536,&quot;width&quot;:1536,&quot;orientation&quot;:&quot;landscape&quot;}}\"><\/span><span><img decoding=\"async\" alt=\"\" data-id=\"13557\" width=\"1600\" height=\"1600\" title=\"Centre Pompidou \u2013 Dauerausstellung 4\" src=\"https:\/\/paristouristinformation.fr\/wp-content\/uploads\/2024\/08\/Centre-Pompidou-Permanent-Collection-4-1024x1024.avif\" data-src=\"https:\/\/paristouristinformation.fr\/wp-content\/uploads\/2024\/08\/Centre-Pompidou-Permanent-Collection-4-300x300.avif\" loading=\"lazy\" data-sizes=\"{&quot;thumbnail&quot;:{&quot;url&quot;:&quot;https:\/\/paristouristinformation.fr\/wp-content\/uploads\/2024\/08\/Centre-Pompidou-Permanent-Collection-4-333x205.avif&quot;,&quot;height&quot;:205,&quot;width&quot;:333,&quot;orientation&quot;:&quot;landscape&quot;},&quot;medium&quot;:{&quot;url&quot;:&quot;https:\/\/paristouristinformation.fr\/wp-content\/uploads\/2024\/08\/Centre-Pompidou-Permanent-Collection-4-300x300.avif&quot;,&quot;height&quot;:300,&quot;width&quot;:300,&quot;orientation&quot;:&quot;landscape&quot;},&quot;large&quot;:{&quot;url&quot;:&quot;https:\/\/paristouristinformation.fr\/wp-content\/uploads\/2024\/08\/Centre-Pompidou-Permanent-Collection-4-1024x1024.avif&quot;,&quot;height&quot;:1024,&quot;width&quot;:1024,&quot;orientation&quot;:&quot;landscape&quot;},&quot;full&quot;:{&quot;url&quot;:&quot;https:\/\/paristouristinformation.fr\/wp-content\/uploads\/2024\/08\/Centre-Pompidou-Permanent-Collection-4.avif&quot;,&quot;height&quot;:1600,&quot;width&quot;:1600,&quot;orientation&quot;:&quot;landscape&quot;},&quot;1536x1536&quot;:{&quot;url&quot;:&quot;https:\/\/paristouristinformation.fr\/wp-content\/uploads\/2024\/08\/Centre-Pompidou-Permanent-Collection-4-1536x1536.avif&quot;,&quot;height&quot;:1536,&quot;width&quot;:1536,&quot;orientation&quot;:&quot;landscape&quot;}}\"><\/span><span><img decoding=\"async\" alt=\"\" data-id=\"13556\" width=\"1600\" height=\"1600\" title=\"Centre Pompidou \u2013 Dauerausstellung 5\" src=\"https:\/\/paristouristinformation.fr\/wp-content\/uploads\/2024\/08\/Centre-Pompidou-Permanent-Collection-5-1024x1024.avif\" data-src=\"https:\/\/paristouristinformation.fr\/wp-content\/uploads\/2024\/08\/Centre-Pompidou-Permanent-Collection-5-300x300.avif\" loading=\"lazy\" data-sizes=\"{&quot;thumbnail&quot;:{&quot;url&quot;:&quot;https:\/\/paristouristinformation.fr\/wp-content\/uploads\/2024\/08\/Centre-Pompidou-Permanent-Collection-5-333x205.avif&quot;,&quot;height&quot;:205,&quot;width&quot;:333,&quot;orientation&quot;:&quot;landscape&quot;},&quot;medium&quot;:{&quot;url&quot;:&quot;https:\/\/paristouristinformation.fr\/wp-content\/uploads\/2024\/08\/Centre-Pompidou-Permanent-Collection-5-300x300.avif&quot;,&quot;height&quot;:300,&quot;width&quot;:300,&quot;orientation&quot;:&quot;landscape&quot;},&quot;large&quot;:{&quot;url&quot;:&quot;https:\/\/paristouristinformation.fr\/wp-content\/uploads\/2024\/08\/Centre-Pompidou-Permanent-Collection-5-1024x1024.avif&quot;,&quot;height&quot;:1024,&quot;width&quot;:1024,&quot;orientation&quot;:&quot;landscape&quot;},&quot;full&quot;:{&quot;url&quot;:&quot;https:\/\/paristouristinformation.fr\/wp-content\/uploads\/2024\/08\/Centre-Pompidou-Permanent-Collection-5.avif&quot;,&quot;height&quot;:1600,&quot;width&quot;:1600,&quot;orientation&quot;:&quot;landscape&quot;},&quot;1536x1536&quot;:{&quot;url&quot;:&quot;https:\/\/paristouristinformation.fr\/wp-content\/uploads\/2024\/08\/Centre-Pompidou-Permanent-Collection-5-1536x1536.avif&quot;,&quot;height&quot;:1536,&quot;width&quot;:1536,&quot;orientation&quot;:&quot;landscape&quot;}}\"><\/span><\/p>\n<h1>Centre Pompidou: Ausstellung + Zugang zur Dachterrasse<\/h1>\n<h2><a href=\"https:\/\/www.tiqets.com\/en\/things-to-do-in-paris-c66746\/tickets-for-centre-pompidou-p974349\/?partner=paristouristinformation&amp;tq_campaign=CentrePompidouGttd\" target=\"_blank\" rel=\"nofollow noopener\" style=\"outline: none;\">Zur Buchung<\/a><\/h2>\n<h1><a href=\"https:\/\/www.tiqets.com\/en\/things-to-do-in-paris-c66746\/tickets-for-centre-pompidou-p974349\/?partner=paristouristinformation&amp;tq_campaign=CentrePompidouGttd\" target=\"_blank\" rel=\"nofollow noopener\" style=\"outline: none;\"><strong>17,00 \u20ac<\/strong><\/a><\/h1>\n<p dir=\"ltr\">Entdecken Sie mit diesem Ticket eine Welt moderner Meisterwerke im ber\u00fchmten Centre Pompidou. Tauchen Sie ein in bahnbrechende Kunst des 20. Jahrhunderts und genie\u00dfen Sie atemberaubende Ausblicke auf die Skyline der Stadt.<\/p>\n<p data-pm-slice=\"1 1 []\"><em>Das Centre Pompidou ist<strong> vor\u00fcbergehend wegen Renovierungsarbeiten geschlossen.<\/strong> Falls Sie auf der Suche nach Ihrem n\u00e4chsten Kulturerlebnis in Paris sind, werfen Sie einen Blick auf unsere<\/em><a href=\"https:\/\/www.paristouristinformation.fr\/de\/sehenswurdigkeiten\/museum\/\" style=\"outline: none;\"><em> Liste der besten Museen in Paris<\/em><\/a>.<\/p>\n<ul>\n<li style=\"\"><span>Handverlesenes Ticket<\/span><\/li>\n<li style=\"\"><span>Handyticket &nbsp;<\/span><\/li>\n<li style=\"\">                    <span>Sofortige Best\u00e4tigung<\/span><\/li>\n<li style=\"\"><span>Kostenlose Stornierung<\/span><\/li>\n<\/ul>\n<h2>Inbegriffen<\/h2>\n<ul>\n<li style=\"\">                    <span>Zugang zur Sonderausstellung<\/span><\/li>\n<li style=\"\">                    <span>Zugang zur Dachterrasse<\/span><\/li>\n<\/ul>\n<h2>Nicht inbegriffen<\/h2>\n<ul>\n<li style=\"\"><span>Zugang zur Dauerausstellung<\/span><\/li>\n<li style=\"\"><span>Zugang zur Galerie des Enfants<\/span><\/li>\n<\/ul>\n<h2>Wichtige Informationen<\/h2>\n<ul>\n<li style=\"\"><span><strong>Wichtig<\/strong>: Die <strong data-end=\"197\" data-start=\"176\">st\u00e4ndige Sammlung<\/strong> ist <strong data-end=\"248\" data-start=\"202\">ab dem 11. M\u00e4rz 2025 nicht mehr zug\u00e4nglich<\/strong>.<\/span><\/li>\n<li style=\"\"><span>Das Ticket gilt ausschlie\u00dflich f\u00fcr die gebuchte Sonderausstellung.<\/span><\/li>\n<li><span>Gro\u00dfe Taschen und Koffer sind im Inneren nicht erlaubt.<\/span><\/li>\n<li><span>Jeden ersten Sonntag im Monat ist der Eintritt frei.<\/span><\/li>\n<li><span>Stellen Sie sicher, dass Sie sich f\u00fcr den direkten Zugang in die Schlange \u201eVisiteurs avec billet\u201c einreihen, die auf der bereitgestellten Karte orange markiert ist.<\/span><\/li>\n<li><span>Stellen Sie sich aufgrund beliebter Ausstellungen auf l\u00e4ngere Wartezeiten ein.<\/span><\/li>\n<\/ul>\n<h2 style=\"\">Wird in Zusammenarbeit mit unserem Partner angeboten:<br \/><\/h2>\n<p><span><img decoding=\"async\" alt=\"\" data-id=\"13290\" width=\"129\" data-init-width=\"350\" height=\"49\" data-init-height=\"134\" title=\"Tiqets Logo\" loading=\"lazy\" src=\"https:\/\/www.paristouristinformation.fr\/de\/wp-content\/uploads\/2024\/09\/Tiqets-Logo-5.png\" data-width=\"129\" data-height=\"49\" style=\"aspect-ratio: auto 350 \/ 134;\"><\/span><\/p>\n<p>Paris Tourist Information ist Zahlungsvermittler, w\u00e4hrend Tiqets als Vertragspartner auftritt. Die Bedingungen und Konditionen bleiben unver\u00e4ndert.<\/p>\n<p><a href=\"https:\/\/www.tiqets.com\/en\/things-to-do-in-paris-c66746\/tickets-for-centre-pompidou-p974349\/?partner=most_amazing_places&amp;tq_campaign=ParisCentrePompidouGttd\" target=\"_blank\" rel=\"nofollow noopener\" style=\"outline: none;\" data-lt-tmp-id=\"lt-493231\" spellcheck=\"false\">Bitte hier klicken, falls Sie lieber \u00fcber die Website von Tiqets buchen m\u00f6chten.<\/a><\/p>\n<h2>Beschreibung:<\/h2>\n<p>Tauchen Sie im Kunstmuseum Centre Pompidou in die radikalen Kunstbewegungen des 20. Jahrhunderts ein. Das Geb\u00e4ude ist so innovativ wie die Werke, die es verwaltet. Die beeindruckende Architektur und der Panoramablick auf die Stadtbereiche Ihrer kulturellen Reise.<\/p>\n<h2>H\u00f6hepunkte:<\/h2>\n<ul>\n<li><span style=\"color: var(--tcb-skin-color-3); font-weight: var(--g-regular-weight, normal);\">Entdecken Sie ikonische Werke von Picasso, Man Ray und Andy Warhol.<\/span><\/li>\n<li>Genie\u00dfen Sie die einzigartige Inside-Out-Architektur des Centre Pompidou.<\/li>\n<li>Besuchen Sie die riesige \u00f6ffentliche Bibliothek und das Akustik- und Musikforschungszentrum.<\/li>\n<li>Gehen Sie in die oberste Etage und bewundern Sie die Aussicht auf den ber\u00fchmten Eiffelturm und die Skyline der Stadt.<\/li>\n<\/ul>\n<h2>Centre Georges Pompidou<\/h2>\n<p dir=\"ltr\">Place Georges-Pompidou, 75004 Paris<\/p>\n<h2>Stornierungsbedingungen<\/h2>\n<p dir=\"ltr\">Eine kostenlose Stornierung und Umbuchung ist bis 23:59 Uhr am Vortag Ihres Besuchs m\u00f6glich.<\/p>\n<h2>Treffpunkt &amp; Anweisungen<\/h2>\n<p dir=\"ltr\">Gehen Sie bei Ihrer Ankunft zur orange markierten Schlange \u201eVisiteurs avec billet\u201c auf Ihrer Voucherkarte, um direkten Zugang zu erhalten. Zeigen Sie nach der Sicherheitskontrolle Ihr Smartphone-Ticket vor, um das Museum zu betreten.<\/p>\n<p><a href=\"https:\/\/www.google.com\/maps\/place\/Centre+Georges+Pompidou\/@48.8606455,2.3496701,17z\/data=!4m14!1m7!3m6!1s0x47e66e1c09b820a3:0xb7ac6c7e59dc3345!2sCentre+Georges+Pompidou!8m2!3d48.860642!4d2.352245!16zL20vMGYzMnA!3m5!1s0x47e66e1c09b820a3:0xb7ac6c7e59dc3345!8m2!3d48.860642!4d2.352245!16zL20vMGYzMnA?entry=ttu&amp;g_ep=EgoyMDI0MDgyMS4wIKXMDSoASAFQAw%3D%3D\" target=\"_blank\" rel=\"nofollow noopener\" style=\"outline: none;\" data-lt-tmp-id=\"lt-581789\" spellcheck=\"false\">In Google Maps \u00f6ffnen<\/a><\/p>\n<h2>Bewertungen<\/h2>\n<p><strong>4.6\/ 5&nbsp;  <\/strong><strong>(2173 Bewertungen)<\/strong><\/p>\n<p dir=\"ltr\">&#8222;Mir hat alles am Pompidou gefallen. Die Werbung empfahl, 2-3 Stunden dort zu verbringen; Ich habe dort 5 Stunden verbracht, und w\u00e4re meine Reise l\u00e4nger gewesen, w\u00e4re ich wieder hingegangen. Schillernde Kunst in einer idealen Umgebung.&#8220; Benet, Vereinigtes K\u00f6nigreich \u2013 August 2024 [Quelle: Tiqets]&nbsp;<a href=\"https:\/\/www.tiqets.com\/en\/things-to-do-in-paris-c66746\/tickets-for-centre-pompidou-p974349\/?partner=most_amazing_places&amp;tq_campaign=ParisCentrePompidouGttd\" target=\"_blank\" rel=\"nofollow noopener\" style=\"outline: none;\">&gt;&gt; Weitere Bewertungen anzeigen<\/a><\/p>\n<h2>Weitere Aktivit\u00e4ten, die Ihnen gefallen k\u00f6nnten<\/h2>\n<p><span># <\/span><strong><span>2<\/span><\/strong><span># <\/span><strong><span>2<\/span><\/strong><span><img decoding=\"async\" alt=\"Das Kunstzentrum Pompidou in Paris in Frankreich\" data-id=\"145\" width=\"159\" data-init-width=\"1000\" height=\"106\" data-init-height=\"667\" title=\"Das Kunstzentrum Pompidou in Paris in Frankreich\" loading=\"lazy\" src=\"https:\/\/www.paristouristinformation.fr\/de\/wp-content\/uploads\/2024\/09\/The-Pompidou-Art-Center-in-Paris-in-France.jpg\" data-width=\"159\" data-height=\"106\" style=\"aspect-ratio: auto 1000 \/ 667;\"><\/span><\/p>\n<table>\n<tbody>\n<tr>\n<td><a href=\"http:\/\/Centre Pompidou Tickets: Eintritt f\u00fcr Dauer- und Wechselausstellungen\" target=\"_blank\" rel=\"nofollow\" style=\"outline: none;\" data-lt-tmp-id=\"lt-569507\" spellcheck=\"false\">Centre Pompidou Tickets: Eintritt f\u00fcr Dauer- und Wechselausstellungen<\/a><\/td>\n<\/tr>\n<\/tbody>\n<\/table>\n<p dir=\"ltr\">Entdecken Sie die k\u00fcnstlerischen Wunder des Centre Pompidou mit Tickets, die Ihnen Zugang zu Dauer- und Wechselausstellungen gew\u00e4hren.<\/p>\n<h3 style=\"\">Gesamtpreis<\/h3>\n<h3 style=\"\">Ihr Konto wird noch nicht belastet.<br \/><\/h3>\n<p><span># <\/span><strong><span>2<\/span><\/strong><span><img decoding=\"async\" alt=\"\" data-id=\"13553\" width=\"159\" data-init-width=\"1185\" height=\"83\" data-init-height=\"616\" title=\"Paris Museum Pass - 2, 4 oder 6 Tage\" loading=\"lazy\" src=\"https:\/\/www.paristouristinformation.fr\/de\/wp-content\/uploads\/2024\/09\/Paris-Museum-Pass-2-4-or-6-Days-.jpg\" data-width=\"159\" data-height=\"83\" style=\"aspect-ratio: auto 1185 \/ 616;\"><\/span><\/p>\n<table>\n<tbody>\n<tr>\n<td><a href=\"https:\/\/gyg.me\/19f7W998\" target=\"_blank\" rel=\"nofollow noopener\" style=\"outline: none;\" data-lt-tmp-id=\"lt-163467\" spellcheck=\"false\">Pariser Museumspass: 2, 4 oder 6 Tage<\/a><\/td>\n<\/tr>\n<\/tbody>\n<\/table>\n<p dir=\"ltr\">Erhalten Sie unbegrenzten Zugang zu den besten Museen und Attraktionen von Paris mit dem Paris Museum Pass, der f\u00fcr 2, 4 oder 6 Tage erh\u00e4ltlich ist. Erkunden Sie das reiche kulturelle Erbe der Stadt, einschlie\u00dflich des Centre Pompidou, in Ihrem eigenen Tempo.<\/p>\n<h3 style=\"\">Gesamtpreis<\/h3>\n<h3 style=\"\">Ihr Konto wird noch nicht belastet.<br \/><\/h3>\n<p><\/p>\n<h2><a href=\"https:\/\/www.tiqets.com\/en\/things-to-do-in-paris-c66746\/tickets-for-centre-pompidou-p974349\/?partner=paristouristinformation&amp;tq_campaign=CentrePompidouGttd\" target=\"_blank\" rel=\"nofollow noopener\" style=\"outline: none;\">Zur Buchung<\/a><\/h2>\n<h1><a href=\"https:\/\/www.tiqets.com\/en\/things-to-do-in-paris-c66746\/tickets-for-centre-pompidou-p974349\/?partner=paristouristinformation&amp;tq_campaign=CentrePompidouGttd\" target=\"_blank\" rel=\"nofollow noopener\" style=\"outline: none;\"><strong>17,00 \u20ac<\/strong><\/a><\/h1>\n<p style=\"\">Ihr Konto wird noch nicht belastet.<\/p>\n","protected":false},"excerpt":{"rendered":"<p>Centre Pompidou: Ausstellung + Zugang zur Dachterrasse Zur Buchung 17,00 \u20ac Entdecken Sie mit diesem Ticket eine Welt moderner Meisterwerke im ber\u00fchmten Centre Pompidou. Tauchen Sie ein in bahnbrechende Kunst des 20. Jahrhunderts und genie\u00dfen Sie atemberaubende Ausblicke auf die Skyline der Stadt. Das Centre Pompidou ist vor\u00fcbergehend wegen Renovierungsarbeiten geschlossen. Falls Sie auf der [&hellip;]<\/p>\n","protected":false},"author":11,"featured_media":4341,"parent":0,"menu_order":0,"comment_status":"closed","ping_status":"closed","template":"","meta":{"footnotes":""},"tags":[69],"class_list":["post-13975","page","type-page","status-publish","has-post-thumbnail","hentry","tag-sales-pages","post-wrapper","thrv_wrapper"],"wp-worthy-pixel":{"ignored":false,"public":null,"server":null,"url":null},"wp-worthy-type":"normal","_links":{"self":[{"href":"https:\/\/www.paristouristinformation.fr\/de\/wp-json\/wp\/v2\/pages\/13975","targetHints":{"allow":["GET"]}}],"collection":[{"href":"https:\/\/www.paristouristinformation.fr\/de\/wp-json\/wp\/v2\/pages"}],"about":[{"href":"https:\/\/www.paristouristinformation.fr\/de\/wp-json\/wp\/v2\/types\/page"}],"author":[{"embeddable":true,"href":"https:\/\/www.paristouristinformation.fr\/de\/wp-json\/wp\/v2\/users\/11"}],"replies":[{"embeddable":true,"href":"https:\/\/www.paristouristinformation.fr\/de\/wp-json\/wp\/v2\/comments?post=13975"}],"version-history":[{"count":25,"href":"https:\/\/www.paristouristinformation.fr\/de\/wp-json\/wp\/v2\/pages\/13975\/revisions"}],"predecessor-version":[{"id":15975,"href":"https:\/\/www.paristouristinformation.fr\/de\/wp-json\/wp\/v2\/pages\/13975\/revisions\/15975"}],"wp:featuredmedia":[{"embeddable":true,"href":"https:\/\/www.paristouristinformation.fr\/de\/wp-json\/wp\/v2\/media\/4341"}],"wp:attachment":[{"href":"https:\/\/www.paristouristinformation.fr\/de\/wp-json\/wp\/v2\/media?parent=13975"}],"wp:term":[{"taxonomy":"post_tag","embeddable":true,"href":"https:\/\/www.paristouristinformation.fr\/de\/wp-json\/wp\/v2\/tags?post=13975"}],"curies":[{"name":"wp","href":"https:\/\/api.w.org\/{rel}","templated":true}]}}