{"id":13989,"date":"2024-09-20T09:33:50","date_gmt":"2024-09-20T09:33:50","guid":{"rendered":"https:\/\/www.paristouristinformation.fr\/de\/?page_id=13989"},"modified":"2026-04-13T07:59:49","modified_gmt":"2026-04-13T07:59:49","slug":"musee-de-l-armee-les-invalides-tickets","status":"publish","type":"page","link":"https:\/\/www.paristouristinformation.fr\/de\/musee-de-l-armee-les-invalides-tickets\/","title":{"rendered":"Mus\u00e9e de l&#8217;Arm\u00e9e &#8211; Les Invalides Tickets"},"content":{"rendered":"<p><span><img decoding=\"async\" alt=\"\" data-id=\"13630\" width=\"1556\" height=\"1002\" title=\"Mus\u00e9e de l'Arm\u00e9e - Les Invalides 1\" src=\"https:\/\/www.paristouristinformation.fr\/de\/wp-content\/uploads\/2024\/09\/Musee-de-lArmee-Les-Invalides-1-1024x659-1.png\" data-src=\"https:\/\/www.paristouristinformation.fr\/de\/wp-content\/uploads\/2024\/09\/Musee-de-lArmee-Les-Invalides-1-300x193-1.png\" loading=\"lazy\" data-sizes=\"{&quot;thumbnail&quot;:{&quot;url&quot;:&quot;https:\/\/www.paristouristinformation.fr\/de\/wp-content\/uploads\/2024\/09\/Musee-de-lArmee-Les-Invalides-1-333x205-1.png&quot;,&quot;height&quot;:205,&quot;width&quot;:333,&quot;orientation&quot;:&quot;landscape&quot;},&quot;medium&quot;:{&quot;url&quot;:&quot;https:\/\/www.paristouristinformation.fr\/de\/wp-content\/uploads\/2024\/09\/Musee-de-lArmee-Les-Invalides-1-300x193-1.png&quot;,&quot;height&quot;:193,&quot;width&quot;:300,&quot;orientation&quot;:&quot;landscape&quot;},&quot;large&quot;:{&quot;url&quot;:&quot;https:\/\/www.paristouristinformation.fr\/de\/wp-content\/uploads\/2024\/09\/Musee-de-lArmee-Les-Invalides-1-1024x659-1.png&quot;,&quot;height&quot;:659,&quot;width&quot;:1024,&quot;orientation&quot;:&quot;landscape&quot;},&quot;full&quot;:{&quot;url&quot;:&quot;https:\/\/www.paristouristinformation.fr\/de\/wp-content\/uploads\/2024\/09\/Musee-de-lArmee-Les-Invalides-1.png&quot;,&quot;height&quot;:1002,&quot;width&quot;:1556,&quot;orientation&quot;:&quot;landscape&quot;},&quot;1536x1536&quot;:{&quot;url&quot;:&quot;https:\/\/www.paristouristinformation.fr\/de\/wp-content\/uploads\/2024\/09\/Musee-de-lArmee-Les-Invalides-1-1536x989-1.png&quot;,&quot;height&quot;:989,&quot;width&quot;:1536,&quot;orientation&quot;:&quot;landscape&quot;}}\"><\/span><span><img decoding=\"async\" alt=\"\" data-id=\"13632\" width=\"1540\" height=\"1038\" title=\"Mus\u00e9e de l'Arm\u00e9e - Les Invalides 3\" src=\"https:\/\/www.paristouristinformation.fr\/de\/wp-content\/uploads\/2024\/09\/Musee-de-lArmee-Les-Invalides-3-1024x690-1.png\" data-src=\"https:\/\/www.paristouristinformation.fr\/de\/wp-content\/uploads\/2024\/09\/Musee-de-lArmee-Les-Invalides-3-300x202-1.png\" loading=\"lazy\" data-sizes=\"{&quot;thumbnail&quot;:{&quot;url&quot;:&quot;https:\/\/www.paristouristinformation.fr\/de\/wp-content\/uploads\/2024\/09\/Musee-de-lArmee-Les-Invalides-3-333x205-1.png&quot;,&quot;height&quot;:205,&quot;width&quot;:333,&quot;orientation&quot;:&quot;landscape&quot;},&quot;medium&quot;:{&quot;url&quot;:&quot;https:\/\/www.paristouristinformation.fr\/de\/wp-content\/uploads\/2024\/09\/Musee-de-lArmee-Les-Invalides-3-300x202-1.png&quot;,&quot;height&quot;:202,&quot;width&quot;:300,&quot;orientation&quot;:&quot;landscape&quot;},&quot;large&quot;:{&quot;url&quot;:&quot;https:\/\/www.paristouristinformation.fr\/de\/wp-content\/uploads\/2024\/09\/Musee-de-lArmee-Les-Invalides-3-1024x690-1.png&quot;,&quot;height&quot;:690,&quot;width&quot;:1024,&quot;orientation&quot;:&quot;landscape&quot;},&quot;full&quot;:{&quot;url&quot;:&quot;https:\/\/www.paristouristinformation.fr\/de\/wp-content\/uploads\/2024\/09\/Musee-de-lArmee-Les-Invalides-3.png&quot;,&quot;height&quot;:1038,&quot;width&quot;:1540,&quot;orientation&quot;:&quot;landscape&quot;},&quot;1536x1536&quot;:{&quot;url&quot;:&quot;https:\/\/www.paristouristinformation.fr\/de\/wp-content\/uploads\/2024\/09\/Musee-de-lArmee-Les-Invalides-3-1536x1035-1.png&quot;,&quot;height&quot;:1035,&quot;width&quot;:1536,&quot;orientation&quot;:&quot;landscape&quot;}}\"><\/span><span><img decoding=\"async\" alt=\"\" data-id=\"13633\" width=\"1558\" height=\"1020\" title=\"Mus\u00e9e de l'Arm\u00e9e - Les Invalides 2\" src=\"https:\/\/www.paristouristinformation.fr\/de\/wp-content\/uploads\/2024\/09\/Musee-de-lArmee-Les-Invalides-2-1024x670-1.png\" data-src=\"https:\/\/www.paristouristinformation.fr\/de\/wp-content\/uploads\/2024\/09\/Musee-de-lArmee-Les-Invalides-2-300x196-1.png\" loading=\"lazy\" data-sizes=\"{&quot;thumbnail&quot;:{&quot;url&quot;:&quot;https:\/\/www.paristouristinformation.fr\/de\/wp-content\/uploads\/2024\/09\/Musee-de-lArmee-Les-Invalides-2-333x205-1.png&quot;,&quot;height&quot;:205,&quot;width&quot;:333,&quot;orientation&quot;:&quot;landscape&quot;},&quot;medium&quot;:{&quot;url&quot;:&quot;https:\/\/www.paristouristinformation.fr\/de\/wp-content\/uploads\/2024\/09\/Musee-de-lArmee-Les-Invalides-2-300x196-1.png&quot;,&quot;height&quot;:196,&quot;width&quot;:300,&quot;orientation&quot;:&quot;landscape&quot;},&quot;large&quot;:{&quot;url&quot;:&quot;https:\/\/www.paristouristinformation.fr\/de\/wp-content\/uploads\/2024\/09\/Musee-de-lArmee-Les-Invalides-2-1024x670-1.png&quot;,&quot;height&quot;:670,&quot;width&quot;:1024,&quot;orientation&quot;:&quot;landscape&quot;},&quot;full&quot;:{&quot;url&quot;:&quot;https:\/\/www.paristouristinformation.fr\/de\/wp-content\/uploads\/2024\/09\/Musee-de-lArmee-Les-Invalides-2.png&quot;,&quot;height&quot;:1020,&quot;width&quot;:1558,&quot;orientation&quot;:&quot;landscape&quot;},&quot;1536x1536&quot;:{&quot;url&quot;:&quot;https:\/\/www.paristouristinformation.fr\/de\/wp-content\/uploads\/2024\/09\/Musee-de-lArmee-Les-Invalides-2-1536x1006-1.png&quot;,&quot;height&quot;:1006,&quot;width&quot;:1536,&quot;orientation&quot;:&quot;landscape&quot;}}\"><\/span><span><img decoding=\"async\" alt=\"\" data-id=\"13631\" width=\"1542\" height=\"1046\" title=\"Mus\u00e9e de l'Arm\u00e9e - Les Invalides 4\" src=\"https:\/\/www.paristouristinformation.fr\/de\/wp-content\/uploads\/2024\/09\/Musee-de-lArmee-Les-Invalides-4-1024x695-1.png\" data-src=\"https:\/\/www.paristouristinformation.fr\/de\/wp-content\/uploads\/2024\/09\/Musee-de-lArmee-Les-Invalides-4-300x204-1.png\" loading=\"lazy\" data-sizes=\"{&quot;thumbnail&quot;:{&quot;url&quot;:&quot;https:\/\/www.paristouristinformation.fr\/de\/wp-content\/uploads\/2024\/09\/Musee-de-lArmee-Les-Invalides-4-333x205-1.png&quot;,&quot;height&quot;:205,&quot;width&quot;:333,&quot;orientation&quot;:&quot;landscape&quot;},&quot;medium&quot;:{&quot;url&quot;:&quot;https:\/\/www.paristouristinformation.fr\/de\/wp-content\/uploads\/2024\/09\/Musee-de-lArmee-Les-Invalides-4-300x204-1.png&quot;,&quot;height&quot;:204,&quot;width&quot;:300,&quot;orientation&quot;:&quot;landscape&quot;},&quot;large&quot;:{&quot;url&quot;:&quot;https:\/\/www.paristouristinformation.fr\/de\/wp-content\/uploads\/2024\/09\/Musee-de-lArmee-Les-Invalides-4-1024x695-1.png&quot;,&quot;height&quot;:695,&quot;width&quot;:1024,&quot;orientation&quot;:&quot;landscape&quot;},&quot;full&quot;:{&quot;url&quot;:&quot;https:\/\/www.paristouristinformation.fr\/de\/wp-content\/uploads\/2024\/09\/Musee-de-lArmee-Les-Invalides-4.png&quot;,&quot;height&quot;:1046,&quot;width&quot;:1542,&quot;orientation&quot;:&quot;landscape&quot;},&quot;1536x1536&quot;:{&quot;url&quot;:&quot;https:\/\/www.paristouristinformation.fr\/de\/wp-content\/uploads\/2024\/09\/Musee-de-lArmee-Les-Invalides-4-1536x1042-1.png&quot;,&quot;height&quot;:1042,&quot;width&quot;:1536,&quot;orientation&quot;:&quot;landscape&quot;}}\"><\/span><\/p>\n<h1 dir=\"ltr\">Mus\u00e9e de l&#8217;Arm\u00e9e &#8211; Les Invalides &amp; Napoleons Grabmal: Eintrittskarte<\/h1>\n<h2><a href=\"https:\/\/www.tiqets.com\/de\/things-to-do-in-paris-c66746\/tickets-for-musee-de-l-armee-les-invalides-entry-ticket-p974519\/?partner=paristouristinformation&amp;tq_campaign=ParisTiDeLesInvalidesSP\" target=\"_blank\" rel=\"nofollow noopener\" style=\"outline: none;\">Zur Buchung<\/a><\/h2>\n<p style=\"\"><a href=\"https:\/\/www.tiqets.com\/de\/things-to-do-in-paris-c66746\/tickets-for-musee-de-l-armee-les-invalides-entry-ticket-p974519\/?partner=paristouristinformation&amp;tq_campaign=ParisTiDeLesInvalidesSP\" target=\"_blank\" rel=\"nofollow noopener\" style=\"outline: none;\">Preis ab<\/a><\/p>\n<h1><a href=\"https:\/\/www.tiqets.com\/de\/things-to-do-in-paris-c66746\/tickets-for-musee-de-l-armee-les-invalides-entry-ticket-p974519\/?partner=paristouristinformation&amp;tq_campaign=ParisTiDeLesInvalidesSP\" target=\"_blank\" rel=\"nofollow noopener\" style=\"outline: none;\"><strong>17,00 \u20ac<\/strong><\/a><\/h1>\n<p dir=\"ltr\">Erleben Sie die Pracht des Mus\u00e9e de l&#8217;Arm\u00e9e mit exklusivem Zugang zu seinen Dauerausstellungen, Napoleons Grab und mehr. Tauchen Sie ein in die reiche Milit\u00e4rgeschichte Frankreichs und erkunden Sie beeindruckende Sammlungen von Waffen, R\u00fcstungen und Artefakten.<\/p>\n<ul>\n<li style=\"\"><span style=\"\">Handyticket&nbsp;<\/span><\/li>\n<li style=\"\">                    <span style=\"\">Sofortige Best\u00e4tigung<\/span><\/li>\n<li style=\"\"><span style=\"\">Schnelleinlass<\/span><\/li>\n<li style=\"\"><span style=\"\">Kostenlose Stornierung<\/span><\/li>\n<\/ul>\n<h2>Inbegriffen<\/h2>\n<ul>\n<li style=\"\">                    <span>Zugang zu den Dauerausstellungen<\/span><\/li>\n<li style=\"\">                    <span>Eintritt zur Kuppel und zum Grab Napoleons<\/span><\/li>\n<li style=\"\">                    <span>Zugang zum Planreliefmuseum<\/span><\/li>\n<li><span>Eintritt in das Museum des Befreiungsordens<\/span><\/li>\n<li><span>Zugang zu Wechselausstellungen<\/span><\/li>\n<li><span>Erm\u00e4\u00dfigter Nachteintritt, falls ausgew\u00e4hlt (siehe Zusatzinfo)<\/span><\/li>\n<\/ul>\n<h2>Nicht inbegriffen<\/h2>\n<ul>\n<li style=\"\"><span>Reiseleiter<\/span><\/li>\n<\/ul>\n<h2>Wichtige Informationen<\/h2>\n<ul>\n<li style=\"\"><span>Alle Besucher m\u00fcssen sich einer obligatorischen Sicherheitskontrolle unterziehen.<\/span><\/li>\n<li><span>Gro\u00dfe Taschen und Koffer sind im Inneren nicht gestattet und es stehen keine Schlie\u00dff\u00e4cher zur Verf\u00fcgung.<\/span><\/li>\n<li><span>Besucher m\u00fcssen mindestens 30 Minuten vor Schlie\u00dfung f\u00fcr den letzten Einlass eintreffen.<\/span><\/li>\n<li><span>Der rollstuhlgerechte Zugang erfolgt \u00fcber die Seite des Place Vauban.<\/span><\/li>\n<li><span>Der erm\u00e4\u00dfigte Nachteintritt ist nur am ersten jeden Freitag Monat von 18:00 bis 22:00 Uhr m\u00f6glich.<br \/><\/span><\/li>\n<li><span>Besucher mit Anspruch auf freien Eintritt m\u00fcssen sich dennoch an der Kasse ein Ticket l\u00f6sen, auch in Begleitung von Ticketinhabern.<\/span><\/li>\n<\/ul>\n<h2>Beschreibung:<\/h2>\n<p>Besuchen Sie das Mus\u00e9e de l&#8217;Arm\u00e9e, eines der gr\u00f6\u00dften Milit\u00e4rmuseen der Welt. Entdecken Sie <strong>Napoleons letzte Ruhest\u00e4tte<\/strong> und erkunden Sie umfangreiche Sammlungen <strong>antiker Waffen, R\u00fcstungen und historischer Artefakte,<\/strong> die Frankreichs milit\u00e4rische St\u00e4rke ab dem 13. Jahrhundert zeigen.<\/p>\n<h2>H\u00f6hepunkte:<\/h2>\n<ul>\n<li>Bewundern Sie das pr\u00e4chtige Grab Napoleons I. unter dem goldenen Invalidendom.<\/li>\n<li>Erkunden Sie die umfangreiche Waffen- und Artilleriesammlung aus entscheidenden Momenten der Geschichte.<\/li>\n<li>Entdecken Sie das Leben von Soldaten und bedeutenden milit\u00e4rischen F\u00fchrern im Laufe der Jahrhunderte.<\/li>\n<li>Genie\u00dfen Sie exklusiven Zugang zu Wechselausstellungen und weniger bekannten Museumsbereichen.<\/li>\n<li>Machen Sie unvergessliche Fotos neben historischen Kanonen und Waffen.<\/li>\n<\/ul>\n<h2>Mus\u00e9e de l&#8217;Arm\u00e9e und Napoleons Grab<\/h2>\n<p dir=\"ltr\">129 Rue de Grenelle, 75007, Paris<\/p>\n<h2>Stornierungsbedingungen<\/h2>\n<p dir=\"ltr\">Stornierungen und Umbuchungen sind bis 23:59 Uhr am Tag vor dem geplanten Besuch m\u00f6glich.<\/p>\n<h2>Treffpunkt &amp; Anweisungen<\/h2>\n<p dir=\"ltr\">\u00dcberspringen Sie die Warteschlange und zeigen Sie Ihr Handyticket direkt am Museumseingang oder an der Kuppel vor Napoleons Grab vor. Besucher mit freiem Eintritt m\u00fcssen ihr Ticket an der Kasse abholen, auch wenn sie Ticketinhaber begleiten.<\/p>\n<p><a href=\"https:\/\/www.google.com\/maps\/place\/129+Rue+de+Grenelle,+75007+Paris,+Frankreich\/@48.8581983,2.3130361,17z\/data=!3m1!4b1!4m6!3m5!1s0x47e66f3ccc7b9957:0xd3a0edae3f090a6f!8m2!3d48.8581983!4d2.3130361!16s%2Fg%2F11k6kzxyg5?entry=ttu&amp;g_ep=EgoyMDI0MDgyNi4wIKXMDSoASAFQAw%3D%3D\" target=\"_blank\" rel=\"nofollow noopener\" style=\"outline: none;\">In Google Maps \u00f6ffnen<\/a><\/p>\n<h2>Bewertungen<\/h2>\n<p><strong>4.7\/ 5&nbsp; <\/strong><strong>(1232 Bewertungen)<\/strong><\/p>\n<p dir=\"ltr\">\u201eGanz tolles Museum f\u00fcr relativ wenig Geld!Kinder haben freien Eintritt. Es gibt zahlreiche S\u00e4le zum Thema Waffen und Krieg. Super spannende geschichtliche Exponate. F\u00fcr alt und jung sehr interessant und vielseitig. Absolute Empfehlung sich einen ganzen Tag Zeit f\u00fcr den Besuch zu nehmen.\u201c Lana, Oktober 2025 [Quelle: Tiqets]&nbsp;<a href=\"https:\/\/www.tiqets.com\/en\/things-to-do-in-paris-c66746\/tickets-for-musee-de-l-armee-les-invalides-entry-ticket-p974519\/?partner=paristouristinformation&amp;tq_campaign=LesInvalidesGttd\" target=\"_blank\" rel=\"nofollow noopener\" style=\"outline: none;\">&gt;&gt; Weitere Bewertungen anzeigen<\/a><\/p>\n<h2>Weitere Aktivit\u00e4ten, die Ihnen gefallen k\u00f6nnten<\/h2>\n<p><span># <\/span><strong><span>2<\/span><\/strong><span># <\/span><strong><span>2<\/span><\/strong><span><img decoding=\"async\" alt=\"\" data-id=\"13625\" width=\"159\" data-init-width=\"930\" height=\"99\" data-init-height=\"581\" title=\"Kombi-Angebot (5 % sparen) - Eintrittskarten ohne Anstehen f\u00fcr Napoleons Grab und Mus\u00e9e de l'Arm\u00e9e + Ganzt\u00e4giger Ausflug ab Paris zu den Str\u00e4nden des Zweiten Weltkriegs in der Normandie und den USA am D-Day mit Mittagessen\" loading=\"lazy\" src=\"https:\/\/paristouristinformation.fr\/wp-content\/uploads\/2024\/08\/Combo-Save-5-Napoleons-Tomb-Musee-de-lArmee-Skip-the-Line-Tickets-WWII-Normandy-U.S.-D-Day-Beaches-Full-Day-Trip-with-Lunch-from-Paris-.avif\" data-width=\"159\" data-height=\"99\" style=\"aspect-ratio: auto 930 \/ 581;\"><\/span><\/p>\n<table>\n<tbody>\n<tr>\n<td><a href=\"https:\/\/www.headout.com\/r\/most-amazing-placesrecommends-qhXXo\/\" target=\"_blank\" rel=\"nofollow noopener\" style=\"outline: none;\" data-lt-tmp-id=\"lt-615361\" spellcheck=\"false\">Kombi-Angebot: Tickets ohne Anstehen f\u00fcr Napoleons Grab und Mus\u00e9e de l&#8217;Arm\u00e9e + WWII: Ganzt\u00e4giger Ausflug ab Paris zu den Str\u00e4nden des US-D-Day in der Normandie mit Mittagessen<\/a><\/td>\n<\/tr>\n<\/tbody>\n<\/table>\n<p dir=\"ltr\">Sparen Sie mit diesem Kombiticket, das direkten Zugang zu Napoleons Grab und dem Mus\u00e9e de l&#8217;Arm\u00e9e sowie einen ganzt\u00e4gigen Ausflug von Paris zu den historischen Str\u00e4nden des US-D-Day im Zweiten Weltkrieg in der Normandie mit Mittagessen beinhaltet<\/p>\n<h3 style=\"\">Gesamtpreis<\/h3>\n<h3 style=\"\">Ihr Konto wird noch nicht belastet.<br \/><\/h3>\n<p><span># <\/span><strong><span>2<\/span><\/strong><span><img decoding=\"async\" alt=\"\" data-id=\"13553\" width=\"159\" data-init-width=\"1185\" height=\"83\" data-init-height=\"616\" title=\"Paris Museum Pass - 2, 4 oder 6 Tage\" loading=\"lazy\" src=\"https:\/\/www.paristouristinformation.fr\/de\/wp-content\/uploads\/2024\/09\/Paris-Museum-Pass-2-4-or-6-Days-1-1.jpg\" data-width=\"159\" data-height=\"83\" style=\"aspect-ratio: auto 1185 \/ 616;\"><\/span><\/p>\n<table>\n<tbody>\n<tr>\n<td><a href=\"https:\/\/gyg.me\/99oPX71T\" target=\"_blank\" rel=\"nofollow noopener\" style=\"outline: none;\" data-lt-tmp-id=\"lt-163467\" spellcheck=\"false\">Paris Museum Pass: 2, 4 oder 6 Tage<\/a><\/td>\n<\/tr>\n<\/tbody>\n<\/table>\n<p dir=\"ltr\">Erhalten Sie unbegrenzten Zugang zu den besten Museen und Attraktionen von Paris mit dem Paris Museum Pass, der f\u00fcr 2, 4 oder 6 Tage erh\u00e4ltlich ist. Erkunden Sie das reiche kulturelle Erbe der Stadt, einschlie\u00dflich des Mus\u00e9e de l&#8217;Arm\u00e9e, in Ihrem eigenen Tempo.<\/p>\n<h3 style=\"\">Gesamtpreis<\/h3>\n<h3 style=\"\">Ihr Konto wird noch nicht belastet.<br \/><\/h3>\n<p><\/p>\n<h2><a href=\"https:\/\/www.tiqets.com\/de\/things-to-do-in-paris-c66746\/tickets-for-musee-de-l-armee-les-invalides-entry-ticket-p974519\/?partner=paristouristinformation&amp;tq_campaign=ParisTiDeLesInvalidesSP\" target=\"_blank\" rel=\"nofollow noopener\" style=\"outline: none;\">Zur Buchung<\/a><\/h2>\n<p style=\"\"><a href=\"https:\/\/www.tiqets.com\/de\/things-to-do-in-paris-c66746\/tickets-for-musee-de-l-armee-les-invalides-entry-ticket-p974519\/?partner=paristouristinformation&amp;tq_campaign=ParisTiDeLesInvalidesSP\" target=\"_blank\" rel=\"nofollow noopener\" style=\"outline: none;\">Preis ab<\/a><\/p>\n<h1><a href=\"https:\/\/www.tiqets.com\/de\/things-to-do-in-paris-c66746\/tickets-for-musee-de-l-armee-les-invalides-entry-ticket-p974519\/?partner=paristouristinformation&amp;tq_campaign=ParisTiDeLesInvalidesSP\" target=\"_blank\" rel=\"nofollow noopener\" style=\"outline: none;\"><strong>15,00 \u20ac<\/strong><\/a><\/h1>\n<p style=\"\">Ihr Konto wird noch nicht belastet.<\/p>\n","protected":false},"excerpt":{"rendered":"<p>Mus\u00e9e de l&#8217;Arm\u00e9e &#8211; Les Invalides &amp; Napoleons Grabmal: Eintrittskarte Zur Buchung Preis ab 17,00 \u20ac Erleben Sie die Pracht des Mus\u00e9e de l&#8217;Arm\u00e9e mit exklusivem Zugang zu seinen Dauerausstellungen, Napoleons Grab und mehr. Tauchen Sie ein in die reiche Milit\u00e4rgeschichte Frankreichs und erkunden Sie beeindruckende Sammlungen von Waffen, R\u00fcstungen und Artefakten. Handyticket&nbsp; Sofortige Best\u00e4tigung [&hellip;]<\/p>\n","protected":false},"author":11,"featured_media":14027,"parent":0,"menu_order":0,"comment_status":"closed","ping_status":"closed","template":"","meta":{"footnotes":""},"tags":[69],"class_list":["post-13989","page","type-page","status-publish","has-post-thumbnail","hentry","tag-sales-pages","post-wrapper","thrv_wrapper"],"wp-worthy-pixel":{"ignored":false,"public":null,"server":null,"url":null},"wp-worthy-type":"normal","_links":{"self":[{"href":"https:\/\/www.paristouristinformation.fr\/de\/wp-json\/wp\/v2\/pages\/13989","targetHints":{"allow":["GET"]}}],"collection":[{"href":"https:\/\/www.paristouristinformation.fr\/de\/wp-json\/wp\/v2\/pages"}],"about":[{"href":"https:\/\/www.paristouristinformation.fr\/de\/wp-json\/wp\/v2\/types\/page"}],"author":[{"embeddable":true,"href":"https:\/\/www.paristouristinformation.fr\/de\/wp-json\/wp\/v2\/users\/11"}],"replies":[{"embeddable":true,"href":"https:\/\/www.paristouristinformation.fr\/de\/wp-json\/wp\/v2\/comments?post=13989"}],"version-history":[{"count":17,"href":"https:\/\/www.paristouristinformation.fr\/de\/wp-json\/wp\/v2\/pages\/13989\/revisions"}],"predecessor-version":[{"id":15990,"href":"https:\/\/www.paristouristinformation.fr\/de\/wp-json\/wp\/v2\/pages\/13989\/revisions\/15990"}],"wp:featuredmedia":[{"embeddable":true,"href":"https:\/\/www.paristouristinformation.fr\/de\/wp-json\/wp\/v2\/media\/14027"}],"wp:attachment":[{"href":"https:\/\/www.paristouristinformation.fr\/de\/wp-json\/wp\/v2\/media?parent=13989"}],"wp:term":[{"taxonomy":"post_tag","embeddable":true,"href":"https:\/\/www.paristouristinformation.fr\/de\/wp-json\/wp\/v2\/tags?post=13989"}],"curies":[{"name":"wp","href":"https:\/\/api.w.org\/{rel}","templated":true}]}}