{"id":14021,"date":"2024-09-20T09:37:23","date_gmt":"2024-09-20T09:37:23","guid":{"rendered":"https:\/\/www.paristouristinformation.fr\/de\/?page_id=14021"},"modified":"2026-04-13T08:21:48","modified_gmt":"2026-04-13T08:21:48","slug":"sainte-chapelle-conciergerie-ticket","status":"publish","type":"page","link":"https:\/\/www.paristouristinformation.fr\/de\/sainte-chapelle-conciergerie-ticket\/","title":{"rendered":"Sainte-Chapelle &amp; Conciergerie Ticket"},"content":{"rendered":"<p><span><img decoding=\"async\" alt=\"\" data-id=\"13681\" width=\"1600\" height=\"1600\" title=\"Sainte-Chapelle &amp; Conciergerie \u2013 Eintrittskarte\" src=\"https:\/\/paristouristinformation.fr\/wp-content\/uploads\/2024\/09\/Sainte-Chapelle-Conciergerie-Entry-Ticket--1024x1024.avif\" data-src=\"https:\/\/paristouristinformation.fr\/wp-content\/uploads\/2024\/09\/Sainte-Chapelle-Conciergerie-Entry-Ticket--300x300.avif\" loading=\"lazy\" data-sizes=\"{&quot;thumbnail&quot;:{&quot;url&quot;:&quot;https:\/\/paristouristinformation.fr\/wp-content\/uploads\/2024\/09\/Sainte-Chapelle-Conciergerie-Entry-Ticket--333x205.avif&quot;,&quot;height&quot;:205,&quot;width&quot;:333,&quot;orientation&quot;:&quot;landscape&quot;},&quot;medium&quot;:{&quot;url&quot;:&quot;https:\/\/paristouristinformation.fr\/wp-content\/uploads\/2024\/09\/Sainte-Chapelle-Conciergerie-Entry-Ticket--300x300.avif&quot;,&quot;height&quot;:300,&quot;width&quot;:300,&quot;orientation&quot;:&quot;landscape&quot;},&quot;large&quot;:{&quot;url&quot;:&quot;https:\/\/paristouristinformation.fr\/wp-content\/uploads\/2024\/09\/Sainte-Chapelle-Conciergerie-Entry-Ticket--1024x1024.avif&quot;,&quot;height&quot;:1024,&quot;width&quot;:1024,&quot;orientation&quot;:&quot;landscape&quot;},&quot;full&quot;:{&quot;url&quot;:&quot;https:\/\/paristouristinformation.fr\/wp-content\/uploads\/2024\/09\/Sainte-Chapelle-Conciergerie-Entry-Ticket-.avif&quot;,&quot;height&quot;:1600,&quot;width&quot;:1600,&quot;orientation&quot;:&quot;landscape&quot;},&quot;1536x1536&quot;:{&quot;url&quot;:&quot;https:\/\/paristouristinformation.fr\/wp-content\/uploads\/2024\/09\/Sainte-Chapelle-Conciergerie-Entry-Ticket--1536x1536.avif&quot;,&quot;height&quot;:1536,&quot;width&quot;:1536,&quot;orientation&quot;:&quot;landscape&quot;}}\"><\/span><span><img decoding=\"async\" alt=\"\" data-id=\"13680\" width=\"1600\" height=\"1600\" title=\"Sainte-Chapelle &amp; Conciergerie \u2013 Eintrittskarte 2\" src=\"https:\/\/paristouristinformation.fr\/wp-content\/uploads\/2024\/09\/Sainte-Chapelle-Conciergerie-Entry-Ticket-2-1024x1024.avif\" data-src=\"https:\/\/paristouristinformation.fr\/wp-content\/uploads\/2024\/09\/Sainte-Chapelle-Conciergerie-Entry-Ticket-2-300x300.avif\" loading=\"lazy\" data-sizes=\"{&quot;thumbnail&quot;:{&quot;url&quot;:&quot;https:\/\/paristouristinformation.fr\/wp-content\/uploads\/2024\/09\/Sainte-Chapelle-Conciergerie-Entry-Ticket-2-333x205.avif&quot;,&quot;height&quot;:205,&quot;width&quot;:333,&quot;orientation&quot;:&quot;landscape&quot;},&quot;medium&quot;:{&quot;url&quot;:&quot;https:\/\/paristouristinformation.fr\/wp-content\/uploads\/2024\/09\/Sainte-Chapelle-Conciergerie-Entry-Ticket-2-300x300.avif&quot;,&quot;height&quot;:300,&quot;width&quot;:300,&quot;orientation&quot;:&quot;landscape&quot;},&quot;large&quot;:{&quot;url&quot;:&quot;https:\/\/paristouristinformation.fr\/wp-content\/uploads\/2024\/09\/Sainte-Chapelle-Conciergerie-Entry-Ticket-2-1024x1024.avif&quot;,&quot;height&quot;:1024,&quot;width&quot;:1024,&quot;orientation&quot;:&quot;landscape&quot;},&quot;full&quot;:{&quot;url&quot;:&quot;https:\/\/paristouristinformation.fr\/wp-content\/uploads\/2024\/09\/Sainte-Chapelle-Conciergerie-Entry-Ticket-2.avif&quot;,&quot;height&quot;:1600,&quot;width&quot;:1600,&quot;orientation&quot;:&quot;landscape&quot;},&quot;1536x1536&quot;:{&quot;url&quot;:&quot;https:\/\/paristouristinformation.fr\/wp-content\/uploads\/2024\/09\/Sainte-Chapelle-Conciergerie-Entry-Ticket-2-1536x1536.avif&quot;,&quot;height&quot;:1536,&quot;width&quot;:1536,&quot;orientation&quot;:&quot;landscape&quot;}}\"><\/span><span><img decoding=\"async\" alt=\"\" data-id=\"13679\" width=\"1600\" height=\"1600\" title=\"Sainte-Chapelle &amp; Conciergerie \u2013 Eintrittskarte 3\" src=\"https:\/\/paristouristinformation.fr\/wp-content\/uploads\/2024\/09\/Sainte-Chapelle-Conciergerie-Entry-Ticket-3-1024x1024.avif\" data-src=\"https:\/\/paristouristinformation.fr\/wp-content\/uploads\/2024\/09\/Sainte-Chapelle-Conciergerie-Entry-Ticket-3-300x300.avif\" loading=\"lazy\" data-sizes=\"{&quot;thumbnail&quot;:{&quot;url&quot;:&quot;https:\/\/paristouristinformation.fr\/wp-content\/uploads\/2024\/09\/Sainte-Chapelle-Conciergerie-Entry-Ticket-3-333x205.avif&quot;,&quot;height&quot;:205,&quot;width&quot;:333,&quot;orientation&quot;:&quot;landscape&quot;},&quot;medium&quot;:{&quot;url&quot;:&quot;https:\/\/paristouristinformation.fr\/wp-content\/uploads\/2024\/09\/Sainte-Chapelle-Conciergerie-Entry-Ticket-3-300x300.avif&quot;,&quot;height&quot;:300,&quot;width&quot;:300,&quot;orientation&quot;:&quot;landscape&quot;},&quot;large&quot;:{&quot;url&quot;:&quot;https:\/\/paristouristinformation.fr\/wp-content\/uploads\/2024\/09\/Sainte-Chapelle-Conciergerie-Entry-Ticket-3-1024x1024.avif&quot;,&quot;height&quot;:1024,&quot;width&quot;:1024,&quot;orientation&quot;:&quot;landscape&quot;},&quot;full&quot;:{&quot;url&quot;:&quot;https:\/\/paristouristinformation.fr\/wp-content\/uploads\/2024\/09\/Sainte-Chapelle-Conciergerie-Entry-Ticket-3.avif&quot;,&quot;height&quot;:1600,&quot;width&quot;:1600,&quot;orientation&quot;:&quot;landscape&quot;},&quot;1536x1536&quot;:{&quot;url&quot;:&quot;https:\/\/paristouristinformation.fr\/wp-content\/uploads\/2024\/09\/Sainte-Chapelle-Conciergerie-Entry-Ticket-3-1536x1536.avif&quot;,&quot;height&quot;:1536,&quot;width&quot;:1536,&quot;orientation&quot;:&quot;landscape&quot;}}\"><\/span><\/p>\n<h1 dir=\"ltr\">Sainte-Chapelle &amp; Conciergerie: Eintrittskarte<\/h1>\n<h2><a href=\"https:\/\/www.tiqets.com\/de\/paris-sehenswuerdigkeiten-c66746\/tickets-fur-sainte-chapelle-conciergerie-eintrittskarte-p974486\/?partner=paristouristinformation&amp;tq_campaign=ParisDeSainteChapelleSp\" target=\"_blank\" rel=\"nofollow noopener\" style=\"outline: none;\">Zur Buchung<\/a><\/h2>\n<p style=\"\"><a href=\"https:\/\/www.tiqets.com\/de\/paris-sehenswuerdigkeiten-c66746\/tickets-fur-sainte-chapelle-conciergerie-eintrittskarte-p974486\/?partner=paristouristinformation&amp;tq_campaign=ParisDeSainteChapelleSp\" target=\"_blank\" rel=\"nofollow noopener\" style=\"outline: none;\">Preis ab<\/a><\/p>\n<h1><a href=\"https:\/\/www.tiqets.com\/de\/paris-sehenswuerdigkeiten-c66746\/tickets-fur-sainte-chapelle-conciergerie-eintrittskarte-p974486\/?partner=paristouristinformation&amp;tq_campaign=ParisDeSainteChapelleSp\" target=\"_blank\" rel=\"nofollow noopener\" style=\"outline: none;\"><strong>26,45 \u20ac<\/strong><\/a><\/h1>\n<p dir=\"ltr\">Erleben Sie zwei ber\u00fchmte Pariser Sehensw\u00fcrdigkeiten, Sainte-Chapelle und Conciergerie. Bewundern Sie atemberaubende Buntglasfenster und erkunden Sie das ehemalige Gef\u00e4ngnis von Marie-Antoinette. Eine spannende Entdeckungsreise erwartet Sie!<\/p>\n<ul>\n<li style=\"\"><span style=\"\">Handverlesenes Ticket<\/span><\/li>\n<li style=\"\"><span style=\"\">Handyticket&nbsp;<\/span><\/li>\n<li style=\"\">                    <span style=\"\">Sofortige Best\u00e4tigung<\/span><\/li>\n<li style=\"\"><span style=\"\">Kostenlose Stornierung<\/span><\/li>\n<\/ul>\n<h2>Inbegriffen<\/h2>\n<ul>\n<li style=\"\">                    <span>Eintritt zur Sainte-Chapelle und Conciergerie<\/span><\/li>\n<li style=\"\">                    <span>Histopad f\u00fcr die Conciergerie in mehreren Sprachen (bis 16:30 Uhr)<\/span><\/li>\n<\/ul>\n<h2>Nicht inbegriffen<\/h2>\n<ul>\n<li style=\"\"><span>Reiseleiter<\/span><\/li>\n<\/ul>\n<h2>Wichtige Informationen<\/h2>\n<ul>\n<li><span>Besuche der Sainte-Chapelle und der Conciergerie m\u00fcssen am selben Tag erfolgen.<\/span><\/li>\n<li style=\"\"><span>Alle Besucher m\u00fcssen sich einer obligatorischen Sicherheitskontrolle unterziehen.<\/span><\/li>\n<li><span>Gro\u00dfe Taschen und Koffer sind im Inneren nicht gestattet<\/span><\/li>\n<li><span>Zeitfensterbuchung f\u00fcr Sainte-Chapelle erforderlich<\/span><\/li>\n<li><span>Histopad bis 16:30 Uhr in Englisch, Franz\u00f6sisch, Spanisch, Deutsch, Italienisch und Chinesisch verf\u00fcgbar<\/span><\/li>\n<\/ul>\n<h2>Beschreibung:<\/h2>\n<p>Entdecken Sie zwei der am meisten verehrten Monumente von Paris in einem unvergesslichen Erlebnis. Bewundern Sie die atemberaubenden Glasmalereien der <strong>Sainte-Chapelle<\/strong> , <strong>die K\u00f6nig Ludwig IX. im Auftrag gab,<\/strong> und spazierte Sie durch die unheimlichen Hallen der <strong>Conciergerie<\/strong> , <strong>die einst ein <\/strong><strong>Gef\u00e4ngnis f\u00fcr Marie-Antoinette war.<\/strong> An jeder Ecke wird die Geschichte lebendig!<\/p>\n<h2>H\u00f6hepunkte:<\/h2>\n<ul>\n<li dir=\"ltr\">\n<p dir=\"ltr\">Erkunden Sie die Sainte-Chapelle aus dem 13. Jahrhundert, in der sich die Dornenkrone Christi befindet<\/p>\n<\/li>\n<li dir=\"ltr\">\n<p dir=\"ltr\">Bewundern Sie 15 riesige Buntglasfenster mit \u00fcber 1.100 biblischen Szenen<\/p>\n<\/li>\n<li dir=\"ltr\">\n<p dir=\"ltr\">Besuchen Sie das ehemalige Gef\u00e4ngnis von Marie-Antoinette in der Conciergerie<\/p>\n<\/li>\n<li dir=\"ltr\">\n<p dir=\"ltr\">Tauchen Sie mit dem Histopad in der Conciergerie in die Geschichte ein<\/p>\n<\/li>\n<li dir=\"ltr\">\n<p dir=\"ltr\">Erleben Sie zwei UNESCO-Welterst\u00e4tten an einem Tag<\/p>\n<\/li>\n<\/ul>\n<h2>Sainte-Chapelle<\/h2>\n<p dir=\"ltr\">10 Bd du Palais, 75001 Paris<\/p>\n<h2>Stornierungsbedingungen<\/h2>\n<p dir=\"ltr\">Stornierungen und Umbuchungen sind bis 23:59 Uhr am Tag vor dem geplanten Besuch m\u00f6glich.<\/p>\n<h2>Treffpunkt &amp; Anweisungen<\/h2>\n<p dir=\"ltr\">Besucher m\u00fcssen im Voraus einen Zeitslot f\u00fcr die Sainte-Chapelle buchen. Sie k\u00f6nnen die Conciergerie am selben Tag jederzeit besuchen. Beim Einlass sind Sicherheitskontrollen obligatorisch. Bitte erscheinen Sie p\u00fcnktlich zu Ihrem ausgew\u00e4hlten Zeitfenster.<\/p>\n<p><a href=\"https:\/\/www.google.com\/maps\/place\/Sainte-Chapelle\/@48.855375,2.342386,17z\/data=!4m14!1m7!3m6!1s0x47e66e1fd8767d47:0x33f441f9dc242768!2sSainte-Chapelle!8m2!3d48.855375!4d2.3449609!16zL20vMGp2ZzU!3m5!1s0x47e66e1fd8767d47:0x33f441f9dc242768!8m2!3d48.855375!4d2.3449609!16zL20vMGp2ZzU?entry=ttu&amp;g_ep=EgoyMDI0MDkwMi4xIKXMDSoASAFQAw%3D%3D\" target=\"_blank\" rel=\"nofollow noopener\" style=\"outline: none;\" data-lt-tmp-id=\"lt-790344\" spellcheck=\"false\">In Google Maps \u00f6ffnen<\/a><\/p>\n<h2>Bewertungen<\/h2>\n<p><strong>4.6\/ 5&nbsp; <\/strong><strong>(5099 Bewertungen)<\/strong><\/p>\n<p dir=\"ltr\">&#8222;Die Conciergerie war ein tolles Erlebnis. Man bekommt ei Tablett und durch bestimmte Bilder , die gescannt werden f\u00fcllt sich der Raum mit Leben auf dem Tablett. Eine optische und akustische Erweiterung des Besuches, der sich sehr positiv auf das erleben auswirkt. Die eigene Vorstellungskraft wird sehr positiv erweitert.&#8220; Gabriele, M\u00e4rz 2026 [Quelle: Tiqets]&nbsp;<a href=\"https:\/\/www.tiqets.com\/de\/paris-sehenswuerdigkeiten-c66746\/tickets-fur-sainte-chapelle-conciergerie-eintrittskarte-p974486\/?partner=paristouristinformation&amp;tq_campaign=ParisDeSainteChapelleSp\" target=\"_blank\" rel=\"nofollow noopener\" spellcheck=\"false\" style=\"outline: none;\">&gt;&gt; Weitere Bewertungen anzeigen<\/a><\/p>\n<h2>Weitere Aktivit\u00e4ten, die Ihnen gefallen k\u00f6nnten<\/h2>\n<p><span># <\/span><strong><span>2<\/span><\/strong><span><img decoding=\"async\" alt=\"\" data-id=\"13630\" width=\"159\" data-init-width=\"1556\" height=\"102\" data-init-height=\"1002\" title=\"Mus\u00e9e de l'Arm\u00e9e - Les Invalides 1\" loading=\"lazy\" src=\"https:\/\/www.paristouristinformation.fr\/de\/wp-content\/uploads\/2024\/09\/Musee-de-lArmee-Les-Invalides-1-1.png\" data-width=\"159\" data-height=\"102\" style=\"aspect-ratio: auto 1556 \/ 1002;\"><\/span><\/p>\n<table>\n<tbody>\n<tr>\n<td><a href=\"https:\/\/www.tiqets.com\/en\/things-to-do-in-paris-c66746\/tickets-for-musee-de-l-armee-les-invalides-entry-ticket-p974519\/?partner=paristouristinformation&amp;tq_campaign=SainteChapelleGttd2\" target=\"_blank\" rel=\"nofollow noopener\" style=\"outline: none;\" data-lt-tmp-id=\"lt-615361\" spellcheck=\"false\">Mus\u00e9e de l&#8217;Arm\u00e9e &#8211; Les Invalides: Eintrittskarte<\/a><\/td>\n<\/tr>\n<\/tbody>\n<\/table>\n<p dir=\"ltr\">Erleben Sie die Pracht des Mus\u00e9e de l&#8217;Arm\u00e9e mit exklusivem Zugang zu seinen Dauerausstellungen, Napoleons Grab und mehr.<\/p>\n<h3 style=\"\">Gesamtpreis<\/h3>\n<h3 style=\"\">Ihr Konto wird noch nicht belastet.<br \/><\/h3>\n<p><span># <\/span><strong><span>2<\/span><\/strong><span><img decoding=\"async\" alt=\"\" data-id=\"13553\" width=\"159\" data-init-width=\"1185\" height=\"83\" data-init-height=\"616\" title=\"Paris Museum Pass - 2, 4 oder 6 Tage\" loading=\"lazy\" src=\"https:\/\/www.paristouristinformation.fr\/de\/wp-content\/uploads\/2024\/09\/Paris-Museum-Pass-2-4-or-6-Days-1-2.jpg\" data-width=\"159\" data-height=\"83\" style=\"aspect-ratio: auto 1185 \/ 616;\"><\/span><\/p>\n<table>\n<tbody>\n<tr>\n<td><a href=\"https:\/\/www.getyourguide.com\/paris-l16\/paris-museum-pass-t49746\/?partner_id=NO9XIDE&amp;utm_medium=online_publisher&amp;cmp=ParisSainteChapelleGttd3\" target=\"_blank\" rel=\"nofollow noopener\" style=\"outline: none;\" data-lt-tmp-id=\"lt-163467\" spellcheck=\"false\">Pariser Museumspass: 2, 4 oder 6 Tage<\/a><\/td>\n<\/tr>\n<\/tbody>\n<\/table>\n<p dir=\"ltr\">Erhalten Sie unbegrenzten Zugang zu den besten Museen und Attraktionen von Paris mit dem Paris Museum Pass, der f\u00fcr 2, 4 oder 6 Tage erh\u00e4ltlich ist. Erkunden Sie das reiche kulturelle Erbe der Stadt, darunter Sainte-Chapelle und Conciergerie, in Ihrem eigenen Tempo.<\/p>\n<h3 style=\"\">Gesamtpreis<\/h3>\n<h3 style=\"\">Ihr Konto wird noch nicht belastet.<br \/><\/h3>\n<p><\/p>\n<h2><a href=\"https:\/\/www.tiqets.com\/de\/paris-sehenswuerdigkeiten-c66746\/tickets-fur-sainte-chapelle-conciergerie-eintrittskarte-p974486\/?partner=paristouristinformation&amp;tq_campaign=ParisDeSainteChapelleSp\" target=\"_blank\" rel=\"nofollow noopener\" style=\"outline: none;\">Zur Buchung<\/a><\/h2>\n<p style=\"\"><a href=\"https:\/\/www.tiqets.com\/de\/paris-sehenswuerdigkeiten-c66746\/tickets-fur-sainte-chapelle-conciergerie-eintrittskarte-p974486\/?partner=paristouristinformation&amp;tq_campaign=ParisDeSainteChapelleSp\" target=\"_blank\" rel=\"nofollow noopener\" style=\"outline: none;\">Bester Preis<\/a> :<\/p>\n<h1><a href=\"https:\/\/www.tiqets.com\/de\/paris-sehenswuerdigkeiten-c66746\/tickets-fur-sainte-chapelle-conciergerie-eintrittskarte-p974486\/?partner=paristouristinformation&amp;tq_campaign=ParisDeSainteChapelleSp\" target=\"_blank\" rel=\"nofollow noopener\" style=\"outline: none;\"><strong>26,45 \u20ac<\/strong><\/a><\/h1>\n<p style=\"\">Ihr Konto wird noch nicht belastet.<\/p>\n","protected":false},"excerpt":{"rendered":"<p>Sainte-Chapelle &amp; Conciergerie: Eintrittskarte Zur Buchung Preis ab 26,45 \u20ac Erleben Sie zwei ber\u00fchmte Pariser Sehensw\u00fcrdigkeiten, Sainte-Chapelle und Conciergerie. Bewundern Sie atemberaubende Buntglasfenster und erkunden Sie das ehemalige Gef\u00e4ngnis von Marie-Antoinette. Eine spannende Entdeckungsreise erwartet Sie! Handverlesenes Ticket Handyticket&nbsp; Sofortige Best\u00e4tigung Kostenlose Stornierung Inbegriffen Eintritt zur Sainte-Chapelle und Conciergerie Histopad f\u00fcr die Conciergerie in mehreren [&hellip;]<\/p>\n","protected":false},"author":11,"featured_media":10547,"parent":0,"menu_order":0,"comment_status":"closed","ping_status":"closed","template":"","meta":{"footnotes":""},"tags":[69],"class_list":["post-14021","page","type-page","status-publish","has-post-thumbnail","hentry","tag-sales-pages","post-wrapper","thrv_wrapper"],"wp-worthy-pixel":{"ignored":false,"public":null,"server":null,"url":null},"wp-worthy-type":"normal","_links":{"self":[{"href":"https:\/\/www.paristouristinformation.fr\/de\/wp-json\/wp\/v2\/pages\/14021","targetHints":{"allow":["GET"]}}],"collection":[{"href":"https:\/\/www.paristouristinformation.fr\/de\/wp-json\/wp\/v2\/pages"}],"about":[{"href":"https:\/\/www.paristouristinformation.fr\/de\/wp-json\/wp\/v2\/types\/page"}],"author":[{"embeddable":true,"href":"https:\/\/www.paristouristinformation.fr\/de\/wp-json\/wp\/v2\/users\/11"}],"replies":[{"embeddable":true,"href":"https:\/\/www.paristouristinformation.fr\/de\/wp-json\/wp\/v2\/comments?post=14021"}],"version-history":[{"count":25,"href":"https:\/\/www.paristouristinformation.fr\/de\/wp-json\/wp\/v2\/pages\/14021\/revisions"}],"predecessor-version":[{"id":16003,"href":"https:\/\/www.paristouristinformation.fr\/de\/wp-json\/wp\/v2\/pages\/14021\/revisions\/16003"}],"wp:featuredmedia":[{"embeddable":true,"href":"https:\/\/www.paristouristinformation.fr\/de\/wp-json\/wp\/v2\/media\/10547"}],"wp:attachment":[{"href":"https:\/\/www.paristouristinformation.fr\/de\/wp-json\/wp\/v2\/media?parent=14021"}],"wp:term":[{"taxonomy":"post_tag","embeddable":true,"href":"https:\/\/www.paristouristinformation.fr\/de\/wp-json\/wp\/v2\/tags?post=14021"}],"curies":[{"name":"wp","href":"https:\/\/api.w.org\/{rel}","templated":true}]}}