{"id":14035,"date":"2024-09-20T11:42:02","date_gmt":"2024-09-20T11:42:02","guid":{"rendered":"https:\/\/www.paristouristinformation.fr\/de\/?page_id=14035"},"modified":"2026-01-29T13:51:41","modified_gmt":"2026-01-29T13:51:41","slug":"paris-pantheon-ticket","status":"publish","type":"page","link":"https:\/\/www.paristouristinformation.fr\/de\/paris-pantheon-ticket\/","title":{"rendered":"Paris Panth\u00e9on Ticket mit Schnelleinlass"},"content":{"rendered":"<p><span><img decoding=\"async\" alt=\"\" data-id=\"13800\" width=\"1600\" height=\"1600\" title=\"Panth\u00e9on - Fast-Track-Eintrittskarte\" src=\"https:\/\/paristouristinformation.fr\/wp-content\/uploads\/2024\/09\/Pantheon-Fast-Track-Admission-Ticket--1024x1024.avif\" data-src=\"https:\/\/paristouristinformation.fr\/wp-content\/uploads\/2024\/09\/Pantheon-Fast-Track-Admission-Ticket--300x300.avif\" loading=\"lazy\" data-sizes=\"{&quot;thumbnail&quot;:{&quot;url&quot;:&quot;https:\/\/paristouristinformation.fr\/wp-content\/uploads\/2024\/09\/Pantheon-Fast-Track-Admission-Ticket--333x205.avif&quot;,&quot;height&quot;:205,&quot;width&quot;:333,&quot;orientation&quot;:&quot;landscape&quot;},&quot;medium&quot;:{&quot;url&quot;:&quot;https:\/\/paristouristinformation.fr\/wp-content\/uploads\/2024\/09\/Pantheon-Fast-Track-Admission-Ticket--300x300.avif&quot;,&quot;height&quot;:300,&quot;width&quot;:300,&quot;orientation&quot;:&quot;landscape&quot;},&quot;large&quot;:{&quot;url&quot;:&quot;https:\/\/paristouristinformation.fr\/wp-content\/uploads\/2024\/09\/Pantheon-Fast-Track-Admission-Ticket--1024x1024.avif&quot;,&quot;height&quot;:1024,&quot;width&quot;:1024,&quot;orientation&quot;:&quot;landscape&quot;},&quot;full&quot;:{&quot;url&quot;:&quot;https:\/\/paristouristinformation.fr\/wp-content\/uploads\/2024\/09\/Pantheon-Fast-Track-Admission-Ticket-.avif&quot;,&quot;height&quot;:1600,&quot;width&quot;:1600,&quot;orientation&quot;:&quot;landscape&quot;},&quot;1536x1536&quot;:{&quot;url&quot;:&quot;https:\/\/paristouristinformation.fr\/wp-content\/uploads\/2024\/09\/Pantheon-Fast-Track-Admission-Ticket--1536x1536.avif&quot;,&quot;height&quot;:1536,&quot;width&quot;:1536,&quot;orientation&quot;:&quot;landscape&quot;}}\"><\/span><span><img decoding=\"async\" alt=\"\" data-id=\"13799\" width=\"1600\" height=\"1600\" title=\"Panth\u00e9on - Fast Track-Eintrittskarte 2\" src=\"https:\/\/paristouristinformation.fr\/wp-content\/uploads\/2024\/09\/Pantheon-Fast-Track-Admission-Ticket-2-1024x1024.avif\" data-src=\"https:\/\/paristouristinformation.fr\/wp-content\/uploads\/2024\/09\/Pantheon-Fast-Track-Admission-Ticket-2-300x300.avif\" loading=\"lazy\" data-sizes=\"{&quot;thumbnail&quot;:{&quot;url&quot;:&quot;https:\/\/paristouristinformation.fr\/wp-content\/uploads\/2024\/09\/Pantheon-Fast-Track-Admission-Ticket-2-333x205.avif&quot;,&quot;height&quot;:205,&quot;width&quot;:333,&quot;orientation&quot;:&quot;landscape&quot;},&quot;medium&quot;:{&quot;url&quot;:&quot;https:\/\/paristouristinformation.fr\/wp-content\/uploads\/2024\/09\/Pantheon-Fast-Track-Admission-Ticket-2-300x300.avif&quot;,&quot;height&quot;:300,&quot;width&quot;:300,&quot;orientation&quot;:&quot;landscape&quot;},&quot;large&quot;:{&quot;url&quot;:&quot;https:\/\/paristouristinformation.fr\/wp-content\/uploads\/2024\/09\/Pantheon-Fast-Track-Admission-Ticket-2-1024x1024.avif&quot;,&quot;height&quot;:1024,&quot;width&quot;:1024,&quot;orientation&quot;:&quot;landscape&quot;},&quot;full&quot;:{&quot;url&quot;:&quot;https:\/\/paristouristinformation.fr\/wp-content\/uploads\/2024\/09\/Pantheon-Fast-Track-Admission-Ticket-2.avif&quot;,&quot;height&quot;:1600,&quot;width&quot;:1600,&quot;orientation&quot;:&quot;landscape&quot;},&quot;1536x1536&quot;:{&quot;url&quot;:&quot;https:\/\/paristouristinformation.fr\/wp-content\/uploads\/2024\/09\/Pantheon-Fast-Track-Admission-Ticket-2-1536x1536.avif&quot;,&quot;height&quot;:1536,&quot;width&quot;:1536,&quot;orientation&quot;:&quot;landscape&quot;}}\"><\/span><span><img decoding=\"async\" alt=\"\" data-id=\"13798\" width=\"1600\" height=\"1600\" title=\"Panth\u00e9on - Fast Track-Eintrittskarte 3\" src=\"https:\/\/paristouristinformation.fr\/wp-content\/uploads\/2024\/09\/Pantheon-Fast-Track-Admission-Ticket-3-1024x1024.avif\" data-src=\"https:\/\/paristouristinformation.fr\/wp-content\/uploads\/2024\/09\/Pantheon-Fast-Track-Admission-Ticket-3-300x300.avif\" loading=\"lazy\" data-sizes=\"{&quot;thumbnail&quot;:{&quot;url&quot;:&quot;https:\/\/paristouristinformation.fr\/wp-content\/uploads\/2024\/09\/Pantheon-Fast-Track-Admission-Ticket-3-333x205.avif&quot;,&quot;height&quot;:205,&quot;width&quot;:333,&quot;orientation&quot;:&quot;landscape&quot;},&quot;medium&quot;:{&quot;url&quot;:&quot;https:\/\/paristouristinformation.fr\/wp-content\/uploads\/2024\/09\/Pantheon-Fast-Track-Admission-Ticket-3-300x300.avif&quot;,&quot;height&quot;:300,&quot;width&quot;:300,&quot;orientation&quot;:&quot;landscape&quot;},&quot;large&quot;:{&quot;url&quot;:&quot;https:\/\/paristouristinformation.fr\/wp-content\/uploads\/2024\/09\/Pantheon-Fast-Track-Admission-Ticket-3-1024x1024.avif&quot;,&quot;height&quot;:1024,&quot;width&quot;:1024,&quot;orientation&quot;:&quot;landscape&quot;},&quot;full&quot;:{&quot;url&quot;:&quot;https:\/\/paristouristinformation.fr\/wp-content\/uploads\/2024\/09\/Pantheon-Fast-Track-Admission-Ticket-3.avif&quot;,&quot;height&quot;:1600,&quot;width&quot;:1600,&quot;orientation&quot;:&quot;landscape&quot;},&quot;1536x1536&quot;:{&quot;url&quot;:&quot;https:\/\/paristouristinformation.fr\/wp-content\/uploads\/2024\/09\/Pantheon-Fast-Track-Admission-Ticket-3-1536x1536.avif&quot;,&quot;height&quot;:1536,&quot;width&quot;:1536,&quot;orientation&quot;:&quot;landscape&quot;}}\"><\/span><\/p>\n<h1 dir=\"ltr\">Panth\u00e9on: Ticket mit Schnelleinlass<\/h1>\n<h2><a href=\"https:\/\/www.tiqets.com\/en\/things-to-do-in-paris-c66746\/tickets-for-pantheon-priority-entrance-p974682\/?partner=paristouristinformation&amp;tq_campaign=PantheonParisGttd\" target=\"_blank\" rel=\"nofollow noopener\" style=\"outline: none;\">Zur Festung<\/a><\/h2>\n<p style=\"\"><a href=\"https:\/\/www.tiqets.com\/en\/things-to-do-in-paris-c66746\/tickets-for-pantheon-priority-entrance-p974682\/?partner=paristouristinformation&amp;tq_campaign=PantheonParisGttd\" target=\"_blank\" rel=\"nofollow noopener\" style=\"outline: none;\">Bestpreis<\/a><\/p>\n<h1><a href=\"https:\/\/www.tiqets.com\/en\/things-to-do-in-paris-c66746\/tickets-for-pantheon-priority-entrance-p974682\/?partner=paristouristinformation&amp;tq_campaign=PantheonParisGttd\" target=\"_blank\" rel=\"nofollow noopener\" style=\"outline: none;\">13,00 \u20ac<\/a><\/h1>\n<p dir=\"ltr\">Entdecken Sie das ber\u00fchmte Pariser Panth\u00e9on mit Schnelleinlass und umgehen Sie die langen Warteschlangen. Tauchen Sie ein in die historische Bedeutung dieses neoklassizistischen Meisterwerks, erkunden Sie faszinierende Kunst und besuchen Sie die Krypta, in der Frankreichs ber\u00fchmteste Pers\u00f6nlichkeiten ruhen.<\/p>\n<ul>\n<li style=\"\"><span>Handverlesenes Ticket<\/span><\/li>\n<li style=\"\"><span>Handyticket&nbsp;<\/span><\/li>\n<li style=\"\"><span>Schnelleinlass<\/span><\/li>\n<li style=\"\"><span>Kostenlose Stornierung<\/span><\/li>\n<\/ul>\n<h2>Inbegriffen<\/h2>\n<ul>\n<li style=\"\">                    <span>Bevorzugter Einlass zum Panth\u00e9on<\/span><\/li>\n<\/ul>\n<h2>Nicht inbegriffen<\/h2>\n<ul>\n<li style=\"\"><span>Zugang zum Obergeschoss (3,50 \u20ac vor Ort)<\/span><\/li>\n<li style=\"\"><span>Audioguide (gegen Aufpreis in mehreren Sprachen erh\u00e4ltlich)<\/span><\/li>\n<\/ul>\n<h2>Wichtige Informationen<\/h2>\n<ul>\n<li><span>Zeigen Sie Ihr Smartphone-Ticket an der Warteschlange f\u00fcr Ticketinhaber vor.<\/span><\/li>\n<li style=\"\"><span>Gro\u00dfe Taschen und Koffer sind verboten und es stehen keine Schlie\u00dff\u00e4cher zur Verf\u00fcgung.<\/span><\/li>\n<li><span>Letzter Einlass ist 45 Minuten vor Schlie\u00dfung<\/span><\/li>\n<\/ul>\n<h2 style=\"\">Wird in Zusammenarbeit mit unserem Partner angeboten:<\/h2>\n<p><span><img decoding=\"async\" alt=\"\" data-id=\"13290\" width=\"129\" data-init-width=\"350\" height=\"49\" data-init-height=\"134\" title=\"Tiqets Logo\" loading=\"lazy\" src=\"https:\/\/www.paristouristinformation.fr\/de\/wp-content\/uploads\/2024\/09\/Tiqets-Logo-8.png\" data-width=\"129\" data-height=\"49\" style=\"aspect-ratio: auto 350 \/ 134;\"><\/span><\/p>\n<p>Paris Tourist Information ist Zahlungsvermittler, w\u00e4hrend Tiqets als Vertragspartner auftritt. Die Bedingungen und Konditionen bleiben unver\u00e4ndert.<\/p>\n<p><a href=\"https:\/\/www.tiqets.com\/en\/things-to-do-in-paris-c66746\/tickets-for-pantheon-priority-entrance-p974682\/?partner=paristouristinformation&amp;tq_campaign=PantheonParisGttd\" target=\"_blank\" rel=\"nofollow noopener\" style=\"outline: none;\" data-lt-tmp-id=\"lt-493231\" spellcheck=\"false\">Bitte hier klicken, falls Sie lieber \u00fcber die Website von Tiqets buchen m\u00f6chten.<\/a><\/p>\n<h2>Beschreibung:<\/h2>\n<p>Erleben Sie die Pracht des&nbsp;<strong>Panth\u00e9on<\/strong>, ein atemberaubendes neoklassizistisches Wunder im Pariser Quartier Latin.&nbsp;<strong>\u00dcberspringen Sie die Warteschlangen vor diesem ber\u00fchmten Pariser Wahrzeichen&nbsp;<\/strong> und entdecken Sie Jahrhunderte franz\u00f6sische Geschichte anhand von Kunst und Architektur. Besuchen Sie die ber\u00fchmte&nbsp; <strong>Krypta<\/strong> mit den Gr\u00e4bern ber\u00fchmter Pers\u00f6nlichkeiten wie Voltaire und Marie Curie.<\/p>\n<h2>H\u00f6hepunkte:<\/h2>\n<ul>\n<li>\u00dcberspringen Sie die Warteschlangen mit dem Fast-Track-Einlass.<\/li>\n<li dir=\"ltr\">Entdecken Sie eine umfangreiche Kunstsammlung, die die Geburt des Christentums und der franz\u00f6sischen Monarchie darstellt.<\/li>\n<li dir=\"ltr\">Besuchen Sie die Gr\u00e4ber ber\u00fchmter Pers\u00f6nlichkeiten wie Marie Curie, Alexandre Dumas, Voltaire und Rousseau.<\/li>\n<li dir=\"ltr\">Bestaunen Sie das Foucaultsche Pendel, das die Erdrotation veranschaulicht.<\/li>\n<li dir=\"ltr\">Genie\u00dfen Sie vom Montagne Sainte Genevi\u00e8ve aus einen atemberaubenden Blick auf Paris.<\/li>\n<\/ul>\n<h2>Pantheon<\/h2>\n<p dir=\"ltr\">Pl. du Panth\u00e9on, 75005 Paris<\/p>\n<h2>Stornierungsbedingungen<\/h2>\n<p dir=\"ltr\">Bis 23:59 Uhr am Vortag des geplanten Eintritts k\u00f6nnen Sie Ihren Besuch stornieren oder verschieben.<\/p>\n<h2>Treffpunkt &amp; Anweisungen<\/h2>\n<p dir=\"ltr\">Zeigen Sie f\u00fcr einen schnellen Zutritt Ihres Smartphone-Tickets an der daf\u00fcr vorgesehenen Fast-Track-Warteschlange vor.<\/p>\n<p><a href=\"https:\/\/www.google.com\/maps\/place\/Panth%C3%A9on\/@48.8462218,2.3438389,17z\/data=!4m14!1m7!3m6!1s0x47e671e7d297c973:0xe5eb004f23a758!2zUGFudGjDqW9u!8m2!3d48.8462218!4d2.3464138!16zL20vMGdzcDU!3m5!1s0x47e671e7d297c973:0xe5eb004f23a758!8m2!3d48.8462218!4d2.3464138!16zL20vMGdzcDU?entry=ttu&amp;g_ep=EgoyMDI0MDkwNC4wIKXMDSoASAFQAw%3D%3D\" target=\"_blank\" rel=\"nofollow noopener\" style=\"outline: none;\" data-lt-tmp-id=\"lt-790344\" spellcheck=\"false\">In Google Maps \u00f6ffnen<\/a><\/p>\n<h2>Bewertungen<\/h2>\n<p><strong>4.7\/ 5&nbsp;  <\/strong><strong>(1423 Bewertungen)<\/strong><\/p>\n<p dir=\"ltr\">\u201eWir haben die Audioguides genutzt und es war eine gute Entscheidung: klare, interessante Erkl\u00e4rungen, die man mit der Karte leicht nachvollziehen konnte.\u201c Was den Besuch der Krypta betrifft, war das ein Moment voller Emotionen.\u201c Christiane, Mai 2024 [Quelle: Tiqets] <a href=\"https:\/\/www.tiqets.com\/en\/things-to-do-in-paris-c66746\/tickets-for-pantheon-priority-entrance-p974682\/?partner=paristouristinformation&amp;tq_campaign=PantheonParisGttd\" target=\"_blank\" rel=\"nofollow noopener\" data-lt-tmp-id=\"lt-929553\" spellcheck=\"false\" style=\"outline: none;\">&gt;&gt; Weitere Bewertungen anzeigen<\/a><\/p>\n<h2>Weitere Aktivit\u00e4ten, die Ihnen gefallen k\u00f6nnten<\/h2>\n<p><span># <\/span><strong><span>2<\/span><\/strong><span><img decoding=\"async\" alt=\"\" data-id=\"13630\" width=\"159\" data-init-width=\"1556\" height=\"102\" data-init-height=\"1002\" title=\"Mus\u00e9e de l'Arm\u00e9e - Les Invalides 1\" loading=\"lazy\" src=\"https:\/\/www.paristouristinformation.fr\/de\/wp-content\/uploads\/2024\/09\/Musee-de-lArmee-Les-Invalides-1-2.png\" data-width=\"159\" data-height=\"102\" style=\"aspect-ratio: auto 1556 \/ 1002;\"><\/span><\/p>\n<table>\n<tbody>\n<tr>\n<td><a href=\"https:\/\/www.tiqets.com\/en\/things-to-do-in-paris-c66746\/tickets-for-musee-de-l-armee-les-invalides-entry-ticket-p974519\/?partner=paristouristinformation&amp;tq_campaign=PantheonParisGttd2\" target=\"_blank\" rel=\"nofollow noopener\" style=\"outline: none;\" data-lt-tmp-id=\"lt-615361\" spellcheck=\"false\">Eintrittskarten f\u00fcr das Mus\u00e9e de l&#8217;Arm\u00e9e \u2013 Les Invalides<\/a><\/td>\n<\/tr>\n<\/tbody>\n<\/table>\n<p dir=\"ltr\">Erleben Sie die Pracht des Mus\u00e9e de l&#8217;Arm\u00e9e mit exklusivem Zugang zu seinen Dauerausstellungen, Napoleons Grab und mehr.<\/p>\n<h3 style=\"\">Gesamtpreis<\/h3>\n<h3 style=\"\">Ihr Konto wird noch nicht belastet.<\/h3>\n<p><span># <\/span><strong><span>2<\/span><\/strong><span><img decoding=\"async\" alt=\"\" data-id=\"13553\" width=\"159\" data-init-width=\"1185\" height=\"83\" data-init-height=\"616\" title=\"Paris Museum Pass - 2, 4 oder 6 Tage\" loading=\"lazy\" src=\"https:\/\/www.paristouristinformation.fr\/de\/wp-content\/uploads\/2024\/09\/Paris-Museum-Pass-2-4-or-6-Days-1-3.jpg\" data-width=\"159\" data-height=\"83\" style=\"aspect-ratio: auto 1185 \/ 616;\"><\/span><\/p>\n<table>\n<tbody>\n<tr>\n<td><a href=\"https:\/\/www.getyourguide.com\/paris-l16\/paris-museum-pass-t49746\/?partner_id=NO9XIDE&amp;utm_medium=online_publisher&amp;cmp=ParisPantheonGttd3\" target=\"_blank\" rel=\"nofollow noopener\" style=\"outline: none;\" data-lt-tmp-id=\"lt-163467\" spellcheck=\"false\">Paris Museum Pass: 2, 4 oder 6 Tage<\/a><\/td>\n<\/tr>\n<\/tbody>\n<\/table>\n<p dir=\"ltr\">Erhalten Sie unbegrenzten Zugang zu den besten Museen und Attraktionen von Paris mit dem Paris Museum Pass, der f\u00fcr 2, 4 oder 6 Tage erh\u00e4ltlich ist. Erkunden Sie das reiche kulturelle Erbe der Stadt, einschlie\u00dflich des Panth\u00e9on, in Ihrem eigenen Tempo.<\/p>\n<h3 style=\"\">Gesamtpreis<\/h3>\n<h3 style=\"\">Ihr Konto wird noch nicht belastet.<\/h3>\n<\/p>\n<h2><a href=\"https:\/\/www.tiqets.com\/en\/things-to-do-in-paris-c66746\/tickets-for-pantheon-priority-entrance-p974682\/?partner=paristouristinformation&amp;tq_campaign=PantheonParisGttd\" target=\"_blank\" rel=\"nofollow noopener\" style=\"outline: none;\">Zur Buchung<\/a><\/h2>\n<p style=\"\"><a href=\"https:\/\/www.tiqets.com\/en\/things-to-do-in-paris-c66746\/tickets-for-pantheon-priority-entrance-p974682\/?partner=paristouristinformation&amp;tq_campaign=PantheonParisGttd\" target=\"_blank\" rel=\"nofollow noopener\" style=\"outline: none;\">Bester Preis<\/a> :<\/p>\n<h1><a href=\"https:\/\/www.tiqets.com\/en\/things-to-do-in-paris-c66746\/tickets-for-pantheon-priority-entrance-p974682\/?partner=paristouristinformation&amp;tq_campaign=PantheonParisGttd\" target=\"_blank\" rel=\"nofollow noopener\" style=\"outline: none;\"><strong>13,00 \u20ac<\/strong><\/a><\/h1>\n<p style=\"\">Ihr Konto wird noch nicht belastet.<\/p>\n","protected":false},"excerpt":{"rendered":"<p>Panth\u00e9on: Ticket mit Schnelleinlass Zur Festung Bestpreis 13,00 \u20ac Entdecken Sie das ber\u00fchmte Pariser Panth\u00e9on mit Schnelleinlass und umgehen Sie die langen Warteschlangen. Tauchen Sie ein in die historische Bedeutung dieses neoklassizistischen Meisterwerks, erkunden Sie faszinierende Kunst und besuchen Sie die Krypta, in der Frankreichs ber\u00fchmteste Pers\u00f6nlichkeiten ruhen. Handverlesenes Ticket Handyticket&nbsp; Schnelleinlass Kostenlose Stornierung Inbegriffen [&hellip;]<\/p>\n","protected":false},"author":11,"featured_media":12973,"parent":0,"menu_order":0,"comment_status":"closed","ping_status":"closed","template":"","meta":{"footnotes":""},"tags":[69],"class_list":["post-14035","page","type-page","status-publish","has-post-thumbnail","hentry","tag-sales-pages","post-wrapper","thrv_wrapper"],"wp-worthy-pixel":{"ignored":false,"public":null,"server":null,"url":null},"wp-worthy-type":"normal","_links":{"self":[{"href":"https:\/\/www.paristouristinformation.fr\/de\/wp-json\/wp\/v2\/pages\/14035","targetHints":{"allow":["GET"]}}],"collection":[{"href":"https:\/\/www.paristouristinformation.fr\/de\/wp-json\/wp\/v2\/pages"}],"about":[{"href":"https:\/\/www.paristouristinformation.fr\/de\/wp-json\/wp\/v2\/types\/page"}],"author":[{"embeddable":true,"href":"https:\/\/www.paristouristinformation.fr\/de\/wp-json\/wp\/v2\/users\/11"}],"replies":[{"embeddable":true,"href":"https:\/\/www.paristouristinformation.fr\/de\/wp-json\/wp\/v2\/comments?post=14035"}],"version-history":[{"count":22,"href":"https:\/\/www.paristouristinformation.fr\/de\/wp-json\/wp\/v2\/pages\/14035\/revisions"}],"predecessor-version":[{"id":14401,"href":"https:\/\/www.paristouristinformation.fr\/de\/wp-json\/wp\/v2\/pages\/14035\/revisions\/14401"}],"wp:featuredmedia":[{"embeddable":true,"href":"https:\/\/www.paristouristinformation.fr\/de\/wp-json\/wp\/v2\/media\/12973"}],"wp:attachment":[{"href":"https:\/\/www.paristouristinformation.fr\/de\/wp-json\/wp\/v2\/media?parent=14035"}],"wp:term":[{"taxonomy":"post_tag","embeddable":true,"href":"https:\/\/www.paristouristinformation.fr\/de\/wp-json\/wp\/v2\/tags?post=14035"}],"curies":[{"name":"wp","href":"https:\/\/api.w.org\/{rel}","templated":true}]}}