{"id":14417,"date":"2024-10-22T06:44:10","date_gmt":"2024-10-22T06:44:10","guid":{"rendered":"https:\/\/www.paristouristinformation.fr\/de\/?page_id=14417"},"modified":"2024-12-11T16:50:13","modified_gmt":"2024-12-11T16:50:13","slug":"offenlegung-der-affiliate-partner","status":"publish","type":"page","link":"https:\/\/www.paristouristinformation.fr\/de\/offenlegung-der-affiliate-partner\/","title":{"rendered":"Offenlegung der Affiliate-Partner"},"content":{"rendered":"<p>Unser Ziel bei ParisTouristInformation.fr ist es, hochwertige Reiseinhalte bereitzustellen, die Ihnen helfen, Ihre Reisen zu planen und zu genie\u00dfen. Um unsere Bem\u00fchungen zur Aufrechterhaltung und zum Ausbau dieser Website zu unterst\u00fctzen, verwenden wir Partnerlinks in unseren Inhalten. Das bedeutet, dass wir m\u00f6glicherweise eine kleine Provision erhalten, wenn Sie \u00fcber einige der Links auf unserer Website etwas kaufen. Dies geschieht ohne zus\u00e4tzliche Kosten f\u00fcr Sie und hilft uns, die Inhalte kostenlos und aktuell zu halten.<\/p>\n<p><strong>Warum wir Affiliate-Links verwenden<\/strong><\/p>\n<p>Der Betrieb einer Website erfordert Zeit und Ressourcen, und Partnerschaften erm\u00f6glichen es uns, die Arbeit zu finanzieren, die wir leisten. Es ist wichtig zu wissen, dass wir nur Produkte, Touren und Dienstleistungen empfehlen, von denen wir wirklich glauben, dass sie einen Mehrwert f\u00fcr Ihr Reiseerlebnis darstellen. Wir w\u00e4hlen unsere Partner sorgf\u00e4ltig aus und pr\u00fcfen sie, um sicherzustellen, dass sie mit den Standards und Interessen unserer Leser \u00fcbereinstimmen.<\/p>\n<p><strong>Affiliate-Partner<\/strong><\/p>\n<p>Einige unserer vertrauensw\u00fcrdigen Affiliate-Partner sind:<\/p>\n<ul>\n<li>GetYourGuide<\/li>\n<li>Tiqets<\/li>\n<li>Headout<\/li>\n<li>Viator<\/li>\n<li>Platinliste<\/li>\n<li>Zivile Einrichtungen<\/li>\n<li>Holafly<\/li>\n<li>Buchen.com<\/li>\n<li>Megapass<\/li>\n<li>Musement<\/li>\n<\/ul>\n<p>Bitte beachten Sie, dass wir diese Liste aktualisieren k\u00f6nnen, wenn wir mit neuen Unternehmen zusammenarbeiten, denen wir vertrauen und die wir empfehlen.<\/p>\n<p><strong>Verpflichtung zur Ehrlichkeit<\/strong><\/p>\n<p>Wir m\u00f6chten, dass Sie den Empfehlungen, die wir geben, vertrauen k\u00f6nnen. Wir erhalten zwar eine Provision, um unsere Arbeit zu unterst\u00fctzen, aber sie hat keinen Einfluss auf den Inhalt, die Themen oder die Produkte, die wir empfehlen. Unser Hauptaugenmerk liegt darauf, hilfreiche, ehrliche und genaue Informationen f\u00fcr Ihre Reisen bereitzustellen. Jedes Produkt oder jede Dienstleistung, die wir empfehlen, ist etwas, das wir pers\u00f6nlich benutzen oder Freunden und Familie empfehlen w\u00fcrden.<\/p>\n<p><strong>Ihre Unterst\u00fctzung ist uns wichtig<\/strong><\/p>\n<p>Indem Sie unsere Partnerlinks verwenden, unterst\u00fctzen Sie die Inhalte und Ressourcen, die wir hier auf ParisTouristInformation.fr anbieten, und wir sind Ihnen f\u00fcr Ihr Vertrauen und Ihre Unterst\u00fctzung sehr dankbar. So k\u00f6nnen wir weiterhin Tipps, Reisef\u00fchrer und Empfehlungen bereitstellen, die hoffentlich Ihre Reiseerlebnisse bereichern.<\/p>\n<p>Wenn Sie Fragen oder Bedenken zu unseren Partnerschaften oder Inhalten haben, k\u00f6nnen Sie sich gerne an uns wenden.<\/p>\n","protected":false},"excerpt":{"rendered":"<p>Unser Ziel bei ParisTouristInformation.fr ist es, hochwertige Reiseinhalte bereitzustellen, die Ihnen helfen, Ihre Reisen zu planen und zu genie\u00dfen. Um unsere Bem\u00fchungen zur Aufrechterhaltung und zum Ausbau dieser Website zu unterst\u00fctzen, verwenden wir Partnerlinks in unseren Inhalten. Das bedeutet, dass wir m\u00f6glicherweise eine kleine Provision erhalten, wenn Sie \u00fcber einige der Links auf unserer Website [&hellip;]<\/p>\n","protected":false},"author":10,"featured_media":453,"parent":0,"menu_order":0,"comment_status":"closed","ping_status":"closed","template":"","meta":{"footnotes":""},"tags":[],"class_list":["post-14417","page","type-page","status-publish","has-post-thumbnail","hentry","post-wrapper","thrv_wrapper"],"wp-worthy-pixel":{"ignored":false,"public":null,"server":null,"url":null},"wp-worthy-type":"normal","_links":{"self":[{"href":"https:\/\/www.paristouristinformation.fr\/de\/wp-json\/wp\/v2\/pages\/14417","targetHints":{"allow":["GET"]}}],"collection":[{"href":"https:\/\/www.paristouristinformation.fr\/de\/wp-json\/wp\/v2\/pages"}],"about":[{"href":"https:\/\/www.paristouristinformation.fr\/de\/wp-json\/wp\/v2\/types\/page"}],"author":[{"embeddable":true,"href":"https:\/\/www.paristouristinformation.fr\/de\/wp-json\/wp\/v2\/users\/10"}],"replies":[{"embeddable":true,"href":"https:\/\/www.paristouristinformation.fr\/de\/wp-json\/wp\/v2\/comments?post=14417"}],"version-history":[{"count":4,"href":"https:\/\/www.paristouristinformation.fr\/de\/wp-json\/wp\/v2\/pages\/14417\/revisions"}],"predecessor-version":[{"id":14524,"href":"https:\/\/www.paristouristinformation.fr\/de\/wp-json\/wp\/v2\/pages\/14417\/revisions\/14524"}],"wp:featuredmedia":[{"embeddable":true,"href":"https:\/\/www.paristouristinformation.fr\/de\/wp-json\/wp\/v2\/media\/453"}],"wp:attachment":[{"href":"https:\/\/www.paristouristinformation.fr\/de\/wp-json\/wp\/v2\/media?parent=14417"}],"wp:term":[{"taxonomy":"post_tag","embeddable":true,"href":"https:\/\/www.paristouristinformation.fr\/de\/wp-json\/wp\/v2\/tags?post=14417"}],"curies":[{"name":"wp","href":"https:\/\/api.w.org\/{rel}","templated":true}]}}