{"id":14811,"date":"2026-02-04T07:16:28","date_gmt":"2026-02-04T07:16:28","guid":{"rendered":"https:\/\/www.paristouristinformation.fr\/de\/?page_id=14811"},"modified":"2026-02-04T07:20:08","modified_gmt":"2026-02-04T07:20:08","slug":"disneyland-paris-1-tag-1-park-ticket","status":"publish","type":"page","link":"https:\/\/www.paristouristinformation.fr\/de\/disneyland-paris-1-tag-1-park-ticket\/","title":{"rendered":"Disneyland\u00ae Paris: 1-Tag-1-Park-Ticket"},"content":{"rendered":"<p><span><img decoding=\"async\" alt=\"Disneyland\u00ae Paris 1-Tag 1-Park-Ticket\" data-id=\"13907\" width=\"1600\" height=\"1600\" title=\"Disneyland\u00ae Paris 1-Tag 1-Park-Ticket\" src=\"https:\/\/paristouristinformation.fr\/wp-content\/uploads\/2024\/09\/disneyland-paris-tiqets.jpeg-1024x1024.avif\" data-src=\"https:\/\/paristouristinformation.fr\/wp-content\/uploads\/2024\/09\/disneyland-paris-tiqets.jpeg-300x300.avif\" loading=\"lazy\" data-sizes=\"{&quot;thumbnail&quot;:{&quot;height&quot;:205,&quot;width&quot;:333,&quot;url&quot;:&quot;https:\/\/paristouristinformation.fr\/wp-content\/uploads\/2024\/09\/disneyland-paris-tiqets.jpeg-333x205.avif&quot;,&quot;orientation&quot;:&quot;landscape&quot;},&quot;medium&quot;:{&quot;height&quot;:300,&quot;width&quot;:300,&quot;url&quot;:&quot;https:\/\/paristouristinformation.fr\/wp-content\/uploads\/2024\/09\/disneyland-paris-tiqets.jpeg-300x300.avif&quot;,&quot;orientation&quot;:&quot;landscape&quot;},&quot;large&quot;:{&quot;height&quot;:1024,&quot;width&quot;:1024,&quot;url&quot;:&quot;https:\/\/paristouristinformation.fr\/wp-content\/uploads\/2024\/09\/disneyland-paris-tiqets.jpeg-1024x1024.avif&quot;,&quot;orientation&quot;:&quot;landscape&quot;},&quot;full&quot;:{&quot;url&quot;:&quot;https:\/\/paristouristinformation.fr\/wp-content\/uploads\/2024\/09\/disneyland-paris-tiqets.jpeg.avif&quot;,&quot;height&quot;:1600,&quot;width&quot;:1600,&quot;orientation&quot;:&quot;landscape&quot;}}\"><\/span><span><img decoding=\"async\" alt=\"\" data-id=\"15043\" width=\"2335\" height=\"1556\" title=\"Disneyland\u00ae Paris - 1-Tages-Ticket ota3\" src=\"https:\/\/paristouristinformation.fr\/wp-content\/uploads\/2025\/05\/Disneyland\u00ae-Paris-1-Day-Ticket-ota3-1024x682.avif\" data-src=\"https:\/\/paristouristinformation.fr\/wp-content\/uploads\/2025\/05\/Disneyland\u00ae-Paris-1-Day-Ticket-ota3-300x200.avif\" loading=\"lazy\" data-sizes=\"{&quot;thumbnail&quot;:{&quot;height&quot;:205,&quot;width&quot;:333,&quot;url&quot;:&quot;https:\/\/paristouristinformation.fr\/wp-content\/uploads\/2025\/05\/Disneyland\u00ae-Paris-1-Day-Ticket-ota3-333x205.avif&quot;,&quot;orientation&quot;:&quot;landscape&quot;},&quot;medium&quot;:{&quot;height&quot;:200,&quot;width&quot;:300,&quot;url&quot;:&quot;https:\/\/paristouristinformation.fr\/wp-content\/uploads\/2025\/05\/Disneyland\u00ae-Paris-1-Day-Ticket-ota3-300x200.avif&quot;,&quot;orientation&quot;:&quot;landscape&quot;},&quot;large&quot;:{&quot;height&quot;:682,&quot;width&quot;:1024,&quot;url&quot;:&quot;https:\/\/paristouristinformation.fr\/wp-content\/uploads\/2025\/05\/Disneyland\u00ae-Paris-1-Day-Ticket-ota3-1024x682.avif&quot;,&quot;orientation&quot;:&quot;landscape&quot;},&quot;full&quot;:{&quot;url&quot;:&quot;https:\/\/paristouristinformation.fr\/wp-content\/uploads\/2025\/05\/Disneyland\u00ae-Paris-1-Day-Ticket-ota3.avif&quot;,&quot;height&quot;:1556,&quot;width&quot;:2335,&quot;orientation&quot;:&quot;landscape&quot;}}\"><\/span><span><img decoding=\"async\" alt=\"\" data-id=\"14383\" width=\"1540\" height=\"1014\" title=\"Disneyland\u00ae Paris Mehrtageskarte3\" src=\"https:\/\/www.paristouristinformation.fr\/de\/wp-content\/uploads\/2026\/01\/Disneyland\u00ae-Paris-Multi-day-Ticket3-1024x674-1.png\" data-src=\"https:\/\/www.paristouristinformation.fr\/de\/wp-content\/uploads\/2026\/01\/Disneyland\u00ae-Paris-Multi-day-Ticket3-300x198-1.png\" loading=\"lazy\" data-sizes=\"{&quot;thumbnail&quot;:{&quot;height&quot;:205,&quot;width&quot;:333,&quot;url&quot;:&quot;https:\/\/www.paristouristinformation.fr\/de\/wp-content\/uploads\/2026\/01\/Disneyland\u00ae-Paris-Multi-day-Ticket3-333x205-1.png&quot;,&quot;orientation&quot;:&quot;landscape&quot;},&quot;medium&quot;:{&quot;height&quot;:198,&quot;width&quot;:300,&quot;url&quot;:&quot;https:\/\/www.paristouristinformation.fr\/de\/wp-content\/uploads\/2026\/01\/Disneyland\u00ae-Paris-Multi-day-Ticket3-300x198-1.png&quot;,&quot;orientation&quot;:&quot;landscape&quot;},&quot;large&quot;:{&quot;height&quot;:674,&quot;width&quot;:1024,&quot;url&quot;:&quot;https:\/\/www.paristouristinformation.fr\/de\/wp-content\/uploads\/2026\/01\/Disneyland\u00ae-Paris-Multi-day-Ticket3-1024x674-1.png&quot;,&quot;orientation&quot;:&quot;landscape&quot;},&quot;full&quot;:{&quot;url&quot;:&quot;https:\/\/www.paristouristinformation.fr\/de\/wp-content\/uploads\/2026\/01\/Disneyland\u00ae-Paris-Multi-day-Ticket3.png&quot;,&quot;height&quot;:1014,&quot;width&quot;:1540,&quot;orientation&quot;:&quot;landscape&quot;}}\"><\/span><span><img decoding=\"async\" alt=\"\" data-id=\"16291\" width=\"2335\" height=\"1556\" title=\"Disneyland\u00ae Paris - 1-Tages-Ticket ota9\" src=\"https:\/\/paristouristinformation.fr\/wp-content\/uploads\/2025\/09\/Disneyland\u00ae-Paris-1-Day-Ticket-ota9-1024x682.avif\" data-src=\"https:\/\/paristouristinformation.fr\/wp-content\/uploads\/2025\/09\/Disneyland\u00ae-Paris-1-Day-Ticket-ota9-300x200.avif\" loading=\"lazy\" data-sizes=\"{&quot;thumbnail&quot;:{&quot;height&quot;:205,&quot;width&quot;:333,&quot;url&quot;:&quot;https:\/\/paristouristinformation.fr\/wp-content\/uploads\/2025\/09\/Disneyland\u00ae-Paris-1-Day-Ticket-ota9-333x205.avif&quot;,&quot;orientation&quot;:&quot;landscape&quot;},&quot;medium&quot;:{&quot;height&quot;:200,&quot;width&quot;:300,&quot;url&quot;:&quot;https:\/\/paristouristinformation.fr\/wp-content\/uploads\/2025\/09\/Disneyland\u00ae-Paris-1-Day-Ticket-ota9-300x200.avif&quot;,&quot;orientation&quot;:&quot;landscape&quot;},&quot;large&quot;:{&quot;height&quot;:682,&quot;width&quot;:1024,&quot;url&quot;:&quot;https:\/\/paristouristinformation.fr\/wp-content\/uploads\/2025\/09\/Disneyland\u00ae-Paris-1-Day-Ticket-ota9-1024x682.avif&quot;,&quot;orientation&quot;:&quot;landscape&quot;},&quot;full&quot;:{&quot;url&quot;:&quot;https:\/\/paristouristinformation.fr\/wp-content\/uploads\/2025\/09\/Disneyland\u00ae-Paris-1-Day-Ticket-ota9.avif&quot;,&quot;height&quot;:1556,&quot;width&quot;:2335,&quot;orientation&quot;:&quot;landscape&quot;}}\"><\/span><span><img decoding=\"async\" alt=\"\" data-id=\"16525\" width=\"2086\" height=\"1390\" title=\"Disneyland\u00ae Paris 1-Park-Ticket\" src=\"https:\/\/paristouristinformation.fr\/wp-content\/uploads\/2025\/11\/Disneyland\u00ae-Paris-1-Park-Ticket1-1024x682.avif\" data-src=\"https:\/\/paristouristinformation.fr\/wp-content\/uploads\/2025\/11\/Disneyland\u00ae-Paris-1-Park-Ticket1-300x200.avif\" loading=\"lazy\" data-sizes=\"{&quot;thumbnail&quot;:{&quot;height&quot;:205,&quot;width&quot;:333,&quot;url&quot;:&quot;https:\/\/paristouristinformation.fr\/wp-content\/uploads\/2025\/11\/Disneyland\u00ae-Paris-1-Park-Ticket1-333x205.avif&quot;,&quot;orientation&quot;:&quot;landscape&quot;},&quot;medium&quot;:{&quot;height&quot;:200,&quot;width&quot;:300,&quot;url&quot;:&quot;https:\/\/paristouristinformation.fr\/wp-content\/uploads\/2025\/11\/Disneyland\u00ae-Paris-1-Park-Ticket1-300x200.avif&quot;,&quot;orientation&quot;:&quot;landscape&quot;},&quot;large&quot;:{&quot;height&quot;:682,&quot;width&quot;:1024,&quot;url&quot;:&quot;https:\/\/paristouristinformation.fr\/wp-content\/uploads\/2025\/11\/Disneyland\u00ae-Paris-1-Park-Ticket1-1024x682.avif&quot;,&quot;orientation&quot;:&quot;landscape&quot;},&quot;full&quot;:{&quot;url&quot;:&quot;https:\/\/paristouristinformation.fr\/wp-content\/uploads\/2025\/11\/Disneyland\u00ae-Paris-1-Park-Ticket1.avif&quot;,&quot;height&quot;:1390,&quot;width&quot;:2086,&quot;orientation&quot;:&quot;landscape&quot;}}\"><\/span><span><img decoding=\"async\" alt=\"\" data-id=\"14750\" width=\"1600\" height=\"1600\" title=\"Disneyland\u00ae Paris Ticket ota11\" src=\"https:\/\/paristouristinformation.fr\/wp-content\/uploads\/2025\/02\/Disneyland\u00ae-Paris-ticket-ota11-1024x1024.avif\" data-src=\"https:\/\/paristouristinformation.fr\/wp-content\/uploads\/2025\/02\/Disneyland\u00ae-Paris-ticket-ota11-300x300.avif\" loading=\"lazy\" data-sizes=\"{&quot;thumbnail&quot;:{&quot;height&quot;:205,&quot;width&quot;:333,&quot;url&quot;:&quot;https:\/\/paristouristinformation.fr\/wp-content\/uploads\/2025\/02\/Disneyland\u00ae-Paris-ticket-ota11-333x205.avif&quot;,&quot;orientation&quot;:&quot;landscape&quot;},&quot;medium&quot;:{&quot;height&quot;:300,&quot;width&quot;:300,&quot;url&quot;:&quot;https:\/\/paristouristinformation.fr\/wp-content\/uploads\/2025\/02\/Disneyland\u00ae-Paris-ticket-ota11-300x300.avif&quot;,&quot;orientation&quot;:&quot;landscape&quot;},&quot;large&quot;:{&quot;height&quot;:1024,&quot;width&quot;:1024,&quot;url&quot;:&quot;https:\/\/paristouristinformation.fr\/wp-content\/uploads\/2025\/02\/Disneyland\u00ae-Paris-ticket-ota11-1024x1024.avif&quot;,&quot;orientation&quot;:&quot;landscape&quot;},&quot;full&quot;:{&quot;url&quot;:&quot;https:\/\/paristouristinformation.fr\/wp-content\/uploads\/2025\/02\/Disneyland\u00ae-Paris-ticket-ota11.avif&quot;,&quot;height&quot;:1600,&quot;width&quot;:1600,&quot;orientation&quot;:&quot;landscape&quot;}}\"><\/span><span><img decoding=\"async\" alt=\"\" data-id=\"16526\" width=\"2086\" height=\"1390\" title=\"Disneyland\u00ae Paris 1-Park-Ticket\" src=\"https:\/\/paristouristinformation.fr\/wp-content\/uploads\/2025\/11\/Disneyland\u00ae-Paris-1-Park-Ticket2-1024x682.avif\" data-src=\"https:\/\/paristouristinformation.fr\/wp-content\/uploads\/2025\/11\/Disneyland\u00ae-Paris-1-Park-Ticket2-300x200.avif\" loading=\"lazy\" data-sizes=\"{&quot;thumbnail&quot;:{&quot;height&quot;:205,&quot;width&quot;:333,&quot;url&quot;:&quot;https:\/\/paristouristinformation.fr\/wp-content\/uploads\/2025\/11\/Disneyland\u00ae-Paris-1-Park-Ticket2-333x205.avif&quot;,&quot;orientation&quot;:&quot;landscape&quot;},&quot;medium&quot;:{&quot;height&quot;:200,&quot;width&quot;:300,&quot;url&quot;:&quot;https:\/\/paristouristinformation.fr\/wp-content\/uploads\/2025\/11\/Disneyland\u00ae-Paris-1-Park-Ticket2-300x200.avif&quot;,&quot;orientation&quot;:&quot;landscape&quot;},&quot;large&quot;:{&quot;height&quot;:682,&quot;width&quot;:1024,&quot;url&quot;:&quot;https:\/\/paristouristinformation.fr\/wp-content\/uploads\/2025\/11\/Disneyland\u00ae-Paris-1-Park-Ticket2-1024x682.avif&quot;,&quot;orientation&quot;:&quot;landscape&quot;},&quot;full&quot;:{&quot;url&quot;:&quot;https:\/\/paristouristinformation.fr\/wp-content\/uploads\/2025\/11\/Disneyland\u00ae-Paris-1-Park-Ticket2.avif&quot;,&quot;height&quot;:1390,&quot;width&quot;:2086,&quot;orientation&quot;:&quot;landscape&quot;}}\"><\/span><\/p>\n<h1>Disneyland\u00ae Paris: 1-Tag-1-Park-Ticket<\/h1>\n<h2><a href=\"https:\/\/www.tiqets.com\/de\/marne-la-vallee-attractions-c702\/tickets-for-disneyland-paris-single-day-ticket-p975463\/?partner=paristouristinformation&amp;tq_campaign=ParisDeDisneylandParisGttd\" target=\"_blank\" rel=\"nofollow noopener\" style=\"outline: none;\">Zur Buchung<\/a><\/h2>\n<h1><a href=\"https:\/\/www.tiqets.com\/de\/marne-la-vallee-attractions-c702\/tickets-for-disneyland-paris-single-day-ticket-p975463\/?partner=paristouristinformation&amp;tq_campaign=ParisDeDisneylandParisGttd\" target=\"_blank\" rel=\"nofollow noopener\" style=\"outline: none;\" spellcheck=\"false\"><span style=\"font-weight: normal;\">Ab <\/span>57,00 \u20ac<\/a><\/h1>\n<p dir=\"ltr\">Treten Sie ein in die Welt von Disney mit dem <strong>Disneyland\u00ae Paris 1-Tages-1-Park-Ticket. <\/strong>W\u00e4hlen Sie einen Park und genie\u00dfen Sie einen ganzen Tag voller ikonischer Attraktionen, aufregender Fahrgesch\u00e4fte, magischer Shows und unvergesslicher Charaktermomente etwas au\u00dferhalb von Paris.<\/p>\n<ul>\n<li style=\"\"><span>Sorgf\u00e4ltig ausgew\u00e4hltes Ticket<\/span><\/li>\n<li style=\"\"><span>Mobiles Ticket oder gedruckter Gutschein akzeptiert<\/span><\/li>\n<li style=\"\">                    <span>Sofortige Best\u00e4tigung<\/span><\/li>\n<li style=\"\"><span>Kostenlose Stornierung<\/span><\/li>\n<\/ul>\n<h2>Inbegriffen<\/h2>\n<ul>\n<li style=\"\">                    <span>1-Park-Eintritt zu einem Disney-Park Ihrer Wahl<\/span><\/li>\n<\/ul>\n<h2>Nicht inbegriffen<\/h2>\n<ul>\n<li><span>Schneller Zugang zu den Attraktionen<\/span><\/li>\n<li><span>Essen und Trinken<\/span><\/li>\n<li><span>Parken<\/span><\/li>\n<\/ul>\n<h2>Wichtige Informationen<\/h2>\n<ul>\n<li><span>Tickets sind nicht \u00fcbertragbar; Namen k\u00f6nnen nach der Buchung nicht ge\u00e4ndert werden.<strong> Bringen Sie einen g\u00fcltigen Lichtbildausweis mit.<\/strong><\/span><\/li>\n<li><span>Die \u00d6ffnungszeiten des Parks k\u00f6nnen variieren; bitte \u00fcberpr\u00fcfen Sie vor Ihrem Besuch die offizielle Website.<\/span><\/li>\n<li><span>Ein Foto kann gemacht werden, um eine betr\u00fcgerische Wiedereinreise zu verhindern.<\/span><\/li>\n<li><span>Das Ticket ist nur f\u00fcr eine Person am ausgew\u00e4hlten Datum g\u00fcltig.<\/span><\/li>\n<li><span>Geeignet f\u00fcr Rollstuhlfahrer.<\/span><\/li>\n<li><span>Einige Attraktionen k\u00f6nnen aufgrund von Wartungsarbeiten geschlossen sein<\/span><\/li>\n<li><span>Bewahren Sie Ihr Ticket auf, um den Park am selben Tag erneut zu betreten.<\/span><\/li>\n<li><span>Die Parkauswahl kann direkt am Veranstaltungsort getroffen werden.<\/span><\/li>\n<li><span>Dies ist ein E-Ticket, das auch ausgedruckt werden kann<\/span><\/li>\n<li><span>Tickets ohne offizielle Disneyland\u00ae Paris Seriennummer sind ung\u00fcltig<\/span><\/li>\n<li><span>Dieses Ticket gew\u00e4hrt den Eintritt in den\/die angegebenen Park(s) oder die angegebene Veranstaltung am\/den angegebenen Datum(en). Wiederverkauf, Werbenutzung oder Tickets ohne Disneyland Paris Seriennummer sind ung\u00fcltig. Besucher m\u00fcssen die ver\u00f6ffentlichten Regeln befolgen.<\/span><\/li>\n<\/ul>\n<h2>Beschreibung:<\/h2>\n<p dir=\"ltr\">Betreten Sie eine M\u00e4rchenwelt mit dem <strong>Disneyland\u00ae Paris 1-Tages-1-Park-Ticket <\/strong>und genie\u00dfen Sie einen ganzen Tag voller Verzauberung, Abenteuer und Fantasie.<strong> W\u00e4hlen Sie zwischen den beiden Parks <\/strong>und erkunden Sie Themenl\u00e4nder voller legend\u00e4rer Fahrgesch\u00e4fte, Live-Shows und beliebter Charaktere.<\/p>\n<p dir=\"ltr\">Segeln Sie mit Piraten, reisen Sie durch die Sterne und erleben Sie die Magie, die Besucher jeden Alters seit Generationen in ihren Bann zieht. Disneyland\u00ae Paris liegt nur eine kurze Zugfahrt von Paris entfernt und ist ein <strong>Muss f\u00fcr Familien, Paare und Disney-Fans <\/strong>gleicherma\u00dfen.<\/p>\n<h2>H\u00f6hepunkte:<\/h2>\n<ul>\n<li data-empty=\"true\">Entdecken Sie die Magie von Disneyland\u00ae Paris mit einem 1-Tages-1-Park-Ticket.<\/li>\n<li ltr\"\"=\"\">W\u00e4hlen Sie einen Disney-Park, den Sie einen ganzen Tag lang erkunden m\u00f6chten.<\/li>\n<li>Erleben Sie die Aufregung von Fluch der Karibik, Star Tours und mehr.<\/li>\n<li>Erlebe exklusive Begegnungen mit Disney\u00ae-Figuren und atemberaubende Live-Shows.<\/li>\n<\/ul>\n<h2>Disneyland Paris<\/h2>\n<p dir=\"ltr\">Bd de Parc, 77700 Coupvray, Frankreich<\/p>\n<h2>Stornierungsrichtlinien<\/h2>\n<p dir=\"ltr\">Stornieren Sie bis zu 48 Stunden vor Beginn der Erfahrung, um eine vollst\u00e4ndige R\u00fcckerstattung zu erhalten.<\/p>\n<h2>Treffpunkt &amp; Anleitung<\/h2>\n<p dir=\"ltr\">Legen Sie Ihren mobilen Gutschein oder Ihr gedrucktes E-Ticket mit einem g\u00fcltigen Lichtbildausweis im Disneyland\u00ae Paris in Bd de Parc, 77700 Coupvray, Frankreich, vor. Fahren Sie direkt zu den Drehkreuzen.<\/p>\n<p><a href=\"https:\/\/www.google.com\/maps\/place\/Disneyland+Paris\/@48.8673317,2.7833425,18.46z\/data=!4m6!3m5!1s0x47e61d19ca7ae2bd:0x57faf8cb6310e660!8m2!3d48.8673858!4d2.783593!16s%2Fg%2F1211qgxn?entry=tts&amp;g_ep=EgoyMDI0MDUyNy4yKgBIAVAD\" style=\"outline: none;\" data-lt-tmp-id=\"lt-493778\" spellcheck=\"false\" target=\"_blank\" rel=\"nofollow noopener\">In Karten \u00f6ffnen<\/a><\/p>\n<h2>Bewertungen&nbsp;<\/h2>\n<p><strong>4,6\/5 <\/strong><strong>(11.240 Bewertungen)<\/strong><\/p>\n<p dir=\"ltr\"><em>&#8222;Einer der Tr\u00e4ume der Familie ist verwirklicht worden. Es ist ein wunderbarer Ort!&#8220;<\/em> Serhiy, April <em>2025<\/em><\/p>\n<p dir=\"ltr\"><em>&#8222;Einfach zu kaufen. Synchronisieren Sie sich problemlos mit der Disney-App und sparen Sie ein wenig Geld. Wir haben uns an dem Tag entschieden, unser Ticket in ein 2-Park-1-Tages-Ticket zu \u00e4ndern &#8211; das 25 \u20ac extra kostet. Brilliant day out\u201c <\/em>Matthew, Jan. 2025 <a href=\"https:\/\/www.tiqets.com\/de\/marne-la-vallee-attractions-c702\/tickets-for-disneyland-paris-single-day-ticket-p975463\/?partner=paristouristinformation&amp;tq_campaign=ParisDeDisneylandParisGttd\" target=\"_blank\" rel=\"nofollow noopener\" spellcheck=\"false\" style=\"outline: none;\">&gt;&gt; Weitere Bewertungen anzeigen<\/a><\/p>\n<h2>Weitere Aktivit\u00e4ten, die Ihnen gefallen k\u00f6nnten<\/h2>\n<p><span>#2<\/span><span>#2<\/span><span><img decoding=\"async\" alt=\"\" data-id=\"13808\" width=\"159\" data-init-width=\"1600\" height=\"159\" data-init-height=\"1600\" title=\"Disneyland\u00ae Paris - Eintritt + Transport von Paris\" loading=\"lazy\" src=\"https:\/\/paristouristinformation.fr\/wp-content\/uploads\/2024\/09\/Disneyland\u00ae-Paris-Admission-Transport-from-Paris.avif\" data-width=\"159\" data-height=\"159\" style=\"aspect-ratio: auto 1600 \/ 1600;\"><\/span><\/p>\n<table>\n<tbody>\n<tr>\n<td><a data-lt-tmp-id=\"lt-108360\" href=\"https:\/\/www.tiqets.com\/de\/things-to-do-in-paris-c66746\/tickets-for-disneyland-paris-ticket-shuttle-transport-from-paris-p1064673\/?partner=paristouristinformation&amp;tq_campaign=ParisDeDisneylandParisGttd2\" rel=\"nofollow noopener\" spellcheck=\"false\" target=\"_blank\" style=\"outline: none;\">Disneyland\u00ae Paris: Ticket + Shuttle-Transport von Paris<\/a><\/td>\n<\/tr>\n<\/tbody>\n<\/table>\n<p dir=\"ltr\">Erleben Sie die Magie von Disneyland\u00ae Paris mit dem m\u00fchelosen Hin- und R\u00fccktransport von Paris aus und tauchen Sie direkt in einen Tag voller Abenteuer und Zauber in einem oder beiden Disney\u00ae Parks ein.<\/p>\n<h3 style=\"\">Gesamtpreis<\/h3>\n<h3 style=\"\">Ihr Konto wird noch nicht belastet<\/h3>\n<p><span>#2<\/span><span><img decoding=\"async\" alt=\"\" data-id=\"13332\" width=\"159\" data-init-width=\"1185\" height=\"83\" data-init-height=\"616\" title=\"Disneyland\u00ae 2:3:4-Tages-Ticket\" loading=\"lazy\" src=\"https:\/\/www.paristouristinformation.fr\/de\/wp-content\/uploads\/2026\/01\/Disneyland\u00ae-234-Day-Ticket-1.jpg\" data-width=\"159\" data-height=\"83\" style=\"aspect-ratio: auto 1185 \/ 616;\"><\/span><\/p>\n<table>\n<tbody>\n<tr>\n<td><a href=\"https:\/\/www.getyourguide.com\/s?partner_id=NO9XIDE&amp;cmp=ParisDeDisneylandGttd3-short-url&amp;et=395319&amp;lc=16\" target=\"_blank\" rel=\"nofollow noopener\" style=\"outline: none;\" spellcheck=\"false\">Disneyland\u00ae Paris 2\/3\/4 Tage Ticket<\/a><\/td>\n<\/tr>\n<\/tbody>\n<\/table>\n<p dir=\"ltr\">Tauchen Sie mit diesem flexiblen Mehrtagesticket in das Wunder von Disneyland\u00ae Paris ein. Verbringen Sie 2, 3 oder 4 Tage damit, die Magie von Disneyland\u00ae Park und Walt Disney Studios\u00ae zu erkunden.<\/p>\n<h3 style=\"\">Gesamtpreis<\/h3>\n<h3 style=\"\">Ihr Konto wird noch nicht belastet<\/h3>\n<\/p>\n<h2><a href=\"https:\/\/www.tiqets.com\/de\/marne-la-vallee-attractions-c702\/tickets-for-disneyland-paris-single-day-ticket-p975463\/?partner=paristouristinformation&amp;tq_campaign=ParisDeDisneylandParisGttd\" target=\"_blank\" rel=\"nofollow noopener\" style=\"outline: none;\" spellcheck=\"false\">Zur Buchung<\/a><span style=\"font-weight: normal;\"><\/span><\/h2>\n<p><strong style=\"outline: currentcolor;\"><a href=\"https:\/\/www.tiqets.com\/de\/marne-la-vallee-attractions-c702\/tickets-for-disneyland-paris-single-day-ticket-p975463\/?partner=paristouristinformation&amp;tq_campaign=ParisDeDisneylandParisGttd\" target=\"_blank\" rel=\"nofollow noopener\" spellcheck=\"false\" style=\"outline: none;\"><span style=\"font-weight: normal;\">Ab 59 \u20ac<\/span><\/a><\/strong><\/p>\n<p style=\"\">Ihr Konto wird noch nicht belastet<\/p>\n","protected":false},"excerpt":{"rendered":"<p>Disneyland\u00ae Paris: 1-Tag-1-Park-Ticket Zur Buchung Ab 57,00 \u20ac Treten Sie ein in die Welt von Disney mit dem Disneyland\u00ae Paris 1-Tages-1-Park-Ticket. W\u00e4hlen Sie einen Park und genie\u00dfen Sie einen ganzen Tag voller ikonischer Attraktionen, aufregender Fahrgesch\u00e4fte, magischer Shows und unvergesslicher Charaktermomente etwas au\u00dferhalb von Paris. Sorgf\u00e4ltig ausgew\u00e4hltes Ticket Mobiles Ticket oder gedruckter Gutschein akzeptiert Sofortige [&hellip;]<\/p>\n","protected":false},"author":10,"featured_media":14812,"parent":0,"menu_order":0,"comment_status":"closed","ping_status":"closed","template":"","meta":{"footnotes":""},"tags":[69],"class_list":["post-14811","page","type-page","status-publish","has-post-thumbnail","hentry","tag-sales-pages","post-wrapper","thrv_wrapper"],"wp-worthy-pixel":{"ignored":false,"public":null,"server":null,"url":null},"wp-worthy-type":"normal","_links":{"self":[{"href":"https:\/\/www.paristouristinformation.fr\/de\/wp-json\/wp\/v2\/pages\/14811","targetHints":{"allow":["GET"]}}],"collection":[{"href":"https:\/\/www.paristouristinformation.fr\/de\/wp-json\/wp\/v2\/pages"}],"about":[{"href":"https:\/\/www.paristouristinformation.fr\/de\/wp-json\/wp\/v2\/types\/page"}],"author":[{"embeddable":true,"href":"https:\/\/www.paristouristinformation.fr\/de\/wp-json\/wp\/v2\/users\/10"}],"replies":[{"embeddable":true,"href":"https:\/\/www.paristouristinformation.fr\/de\/wp-json\/wp\/v2\/comments?post=14811"}],"version-history":[{"count":11,"href":"https:\/\/www.paristouristinformation.fr\/de\/wp-json\/wp\/v2\/pages\/14811\/revisions"}],"predecessor-version":[{"id":15056,"href":"https:\/\/www.paristouristinformation.fr\/de\/wp-json\/wp\/v2\/pages\/14811\/revisions\/15056"}],"wp:featuredmedia":[{"embeddable":true,"href":"https:\/\/www.paristouristinformation.fr\/de\/wp-json\/wp\/v2\/media\/14812"}],"wp:attachment":[{"href":"https:\/\/www.paristouristinformation.fr\/de\/wp-json\/wp\/v2\/media?parent=14811"}],"wp:term":[{"taxonomy":"post_tag","embeddable":true,"href":"https:\/\/www.paristouristinformation.fr\/de\/wp-json\/wp\/v2\/tags?post=14811"}],"curies":[{"name":"wp","href":"https:\/\/api.w.org\/{rel}","templated":true}]}}