{"id":14864,"date":"2026-02-04T07:22:24","date_gmt":"2026-02-04T07:22:24","guid":{"rendered":"https:\/\/www.paristouristinformation.fr\/de\/?page_id=14864"},"modified":"2026-02-04T07:25:17","modified_gmt":"2026-02-04T07:25:17","slug":"disneyland-paris-mehrtageskarte","status":"publish","type":"page","link":"https:\/\/www.paristouristinformation.fr\/de\/disneyland-paris-mehrtageskarte\/","title":{"rendered":"Disneyland\u00ae Paris Mehrtageskarte"},"content":{"rendered":"<p><span><img decoding=\"async\" alt=\"Disneyland\u00ae Paris 2-Park-Ticket\" data-id=\"14384\" width=\"1544\" height=\"1006\" title=\"Disneyland\u00ae Paris 2-Park-Ticket\" src=\"https:\/\/www.paristouristinformation.fr\/de\/wp-content\/uploads\/2026\/01\/Disneyland\u00ae-Paris-Multi-day-Ticket5-1024x667-1.png\" data-src=\"https:\/\/www.paristouristinformation.fr\/de\/wp-content\/uploads\/2026\/01\/Disneyland\u00ae-Paris-Multi-day-Ticket5-300x195-1.png\" loading=\"lazy\" data-sizes=\"{&quot;thumbnail&quot;:{&quot;height&quot;:205,&quot;width&quot;:333,&quot;url&quot;:&quot;https:\/\/www.paristouristinformation.fr\/de\/wp-content\/uploads\/2026\/01\/Disneyland\u00ae-Paris-Multi-day-Ticket5-333x205-1.png&quot;,&quot;orientation&quot;:&quot;landscape&quot;},&quot;medium&quot;:{&quot;height&quot;:195,&quot;width&quot;:300,&quot;url&quot;:&quot;https:\/\/www.paristouristinformation.fr\/de\/wp-content\/uploads\/2026\/01\/Disneyland\u00ae-Paris-Multi-day-Ticket5-300x195-1.png&quot;,&quot;orientation&quot;:&quot;landscape&quot;},&quot;large&quot;:{&quot;height&quot;:667,&quot;width&quot;:1024,&quot;url&quot;:&quot;https:\/\/www.paristouristinformation.fr\/de\/wp-content\/uploads\/2026\/01\/Disneyland\u00ae-Paris-Multi-day-Ticket5-1024x667-1.png&quot;,&quot;orientation&quot;:&quot;landscape&quot;},&quot;full&quot;:{&quot;url&quot;:&quot;https:\/\/www.paristouristinformation.fr\/de\/wp-content\/uploads\/2026\/01\/Disneyland\u00ae-Paris-Multi-day-Ticket5.png&quot;,&quot;height&quot;:1006,&quot;width&quot;:1544,&quot;orientation&quot;:&quot;landscape&quot;}}\"><\/span><span><img decoding=\"async\" alt=\"\" data-id=\"16351\" width=\"2335\" height=\"1556\" title=\"Disneyland\u00ae Paris- 1-Park-Ticket ota\" src=\"https:\/\/paristouristinformation.fr\/wp-content\/uploads\/2025\/10\/Disneyland\u00ae-Paris-1-Park-Ticket-ota-1024x682.avif\" data-src=\"https:\/\/paristouristinformation.fr\/wp-content\/uploads\/2025\/10\/Disneyland\u00ae-Paris-1-Park-Ticket-ota-300x200.avif\" loading=\"lazy\" data-sizes=\"{&quot;thumbnail&quot;:{&quot;height&quot;:205,&quot;width&quot;:333,&quot;url&quot;:&quot;https:\/\/paristouristinformation.fr\/wp-content\/uploads\/2025\/10\/Disneyland\u00ae-Paris-1-Park-Ticket-ota-333x205.avif&quot;,&quot;orientation&quot;:&quot;landscape&quot;},&quot;medium&quot;:{&quot;height&quot;:200,&quot;width&quot;:300,&quot;url&quot;:&quot;https:\/\/paristouristinformation.fr\/wp-content\/uploads\/2025\/10\/Disneyland\u00ae-Paris-1-Park-Ticket-ota-300x200.avif&quot;,&quot;orientation&quot;:&quot;landscape&quot;},&quot;large&quot;:{&quot;height&quot;:682,&quot;width&quot;:1024,&quot;url&quot;:&quot;https:\/\/paristouristinformation.fr\/wp-content\/uploads\/2025\/10\/Disneyland\u00ae-Paris-1-Park-Ticket-ota-1024x682.avif&quot;,&quot;orientation&quot;:&quot;landscape&quot;},&quot;full&quot;:{&quot;url&quot;:&quot;https:\/\/paristouristinformation.fr\/wp-content\/uploads\/2025\/10\/Disneyland\u00ae-Paris-1-Park-Ticket-ota.avif&quot;,&quot;height&quot;:1556,&quot;width&quot;:2335,&quot;orientation&quot;:&quot;landscape&quot;}}\"><\/span><span><img decoding=\"async\" alt=\"\" data-id=\"14739\" width=\"1600\" height=\"1600\" title=\"Disneyland\u00ae Paris - Mehrtagesticket ota\" src=\"https:\/\/paristouristinformation.fr\/wp-content\/uploads\/2025\/02\/Disneyland\u00ae-Paris-Multi-day-Ticket-ota-1024x1024.avif\" data-src=\"https:\/\/paristouristinformation.fr\/wp-content\/uploads\/2025\/02\/Disneyland\u00ae-Paris-Multi-day-Ticket-ota-300x300.avif\" loading=\"lazy\" data-sizes=\"{&quot;thumbnail&quot;:{&quot;height&quot;:205,&quot;width&quot;:333,&quot;url&quot;:&quot;https:\/\/paristouristinformation.fr\/wp-content\/uploads\/2025\/02\/Disneyland\u00ae-Paris-Multi-day-Ticket-ota-333x205.avif&quot;,&quot;orientation&quot;:&quot;landscape&quot;},&quot;medium&quot;:{&quot;height&quot;:300,&quot;width&quot;:300,&quot;url&quot;:&quot;https:\/\/paristouristinformation.fr\/wp-content\/uploads\/2025\/02\/Disneyland\u00ae-Paris-Multi-day-Ticket-ota-300x300.avif&quot;,&quot;orientation&quot;:&quot;landscape&quot;},&quot;large&quot;:{&quot;height&quot;:1024,&quot;width&quot;:1024,&quot;url&quot;:&quot;https:\/\/paristouristinformation.fr\/wp-content\/uploads\/2025\/02\/Disneyland\u00ae-Paris-Multi-day-Ticket-ota-1024x1024.avif&quot;,&quot;orientation&quot;:&quot;landscape&quot;},&quot;full&quot;:{&quot;url&quot;:&quot;https:\/\/paristouristinformation.fr\/wp-content\/uploads\/2025\/02\/Disneyland\u00ae-Paris-Multi-day-Ticket-ota.avif&quot;,&quot;height&quot;:1600,&quot;width&quot;:1600,&quot;orientation&quot;:&quot;landscape&quot;}}\"><\/span><span><img decoding=\"async\" alt=\"\" data-id=\"14383\" width=\"1540\" height=\"1014\" title=\"Disneyland\u00ae Paris Mehrtageskarte3\" src=\"https:\/\/www.paristouristinformation.fr\/de\/wp-content\/uploads\/2026\/01\/Disneyland\u00ae-Paris-Multi-day-Ticket3-1024x674-2.png\" data-src=\"https:\/\/www.paristouristinformation.fr\/de\/wp-content\/uploads\/2026\/01\/Disneyland\u00ae-Paris-Multi-day-Ticket3-300x198-2.png\" loading=\"lazy\" data-sizes=\"{&quot;thumbnail&quot;:{&quot;height&quot;:205,&quot;width&quot;:333,&quot;url&quot;:&quot;https:\/\/www.paristouristinformation.fr\/de\/wp-content\/uploads\/2026\/01\/Disneyland\u00ae-Paris-Multi-day-Ticket3-333x205-2.png&quot;,&quot;orientation&quot;:&quot;landscape&quot;},&quot;medium&quot;:{&quot;height&quot;:198,&quot;width&quot;:300,&quot;url&quot;:&quot;https:\/\/www.paristouristinformation.fr\/de\/wp-content\/uploads\/2026\/01\/Disneyland\u00ae-Paris-Multi-day-Ticket3-300x198-2.png&quot;,&quot;orientation&quot;:&quot;landscape&quot;},&quot;large&quot;:{&quot;height&quot;:674,&quot;width&quot;:1024,&quot;url&quot;:&quot;https:\/\/www.paristouristinformation.fr\/de\/wp-content\/uploads\/2026\/01\/Disneyland\u00ae-Paris-Multi-day-Ticket3-1024x674-2.png&quot;,&quot;orientation&quot;:&quot;landscape&quot;},&quot;full&quot;:{&quot;url&quot;:&quot;https:\/\/www.paristouristinformation.fr\/de\/wp-content\/uploads\/2026\/01\/Disneyland\u00ae-Paris-Multi-day-Ticket3-1.png&quot;,&quot;height&quot;:1014,&quot;width&quot;:1540,&quot;orientation&quot;:&quot;landscape&quot;}}\"><\/span><span><img decoding=\"async\" alt=\"\" data-id=\"16291\" width=\"2335\" height=\"1556\" title=\"Disneyland\u00ae Paris - 1-Tages-Ticket ota9\" src=\"https:\/\/paristouristinformation.fr\/wp-content\/uploads\/2025\/09\/Disneyland\u00ae-Paris-1-Day-Ticket-ota9-1024x682.avif\" data-src=\"https:\/\/paristouristinformation.fr\/wp-content\/uploads\/2025\/09\/Disneyland\u00ae-Paris-1-Day-Ticket-ota9-300x200.avif\" loading=\"lazy\" data-sizes=\"{&quot;thumbnail&quot;:{&quot;height&quot;:205,&quot;width&quot;:333,&quot;url&quot;:&quot;https:\/\/paristouristinformation.fr\/wp-content\/uploads\/2025\/09\/Disneyland\u00ae-Paris-1-Day-Ticket-ota9-333x205.avif&quot;,&quot;orientation&quot;:&quot;landscape&quot;},&quot;medium&quot;:{&quot;height&quot;:200,&quot;width&quot;:300,&quot;url&quot;:&quot;https:\/\/paristouristinformation.fr\/wp-content\/uploads\/2025\/09\/Disneyland\u00ae-Paris-1-Day-Ticket-ota9-300x200.avif&quot;,&quot;orientation&quot;:&quot;landscape&quot;},&quot;large&quot;:{&quot;height&quot;:682,&quot;width&quot;:1024,&quot;url&quot;:&quot;https:\/\/paristouristinformation.fr\/wp-content\/uploads\/2025\/09\/Disneyland\u00ae-Paris-1-Day-Ticket-ota9-1024x682.avif&quot;,&quot;orientation&quot;:&quot;landscape&quot;},&quot;full&quot;:{&quot;url&quot;:&quot;https:\/\/paristouristinformation.fr\/wp-content\/uploads\/2025\/09\/Disneyland\u00ae-Paris-1-Day-Ticket-ota9.avif&quot;,&quot;height&quot;:1556,&quot;width&quot;:2335,&quot;orientation&quot;:&quot;landscape&quot;}}\"><\/span><span><img decoding=\"async\" alt=\"\" data-id=\"16631\" width=\"2086\" height=\"1390\" title=\"Disneyland\u00ae Paris Mehrtagesticket\" src=\"https:\/\/paristouristinformation.fr\/wp-content\/uploads\/2025\/12\/Disneyland\u00ae-Paris-Multiday-Ticket-ota-2-1024x682.avif\" data-src=\"https:\/\/paristouristinformation.fr\/wp-content\/uploads\/2025\/12\/Disneyland\u00ae-Paris-Multiday-Ticket-ota-2-300x200.avif\" loading=\"lazy\" data-sizes=\"{&quot;thumbnail&quot;:{&quot;height&quot;:205,&quot;width&quot;:333,&quot;url&quot;:&quot;https:\/\/paristouristinformation.fr\/wp-content\/uploads\/2025\/12\/Disneyland\u00ae-Paris-Multiday-Ticket-ota-2-333x205.avif&quot;,&quot;orientation&quot;:&quot;landscape&quot;},&quot;medium&quot;:{&quot;height&quot;:200,&quot;width&quot;:300,&quot;url&quot;:&quot;https:\/\/paristouristinformation.fr\/wp-content\/uploads\/2025\/12\/Disneyland\u00ae-Paris-Multiday-Ticket-ota-2-300x200.avif&quot;,&quot;orientation&quot;:&quot;landscape&quot;},&quot;large&quot;:{&quot;height&quot;:682,&quot;width&quot;:1024,&quot;url&quot;:&quot;https:\/\/paristouristinformation.fr\/wp-content\/uploads\/2025\/12\/Disneyland\u00ae-Paris-Multiday-Ticket-ota-2-1024x682.avif&quot;,&quot;orientation&quot;:&quot;landscape&quot;},&quot;full&quot;:{&quot;url&quot;:&quot;https:\/\/paristouristinformation.fr\/wp-content\/uploads\/2025\/12\/Disneyland\u00ae-Paris-Multiday-Ticket-ota-2.avif&quot;,&quot;height&quot;:1390,&quot;width&quot;:2086,&quot;orientation&quot;:&quot;landscape&quot;}}\"><\/span><span><img decoding=\"async\" alt=\"\" data-id=\"16632\" width=\"2086\" height=\"1390\" title=\"Disneyland\u00ae Paris Mehrtagesticket\" src=\"https:\/\/paristouristinformation.fr\/wp-content\/uploads\/2025\/12\/Disneyland\u00ae-Paris-Multiday-Ticket-ota-3-1024x682.avif\" data-src=\"https:\/\/paristouristinformation.fr\/wp-content\/uploads\/2025\/12\/Disneyland\u00ae-Paris-Multiday-Ticket-ota-3-300x200.avif\" loading=\"lazy\" data-sizes=\"{&quot;thumbnail&quot;:{&quot;height&quot;:205,&quot;width&quot;:333,&quot;url&quot;:&quot;https:\/\/paristouristinformation.fr\/wp-content\/uploads\/2025\/12\/Disneyland\u00ae-Paris-Multiday-Ticket-ota-3-333x205.avif&quot;,&quot;orientation&quot;:&quot;landscape&quot;},&quot;medium&quot;:{&quot;height&quot;:200,&quot;width&quot;:300,&quot;url&quot;:&quot;https:\/\/paristouristinformation.fr\/wp-content\/uploads\/2025\/12\/Disneyland\u00ae-Paris-Multiday-Ticket-ota-3-300x200.avif&quot;,&quot;orientation&quot;:&quot;landscape&quot;},&quot;large&quot;:{&quot;height&quot;:682,&quot;width&quot;:1024,&quot;url&quot;:&quot;https:\/\/paristouristinformation.fr\/wp-content\/uploads\/2025\/12\/Disneyland\u00ae-Paris-Multiday-Ticket-ota-3-1024x682.avif&quot;,&quot;orientation&quot;:&quot;landscape&quot;},&quot;full&quot;:{&quot;url&quot;:&quot;https:\/\/paristouristinformation.fr\/wp-content\/uploads\/2025\/12\/Disneyland\u00ae-Paris-Multiday-Ticket-ota-3.avif&quot;,&quot;height&quot;:1390,&quot;width&quot;:2086,&quot;orientation&quot;:&quot;landscape&quot;}}\"><\/span><span><img decoding=\"async\" alt=\"\" data-id=\"16633\" width=\"2086\" height=\"1390\" title=\"Disneyland\u00ae Paris Mehrtagesticket\" src=\"https:\/\/paristouristinformation.fr\/wp-content\/uploads\/2025\/12\/Disneyland\u00ae-Paris-Multiday-Ticket-ota-1024x682.avif\" data-src=\"https:\/\/paristouristinformation.fr\/wp-content\/uploads\/2025\/12\/Disneyland\u00ae-Paris-Multiday-Ticket-ota-300x200.avif\" loading=\"lazy\" data-sizes=\"{&quot;thumbnail&quot;:{&quot;height&quot;:205,&quot;width&quot;:333,&quot;url&quot;:&quot;https:\/\/paristouristinformation.fr\/wp-content\/uploads\/2025\/12\/Disneyland\u00ae-Paris-Multiday-Ticket-ota-333x205.avif&quot;,&quot;orientation&quot;:&quot;landscape&quot;},&quot;medium&quot;:{&quot;height&quot;:200,&quot;width&quot;:300,&quot;url&quot;:&quot;https:\/\/paristouristinformation.fr\/wp-content\/uploads\/2025\/12\/Disneyland\u00ae-Paris-Multiday-Ticket-ota-300x200.avif&quot;,&quot;orientation&quot;:&quot;landscape&quot;},&quot;large&quot;:{&quot;height&quot;:682,&quot;width&quot;:1024,&quot;url&quot;:&quot;https:\/\/paristouristinformation.fr\/wp-content\/uploads\/2025\/12\/Disneyland\u00ae-Paris-Multiday-Ticket-ota-1024x682.avif&quot;,&quot;orientation&quot;:&quot;landscape&quot;},&quot;full&quot;:{&quot;url&quot;:&quot;https:\/\/paristouristinformation.fr\/wp-content\/uploads\/2025\/12\/Disneyland\u00ae-Paris-Multiday-Ticket-ota.avif&quot;,&quot;height&quot;:1390,&quot;width&quot;:2086,&quot;orientation&quot;:&quot;landscape&quot;}}\"><\/span><\/p>\n<h1>Disneyland\u00ae Paris: Mehrtageskarte<\/h1>\n<h2><a href=\"https:\/\/www.tiqets.com\/de\/marne-la-vallee-sehenswuerdigkeiten-c702\/tickets-fur-disneyland-r-paris-mehrtageskarte-p987311\/?partner=paristouristinformation&amp;tq_campaign=ParisDeDisneylandParisMultiGttd\" target=\"_blank\" rel=\"nofollow noopener\" style=\"outline: none;\">Zur Buchung<\/a><\/h2>\n<h1><a href=\"https:\/\/www.tiqets.com\/de\/marne-la-vallee-sehenswuerdigkeiten-c702\/tickets-fur-disneyland-r-paris-mehrtageskarte-p987311\/?partner=paristouristinformation&amp;tq_campaign=ParisDeDisneylandParisMultiGttd\" target=\"_blank\" rel=\"nofollow noopener\" style=\"outline: none;\" spellcheck=\"false\"><span style=\"font-weight: normal;\">Ab <\/span>158,00 \u20ac<\/a><\/h1>\n<p data-pm-slice=\"0 0 []\">Mit der&nbsp;<strong>Disneyland\u00ae Paris Mehrtageskarte&nbsp;<\/strong>k\u00f6nnen Sie die 2 Parks im Disneyland\u00ae Paris f\u00fcr <strong>2, 3 oder 4 magische Tage <\/strong>erkunden, so dass Sie Zeit haben, ikonische Attraktionen, Shows, Charaktere und L\u00e4nder in einem entspannten Tempo zu genie\u00dfen. Treffen Sie geliebte Disney-Figuren, erleben Sie spannende Attraktionen und tauchen Sie ein in die bezaubernde Welt von Disney.<\/p>\n<ul>\n<li style=\"\"><span>Sorgf\u00e4ltig ausgew\u00e4hltes Ticket<\/span><\/li>\n<li style=\"\"><span>Mobiles Ticket oder gedruckter Gutschein akzeptiert<\/span><\/li>\n<li style=\"\">                    <span>Sofortige Best\u00e4tigung<\/span><\/li>\n<li style=\"\"><span>Kostenlose Stornierung<\/span><\/li>\n<\/ul>\n<h2>Inbegriffen<\/h2>\n<ul>\n<li style=\"\">                    <span>2-Park-Eintritt (1, 2, 3 oder 4 Tage, je nach Auswahl)<\/span><\/li>\n<\/ul>\n<h2>Nicht inbegriffen<\/h2>\n<ul>\n<li style=\"\"><span>Schneller Zugang am Eingang<\/span><\/li>\n<li style=\"\"><span>Schneller Zugang zu den Attraktionen<\/span><\/li>\n<li><span>Parken<\/span><\/li>\n<li><span>Mahlzeiten und Getr\u00e4nke<\/span><\/li>\n<\/ul>\n<h2>Wichtige Informationen<\/h2>\n<ul>\n<li style=\"\"><span>Tickets sind pers\u00f6nlich und nicht \u00fcbertragbar; es k\u00f6nnen Ausweiskontrollen anfallen. Bringen Sie einen g\u00fcltigen Lichtbildausweis mit.<\/span><\/li>\n<li><span>Die \u00d6ffnungszeiten des Parks k\u00f6nnen variieren; bitte \u00fcberpr\u00fcfen Sie vor Ihrem Besuch die offizielle Website.<\/span><\/li>\n<li><span>Bestimmte Attraktionen werden m\u00f6glicherweise gewartet.<\/span><\/li>\n<li><span>Bewahren Sie dieses Ticket f\u00fcr den Wiedereintritt am selben Tag oder f\u00fcr den Wechsel zwischen den Parks auf.<\/span><\/li>\n<li><span>Kinder unter 12 Jahren m\u00fcssen von einem Erwachsenen begleitet werden.<\/span><\/li>\n<li><span>Geeignet f\u00fcr Rollstuhlfahrer.<\/span><\/li>\n<li><span>Beim ersten Eintritt wird ein Foto aufgenommen und mit dem Disneyland\u00ae Paris Multiday Ticket f\u00fcr Erwachsene verkn\u00fcpft, um betr\u00fcgerische Wiedereintritte zu verhindern und den G\u00e4stezugang zu \u00fcberpr\u00fcfen<\/span><\/li>\n<li><span>Eine Registrierung auf der Plattform Disneyland\u00ae Paris ist nicht erforderlich<\/span><\/li>\n<li><span>Tickets ohne offizielle Disneyland Paris Seriennummer sind ung\u00fcltig.<\/span><\/li>\n<li><span>Behalten Sie Ihr Ticket, um die Parks wieder zu betreten oder am selben Tag zwischen beiden Parks zu wechseln.<\/span><\/li>\n<\/ul>\n<h2>Beschreibung:<\/h2>\n<p data-pm-slice=\"1 1 []\">Erleben Sie die Magie auf Ihre Weise mit dieser&nbsp;<strong>Disneyland\u00ae Paris Mehrtageskarte<\/strong>, das f\u00fcr Reisende entwickelt wurde, die Zeit zum Erkunden ohne Eile haben m\u00f6chten. Wandern Sie durch f\u00fcnf immersive L\u00e4nder, <strong>treffen Sie geliebte Disney<\/strong>&#8211;<strong>Figuren<\/strong> und genie\u00dfen Sie weltber\u00fchmte Attraktionen wie Fluch der Karibik und Star Tours.<\/p>\n<p data-pm-slice=\"1 1 []\">Mit dem <strong>Zugang zu beiden Parks \u00fcber mehrere Tage <\/strong>hinweg k\u00f6nnen Sie aufregende Fahrgesch\u00e4fte, Live-Shows, Paraden und entspannte Momente rund um <strong>Dornr\u00f6schenschloss in <\/strong>Einklang bringen.<\/p>\n<h2>H\u00f6hepunkte:<\/h2>\n<ul>\n<li dir=\"ltr\">Besuchen Sie Disneyland\u00ae Park und Walt Disney Studios\u00ae f\u00fcr ein komplettes Disney-Erlebnis.<\/li>\n<li dir=\"ltr\">Genie\u00dfen Sie \u00fcber 50 Attraktionen in Themenl\u00e4ndern<\/li>\n<li dir=\"ltr\">Besuchen Sie ikonische Orte wie Dornr\u00f6schenschloss<\/li>\n<li dir=\"ltr\">Wechseln Sie frei zwischen beiden Parks am selben Tag<\/li>\n<li dir=\"ltr\">Perfekt f\u00fcr Nervenkitzelsuchende, sanfte Abenteurer und Disney-Fans jeden Alters.<\/li>\n<\/ul>\n<h2>Disneyland Paris<\/h2>\n<p dir=\"ltr\">Bd de Parc, 77700 Coupvray, Frankreich<\/p>\n<h2>Stornierungsrichtlinien<\/h2>\n<p dir=\"ltr\">Stornieren Sie bis zu 72 Stunden vor Beginn des Erlebnisses und erhalten Sie eine vollst\u00e4ndige R\u00fcckerstattung.<\/p>\n<h2>Treffpunkt &amp; Anleitung<\/h2>\n<p dir=\"ltr\">Pr\u00e4sentieren Sie Ihren mobilen Gutschein mit einem g\u00fcltigen Lichtbildausweis im Disneyland\u00ae Paris, in Bd de Parc, 77700 Coupvray, Frankreich.<\/p>\n<p><a href=\"https:\/\/www.google.com\/maps\/place\/Disneyland+Paris\/@48.8673317,2.7833425,18.46z\/data=!4m6!3m5!1s0x47e61d19ca7ae2bd:0x57faf8cb6310e660!8m2!3d48.8673858!4d2.783593!16s%2Fg%2F1211qgxn?entry=tts&amp;g_ep=EgoyMDI0MDUyNy4yKgBIAVAD\" style=\"outline: none;\" data-lt-tmp-id=\"lt-493778\" spellcheck=\"false\" target=\"_blank\" rel=\"nofollow noopener\">In Karten \u00f6ffnen<\/a><\/p>\n<h2>Bewertungen<\/h2>\n<p><strong>4.6\/5 <\/strong><strong>(1.325 Bewertungen)<\/strong><\/p>\n<p dir=\"ltr\"><em>&#8222;Einfach zu bedienen. Disneyland-Tickets werden einfach in ihre iPhone-App geladen, um sie im Park zu verwenden. W\u00fcrde es wieder benutzen.&#8220;<\/em> Julie, M\u00e4rz 2025<\/p>\n<p dir=\"ltr\"><em>&#8222;Wow wow wow!!! Das zweite Mal, dass wir an diesem gl\u00fccklichsten Ort der Welt ankamen !! Wenn nur die Linien nicht so lang w\u00e4ren, w\u00e4re es perfekt gewesen, aber trotzdem war es fast perfekt !!!&#8220;<\/em> Anat, Oktober 2024<\/p>\n<p dir=\"ltr\"><em>&#8222;Ausgezeichnet! Ich konnte die Tickets zu meinem Disney-Konto und dann zu meiner iPhone-Brieftasche hinzuf\u00fcgen, so dass es sehr einfach war, in und aus den Parks zu scannen! Sehr zu empfehlen&#8220; <\/em>Kirsteen, September 2024 <a href=\"https:\/\/www.tiqets.com\/de\/marne-la-vallee-sehenswuerdigkeiten-c702\/tickets-fur-disneyland-r-paris-mehrtageskarte-p987311\/?partner=paristouristinformation&amp;tq_campaign=ParisDeDisneylandParisMultiGttd\" target=\"_blank\" rel=\"nofollow noopener\" data-lt-tmp-id=\"lt-347482\" spellcheck=\"false\" style=\"outline: none;\">&gt;&gt; Weitere Bewertungen anzeigen<\/a><\/p>\n<h2>Weitere Aktivit\u00e4ten, die Ihnen gefallen k\u00f6nnten<\/h2>\n<p><span>#2<\/span><span>#2<\/span><span><img decoding=\"async\" alt=\"\" data-id=\"14385\" width=\"159\" data-init-width=\"1550\" height=\"119\" data-init-height=\"1156\" title=\"Disneyland\u00ae Paris Mehrtagesticket\" loading=\"lazy\" src=\"https:\/\/www.paristouristinformation.fr\/de\/wp-content\/uploads\/2026\/01\/Disneyland\u00ae-Paris-Multi-day-Ticket.png\" data-width=\"159\" data-height=\"119\" style=\"aspect-ratio: auto 1550 \/ 1156;\"><\/span><\/p>\n<table>\n<tbody>\n<tr>\n<td><a href=\"https:\/\/www.tiqets.com\/de\/marne-la-vallee-attractions-c702\/tickets-for-disneyland-paris-single-day-ticket-p975463\/?partner=paristouristinformation&amp;tq_campaign=ParisDeDisneylandParisMultiGttd2\" target=\"_blank\" rel=\"nofollow noopener\" style=\"outline: none;\" spellcheck=\"false\">Disneyland\u00ae Paris: 1 Parkticket<\/a><\/td>\n<\/tr>\n<\/tbody>\n<\/table>\n<p dir=\"ltr\">Erleben Sie die Magie von Disneyland\u00ae Paris mit einer Eintrittskarte f\u00fcr 1 Park! W\u00e4hlen Sie zwischen dem Eintritt in den Disneyland\u00ae Park oder die Walt Disney Studios\u00ae.<\/p>\n<h3 style=\"\">Gesamtpreis<\/h3>\n<h3 style=\"\">Ihr Konto wird noch nicht belastet<\/h3>\n<p><span>#2<\/span><span><img decoding=\"async\" alt=\"\" data-id=\"13808\" width=\"159\" data-init-width=\"1600\" height=\"159\" data-init-height=\"1600\" title=\"Disneyland\u00ae Paris - Eintritt + Transport von Paris\" loading=\"lazy\" src=\"https:\/\/paristouristinformation.fr\/wp-content\/uploads\/2024\/09\/Disneyland\u00ae-Paris-Admission-Transport-from-Paris.avif\" data-width=\"159\" data-height=\"159\" style=\"aspect-ratio: auto 1600 \/ 1600;\"><\/span><\/p>\n<table>\n<tbody>\n<tr>\n<td><a href=\"https:\/\/www.tiqets.com\/de\/paris-sehenswuerdigkeiten-c66746\/tickets-fur-disneyland-r-paris-ticket-shuttlebus-ab-paris-p1064673\/?partner=paristouristinformation&amp;tq_campaign=ParisDeDisneylandParisMultiGttd3\" target=\"_blank\" rel=\"nofollow noopener\" style=\"outline: none;\" data-lt-tmp-id=\"lt-472121\" spellcheck=\"false\">Disneyland\u00ae Paris: Ticket + Shuttle-Transport von Paris<\/a><\/td>\n<\/tr>\n<\/tbody>\n<\/table>\n<p>Erleben Sie die Magie von Disneyland\u00ae Paris mit dem m\u00fchelosen Hin- und R\u00fccktransport von Paris aus und tauchen Sie direkt in einen Tag voller Abenteuer und Zauber in einem oder beiden Disney\u00ae Parks ein.<\/p>\n<h3 style=\"\">Gesamtpreis<\/h3>\n<h3 style=\"\">Ihr Konto wird noch nicht belastet<\/h3>\n<\/p>\n<h2><a href=\"https:\/\/www.tiqets.com\/de\/marne-la-vallee-sehenswuerdigkeiten-c702\/tickets-fur-disneyland-r-paris-mehrtageskarte-p987311\/?partner=paristouristinformation&amp;tq_campaign=ParisDeDisneylandParisMultiGttd\" target=\"_blank\" rel=\"nofollow noopener\" style=\"outline: none;\" spellcheck=\"false\">Zur Buchung<\/a><span style=\"font-weight: normal;\"><\/span><\/h2>\n<p><strong style=\"outline: currentcolor;\"><a href=\"https:\/\/www.tiqets.com\/de\/marne-la-vallee-sehenswuerdigkeiten-c702\/tickets-fur-disneyland-r-paris-mehrtageskarte-p987311\/?partner=paristouristinformation&amp;tq_campaign=ParisDeDisneylandParisMultiGttd\" target=\"_blank\" rel=\"nofollow noopener\" spellcheck=\"false\" style=\"outline: none;\"><span style=\"font-weight: normal;\">Ab <\/span>158,00 \u20ac<\/a><\/strong><\/p>\n<p style=\"\">Ihr Konto wird noch nicht belastet<\/p>\n","protected":false},"excerpt":{"rendered":"<p>Disneyland\u00ae Paris: Mehrtageskarte Zur Buchung Ab 158,00 \u20ac Mit der&nbsp;Disneyland\u00ae Paris Mehrtageskarte&nbsp;k\u00f6nnen Sie die 2 Parks im Disneyland\u00ae Paris f\u00fcr 2, 3 oder 4 magische Tage erkunden, so dass Sie Zeit haben, ikonische Attraktionen, Shows, Charaktere und L\u00e4nder in einem entspannten Tempo zu genie\u00dfen. Treffen Sie geliebte Disney-Figuren, erleben Sie spannende Attraktionen und tauchen Sie [&hellip;]<\/p>\n","protected":false},"author":10,"featured_media":14865,"parent":0,"menu_order":0,"comment_status":"closed","ping_status":"closed","template":"","meta":{"footnotes":""},"tags":[69],"class_list":["post-14864","page","type-page","status-publish","has-post-thumbnail","hentry","tag-sales-pages","post-wrapper","thrv_wrapper"],"wp-worthy-pixel":{"ignored":false,"public":null,"server":null,"url":null},"wp-worthy-type":"normal","_links":{"self":[{"href":"https:\/\/www.paristouristinformation.fr\/de\/wp-json\/wp\/v2\/pages\/14864","targetHints":{"allow":["GET"]}}],"collection":[{"href":"https:\/\/www.paristouristinformation.fr\/de\/wp-json\/wp\/v2\/pages"}],"about":[{"href":"https:\/\/www.paristouristinformation.fr\/de\/wp-json\/wp\/v2\/types\/page"}],"author":[{"embeddable":true,"href":"https:\/\/www.paristouristinformation.fr\/de\/wp-json\/wp\/v2\/users\/10"}],"replies":[{"embeddable":true,"href":"https:\/\/www.paristouristinformation.fr\/de\/wp-json\/wp\/v2\/comments?post=14864"}],"version-history":[{"count":9,"href":"https:\/\/www.paristouristinformation.fr\/de\/wp-json\/wp\/v2\/pages\/14864\/revisions"}],"predecessor-version":[{"id":15061,"href":"https:\/\/www.paristouristinformation.fr\/de\/wp-json\/wp\/v2\/pages\/14864\/revisions\/15061"}],"wp:featuredmedia":[{"embeddable":true,"href":"https:\/\/www.paristouristinformation.fr\/de\/wp-json\/wp\/v2\/media\/14865"}],"wp:attachment":[{"href":"https:\/\/www.paristouristinformation.fr\/de\/wp-json\/wp\/v2\/media?parent=14864"}],"wp:term":[{"taxonomy":"post_tag","embeddable":true,"href":"https:\/\/www.paristouristinformation.fr\/de\/wp-json\/wp\/v2\/tags?post=14864"}],"curies":[{"name":"wp","href":"https:\/\/api.w.org\/{rel}","templated":true}]}}