{"id":14884,"date":"2026-02-04T07:28:30","date_gmt":"2026-02-04T07:28:30","guid":{"rendered":"https:\/\/www.paristouristinformation.fr\/de\/?page_id=14884"},"modified":"2026-02-04T07:32:20","modified_gmt":"2026-02-04T07:32:20","slug":"tickets-fur-moulin-rouge-show-abendessen","status":"publish","type":"page","link":"https:\/\/www.paristouristinformation.fr\/de\/tickets-fur-moulin-rouge-show-abendessen\/","title":{"rendered":"Tickets f\u00fcr Moulin Rouge Show + Abendessen"},"content":{"rendered":"<p><span><img decoding=\"async\" alt=\"\" data-id=\"13441\" width=\"1838\" height=\"1086\" title=\"Moulin Rouge Cabaret Show Ticket mit Champagner 1\" src=\"https:\/\/www.paristouristinformation.fr\/de\/wp-content\/uploads\/2026\/01\/Moulin-Rouge-Cabaret-Show-Ticket-with-Champagne-1-1024x605-1.png\" data-src=\"https:\/\/www.paristouristinformation.fr\/de\/wp-content\/uploads\/2026\/01\/Moulin-Rouge-Cabaret-Show-Ticket-with-Champagne-1-300x177-1.png\" loading=\"lazy\" data-sizes=\"{&quot;thumbnail&quot;:{&quot;url&quot;:&quot;https:\/\/www.paristouristinformation.fr\/de\/wp-content\/uploads\/2026\/01\/Moulin-Rouge-Cabaret-Show-Ticket-with-Champagne-1-333x205-1.png&quot;,&quot;height&quot;:205,&quot;width&quot;:333,&quot;orientation&quot;:&quot;landscape&quot;},&quot;medium&quot;:{&quot;url&quot;:&quot;https:\/\/www.paristouristinformation.fr\/de\/wp-content\/uploads\/2026\/01\/Moulin-Rouge-Cabaret-Show-Ticket-with-Champagne-1-300x177-1.png&quot;,&quot;height&quot;:177,&quot;width&quot;:300,&quot;orientation&quot;:&quot;landscape&quot;},&quot;large&quot;:{&quot;url&quot;:&quot;https:\/\/www.paristouristinformation.fr\/de\/wp-content\/uploads\/2026\/01\/Moulin-Rouge-Cabaret-Show-Ticket-with-Champagne-1-1024x605-1.png&quot;,&quot;height&quot;:605,&quot;width&quot;:1024,&quot;orientation&quot;:&quot;landscape&quot;},&quot;full&quot;:{&quot;url&quot;:&quot;https:\/\/www.paristouristinformation.fr\/de\/wp-content\/uploads\/2026\/01\/Moulin-Rouge-Cabaret-Show-Ticket-with-Champagne-1.png&quot;,&quot;height&quot;:1086,&quot;width&quot;:1838,&quot;orientation&quot;:&quot;landscape&quot;},&quot;1536x1536&quot;:{&quot;url&quot;:&quot;https:\/\/www.paristouristinformation.fr\/de\/wp-content\/uploads\/2026\/01\/Moulin-Rouge-Cabaret-Show-Ticket-with-Champagne-1-1536x908-1.png&quot;,&quot;height&quot;:908,&quot;width&quot;:1536,&quot;orientation&quot;:&quot;landscape&quot;}}\"><\/span><span><img decoding=\"async\" alt=\"\" data-id=\"14369\" width=\"1200\" height=\"750\" title=\"Moulin Rouge SHow und Abendessen\" src=\"https:\/\/paristouristinformation.fr\/wp-content\/uploads\/2024\/11\/Moulin-Rouge-SHow-and-Dinner-1024x640.avif\" data-src=\"https:\/\/paristouristinformation.fr\/wp-content\/uploads\/2024\/11\/Moulin-Rouge-SHow-and-Dinner-300x188.avif\" loading=\"lazy\" data-sizes=\"{&quot;thumbnail&quot;:{&quot;url&quot;:&quot;https:\/\/paristouristinformation.fr\/wp-content\/uploads\/2024\/11\/Moulin-Rouge-SHow-and-Dinner-333x205.avif&quot;,&quot;height&quot;:205,&quot;width&quot;:333,&quot;orientation&quot;:&quot;landscape&quot;},&quot;medium&quot;:{&quot;url&quot;:&quot;https:\/\/paristouristinformation.fr\/wp-content\/uploads\/2024\/11\/Moulin-Rouge-SHow-and-Dinner-300x188.avif&quot;,&quot;height&quot;:188,&quot;width&quot;:300,&quot;orientation&quot;:&quot;landscape&quot;},&quot;large&quot;:{&quot;url&quot;:&quot;https:\/\/paristouristinformation.fr\/wp-content\/uploads\/2024\/11\/Moulin-Rouge-SHow-and-Dinner-1024x640.avif&quot;,&quot;height&quot;:640,&quot;width&quot;:1024,&quot;orientation&quot;:&quot;landscape&quot;},&quot;full&quot;:{&quot;url&quot;:&quot;https:\/\/paristouristinformation.fr\/wp-content\/uploads\/2024\/11\/Moulin-Rouge-SHow-and-Dinner.avif&quot;,&quot;height&quot;:750,&quot;width&quot;:1200,&quot;orientation&quot;:&quot;landscape&quot;}}\"><\/span><span><img decoding=\"async\" alt=\"\" data-id=\"13442\" width=\"1676\" height=\"1078\" title=\"Moulin Rouge Cabaret Show Ticket mit Champagner 6\" src=\"https:\/\/www.paristouristinformation.fr\/de\/wp-content\/uploads\/2026\/01\/Moulin-Rouge-Cabaret-Show-Ticket-with-Champagne-6-1024x659-1.png\" data-src=\"https:\/\/www.paristouristinformation.fr\/de\/wp-content\/uploads\/2026\/01\/Moulin-Rouge-Cabaret-Show-Ticket-with-Champagne-6-300x193-1.png\" loading=\"lazy\" data-sizes=\"{&quot;thumbnail&quot;:{&quot;url&quot;:&quot;https:\/\/www.paristouristinformation.fr\/de\/wp-content\/uploads\/2026\/01\/Moulin-Rouge-Cabaret-Show-Ticket-with-Champagne-6-333x205-1.png&quot;,&quot;height&quot;:205,&quot;width&quot;:333,&quot;orientation&quot;:&quot;landscape&quot;},&quot;medium&quot;:{&quot;url&quot;:&quot;https:\/\/www.paristouristinformation.fr\/de\/wp-content\/uploads\/2026\/01\/Moulin-Rouge-Cabaret-Show-Ticket-with-Champagne-6-300x193-1.png&quot;,&quot;height&quot;:193,&quot;width&quot;:300,&quot;orientation&quot;:&quot;landscape&quot;},&quot;large&quot;:{&quot;url&quot;:&quot;https:\/\/www.paristouristinformation.fr\/de\/wp-content\/uploads\/2026\/01\/Moulin-Rouge-Cabaret-Show-Ticket-with-Champagne-6-1024x659-1.png&quot;,&quot;height&quot;:659,&quot;width&quot;:1024,&quot;orientation&quot;:&quot;landscape&quot;},&quot;full&quot;:{&quot;url&quot;:&quot;https:\/\/www.paristouristinformation.fr\/de\/wp-content\/uploads\/2026\/01\/Moulin-Rouge-Cabaret-Show-Ticket-with-Champagne-6.png&quot;,&quot;height&quot;:1078,&quot;width&quot;:1676,&quot;orientation&quot;:&quot;landscape&quot;},&quot;1536x1536&quot;:{&quot;url&quot;:&quot;https:\/\/www.paristouristinformation.fr\/de\/wp-content\/uploads\/2026\/01\/Moulin-Rouge-Cabaret-Show-Ticket-with-Champagne-6-1536x988-1.png&quot;,&quot;height&quot;:988,&quot;width&quot;:1536,&quot;orientation&quot;:&quot;landscape&quot;}}\"><\/span><span><img decoding=\"async\" alt=\"\" data-id=\"13443\" width=\"1596\" height=\"1060\" title=\"Moulin Rouge Cabaret Show Ticket mit Champagner 2\" src=\"https:\/\/www.paristouristinformation.fr\/de\/wp-content\/uploads\/2026\/01\/Moulin-Rouge-Cabaret-Show-Ticket-with-Champagne-2-1024x680-1.png\" data-src=\"https:\/\/www.paristouristinformation.fr\/de\/wp-content\/uploads\/2026\/01\/Moulin-Rouge-Cabaret-Show-Ticket-with-Champagne-2-300x199-1.png\" loading=\"lazy\" data-sizes=\"{&quot;thumbnail&quot;:{&quot;url&quot;:&quot;https:\/\/www.paristouristinformation.fr\/de\/wp-content\/uploads\/2026\/01\/Moulin-Rouge-Cabaret-Show-Ticket-with-Champagne-2-333x205-1.png&quot;,&quot;height&quot;:205,&quot;width&quot;:333,&quot;orientation&quot;:&quot;landscape&quot;},&quot;medium&quot;:{&quot;url&quot;:&quot;https:\/\/www.paristouristinformation.fr\/de\/wp-content\/uploads\/2026\/01\/Moulin-Rouge-Cabaret-Show-Ticket-with-Champagne-2-300x199-1.png&quot;,&quot;height&quot;:199,&quot;width&quot;:300,&quot;orientation&quot;:&quot;landscape&quot;},&quot;large&quot;:{&quot;url&quot;:&quot;https:\/\/www.paristouristinformation.fr\/de\/wp-content\/uploads\/2026\/01\/Moulin-Rouge-Cabaret-Show-Ticket-with-Champagne-2-1024x680-1.png&quot;,&quot;height&quot;:680,&quot;width&quot;:1024,&quot;orientation&quot;:&quot;landscape&quot;},&quot;full&quot;:{&quot;url&quot;:&quot;https:\/\/www.paristouristinformation.fr\/de\/wp-content\/uploads\/2026\/01\/Moulin-Rouge-Cabaret-Show-Ticket-with-Champagne-2.png&quot;,&quot;height&quot;:1060,&quot;width&quot;:1596,&quot;orientation&quot;:&quot;landscape&quot;},&quot;1536x1536&quot;:{&quot;url&quot;:&quot;https:\/\/www.paristouristinformation.fr\/de\/wp-content\/uploads\/2026\/01\/Moulin-Rouge-Cabaret-Show-Ticket-with-Champagne-2-1536x1020-1.png&quot;,&quot;height&quot;:1020,&quot;width&quot;:1536,&quot;orientation&quot;:&quot;landscape&quot;}}\"><\/span><\/p>\n<h1>Moulin Rouge: Show + Abendessen<\/h1>\n<h2><a href=\"https:\/\/www.tiqets.com\/de\/things-to-do-in-paris-c66746\/tickets-for-moulin-rouge-p983815\/?partner=paristouristinformation&amp;tq_campaign=ParisDeMoulinRougeDinnerGttd\" target=\"_blank\" rel=\"nofollow noopener\" style=\"outline: none;\">Zur Buchung<\/a><\/h2>\n<h1><a href=\"https:\/\/www.tiqets.com\/de\/things-to-do-in-paris-c66746\/tickets-for-moulin-rouge-p983815\/?partner=paristouristinformation&amp;tq_campaign=ParisDeMoulinRougeDinnerGttd\" target=\"_blank\" rel=\"nofollow noopener\" style=\"outline: none;\" spellcheck=\"false\"><span style=\"font-weight: normal;\">Ab 255,00<\/span><strong> \u20ac<\/strong><\/a><\/h1>\n<p dir=\"ltr\">Erleben Sie einen <strong>unvergesslichen<\/strong> <strong>Abend<\/strong> i<strong>m Moulin Rouge,<\/strong> dem weltber\u00fchmtem Kabarett von Paris. Genie\u00dfen Sie ein dekadentes <strong>Abendessen<\/strong>, begleitet von <strong>Live-Orchestermusik, <\/strong>gefolgt von der schillernden <strong>F\u00e9erie-Show<\/strong> mit spektakul\u00e4ren Kost\u00fcmen, atemberaubenden Darbietungen und zeitlosem Pariser Charme.<\/p>\n<ul>\n<li style=\"\"><span>Sorgf\u00e4ltig ausgew\u00e4hltes Ticket<\/span><\/li>\n<li style=\"\">                    <span>Gedruckter Gutschein erforderlich<\/span><\/li>\n<li style=\"\"><span>Dauer 4 Stunden<\/span><\/li>\n<li><span>Abendessen inklusive<\/span><\/li>\n<li style=\"\"><span>Nicht stornierter<\/span><\/li>\n<\/ul>\n<h2>Inbegriffen<\/h2>\n<ul>\n<li style=\"\">                    <span>Zugang zur Moulin Rouge Show um 21:00 Uhr<\/span><\/li>\n<li style=\"\">                    <span>Abendessen um 19:00 Uhr in Begleitung des Moulin Rouge Orchesters<\/span><\/li>\n<\/ul>\n<h2>Nicht inbegriffen<\/h2>\n<ul>\n<li style=\"\"><span>Erinnerungsfotos von einem professionellen Fotografen<\/span><\/li>\n<\/ul>\n<h2>Wichtige Informationen<\/h2>\n<ul>\n<li style=\"\"><span><strong>Kleiderordnung: <\/strong>Elegante Kleidung ist erforderlich; keine Shorts, Flip-Flops, Sportbekleidung oder Turnschuhe.<\/span><\/li>\n<li><span><strong>Sicherheitskontrollen: <\/strong>Taschen sind nicht erlaubt, und alle G\u00e4ste m\u00fcssen durch die Sicherheitskontrolle gehen.<\/span><\/li>\n<li><span><strong>Fotografie: <\/strong>Das Aufzeichnen oder Fotografieren ist w\u00e4hrend der Show verboten.<\/span><\/li>\n<li><span><strong>Men\u00fc: <\/strong>F\u00fcr alle Tickets in einer Buchung muss das gleiche Men\u00fc ausgew\u00e4hlt werden.<\/span><\/li>\n<li><span><strong>Keine Haustiere: <\/strong>Nur lizenzierte Diensthunde sind erlaubt.<\/span><\/li>\n<\/ul>\n<h2>Beschreibung:<\/h2>\n<p>Betreten Sie das legend\u00e4re Moulin Rouge und tauchen Sie ein in eine fesselnde Nacht mit franz\u00f6sischem Kabarett. Beginnen Sie mit einem <strong>k\u00f6stlichen Abendessen, das von Live-Musik begleitet wird, <\/strong>bevor Sie die <strong>ber\u00fchmte F\u00e4erie-Show <\/strong>genie\u00dfen. Erleben Sie schillernde Kost\u00fcme, bezaubernde Kulissen und eine Reise durch die Geschichte von Paris, alles im Herzen von Montmartre.<\/p>\n<h2>H\u00f6hepunkte:<\/h2>\n<ul>\n<li dir=\"ltr\"><strong>Erleben Sie die <\/strong><strong>weltber\u00fchmte F\u00e9erie-Show <\/strong>mit 1.000 Kost\u00fcmen<strong>, <\/strong>die mit Federn, Strasssteinen und Pailletten geschm\u00fcckt sind.<\/li>\n<li dir=\"ltr\"><strong>G\u00f6nnen Sie sich <\/strong>ein <strong>Gourmet-Dinner<\/strong>, das vom Moulin Rouge-Orchester begleitet wird.<\/li>\n<li dir=\"ltr\"><strong>Reisen Sie durch die Zeit <\/strong>mit phantasievollen Darbietungen, die an die reiche Geschichte von Paris erinnern.<\/li>\n<li dir=\"ltr\"><strong>Erkunden Sie aufwendige Sets, <\/strong>von einem Piratenschiff in Indonesien bis hin zu einem gesch\u00e4ftigen Wanderzirkus.<\/li>\n<\/ul>\n<h2>Moulin Rouge<\/h2>\n<p dir=\"ltr\">82 Boulevard de Clichy, Paris<\/p>\n<h2>Stornierungsrichtlinien<\/h2>\n<p dir=\"ltr\">Tickets f\u00fcr die Kabarettshow Moulin Rouge sind nicht stornierbar und k\u00f6nnen nicht umgetauscht werden.<\/p>\n<h2>Treffpunkt &amp; Anleitung<\/h2>\n<p dir=\"ltr\">Legen Sie Ihren Smartphone-Gutschein und einen g\u00fcltigen Ausweis an der Kasse vor, um Ihr Papierticket abzuholen. Kommen Sie mindestens 30 Minuten vor der Vorstellungszeit zur Sicherheitskontrolle an.<\/p>\n<p><a href=\"https:\/\/www.google.com\/maps\/place\/Moulin+Rouge\/@48.8841267,2.329677,17z\/data=!3m2!4b1!5s0x47e66e4eff4a3311:0x290e821789a4719e!4m6!3m5!1s0x47e66e4eff6f0c89:0xf44e90af87482111!8m2!3d48.8841232!4d2.3322519!16zL20vMGJ4Y2g?entry=ttu&amp;g_ep=EgoyMDI0MDgyMS4wIKXMDSoASAFQAw%3D%3D\" target=\"_blank\" rel=\"nofollow noopener\" style=\"outline: none;\" data-lt-tmp-id=\"lt-34536\" spellcheck=\"false\">In Karten \u00f6ffnen<\/a><\/p>\n<h2>Bewertungen&nbsp;<\/h2>\n<p><strong>4,8\/5 <\/strong><strong>(190 Bewertungen)<\/strong><\/p>\n<p dir=\"ltr\"><em>&#8222;<\/em>Abendessen und Champagner auf dem H\u00f6hepunkt des guten franz\u00f6sischen Geschmacks und eine schillernde Show<em>&#8220; <\/em><a href=\"https:\/\/www.tiqets.com\/de\/things-to-do-in-paris-c66746\/tickets-for-moulin-rouge-p983815\/?partner=paristouristinformation&amp;tq_campaign=ParisDeMoulinRougeDinnerGttd\" target=\"_blank\" rel=\"nofollow noopener\" data-lt-tmp-id=\"lt-624051\" spellcheck=\"false\" style=\"outline: none;\">&gt;&gt; Weitere Bewertungen anzeigen<\/a><\/p>\n<h2>Weitere Aktivit\u00e4ten, die Ihnen gefallen k\u00f6nnten<\/h2>\n<p><span>#2<\/span><span>#2<\/span><span><img decoding=\"async\" alt=\"\" data-id=\"13435\" width=\"159\" data-init-width=\"1450\" height=\"95\" data-init-height=\"864\" title=\"Moulin Rouge Show mit Abendessen &amp; optionalem Transfer zur\u00fcck\" loading=\"lazy\" src=\"https:\/\/www.paristouristinformation.fr\/de\/wp-content\/uploads\/2026\/01\/Moulin-Rouge-Show-with-Dinner-Optional-Return-Transfer.png\" data-width=\"159\" data-height=\"95\" style=\"aspect-ratio: auto 1450 \/ 864;\"><\/span><\/p>\n<table>\n<tbody>\n<tr>\n<td><a href=\"https:\/\/www.getyourguide.com\/s?partner_id=NO9XIDE&amp;cmp=ParisDeMoulinRougeGttd-short-url&amp;et=189477&amp;lc=16\" target=\"_blank\" rel=\"nofollow noopener\" style=\"outline: none;\" spellcheck=\"false\">Moulin Rouge Show Ticket mit Champagner<\/a><\/td>\n<\/tr>\n<\/tbody>\n<\/table>\n<p dir=\"ltr\">Erleben Sie die Magie des Moulin Rouge mit einer schillernden Show. Versch\u00f6nern Sie Ihren Abend mit etwas Champagner.<\/p>\n<h3 style=\"\">Gesamtpreis<\/h3>\n<h3 style=\"\">Ihr Konto wird noch nicht belastet<\/h3>\n<p><span>#2<\/span><span><img decoding=\"async\" alt=\"\" data-id=\"13437\" width=\"159\" data-init-width=\"1530\" height=\"114\" data-init-height=\"1100\" title=\"Bildschirmfoto 26.02.2024 um 17.19.35 Uhr\" loading=\"lazy\" src=\"https:\/\/www.paristouristinformation.fr\/de\/wp-content\/uploads\/2026\/01\/Bildschirmfoto-2024-08-26-um-17.19.35.png\" data-width=\"159\" data-height=\"114\" style=\"aspect-ratio: auto 1530 \/ 1100;\"><\/span><\/p>\n<table>\n<tbody>\n<tr>\n<td><a href=\"https:\/\/www.tiqets.com\/de\/things-to-do-in-paris-c66746\/tickets-for-crazy-horse-paris-show-only-p974399\/?partner=most_amazing_places&amp;tq_campaign=ParisDeMoulinRougeGttd3\" target=\"_blank\" rel=\"nofollow noopener\" style=\"outline: none;\" spellcheck=\"false\">Crazy Horse Paris: Nur Show<\/a><\/td>\n<\/tr>\n<\/tbody>\n<\/table>\n<p>Tauchen Sie ein in die fesselnde Welt von Crazy Horse Paris mit einer unvergesslichen Show mit atemberaubenden Darbietungen und faszinierender Kunstfertigkeit.<\/p>\n<h3 style=\"\">Gesamtpreis<\/h3>\n<h3 style=\"\">Ihr Konto wird noch nicht belastet<\/h3>\n<\/p>\n<h2><a href=\"https:\/\/www.tiqets.com\/de\/things-to-do-in-paris-c66746\/tickets-for-moulin-rouge-p983815\/?partner=paristouristinformation&amp;tq_campaign=ParisDeMoulinRougeDinnerGttd\" target=\"_blank\" rel=\"nofollow noopener\" style=\"outline: none;\">Zur Buchung<\/a><\/h2>\n<p style=\"\"><a href=\"https:\/\/gyg.me\/TEtuPx8V\" target=\"_blank\" rel=\"nofollow noopener\" style=\"outline: none;\"><\/a><a href=\"https:\/\/www.tiqets.com\/de\/things-to-do-in-paris-c66746\/tickets-for-moulin-rouge-p983815\/?partner=paristouristinformation&amp;tq_campaign=ParisDeMoulinRougeDinnerGttd\" target=\"_blank\" rel=\"nofollow noopener\" style=\"outline: none;\"><span style=\"font-weight: normal;\">Ab 255,00<\/span><strong> \u20ac<\/strong><\/a><\/p>\n<p style=\"\">Ihr Konto wird noch nicht belastet<\/p>\n","protected":false},"excerpt":{"rendered":"<p>Moulin Rouge: Show + Abendessen Zur Buchung Ab 255,00 \u20ac Erleben Sie einen unvergesslichen Abend im Moulin Rouge, dem weltber\u00fchmtem Kabarett von Paris. Genie\u00dfen Sie ein dekadentes Abendessen, begleitet von Live-Orchestermusik, gefolgt von der schillernden F\u00e9erie-Show mit spektakul\u00e4ren Kost\u00fcmen, atemberaubenden Darbietungen und zeitlosem Pariser Charme. Sorgf\u00e4ltig ausgew\u00e4hltes Ticket Gedruckter Gutschein erforderlich Dauer 4 Stunden Abendessen [&hellip;]<\/p>\n","protected":false},"author":10,"featured_media":14885,"parent":0,"menu_order":0,"comment_status":"closed","ping_status":"closed","template":"","meta":{"footnotes":""},"tags":[69],"class_list":["post-14884","page","type-page","status-publish","has-post-thumbnail","hentry","tag-sales-pages","post-wrapper","thrv_wrapper"],"wp-worthy-pixel":{"ignored":false,"public":null,"server":null,"url":null},"wp-worthy-type":"normal","_links":{"self":[{"href":"https:\/\/www.paristouristinformation.fr\/de\/wp-json\/wp\/v2\/pages\/14884","targetHints":{"allow":["GET"]}}],"collection":[{"href":"https:\/\/www.paristouristinformation.fr\/de\/wp-json\/wp\/v2\/pages"}],"about":[{"href":"https:\/\/www.paristouristinformation.fr\/de\/wp-json\/wp\/v2\/types\/page"}],"author":[{"embeddable":true,"href":"https:\/\/www.paristouristinformation.fr\/de\/wp-json\/wp\/v2\/users\/10"}],"replies":[{"embeddable":true,"href":"https:\/\/www.paristouristinformation.fr\/de\/wp-json\/wp\/v2\/comments?post=14884"}],"version-history":[{"count":12,"href":"https:\/\/www.paristouristinformation.fr\/de\/wp-json\/wp\/v2\/pages\/14884\/revisions"}],"predecessor-version":[{"id":15069,"href":"https:\/\/www.paristouristinformation.fr\/de\/wp-json\/wp\/v2\/pages\/14884\/revisions\/15069"}],"wp:featuredmedia":[{"embeddable":true,"href":"https:\/\/www.paristouristinformation.fr\/de\/wp-json\/wp\/v2\/media\/14885"}],"wp:attachment":[{"href":"https:\/\/www.paristouristinformation.fr\/de\/wp-json\/wp\/v2\/media?parent=14884"}],"wp:term":[{"taxonomy":"post_tag","embeddable":true,"href":"https:\/\/www.paristouristinformation.fr\/de\/wp-json\/wp\/v2\/tags?post=14884"}],"curies":[{"name":"wp","href":"https:\/\/api.w.org\/{rel}","templated":true}]}}