{"id":14889,"date":"2026-02-13T08:36:09","date_gmt":"2026-02-13T08:36:09","guid":{"rendered":"https:\/\/www.paristouristinformation.fr\/de\/?page_id=14889"},"modified":"2026-02-13T08:36:11","modified_gmt":"2026-02-13T08:36:11","slug":"eiffelturm-tickets-2-stock-gipfel","status":"publish","type":"page","link":"https:\/\/www.paristouristinformation.fr\/de\/eiffelturm-tickets-2-stock-gipfel\/","title":{"rendered":"Eiffelturm Tickets Reservierter Eintritt + 2. Stock und Gipfeloption"},"content":{"rendered":"<p><span><img decoding=\"async\" alt=\"\" data-id=\"14099\" width=\"1600\" height=\"1600\" title=\"Eiffelturm - Zugang zum 1. und 2. Stock + Optionaler Gipfel\" src=\"https:\/\/paristouristinformation.fr\/wp-content\/uploads\/2024\/10\/Eiffel-Tower-1st-2nd-Floor-Access-Optional-Summit--1024x1024.avif\" data-src=\"https:\/\/paristouristinformation.fr\/wp-content\/uploads\/2024\/10\/Eiffel-Tower-1st-2nd-Floor-Access-Optional-Summit--300x300.avif\" loading=\"lazy\" data-sizes=\"{&quot;thumbnail&quot;:{&quot;url&quot;:&quot;https:\/\/paristouristinformation.fr\/wp-content\/uploads\/2024\/10\/Eiffel-Tower-1st-2nd-Floor-Access-Optional-Summit--333x205.avif&quot;,&quot;height&quot;:205,&quot;width&quot;:333,&quot;orientation&quot;:&quot;landscape&quot;},&quot;medium&quot;:{&quot;url&quot;:&quot;https:\/\/paristouristinformation.fr\/wp-content\/uploads\/2024\/10\/Eiffel-Tower-1st-2nd-Floor-Access-Optional-Summit--300x300.avif&quot;,&quot;height&quot;:300,&quot;width&quot;:300,&quot;orientation&quot;:&quot;landscape&quot;},&quot;large&quot;:{&quot;url&quot;:&quot;https:\/\/paristouristinformation.fr\/wp-content\/uploads\/2024\/10\/Eiffel-Tower-1st-2nd-Floor-Access-Optional-Summit--1024x1024.avif&quot;,&quot;height&quot;:1024,&quot;width&quot;:1024,&quot;orientation&quot;:&quot;landscape&quot;},&quot;full&quot;:{&quot;url&quot;:&quot;https:\/\/paristouristinformation.fr\/wp-content\/uploads\/2024\/10\/Eiffel-Tower-1st-2nd-Floor-Access-Optional-Summit-.avif&quot;,&quot;height&quot;:1600,&quot;width&quot;:1600,&quot;orientation&quot;:&quot;landscape&quot;},&quot;1536x1536&quot;:{&quot;url&quot;:&quot;https:\/\/paristouristinformation.fr\/wp-content\/uploads\/2024\/10\/Eiffel-Tower-1st-2nd-Floor-Access-Optional-Summit--1536x1536.avif&quot;,&quot;height&quot;:1536,&quot;width&quot;:1536,&quot;orientation&quot;:&quot;landscape&quot;}}\" style=\"\"><\/span><span><img decoding=\"async\" alt=\"\" data-id=\"14096\" width=\"1600\" height=\"1600\" title=\"Eiffelturm - Zugang zum 1. und 2. Stock + Optionaler Gipfel 3\" src=\"https:\/\/paristouristinformation.fr\/wp-content\/uploads\/2024\/10\/Eiffel-Tower-1st-2nd-Floor-Access-Optional-Summit-3-1024x1024.avif\" data-src=\"https:\/\/paristouristinformation.fr\/wp-content\/uploads\/2024\/10\/Eiffel-Tower-1st-2nd-Floor-Access-Optional-Summit-3-300x300.avif\" loading=\"lazy\" data-sizes=\"{&quot;thumbnail&quot;:{&quot;url&quot;:&quot;https:\/\/paristouristinformation.fr\/wp-content\/uploads\/2024\/10\/Eiffel-Tower-1st-2nd-Floor-Access-Optional-Summit-3-333x205.avif&quot;,&quot;height&quot;:205,&quot;width&quot;:333,&quot;orientation&quot;:&quot;landscape&quot;},&quot;medium&quot;:{&quot;url&quot;:&quot;https:\/\/paristouristinformation.fr\/wp-content\/uploads\/2024\/10\/Eiffel-Tower-1st-2nd-Floor-Access-Optional-Summit-3-300x300.avif&quot;,&quot;height&quot;:300,&quot;width&quot;:300,&quot;orientation&quot;:&quot;landscape&quot;},&quot;large&quot;:{&quot;url&quot;:&quot;https:\/\/paristouristinformation.fr\/wp-content\/uploads\/2024\/10\/Eiffel-Tower-1st-2nd-Floor-Access-Optional-Summit-3-1024x1024.avif&quot;,&quot;height&quot;:1024,&quot;width&quot;:1024,&quot;orientation&quot;:&quot;landscape&quot;},&quot;full&quot;:{&quot;url&quot;:&quot;https:\/\/paristouristinformation.fr\/wp-content\/uploads\/2024\/10\/Eiffel-Tower-1st-2nd-Floor-Access-Optional-Summit-3.avif&quot;,&quot;height&quot;:1600,&quot;width&quot;:1600,&quot;orientation&quot;:&quot;landscape&quot;},&quot;1536x1536&quot;:{&quot;url&quot;:&quot;https:\/\/paristouristinformation.fr\/wp-content\/uploads\/2024\/10\/Eiffel-Tower-1st-2nd-Floor-Access-Optional-Summit-3-1536x1536.avif&quot;,&quot;height&quot;:1536,&quot;width&quot;:1536,&quot;orientation&quot;:&quot;landscape&quot;}}\" style=\"\"><\/span><span><img decoding=\"async\" alt=\"Zugang zum Eiffelturm zum 1. und 2. Stock + optionaler Gipfel\" data-id=\"10160\" width=\"800\" height=\"800\" title=\"Zugang zum Eiffelturm zum 1. und 2. Stock + optionaler Gipfel\" src=\"https:\/\/www.paristouristinformation.fr\/de\/wp-content\/uploads\/2026\/01\/Tickets-for-Eiffel-Tower-Skip-The-Ticket-Line-2nd-Floor-and-Summit-Option.jpg\" data-src=\"https:\/\/www.paristouristinformation.fr\/de\/wp-content\/uploads\/2026\/01\/Tickets-for-Eiffel-Tower-Skip-The-Ticket-Line-2nd-Floor-and-Summit-Option-300x300-1.jpg\" loading=\"lazy\" data-sizes=\"{&quot;thumbnail&quot;:{&quot;url&quot;:&quot;https:\/\/www.paristouristinformation.fr\/de\/wp-content\/uploads\/2026\/01\/Tickets-for-Eiffel-Tower-Skip-The-Ticket-Line-2nd-Floor-and-Summit-Option-150x150-1.jpg&quot;,&quot;height&quot;:150,&quot;width&quot;:150,&quot;orientation&quot;:&quot;landscape&quot;},&quot;medium&quot;:{&quot;url&quot;:&quot;https:\/\/www.paristouristinformation.fr\/de\/wp-content\/uploads\/2026\/01\/Tickets-for-Eiffel-Tower-Skip-The-Ticket-Line-2nd-Floor-and-Summit-Option-300x300-1.jpg&quot;,&quot;height&quot;:300,&quot;width&quot;:300,&quot;orientation&quot;:&quot;landscape&quot;},&quot;full&quot;:{&quot;url&quot;:&quot;https:\/\/www.paristouristinformation.fr\/de\/wp-content\/uploads\/2026\/01\/Tickets-for-Eiffel-Tower-Skip-The-Ticket-Line-2nd-Floor-and-Summit-Option.jpg&quot;,&quot;height&quot;:800,&quot;width&quot;:800,&quot;orientation&quot;:&quot;landscape&quot;}}\" style=\"\"><\/span><\/p>\n<h1>Eiffelturm: Reservierter Eintritt + 2. Stock und Gipfeloption<\/h1>\n<h2><a href=\"https:\/\/www.tiqets.com\/de\/paris-sehenswuerdigkeiten-c66746\/tickets-fur-eiffelturm-reservierter-eintritt-2-stock-und-gipfeloption-p997343\/?partner=parisdetouristinformation&amp;tq_campaign=EiffelTowerOptionGttd\" target=\"_blank\" rel=\"nofollow noopener\" style=\"outline: none;\">Zur Buchung<\/a><\/h2>\n<h1><a href=\"https:\/\/www.tiqets.com\/de\/paris-sehenswuerdigkeiten-c66746\/tickets-fur-eiffelturm-reservierter-eintritt-2-stock-und-gipfeloption-p997343\/?partner=parisdetouristinformation&amp;tq_campaign=EiffelTowerOptionGttd\" target=\"_blank\" rel=\"nofollow noopener\" style=\"outline: none;\" spellcheck=\"false\"><strong>Ab 39,00 \u20ac<\/strong><\/a><\/h1>\n<p dir=\"ltr\">Erleben Sie die Magie von Paris vom legend\u00e4ren Eiffelturm aus. Erkunden Sie mit reserviertem Zugang den 1. und 2. Stock und besuchen Sie den Gipfel f\u00fcr atemberaubende Ausblicke. Perfekt f\u00fcr Reisende, die ihre Zeit maximieren m\u00f6chten.<\/p>\n<ul>\n<li style=\"\"><span>Sorgf\u00e4ltig ausgew\u00e4hltes Ticket<\/span><\/li>\n<li style=\"\"><span>Live Guide (Englisch)<\/span><\/li>\n<li style=\"\"><span>Dauer: 1:30 Stunden<\/span><\/li>\n<li style=\"\"><span>Vorrangiger Zugang<\/span><\/li>\n<\/ul>\n<h2>Inbegriffen<\/h2>\n<ul>\n<li style=\"\">                    <span>Reservierter Eintritt zum Eiffelturm<\/span><\/li>\n<li style=\"\">                    <span>Zugang zum 1. und 2. Stock<\/span><\/li>\n<li style=\"\">                    <span>Aufzugszugang<\/span><\/li>\n<li><span>Gastgeber, der Sie zur ersten Sicherheits\u00fcberpr\u00fcfung bringt<\/span><\/li>\n<li><span>Zugang zum Gipfel (falls ausgew\u00e4hlt)<\/span><\/li>\n<\/ul>\n<h2>Nicht inbegriffen<\/h2>\n<ul>\n<li style=\"\"><span>Dankbarkeit<\/span><\/li>\n<\/ul>\n<h2>Wichtige Informationen<\/h2>\n<ul>\n<li style=\"\"><span><strong>Wichtig<\/strong>: Der Summit-Zugang ist optional und muss w\u00e4hrend des Bezahlvorgangs hinzugef\u00fcgt werden.<\/span><\/li>\n<li style=\"\"><span>Treffpunkt ist im Reiseb\u00fcro Paris Trip, nicht im Eiffelturm<\/span><\/li>\n<li><span>Der Zugang zum Gipfel erfordert das Warten in der Schlange im 2. Stock<\/span><\/li>\n<li><span>Erwarten Sie m\u00f6gliche Wartezeiten von bis zu 25 Minuten w\u00e4hrend der Hochsaison<\/span><\/li>\n<li><span>Kommen Sie mindestens 15 Minuten vor Ihrer geplanten Zeit an<\/span><\/li>\n<\/ul>\n<h2>Beschreibung:<\/h2>\n<p dir=\"ltr\">Erkunden Sie Paris vom ikonischen Eiffelturm aus mit diesem <strong>Priority-Ticket.<\/strong> Beginnen Sie Ihre Reise mit einem kurzen Spaziergang und einer Einf\u00fchrung <strong>durch einen Expertenf\u00fchrer<\/strong>. Dann erklimmen Sie die <em>Iron Lady <\/em>und genie\u00dfen Sie einen Panoramablick <strong>aus dem 2. Stock.<\/strong> F\u00fcr diejenigen, die <strong>sich f\u00fcr den <\/strong><strong>Gipfel <\/strong><strong>entscheiden<\/strong>, bestaunen Sie die atemberaubende Aussicht auf die gesamte Stadt und dar\u00fcber hinaus.<\/p>\n<h2>H\u00f6hepunkte:<\/h2>\n<ul>\n<li>Genie\u00dfen Sie vorrangigen Zugang und machen Sie das Beste aus Ihrer Zeit am Eiffelturm.<\/li>\n<li>Lernen Sie faszinierende Geschichten und historische Fakten von einem erfahrenen lokalen F\u00fchrer kennen.<\/li>\n<li>Bewundern Sie die atemberaubende Aussicht sowohl vom 2. Stock als auch vom Gipfel (falls ausgew\u00e4hlt) und sehen Sie sich das historische B\u00fcro von Gustave Eiffel an.<\/li>\n<li>Genie\u00dfen Sie ein Getr\u00e4nk mit einer atemberaubenden Aussicht vom Gipfel, das Ihr unvergessliches Erlebnis vervollst\u00e4ndigt.<\/li>\n<\/ul>\n<h2>Eiffelturm<\/h2>\n<p dir=\"ltr\">Av. Gustave Eiffel, 75007 Paris<\/p>\n<h2>Stornierungsrichtlinien<\/h2>\n<p dir=\"ltr\">Tickets sind nicht erstattungsf\u00e4hig und k\u00f6nnen nicht verschoben werden.<\/p>\n<h2>Treffpunkt &amp; Anleitung<\/h2>\n<p>Gehen Sie nicht direkt zum Eiffelturm. Kommen Sie bei der Paris Trip-Reiseagentur in der N\u00e4he des Turms an, 41 Avenue de la Bourdonnais, 75007, Paris, und legen Sie Ihren Smartphone-Gutschein vor. Kommen Sie mindestens 15 Minuten zu fr\u00fch.<\/p>\n<p><a href=\"https:\/\/www.google.com\/maps\/place\/41+Av.+de+la+Bourdonnais,+75007+Paris,+Frankreich\/@48.8581667,2.2971659,17z\/data=!3m1!4b1!4m6!3m5!1s0x47e66fdfe1d1b937:0x72c6ad423efdc2c5!8m2!3d48.8581667!4d2.2997408!16s%2Fg%2F11b8v6r9qy?entry=ttu&amp;g_ep=EgoyMDI0MTAyMS4xIKXMDSoASAFQAw%3D%3D\" style=\"outline: none;\" data-lt-tmp-id=\"lt-493778\" spellcheck=\"false\" target=\"_blank\" rel=\"nofollow noopener\">In Karten \u00f6ffnen<\/a><\/p>\n<h2>Bewertungen&nbsp;<\/h2>\n<p><strong>4.4\/ 5 <\/strong><strong>(1063 Bewertungen)<\/strong><\/p>\n<p dir=\"ltr\"><em>&#8222;Der Reiseleiter war der Beste. Sie gab uns eine gute Hintergrundgeschichte \u00fcber den Eiffelturm und Informationen \u00fcber unsere Aussicht auf Sehensw\u00fcrdigkeiten w\u00e4hrend der Tour. \u00c4u\u00dferst gr\u00fcndlich, warmherzig, freundlich und professionell.&#8220;<\/em> Susan, August 2024 <a href=\"https:\/\/www.tiqets.com\/de\/paris-sehenswuerdigkeiten-c66746\/tickets-fur-eiffelturm-reservierter-eintritt-2-stock-und-gipfeloption-p997343\/?partner=parisdetouristinformation&amp;tq_campaign=EiffelTowerOptionGttd\" target=\"_blank\" rel=\"nofollow noopener\" data-lt-tmp-id=\"lt-56867\" spellcheck=\"false\" style=\"outline: none;\">&gt;&gt; Weitere Bewertungen anzeigen<\/a><\/p>\n<h2>Weitere Aktivit\u00e4ten, die Ihnen gefallen k\u00f6nnten<\/h2>\n<p><span>#2<\/span><span>#2<\/span><span><img decoding=\"async\" alt=\"\" data-id=\"14094\" width=\"159\" data-init-width=\"1185\" height=\"83\" data-init-height=\"616\" title=\"1-st\u00fcndige Seine-Kreuzfahrt + Eiffelturm\" loading=\"lazy\" src=\"https:\/\/www.paristouristinformation.fr\/de\/wp-content\/uploads\/2026\/01\/1-Hour-Seine-Cruise-Eiffel-Tower.jpg\" data-width=\"159\" data-height=\"83\" style=\"aspect-ratio: auto 1185 \/ 616;\"><\/span><\/p>\n<table>\n<tbody>\n<tr>\n<td><a href=\"https:\/\/www.getyourguide.com\/seine-river-l2601\/bateaux-parisiens-cruise-quick-entry-ticket-t193940\/?partner_id=NO9XIDE&amp;utm_medium=online_publisher&amp;cmp=ParisTiDeEiffelTowerOptionGttd2\" target=\"_blank\" rel=\"nofollow noopener\" style=\"outline: none;\" data-lt-tmp-id=\"lt-535985\" spellcheck=\"false\">Paris: 1-st\u00fcndige Seine-Kreuzfahrt ab dem Eiffelturm<\/a><\/td>\n<\/tr>\n<\/tbody>\n<\/table>\n<p>Setzen Sie die Segel auf einer 1-st\u00fcndigen Kreuzfahrt zur Seine vom Eiffelturm aus und erfahren Sie die ikonischen Wahrzeichen von Paris vom Wasser aus!<\/p>\n<h3 style=\"\">Gesamtpreis<\/h3>\n<h3 style=\"\">Ihr Konto wird noch nicht belastet<\/h3>\n<p><span>#2<\/span><span><img decoding=\"async\" alt=\"\" data-id=\"4741\" width=\"159\" data-init-width=\"1000\" height=\"106\" data-init-height=\"667\" title=\"Aufz\u00fcge des Eiffelturms in Paris in Frankreich\" loading=\"lazy\" src=\"https:\/\/www.paristouristinformation.fr\/de\/wp-content\/uploads\/2026\/01\/Elevators-of-the-Eiffel-Tower-in-paris-in-france.jpg\" data-width=\"159\" data-height=\"106\" style=\"aspect-ratio: auto 1000 \/ 667;\"><\/span><\/p>\n<table>\n<tbody>\n<tr>\n<td><a href=\"https:\/\/www.headout.com\/de\/eiffelturm-tickets\/eiffelturm-tickets-aufstieg-e-9005\/?affiliate_code=KXkQ69&amp;utm_campaign=paristideeiffeltowergttd3&amp;utm_content=link&amp;utm_medium=affiliate&amp;utm_source=most_amazing_places\" target=\"_blank\" rel=\"nofollow noopener\" style=\"outline: none;\" data-lt-tmp-id=\"lt-403391\" spellcheck=\"false\">Eiffelturm Gef\u00fchrter Aufstieg \u00fcber Treppen in den zweiten Stock<\/a><\/td>\n<\/tr>\n<\/tbody>\n<\/table>\n<p dir=\"ltr\">Erklimmen Sie den Eiffelturm mit einem F\u00fchrer f\u00fcr atemberaubende Ausblicke auf Paris und optionalen Gipfelzugang. Entspannen Sie sich dann bei einer malerischen Kreuzfahrt mit der Seine durch die ikonischen Wahrzeichen von Paris.<\/p>\n<h3 style=\"\">Gesamtpreis<\/h3>\n<h3 style=\"\">Ihr Konto wird noch nicht belastet<\/h3>\n<\/p>\n<h2><a href=\"https:\/\/www.tiqets.com\/de\/paris-sehenswuerdigkeiten-c66746\/tickets-fur-eiffelturm-reservierter-eintritt-2-stock-und-gipfeloption-p997343\/?partner=parisdetouristinformation&amp;tq_campaign=EiffelTowerOptionGttd\" target=\"_blank\" rel=\"nofollow noopener\" style=\"outline: none;\">Zur Buchung<\/a><\/h2>\n<h1><a href=\"https:\/\/www.tiqets.com\/de\/paris-sehenswuerdigkeiten-c66746\/tickets-fur-eiffelturm-reservierter-eintritt-2-stock-und-gipfeloption-p997343\/?partner=parisdetouristinformation&amp;tq_campaign=EiffelTowerOptionGttd\" target=\"_blank\" rel=\"nofollow noopener\" style=\"outline: none;\"><span style=\"font-weight: normal;\">Ab 39 \u20ac<\/span><\/a><\/h1>\n<p style=\"\">Ihr Konto wird noch nicht belastet<\/p>\n","protected":false},"excerpt":{"rendered":"<p>Eiffelturm: Reservierter Eintritt + 2. Stock und Gipfeloption Zur Buchung Ab 39,00 \u20ac Erleben Sie die Magie von Paris vom legend\u00e4ren Eiffelturm aus. Erkunden Sie mit reserviertem Zugang den 1. und 2. Stock und besuchen Sie den Gipfel f\u00fcr atemberaubende Ausblicke. Perfekt f\u00fcr Reisende, die ihre Zeit maximieren m\u00f6chten. Sorgf\u00e4ltig ausgew\u00e4hltes Ticket Live Guide (Englisch) [&hellip;]<\/p>\n","protected":false},"author":10,"featured_media":14890,"parent":0,"menu_order":0,"comment_status":"closed","ping_status":"closed","template":"","meta":{"footnotes":""},"tags":[69],"class_list":["post-14889","page","type-page","status-publish","has-post-thumbnail","hentry","tag-sales-pages","post-wrapper","thrv_wrapper"],"wp-worthy-pixel":{"ignored":false,"public":null,"server":null,"url":null},"wp-worthy-type":"normal","_links":{"self":[{"href":"https:\/\/www.paristouristinformation.fr\/de\/wp-json\/wp\/v2\/pages\/14889","targetHints":{"allow":["GET"]}}],"collection":[{"href":"https:\/\/www.paristouristinformation.fr\/de\/wp-json\/wp\/v2\/pages"}],"about":[{"href":"https:\/\/www.paristouristinformation.fr\/de\/wp-json\/wp\/v2\/types\/page"}],"author":[{"embeddable":true,"href":"https:\/\/www.paristouristinformation.fr\/de\/wp-json\/wp\/v2\/users\/10"}],"replies":[{"embeddable":true,"href":"https:\/\/www.paristouristinformation.fr\/de\/wp-json\/wp\/v2\/comments?post=14889"}],"version-history":[{"count":10,"href":"https:\/\/www.paristouristinformation.fr\/de\/wp-json\/wp\/v2\/pages\/14889\/revisions"}],"predecessor-version":[{"id":15266,"href":"https:\/\/www.paristouristinformation.fr\/de\/wp-json\/wp\/v2\/pages\/14889\/revisions\/15266"}],"wp:featuredmedia":[{"embeddable":true,"href":"https:\/\/www.paristouristinformation.fr\/de\/wp-json\/wp\/v2\/media\/14890"}],"wp:attachment":[{"href":"https:\/\/www.paristouristinformation.fr\/de\/wp-json\/wp\/v2\/media?parent=14889"}],"wp:term":[{"taxonomy":"post_tag","embeddable":true,"href":"https:\/\/www.paristouristinformation.fr\/de\/wp-json\/wp\/v2\/tags?post=14889"}],"curies":[{"name":"wp","href":"https:\/\/api.w.org\/{rel}","templated":true}]}}