{"id":14942,"date":"2026-02-13T13:30:16","date_gmt":"2026-02-13T13:30:16","guid":{"rendered":"https:\/\/www.paristouristinformation.fr\/de\/?page_id=14942"},"modified":"2026-02-13T13:32:57","modified_gmt":"2026-02-13T13:32:57","slug":"tickets-fur-musee-de-lorangerie-paris","status":"publish","type":"page","link":"https:\/\/www.paristouristinformation.fr\/de\/tickets-fur-musee-de-lorangerie-paris\/","title":{"rendered":"Tickets f\u00fcr Mus\u00e9e de l\u2019Orangerie Paris: Eintrittskarte"},"content":{"rendered":"<p><span><img decoding=\"async\" alt=\"\" data-id=\"15232\" width=\"2299\" height=\"1556\" title=\"Mus\u00e9e de l'Orangerie Tickets ota\" src=\"https:\/\/paristouristinformation.fr\/wp-content\/uploads\/2025\/05\/Musee-de-lOrangerie-Tickets-ota-1024x693.avif\" data-src=\"https:\/\/paristouristinformation.fr\/wp-content\/uploads\/2025\/05\/Musee-de-lOrangerie-Tickets-ota-300x203.avif\" loading=\"lazy\" data-sizes=\"{&quot;thumbnail&quot;:{&quot;url&quot;:&quot;https:\/\/paristouristinformation.fr\/wp-content\/uploads\/2025\/05\/Musee-de-lOrangerie-Tickets-ota-333x205.avif&quot;,&quot;height&quot;:205,&quot;width&quot;:333,&quot;orientation&quot;:&quot;landscape&quot;},&quot;medium&quot;:{&quot;url&quot;:&quot;https:\/\/paristouristinformation.fr\/wp-content\/uploads\/2025\/05\/Musee-de-lOrangerie-Tickets-ota-300x203.avif&quot;,&quot;height&quot;:203,&quot;width&quot;:300,&quot;orientation&quot;:&quot;landscape&quot;},&quot;large&quot;:{&quot;url&quot;:&quot;https:\/\/paristouristinformation.fr\/wp-content\/uploads\/2025\/05\/Musee-de-lOrangerie-Tickets-ota-1024x693.avif&quot;,&quot;height&quot;:693,&quot;width&quot;:1024,&quot;orientation&quot;:&quot;landscape&quot;},&quot;full&quot;:{&quot;url&quot;:&quot;https:\/\/paristouristinformation.fr\/wp-content\/uploads\/2025\/05\/Musee-de-lOrangerie-Tickets-ota.avif&quot;,&quot;height&quot;:1556,&quot;width&quot;:2299,&quot;orientation&quot;:&quot;landscape&quot;},&quot;1536x1536&quot;:{&quot;url&quot;:&quot;https:\/\/paristouristinformation.fr\/wp-content\/uploads\/2025\/05\/Musee-de-lOrangerie-Tickets-ota-1536x1040.avif&quot;,&quot;height&quot;:1040,&quot;width&quot;:1536,&quot;orientation&quot;:&quot;landscape&quot;},&quot;2048x2048&quot;:{&quot;url&quot;:&quot;https:\/\/paristouristinformation.fr\/wp-content\/uploads\/2025\/05\/Musee-de-lOrangerie-Tickets-ota-2048x1386.avif&quot;,&quot;height&quot;:1386,&quot;width&quot;:2048,&quot;orientation&quot;:&quot;landscape&quot;}}\"><\/span><span><img decoding=\"async\" alt=\"\" data-id=\"15231\" width=\"2335\" height=\"1556\" title=\"Mus\u00e9e de l'Orangerie Tickets ota2\" src=\"https:\/\/paristouristinformation.fr\/wp-content\/uploads\/2025\/05\/Musee-de-lOrangerie-Tickets-ota2-1024x682.avif\" data-src=\"https:\/\/paristouristinformation.fr\/wp-content\/uploads\/2025\/05\/Musee-de-lOrangerie-Tickets-ota2-300x200.avif\" loading=\"lazy\" data-sizes=\"{&quot;thumbnail&quot;:{&quot;url&quot;:&quot;https:\/\/paristouristinformation.fr\/wp-content\/uploads\/2025\/05\/Musee-de-lOrangerie-Tickets-ota2-333x205.avif&quot;,&quot;height&quot;:205,&quot;width&quot;:333,&quot;orientation&quot;:&quot;landscape&quot;},&quot;medium&quot;:{&quot;url&quot;:&quot;https:\/\/paristouristinformation.fr\/wp-content\/uploads\/2025\/05\/Musee-de-lOrangerie-Tickets-ota2-300x200.avif&quot;,&quot;height&quot;:200,&quot;width&quot;:300,&quot;orientation&quot;:&quot;landscape&quot;},&quot;large&quot;:{&quot;url&quot;:&quot;https:\/\/paristouristinformation.fr\/wp-content\/uploads\/2025\/05\/Musee-de-lOrangerie-Tickets-ota2-1024x682.avif&quot;,&quot;height&quot;:682,&quot;width&quot;:1024,&quot;orientation&quot;:&quot;landscape&quot;},&quot;full&quot;:{&quot;url&quot;:&quot;https:\/\/paristouristinformation.fr\/wp-content\/uploads\/2025\/05\/Musee-de-lOrangerie-Tickets-ota2.avif&quot;,&quot;height&quot;:1556,&quot;width&quot;:2335,&quot;orientation&quot;:&quot;landscape&quot;},&quot;1536x1536&quot;:{&quot;url&quot;:&quot;https:\/\/paristouristinformation.fr\/wp-content\/uploads\/2025\/05\/Musee-de-lOrangerie-Tickets-ota2-1536x1024.avif&quot;,&quot;height&quot;:1024,&quot;width&quot;:1536,&quot;orientation&quot;:&quot;landscape&quot;},&quot;2048x2048&quot;:{&quot;url&quot;:&quot;https:\/\/paristouristinformation.fr\/wp-content\/uploads\/2025\/05\/Musee-de-lOrangerie-Tickets-ota2-2048x1365.avif&quot;,&quot;height&quot;:1365,&quot;width&quot;:2048,&quot;orientation&quot;:&quot;landscape&quot;}}\"><\/span><span><img decoding=\"async\" alt=\"\" data-id=\"15229\" width=\"2065\" height=\"1556\" title=\"Mus\u00e9e de l'Orangerie Tickets ota4\" src=\"https:\/\/paristouristinformation.fr\/wp-content\/uploads\/2025\/05\/Musee-de-lOrangerie-Tickets-ota4-1024x772.avif\" data-src=\"https:\/\/paristouristinformation.fr\/wp-content\/uploads\/2025\/05\/Musee-de-lOrangerie-Tickets-ota4-300x226.avif\" loading=\"lazy\" data-sizes=\"{&quot;thumbnail&quot;:{&quot;url&quot;:&quot;https:\/\/paristouristinformation.fr\/wp-content\/uploads\/2025\/05\/Musee-de-lOrangerie-Tickets-ota4-333x205.avif&quot;,&quot;height&quot;:205,&quot;width&quot;:333,&quot;orientation&quot;:&quot;landscape&quot;},&quot;medium&quot;:{&quot;url&quot;:&quot;https:\/\/paristouristinformation.fr\/wp-content\/uploads\/2025\/05\/Musee-de-lOrangerie-Tickets-ota4-300x226.avif&quot;,&quot;height&quot;:226,&quot;width&quot;:300,&quot;orientation&quot;:&quot;landscape&quot;},&quot;large&quot;:{&quot;url&quot;:&quot;https:\/\/paristouristinformation.fr\/wp-content\/uploads\/2025\/05\/Musee-de-lOrangerie-Tickets-ota4-1024x772.avif&quot;,&quot;height&quot;:772,&quot;width&quot;:1024,&quot;orientation&quot;:&quot;landscape&quot;},&quot;full&quot;:{&quot;url&quot;:&quot;https:\/\/paristouristinformation.fr\/wp-content\/uploads\/2025\/05\/Musee-de-lOrangerie-Tickets-ota4.avif&quot;,&quot;height&quot;:1556,&quot;width&quot;:2065,&quot;orientation&quot;:&quot;landscape&quot;},&quot;1536x1536&quot;:{&quot;url&quot;:&quot;https:\/\/paristouristinformation.fr\/wp-content\/uploads\/2025\/05\/Musee-de-lOrangerie-Tickets-ota4-1536x1157.avif&quot;,&quot;height&quot;:1157,&quot;width&quot;:1536,&quot;orientation&quot;:&quot;landscape&quot;},&quot;2048x2048&quot;:{&quot;url&quot;:&quot;https:\/\/paristouristinformation.fr\/wp-content\/uploads\/2025\/05\/Musee-de-lOrangerie-Tickets-ota4-2048x1543.avif&quot;,&quot;height&quot;:1543,&quot;width&quot;:2048,&quot;orientation&quot;:&quot;landscape&quot;}}\"><\/span><span><img decoding=\"async\" alt=\"\" data-id=\"15230\" width=\"2075\" height=\"1556\" title=\"Mus\u00e9e de l'Orangerie Tickets ota3\" src=\"https:\/\/paristouristinformation.fr\/wp-content\/uploads\/2025\/05\/Musee-de-lOrangerie-Tickets-ota3-1024x768.avif\" data-src=\"https:\/\/paristouristinformation.fr\/wp-content\/uploads\/2025\/05\/Musee-de-lOrangerie-Tickets-ota3-300x225.avif\" loading=\"lazy\" data-sizes=\"{&quot;thumbnail&quot;:{&quot;url&quot;:&quot;https:\/\/paristouristinformation.fr\/wp-content\/uploads\/2025\/05\/Musee-de-lOrangerie-Tickets-ota3-333x205.avif&quot;,&quot;height&quot;:205,&quot;width&quot;:333,&quot;orientation&quot;:&quot;landscape&quot;},&quot;medium&quot;:{&quot;url&quot;:&quot;https:\/\/paristouristinformation.fr\/wp-content\/uploads\/2025\/05\/Musee-de-lOrangerie-Tickets-ota3-300x225.avif&quot;,&quot;height&quot;:225,&quot;width&quot;:300,&quot;orientation&quot;:&quot;landscape&quot;},&quot;large&quot;:{&quot;url&quot;:&quot;https:\/\/paristouristinformation.fr\/wp-content\/uploads\/2025\/05\/Musee-de-lOrangerie-Tickets-ota3-1024x768.avif&quot;,&quot;height&quot;:768,&quot;width&quot;:1024,&quot;orientation&quot;:&quot;landscape&quot;},&quot;full&quot;:{&quot;url&quot;:&quot;https:\/\/paristouristinformation.fr\/wp-content\/uploads\/2025\/05\/Musee-de-lOrangerie-Tickets-ota3.avif&quot;,&quot;height&quot;:1556,&quot;width&quot;:2075,&quot;orientation&quot;:&quot;landscape&quot;},&quot;1536x1536&quot;:{&quot;url&quot;:&quot;https:\/\/paristouristinformation.fr\/wp-content\/uploads\/2025\/05\/Musee-de-lOrangerie-Tickets-ota3-1536x1152.avif&quot;,&quot;height&quot;:1152,&quot;width&quot;:1536,&quot;orientation&quot;:&quot;landscape&quot;},&quot;2048x2048&quot;:{&quot;url&quot;:&quot;https:\/\/paristouristinformation.fr\/wp-content\/uploads\/2025\/05\/Musee-de-lOrangerie-Tickets-ota3-2048x1536.avif&quot;,&quot;height&quot;:1536,&quot;width&quot;:2048,&quot;orientation&quot;:&quot;landscape&quot;}}\"><\/span><\/p>\n<h1>Mus\u00e9e de l\u2019Orangerie Paris: Eintrittskarte<\/h1>\n<h2><a href=\"https:\/\/www.tiqets.com\/de\/paris-sehenswuerdigkeiten-c66746\/tickets-fur-musee-de-lorangerie-paris-eintrittskarte-p974438\/?partner=paristouristinformation&amp;tq_campaign=ParisDeOrangerieMuseumGttd\" target=\"_blank\" rel=\"nofollow noopener\" style=\"outline: none;\">Zur Buchung<\/a><\/h2>\n<p style=\"\"><a href=\"https:\/\/www.tiqets.com\/de\/paris-sehenswuerdigkeiten-c66746\/tickets-fur-musee-de-lorangerie-paris-eintrittskarte-p974438\/?partner=paristouristinformation&amp;tq_campaign=ParisDeOrangerieMuseumGttd\" target=\"_blank\" rel=\"nofollow noopener\" style=\"outline: none;\">Preis ab<\/a><\/p>\n<h1><a href=\"https:\/\/www.tiqets.com\/de\/paris-sehenswuerdigkeiten-c66746\/tickets-fur-musee-de-lorangerie-paris-eintrittskarte-p974438\/?partner=paristouristinformation&amp;tq_campaign=ParisDeOrangerieMuseumGttd\" target=\"_blank\" rel=\"nofollow noopener\" style=\"outline: none;\" spellcheck=\"false\"><strong>11,50 \u20ac<\/strong><\/a><\/h1>\n<p dir=\"ltr\">Erleben Sie eine ruhige Welt der impressionistischen Kunst mit Tickets f\u00fcr das Mus\u00e9e de l&#8217;Orangerie, wo <strong>Monets Seerosen <\/strong>und Meisterwerke von <strong>Picasso, Matisse und C\u00e9zanne <\/strong>in Galerien voller nat\u00fcrlichem Licht auf Sie warten.<\/p>\n<ul>\n<li style=\"\"><span style=\"\">Sorgf\u00e4ltig ausgew\u00e4hltes Ticket<\/span><\/li>\n<li style=\"\"><span style=\"\">Mobiles oder gedrucktes Ticket akzeptiert<\/span><\/li>\n<li style=\"\">                    <span style=\"\">Sofortige Best\u00e4tigung<\/span><\/li>\n<li style=\"\"><span style=\"\">Stornierbare Tickets verf\u00fcgbar<\/span><\/li>\n<\/ul>\n<h2>Inbegriffen<\/h2>\n<ul>\n<li style=\"\">                    <span>Mus\u00e9e de l&#8217;Orangerie Eintrittskarte<\/span><\/li>\n<li style=\"\">                    <span>Zugang zu Dauer- und Wechselausstellungen<\/span><\/li>\n<\/ul>\n<h2>Nicht inbegriffen<\/h2>\n<ul>\n<li style=\"\"><span><span data-olk-copy-source=\"MessageBody\">F\u00fchrungen<\/span><\/span><\/li>\n<\/ul>\n<h2>Wichtige Informationen<\/h2>\n<ul>\n<li style=\"\"><span><span data-olk-copy-source=\"MessageBody\">Bitte kommen Sie p\u00fcnktlich an, bei versp\u00e4teten Ank\u00fcnften kann der reservierte Zugang verloren sein<\/span><\/span><\/li>\n<li style=\"\"><span>Wenn Sie Ihr Zeitfenster verpassen, ist Ihr Ticket am selben Tag immer noch g\u00fcltig, aber Sie m\u00fcssen sich ohne vorrangigen Zugang der regul\u00e4ren Linie anschlie\u00dfen.<\/span><\/li>\n<li style=\"\"><span><span data-olk-copy-source=\"MessageBody\">Freier Eintritt am ersten Sonntag eines jeden Monats<\/span><\/span><\/li>\n<li><span><span data-olk-copy-source=\"MessageBody\">Rollstuhlgerecht<\/span><\/span><\/li>\n<\/ul>\n<h2>Beschreibung:<\/h2>\n<p data-end=\"656\" data-start=\"164\">Tauchen Sie mit diesem Mus\u00e9e de l&#8217;Orangerie-Ticket in die Eleganz von <strong>Monets monumentalen Seerosen <\/strong>ein,<strong>&nbsp;<\/strong>die in zwei friedlichen ovalen R\u00e4umen stehen, die genau nach seinen W\u00fcnschen gestaltet wurden. Dieses Museum befindet sich in einer <strong>ehemaligen Orangerie im Tuileriengarten und <\/strong>bietet eine intimere Alternative zum Louvre. Entdecken Sie neben Monet bemerkenswerte <strong>Werke von Renoir, C\u00e9zanne, Matisse und Picasso, die <\/strong>alle in nat\u00fcrliches Licht getaucht sind. Der Raum l\u00e4dt zum ruhigen Nachdenken ein &#8211; perfekt f\u00fcr Kunstliebhaber, die ein beruhigendes und dennoch inspirierendes kulturelles Erlebnis in Paris suchen.<\/p>\n<h2>H\u00f6hepunkte:<\/h2>\n<ul>\n<li ltr\"\"=\"\"><strong>Bestaunen Sie die acht Panorama-Seerosen-Paneele <\/strong>von Claude Monet, die speziell f\u00fcr den Raum gemalt wurden<\/li>\n<li ltr\"\"=\"\">Entdecken Sie Werke von <strong>Renoir, C\u00e9zanne, Picasso, Matisse, Rousseau <\/strong>und mehr<\/li>\n<li ltr\"\"=\"\"><strong>Genie\u00dfen Sie eine ruhige, nicht \u00fcberf\u00fcllte Umgebung <\/strong>in einer historischen ehemaligen Orangerie<\/li>\n<li ltr\"\"=\"\">Treten Sie ein in die ovalen Ausstellungsr\u00e4ume von <strong><em>Midnight in Paris<\/em><\/strong><\/li>\n<li ltr\"\"=\"\">Bewundern Sie, wie nat\u00fcrliches Licht <strong>impressionistische und postimpressionistische <\/strong>Kunstwerke verbessert<\/li>\n<li ltr\"\"=\"\">G\u00fcnstig im <strong>Tuileriengarten <\/strong>gelegen<strong>, <\/strong>in der N\u00e4he der Seine und des Place de la Concorde<\/li>\n<\/ul>\n<h2>Mus\u00e9e de l&#8217;Orangerie<\/h2>\n<p dir=\"ltr\">Jardin des Tuileries, 75001 Paris<\/p>\n<h2>Stornierungsrichtlinien<\/h2>\n<p dir=\"ltr\">Tickets sind nicht stornierbar, es sei denn, Sie w\u00e4hlen ein stornierbares Ticket w\u00e4hrend des Bezahlvorgangs.<\/p>\n<h2>Treffpunkt &amp; Anleitung<\/h2>\n<ul>\n<li dir=\"ltr\">\n<p dir=\"ltr\">Pr\u00e4sentieren Sie Ihr Smartphone-Ticket in der Zeile mit der Aufschrift &#8222;Besucher mit Tickets&#8220;<\/p>\n<\/li>\n<li dir=\"ltr\">\n<p dir=\"ltr\">Stellen Sie sicher, dass Sie zur geplanten Zeit ankommen &#8211; versp\u00e4tete Ank\u00fcnfte werden unter allgemeinen Zugangsbedingungen eintreten, wenn der Platz es zul\u00e4sst<\/p>\n<\/li>\n<\/ul>\n<p><a href=\"https:\/\/www.google.com\/maps\/place\/Mus%C3%A9e+de+l&#039;Orangerie\/@48.8637884,2.3226724,17z\/data=!3m1!4b1!4m6!3m5!1s0x47e66e2eeaaaaaa3:0xdc3fd08aa701960a!8m2!3d48.8637884!4d2.3226724!16zL20vMGR0M21s?entry=ttu&amp;g_ep=EgoyMDI1MDUxMy4xIKXMDSoASAFQAw%3D%3D\" style=\"outline: none;\" data-lt-tmp-id=\"lt-493778\" spellcheck=\"false\" target=\"_blank\" rel=\"nofollow noopener\">In Karten \u00f6ffnen<\/a><\/p>\n<h2>Bewertungen<\/h2>\n<p><strong>4,6\/5 <\/strong><strong>(5403 Bewertungen)<\/strong><\/p>\n<p dir=\"ltr\"><em>&#8222;Absolut unglaublich! Ich werde dieses Museum jedes Mal besuchen, wenn ich Paris besuche (aus Amerika, also hoffentlich eher fr\u00fcher als sp\u00e4ter wieder) und werde diesen Ort jedem empfehlen, der diese sch\u00f6ne Stadt besucht!&#8220; <\/em>&#8211; Travis, Okt. 2021<\/p>\n<p dir=\"ltr\"><em>&#8222;Verpassen Sie nicht L&#8217;Orangerie. Abgesehen von dem absolut erhabenen Monet sollte der Rest der weltber\u00fchmten Impressionisten nicht fehlen. Schlie\u00dflich ist die Einrichtung intim, aber nicht \u00fcberf\u00fcllt. Ich war schon 4 Mal zur\u00fcck und werde nie m\u00fcde von diesem Juwel.&#8220; <\/em>&#8211; Jillene, Juni 2022 <a href=\"https:\/\/www.tiqets.com\/de\/paris-sehenswuerdigkeiten-c66746\/tickets-fur-musee-de-lorangerie-paris-eintrittskarte-p974438\/?partner=paristouristinformation&amp;tq_campaign=ParisDeOrangerieMuseumGttd\" target=\"_blank\" rel=\"nofollow noopener\" style=\"outline: none;\" data-lt-tmp-id=\"lt-308398\" spellcheck=\"false\">&gt;&gt; Weitere Bewertungen anzeigen<\/a><\/p>\n<h2>Weitere Aktivit\u00e4ten, die Ihnen gefallen k\u00f6nnten<\/h2>\n<p><span>#2<\/span><span>#2<\/span><span><img decoding=\"async\" alt=\"\" data-id=\"15235\" width=\"159\" data-init-width=\"1556\" height=\"159\" data-init-height=\"1556\" title=\"Paris &amp; Versailles Bundle ota\" loading=\"lazy\" src=\"https:\/\/paristouristinformation.fr\/wp-content\/uploads\/2025\/05\/Paris-Versailles-Bundle-ota.avif\" data-width=\"159\" data-height=\"159\" style=\"aspect-ratio: auto 1556 \/ 1556;\"><\/span><\/p>\n<table>\n<tbody>\n<tr>\n<td><a href=\"https:\/\/www.tiqets.com\/de\/things-to-do-in-paris-c66746\/tickets-for-paris-versailles-bundle-p1067425\/?partner=paristouristinformation&amp;tq_campaign=ParisDeOrangerieMuseumGttd2\" target=\"_blank\" rel=\"nofollow noopener\" style=\"outline: none;\" data-lt-tmp-id=\"lt-541443\" spellcheck=\"false\">Paris &amp; Versailles Bundle<\/a><\/td>\n<\/tr>\n<\/tbody>\n<\/table>\n<p data-pm-slice=\"1 1 []\">Erleben Sie das Beste von Paris mit dem Paris &amp; Versailles Bundle, das ohne Anstehen zum Louvre, eine ruhige Kreuzfahrt mit der Seine und Eintritt in das opulente Schloss Versailles und seine G\u00e4rten bietet &#8211; alles in einem praktischen Paket.<\/p>\n<h3 style=\"\">Gesamtpreis<\/h3>\n<h3>Ihr Konto wird noch nicht belastet.<\/h3>\n<p><span>#2<\/span><span><img decoding=\"async\" alt=\"\" data-id=\"14042\" width=\"159\" data-init-width=\"1600\" height=\"159\" data-init-height=\"1600\" title=\"Seine Flusskreuzfahrt + Disneyland Paris 2\" loading=\"lazy\" src=\"https:\/\/paristouristinformation.fr\/wp-content\/uploads\/2024\/10\/Seine-River-Cruise-Disneyland-Paris-2.avif\" data-width=\"159\" data-height=\"159\" style=\"aspect-ratio: auto 1600 \/ 1600;\"><\/span><\/p>\n<table>\n<tbody>\n<tr>\n<td><a href=\"https:\/\/www.tiqets.com\/de\/disneyland-paris-seine-river-cruise-b2798\/?partner=paristouristinformation&amp;tq_campaign=ParisDeOrangerieMuseumGttd3\" target=\"_blank\" rel=\"nofollow noopener\" style=\"outline: none;\" data-lt-tmp-id=\"lt-643425\" spellcheck=\"false\">Seine Flusskreuzfahrt + Disneyland Paris<\/a><\/td>\n<\/tr>\n<\/tbody>\n<\/table>\n<p>Entdecken Sie das Beste von Paris mit einem magischen Kombiticket, das einen <strong>1-Tages-Pass f\u00fcr Disneyland\u00ae Paris und eine malerische Kreuzfahrt mit der Seine <\/strong>beinhaltet<strong>.<\/strong> Genie\u00dfen Sie eine problemlose Buchung und Zugang zu zwei ikonischen Erlebnissen in einem.<\/p>\n<h3 style=\"\">Gesamtpreis<\/h3>\n<h3 style=\"\">Ihr Konto wird noch nicht belastet.<\/h3>\n<\/p>\n<h2><a href=\"https:\/\/www.tiqets.com\/de\/paris-sehenswuerdigkeiten-c66746\/tickets-fur-musee-de-lorangerie-paris-eintrittskarte-p974438\/?partner=paristouristinformation&amp;tq_campaign=ParisDeOrangerieMuseumGttd\" target=\"_blank\" rel=\"nofollow noopener\" style=\"outline: none;\" spellcheck=\"false\">Zur Buchung<\/a><\/h2>\n<p style=\"\"><a href=\"https:\/\/www.tiqets.com\/de\/paris-sehenswuerdigkeiten-c66746\/tickets-fur-musee-de-lorangerie-paris-eintrittskarte-p974438\/?partner=paristouristinformation&amp;tq_campaign=ParisDeOrangerieMuseumGttd\" target=\"_blank\" rel=\"nofollow noopener\" style=\"outline: none;\" spellcheck=\"false\">Preis ab<\/a><\/p>\n<h1><a href=\"https:\/\/www.tiqets.com\/de\/paris-sehenswuerdigkeiten-c66746\/tickets-fur-musee-de-lorangerie-paris-eintrittskarte-p974438\/?partner=paristouristinformation&amp;tq_campaign=ParisDeOrangerieMuseumGttd\" target=\"_blank\" rel=\"nofollow noopener\" style=\"outline: none;\" spellcheck=\"false\"><strong>11,50 \u20ac<\/strong><\/a><\/h1>\n<p style=\"\">Ihr Konto wird noch nicht belastet<\/p>\n","protected":false},"excerpt":{"rendered":"<p>Mus\u00e9e de l\u2019Orangerie Paris: Eintrittskarte Zur Buchung Preis ab 11,50 \u20ac Erleben Sie eine ruhige Welt der impressionistischen Kunst mit Tickets f\u00fcr das Mus\u00e9e de l&#8217;Orangerie, wo Monets Seerosen und Meisterwerke von Picasso, Matisse und C\u00e9zanne in Galerien voller nat\u00fcrlichem Licht auf Sie warten. Sorgf\u00e4ltig ausgew\u00e4hltes Ticket Mobiles oder gedrucktes Ticket akzeptiert Sofortige Best\u00e4tigung Stornierbare [&hellip;]<\/p>\n","protected":false},"author":10,"featured_media":14945,"parent":0,"menu_order":0,"comment_status":"closed","ping_status":"closed","template":"","meta":{"footnotes":""},"tags":[69],"class_list":["post-14942","page","type-page","status-publish","has-post-thumbnail","hentry","tag-sales-pages","post-wrapper","thrv_wrapper"],"wp-worthy-pixel":{"ignored":false,"public":null,"server":null,"url":null},"wp-worthy-type":"normal","_links":{"self":[{"href":"https:\/\/www.paristouristinformation.fr\/de\/wp-json\/wp\/v2\/pages\/14942","targetHints":{"allow":["GET"]}}],"collection":[{"href":"https:\/\/www.paristouristinformation.fr\/de\/wp-json\/wp\/v2\/pages"}],"about":[{"href":"https:\/\/www.paristouristinformation.fr\/de\/wp-json\/wp\/v2\/types\/page"}],"author":[{"embeddable":true,"href":"https:\/\/www.paristouristinformation.fr\/de\/wp-json\/wp\/v2\/users\/10"}],"replies":[{"embeddable":true,"href":"https:\/\/www.paristouristinformation.fr\/de\/wp-json\/wp\/v2\/comments?post=14942"}],"version-history":[{"count":8,"href":"https:\/\/www.paristouristinformation.fr\/de\/wp-json\/wp\/v2\/pages\/14942\/revisions"}],"predecessor-version":[{"id":15275,"href":"https:\/\/www.paristouristinformation.fr\/de\/wp-json\/wp\/v2\/pages\/14942\/revisions\/15275"}],"wp:featuredmedia":[{"embeddable":true,"href":"https:\/\/www.paristouristinformation.fr\/de\/wp-json\/wp\/v2\/media\/14945"}],"wp:attachment":[{"href":"https:\/\/www.paristouristinformation.fr\/de\/wp-json\/wp\/v2\/media?parent=14942"}],"wp:term":[{"taxonomy":"post_tag","embeddable":true,"href":"https:\/\/www.paristouristinformation.fr\/de\/wp-json\/wp\/v2\/tags?post=14942"}],"curies":[{"name":"wp","href":"https:\/\/api.w.org\/{rel}","templated":true}]}}