{"id":14953,"date":"2026-02-13T13:35:07","date_gmt":"2026-02-13T13:35:07","guid":{"rendered":"https:\/\/www.paristouristinformation.fr\/de\/?page_id=14953"},"modified":"2026-02-13T13:37:26","modified_gmt":"2026-02-13T13:37:26","slug":"fondation-louis-vuitton-tickets","status":"publish","type":"page","link":"https:\/\/www.paristouristinformation.fr\/de\/fondation-louis-vuitton-tickets\/","title":{"rendered":"Fondation Louis Vuitton Tickets: Premium-Eintritt"},"content":{"rendered":"<p><span><img decoding=\"async\" alt=\"\" data-id=\"15149\" width=\"800\" height=\"532\" title=\"Fondation Louis Vuitton - Premium Access ota\" src=\"https:\/\/paristouristinformation.fr\/wp-content\/uploads\/2025\/05\/Fondation-Louis-Vuitton-Premium-Access-ota.avif\" data-src=\"https:\/\/paristouristinformation.fr\/wp-content\/uploads\/2025\/05\/Fondation-Louis-Vuitton-Premium-Access-ota-300x200.avif\" loading=\"lazy\" data-sizes=\"{&quot;thumbnail&quot;:{&quot;url&quot;:&quot;https:\/\/paristouristinformation.fr\/wp-content\/uploads\/2025\/05\/Fondation-Louis-Vuitton-Premium-Access-ota-333x205.avif&quot;,&quot;height&quot;:205,&quot;width&quot;:333,&quot;orientation&quot;:&quot;landscape&quot;},&quot;medium&quot;:{&quot;url&quot;:&quot;https:\/\/paristouristinformation.fr\/wp-content\/uploads\/2025\/05\/Fondation-Louis-Vuitton-Premium-Access-ota-300x200.avif&quot;,&quot;height&quot;:200,&quot;width&quot;:300,&quot;orientation&quot;:&quot;landscape&quot;},&quot;full&quot;:{&quot;url&quot;:&quot;https:\/\/paristouristinformation.fr\/wp-content\/uploads\/2025\/05\/Fondation-Louis-Vuitton-Premium-Access-ota.avif&quot;,&quot;height&quot;:532,&quot;width&quot;:800,&quot;orientation&quot;:&quot;landscape&quot;}}\"><\/span><span><img decoding=\"async\" alt=\"\" data-id=\"15148\" width=\"800\" height=\"533\" title=\"Fondation Louis Vuitton - Premium Access ota2\" src=\"https:\/\/paristouristinformation.fr\/wp-content\/uploads\/2025\/05\/Fondation-Louis-Vuitton-Premium-Access-ota2.avif\" data-src=\"https:\/\/paristouristinformation.fr\/wp-content\/uploads\/2025\/05\/Fondation-Louis-Vuitton-Premium-Access-ota2-300x200.avif\" loading=\"lazy\" data-sizes=\"{&quot;thumbnail&quot;:{&quot;url&quot;:&quot;https:\/\/paristouristinformation.fr\/wp-content\/uploads\/2025\/05\/Fondation-Louis-Vuitton-Premium-Access-ota2-333x205.avif&quot;,&quot;height&quot;:205,&quot;width&quot;:333,&quot;orientation&quot;:&quot;landscape&quot;},&quot;medium&quot;:{&quot;url&quot;:&quot;https:\/\/paristouristinformation.fr\/wp-content\/uploads\/2025\/05\/Fondation-Louis-Vuitton-Premium-Access-ota2-300x200.avif&quot;,&quot;height&quot;:200,&quot;width&quot;:300,&quot;orientation&quot;:&quot;landscape&quot;},&quot;full&quot;:{&quot;url&quot;:&quot;https:\/\/paristouristinformation.fr\/wp-content\/uploads\/2025\/05\/Fondation-Louis-Vuitton-Premium-Access-ota2.avif&quot;,&quot;height&quot;:533,&quot;width&quot;:800,&quot;orientation&quot;:&quot;landscape&quot;}}\"><\/span><span><img decoding=\"async\" alt=\"\" data-id=\"15147\" width=\"800\" height=\"534\" title=\"Fondation Louis Vuitton - Premium-Zugang ota3\" src=\"https:\/\/paristouristinformation.fr\/wp-content\/uploads\/2025\/05\/Fondation-Louis-Vuitton-Premium-Access-ota3.avif\" data-src=\"https:\/\/paristouristinformation.fr\/wp-content\/uploads\/2025\/05\/Fondation-Louis-Vuitton-Premium-Access-ota3-300x200.avif\" loading=\"lazy\" data-sizes=\"{&quot;thumbnail&quot;:{&quot;url&quot;:&quot;https:\/\/paristouristinformation.fr\/wp-content\/uploads\/2025\/05\/Fondation-Louis-Vuitton-Premium-Access-ota3-333x205.avif&quot;,&quot;height&quot;:205,&quot;width&quot;:333,&quot;orientation&quot;:&quot;landscape&quot;},&quot;medium&quot;:{&quot;url&quot;:&quot;https:\/\/paristouristinformation.fr\/wp-content\/uploads\/2025\/05\/Fondation-Louis-Vuitton-Premium-Access-ota3-300x200.avif&quot;,&quot;height&quot;:200,&quot;width&quot;:300,&quot;orientation&quot;:&quot;landscape&quot;},&quot;full&quot;:{&quot;url&quot;:&quot;https:\/\/paristouristinformation.fr\/wp-content\/uploads\/2025\/05\/Fondation-Louis-Vuitton-Premium-Access-ota3.avif&quot;,&quot;height&quot;:534,&quot;width&quot;:800,&quot;orientation&quot;:&quot;landscape&quot;}}\"><\/span><\/p>\n<h1>Fondation Louis Vuitton: Premium-Eintritt<\/h1>\n<h2><a href=\"https:\/\/www.tiqets.com\/en\/things-to-do-in-paris-c66746\/tickets-for-fondation-louis-vuitton-premium-access-p974974\/?partner=paristouristinformation&amp;tq_campaign=LouisVuittonFondationGttd\" target=\"_blank\" rel=\"nofollow noopener\" style=\"outline: none;\">Zur Buchung<\/a><\/h2>\n<p style=\"\"><a href=\"https:\/\/www.tiqets.com\/en\/things-to-do-in-paris-c66746\/tickets-for-fondation-louis-vuitton-premium-access-p974974\/?partner=paristouristinformation&amp;tq_campaign=LouisVuittonFondationGttd\" target=\"_blank\" rel=\"nofollow noopener\" style=\"outline: none;\">Preis ab<\/a><\/p>\n<h1><a href=\"https:\/\/www.tiqets.com\/en\/things-to-do-in-paris-c66746\/tickets-for-fondation-louis-vuitton-premium-access-p974974\/?partner=paristouristinformation&amp;tq_campaign=LouisVuittonFondationGttd\" target=\"_blank\" rel=\"nofollow noopener\" style=\"outline: none;\" spellcheck=\"false\"><strong>22,00 \u20ac<\/strong><\/a><\/h1>\n<p dir=\"ltr\">Genie\u00dfen Sie Premium-Zugang zur Fondation Louis Vuitton mit Skip-the-Line-Eintritt, einem Shuttle aus dem Zentrum von Paris und Zugang zu Wechselausstellungen und der atemberaubenden st\u00e4ndigen Sammlung von Frank Gehrys architektonischem Meisterwerk.<\/p>\n<ul>\n<li style=\"\"><span style=\"\">Sorgf\u00e4ltig ausgew\u00e4hltes Ticket<\/span><\/li>\n<li style=\"\"><span style=\"\">\u00dcberspringen Sie die Warteschlange<\/span><\/li>\n<li style=\"\"><span style=\"\">Erforschen Sie in Ihrem eigenen Tempo<\/span><\/li>\n<li style=\"\"><span style=\"\">Nicht stornierbar<\/span><\/li>\n<\/ul>\n<h2>Inbegriffen<\/h2>\n<ul>\n<li style=\"\">                    <span>Fondation Louis Vuitton Ticket<\/span><\/li>\n<li style=\"\">                    <span>Eintrag ohne die Reihe<\/span><\/li>\n<li style=\"\">                    <span>Zugang zu allen Wechselausstellungen<\/span><\/li>\n<li style=\"\">                    <span>Zugang zum Jardin d&#8217;Acclimatation (Fahrten gegen Aufpreis)<\/span><\/li>\n<li style=\"\">                    <span>Skip-the-Line-Eingang zur st\u00e4ndigen Sammlung von Architekturpl\u00e4nen<\/span><\/li>\n<li style=\"\">                    <span>Shuttlebus-Service von\/zum Place Charles de Gaulle (Rundfahrt)<\/span><\/li>\n<li style=\"\">                    <span>Herunterladbare Audioguide-App<\/span><\/li>\n<\/ul>\n<h2>Nicht inbegriffen&nbsp;<\/h2>\n<ul>\n<li style=\"\"><span>Mahlzeiten und Getr\u00e4nke<\/span><\/li>\n<li style=\"\"><span>Trinkgelder und pers\u00f6nliche Ausgaben<\/span><\/li>\n<\/ul>\n<h2>Wichtige Informationen<\/h2>\n<ul>\n<li><span>Kostenloser Shuttle f\u00e4hrt alle 15-20 Minuten w\u00e4hrend der \u00d6ffnungszeiten ab<\/span><\/li>\n<li><span>Endg\u00fcltige Zulassung: 1 Stunde und 30 Minuten vor Schlie\u00dfung<\/span><\/li>\n<li><span>Bringen Sie unbedingt Ihren g\u00fcltigen Lichtbildausweis und Ihre Buchungsbest\u00e4tigung mit. Smartphone-Ticket f\u00fcr Eingang und Shuttle erforderlich<\/span><\/li>\n<li style=\"\"><span>Keine gro\u00dfen Taschen, Haustiere (au\u00dfer Assistenztiere), Alkohol\/Drogen oder Blitz-\/Stativfotografie im Museum.<\/span><\/li>\n<li><span>Vor der Einreise ist eine Sicherheits\u00fcberpr\u00fcfung obligatorisch<\/span><\/li>\n<li><span>Umhange am Eingang verf\u00fcgbar<\/span><\/li>\n<li><span>Die Audioguide-App kann am Begr\u00fc\u00dfungsschalter heruntergeladen werden<\/span><\/li>\n<li><span>Das Erlebnis ist dienstags, an franz\u00f6sischen Feiertagen und bei besonderen Veranstaltungen bei der Louis Vuitton Foundation geschlossen.<\/span><\/li>\n<li><span>Der Eintritt in den Jardin d&#8217;Acclimatation ist inbegriffen, aber Fahrten und andere Attraktionen erfordern eine zus\u00e4tzliche Geb\u00fchr.<\/span><\/li>\n<\/ul>\n<h2>Beschreibung:<\/h2>\n<p dir=\"ltr\">Sichern Sie sich Ihr <strong>Premium-Erlebnis <\/strong>in der Fondation Louis Vuitton, einem der renommiertesten Kulturst\u00e4tten von Paris. Dieses Ticket beinhaltet einen schnellen Zugang zu Ausstellungen ohne Wartezeit.<\/p>\n<p dir=\"ltr\">Das <strong>von Frank Gehry entworfene <\/strong>Geb\u00e4ude selbst ist ein Kunstwerk, das einem Glasschiff in voller Segel \u00e4hnelt. Entdecken Sie im Inneren <strong>dynamische Wechselausstellungen, <\/strong>k\u00fchne moderne Kunst und innovative architektonische Displays in einem sonnenbeschienenen, inspirierenden Raum, der f\u00fcr Kreativit\u00e4t gebaut wurde.<\/p>\n<h2>H\u00f6hepunkte:<\/h2>\n<ul>\n<li ltr\"\"=\"\">Genie\u00dfen Sie VIP-Eintritt mit schnellem Zugang zu allen Ausstellungen<\/li>\n<li ltr\"\"=\"\">Entdecken Sie Frank Gehrys ikonisches Design, inspiriert von einem Segelschiff<\/li>\n<li ltr\"\"=\"\">Erhalten Sie Zugang zu modernen Kunstausstellungen und permanenten Architekturausstellungen<\/li>\n<li ltr\"\"=\"\">Selbstgef\u00fchrte Touren mit exklusiven Inhalten \u00fcber den Audio-App-Guide<\/li>\n<li ltr\"\"=\"\">Eingang zum Jardin d&#8217;Acclimatation, einem sch\u00f6nen Park nebenan<\/li>\n<\/ul>\n<h2>Stiftung Louis Vuitton<\/h2>\n<p dir=\"ltr\">8 Av. du Mahatma Gandhi, 75116 Paris<\/p>\n<h2>Stornierungsrichtlinien<\/h2>\n<p dir=\"ltr\">Diese Tickets k\u00f6nnen nicht storniert oder verschoben werden, es sei denn, Sie w\u00e4hlen ein stornierbares Ticket.<\/p>\n<h2>Treffpunkt &amp; Anleitung<\/h2>\n<p dir=\"ltr\">Gehen Sie zur Premium Access Lane am Haupteingang der Fondation Louis Vuitton und scannen Sie Ihr Smartphone-Ticket vor der Sicherheitskontrolle.<\/p>\n<p dir=\"ltr\">F\u00fcr den <strong>Shuttle<\/strong>&#8211;<strong>Service <\/strong>gehen Sie zur 44 Avenue de Friedland, 75008 Paris (in der N\u00e4he von Charles-de-Gaulle \u00c9toile, Ausfahrt 2). Busse fahren w\u00e4hrend der \u00d6ffnungszeiten alle 15-20 Minuten. Der letzte R\u00fccktransfer f\u00e4hrt 7 Minuten nach Schlie\u00dfung ab.<\/p>\n<p><a href=\"https:\/\/www.google.com\/maps\/search\/?api=1&amp;query=8%20Avenue%20du%20Mahatma%20Gandhi%2075116%20Paris\" target=\"_blank\" rel=\"nofollow noopener\" style=\"outline: none;\" data-lt-tmp-id=\"lt-790344\" spellcheck=\"false\">In Karten \u00f6ffnen<\/a><\/p>\n<h2>Bewertungen&nbsp;<\/h2>\n<p><strong>4.7\/5 (13.692 Bewertungen)<\/strong><\/p>\n<p><em>&#8222;Dies war eine gro\u00dfartige Option f\u00fcr diese \u00e4u\u00dferst beliebte Ausstellung. Wir konnten in der Minute gehen, in der wir ankamen, trotz einer sehr langen Schlange f\u00fcr zeitgestempelte Eing\u00e4nge. Ich hatte meiner Freundin davon erz\u00e4hlt und sie war beeindruckt, wie einfach es zu bedienen war.<img decoding=\"async\" role=\"img\" alt=\"\ud83d\udc4d\" src=\"https:\/\/s.w.org\/images\/core\/emoji\/17.0.2\/svg\/1f44d.svg\"><img decoding=\"async\" role=\"img\" alt=\"\ud83d\udc4d\" src=\"https:\/\/s.w.org\/images\/core\/emoji\/17.0.2\/svg\/1f44d.svg\"> &#8220; &#8211; <\/em>Linda, August 2025<\/p>\n<p dir=\"ltr\"><a href=\"https:\/\/www.tiqets.com\/de\/things-to-do-in-paris-c66746\/tickets-for-fondation-louis-vuitton-premium-access-p974974\/?partner=paristouristinformation&amp;tq_campaign=DeLouisVuittonFondationGttd\" target=\"_blank\" rel=\"nofollow noopener\" data-lt-tmp-id=\"lt-964238\" spellcheck=\"false\" style=\"outline: none;\">&gt;&gt; Weitere Details anzeigen<\/a><\/p>\n<h2>Weitere Aktivit\u00e4ten, die Ihnen gefallen k\u00f6nnten<\/h2>\n<p><span>#2<\/span><span><img decoding=\"async\" alt=\"\" data-id=\"13630\" width=\"159\" data-init-width=\"1556\" height=\"102\" data-init-height=\"1002\" title=\"Mus\u00e9e de l'Arm\u00e9e - Les Invalides 1\" loading=\"lazy\" src=\"https:\/\/www.paristouristinformation.fr\/de\/wp-content\/uploads\/2026\/01\/Musee-de-lArmee-Les-Invalides-1.png\" data-width=\"159\" data-height=\"102\" style=\"aspect-ratio: auto 1556 \/ 1002;\"><\/span><\/p>\n<table>\n<tbody>\n<tr>\n<td><a href=\"https:\/\/www.tiqets.com\/de\/things-to-do-in-paris-c66746\/tickets-for-musee-de-l-armee-les-invalides-entry-ticket-p974519\/?partner=paristouristinformation&amp;tq_campaign=LouisVuittonDeFondationGttd2\" target=\"_blank\" rel=\"nofollow noopener\" style=\"outline: none;\" spellcheck=\"false\">Mus\u00e9e de l&#8217;Arm\u00e9e &#8211; Les Invalides Eintrittskarten<\/a><\/td>\n<\/tr>\n<\/tbody>\n<\/table>\n<p dir=\"ltr\">Erleben Sie die Pracht des Mus\u00e9e de l&#8217;Arm\u00e9e mit exklusivem Zugang zu seinen Dauerausstellungen, Napoleons Grab und mehr.<\/p>\n<h3 style=\"\">Gesamtpreis<\/h3>\n<h3>Ihr Konto wird noch nicht belastet.<\/h3>\n<p><span>#2<\/span><span><img decoding=\"async\" alt=\"\" data-id=\"13553\" width=\"159\" data-init-width=\"1185\" height=\"83\" data-init-height=\"616\" title=\"Paris Museum Pass - 2, 4 oder 6 Tage\" loading=\"lazy\" src=\"https:\/\/www.paristouristinformation.fr\/de\/wp-content\/uploads\/2026\/01\/Paris-Museum-Pass-2-4-or-6-Days-.jpg\" data-width=\"159\" data-height=\"83\" style=\"aspect-ratio: auto 1185 \/ 616;\"><\/span><\/p>\n<table>\n<tbody>\n<tr>\n<td><a href=\"https:\/\/www.getyourguide.com\/paris-l16\/paris-museum-pass-t49746\/?partner_id=NO9XIDE&amp;utm_medium=online_publisher&amp;cmp=ParisDeLouisVuittonFondationGttd3\" target=\"_blank\" rel=\"nofollow noopener\" style=\"outline: none;\" spellcheck=\"false\">Paris Museum Pass: 2, 4 oder 6 Tage<\/a><\/td>\n<\/tr>\n<\/tbody>\n<\/table>\n<p dir=\"ltr\">Mit dem Paris Museum Pass, der f\u00fcr 2, 4 oder 6 Tage erh\u00e4ltlich ist, k\u00f6nnen Sie unbegrenzten Zugang zu den besten Museen und Attraktionen von Paris freischalten. Erkunden Sie das reiche kulturelle Erbe der Stadt, einschlie\u00dflich Sainte-Chapelle und Conciergerie, in Ihrem eigenen Tempo.<\/p>\n<h3 style=\"\">Gesamtpreis<\/h3>\n<h3 style=\"\">Ihr Konto wird noch nicht belastet.<\/h3>\n<\/p>\n<h2><a href=\"https:\/\/www.tiqets.com\/de\/things-to-do-in-paris-c66746\/tickets-for-fondation-louis-vuitton-premium-access-p974974\/?partner=paristouristinformation&amp;tq_campaign=DeLouisVuittonFondationGttd\" target=\"_blank\" rel=\"nofollow noopener\" style=\"outline: none;\" data-lt-tmp-id=\"lt-808653\" spellcheck=\"false\">Zur Buchung<\/a><\/h2>\n<p style=\"\"><a href=\"https:\/\/www.tiqets.com\/de\/things-to-do-in-paris-c66746\/tickets-for-fondation-louis-vuitton-premium-access-p974974\/?partner=paristouristinformation&amp;tq_campaign=DeLouisVuittonFondationGttd\" target=\"_blank\" rel=\"nofollow noopener\" style=\"outline: none;\" data-lt-tmp-id=\"lt-798439\" spellcheck=\"false\">Preis ab<\/a>:<\/p>\n<h1><a href=\"https:\/\/www.tiqets.com\/de\/things-to-do-in-paris-c66746\/tickets-for-fondation-louis-vuitton-premium-access-p974974\/?partner=paristouristinformation&amp;tq_campaign=DeLouisVuittonFondationGttd\" target=\"_blank\" rel=\"nofollow noopener\" style=\"outline: none;\" data-lt-tmp-id=\"lt-606999\" spellcheck=\"false\"><strong>22,00 \u20ac<\/strong><\/a><\/h1>\n<h3>Ihr Konto wird noch nicht belastet.<\/h3>\n","protected":false},"excerpt":{"rendered":"<p>Fondation Louis Vuitton: Premium-Eintritt Zur Buchung Preis ab 22,00 \u20ac Genie\u00dfen Sie Premium-Zugang zur Fondation Louis Vuitton mit Skip-the-Line-Eintritt, einem Shuttle aus dem Zentrum von Paris und Zugang zu Wechselausstellungen und der atemberaubenden st\u00e4ndigen Sammlung von Frank Gehrys architektonischem Meisterwerk. Sorgf\u00e4ltig ausgew\u00e4hltes Ticket \u00dcberspringen Sie die Warteschlange Erforschen Sie in Ihrem eigenen Tempo Nicht stornierbar [&hellip;]<\/p>\n","protected":false},"author":10,"featured_media":14954,"parent":0,"menu_order":0,"comment_status":"closed","ping_status":"closed","template":"","meta":{"footnotes":""},"tags":[69],"class_list":["post-14953","page","type-page","status-publish","has-post-thumbnail","hentry","tag-sales-pages","post-wrapper","thrv_wrapper"],"wp-worthy-pixel":{"ignored":false,"public":null,"server":null,"url":null},"wp-worthy-type":"normal","_links":{"self":[{"href":"https:\/\/www.paristouristinformation.fr\/de\/wp-json\/wp\/v2\/pages\/14953","targetHints":{"allow":["GET"]}}],"collection":[{"href":"https:\/\/www.paristouristinformation.fr\/de\/wp-json\/wp\/v2\/pages"}],"about":[{"href":"https:\/\/www.paristouristinformation.fr\/de\/wp-json\/wp\/v2\/types\/page"}],"author":[{"embeddable":true,"href":"https:\/\/www.paristouristinformation.fr\/de\/wp-json\/wp\/v2\/users\/10"}],"replies":[{"embeddable":true,"href":"https:\/\/www.paristouristinformation.fr\/de\/wp-json\/wp\/v2\/comments?post=14953"}],"version-history":[{"count":9,"href":"https:\/\/www.paristouristinformation.fr\/de\/wp-json\/wp\/v2\/pages\/14953\/revisions"}],"predecessor-version":[{"id":15280,"href":"https:\/\/www.paristouristinformation.fr\/de\/wp-json\/wp\/v2\/pages\/14953\/revisions\/15280"}],"wp:featuredmedia":[{"embeddable":true,"href":"https:\/\/www.paristouristinformation.fr\/de\/wp-json\/wp\/v2\/media\/14954"}],"wp:attachment":[{"href":"https:\/\/www.paristouristinformation.fr\/de\/wp-json\/wp\/v2\/media?parent=14953"}],"wp:term":[{"taxonomy":"post_tag","embeddable":true,"href":"https:\/\/www.paristouristinformation.fr\/de\/wp-json\/wp\/v2\/tags?post=14953"}],"curies":[{"name":"wp","href":"https:\/\/api.w.org\/{rel}","templated":true}]}}