{"id":14976,"date":"2026-02-13T13:39:53","date_gmt":"2026-02-13T13:39:53","guid":{"rendered":"https:\/\/www.paristouristinformation.fr\/de\/?page_id=14976"},"modified":"2026-02-13T13:43:40","modified_gmt":"2026-02-13T13:43:40","slug":"musee-rodin-tickets-ohne-anstehen","status":"publish","type":"page","link":"https:\/\/www.paristouristinformation.fr\/de\/musee-rodin-tickets-ohne-anstehen\/","title":{"rendered":"Mus\u00e9e Rodin Tickets ohne Anstehen"},"content":{"rendered":"<p><span><img decoding=\"async\" alt=\"\" data-id=\"14180\" width=\"1200\" height=\"750\" title=\"Rodin Museum &amp; Skulpturen Garten Skip-the-Line Tickets 5\" src=\"https:\/\/paristouristinformation.fr\/wp-content\/uploads\/2024\/10\/Rodin-Museum-Sculptures-Garden-Skip-the-Line-Tickets-5-1024x640.avif\" data-src=\"https:\/\/paristouristinformation.fr\/wp-content\/uploads\/2024\/10\/Rodin-Museum-Sculptures-Garden-Skip-the-Line-Tickets-5-300x188.avif\" loading=\"lazy\" data-sizes=\"{&quot;thumbnail&quot;:{&quot;url&quot;:&quot;https:\/\/paristouristinformation.fr\/wp-content\/uploads\/2024\/10\/Rodin-Museum-Sculptures-Garden-Skip-the-Line-Tickets-5-333x205.avif&quot;,&quot;height&quot;:205,&quot;width&quot;:333,&quot;orientation&quot;:&quot;landscape&quot;},&quot;medium&quot;:{&quot;url&quot;:&quot;https:\/\/paristouristinformation.fr\/wp-content\/uploads\/2024\/10\/Rodin-Museum-Sculptures-Garden-Skip-the-Line-Tickets-5-300x188.avif&quot;,&quot;height&quot;:188,&quot;width&quot;:300,&quot;orientation&quot;:&quot;landscape&quot;},&quot;large&quot;:{&quot;url&quot;:&quot;https:\/\/paristouristinformation.fr\/wp-content\/uploads\/2024\/10\/Rodin-Museum-Sculptures-Garden-Skip-the-Line-Tickets-5-1024x640.avif&quot;,&quot;height&quot;:640,&quot;width&quot;:1024,&quot;orientation&quot;:&quot;landscape&quot;},&quot;full&quot;:{&quot;url&quot;:&quot;https:\/\/paristouristinformation.fr\/wp-content\/uploads\/2024\/10\/Rodin-Museum-Sculptures-Garden-Skip-the-Line-Tickets-5.avif&quot;,&quot;height&quot;:750,&quot;width&quot;:1200,&quot;orientation&quot;:&quot;landscape&quot;}}\"><\/span><span><img decoding=\"async\" alt=\"\" data-id=\"14181\" width=\"1200\" height=\"750\" title=\"Rodin Museum &amp; Skulpturen Garten Skip-the-Line Tickets 4\" src=\"https:\/\/paristouristinformation.fr\/wp-content\/uploads\/2024\/10\/Rodin-Museum-Sculptures-Garden-Skip-the-Line-Tickets-4-1024x640.avif\" data-src=\"https:\/\/paristouristinformation.fr\/wp-content\/uploads\/2024\/10\/Rodin-Museum-Sculptures-Garden-Skip-the-Line-Tickets-4-300x188.avif\" loading=\"lazy\" data-sizes=\"{&quot;thumbnail&quot;:{&quot;url&quot;:&quot;https:\/\/paristouristinformation.fr\/wp-content\/uploads\/2024\/10\/Rodin-Museum-Sculptures-Garden-Skip-the-Line-Tickets-4-333x205.avif&quot;,&quot;height&quot;:205,&quot;width&quot;:333,&quot;orientation&quot;:&quot;landscape&quot;},&quot;medium&quot;:{&quot;url&quot;:&quot;https:\/\/paristouristinformation.fr\/wp-content\/uploads\/2024\/10\/Rodin-Museum-Sculptures-Garden-Skip-the-Line-Tickets-4-300x188.avif&quot;,&quot;height&quot;:188,&quot;width&quot;:300,&quot;orientation&quot;:&quot;landscape&quot;},&quot;large&quot;:{&quot;url&quot;:&quot;https:\/\/paristouristinformation.fr\/wp-content\/uploads\/2024\/10\/Rodin-Museum-Sculptures-Garden-Skip-the-Line-Tickets-4-1024x640.avif&quot;,&quot;height&quot;:640,&quot;width&quot;:1024,&quot;orientation&quot;:&quot;landscape&quot;},&quot;full&quot;:{&quot;url&quot;:&quot;https:\/\/paristouristinformation.fr\/wp-content\/uploads\/2024\/10\/Rodin-Museum-Sculptures-Garden-Skip-the-Line-Tickets-4.avif&quot;,&quot;height&quot;:750,&quot;width&quot;:1200,&quot;orientation&quot;:&quot;landscape&quot;}}\"><\/span><span><img decoding=\"async\" alt=\"\" data-id=\"14182\" width=\"1200\" height=\"750\" title=\"Rodin Museum &amp; Skulpturen Garten Skip-the-Line Tickets 3\" src=\"https:\/\/paristouristinformation.fr\/wp-content\/uploads\/2024\/10\/Rodin-Museum-Sculptures-Garden-Skip-the-Line-Tickets-3-1024x640.avif\" data-src=\"https:\/\/paristouristinformation.fr\/wp-content\/uploads\/2024\/10\/Rodin-Museum-Sculptures-Garden-Skip-the-Line-Tickets-3-300x188.avif\" loading=\"lazy\" data-sizes=\"{&quot;thumbnail&quot;:{&quot;url&quot;:&quot;https:\/\/paristouristinformation.fr\/wp-content\/uploads\/2024\/10\/Rodin-Museum-Sculptures-Garden-Skip-the-Line-Tickets-3-333x205.avif&quot;,&quot;height&quot;:205,&quot;width&quot;:333,&quot;orientation&quot;:&quot;landscape&quot;},&quot;medium&quot;:{&quot;url&quot;:&quot;https:\/\/paristouristinformation.fr\/wp-content\/uploads\/2024\/10\/Rodin-Museum-Sculptures-Garden-Skip-the-Line-Tickets-3-300x188.avif&quot;,&quot;height&quot;:188,&quot;width&quot;:300,&quot;orientation&quot;:&quot;landscape&quot;},&quot;large&quot;:{&quot;url&quot;:&quot;https:\/\/paristouristinformation.fr\/wp-content\/uploads\/2024\/10\/Rodin-Museum-Sculptures-Garden-Skip-the-Line-Tickets-3-1024x640.avif&quot;,&quot;height&quot;:640,&quot;width&quot;:1024,&quot;orientation&quot;:&quot;landscape&quot;},&quot;full&quot;:{&quot;url&quot;:&quot;https:\/\/paristouristinformation.fr\/wp-content\/uploads\/2024\/10\/Rodin-Museum-Sculptures-Garden-Skip-the-Line-Tickets-3.avif&quot;,&quot;height&quot;:750,&quot;width&quot;:1200,&quot;orientation&quot;:&quot;landscape&quot;}}\"><\/span><span><img decoding=\"async\" alt=\"\" data-id=\"14183\" width=\"1200\" height=\"750\" title=\"Rodin Museum &amp; Skulpturen Garten Skip-the-Line Tickets 2\" src=\"https:\/\/paristouristinformation.fr\/wp-content\/uploads\/2024\/10\/Rodin-Museum-Sculptures-Garden-Skip-the-Line-Tickets-2-1024x640.avif\" data-src=\"https:\/\/paristouristinformation.fr\/wp-content\/uploads\/2024\/10\/Rodin-Museum-Sculptures-Garden-Skip-the-Line-Tickets-2-300x188.avif\" loading=\"lazy\" data-sizes=\"{&quot;thumbnail&quot;:{&quot;url&quot;:&quot;https:\/\/paristouristinformation.fr\/wp-content\/uploads\/2024\/10\/Rodin-Museum-Sculptures-Garden-Skip-the-Line-Tickets-2-333x205.avif&quot;,&quot;height&quot;:205,&quot;width&quot;:333,&quot;orientation&quot;:&quot;landscape&quot;},&quot;medium&quot;:{&quot;url&quot;:&quot;https:\/\/paristouristinformation.fr\/wp-content\/uploads\/2024\/10\/Rodin-Museum-Sculptures-Garden-Skip-the-Line-Tickets-2-300x188.avif&quot;,&quot;height&quot;:188,&quot;width&quot;:300,&quot;orientation&quot;:&quot;landscape&quot;},&quot;large&quot;:{&quot;url&quot;:&quot;https:\/\/paristouristinformation.fr\/wp-content\/uploads\/2024\/10\/Rodin-Museum-Sculptures-Garden-Skip-the-Line-Tickets-2-1024x640.avif&quot;,&quot;height&quot;:640,&quot;width&quot;:1024,&quot;orientation&quot;:&quot;landscape&quot;},&quot;full&quot;:{&quot;url&quot;:&quot;https:\/\/paristouristinformation.fr\/wp-content\/uploads\/2024\/10\/Rodin-Museum-Sculptures-Garden-Skip-the-Line-Tickets-2.avif&quot;,&quot;height&quot;:750,&quot;width&quot;:1200,&quot;orientation&quot;:&quot;landscape&quot;}}\"><\/span><span><img decoding=\"async\" alt=\"\" data-id=\"14184\" width=\"1200\" height=\"750\" title=\"Rodin Museum &amp; Skulpturen Garten Skip-the-Line Tickets 1\" src=\"https:\/\/paristouristinformation.fr\/wp-content\/uploads\/2024\/10\/Rodin-Museum-Sculptures-Garden-Skip-the-Line-Tickets-1-1024x640.avif\" data-src=\"https:\/\/paristouristinformation.fr\/wp-content\/uploads\/2024\/10\/Rodin-Museum-Sculptures-Garden-Skip-the-Line-Tickets-1-300x188.avif\" loading=\"lazy\" data-sizes=\"{&quot;thumbnail&quot;:{&quot;url&quot;:&quot;https:\/\/paristouristinformation.fr\/wp-content\/uploads\/2024\/10\/Rodin-Museum-Sculptures-Garden-Skip-the-Line-Tickets-1-333x205.avif&quot;,&quot;height&quot;:205,&quot;width&quot;:333,&quot;orientation&quot;:&quot;landscape&quot;},&quot;medium&quot;:{&quot;url&quot;:&quot;https:\/\/paristouristinformation.fr\/wp-content\/uploads\/2024\/10\/Rodin-Museum-Sculptures-Garden-Skip-the-Line-Tickets-1-300x188.avif&quot;,&quot;height&quot;:188,&quot;width&quot;:300,&quot;orientation&quot;:&quot;landscape&quot;},&quot;large&quot;:{&quot;url&quot;:&quot;https:\/\/paristouristinformation.fr\/wp-content\/uploads\/2024\/10\/Rodin-Museum-Sculptures-Garden-Skip-the-Line-Tickets-1-1024x640.avif&quot;,&quot;height&quot;:640,&quot;width&quot;:1024,&quot;orientation&quot;:&quot;landscape&quot;},&quot;full&quot;:{&quot;url&quot;:&quot;https:\/\/paristouristinformation.fr\/wp-content\/uploads\/2024\/10\/Rodin-Museum-Sculptures-Garden-Skip-the-Line-Tickets-1.avif&quot;,&quot;height&quot;:750,&quot;width&quot;:1200,&quot;orientation&quot;:&quot;landscape&quot;}}\"><\/span><span><img decoding=\"async\" alt=\"\" data-id=\"14185\" width=\"1200\" height=\"750\" title=\"Rodin Museum &amp; Skulpturen Garten Skip-the-Line Tickets\" src=\"https:\/\/paristouristinformation.fr\/wp-content\/uploads\/2024\/10\/Rodin-Museum-Sculptures-Garden-Skip-the-Line-Tickets-1024x640.avif\" data-src=\"https:\/\/paristouristinformation.fr\/wp-content\/uploads\/2024\/10\/Rodin-Museum-Sculptures-Garden-Skip-the-Line-Tickets-300x188.avif\" loading=\"lazy\" data-sizes=\"{&quot;thumbnail&quot;:{&quot;url&quot;:&quot;https:\/\/paristouristinformation.fr\/wp-content\/uploads\/2024\/10\/Rodin-Museum-Sculptures-Garden-Skip-the-Line-Tickets-333x205.avif&quot;,&quot;height&quot;:205,&quot;width&quot;:333,&quot;orientation&quot;:&quot;landscape&quot;},&quot;medium&quot;:{&quot;url&quot;:&quot;https:\/\/paristouristinformation.fr\/wp-content\/uploads\/2024\/10\/Rodin-Museum-Sculptures-Garden-Skip-the-Line-Tickets-300x188.avif&quot;,&quot;height&quot;:188,&quot;width&quot;:300,&quot;orientation&quot;:&quot;landscape&quot;},&quot;large&quot;:{&quot;url&quot;:&quot;https:\/\/paristouristinformation.fr\/wp-content\/uploads\/2024\/10\/Rodin-Museum-Sculptures-Garden-Skip-the-Line-Tickets-1024x640.avif&quot;,&quot;height&quot;:640,&quot;width&quot;:1024,&quot;orientation&quot;:&quot;landscape&quot;},&quot;full&quot;:{&quot;url&quot;:&quot;https:\/\/paristouristinformation.fr\/wp-content\/uploads\/2024\/10\/Rodin-Museum-Sculptures-Garden-Skip-the-Line-Tickets.avif&quot;,&quot;height&quot;:750,&quot;width&quot;:1200,&quot;orientation&quot;:&quot;landscape&quot;}}\"><\/span><\/p>\n<h1>Mus\u00e9e Rodin: Ohne Anstehen<\/h1>\n<h2><a href=\"https:\/\/www.tiqets.com\/de\/things-to-do-in-paris-c66746\/tickets-for-musee-rodin-skip-the-line-p978005\/?partner=paristouristinformation&amp;tq_campaign=DeMuseeRodinGttd\" target=\"_blank\" rel=\"nofollow noopener\" style=\"outline: none;\">Zur Buchung<\/a><\/h2>\n<p style=\"\"><a href=\"https:\/\/www.tiqets.com\/de\/things-to-do-in-paris-c66746\/tickets-for-musee-rodin-skip-the-line-p978005\/?partner=paristouristinformation&amp;tq_campaign=DeMuseeRodinGttd\" target=\"_blank\" rel=\"nofollow noopener\" style=\"outline: none;\">Preis ab<\/a><\/p>\n<h1><a href=\"https:\/\/www.tiqets.com\/de\/things-to-do-in-paris-c66746\/tickets-for-musee-rodin-skip-the-line-p978005\/?partner=paristouristinformation&amp;tq_campaign=DeMuseeRodinGttd\" target=\"_blank\" rel=\"nofollow noopener\" style=\"outline: none;\"><strong>15,00 \u20ac<\/strong><\/a><\/h1>\n<p dir=\"ltr\">Entdecken Sie die Welt des Bildhauers Auguste Rodin im Rodin Museum in Paris. Das <strong>Mus\u00e9e Rodin Ticket ohne Anstehen <\/strong>bietet Zugang zu den atemberaubenden Skulpturensammlungen des Museums und seinem wundersch\u00f6n gepflegten <strong>Garten<\/strong>, was es zu einem inspirierenden Besuch f\u00fcr Kunstliebhaber macht. Zu den H\u00f6hepunkten geh\u00f6rt <strong>Rodins ikonisches Meisterwerk ,,Der Denker&#8220;,<\/strong> das im Garten des Museums ausgestellt ist, ein unumg\u00e4ngliches Symbol f\u00fcr philosophische Reflexion und k\u00fcnstlerisches Genie.<\/p>\n<ul>\n<li style=\"\"><span style=\"\">Mobiles oder gedrucktes Ticket akzeptiert<\/span><\/li>\n<li style=\"\">                    <span style=\"\">Sofortige Best\u00e4tigung<\/span><\/li>\n<li style=\"\"><span style=\"\">\u00dcberspringen Sie die Warteschlange<\/span><\/li>\n<li><span>&nbsp;Stornierbare Tickets verf\u00fcgbar<\/span><\/li>\n<\/ul>\n<h2>Inbegriffen<\/h2>\n<ul>\n<li style=\"\">                    <span><span data-olk-copy-source=\"MessageBody\">Skip-the-the-Line-Eintritt in das Rodin Museum<\/span><\/span><\/li>\n<li style=\"\">                    <span><span data-olk-copy-source=\"MessageBody\">Zugang zu den st\u00e4ndigen und tempor\u00e4ren Sammlungen des Museums<\/span><\/span><\/li>\n<li style=\"\">                    <span><span data-olk-copy-source=\"MessageBody\">Eingang zum Skulpturengarten des Museums<\/span><\/span><\/li>\n<\/ul>\n<h2>Nicht inbegriffen<\/h2>\n<ul>\n<li style=\"\"><span><span data-olk-copy-source=\"MessageBody\">F\u00fchrungen<\/span><\/span><\/li>\n<li><span><span data-olk-copy-source=\"MessageBody\">Audioguide (gegen Aufpreis erh\u00e4ltlich)<\/span><\/span><\/li>\n<li style=\"\"><span><span data-olk-copy-source=\"MessageBody\">Speisen und Getr\u00e4nke<\/span><\/span><\/li>\n<\/ul>\n<h2>Wichtige Informationen<\/h2>\n<ul>\n<li style=\"\"><span><span data-olk-copy-source=\"MessageBody\">Blitzfotografie ist im Veranstaltungsort nicht erlaubt.<\/span><\/span><\/li>\n<li><span><span data-olk-copy-source=\"MessageBody\">Mit diesen Tickets k\u00f6nnen Sie Ticket-Warteschlangen \u00fcberspringen, aber nicht Sicherheitslinien.<\/span><\/span><\/li>\n<li><span><span data-olk-copy-source=\"MessageBody\">Gro\u00dfe Taschen und Koffer aller Gr\u00f6\u00dfen sind nicht erlaubt. Kleine Rucks\u00e4cke sind erlaubt, m\u00fcssen aber aufbewahrt werden. Schlie\u00dff\u00e4cher stehen Ihnen am Eingang des Museums zur Verf\u00fcgung.<\/span><\/span><\/li>\n<li><span><span data-olk-copy-source=\"MessageBody\">Zu den Annehmlichkeiten geh\u00f6ren eine Garderobe, Toiletten und kostenloses WLAN.<\/span><\/span><\/li>\n<li><span><span data-olk-copy-source=\"MessageBody\">Braille und Audio-Signage sind f\u00fcr dieses Erlebnis leicht zug\u00e4nglich.<\/span><\/span><\/li>\n<li><span><span data-olk-copy-source=\"MessageBody\">Das Museum ist rollstuhlgerecht<\/span><\/span><\/li>\n<li><span><span data-olk-copy-source=\"MessageBody\">Tickets sind nur am ausgew\u00e4hlten Datum g\u00fcltig<\/span><\/span><\/li>\n<\/ul>\n<h2>Beschreibung:<\/h2>\n<p data-pm-slice=\"1 1 []\">Treten Sie ein in das k\u00fcnstlerische Verm\u00e4chtnis von Auguste Rodin im Rodin Museum (Mus\u00e9e Rodin), wo seine <strong>ber\u00fchmtesten Skulpturen, <\/strong>darunter The Thinker und The Kiss, ausgestellt sind. Mit <strong>Zugang ohne Anstehen <\/strong>genie\u00dfen <strong>Sie <\/strong>einen entspannten und immersiven Besuch durch das <strong>Museum <\/strong>und seinen bezaubernden <strong>Skulpturengarten.<\/strong><\/p>\n<p data-pm-slice=\"1 1 []\"><strong>Rodins <em>Denker<\/em>, <\/strong>eine der kultigsten Skulpturen der Kunstgeschichte, f\u00e4ngt die menschliche Kontemplation kraftvoll ein und ist zu einem universellen Symbol f\u00fcr intellektuelle Tiefe und Selbstbeobachtung geworden.<\/p>\n<h2>H\u00f6hepunkte:<\/h2>\n<ul>\n<li><strong><span data-olk-copy-source=\"MessageBody\">\u00dcberspringen Sie die langen Warteschlangen <\/span><\/strong><span data-olk-copy-source=\"MessageBody\">und beginnen Sie sofort mit Ihrem Schnelleintritt zu erkunden.<\/span><\/li>\n<li><strong>Bestaunen Sie Meisterwerke <\/strong>wie <em>The Thinker <\/em>und <em>The Gates of Hell <\/em>in der st\u00e4ndigen Sammlung des Museums.<\/li>\n<li><strong><span data-olk-copy-source=\"MessageBody\">Schlendern Sie <\/span><\/strong><span data-olk-copy-source=\"MessageBody\">durch den ruhigen Skulpturengarten, in dem sich Kunst und Natur wunderbar vermischen.<\/span><\/li>\n<li><strong><span data-olk-copy-source=\"MessageBody\">Entdecken Sie <\/span><\/strong><span data-olk-copy-source=\"MessageBody\">Werke anderer prominenter K\u00fcnstler, darunter Camille Claudel, Rodins Sch\u00fctzling.<\/span><\/li>\n<li><strong><span data-olk-copy-source=\"MessageBody\">Erfahren Sie mehr <\/span><\/strong><span data-olk-copy-source=\"MessageBody\">\u00fcber Rodins Leben und Verm\u00e4chtnis durch verschiedene tempor\u00e4re Ausstellungen und Installationen.<\/span><\/li>\n<\/ul>\n<h1 data-qa-marker=\"product-name\">Rodin Museum &amp; Skulpturen Garten<\/h1>\n<p dir=\"ltr\"><span data-olk-copy-source=\"MessageBody\">77 Rue de Varenne, 75007 Paris, Frankreich<\/span><\/p>\n<h2>Stornierungsrichtlinien<\/h2>\n<p data-olk-copy-source=\"MessageBody\">Tickets sind nicht stornierbar, es sei denn, Sie w\u00e4hlen ein stornierbares Ticket w\u00e4hrend des Bezahlvorgangs.<\/p>\n<h2>Treffpunkt &amp; Anleitung<\/h2>\n<p dir=\"ltr\"><span data-olk-copy-source=\"MessageBody\">Legen Sie Ihr Ticket mit einem g\u00fcltigen Lichtbildausweis am Haupteingang des Rodin-Museums vor. Kommen Sie mindestens 15 Minuten vor dem von Ihnen gew\u00e4hlten Zeitfenster f\u00fcr einen reibungslosen Eingabeprozess.<\/span><\/p>\n<p><a href=\"https:\/\/maps.app.goo.gl\/6xEPxY6Ko9AjSeLM9\" style=\"outline: none;\" data-lt-tmp-id=\"lt-493778\" spellcheck=\"false\" target=\"_blank\" rel=\"nofollow noopener\">In Karten \u00f6ffnen<\/a><\/p>\n<h2>Bewertungen&nbsp;<\/h2>\n<p><strong>4,8\/5 <\/strong><strong>(2.073 Bewertungen)<\/strong><\/p>\n<p dir=\"ltr\">&#8222;Keine Wartezeit in der Schlange. Leicht zu findender Eintrag. Das Museum war geschlossen, als wir das letzte Mal in Paris waren. Wir haben uns darauf gefreut, dieses Mal zu gehen und die Erfahrung sehr genossen!&#8220; Joanne, Okt. 2024 <a href=\"https:\/\/www.tiqets.com\/de\/things-to-do-in-paris-c66746\/tickets-for-musee-rodin-skip-the-line-p978005\/?partner=paristouristinformation&amp;tq_campaign=DeMuseeRodinGttd\" target=\"_blank\" rel=\"nofollow noopener\" style=\"outline: none;\" spellcheck=\"false\">&gt;&gt; Weitere Bewertungen anzeigen<\/a><\/p>\n<h2>Weitere Aktivit\u00e4ten, die Ihnen gefallen k\u00f6nnten<\/h2>\n<p><span>#2<\/span><span>#2<\/span><span>#1<\/span><span><img decoding=\"async\" alt=\"\" data-id=\"13911\" width=\"159\" data-init-width=\"1200\" height=\"99\" data-init-height=\"750\" title=\"Versailles Tickets\" loading=\"lazy\" src=\"https:\/\/paristouristinformation.fr\/wp-content\/uploads\/2024\/09\/Versailles-Tickets.avif\" data-width=\"159\" data-height=\"99\" style=\"aspect-ratio: auto 1200 \/ 750;\"><\/span><\/p>\n<table>\n<tbody>\n<tr>\n<td><a href=\"https:\/\/www.headout.com\/de\/schloss-versailles-tickets\/schloss-versailles-tickets-e-7654\/?affiliate_code=KXkQ69&amp;utm_campaign=parisdeversaillesgttd&amp;utm_content=link&amp;utm_medium=affiliate&amp;utm_source=most_amazing_places\" target=\"_blank\" rel=\"nofollow noopener\" style=\"outline: none;\" data-lt-tmp-id=\"lt-429925\" spellcheck=\"false\">Schloss von Versailles und G\u00e4rten Fast-Track-Tickets mit Musical Gardens Show<\/a><\/td>\n<\/tr>\n<\/tbody>\n<\/table>\n<p dir=\"ltr\">Erleben Sie die Pracht des pr\u00e4chtigen Schlosses von Versailles mit schnellem Zugang zum Spiegelsaal, den k\u00f6niglichen Apartments und den atemberaubenden G\u00e4rten.<\/p>\n<h3 style=\"\">Gesamtpreis<\/h3>\n<h3 style=\"\">Ihr Konto wird noch nicht belastet<\/h3>\n<p><span>#2<\/span><span>#2<\/span><span style=\"\"><img decoding=\"async\" alt=\"Tickets f\u00fcr das Louvre-Museum ohne Anstehen + private F\u00fchrung\" data-id=\"10165\" width=\"159\" data-init-width=\"800\" height=\"159\" data-init-height=\"800\" title=\"Tickets f\u00fcr das Louvre-Museum ohne Anstehen + private F\u00fchrung\" loading=\"lazy\" src=\"https:\/\/www.paristouristinformation.fr\/de\/wp-content\/uploads\/2026\/01\/Tickets-for-Louvre-Museum-Skip-The-Line-Private-Guided-Tour-1.jpg\" data-width=\"159\" data-height=\"159\" style=\"aspect-ratio: auto 800 \/ 800;\" mt-d=\"-2.015625\" ml-d=\"0\"><\/span><\/p>\n<table>\n<tbody>\n<tr>\n<td><a href=\"https:\/\/www.headout.com\/de\/paris-louvre-tickets\/louvre-tickets-garantierter-einlass-innerhalb-von-30-minuten-e-3909\/?affiliate_code=KXkQ69&amp;utm_campaign=parisdelouvremuseumgttd&amp;utm_content=link&amp;utm_medium=affiliate&amp;utm_source=most_amazing_places\" target=\"_blank\" rel=\"nofollow noopener\" style=\"outline: none;\" data-lt-tmp-id=\"lt-660056\" spellcheck=\"false\">Reservierte Eintrittskarten f\u00fcr das Louvre-Museum mit optionalem Audioguide<\/a><\/td>\n<\/tr>\n<\/tbody>\n<\/table>\n<p>Erschlie\u00dfen Sie die Wunder des Louvre-Museums mit einem schnellen Eintritt, so dass Sie mehr Zeit haben, einen weltber\u00fchmten Kulturschatz zu erkunden. Tauchen Sie ein in eine Kunstsammlung, die sich \u00fcber Jahrhunderte erstreckt und Meisterwerke von alten Zivilisationen bis hin zu ikonischer westeurop\u00e4ischer Kunst zeigt.<\/p>\n<h3 style=\"\">Gesamtpreis<\/h3>\n<h3>Ihr Konto wird noch nicht belastet<\/h3>\n<\/p>\n<h2><a href=\"https:\/\/www.tiqets.com\/de\/things-to-do-in-paris-c66746\/tickets-for-musee-rodin-skip-the-line-p978005\/?partner=paristouristinformation&amp;tq_campaign=DeMuseeRodinGttd\" target=\"_blank\" rel=\"nofollow noopener\" style=\"outline: none;\" spellcheck=\"false\">Zur Buchung<\/a><\/h2>\n<p style=\"\"><a href=\"https:\/\/www.tiqets.com\/de\/things-to-do-in-paris-c66746\/tickets-for-musee-rodin-skip-the-line-p978005\/?partner=paristouristinformation&amp;tq_campaign=DeMuseeRodinGttd\" target=\"_blank\" rel=\"nofollow noopener\" style=\"outline: none;\">Preis ab<\/a><\/p>\n<h1><a href=\"https:\/\/www.tiqets.com\/de\/things-to-do-in-paris-c66746\/tickets-for-musee-rodin-skip-the-line-p978005\/?partner=paristouristinformation&amp;tq_campaign=DeMuseeRodinGttd\" target=\"_blank\" rel=\"nofollow noopener\" style=\"outline: none;\"><strong>15,00 \u20ac<\/strong><\/a><\/h1>\n<h3 style=\"\">Ihr Konto wird noch nicht belastet<\/h3>\n","protected":false},"excerpt":{"rendered":"<p>Mus\u00e9e Rodin: Ohne Anstehen Zur Buchung Preis ab 15,00 \u20ac Entdecken Sie die Welt des Bildhauers Auguste Rodin im Rodin Museum in Paris. Das Mus\u00e9e Rodin Ticket ohne Anstehen bietet Zugang zu den atemberaubenden Skulpturensammlungen des Museums und seinem wundersch\u00f6n gepflegten Garten, was es zu einem inspirierenden Besuch f\u00fcr Kunstliebhaber macht. Zu den H\u00f6hepunkten geh\u00f6rt [&hellip;]<\/p>\n","protected":false},"author":10,"featured_media":14975,"parent":0,"menu_order":0,"comment_status":"closed","ping_status":"closed","template":"","meta":{"footnotes":""},"tags":[69],"class_list":["post-14976","page","type-page","status-publish","has-post-thumbnail","hentry","tag-sales-pages","post-wrapper","thrv_wrapper"],"wp-worthy-pixel":{"ignored":false,"public":null,"server":null,"url":null},"wp-worthy-type":"normal","_links":{"self":[{"href":"https:\/\/www.paristouristinformation.fr\/de\/wp-json\/wp\/v2\/pages\/14976","targetHints":{"allow":["GET"]}}],"collection":[{"href":"https:\/\/www.paristouristinformation.fr\/de\/wp-json\/wp\/v2\/pages"}],"about":[{"href":"https:\/\/www.paristouristinformation.fr\/de\/wp-json\/wp\/v2\/types\/page"}],"author":[{"embeddable":true,"href":"https:\/\/www.paristouristinformation.fr\/de\/wp-json\/wp\/v2\/users\/10"}],"replies":[{"embeddable":true,"href":"https:\/\/www.paristouristinformation.fr\/de\/wp-json\/wp\/v2\/comments?post=14976"}],"version-history":[{"count":10,"href":"https:\/\/www.paristouristinformation.fr\/de\/wp-json\/wp\/v2\/pages\/14976\/revisions"}],"predecessor-version":[{"id":15286,"href":"https:\/\/www.paristouristinformation.fr\/de\/wp-json\/wp\/v2\/pages\/14976\/revisions\/15286"}],"wp:featuredmedia":[{"embeddable":true,"href":"https:\/\/www.paristouristinformation.fr\/de\/wp-json\/wp\/v2\/media\/14975"}],"wp:attachment":[{"href":"https:\/\/www.paristouristinformation.fr\/de\/wp-json\/wp\/v2\/media?parent=14976"}],"wp:term":[{"taxonomy":"post_tag","embeddable":true,"href":"https:\/\/www.paristouristinformation.fr\/de\/wp-json\/wp\/v2\/tags?post=14976"}],"curies":[{"name":"wp","href":"https:\/\/api.w.org\/{rel}","templated":true}]}}