{"id":14986,"date":"2026-02-13T13:45:56","date_gmt":"2026-02-13T13:45:56","guid":{"rendered":"https:\/\/www.paristouristinformation.fr\/de\/?page_id=14986"},"modified":"2026-02-13T13:49:15","modified_gmt":"2026-02-13T13:49:15","slug":"aquarium-de-paris-tickets","status":"publish","type":"page","link":"https:\/\/www.paristouristinformation.fr\/de\/aquarium-de-paris-tickets\/","title":{"rendered":"Aquarium de Paris Tickets f\u00fcr bevorzugten Zugang"},"content":{"rendered":"<p><span><img decoding=\"async\" alt=\"\" data-id=\"14167\" width=\"960\" height=\"640\" title=\"Paris- Aquarium de Paris Eintrittskarte 5\" src=\"https:\/\/www.paristouristinformation.fr\/de\/wp-content\/uploads\/2026\/01\/Paris-Aquarium-de-Paris-Entrance-Ticket-5.jpeg\" data-src=\"https:\/\/www.paristouristinformation.fr\/de\/wp-content\/uploads\/2026\/01\/Paris-Aquarium-de-Paris-Entrance-Ticket-5-300x200-1.jpeg\" loading=\"lazy\" data-sizes=\"{&quot;thumbnail&quot;:{&quot;url&quot;:&quot;https:\/\/www.paristouristinformation.fr\/de\/wp-content\/uploads\/2026\/01\/Paris-Aquarium-de-Paris-Entrance-Ticket-5-333x205-1.jpeg&quot;,&quot;height&quot;:205,&quot;width&quot;:333,&quot;orientation&quot;:&quot;landscape&quot;},&quot;medium&quot;:{&quot;url&quot;:&quot;https:\/\/www.paristouristinformation.fr\/de\/wp-content\/uploads\/2026\/01\/Paris-Aquarium-de-Paris-Entrance-Ticket-5-300x200-1.jpeg&quot;,&quot;height&quot;:200,&quot;width&quot;:300,&quot;orientation&quot;:&quot;landscape&quot;},&quot;full&quot;:{&quot;url&quot;:&quot;https:\/\/www.paristouristinformation.fr\/de\/wp-content\/uploads\/2026\/01\/Paris-Aquarium-de-Paris-Entrance-Ticket-5.jpeg&quot;,&quot;height&quot;:640,&quot;width&quot;:960,&quot;orientation&quot;:&quot;landscape&quot;}}\"><\/span><span><img decoding=\"async\" alt=\"\" data-id=\"14168\" width=\"960\" height=\"542\" title=\"Paris- Aquarium de Paris Eintrittskarte 4\" src=\"https:\/\/www.paristouristinformation.fr\/de\/wp-content\/uploads\/2026\/01\/Paris-Aquarium-de-Paris-Entrance-Ticket-4.jpeg\" data-src=\"https:\/\/www.paristouristinformation.fr\/de\/wp-content\/uploads\/2026\/01\/Paris-Aquarium-de-Paris-Entrance-Ticket-4-300x169-1.jpeg\" loading=\"lazy\" data-sizes=\"{&quot;thumbnail&quot;:{&quot;url&quot;:&quot;https:\/\/www.paristouristinformation.fr\/de\/wp-content\/uploads\/2026\/01\/Paris-Aquarium-de-Paris-Entrance-Ticket-4-333x205-1.jpeg&quot;,&quot;height&quot;:205,&quot;width&quot;:333,&quot;orientation&quot;:&quot;landscape&quot;},&quot;medium&quot;:{&quot;url&quot;:&quot;https:\/\/www.paristouristinformation.fr\/de\/wp-content\/uploads\/2026\/01\/Paris-Aquarium-de-Paris-Entrance-Ticket-4-300x169-1.jpeg&quot;,&quot;height&quot;:169,&quot;width&quot;:300,&quot;orientation&quot;:&quot;landscape&quot;},&quot;full&quot;:{&quot;url&quot;:&quot;https:\/\/www.paristouristinformation.fr\/de\/wp-content\/uploads\/2026\/01\/Paris-Aquarium-de-Paris-Entrance-Ticket-4.jpeg&quot;,&quot;height&quot;:542,&quot;width&quot;:960,&quot;orientation&quot;:&quot;landscape&quot;}}\"><\/span><span><img decoding=\"async\" alt=\"\" data-id=\"14169\" width=\"960\" height=\"539\" title=\"Paris- Aquarium de Paris Eintrittskarte 3\" src=\"https:\/\/www.paristouristinformation.fr\/de\/wp-content\/uploads\/2026\/01\/Paris-Aquarium-de-Paris-Entrance-Ticket-3.jpeg\" data-src=\"https:\/\/www.paristouristinformation.fr\/de\/wp-content\/uploads\/2026\/01\/Paris-Aquarium-de-Paris-Entrance-Ticket-3-300x168-1.jpeg\" loading=\"lazy\" data-sizes=\"{&quot;thumbnail&quot;:{&quot;url&quot;:&quot;https:\/\/www.paristouristinformation.fr\/de\/wp-content\/uploads\/2026\/01\/Paris-Aquarium-de-Paris-Entrance-Ticket-3-333x205-1.jpeg&quot;,&quot;height&quot;:205,&quot;width&quot;:333,&quot;orientation&quot;:&quot;landscape&quot;},&quot;medium&quot;:{&quot;url&quot;:&quot;https:\/\/www.paristouristinformation.fr\/de\/wp-content\/uploads\/2026\/01\/Paris-Aquarium-de-Paris-Entrance-Ticket-3-300x168-1.jpeg&quot;,&quot;height&quot;:168,&quot;width&quot;:300,&quot;orientation&quot;:&quot;landscape&quot;},&quot;full&quot;:{&quot;url&quot;:&quot;https:\/\/www.paristouristinformation.fr\/de\/wp-content\/uploads\/2026\/01\/Paris-Aquarium-de-Paris-Entrance-Ticket-3.jpeg&quot;,&quot;height&quot;:539,&quot;width&quot;:960,&quot;orientation&quot;:&quot;landscape&quot;}}\"><\/span><span><img decoding=\"async\" alt=\"\" data-id=\"14170\" width=\"960\" height=\"638\" title=\"Paris- Aquarium de Paris Eintrittskarte 2\" src=\"https:\/\/www.paristouristinformation.fr\/de\/wp-content\/uploads\/2026\/01\/Paris-Aquarium-de-Paris-Entrance-Ticket-2.jpeg\" data-src=\"https:\/\/www.paristouristinformation.fr\/de\/wp-content\/uploads\/2026\/01\/Paris-Aquarium-de-Paris-Entrance-Ticket-2-300x199-1.jpeg\" loading=\"lazy\" data-sizes=\"{&quot;thumbnail&quot;:{&quot;url&quot;:&quot;https:\/\/www.paristouristinformation.fr\/de\/wp-content\/uploads\/2026\/01\/Paris-Aquarium-de-Paris-Entrance-Ticket-2-333x205-1.jpeg&quot;,&quot;height&quot;:205,&quot;width&quot;:333,&quot;orientation&quot;:&quot;landscape&quot;},&quot;medium&quot;:{&quot;url&quot;:&quot;https:\/\/www.paristouristinformation.fr\/de\/wp-content\/uploads\/2026\/01\/Paris-Aquarium-de-Paris-Entrance-Ticket-2-300x199-1.jpeg&quot;,&quot;height&quot;:199,&quot;width&quot;:300,&quot;orientation&quot;:&quot;landscape&quot;},&quot;full&quot;:{&quot;url&quot;:&quot;https:\/\/www.paristouristinformation.fr\/de\/wp-content\/uploads\/2026\/01\/Paris-Aquarium-de-Paris-Entrance-Ticket-2.jpeg&quot;,&quot;height&quot;:638,&quot;width&quot;:960,&quot;orientation&quot;:&quot;landscape&quot;}}\"><\/span><span><img decoding=\"async\" alt=\"\" data-id=\"14171\" width=\"960\" height=\"640\" title=\"Paris- Aquarium de Paris Eintrittskarte 1\" src=\"https:\/\/www.paristouristinformation.fr\/de\/wp-content\/uploads\/2026\/01\/Paris-Aquarium-de-Paris-Entrance-Ticket-1.jpeg\" data-src=\"https:\/\/www.paristouristinformation.fr\/de\/wp-content\/uploads\/2026\/01\/Paris-Aquarium-de-Paris-Entrance-Ticket-1-300x200-1.jpeg\" loading=\"lazy\" data-sizes=\"{&quot;thumbnail&quot;:{&quot;url&quot;:&quot;https:\/\/www.paristouristinformation.fr\/de\/wp-content\/uploads\/2026\/01\/Paris-Aquarium-de-Paris-Entrance-Ticket-1-333x205-1.jpeg&quot;,&quot;height&quot;:205,&quot;width&quot;:333,&quot;orientation&quot;:&quot;landscape&quot;},&quot;medium&quot;:{&quot;url&quot;:&quot;https:\/\/www.paristouristinformation.fr\/de\/wp-content\/uploads\/2026\/01\/Paris-Aquarium-de-Paris-Entrance-Ticket-1-300x200-1.jpeg&quot;,&quot;height&quot;:200,&quot;width&quot;:300,&quot;orientation&quot;:&quot;landscape&quot;},&quot;full&quot;:{&quot;url&quot;:&quot;https:\/\/www.paristouristinformation.fr\/de\/wp-content\/uploads\/2026\/01\/Paris-Aquarium-de-Paris-Entrance-Ticket-1.jpeg&quot;,&quot;height&quot;:640,&quot;width&quot;:960,&quot;orientation&quot;:&quot;landscape&quot;}}\"><\/span><span><img decoding=\"async\" alt=\"\" data-id=\"14172\" width=\"960\" height=\"640\" title=\"Paris- Eintrittskarte f\u00fcr das Aquarium de Paris\" src=\"https:\/\/www.paristouristinformation.fr\/de\/wp-content\/uploads\/2026\/01\/Paris-Aquarium-de-Paris-Entrance-Ticket.jpeg\" data-src=\"https:\/\/www.paristouristinformation.fr\/de\/wp-content\/uploads\/2026\/01\/Paris-Aquarium-de-Paris-Entrance-Ticket-300x200-1.jpeg\" loading=\"lazy\" data-sizes=\"{&quot;thumbnail&quot;:{&quot;url&quot;:&quot;https:\/\/www.paristouristinformation.fr\/de\/wp-content\/uploads\/2026\/01\/Paris-Aquarium-de-Paris-Entrance-Ticket-333x205-1.jpeg&quot;,&quot;height&quot;:205,&quot;width&quot;:333,&quot;orientation&quot;:&quot;landscape&quot;},&quot;medium&quot;:{&quot;url&quot;:&quot;https:\/\/www.paristouristinformation.fr\/de\/wp-content\/uploads\/2026\/01\/Paris-Aquarium-de-Paris-Entrance-Ticket-300x200-1.jpeg&quot;,&quot;height&quot;:200,&quot;width&quot;:300,&quot;orientation&quot;:&quot;landscape&quot;},&quot;full&quot;:{&quot;url&quot;:&quot;https:\/\/www.paristouristinformation.fr\/de\/wp-content\/uploads\/2026\/01\/Paris-Aquarium-de-Paris-Entrance-Ticket.jpeg&quot;,&quot;height&quot;:640,&quot;width&quot;:960,&quot;orientation&quot;:&quot;landscape&quot;}}\"><\/span><\/p>\n<h1 data-qa-marker=\"product-name\">Aquarium de Paris: Tickets f\u00fcr bevorzugten Zugang<\/h1>\n<h2><a href=\"https:\/\/www.headout.com\/de\/aquarium-de-paris-tickets\/aquarium-de-paris-tickets-e-15840\/?affiliate_code=KXkQ69&amp;utm_campaign=parisdeaquariumdeparisgttd&amp;utm_content=link&amp;utm_medium=affiliate&amp;utm_source=most_amazing_places\" target=\"_blank\" rel=\"nofollow noopener\" style=\"outline: none;\">Zur Buchung<\/a><\/h2>\n<p style=\"\"><a href=\"https:\/\/www.headout.com\/de\/aquarium-de-paris-tickets\/aquarium-de-paris-tickets-e-15840\/?affiliate_code=KXkQ69&amp;utm_campaign=parisdeaquariumdeparisgttd&amp;utm_content=link&amp;utm_medium=affiliate&amp;utm_source=most_amazing_places\" target=\"_blank\" rel=\"nofollow noopener\" style=\"outline: none;\">Preis ab<\/a><\/p>\n<h1><a href=\"https:\/\/www.headout.com\/de\/aquarium-de-paris-tickets\/aquarium-de-paris-tickets-e-15840\/?affiliate_code=KXkQ69&amp;utm_campaign=parisdeaquariumdeparisgttd&amp;utm_content=link&amp;utm_medium=affiliate&amp;utm_source=most_amazing_places\" target=\"_blank\" rel=\"nofollow noopener\" style=\"outline: none;\" spellcheck=\"false\"><strong>20,90 \u20ac<\/strong><\/a><\/h1>\n<p dir=\"ltr\">Tauchen Sie ein in eine Unterwasserwelt im Aquarium de Paris \u2013 Cin\u00e9aqua. Diese familienfreundliche Attraktion bietet eine fesselnde Reise durch aquatische \u00d6kosysteme mit \u00fcber 13.000 Meeresbewohnern und unterhaltsamen Aktivit\u00e4ten, was sie zu einem Muss f\u00fcr alle Altersgruppen macht.<\/p>\n<ul>\n<li style=\"\"><span style=\"\">Sorgf\u00e4ltig ausgew\u00e4hltes Ticket<\/span><\/li>\n<li style=\"\"><span style=\"\">Mobiles oder gedrucktes Ticket akzeptiert<\/span><\/li>\n<li style=\"\">                    <span style=\"\">Sofortige Best\u00e4tigung<\/span><\/li>\n<li style=\"\"><span style=\"\">Kostenlose Stornierung<\/span><\/li>\n<\/ul>\n<h2>Inbegriffen<\/h2>\n<ul>\n<li style=\"\">                    <span><span data-olk-copy-source=\"MessageBody\">Eintrittskarte f\u00fcr das Aquarium de Paris<\/span><\/span><\/li>\n<li style=\"\">                    <span><span data-olk-copy-source=\"MessageBody\">Alle Workshops und Shows, die am Tag des Besuchs verf\u00fcgbar sind<\/span><\/span><\/li>\n<\/ul>\n<h2>Nicht inbegriffen<\/h2>\n<ul>\n<li style=\"\"><span><span data-olk-copy-source=\"MessageBody\">F\u00fchrungen<\/span><\/span><\/li>\n<li><span><span data-olk-copy-source=\"MessageBody\">Speisen und Getr\u00e4nke<\/span><\/span><\/li>\n<li style=\"\"><span><span data-olk-copy-source=\"MessageBody\">Souvenirs aus dem Geschenkeladen<\/span><\/span><\/li>\n<\/ul>\n<h2>Wichtige Informationen<\/h2>\n<ul>\n<li style=\"\"><span><span data-olk-copy-source=\"MessageBody\">Besuchen Sie die Website des Aquarium de Paris f\u00fcr die neuesten Updates zu den t\u00e4glichen Programmen.<\/span><\/span><\/li>\n<li style=\"\"><span><span data-olk-copy-source=\"MessageBody\">Ihr Lichtbildausweis kann an der Kontrollkontrolle erforderlich sein, also halte ihn bitte bereit.<\/span><\/span><\/li>\n<li><span><span data-olk-copy-source=\"MessageBody\">Letzter Eintrag 1 Stunde vor Schlie\u00dfung<\/span><\/span><\/li>\n<li><span><span data-olk-copy-source=\"MessageBody\">Kinder unter 3 Jahren haben freien Eintritt<\/span><\/span><\/li>\n<li><span><span data-olk-copy-source=\"MessageBody\">Rollstuhlgerecht<\/span><\/span><\/li>\n<li><span><span data-olk-copy-source=\"MessageBody\">Tickets sind nur am ausgew\u00e4hlten Datum und zur ausgew\u00e4hlten Uhrzeit g\u00fcltig. Kommen Sie p\u00fcnktlich zu Ihrem gew\u00e4hlten Zeitfenster, da ein versp\u00e4teter Einlass nicht erlaubt ist.<\/span><\/span><\/li>\n<li><span><span data-olk-copy-source=\"MessageBody\">Fotografie ist erlaubt, aber kein Blitz<\/span><\/span><\/li>\n<\/ul>\n<h2>Beschreibung:<\/h2>\n<p><span data-olk-copy-source=\"MessageBody\">Entdecken Sie die Wunder des Ozeans im Aquarium de Paris \u2013 Cin\u00e9aqua. Mit 50 Tanks mit Meereslebewesen aus der ganzen Welt k\u00f6nnen Sie Haie, Quallen und lebhaften tropischen Fischen begegnen. Genie\u00dfen Sie interaktive Displays, Live-Shows und Workshops, die Besuchern jeden Alters ein unvergessliches Erlebnis bieten.<\/span><\/p>\n<h2>H\u00f6hepunkte:<\/h2>\n<ul>\n<li><span data-olk-copy-source=\"MessageBody\">Tauchen Sie ein in ein aufregendes Wasserabenteuer im Aquarium de Paris.<\/span><\/li>\n<li><strong><span data-olk-copy-source=\"MessageBody\">Sehen Sie \u00fcber 13.000 Meeresbewohner<\/span><\/strong><span data-olk-copy-source=\"MessageBody\">, darunter majest\u00e4tische Haie und farbenfrohe tropische Fische.<\/span><\/li>\n<li><strong><span data-olk-copy-source=\"MessageBody\">Sehen Sie sich t\u00e4gliche F\u00fctterungssitzungen <\/span><\/strong><span data-olk-copy-source=\"MessageBody\">und fesselnde Live-Shows an.<\/span><\/li>\n<li><strong><span data-olk-copy-source=\"MessageBody\">Lassen Sie die Kinder <\/span><\/strong><span data-olk-copy-source=\"MessageBody\">an praktischen Workshops und unterhaltsamen Aktivit\u00e4ten <\/span><strong><span data-olk-copy-source=\"MessageBody\">teilnehmen<\/span><\/strong><span data-olk-copy-source=\"MessageBody\">.<\/span><\/li>\n<li><strong><span data-olk-copy-source=\"MessageBody\">Erkunden Sie <\/span><\/strong><span data-olk-copy-source=\"MessageBody\">eines der gr\u00f6\u00dften und modernsten Aquarien Europas, das sich direkt im Herzen von Paris befindet.<\/span><\/li>\n<\/ul>\n<h2><span data-olk-copy-source=\"MessageBody\">Aquarium von Paris<\/span><\/h2>\n<p dir=\"ltr\"><b data-olk-copy-source=\"MessageBody\">Adresse<\/b><\/p>\n<p dir=\"ltr\"><b data-olk-copy-source=\"MessageBody\"><\/b>5 Avenue Albert de Mun, 75016 Paris, Frankreich<\/p>\n<h2>Stornierungsrichtlinien<\/h2>\n<p dir=\"ltr\"><span data-olk-copy-source=\"MessageBody\">Stornieren Sie bis zu 24 Stunden im Voraus f\u00fcr eine volle R\u00fcckerstattung<\/span><\/p>\n<h2>Treffpunkt &amp; Anleitung<\/h2>\n<p dir=\"ltr\"><span data-olk-copy-source=\"MessageBody\">Legen Sie Ihr Ticket in der Ticketinhaberlinie des Aquarium de Paris \u2013 Cin\u00e9aqua vor. Bitte kommen Sie mindestens 15 Minuten vor Ihrem <\/span>gew\u00e4hlten Zeitfenster, da ein versp\u00e4teter Eintritt nicht erlaubt ist.<\/p>\n<p><a href=\"https:\/\/www.google.com\/maps\/place\/Aquarium+de+Paris\/@48.8622162,2.2884178,17z\/data=!4m15!1m8!3m7!1s0x47e66fe33c3187e5:0xf88aec5c3eb444e8!2sAquarium+de+Paris!8m2!3d48.8622162!4d2.2909927!10e8!16s%2Fg%2F12fgsgfz5!3m5!1s0x47e66fe33c3187e5:0xf88aec5c3eb444e8!8m2!3d48.8622162!4d2.2909927!16s%2Fg%2F12fgsgfz5?entry=ttu&amp;g_ep=EgoyMDI0MTAyNy4wIKXMDSoASAFQAw%3D%3D\" style=\"outline: none;\" data-lt-tmp-id=\"lt-493778\" spellcheck=\"false\" target=\"_blank\" rel=\"nofollow noopener\">In Karten \u00f6ffnen<\/a><\/p>\n<h2>Bewertungen&nbsp;<\/h2>\n<p><strong>4,5\/ 5 <\/strong><strong>(908 Bewertungen)<\/strong><\/p>\n<p dir=\"ltr\">&#8222;Es war gro\u00dfartig! Wir waren mit unseren beiden Kindern. Wir, die Eltern, haben es auch sehr genossen! Jeden Cent wert Danke\u201c Eitan, September 2024<a href=\"https:\/\/www.headout.com\/de\/aquarium-de-paris-tickets\/aquarium-de-paris-tickets-e-15840\/?affiliate_code=KXkQ69&amp;utm_campaign=parisdeaquariumdeparisgttd&amp;utm_content=link&amp;utm_medium=affiliate&amp;utm_source=most_amazing_places\" target=\"_blank\" rel=\"nofollow noopener\" style=\"outline: none;\" data-lt-tmp-id=\"lt-622012\" spellcheck=\"false\">&gt;&gt; Weitere Bewertungen anzeigen<\/a><\/p>\n<h2>Weitere Aktivit\u00e4ten, die Ihnen gefallen k\u00f6nnten<\/h2>\n<p><span>#2<\/span><span>#2<\/span><span><img decoding=\"async\" alt=\"\" data-id=\"13308\" width=\"159\" data-init-width=\"1556\" height=\"107\" data-init-height=\"1048\" title=\"Louvre-Museum E-Ticket 6\" loading=\"lazy\" src=\"https:\/\/www.paristouristinformation.fr\/de\/wp-content\/uploads\/2026\/01\/Louvre-Museum-E-Ticket-6.png\" data-width=\"159\" data-height=\"107\" style=\"aspect-ratio: auto 1556 \/ 1048;\"><\/span><\/p>\n<table>\n<tbody>\n<tr>\n<td><a href=\"https:\/\/www.headout.com\/de\/paris-louvre-tickets\/louvre-tickets-garantierter-einlass-innerhalb-von-30-minuten-e-3909\/?affiliate_code=KXkQ69&amp;utm_campaign=parisdelouvremuseumgttd&amp;utm_content=link&amp;utm_medium=affiliate&amp;utm_source=most_amazing_places\" target=\"_blank\" rel=\"nofollow noopener\" style=\"outline: none;\" data-lt-tmp-id=\"lt-238447\" spellcheck=\"false\"><strong>Reservierte Eintrittskarten f\u00fcr das Louvre-Museum mit optionalem Audioguide<\/strong><\/a><\/td>\n<\/tr>\n<\/tbody>\n<\/table>\n<p dir=\"ltr\">Erschlie\u00dfen Sie die Wunder des Louvre-Museums mit einem schnellen Eintritt, so dass Sie mehr Zeit haben, einen weltber\u00fchmten Kulturschatz zu erkunden. Tauchen Sie ein in eine Kunstsammlung, die sich \u00fcber Jahrhunderte erstreckt und Meisterwerke von alten Zivilisationen bis hin zu ikonischer westeurop\u00e4ischer Kunst zeigt.<\/p>\n<h3 style=\"\">Gesamtpreis<\/h3>\n<h3 style=\"\">Ihr Konto wird noch nicht belastet.<\/h3>\n<p><span>#2<\/span><span><img decoding=\"async\" alt=\"\" data-id=\"14042\" width=\"159\" data-init-width=\"1600\" height=\"159\" data-init-height=\"1600\" title=\"Seine Flusskreuzfahrt + Disneyland Paris 2\" loading=\"lazy\" src=\"https:\/\/paristouristinformation.fr\/wp-content\/uploads\/2024\/10\/Seine-River-Cruise-Disneyland-Paris-2.avif\" data-width=\"159\" data-height=\"159\" style=\"aspect-ratio: auto 1600 \/ 1600;\"><\/span><\/p>\n<table>\n<tbody>\n<tr>\n<td><a href=\"https:\/\/www.tiqets.com\/de\/disneyland-paris-seine-river-cruise-b2798\/?partner=paristouristinformation&amp;tq_campaign=DisneylandDeParisComboGttd\" target=\"_blank\" rel=\"nofollow noopener\" style=\"outline: none;\" spellcheck=\"false\">Seine Flusskreuzfahrt + Disneyland Paris<\/a><\/td>\n<\/tr>\n<\/tbody>\n<\/table>\n<p>Entdecken Sie das Beste von Paris mit einem magischen Kombiticket, das einen <strong>1-Tages-Pass f\u00fcr Disneyland\u00ae Paris und eine malerische Kreuzfahrt mit der Seine <\/strong>beinhaltet<strong>.<\/strong> Genie\u00dfen Sie eine problemlose Buchung und Zugang zu zwei ikonischen Erlebnissen in einem.<\/p>\n<h3 style=\"\">Gesamtpreis<\/h3>\n<h3 style=\"\">Ihr Konto wird noch nicht belastet.<\/h3>\n<\/p>\n<h2><a href=\"https:\/\/www.headout.com\/de\/aquarium-de-paris-tickets\/aquarium-de-paris-tickets-e-15840\/?affiliate_code=KXkQ69&amp;utm_campaign=parisdeaquariumdeparisgttd&amp;utm_content=link&amp;utm_medium=affiliate&amp;utm_source=most_amazing_places\" target=\"_blank\" rel=\"nofollow noopener\" style=\"outline: none;\" spellcheck=\"false\">Zur Buchung<\/a><\/h2>\n<p style=\"\"><a href=\"https:\/\/www.headout.com\/de\/aquarium-de-paris-tickets\/aquarium-de-paris-tickets-e-15840\/?affiliate_code=KXkQ69&amp;utm_campaign=parisdeaquariumdeparisgttd&amp;utm_content=link&amp;utm_medium=affiliate&amp;utm_source=most_amazing_places\" target=\"_blank\" rel=\"nofollow noopener\" style=\"outline: none;\" spellcheck=\"false\">Preis ab<\/a><\/p>\n<h1><a href=\"https:\/\/www.headout.com\/de\/aquarium-de-paris-tickets\/aquarium-de-paris-tickets-e-15840\/?affiliate_code=KXkQ69&amp;utm_campaign=parisdeaquariumdeparisgttd&amp;utm_content=link&amp;utm_medium=affiliate&amp;utm_source=most_amazing_places\" target=\"_blank\" rel=\"nofollow noopener\" style=\"outline: none;\" spellcheck=\"false\"><strong>20,90 \u20ac<\/strong><\/a><\/h1>\n<p style=\"\">Ihr Konto wird noch nicht belastet.<\/p>\n","protected":false},"excerpt":{"rendered":"<p>Aquarium de Paris: Tickets f\u00fcr bevorzugten Zugang Zur Buchung Preis ab 20,90 \u20ac Tauchen Sie ein in eine Unterwasserwelt im Aquarium de Paris \u2013 Cin\u00e9aqua. Diese familienfreundliche Attraktion bietet eine fesselnde Reise durch aquatische \u00d6kosysteme mit \u00fcber 13.000 Meeresbewohnern und unterhaltsamen Aktivit\u00e4ten, was sie zu einem Muss f\u00fcr alle Altersgruppen macht. Sorgf\u00e4ltig ausgew\u00e4hltes Ticket Mobiles [&hellip;]<\/p>\n","protected":false},"author":10,"featured_media":14974,"parent":0,"menu_order":0,"comment_status":"closed","ping_status":"closed","template":"","meta":{"footnotes":""},"tags":[69],"class_list":["post-14986","page","type-page","status-publish","has-post-thumbnail","hentry","tag-sales-pages","post-wrapper","thrv_wrapper"],"wp-worthy-pixel":{"ignored":false,"public":null,"server":null,"url":null},"wp-worthy-type":"normal","_links":{"self":[{"href":"https:\/\/www.paristouristinformation.fr\/de\/wp-json\/wp\/v2\/pages\/14986","targetHints":{"allow":["GET"]}}],"collection":[{"href":"https:\/\/www.paristouristinformation.fr\/de\/wp-json\/wp\/v2\/pages"}],"about":[{"href":"https:\/\/www.paristouristinformation.fr\/de\/wp-json\/wp\/v2\/types\/page"}],"author":[{"embeddable":true,"href":"https:\/\/www.paristouristinformation.fr\/de\/wp-json\/wp\/v2\/users\/10"}],"replies":[{"embeddable":true,"href":"https:\/\/www.paristouristinformation.fr\/de\/wp-json\/wp\/v2\/comments?post=14986"}],"version-history":[{"count":9,"href":"https:\/\/www.paristouristinformation.fr\/de\/wp-json\/wp\/v2\/pages\/14986\/revisions"}],"predecessor-version":[{"id":15290,"href":"https:\/\/www.paristouristinformation.fr\/de\/wp-json\/wp\/v2\/pages\/14986\/revisions\/15290"}],"wp:featuredmedia":[{"embeddable":true,"href":"https:\/\/www.paristouristinformation.fr\/de\/wp-json\/wp\/v2\/media\/14974"}],"wp:attachment":[{"href":"https:\/\/www.paristouristinformation.fr\/de\/wp-json\/wp\/v2\/media?parent=14986"}],"wp:term":[{"taxonomy":"post_tag","embeddable":true,"href":"https:\/\/www.paristouristinformation.fr\/de\/wp-json\/wp\/v2\/tags?post=14986"}],"curies":[{"name":"wp","href":"https:\/\/api.w.org\/{rel}","templated":true}]}}