{"id":15015,"date":"2026-02-13T13:53:42","date_gmt":"2026-02-13T13:53:42","guid":{"rendered":"https:\/\/www.paristouristinformation.fr\/de\/?page_id=15015"},"modified":"2026-02-13T14:07:03","modified_gmt":"2026-02-13T14:07:03","slug":"grevin-wachsfigurenkabinett-tickets","status":"publish","type":"page","link":"https:\/\/www.paristouristinformation.fr\/de\/grevin-wachsfigurenkabinett-tickets\/","title":{"rendered":"Gr\u00e9vin Wachsfigurenkabinett Tickets"},"content":{"rendered":"<p><span><img decoding=\"async\" alt=\"\" data-id=\"14153\" width=\"1600\" height=\"1600\" title=\"Gr\u00e9vin Wachsfigurenkabinett - Eintrittskarte 5\" src=\"https:\/\/paristouristinformation.fr\/wp-content\/uploads\/2024\/10\/Grevin-Wax-Museum-Entry-Ticket-5-1024x1024.avif\" data-src=\"https:\/\/paristouristinformation.fr\/wp-content\/uploads\/2024\/10\/Grevin-Wax-Museum-Entry-Ticket-5-300x300.avif\" loading=\"lazy\" data-sizes=\"{&quot;thumbnail&quot;:{&quot;url&quot;:&quot;https:\/\/paristouristinformation.fr\/wp-content\/uploads\/2024\/10\/Grevin-Wax-Museum-Entry-Ticket-5-333x205.avif&quot;,&quot;height&quot;:205,&quot;width&quot;:333,&quot;orientation&quot;:&quot;landscape&quot;},&quot;medium&quot;:{&quot;url&quot;:&quot;https:\/\/paristouristinformation.fr\/wp-content\/uploads\/2024\/10\/Grevin-Wax-Museum-Entry-Ticket-5-300x300.avif&quot;,&quot;height&quot;:300,&quot;width&quot;:300,&quot;orientation&quot;:&quot;landscape&quot;},&quot;large&quot;:{&quot;url&quot;:&quot;https:\/\/paristouristinformation.fr\/wp-content\/uploads\/2024\/10\/Grevin-Wax-Museum-Entry-Ticket-5-1024x1024.avif&quot;,&quot;height&quot;:1024,&quot;width&quot;:1024,&quot;orientation&quot;:&quot;landscape&quot;},&quot;full&quot;:{&quot;url&quot;:&quot;https:\/\/paristouristinformation.fr\/wp-content\/uploads\/2024\/10\/Grevin-Wax-Museum-Entry-Ticket-5.avif&quot;,&quot;height&quot;:1600,&quot;width&quot;:1600,&quot;orientation&quot;:&quot;landscape&quot;},&quot;1536x1536&quot;:{&quot;url&quot;:&quot;https:\/\/paristouristinformation.fr\/wp-content\/uploads\/2024\/10\/Grevin-Wax-Museum-Entry-Ticket-5-1536x1536.avif&quot;,&quot;height&quot;:1536,&quot;width&quot;:1536,&quot;orientation&quot;:&quot;landscape&quot;}}\"><\/span><span><img decoding=\"async\" alt=\"\" data-id=\"14154\" width=\"1600\" height=\"1600\" title=\"Gr\u00e9vin Wachsmuseum - Eintrittskarte 4\" src=\"https:\/\/paristouristinformation.fr\/wp-content\/uploads\/2024\/10\/Grevin-Wax-Museum-Entry-Ticket-4-1024x1024.avif\" data-src=\"https:\/\/paristouristinformation.fr\/wp-content\/uploads\/2024\/10\/Grevin-Wax-Museum-Entry-Ticket-4-300x300.avif\" loading=\"lazy\" data-sizes=\"{&quot;thumbnail&quot;:{&quot;url&quot;:&quot;https:\/\/paristouristinformation.fr\/wp-content\/uploads\/2024\/10\/Grevin-Wax-Museum-Entry-Ticket-4-333x205.avif&quot;,&quot;height&quot;:205,&quot;width&quot;:333,&quot;orientation&quot;:&quot;landscape&quot;},&quot;medium&quot;:{&quot;url&quot;:&quot;https:\/\/paristouristinformation.fr\/wp-content\/uploads\/2024\/10\/Grevin-Wax-Museum-Entry-Ticket-4-300x300.avif&quot;,&quot;height&quot;:300,&quot;width&quot;:300,&quot;orientation&quot;:&quot;landscape&quot;},&quot;large&quot;:{&quot;url&quot;:&quot;https:\/\/paristouristinformation.fr\/wp-content\/uploads\/2024\/10\/Grevin-Wax-Museum-Entry-Ticket-4-1024x1024.avif&quot;,&quot;height&quot;:1024,&quot;width&quot;:1024,&quot;orientation&quot;:&quot;landscape&quot;},&quot;full&quot;:{&quot;url&quot;:&quot;https:\/\/paristouristinformation.fr\/wp-content\/uploads\/2024\/10\/Grevin-Wax-Museum-Entry-Ticket-4.avif&quot;,&quot;height&quot;:1600,&quot;width&quot;:1600,&quot;orientation&quot;:&quot;landscape&quot;},&quot;1536x1536&quot;:{&quot;url&quot;:&quot;https:\/\/paristouristinformation.fr\/wp-content\/uploads\/2024\/10\/Grevin-Wax-Museum-Entry-Ticket-4-1536x1536.avif&quot;,&quot;height&quot;:1536,&quot;width&quot;:1536,&quot;orientation&quot;:&quot;landscape&quot;}}\"><\/span><span><img decoding=\"async\" alt=\"\" data-id=\"14156\" width=\"1600\" height=\"1600\" title=\"Gr\u00e9vin Wachsfigurenkabinett - Eintrittskarte 2\" src=\"https:\/\/paristouristinformation.fr\/wp-content\/uploads\/2024\/10\/Grevin-Wax-Museum-Entry-Ticket-2-1024x1024.avif\" data-src=\"https:\/\/paristouristinformation.fr\/wp-content\/uploads\/2024\/10\/Grevin-Wax-Museum-Entry-Ticket-2-300x300.avif\" loading=\"lazy\" data-sizes=\"{&quot;thumbnail&quot;:{&quot;url&quot;:&quot;https:\/\/paristouristinformation.fr\/wp-content\/uploads\/2024\/10\/Grevin-Wax-Museum-Entry-Ticket-2-333x205.avif&quot;,&quot;height&quot;:205,&quot;width&quot;:333,&quot;orientation&quot;:&quot;landscape&quot;},&quot;medium&quot;:{&quot;url&quot;:&quot;https:\/\/paristouristinformation.fr\/wp-content\/uploads\/2024\/10\/Grevin-Wax-Museum-Entry-Ticket-2-300x300.avif&quot;,&quot;height&quot;:300,&quot;width&quot;:300,&quot;orientation&quot;:&quot;landscape&quot;},&quot;large&quot;:{&quot;url&quot;:&quot;https:\/\/paristouristinformation.fr\/wp-content\/uploads\/2024\/10\/Grevin-Wax-Museum-Entry-Ticket-2-1024x1024.avif&quot;,&quot;height&quot;:1024,&quot;width&quot;:1024,&quot;orientation&quot;:&quot;landscape&quot;},&quot;full&quot;:{&quot;url&quot;:&quot;https:\/\/paristouristinformation.fr\/wp-content\/uploads\/2024\/10\/Grevin-Wax-Museum-Entry-Ticket-2.avif&quot;,&quot;height&quot;:1600,&quot;width&quot;:1600,&quot;orientation&quot;:&quot;landscape&quot;},&quot;1536x1536&quot;:{&quot;url&quot;:&quot;https:\/\/paristouristinformation.fr\/wp-content\/uploads\/2024\/10\/Grevin-Wax-Museum-Entry-Ticket-2-1536x1536.avif&quot;,&quot;height&quot;:1536,&quot;width&quot;:1536,&quot;orientation&quot;:&quot;landscape&quot;}}\"><\/span><span><img decoding=\"async\" alt=\"\" data-id=\"14157\" width=\"1600\" height=\"1600\" title=\"Gr\u00e9vin Wachsfigurenkabinett - Eintrittskarte 1\" src=\"https:\/\/paristouristinformation.fr\/wp-content\/uploads\/2024\/10\/Grevin-Wax-Museum-Entry-Ticket-1-1024x1024.avif\" data-src=\"https:\/\/paristouristinformation.fr\/wp-content\/uploads\/2024\/10\/Grevin-Wax-Museum-Entry-Ticket-1-300x300.avif\" loading=\"lazy\" data-sizes=\"{&quot;thumbnail&quot;:{&quot;url&quot;:&quot;https:\/\/paristouristinformation.fr\/wp-content\/uploads\/2024\/10\/Grevin-Wax-Museum-Entry-Ticket-1-333x205.avif&quot;,&quot;height&quot;:205,&quot;width&quot;:333,&quot;orientation&quot;:&quot;landscape&quot;},&quot;medium&quot;:{&quot;url&quot;:&quot;https:\/\/paristouristinformation.fr\/wp-content\/uploads\/2024\/10\/Grevin-Wax-Museum-Entry-Ticket-1-300x300.avif&quot;,&quot;height&quot;:300,&quot;width&quot;:300,&quot;orientation&quot;:&quot;landscape&quot;},&quot;large&quot;:{&quot;url&quot;:&quot;https:\/\/paristouristinformation.fr\/wp-content\/uploads\/2024\/10\/Grevin-Wax-Museum-Entry-Ticket-1-1024x1024.avif&quot;,&quot;height&quot;:1024,&quot;width&quot;:1024,&quot;orientation&quot;:&quot;landscape&quot;},&quot;full&quot;:{&quot;url&quot;:&quot;https:\/\/paristouristinformation.fr\/wp-content\/uploads\/2024\/10\/Grevin-Wax-Museum-Entry-Ticket-1.avif&quot;,&quot;height&quot;:1600,&quot;width&quot;:1600,&quot;orientation&quot;:&quot;landscape&quot;},&quot;1536x1536&quot;:{&quot;url&quot;:&quot;https:\/\/paristouristinformation.fr\/wp-content\/uploads\/2024\/10\/Grevin-Wax-Museum-Entry-Ticket-1-1536x1536.avif&quot;,&quot;height&quot;:1536,&quot;width&quot;:1536,&quot;orientation&quot;:&quot;landscape&quot;}}\"><\/span><span><img decoding=\"async\" alt=\"\" data-id=\"14158\" width=\"1600\" height=\"1600\" title=\"Gr\u00e9vin Wachsfigurenkabinett - Eintrittskarte\" src=\"https:\/\/paristouristinformation.fr\/wp-content\/uploads\/2024\/10\/Grevin-Wax-Museum-Entry-Ticket-1024x1024.avif\" data-src=\"https:\/\/paristouristinformation.fr\/wp-content\/uploads\/2024\/10\/Grevin-Wax-Museum-Entry-Ticket-300x300.avif\" loading=\"lazy\" data-sizes=\"{&quot;thumbnail&quot;:{&quot;url&quot;:&quot;https:\/\/paristouristinformation.fr\/wp-content\/uploads\/2024\/10\/Grevin-Wax-Museum-Entry-Ticket-333x205.avif&quot;,&quot;height&quot;:205,&quot;width&quot;:333,&quot;orientation&quot;:&quot;landscape&quot;},&quot;medium&quot;:{&quot;url&quot;:&quot;https:\/\/paristouristinformation.fr\/wp-content\/uploads\/2024\/10\/Grevin-Wax-Museum-Entry-Ticket-300x300.avif&quot;,&quot;height&quot;:300,&quot;width&quot;:300,&quot;orientation&quot;:&quot;landscape&quot;},&quot;large&quot;:{&quot;url&quot;:&quot;https:\/\/paristouristinformation.fr\/wp-content\/uploads\/2024\/10\/Grevin-Wax-Museum-Entry-Ticket-1024x1024.avif&quot;,&quot;height&quot;:1024,&quot;width&quot;:1024,&quot;orientation&quot;:&quot;landscape&quot;},&quot;full&quot;:{&quot;url&quot;:&quot;https:\/\/paristouristinformation.fr\/wp-content\/uploads\/2024\/10\/Grevin-Wax-Museum-Entry-Ticket.avif&quot;,&quot;height&quot;:1600,&quot;width&quot;:1600,&quot;orientation&quot;:&quot;landscape&quot;},&quot;1536x1536&quot;:{&quot;url&quot;:&quot;https:\/\/paristouristinformation.fr\/wp-content\/uploads\/2024\/10\/Grevin-Wax-Museum-Entry-Ticket-1536x1536.avif&quot;,&quot;height&quot;:1536,&quot;width&quot;:1536,&quot;orientation&quot;:&quot;landscape&quot;}}\"><\/span><span><img decoding=\"async\" alt=\"\" data-id=\"14159\" width=\"1600\" height=\"1600\" title=\"Gr\u00e9vin Wachsmuseum - Eintrittskarte 3\" src=\"https:\/\/paristouristinformation.fr\/wp-content\/uploads\/2024\/10\/Grevin-Wax-Museum-Entry-Ticket-3-1-1024x1024.avif\" data-src=\"https:\/\/paristouristinformation.fr\/wp-content\/uploads\/2024\/10\/Grevin-Wax-Museum-Entry-Ticket-3-1-300x300.avif\" loading=\"lazy\" data-sizes=\"{&quot;thumbnail&quot;:{&quot;url&quot;:&quot;https:\/\/paristouristinformation.fr\/wp-content\/uploads\/2024\/10\/Grevin-Wax-Museum-Entry-Ticket-3-1-333x205.avif&quot;,&quot;height&quot;:205,&quot;width&quot;:333,&quot;orientation&quot;:&quot;landscape&quot;},&quot;medium&quot;:{&quot;url&quot;:&quot;https:\/\/paristouristinformation.fr\/wp-content\/uploads\/2024\/10\/Grevin-Wax-Museum-Entry-Ticket-3-1-300x300.avif&quot;,&quot;height&quot;:300,&quot;width&quot;:300,&quot;orientation&quot;:&quot;landscape&quot;},&quot;large&quot;:{&quot;url&quot;:&quot;https:\/\/paristouristinformation.fr\/wp-content\/uploads\/2024\/10\/Grevin-Wax-Museum-Entry-Ticket-3-1-1024x1024.avif&quot;,&quot;height&quot;:1024,&quot;width&quot;:1024,&quot;orientation&quot;:&quot;landscape&quot;},&quot;full&quot;:{&quot;url&quot;:&quot;https:\/\/paristouristinformation.fr\/wp-content\/uploads\/2024\/10\/Grevin-Wax-Museum-Entry-Ticket-3-1.avif&quot;,&quot;height&quot;:1600,&quot;width&quot;:1600,&quot;orientation&quot;:&quot;landscape&quot;},&quot;1536x1536&quot;:{&quot;url&quot;:&quot;https:\/\/paristouristinformation.fr\/wp-content\/uploads\/2024\/10\/Grevin-Wax-Museum-Entry-Ticket-3-1-1536x1536.avif&quot;,&quot;height&quot;:1536,&quot;width&quot;:1536,&quot;orientation&quot;:&quot;landscape&quot;}}\"><\/span><\/p>\n<h1>Mus\u00e9e Gr\u00e9vin &#8211; Wachsfigurenkabinett Paris: Eintrittskarte<\/h1>\n<h2><a href=\"https:\/\/www.tiqets.com\/de\/things-to-do-in-paris-c66746\/tickets-for-grevin-wax-museum-p974024\/?partner=paristouristinformation&amp;tq_campaign=DeGrevinWaxMuseumGttd\" target=\"_blank\" rel=\"nofollow noopener\" style=\"outline: none;\">Zur Buchung<\/a><\/h2>\n<p style=\"\"><a href=\"https:\/\/www.tiqets.com\/de\/things-to-do-in-paris-c66746\/tickets-for-grevin-wax-museum-p974024\/?partner=paristouristinformation&amp;tq_campaign=DeGrevinWaxMuseumGttd\" target=\"_blank\" rel=\"nofollow noopener\" style=\"outline: none;\">Preis von<\/a><\/p>\n<h1><a href=\"https:\/\/www.tiqets.com\/de\/things-to-do-in-paris-c66746\/tickets-for-grevin-wax-museum-p974024\/?partner=paristouristinformation&amp;tq_campaign=DeGrevinWaxMuseumGttd\" target=\"_blank\" rel=\"nofollow noopener\" style=\"outline: none;\" spellcheck=\"false\"><strong>19,75 \u20ac<\/strong><\/a><\/h1>\n<p dir=\"ltr\">Treten Sie ein in eine Welt des Glamours im Gr\u00e9vin Wax Museum in Paris. Lernen Sie lebensechte Wachsfiguren Ihrer Lieblingsstars, historischen Pers\u00f6nlichkeiten und Sportstars kennen. Mit immersiven Sets und interaktiven Bereichen ist dieses Erlebnis ein Muss f\u00fcr alle Altersgruppen.<\/p>\n<ul>\n<li style=\"\"><span style=\"\">Mobiles oder gedrucktes Ticket akzeptiert<\/span><\/li>\n<li style=\"\">                    <span style=\"\">Sofortige Best\u00e4tigung<\/span><\/li>\n<li style=\"\"><span style=\"\">Eintritt in das Gr\u00e9vin Wax Museum<\/span><\/li>\n<li style=\"\"><span style=\"\">Nicht stornierbar<\/span><\/li>\n<\/ul>\n<h2>Inbegriffen<\/h2>\n<ul>\n<li style=\"\">                    <span><span data-olk-copy-source=\"MessageBody\">Eintritt in das Wachsfigurenkabinett Gr\u00e9vin<\/span><\/span><\/li>\n<\/ul>\n<h2>Nicht inbegriffen<\/h2>\n<ul>\n<li style=\"\"><span><span data-olk-copy-source=\"MessageBody\">Gef\u00fchrte Tour<\/span><\/span><\/li>\n<\/ul>\n<h2>Wichtige Informationen<\/h2>\n<ul>\n<li style=\"\"><span><span data-olk-copy-source=\"MessageBody\">\u00d6ffnungszeiten: T\u00e4glich, 10:00 &#8211; 18:00 Uhr<\/span><\/span><\/li>\n<li><span><span data-olk-copy-source=\"MessageBody\">Letzter Eintrag 1 Stunde vor Schlie\u00dfung<\/span><\/span><\/li>\n<li><span><span data-olk-copy-source=\"MessageBody\">Rollstuhlgerecht<\/span><\/span><\/li>\n<li><span><span data-olk-copy-source=\"MessageBody\">Tickets sind nur f\u00fcr das ausgew\u00e4hlte Datum g\u00fcltig<\/span><\/span><\/li>\n<li><span><span data-olk-copy-source=\"MessageBody\">Fotografie ist erlaubt<\/span><\/span><\/li>\n<\/ul>\n<h2>Beschreibung:<\/h2>\n<p><span data-olk-copy-source=\"MessageBody\">Entdecken Sie eine faszinierende Welt lebensechten Wachsfiguren im Gr\u00e9vin Wax Museum. Von Filmstars bis hin zu historischen Ikonen bietet das Museum ein unterhaltsames und interaktives Erlebnis f\u00fcr die ganze Familie. Mit atemberaubenden Sets und M\u00f6glichkeiten f\u00fcr Selfies mit Ihren Lieblingsfiguren ist es eine einzigartige Art, Ihren Tag in Paris zu verbringen.<\/span><\/p>\n<h2>H\u00f6hepunkte:<\/h2>\n<ul>\n<li><span data-olk-copy-source=\"MessageBody\"><strong>Tauchen Sie <\/strong>direkt <strong>ein <\/strong>in die aufregende Welt des Gr\u00e9vin Wax Museum<\/span><\/li>\n<li><strong><span data-olk-copy-source=\"MessageBody\">Bestaunen <\/span><\/strong><span data-olk-copy-source=\"MessageBody\">Sie unglaublich realistische Wachsfiguren von globalen Stars, historischen Figuren und Sportikonen.<\/span><\/li>\n<li><strong><span data-olk-copy-source=\"MessageBody\">Schlendern Sie <\/span><\/strong><span data-olk-copy-source=\"MessageBody\">durch immersive Themenr\u00e4ume, die jede Figur in spektakul\u00e4ren Umgebungen zum Leben erwecken.<\/span><\/li>\n<li><strong><span data-olk-copy-source=\"MessageBody\">Genie\u00dfen Sie <\/span><\/strong><span data-olk-copy-source=\"MessageBody\">interaktive Exponate, die Sie mit Ihren Lieblingsfiguren in die Action einsteigen lassen.<\/span><\/li>\n<li><strong><span data-olk-copy-source=\"MessageBody\">Machen Sie <\/span><\/strong><span data-olk-copy-source=\"MessageBody\">unvergessliche Fotos mit ber\u00fchmten Wachsfiguren in einem der ber\u00fchmtesten Museen von Paris.<\/span><\/li>\n<\/ul>\n<h2><span data-olk-copy-source=\"MessageBody\">Mus\u00e9e Gr\u00e9vin<\/span><\/h2>\n<p><b data-olk-copy-source=\"MessageBody\">Adresse<\/b><\/p>\n<p>10 Boulevard Montmartre, 75009 Paris, Frankreich<\/p>\n<h2>Stornierungsrichtlinien<\/h2>\n<p dir=\"ltr\"><span data-olk-copy-source=\"MessageBody\"><span data-sheets-root=\"1\">Tickets sind nicht stornierbar und k\u00f6nnen nicht umgebucht werden, es sei denn, Sie w\u00e4hlen beim Auschecken ein stornierbares Ticket.<\/span><\/span><\/p>\n<h2>Treffpunkt &amp; Anleitung<\/h2>\n<p dir=\"ltr\"><span data-olk-copy-source=\"MessageBody\">Zeigen Sie Ihr Ticket am Eingang des Gr\u00e9vin Wax Museum vor. Kommen Sie mindestens 10 Minuten vor der von Ihnen gew\u00e4hlten Einreisezeit an, um einen reibungslosen Zugang zu gew\u00e4hrleisten.<\/span><\/p>\n<p><a href=\"https:\/\/maps.app.goo.gl\/XBXzqZsYmgK45CZG8\" style=\"outline: none;\" data-lt-tmp-id=\"lt-493778\" spellcheck=\"false\" target=\"_blank\" rel=\"nofollow noopener\">In Karten \u00f6ffnen<\/a><\/p>\n<h2>Bewertungen<\/h2>\n<p><strong>4,6\/5 <\/strong><strong>(2.752 Bewertungen)<\/strong><\/p>\n<p dir=\"ltr\">&#8222;Extrem sch\u00f6ne Zimmer und eine wirklich gut gemachte Lichtshow nach dem Eingang. Die Gesichter der Figuren stimmen vielleicht nicht ganz mit dem Original \u00fcberein, aber alles ist immer noch wundersch\u00f6n inszeniert.\u201c Christian, Oktober 2024 <a href=\"https:\/\/www.tiqets.com\/de\/things-to-do-in-paris-c66746\/tickets-for-grevin-wax-museum-p974024\/?partner=paristouristinformation&amp;tq_campaign=DeGrevinWaxMuseumGttd\" target=\"_blank\" rel=\"nofollow noopener\" style=\"outline: none;\" data-lt-tmp-id=\"lt-951357\" spellcheck=\"false\">&gt;&gt; Weitere Bewertungen anzeigen<\/a><\/p>\n<h2>Weitere Aktivit\u00e4ten, die Ihnen gefallen k\u00f6nnten<\/h2>\n<p><span>#2<\/span><span>#2<\/span><span><img decoding=\"async\" alt=\"\" data-id=\"14138\" width=\"159\" data-init-width=\"560\" height=\"159\" data-init-height=\"560\" title=\"Mus\u00e9e Marmottan Monet - Ticket ohne Anstehen\" loading=\"lazy\" src=\"https:\/\/paristouristinformation.fr\/wp-content\/uploads\/2024\/10\/Musee-Marmottan-Monet-Skip-The-Line-Ticket.avif\" data-width=\"159\" data-height=\"159\" style=\"aspect-ratio: auto 560 \/ 560;\"><\/span><\/p>\n<table>\n<tbody>\n<tr>\n<td><a href=\"https:\/\/www.tiqets.com\/de\/things-to-do-in-paris-c66746\/tickets-for-musee-marmottan-monet-p1010182\/?partner=paristouristinformation&amp;tq_campaign=DeMarmottanMonetGttd\" target=\"_blank\" rel=\"nofollow noopener\" style=\"outline: none;\"><strong>Mus\u00e9e Marmottan Monet: Ticket ohne Anstehen<\/strong><\/a><\/td>\n<\/tr>\n<\/tbody>\n<\/table>\n<p dir=\"ltr\">Entdecken Sie die gro\u00dfartigen Werke von Claude Monet im Mus\u00e9e Marmottan Monet in Paris mit einem <strong>Ticket ohne Anstehen.<\/strong>&nbsp;<\/p>\n<h3 style=\"\">Gesamtpreis<\/h3>\n<h3 style=\"\">Ihr Konto wird noch nicht belastet<\/h3>\n<p><span>#2<\/span><span><img decoding=\"async\" alt=\"\" data-id=\"13308\" width=\"159\" data-init-width=\"1556\" height=\"107\" data-init-height=\"1048\" title=\"Louvre-Museum E-Ticket 6\" loading=\"lazy\" src=\"https:\/\/www.paristouristinformation.fr\/de\/wp-content\/uploads\/2026\/01\/Louvre-Museum-E-Ticket-6-2.png\" data-width=\"159\" data-height=\"107\" style=\"aspect-ratio: auto 1556 \/ 1048;\"><\/span><\/p>\n<table>\n<tbody>\n<tr>\n<td><a href=\"https:\/\/www.headout.com\/de\/paris-louvre-tickets\/louvre-tickets-garantierter-einlass-innerhalb-von-30-minuten-e-3909\/?affiliate_code=KXkQ69&amp;utm_campaign=parisdelouvremuseumgttd&amp;utm_content=link&amp;utm_medium=affiliate&amp;utm_source=most_amazing_places\" target=\"_blank\" rel=\"nofollow noopener\" style=\"outline: none;\" spellcheck=\"false\">Reservierte Eintrittskarten f\u00fcr das Louvre-Museum mit optionalem Audioguide<\/a><\/td>\n<\/tr>\n<\/tbody>\n<\/table>\n<p>Erschlie\u00dfen Sie die Wunder des Louvre-Museums mit einem schnellen Eintritt, so dass Sie mehr Zeit haben, einen weltber\u00fchmten Kulturschatz zu erkunden. Tauchen Sie ein in eine Kunstsammlung, die sich \u00fcber Jahrhunderte erstreckt und Meisterwerke von alten Zivilisationen bis hin zu ikonischer westeurop\u00e4ischer Kunst zeigt.<\/p>\n<h3 style=\"\">Gesamtpreis<\/h3>\n<h3 style=\"\">Ihr Konto wird noch nicht belastet<\/h3>\n<\/p>\n<h2><a href=\"https:\/\/www.tiqets.com\/de\/things-to-do-in-paris-c66746\/tickets-for-grevin-wax-museum-p974024\/?partner=paristouristinformation&amp;tq_campaign=DeGrevinWaxMuseumGttd\" target=\"_blank\" rel=\"nofollow noopener\" style=\"outline: none;\" spellcheck=\"false\">Zur Buchung<\/a><\/h2>\n<p style=\"\"><a href=\"https:\/\/www.tiqets.com\/de\/things-to-do-in-paris-c66746\/tickets-for-grevin-wax-museum-p974024\/?partner=paristouristinformation&amp;tq_campaign=DeGrevinWaxMuseumGttd\" target=\"_blank\" rel=\"nofollow noopener\" style=\"outline: none;\">Preis ab<\/a><\/p>\n<h1><a href=\"https:\/\/www.tiqets.com\/de\/things-to-do-in-paris-c66746\/tickets-for-grevin-wax-museum-p974024\/?partner=paristouristinformation&amp;tq_campaign=DeGrevinWaxMuseumGttd\" target=\"_blank\" rel=\"nofollow noopener\" style=\"outline: none;\" spellcheck=\"false\"><strong>19,75 \u20ac<\/strong><\/a><\/h1>\n<p style=\"\">Ihr Konto wird noch nicht belastet<\/p>\n","protected":false},"excerpt":{"rendered":"<p>Mus\u00e9e Gr\u00e9vin &#8211; Wachsfigurenkabinett Paris: Eintrittskarte Zur Buchung Preis von 19,75 \u20ac Treten Sie ein in eine Welt des Glamours im Gr\u00e9vin Wax Museum in Paris. Lernen Sie lebensechte Wachsfiguren Ihrer Lieblingsstars, historischen Pers\u00f6nlichkeiten und Sportstars kennen. Mit immersiven Sets und interaktiven Bereichen ist dieses Erlebnis ein Muss f\u00fcr alle Altersgruppen. Mobiles oder gedrucktes Ticket [&hellip;]<\/p>\n","protected":false},"author":10,"featured_media":10548,"parent":0,"menu_order":0,"comment_status":"closed","ping_status":"closed","template":"","meta":{"footnotes":""},"tags":[69],"class_list":["post-15015","page","type-page","status-publish","has-post-thumbnail","hentry","tag-sales-pages","post-wrapper","thrv_wrapper"],"wp-worthy-pixel":{"ignored":false,"public":null,"server":null,"url":null},"wp-worthy-type":"normal","_links":{"self":[{"href":"https:\/\/www.paristouristinformation.fr\/de\/wp-json\/wp\/v2\/pages\/15015","targetHints":{"allow":["GET"]}}],"collection":[{"href":"https:\/\/www.paristouristinformation.fr\/de\/wp-json\/wp\/v2\/pages"}],"about":[{"href":"https:\/\/www.paristouristinformation.fr\/de\/wp-json\/wp\/v2\/types\/page"}],"author":[{"embeddable":true,"href":"https:\/\/www.paristouristinformation.fr\/de\/wp-json\/wp\/v2\/users\/10"}],"replies":[{"embeddable":true,"href":"https:\/\/www.paristouristinformation.fr\/de\/wp-json\/wp\/v2\/comments?post=15015"}],"version-history":[{"count":9,"href":"https:\/\/www.paristouristinformation.fr\/de\/wp-json\/wp\/v2\/pages\/15015\/revisions"}],"predecessor-version":[{"id":15293,"href":"https:\/\/www.paristouristinformation.fr\/de\/wp-json\/wp\/v2\/pages\/15015\/revisions\/15293"}],"wp:featuredmedia":[{"embeddable":true,"href":"https:\/\/www.paristouristinformation.fr\/de\/wp-json\/wp\/v2\/media\/10548"}],"wp:attachment":[{"href":"https:\/\/www.paristouristinformation.fr\/de\/wp-json\/wp\/v2\/media?parent=15015"}],"wp:term":[{"taxonomy":"post_tag","embeddable":true,"href":"https:\/\/www.paristouristinformation.fr\/de\/wp-json\/wp\/v2\/tags?post=15015"}],"curies":[{"name":"wp","href":"https:\/\/api.w.org\/{rel}","templated":true}]}}