{"id":15117,"date":"2026-02-17T06:36:27","date_gmt":"2026-02-17T06:36:27","guid":{"rendered":"https:\/\/www.paristouristinformation.fr\/de\/?page_id=15117"},"modified":"2026-02-17T06:39:21","modified_gmt":"2026-02-17T06:39:21","slug":"tickets-fur-musee-du-quai-branly","status":"publish","type":"page","link":"https:\/\/www.paristouristinformation.fr\/de\/tickets-fur-musee-du-quai-branly\/","title":{"rendered":"Tickets f\u00fcr Mus\u00e9e du quai Branly &#8211; Jacques Chirac"},"content":{"rendered":"<p><span><img decoding=\"async\" alt=\"\" data-id=\"15126\" width=\"2355\" height=\"1556\" title=\"Mus\u00e9e du quai Branly - Jacques Chirac- Eintrittskarte ota\" src=\"https:\/\/paristouristinformation.fr\/wp-content\/uploads\/2025\/05\/Musee-du-quai-Branly-Jacques-Chirac-Entry-Ticket-ota-1024x677.avif\" data-src=\"https:\/\/paristouristinformation.fr\/wp-content\/uploads\/2025\/05\/Musee-du-quai-Branly-Jacques-Chirac-Entry-Ticket-ota-300x198.avif\" loading=\"lazy\" data-sizes=\"{&quot;thumbnail&quot;:{&quot;url&quot;:&quot;https:\/\/paristouristinformation.fr\/wp-content\/uploads\/2025\/05\/Musee-du-quai-Branly-Jacques-Chirac-Entry-Ticket-ota-333x205.avif&quot;,&quot;height&quot;:205,&quot;width&quot;:333,&quot;orientation&quot;:&quot;landscape&quot;},&quot;medium&quot;:{&quot;url&quot;:&quot;https:\/\/paristouristinformation.fr\/wp-content\/uploads\/2025\/05\/Musee-du-quai-Branly-Jacques-Chirac-Entry-Ticket-ota-300x198.avif&quot;,&quot;height&quot;:198,&quot;width&quot;:300,&quot;orientation&quot;:&quot;landscape&quot;},&quot;large&quot;:{&quot;url&quot;:&quot;https:\/\/paristouristinformation.fr\/wp-content\/uploads\/2025\/05\/Musee-du-quai-Branly-Jacques-Chirac-Entry-Ticket-ota-1024x677.avif&quot;,&quot;height&quot;:677,&quot;width&quot;:1024,&quot;orientation&quot;:&quot;landscape&quot;},&quot;full&quot;:{&quot;url&quot;:&quot;https:\/\/paristouristinformation.fr\/wp-content\/uploads\/2025\/05\/Musee-du-quai-Branly-Jacques-Chirac-Entry-Ticket-ota.avif&quot;,&quot;height&quot;:1556,&quot;width&quot;:2355,&quot;orientation&quot;:&quot;landscape&quot;},&quot;1536x1536&quot;:{&quot;url&quot;:&quot;https:\/\/paristouristinformation.fr\/wp-content\/uploads\/2025\/05\/Musee-du-quai-Branly-Jacques-Chirac-Entry-Ticket-ota-1536x1015.avif&quot;,&quot;height&quot;:1015,&quot;width&quot;:1536,&quot;orientation&quot;:&quot;landscape&quot;},&quot;2048x2048&quot;:{&quot;url&quot;:&quot;https:\/\/paristouristinformation.fr\/wp-content\/uploads\/2025\/05\/Musee-du-quai-Branly-Jacques-Chirac-Entry-Ticket-ota-2048x1353.avif&quot;,&quot;height&quot;:1353,&quot;width&quot;:2048,&quot;orientation&quot;:&quot;landscape&quot;}}\"><\/span><span><img decoding=\"async\" alt=\"\" data-id=\"15125\" width=\"2363\" height=\"1556\" title=\"Mus\u00e9e du quai Branly - Jacques Chirac- Eintrittskarte ota2\" src=\"https:\/\/paristouristinformation.fr\/wp-content\/uploads\/2025\/05\/Musee-du-quai-Branly-Jacques-Chirac-Entry-Ticket-ota2-1024x674.avif\" data-src=\"https:\/\/paristouristinformation.fr\/wp-content\/uploads\/2025\/05\/Musee-du-quai-Branly-Jacques-Chirac-Entry-Ticket-ota2-300x198.avif\" loading=\"lazy\" data-sizes=\"{&quot;thumbnail&quot;:{&quot;url&quot;:&quot;https:\/\/paristouristinformation.fr\/wp-content\/uploads\/2025\/05\/Musee-du-quai-Branly-Jacques-Chirac-Entry-Ticket-ota2-333x205.avif&quot;,&quot;height&quot;:205,&quot;width&quot;:333,&quot;orientation&quot;:&quot;landscape&quot;},&quot;medium&quot;:{&quot;url&quot;:&quot;https:\/\/paristouristinformation.fr\/wp-content\/uploads\/2025\/05\/Musee-du-quai-Branly-Jacques-Chirac-Entry-Ticket-ota2-300x198.avif&quot;,&quot;height&quot;:198,&quot;width&quot;:300,&quot;orientation&quot;:&quot;landscape&quot;},&quot;large&quot;:{&quot;url&quot;:&quot;https:\/\/paristouristinformation.fr\/wp-content\/uploads\/2025\/05\/Musee-du-quai-Branly-Jacques-Chirac-Entry-Ticket-ota2-1024x674.avif&quot;,&quot;height&quot;:674,&quot;width&quot;:1024,&quot;orientation&quot;:&quot;landscape&quot;},&quot;full&quot;:{&quot;url&quot;:&quot;https:\/\/paristouristinformation.fr\/wp-content\/uploads\/2025\/05\/Musee-du-quai-Branly-Jacques-Chirac-Entry-Ticket-ota2.avif&quot;,&quot;height&quot;:1556,&quot;width&quot;:2363,&quot;orientation&quot;:&quot;landscape&quot;},&quot;1536x1536&quot;:{&quot;url&quot;:&quot;https:\/\/paristouristinformation.fr\/wp-content\/uploads\/2025\/05\/Musee-du-quai-Branly-Jacques-Chirac-Entry-Ticket-ota2-1536x1011.avif&quot;,&quot;height&quot;:1011,&quot;width&quot;:1536,&quot;orientation&quot;:&quot;landscape&quot;},&quot;2048x2048&quot;:{&quot;url&quot;:&quot;https:\/\/paristouristinformation.fr\/wp-content\/uploads\/2025\/05\/Musee-du-quai-Branly-Jacques-Chirac-Entry-Ticket-ota2-2048x1349.avif&quot;,&quot;height&quot;:1349,&quot;width&quot;:2048,&quot;orientation&quot;:&quot;landscape&quot;}}\"><\/span><span><img decoding=\"async\" alt=\"\" data-id=\"15124\" width=\"2334\" height=\"1556\" title=\"Mus\u00e9e du quai Branly - Jacques Chirac- Eintrittskarte ota3\" src=\"https:\/\/paristouristinformation.fr\/wp-content\/uploads\/2025\/05\/Musee-du-quai-Branly-Jacques-Chirac-Entry-Ticket-ota3-1024x683.avif\" data-src=\"https:\/\/paristouristinformation.fr\/wp-content\/uploads\/2025\/05\/Musee-du-quai-Branly-Jacques-Chirac-Entry-Ticket-ota3-300x200.avif\" loading=\"lazy\" data-sizes=\"{&quot;thumbnail&quot;:{&quot;url&quot;:&quot;https:\/\/paristouristinformation.fr\/wp-content\/uploads\/2025\/05\/Musee-du-quai-Branly-Jacques-Chirac-Entry-Ticket-ota3-333x205.avif&quot;,&quot;height&quot;:205,&quot;width&quot;:333,&quot;orientation&quot;:&quot;landscape&quot;},&quot;medium&quot;:{&quot;url&quot;:&quot;https:\/\/paristouristinformation.fr\/wp-content\/uploads\/2025\/05\/Musee-du-quai-Branly-Jacques-Chirac-Entry-Ticket-ota3-300x200.avif&quot;,&quot;height&quot;:200,&quot;width&quot;:300,&quot;orientation&quot;:&quot;landscape&quot;},&quot;large&quot;:{&quot;url&quot;:&quot;https:\/\/paristouristinformation.fr\/wp-content\/uploads\/2025\/05\/Musee-du-quai-Branly-Jacques-Chirac-Entry-Ticket-ota3-1024x683.avif&quot;,&quot;height&quot;:683,&quot;width&quot;:1024,&quot;orientation&quot;:&quot;landscape&quot;},&quot;full&quot;:{&quot;url&quot;:&quot;https:\/\/paristouristinformation.fr\/wp-content\/uploads\/2025\/05\/Musee-du-quai-Branly-Jacques-Chirac-Entry-Ticket-ota3.avif&quot;,&quot;height&quot;:1556,&quot;width&quot;:2334,&quot;orientation&quot;:&quot;landscape&quot;},&quot;1536x1536&quot;:{&quot;url&quot;:&quot;https:\/\/paristouristinformation.fr\/wp-content\/uploads\/2025\/05\/Musee-du-quai-Branly-Jacques-Chirac-Entry-Ticket-ota3-1536x1024.avif&quot;,&quot;height&quot;:1024,&quot;width&quot;:1536,&quot;orientation&quot;:&quot;landscape&quot;},&quot;2048x2048&quot;:{&quot;url&quot;:&quot;https:\/\/paristouristinformation.fr\/wp-content\/uploads\/2025\/05\/Musee-du-quai-Branly-Jacques-Chirac-Entry-Ticket-ota3-2048x1365.avif&quot;,&quot;height&quot;:1365,&quot;width&quot;:2048,&quot;orientation&quot;:&quot;landscape&quot;}}\"><\/span><span><img decoding=\"async\" alt=\"\" data-id=\"15123\" width=\"2349\" height=\"1556\" title=\"Mus\u00e9e du quai Branly - Jacques Chirac- Eintrittskarte ota4\" src=\"https:\/\/paristouristinformation.fr\/wp-content\/uploads\/2025\/05\/Musee-du-quai-Branly-Jacques-Chirac-Entry-Ticket-ota4-1024x678.avif\" data-src=\"https:\/\/paristouristinformation.fr\/wp-content\/uploads\/2025\/05\/Musee-du-quai-Branly-Jacques-Chirac-Entry-Ticket-ota4-300x199.avif\" loading=\"lazy\" data-sizes=\"{&quot;thumbnail&quot;:{&quot;url&quot;:&quot;https:\/\/paristouristinformation.fr\/wp-content\/uploads\/2025\/05\/Musee-du-quai-Branly-Jacques-Chirac-Entry-Ticket-ota4-333x205.avif&quot;,&quot;height&quot;:205,&quot;width&quot;:333,&quot;orientation&quot;:&quot;landscape&quot;},&quot;medium&quot;:{&quot;url&quot;:&quot;https:\/\/paristouristinformation.fr\/wp-content\/uploads\/2025\/05\/Musee-du-quai-Branly-Jacques-Chirac-Entry-Ticket-ota4-300x199.avif&quot;,&quot;height&quot;:199,&quot;width&quot;:300,&quot;orientation&quot;:&quot;landscape&quot;},&quot;large&quot;:{&quot;url&quot;:&quot;https:\/\/paristouristinformation.fr\/wp-content\/uploads\/2025\/05\/Musee-du-quai-Branly-Jacques-Chirac-Entry-Ticket-ota4-1024x678.avif&quot;,&quot;height&quot;:678,&quot;width&quot;:1024,&quot;orientation&quot;:&quot;landscape&quot;},&quot;full&quot;:{&quot;url&quot;:&quot;https:\/\/paristouristinformation.fr\/wp-content\/uploads\/2025\/05\/Musee-du-quai-Branly-Jacques-Chirac-Entry-Ticket-ota4.avif&quot;,&quot;height&quot;:1556,&quot;width&quot;:2349,&quot;orientation&quot;:&quot;landscape&quot;},&quot;1536x1536&quot;:{&quot;url&quot;:&quot;https:\/\/paristouristinformation.fr\/wp-content\/uploads\/2025\/05\/Musee-du-quai-Branly-Jacques-Chirac-Entry-Ticket-ota4-1536x1017.avif&quot;,&quot;height&quot;:1017,&quot;width&quot;:1536,&quot;orientation&quot;:&quot;landscape&quot;},&quot;2048x2048&quot;:{&quot;url&quot;:&quot;https:\/\/paristouristinformation.fr\/wp-content\/uploads\/2025\/05\/Musee-du-quai-Branly-Jacques-Chirac-Entry-Ticket-ota4-2048x1357.avif&quot;,&quot;height&quot;:1357,&quot;width&quot;:2048,&quot;orientation&quot;:&quot;landscape&quot;}}\"><\/span><\/p>\n<h1>Mus\u00e9e du quai Branly &#8211; Jacques Chirac: Eintrittskarte<\/h1>\n<h2><a href=\"https:\/\/www.tiqets.com\/de\/things-to-do-in-paris-c66746\/tickets-for-musee-du-quai-branly-jacques-chirac-p974954\/?partner=paristouristinformation&amp;tq_campaign=ParisDeQuaiBranlyGttd\" target=\"_blank\" rel=\"nofollow noopener\" style=\"outline: none;\">Zur Buchung<\/a><\/h2>\n<p style=\"\"><a href=\"https:\/\/www.tiqets.com\/de\/things-to-do-in-paris-c66746\/tickets-for-musee-du-quai-branly-jacques-chirac-p974954\/?partner=paristouristinformation&amp;tq_campaign=ParisDeQuaiBranlyGttd\" target=\"_blank\" rel=\"nofollow noopener\" style=\"outline: none;\">Preis ab<\/a><\/p>\n<h1><a href=\"https:\/\/www.tiqets.com\/de\/things-to-do-in-paris-c66746\/tickets-for-musee-du-quai-branly-jacques-chirac-p974954\/?partner=paristouristinformation&amp;tq_campaign=ParisDeQuaiBranlyGttd\" target=\"_blank\" rel=\"nofollow noopener\" style=\"outline: none;\"><strong>14,00 \u20ac<\/strong><\/a><\/h1>\n<p dir=\"ltr\">Entdecken Sie eine fesselnde Reise durch Weltkulturen mit Ihrer Eintrittskarte f\u00fcr das Mus\u00e9e du quai Branly \u2013 Jacques Chirac, mit Zugang zu 3.500 Artefakten aus Afrika, Asien, Ozeanien und Amerika sowie wechselnden Ausstellungen.<\/p>\n<ul>\n<li style=\"\"><span style=\"\">Sorgf\u00e4ltig ausgew\u00e4hltes Ticket<\/span><\/li>\n<li style=\"\"><span style=\"\">Mobiles Ticket<\/span><\/li>\n<li style=\"\">                    <span style=\"\">Sofortige Best\u00e4tigung<\/span><\/li>\n<li style=\"\"><span style=\"\">Kostenlose Stornierung<\/span><\/li>\n<\/ul>\n<h2>Inbegriffen<\/h2>\n<ul>\n<li style=\"\">                    <span>Eintritt in die Dauerausstellung und tempor\u00e4re Ausstellung(en)<\/span><\/li>\n<\/ul>\n<h2>Nicht inbegriffen<\/h2>\n<ul>\n<li style=\"\"><span>Reiseleiter<\/span><\/li>\n<\/ul>\n<h2>Wichtige Informationen<\/h2>\n<ul>\n<li><span><strong>Wichtig: <\/strong>Besucher m\u00fcssen ein kostenloses Zeitfenster auf der offiziellen Website des Museums buchen.<\/span><\/li>\n<li style=\"\"><span>Gro\u00dfe Taschen, Gep\u00e4ck, Roller und \u00e4hnliche sperrige Gegenst\u00e4nde sind nicht erlaubt<\/span><\/li>\n<li><span>Haustiere sind nicht erlaubt<\/span><\/li>\n<li><span>Holen Sie Ihren Audioguide (falls ausgew\u00e4hlt) in der Empfangshalle ab<\/span><\/li>\n<li><span>Um die Ausstellung Au fil de l&#8217;Or zu besuchen, muss ein kostenloses Zeitfenster im Voraus auf der offiziellen Website des Museums reserviert werden.<\/span><\/li>\n<\/ul>\n<h2>Beschreibung:<\/h2>\n<p dir=\"ltr\">Das Mus\u00e9e du quai Branly &#8211; Jacques Chirac liegt neben dem Eiffelturm und bietet ein augen\u00f6ffnendes Erlebnis durch <strong>3.500 Kunstwerke und rituelle Objekte <\/strong><strong>aus au\u00dfereurop\u00e4ischen Zivilisationen.<\/strong> Von geschnitzten Masken und Waffen bis hin zu alten Wandteppichen und Musikinstrumenten entdecken Sie das lebendige Erbe der Kulturen aus <strong>Amerika, Afrika, Ozeanien und Asien<\/strong>.<\/p>\n<p dir=\"ltr\">Die <strong>avantgardistische Architektur <\/strong>des Museums und der besondere&nbsp;<strong>vertikale Garten tragen<\/strong> zur immersiven Atmosph\u00e4re bei. F\u00fcr kulturell neugierige Reisende ist dies ein Muss. Der Ausflug verbindet Kunst, Anthropologie und architektonische Wunder.<\/p>\n<h2>H\u00f6hepunkte:<\/h2>\n<ul>\n<li dir=\"ltr\"><strong>Wandern Sie durch 3.500 Artefakte <\/strong>aus Ozeanien, Asien, Afrika und Amerika<\/li>\n<li dir=\"ltr\">Bewundern Sie die <strong>k\u00fchne und innovative Architektur <\/strong>des Museums in der N\u00e4he des Eiffelturms<\/li>\n<li dir=\"ltr\">Genie\u00dfen Sie den Zugang zu Dauer- und <strong>Wechselausstellungen<\/strong><\/li>\n<li dir=\"ltr\">Bestaunen Sie einzigartige Sammlungen von <strong>Masken, Instrumenten und zeremoniellen Gegenst\u00e4nden<\/strong><\/li>\n<li dir=\"ltr\">Schlendern Sie durch den <strong>ikonischen vertikalen Garten <\/strong>und den farbenfrohen Au\u00dfenbereich<\/li>\n<li dir=\"ltr\">Vertiefen Sie Ihr Verst\u00e4ndnis von globalen Zivilisationen und <strong>indigenen Kulturen<\/strong><\/li>\n<\/ul>\n<h2>Mus\u00e9e du quai Branly &#8211; Jacques Chirac<\/h2>\n<p dir=\"ltr\">37 Quai Jacques Chirac, 75007 Paris<\/p>\n<h2>Stornierungsrichtlinien<\/h2>\n<p dir=\"ltr\">Kostenlose Stornierung bis 23:59 Uhr am Tag vor Ihrem Besuch m\u00f6glich<\/p>\n<h2>Treffpunkt &amp; Anleitung<\/h2>\n<p dir=\"ltr\">Zeigen Sie Ihr Smartphone-Ticket am Eingang des Museums vor.<\/p>\n<p dir=\"ltr\">Wenn Sie den Audioguide ausgew\u00e4hlt haben, holen Sie ihn ab, indem Sie Ihren Gutschein im Audioguide-Bereich in der Empfangshalle vorzeigen<\/p>\n<p>Um die Ausstellung Au fil de l&#8217;Or zu besuchen, reservieren Sie ein kostenloses Zeitfenster auf der offiziellen Website und zeigen Sie Ihre Buchung am Eingang vor<\/p>\n<p><a href=\"https:\/\/www.google.com\/maps\/search\/?api=1&amp;query=37%20Quai%20Branly%2075007%20Paris\" target=\"_blank\" rel=\"nofollow noopener\" style=\"outline: none;\" data-lt-tmp-id=\"lt-790344\" spellcheck=\"false\">In Karten \u00f6ffnen<\/a><\/p>\n<h2>Bewertungen<\/h2>\n<p><strong>4.6\/5 <\/strong><strong>(3.020 Bewertungen)<\/strong><\/p>\n<p dir=\"ltr\"><em>&#8222;Wunderbare umfassende, wundersch\u00f6n ausgestellte Shows. Die Mexiko-Exponate ist die qualvoll m\u00e4chtige Geschichte der Eroberung, des T\u00f6tens und der Beendigung einer alten Lebensweise. Die st\u00e4ndige Sammlung ist riesig und atemberaubend.&#8220; <\/em>&#8211; Penny, Mai 2025<\/p>\n<p dir=\"ltr\"><em>&#8222;Ich habe so viel aus dieser gro\u00dfartigen Erfahrung gelernt. Zun\u00e4chst spiegelt die geschwungene Form dieses Museums in \u00dcbereinstimmung mit der farbigen Box eine Verkn\u00fcpfung zwischen zwei Typologien von Architektur und einem kulturellen Erbe wider.&#8220; <\/em>&#8211; Karim, Mai 2025<\/p>\n<p dir=\"ltr\"><em>&#8222;Ein neues, herausragendes Museum mit interessanter Architektur, einem sch\u00f6nen Garten und einer sehr reichen und faszinierenden Sammlung indigener Kunst aus der ganzen Welt. Nicht verpassen!&#8220; <\/em>&#8211; Menachem, August 2023 <a href=\"https:\/\/www.tiqets.com\/de\/things-to-do-in-paris-c66746\/tickets-for-musee-du-quai-branly-jacques-chirac-p974954\/?partner=paristouristinformation&amp;tq_campaign=ParisDeQuaiBranlyGttd\" target=\"_blank\" rel=\"nofollow noopener\" spellcheck=\"false\" style=\"outline: none;\">&gt;&gt; Weitere Bewertungen anzeigen<\/a><\/p>\n<h2>Weitere Aktivit\u00e4ten, die Ihnen gefallen k\u00f6nnten<\/h2>\n<p><span>#2<\/span><span><img decoding=\"async\" alt=\"\" data-id=\"13630\" width=\"159\" data-init-width=\"1556\" height=\"102\" data-init-height=\"1002\" title=\"Mus\u00e9e de l'Arm\u00e9e - Les Invalides 1\" loading=\"lazy\" src=\"https:\/\/www.paristouristinformation.fr\/de\/wp-content\/uploads\/2026\/02\/Musee-de-lArmee-Les-Invalides-1-1.png\" data-width=\"159\" data-height=\"102\" style=\"aspect-ratio: auto 1556 \/ 1002;\"><\/span><\/p>\n<table>\n<tbody>\n<tr>\n<td><a href=\"https:\/\/www.tiqets.com\/de\/things-to-do-in-paris-c66746\/tickets-for-musee-de-l-armee-les-invalides-entry-ticket-p974519\/?partner=paristouristinformation&amp;tq_campaign=ParisDeQuaiBranlyGttd2\" target=\"_blank\" rel=\"nofollow noopener\" style=\"outline: none;\" data-lt-tmp-id=\"lt-29444\" spellcheck=\"false\">Mus\u00e9e de l&#8217;Arm\u00e9e &#8211; Les Invalides Eintrittskarten<\/a><\/td>\n<\/tr>\n<\/tbody>\n<\/table>\n<p dir=\"ltr\">Erleben Sie die Pracht des Mus\u00e9e de l&#8217;Arm\u00e9e mit exklusivem Zugang zu seinen Dauerausstellungen, Napoleons Grab und mehr.<\/p>\n<h3 style=\"\">Gesamtpreis<\/h3>\n<h3>Ihr Konto wird noch nicht belastet.<\/h3>\n<p><span>#2<\/span><span><img decoding=\"async\" alt=\"\" data-id=\"13553\" width=\"159\" data-init-width=\"1185\" height=\"83\" data-init-height=\"616\" title=\"Paris Museum Pass - 2, 4 oder 6 Tage\" loading=\"lazy\" src=\"https:\/\/www.paristouristinformation.fr\/de\/wp-content\/uploads\/2026\/02\/Paris-Museum-Pass-2-4-or-6-Days-1-1.jpg\" data-width=\"159\" data-height=\"83\" style=\"aspect-ratio: auto 1185 \/ 616;\"><\/span><\/p>\n<table>\n<tbody>\n<tr>\n<td><a href=\"https:\/\/www.getyourguide.com\/paris-l16\/paris-museum-pass-t49746\/?partner_id=NO9XIDE&amp;utm_medium=online_publisher&amp;cmp=ParisDeQuaiBranlyGttd3\" target=\"_blank\" rel=\"nofollow noopener\" style=\"outline: none;\" spellcheck=\"false\">Paris Museum Pass: 2, 4 oder 6 Tage<\/a><\/td>\n<\/tr>\n<\/tbody>\n<\/table>\n<p dir=\"ltr\">Mit dem Paris Museum Pass, der f\u00fcr 2, 4 oder 6 Tage erh\u00e4ltlich ist, k\u00f6nnen Sie unbegrenzten Zugang zu den besten Museen und Attraktionen von Paris freischalten. Erkunden Sie das reiche kulturelle Erbe der Stadt, einschlie\u00dflich Sainte-Chapelle und Conciergerie, in Ihrem eigenen Tempo.<\/p>\n<h3 style=\"\">Gesamtpreis<\/h3>\n<h3 style=\"\">Ihr Konto wird noch nicht belastet.<\/h3>\n<\/p>\n<h2><a href=\"https:\/\/www.tiqets.com\/de\/things-to-do-in-paris-c66746\/tickets-for-musee-du-quai-branly-jacques-chirac-p974954\/?partner=paristouristinformation&amp;tq_campaign=ParisDeQuaiBranlyGttd\" target=\"_blank\" rel=\"nofollow noopener\" style=\"outline: none;\">Zur Buchung<\/a><\/h2>\n<p style=\"\"><a href=\"https:\/\/www.tiqets.com\/de\/things-to-do-in-paris-c66746\/tickets-for-musee-du-quai-branly-jacques-chirac-p974954\/?partner=paristouristinformation&amp;tq_campaign=ParisDeQuaiBranlyGttd\" target=\"_blank\" rel=\"nofollow noopener\" style=\"outline: none;\">Preis ab<\/a>:<\/p>\n<h1><a href=\"https:\/\/www.tiqets.com\/de\/things-to-do-in-paris-c66746\/tickets-for-musee-du-quai-branly-jacques-chirac-p974954\/?partner=paristouristinformation&amp;tq_campaign=ParisDeQuaiBranlyGttd\" target=\"_blank\" rel=\"nofollow noopener\" style=\"outline: none;\"><strong>14,00 \u20ac<\/strong><\/a><\/h1>\n<h3>Ihr Konto wird noch nicht belastet.<\/h3>\n","protected":false},"excerpt":{"rendered":"<p>Mus\u00e9e du quai Branly &#8211; Jacques Chirac: Eintrittskarte Zur Buchung Preis ab 14,00 \u20ac Entdecken Sie eine fesselnde Reise durch Weltkulturen mit Ihrer Eintrittskarte f\u00fcr das Mus\u00e9e du quai Branly \u2013 Jacques Chirac, mit Zugang zu 3.500 Artefakten aus Afrika, Asien, Ozeanien und Amerika sowie wechselnden Ausstellungen. Sorgf\u00e4ltig ausgew\u00e4hltes Ticket Mobiles Ticket Sofortige Best\u00e4tigung Kostenlose [&hellip;]<\/p>\n","protected":false},"author":10,"featured_media":15118,"parent":0,"menu_order":0,"comment_status":"closed","ping_status":"closed","template":"","meta":{"footnotes":""},"tags":[69],"class_list":["post-15117","page","type-page","status-publish","has-post-thumbnail","hentry","tag-sales-pages","post-wrapper","thrv_wrapper"],"wp-worthy-pixel":{"ignored":false,"public":null,"server":null,"url":null},"wp-worthy-type":"normal","_links":{"self":[{"href":"https:\/\/www.paristouristinformation.fr\/de\/wp-json\/wp\/v2\/pages\/15117","targetHints":{"allow":["GET"]}}],"collection":[{"href":"https:\/\/www.paristouristinformation.fr\/de\/wp-json\/wp\/v2\/pages"}],"about":[{"href":"https:\/\/www.paristouristinformation.fr\/de\/wp-json\/wp\/v2\/types\/page"}],"author":[{"embeddable":true,"href":"https:\/\/www.paristouristinformation.fr\/de\/wp-json\/wp\/v2\/users\/10"}],"replies":[{"embeddable":true,"href":"https:\/\/www.paristouristinformation.fr\/de\/wp-json\/wp\/v2\/comments?post=15117"}],"version-history":[{"count":9,"href":"https:\/\/www.paristouristinformation.fr\/de\/wp-json\/wp\/v2\/pages\/15117\/revisions"}],"predecessor-version":[{"id":15332,"href":"https:\/\/www.paristouristinformation.fr\/de\/wp-json\/wp\/v2\/pages\/15117\/revisions\/15332"}],"wp:featuredmedia":[{"embeddable":true,"href":"https:\/\/www.paristouristinformation.fr\/de\/wp-json\/wp\/v2\/media\/15118"}],"wp:attachment":[{"href":"https:\/\/www.paristouristinformation.fr\/de\/wp-json\/wp\/v2\/media?parent=15117"}],"wp:term":[{"taxonomy":"post_tag","embeddable":true,"href":"https:\/\/www.paristouristinformation.fr\/de\/wp-json\/wp\/v2\/tags?post=15117"}],"curies":[{"name":"wp","href":"https:\/\/api.w.org\/{rel}","templated":true}]}}