{"id":15130,"date":"2026-02-17T06:41:08","date_gmt":"2026-02-17T06:41:08","guid":{"rendered":"https:\/\/www.paristouristinformation.fr\/de\/?page_id=15130"},"modified":"2026-02-17T06:43:05","modified_gmt":"2026-02-17T06:43:05","slug":"musee-picasso-tickets","status":"publish","type":"page","link":"https:\/\/www.paristouristinformation.fr\/de\/musee-picasso-tickets\/","title":{"rendered":"Mus\u00e9e Picasso Tickets: Priorisierter Eintritt"},"content":{"rendered":"<p><span><img decoding=\"async\" alt=\"\" data-id=\"15162\" width=\"2075\" height=\"1556\" title=\"Mus\u00e9e national Picasso-Paris- Priority Entrance Ticket ota2\" src=\"https:\/\/paristouristinformation.fr\/wp-content\/uploads\/2025\/05\/Musee-national-Picasso-Paris-Priority-Entrance-Ticket-ota2-1024x768.avif\" data-src=\"https:\/\/paristouristinformation.fr\/wp-content\/uploads\/2025\/05\/Musee-national-Picasso-Paris-Priority-Entrance-Ticket-ota2-300x225.avif\" loading=\"lazy\" data-sizes=\"{&quot;thumbnail&quot;:{&quot;url&quot;:&quot;https:\/\/paristouristinformation.fr\/wp-content\/uploads\/2025\/05\/Musee-national-Picasso-Paris-Priority-Entrance-Ticket-ota2-333x205.avif&quot;,&quot;height&quot;:205,&quot;width&quot;:333,&quot;orientation&quot;:&quot;landscape&quot;},&quot;medium&quot;:{&quot;url&quot;:&quot;https:\/\/paristouristinformation.fr\/wp-content\/uploads\/2025\/05\/Musee-national-Picasso-Paris-Priority-Entrance-Ticket-ota2-300x225.avif&quot;,&quot;height&quot;:225,&quot;width&quot;:300,&quot;orientation&quot;:&quot;landscape&quot;},&quot;large&quot;:{&quot;url&quot;:&quot;https:\/\/paristouristinformation.fr\/wp-content\/uploads\/2025\/05\/Musee-national-Picasso-Paris-Priority-Entrance-Ticket-ota2-1024x768.avif&quot;,&quot;height&quot;:768,&quot;width&quot;:1024,&quot;orientation&quot;:&quot;landscape&quot;},&quot;full&quot;:{&quot;url&quot;:&quot;https:\/\/paristouristinformation.fr\/wp-content\/uploads\/2025\/05\/Musee-national-Picasso-Paris-Priority-Entrance-Ticket-ota2.avif&quot;,&quot;height&quot;:1556,&quot;width&quot;:2075,&quot;orientation&quot;:&quot;landscape&quot;},&quot;1536x1536&quot;:{&quot;url&quot;:&quot;https:\/\/paristouristinformation.fr\/wp-content\/uploads\/2025\/05\/Musee-national-Picasso-Paris-Priority-Entrance-Ticket-ota2-1536x1152.avif&quot;,&quot;height&quot;:1152,&quot;width&quot;:1536,&quot;orientation&quot;:&quot;landscape&quot;},&quot;2048x2048&quot;:{&quot;url&quot;:&quot;https:\/\/paristouristinformation.fr\/wp-content\/uploads\/2025\/05\/Musee-national-Picasso-Paris-Priority-Entrance-Ticket-ota2-2048x1536.avif&quot;,&quot;height&quot;:1536,&quot;width&quot;:2048,&quot;orientation&quot;:&quot;landscape&quot;}}\"><\/span><span><img decoding=\"async\" alt=\"\" data-id=\"15163\" width=\"2333\" height=\"1556\" title=\"Mus\u00e9e national Picasso-Paris- Priority Entrance Ticket ota\" src=\"https:\/\/paristouristinformation.fr\/wp-content\/uploads\/2025\/05\/Musee-national-Picasso-Paris-Priority-Entrance-Ticket-ota-1024x683.avif\" data-src=\"https:\/\/paristouristinformation.fr\/wp-content\/uploads\/2025\/05\/Musee-national-Picasso-Paris-Priority-Entrance-Ticket-ota-300x200.avif\" loading=\"lazy\" data-sizes=\"{&quot;thumbnail&quot;:{&quot;url&quot;:&quot;https:\/\/paristouristinformation.fr\/wp-content\/uploads\/2025\/05\/Musee-national-Picasso-Paris-Priority-Entrance-Ticket-ota-333x205.avif&quot;,&quot;height&quot;:205,&quot;width&quot;:333,&quot;orientation&quot;:&quot;landscape&quot;},&quot;medium&quot;:{&quot;url&quot;:&quot;https:\/\/paristouristinformation.fr\/wp-content\/uploads\/2025\/05\/Musee-national-Picasso-Paris-Priority-Entrance-Ticket-ota-300x200.avif&quot;,&quot;height&quot;:200,&quot;width&quot;:300,&quot;orientation&quot;:&quot;landscape&quot;},&quot;large&quot;:{&quot;url&quot;:&quot;https:\/\/paristouristinformation.fr\/wp-content\/uploads\/2025\/05\/Musee-national-Picasso-Paris-Priority-Entrance-Ticket-ota-1024x683.avif&quot;,&quot;height&quot;:683,&quot;width&quot;:1024,&quot;orientation&quot;:&quot;landscape&quot;},&quot;full&quot;:{&quot;url&quot;:&quot;https:\/\/paristouristinformation.fr\/wp-content\/uploads\/2025\/05\/Musee-national-Picasso-Paris-Priority-Entrance-Ticket-ota.avif&quot;,&quot;height&quot;:1556,&quot;width&quot;:2333,&quot;orientation&quot;:&quot;landscape&quot;},&quot;1536x1536&quot;:{&quot;url&quot;:&quot;https:\/\/paristouristinformation.fr\/wp-content\/uploads\/2025\/05\/Musee-national-Picasso-Paris-Priority-Entrance-Ticket-ota-1536x1024.avif&quot;,&quot;height&quot;:1024,&quot;width&quot;:1536,&quot;orientation&quot;:&quot;landscape&quot;},&quot;2048x2048&quot;:{&quot;url&quot;:&quot;https:\/\/paristouristinformation.fr\/wp-content\/uploads\/2025\/05\/Musee-national-Picasso-Paris-Priority-Entrance-Ticket-ota-2048x1366.avif&quot;,&quot;height&quot;:1366,&quot;width&quot;:2048,&quot;orientation&quot;:&quot;landscape&quot;}}\"><\/span><span><img decoding=\"async\" alt=\"\" data-id=\"15164\" width=\"2113\" height=\"1556\" title=\"Mus\u00e9e national Picasso-Paris- Priority Entrance Ticket ota3\" src=\"https:\/\/paristouristinformation.fr\/wp-content\/uploads\/2025\/05\/Musee-national-Picasso-Paris-Priority-Entrance-Ticket-ota3-1024x754.avif\" data-src=\"https:\/\/paristouristinformation.fr\/wp-content\/uploads\/2025\/05\/Musee-national-Picasso-Paris-Priority-Entrance-Ticket-ota3-300x221.avif\" loading=\"lazy\" data-sizes=\"{&quot;thumbnail&quot;:{&quot;url&quot;:&quot;https:\/\/paristouristinformation.fr\/wp-content\/uploads\/2025\/05\/Musee-national-Picasso-Paris-Priority-Entrance-Ticket-ota3-333x205.avif&quot;,&quot;height&quot;:205,&quot;width&quot;:333,&quot;orientation&quot;:&quot;landscape&quot;},&quot;medium&quot;:{&quot;url&quot;:&quot;https:\/\/paristouristinformation.fr\/wp-content\/uploads\/2025\/05\/Musee-national-Picasso-Paris-Priority-Entrance-Ticket-ota3-300x221.avif&quot;,&quot;height&quot;:221,&quot;width&quot;:300,&quot;orientation&quot;:&quot;landscape&quot;},&quot;large&quot;:{&quot;url&quot;:&quot;https:\/\/paristouristinformation.fr\/wp-content\/uploads\/2025\/05\/Musee-national-Picasso-Paris-Priority-Entrance-Ticket-ota3-1024x754.avif&quot;,&quot;height&quot;:754,&quot;width&quot;:1024,&quot;orientation&quot;:&quot;landscape&quot;},&quot;full&quot;:{&quot;url&quot;:&quot;https:\/\/paristouristinformation.fr\/wp-content\/uploads\/2025\/05\/Musee-national-Picasso-Paris-Priority-Entrance-Ticket-ota3.avif&quot;,&quot;height&quot;:1556,&quot;width&quot;:2113,&quot;orientation&quot;:&quot;landscape&quot;},&quot;1536x1536&quot;:{&quot;url&quot;:&quot;https:\/\/paristouristinformation.fr\/wp-content\/uploads\/2025\/05\/Musee-national-Picasso-Paris-Priority-Entrance-Ticket-ota3-1536x1131.avif&quot;,&quot;height&quot;:1131,&quot;width&quot;:1536,&quot;orientation&quot;:&quot;landscape&quot;},&quot;2048x2048&quot;:{&quot;url&quot;:&quot;https:\/\/paristouristinformation.fr\/wp-content\/uploads\/2025\/05\/Musee-national-Picasso-Paris-Priority-Entrance-Ticket-ota3-2048x1508.avif&quot;,&quot;height&quot;:1508,&quot;width&quot;:2048,&quot;orientation&quot;:&quot;landscape&quot;}}\"><\/span><\/p>\n<h1>Mus\u00e9e Picasso: Priorisierter Eintritt<\/h1>\n<h2><a href=\"https:\/\/www.tiqets.com\/de\/things-to-do-in-paris-c66746\/tickets-for-musee-national-picasso-paris-priority-entrance-p974460\/?partner=paristouristinformation&amp;tq_campaign=ParisDePicassoMuseumGttd\" target=\"_blank\" rel=\"nofollow noopener\" style=\"outline: none;\">Zur Buchung<\/a><\/h2>\n<h1><a href=\"https:\/\/www.tiqets.com\/de\/things-to-do-in-paris-c66746\/tickets-for-musee-national-picasso-paris-priority-entrance-p974460\/?partner=paristouristinformation&amp;tq_campaign=ParisDePicassoMuseumGttd\" target=\"_blank\" rel=\"nofollow noopener\" style=\"outline: none;\" spellcheck=\"false\"><span style=\"font-weight: normal;\">Ab 16,00<\/span><strong> \u20ac<\/strong><\/a><\/h1>\n<p dir=\"ltr\">Erleben Sie die kreative Welt von Pablo Picasso mit Eintrittskarten f\u00fcr das Mus\u00e9e national Picasso-Paris. Erkunden Sie eine der umfangreichsten Picasso-Sammlungen der Welt in einem atemberaubenden Herrenhaus aus dem 17. Jahrhundert im Herzen des Marais.<\/p>\n<ul>\n<li style=\"\"><span>Sorgf\u00e4ltig ausgew\u00e4hltes Ticket<\/span><\/li>\n<li style=\"\">                    <span>Sofortige Best\u00e4tigung<\/span><\/li>\n<li style=\"\"><span>Vorrangiger Eintrag<\/span><\/li>\n<li style=\"\"><span>Kostenlose Stornierung<\/span><\/li>\n<\/ul>\n<h2>Inbegriffen<\/h2>\n<ul>\n<li style=\"\">                    <span>Zugang zu Dauer- und Wechselausstellungen<\/span><\/li>\n<li style=\"\">                    <span>Audioguide f\u00fcr die permanente Sammlung (falls w\u00e4hrend des Bezahlvorgangs ausgew\u00e4hlt)<\/span><\/li>\n<\/ul>\n<h2>Nicht inbegriffen<\/h2>\n<ul>\n<li style=\"\"><span>Gef\u00fchrte Tour<\/span><\/li>\n<\/ul>\n<h2>Wichtige Informationen<\/h2>\n<ul>\n<li style=\"\"><span>Zeigen Sie Ihr Smartphone-Ticket an der angegebenen &#8222;Ticketinhaber&#8220;-Linie vor<\/span><\/li>\n<li><span>Der letzte Einlass ist 45 Minuten vor Schlie\u00dfung des Museums<\/span><\/li>\n<li><span>Die endg\u00fcltige Evakuierung beginnt 20 Minuten vor Schlie\u00dfung<\/span><\/li>\n<li><span>Obligatorische Sicherheits\u00fcberpr\u00fcfung f\u00fcr alle Besucher<\/span><\/li>\n<li><span>Gro\u00dfe Taschen und Koffer sind nicht erlaubt (keine Lagerm\u00f6glichkeiten verf\u00fcgbar)<\/span><\/li>\n<li><span>Vollst\u00e4ndig f\u00fcr Rollstuhlfahrer zug\u00e4nglich<\/span><\/li>\n<\/ul>\n<h2>Beschreibung:<\/h2>\n<p dir=\"ltr\">Entdecken Sie das Erbe eines wahren k\u00fcnstlerischen Revolution\u00e4rs im Mus\u00e9e Picasso in Paris. Das Museum <strong>beherbergt \u00fcber <\/strong><strong>5.000 Kunstwerke und pers\u00f6nliche Gegenst\u00e4nde und <\/strong>enth\u00fcllt Picassos kreatives Genie durch Gem\u00e4lde, Skulpturen, Skizzen und <strong>Werke von C\u00e9zanne, Degas und Matisse <\/strong>aus seiner Privatsammlung.<\/p>\n<p dir=\"ltr\">Dieses immersive Erlebnis im <strong>eleganten H\u00f4tel Sal\u00e9 <\/strong>verbindet Picassos innovativen Geist mit einer der architektonisch reichhaltigsten Umgebungen von Paris.<\/p>\n<h2>H\u00f6hepunkte:<\/h2>\n<ul>\n<li ltr\"\"=\"\"><strong>Entdecken Sie \u00fcber 5.000 Werke von Picasso, <\/strong>darunter Gem\u00e4lde, Skulpturen und Zeichnungen<\/li>\n<li ltr\"\"=\"\"><strong>Sehen Sie seltene Gegenst\u00e4nde aus Picassos pers\u00f6nlicher Sammlung<\/strong>, wie St\u00fccke von Matisse und C\u00e9zanne<\/li>\n<li ltr\"\"=\"\"><strong>Bewundern Sie das Museum, <\/strong>das H\u00f4tel Sal\u00e9, ein Meisterwerk der Architektur des 17. Jahrhunderts<\/li>\n<li ltr\"\"=\"\"><strong>Erfahren Sie mehr \u00fcber Picassos k\u00fcnstlerische Entwicklung <\/strong>durch Audiokommentare (falls ausgew\u00e4hlt)<\/li>\n<li ltr\"\"=\"\"><strong>Entdecken Sie tempor\u00e4re Ausstellungen<\/strong>, die neue Perspektiven auf moderne Kunst bieten<\/li>\n<\/ul>\n<h2>Nationalmuseum Picasso-Paris<\/h2>\n<p dir=\"ltr\">5 Rue de Thorigny, 75003 Paris<\/p>\n<h2>Stornierungsrichtlinien<\/h2>\n<p dir=\"ltr\">Stornierung bis 23:59 Uhr am Tag vor Ihrem Besuch m\u00f6glich<\/p>\n<h2>Treffpunkt &amp; Anleitung<\/h2>\n<p dir=\"ltr\">Zeigen Sie Ihr Smartphone-Ticket in der angegebenen &#8222;Ticketinhaber&#8220;-Linie vor. Zeigen Sie Ihr Smartphone-Ticket beim Betreten vor. Adresse: 5 Rue de Thorigny, 75003 Paris, Frankreich<\/p>\n<p><a href=\"https:\/\/www.google.com\/maps\/search\/?api=1&amp;query=5%20Rue%20de%20Thorigny%2075003%20Paris\" target=\"_blank\" rel=\"nofollow noopener\" style=\"outline: none;\" data-lt-tmp-id=\"lt-34536\" spellcheck=\"false\">In Karten \u00f6ffnen<\/a><\/p>\n<h2>Bewertungen<\/h2>\n<p><strong>4,6\/5 <\/strong><strong>(3.274 Bewertungen)<\/strong><\/p>\n<p dir=\"ltr\"><em>&#8222;Ein unglaubliches Museum mit einer au\u00dfergew\u00f6hnlichen Darstellung \u00fcber die verbotene Kunst in Nazi-Deutschland. Als Geschichtslehrer kann ich nur sagen: DANKE f\u00fcr dieses Meisterwerk der Kunstausstellung.&#8220; <\/em><em>&#8211; <\/em>J\u00fcrgen, Mai 2025<\/p>\n<p dir=\"ltr\"><em>&#8222;Es war fantastisch, sich dem Picasso-Museum zu n\u00e4hern, die riesige Schlange zu sehen, die darauf wartete, hineinzugehen, und zu wissen, dass wir dank unseres Kauf-Ahead-Tix sofortigen Zugang hatten, um hineinzugehen!! Das Museum war wunderbar!&#8220; <\/em>&#8211; Karen, Mai 2025<\/p>\n<p dir=\"ltr\"><em>&#8222;<\/em>Eine sch\u00f6ne Hommage an einen der gro\u00dfen Meister&#8230; das Geb\u00e4ude ist von au\u00dfen original mit einem modernen Interieur, vielen Treppen, also Vorsicht, aber die Sammlung ist hervorragend<em>&#8220; &#8211; <\/em>Michele, April 2025 <a href=\"https:\/\/www.tiqets.com\/de\/things-to-do-in-paris-c66746\/tickets-for-musee-national-picasso-paris-priority-entrance-p974460\/?partner=paristouristinformation&amp;tq_campaign=ParisDePicassoMuseumGttd\" target=\"_blank\" rel=\"nofollow noopener\" data-lt-tmp-id=\"lt-236068\" spellcheck=\"false\" style=\"outline: none;\">&gt;&gt; Weitere Bewertungen anzeigen<\/a><\/p>\n<h2>Weitere Aktivit\u00e4ten, die Ihnen gefallen k\u00f6nnten<\/h2>\n<p><span>#2<\/span><span>#2<\/span><span><img decoding=\"async\" alt=\"Tickets f\u00fcr Moulin Rouge\" data-id=\"10229\" width=\"159\" data-init-width=\"800\" height=\"159\" data-init-height=\"800\" title=\"Tickets f\u00fcr Moulin Rouge\" loading=\"lazy\" src=\"https:\/\/www.paristouristinformation.fr\/de\/wp-content\/uploads\/2026\/02\/Tickets-for-Moulin-Rouge.jpg\" data-width=\"159\" data-height=\"159\" style=\"aspect-ratio: auto 800 \/ 800;\"><\/span><\/p>\n<table>\n<tbody>\n<tr>\n<td><a href=\"https:\/\/www.tiqets.com\/de\/things-to-do-in-paris-c66746\/tickets-for-moulin-rouge-p983815\/?partner=paristouristinformation&amp;tq_campaign=ParisDePicassoMuseumGttd2\" target=\"_blank\" rel=\"nofollow noopener\" style=\"outline: none;\" data-lt-tmp-id=\"lt-318290\" spellcheck=\"false\">Moulin Rouge Show mit Abendessen<\/a><\/td>\n<\/tr>\n<\/tbody>\n<\/table>\n<p dir=\"ltr\">Erleben Sie die Magie des Moulin Rouge mit einer schillernden Show und einem Gourmet-Dinner.<\/p>\n<h3 style=\"\">Gesamtpreis<\/h3>\n<h3 style=\"\">Ihr Konto wird noch nicht belastet.<\/h3>\n<p><span>#2<\/span><span><img decoding=\"async\" alt=\"\" data-id=\"13437\" width=\"159\" data-init-width=\"1530\" height=\"114\" data-init-height=\"1100\" title=\"Bildschirmfoto 26.02.2024 um 17.19.35 Uhr\" loading=\"lazy\" src=\"https:\/\/www.paristouristinformation.fr\/de\/wp-content\/uploads\/2026\/02\/Bildschirmfoto-2024-08-26-um-17.19.35.png\" data-width=\"159\" data-height=\"114\" style=\"aspect-ratio: auto 1530 \/ 1100;\"><\/span><\/p>\n<table>\n<tbody>\n<tr>\n<td><a href=\"https:\/\/www.tiqets.com\/de\/things-to-do-in-paris-c66746\/tickets-for-crazy-horse-paris-p1111530\/?partner=paristouristinformation&amp;tq_campaign=ParisDePicassoMuseumGttd3\" target=\"_blank\" rel=\"nofollow noopener\" style=\"outline: none;\" data-lt-tmp-id=\"lt-163467\" spellcheck=\"false\">Crazy Horse Paris: Nur Show<\/a><\/td>\n<\/tr>\n<\/tbody>\n<\/table>\n<p>Tauchen Sie ein in die fesselnde Welt von Crazy Horse Paris mit einer unvergesslichen Show mit atemberaubenden Darbietungen und faszinierender Kunstfertigkeit.<\/p>\n<h3 style=\"\">Gesamtpreis<\/h3>\n<h3 style=\"\">Ihr Konto wird noch nicht belastet.<\/h3>\n<\/p>\n<h2><a href=\"https:\/\/www.tiqets.com\/de\/things-to-do-in-paris-c66746\/tickets-for-musee-national-picasso-paris-priority-entrance-p974460\/?partner=paristouristinformation&amp;tq_campaign=ParisDePicassoMuseumGttd\" target=\"_blank\" rel=\"nofollow noopener\">Zur Buchung<\/a><\/h2>\n<p style=\"\"><a href=\"https:\/\/gyg.me\/TEtuPx8V\" target=\"_blank\" rel=\"nofollow noopener\" style=\"outline: none;\"><\/a><a href=\"https:\/\/www.tiqets.com\/de\/things-to-do-in-paris-c66746\/tickets-for-musee-national-picasso-paris-priority-entrance-p974460\/?partner=paristouristinformation&amp;tq_campaign=ParisDePicassoMuseumGttd\" target=\"_blank\" rel=\"nofollow noopener\" style=\"outline: none;\" spellcheck=\"false\"><span style=\"font-weight: normal;\">Ab <\/span><strong>16,00 \u20ac<\/strong><\/a><\/p>\n<p style=\"\">Ihr Konto wird noch nicht belastet.<\/p>\n","protected":false},"excerpt":{"rendered":"<p>Mus\u00e9e Picasso: Priorisierter Eintritt Zur Buchung Ab 16,00 \u20ac Erleben Sie die kreative Welt von Pablo Picasso mit Eintrittskarten f\u00fcr das Mus\u00e9e national Picasso-Paris. Erkunden Sie eine der umfangreichsten Picasso-Sammlungen der Welt in einem atemberaubenden Herrenhaus aus dem 17. Jahrhundert im Herzen des Marais. Sorgf\u00e4ltig ausgew\u00e4hltes Ticket Sofortige Best\u00e4tigung Vorrangiger Eintrag Kostenlose Stornierung Inbegriffen Zugang [&hellip;]<\/p>\n","protected":false},"author":10,"featured_media":15131,"parent":0,"menu_order":0,"comment_status":"closed","ping_status":"closed","template":"","meta":{"footnotes":""},"tags":[69],"class_list":["post-15130","page","type-page","status-publish","has-post-thumbnail","hentry","tag-sales-pages","post-wrapper","thrv_wrapper"],"wp-worthy-pixel":{"ignored":false,"public":null,"server":null,"url":null},"wp-worthy-type":"normal","_links":{"self":[{"href":"https:\/\/www.paristouristinformation.fr\/de\/wp-json\/wp\/v2\/pages\/15130","targetHints":{"allow":["GET"]}}],"collection":[{"href":"https:\/\/www.paristouristinformation.fr\/de\/wp-json\/wp\/v2\/pages"}],"about":[{"href":"https:\/\/www.paristouristinformation.fr\/de\/wp-json\/wp\/v2\/types\/page"}],"author":[{"embeddable":true,"href":"https:\/\/www.paristouristinformation.fr\/de\/wp-json\/wp\/v2\/users\/10"}],"replies":[{"embeddable":true,"href":"https:\/\/www.paristouristinformation.fr\/de\/wp-json\/wp\/v2\/comments?post=15130"}],"version-history":[{"count":8,"href":"https:\/\/www.paristouristinformation.fr\/de\/wp-json\/wp\/v2\/pages\/15130\/revisions"}],"predecessor-version":[{"id":15336,"href":"https:\/\/www.paristouristinformation.fr\/de\/wp-json\/wp\/v2\/pages\/15130\/revisions\/15336"}],"wp:featuredmedia":[{"embeddable":true,"href":"https:\/\/www.paristouristinformation.fr\/de\/wp-json\/wp\/v2\/media\/15131"}],"wp:attachment":[{"href":"https:\/\/www.paristouristinformation.fr\/de\/wp-json\/wp\/v2\/media?parent=15130"}],"wp:term":[{"taxonomy":"post_tag","embeddable":true,"href":"https:\/\/www.paristouristinformation.fr\/de\/wp-json\/wp\/v2\/tags?post=15130"}],"curies":[{"name":"wp","href":"https:\/\/api.w.org\/{rel}","templated":true}]}}