{"id":15144,"date":"2026-02-17T06:45:30","date_gmt":"2026-02-17T06:45:30","guid":{"rendered":"https:\/\/www.paristouristinformation.fr\/de\/?page_id=15144"},"modified":"2026-02-17T06:48:01","modified_gmt":"2026-02-17T06:48:01","slug":"mont-saint-michel-tickets","status":"publish","type":"page","link":"https:\/\/www.paristouristinformation.fr\/de\/mont-saint-michel-tickets\/","title":{"rendered":"Mont-Saint-Michel Tickets"},"content":{"rendered":"<p><span><img decoding=\"async\" alt=\"\" data-id=\"15494\" width=\"1404\" height=\"888\" title=\"Mont-Saint-Michel Abbey Tickets ota\" src=\"https:\/\/www.paristouristinformation.fr\/de\/wp-content\/uploads\/2026\/02\/Mont-Saint-Michel-Abbey-Tickets-ota-1024x648-1.png\" data-src=\"https:\/\/www.paristouristinformation.fr\/de\/wp-content\/uploads\/2026\/02\/Mont-Saint-Michel-Abbey-Tickets-ota-300x190-1.png\" loading=\"lazy\" data-sizes=\"{&quot;thumbnail&quot;:{&quot;url&quot;:&quot;https:\/\/www.paristouristinformation.fr\/de\/wp-content\/uploads\/2026\/02\/Mont-Saint-Michel-Abbey-Tickets-ota-333x205-1.png&quot;,&quot;height&quot;:205,&quot;width&quot;:333,&quot;orientation&quot;:&quot;landscape&quot;},&quot;medium&quot;:{&quot;url&quot;:&quot;https:\/\/www.paristouristinformation.fr\/de\/wp-content\/uploads\/2026\/02\/Mont-Saint-Michel-Abbey-Tickets-ota-300x190-1.png&quot;,&quot;height&quot;:190,&quot;width&quot;:300,&quot;orientation&quot;:&quot;landscape&quot;},&quot;large&quot;:{&quot;url&quot;:&quot;https:\/\/www.paristouristinformation.fr\/de\/wp-content\/uploads\/2026\/02\/Mont-Saint-Michel-Abbey-Tickets-ota-1024x648-1.png&quot;,&quot;height&quot;:648,&quot;width&quot;:1024,&quot;orientation&quot;:&quot;landscape&quot;},&quot;full&quot;:{&quot;url&quot;:&quot;https:\/\/www.paristouristinformation.fr\/de\/wp-content\/uploads\/2026\/02\/Mont-Saint-Michel-Abbey-Tickets-ota.png&quot;,&quot;height&quot;:888,&quot;width&quot;:1404,&quot;orientation&quot;:&quot;landscape&quot;}}\"><\/span><span><img decoding=\"async\" alt=\"\" data-id=\"15493\" width=\"1340\" height=\"942\" title=\"Mont-Saint-Michel Abbey Tickets ota4\" src=\"https:\/\/www.paristouristinformation.fr\/de\/wp-content\/uploads\/2026\/02\/Mont-Saint-Michel-Abbey-Tickets-ota4-1024x720-1.png\" data-src=\"https:\/\/www.paristouristinformation.fr\/de\/wp-content\/uploads\/2026\/02\/Mont-Saint-Michel-Abbey-Tickets-ota4-300x211-1.png\" loading=\"lazy\" data-sizes=\"{&quot;thumbnail&quot;:{&quot;url&quot;:&quot;https:\/\/www.paristouristinformation.fr\/de\/wp-content\/uploads\/2026\/02\/Mont-Saint-Michel-Abbey-Tickets-ota4-333x205-1.png&quot;,&quot;height&quot;:205,&quot;width&quot;:333,&quot;orientation&quot;:&quot;landscape&quot;},&quot;medium&quot;:{&quot;url&quot;:&quot;https:\/\/www.paristouristinformation.fr\/de\/wp-content\/uploads\/2026\/02\/Mont-Saint-Michel-Abbey-Tickets-ota4-300x211-1.png&quot;,&quot;height&quot;:211,&quot;width&quot;:300,&quot;orientation&quot;:&quot;landscape&quot;},&quot;large&quot;:{&quot;url&quot;:&quot;https:\/\/www.paristouristinformation.fr\/de\/wp-content\/uploads\/2026\/02\/Mont-Saint-Michel-Abbey-Tickets-ota4-1024x720-1.png&quot;,&quot;height&quot;:720,&quot;width&quot;:1024,&quot;orientation&quot;:&quot;landscape&quot;},&quot;full&quot;:{&quot;url&quot;:&quot;https:\/\/www.paristouristinformation.fr\/de\/wp-content\/uploads\/2026\/02\/Mont-Saint-Michel-Abbey-Tickets-ota4.png&quot;,&quot;height&quot;:942,&quot;width&quot;:1340,&quot;orientation&quot;:&quot;landscape&quot;}}\"><\/span><span><img decoding=\"async\" alt=\"\" data-id=\"15495\" width=\"1330\" height=\"948\" title=\"Mont-Saint-Michel Abtei Tickets ota 2\" src=\"https:\/\/www.paristouristinformation.fr\/de\/wp-content\/uploads\/2026\/02\/Mont-Saint-Michel-Abbey-Tickets-ota-2-1024x730-1.png\" data-src=\"https:\/\/www.paristouristinformation.fr\/de\/wp-content\/uploads\/2026\/02\/Mont-Saint-Michel-Abbey-Tickets-ota-2-300x214-1.png\" loading=\"lazy\" data-sizes=\"{&quot;thumbnail&quot;:{&quot;url&quot;:&quot;https:\/\/www.paristouristinformation.fr\/de\/wp-content\/uploads\/2026\/02\/Mont-Saint-Michel-Abbey-Tickets-ota-2-333x205-1.png&quot;,&quot;height&quot;:205,&quot;width&quot;:333,&quot;orientation&quot;:&quot;landscape&quot;},&quot;medium&quot;:{&quot;url&quot;:&quot;https:\/\/www.paristouristinformation.fr\/de\/wp-content\/uploads\/2026\/02\/Mont-Saint-Michel-Abbey-Tickets-ota-2-300x214-1.png&quot;,&quot;height&quot;:214,&quot;width&quot;:300,&quot;orientation&quot;:&quot;landscape&quot;},&quot;large&quot;:{&quot;url&quot;:&quot;https:\/\/www.paristouristinformation.fr\/de\/wp-content\/uploads\/2026\/02\/Mont-Saint-Michel-Abbey-Tickets-ota-2-1024x730-1.png&quot;,&quot;height&quot;:730,&quot;width&quot;:1024,&quot;orientation&quot;:&quot;landscape&quot;},&quot;full&quot;:{&quot;url&quot;:&quot;https:\/\/www.paristouristinformation.fr\/de\/wp-content\/uploads\/2026\/02\/Mont-Saint-Michel-Abbey-Tickets-ota-2.png&quot;,&quot;height&quot;:948,&quot;width&quot;:1330,&quot;orientation&quot;:&quot;landscape&quot;}}\"><\/span><span><img decoding=\"async\" alt=\"\" data-id=\"15496\" width=\"1360\" height=\"946\" title=\"Mont-Saint-Michel Abbey Tickets ota3\" src=\"https:\/\/www.paristouristinformation.fr\/de\/wp-content\/uploads\/2026\/02\/Mont-Saint-Michel-Abbey-Tickets-ota3-1024x712-1.png\" data-src=\"https:\/\/www.paristouristinformation.fr\/de\/wp-content\/uploads\/2026\/02\/Mont-Saint-Michel-Abbey-Tickets-ota3-300x209-1.png\" loading=\"lazy\" data-sizes=\"{&quot;thumbnail&quot;:{&quot;url&quot;:&quot;https:\/\/www.paristouristinformation.fr\/de\/wp-content\/uploads\/2026\/02\/Mont-Saint-Michel-Abbey-Tickets-ota3-333x205-1.png&quot;,&quot;height&quot;:205,&quot;width&quot;:333,&quot;orientation&quot;:&quot;landscape&quot;},&quot;medium&quot;:{&quot;url&quot;:&quot;https:\/\/www.paristouristinformation.fr\/de\/wp-content\/uploads\/2026\/02\/Mont-Saint-Michel-Abbey-Tickets-ota3-300x209-1.png&quot;,&quot;height&quot;:209,&quot;width&quot;:300,&quot;orientation&quot;:&quot;landscape&quot;},&quot;large&quot;:{&quot;url&quot;:&quot;https:\/\/www.paristouristinformation.fr\/de\/wp-content\/uploads\/2026\/02\/Mont-Saint-Michel-Abbey-Tickets-ota3-1024x712-1.png&quot;,&quot;height&quot;:712,&quot;width&quot;:1024,&quot;orientation&quot;:&quot;landscape&quot;},&quot;full&quot;:{&quot;url&quot;:&quot;https:\/\/www.paristouristinformation.fr\/de\/wp-content\/uploads\/2026\/02\/Mont-Saint-Michel-Abbey-Tickets-ota3.png&quot;,&quot;height&quot;:946,&quot;width&quot;:1360,&quot;orientation&quot;:&quot;landscape&quot;}}\"><\/span><\/p>\n<h1 data-qa-marker=\"product-name\">Mont-Saint-Michel Abbey Tickets<\/h1>\n<h2><a href=\"https:\/\/www.headout.com\/mont-st-michel-tickets-and-tours\/tickets-to-mont-saint-michel-abbey-e-11015\/?affiliate_code=KXkQ69&amp;utm_campaign=paristidemontsaintmichelgttd&amp;utm_content=link&amp;utm_medium=affiliate&amp;utm_source=most_amazing_places\" target=\"_blank\" rel=\"nofollow noopener\" style=\"outline: none;\">Zur Buchung<\/a><\/h2>\n<h1><a href=\"https:\/\/www.headout.com\/mont-st-michel-tickets-and-tours\/tickets-to-mont-saint-michel-abbey-e-11015\/?affiliate_code=KXkQ69&amp;utm_campaign=paristidemontsaintmichelgttd&amp;utm_content=link&amp;utm_medium=affiliate&amp;utm_source=most_amazing_places\" target=\"_blank\" rel=\"nofollow noopener\" style=\"outline: none;\" spellcheck=\"false\"><span style=\"font-weight: normal;\">Ab <\/span><strong>13 <\/strong><span style=\"font-weight: normal;\">\u20ac<\/span><\/a><\/h1>\n<p dir=\"ltr\">Betreten Sie die atemberaubende <strong>Abtei Mont-Saint-Michel <\/strong>und erkunden Sie ihre jahrhundertealten Wunder. Buchen Sie jetzt, um immersive <strong>3D-Erlebnisse <\/strong>zu erschlie\u00dfen oder eine <strong>klassische selbstgef\u00fchrte Reise <\/strong>durch dieses ikonische UNESCO-Weltkulturerbe zu genie\u00dfen!<\/p>\n<ul>\n<li style=\"\"><span>Sorgf\u00e4ltig ausgew\u00e4hltes Ticket<\/span><\/li>\n<li style=\"\"><span>Mobiles Ticket akzeptiert<\/span><\/li>\n<li style=\"\"><span>Erforschen Sie in Ihrem eigenen Tempo<\/span><\/li>\n<li style=\"\"><span>Nicht stonierbar<\/span><\/li>\n<\/ul>\n<h2>Inbegriffen<\/h2>\n<ul>\n<li style=\"\">                    <span>Eintritt in die Abtei Mont-Saint-Michel<\/span><\/li>\n<li style=\"\">                    <span>Mehrsprachige Informationsbrosch\u00fcre (12 Sprachen)<\/span><\/li>\n<li style=\"\">                    <span>Immersives AR-Tablet in 10 Sprachen (falls ausgew\u00e4hlt)<\/span><\/li>\n<\/ul>\n<h2>Nicht inbegriffen<\/h2>\n<ul>\n<li style=\"\"><span>Gef\u00fchrte Tour<\/span><\/li>\n<li style=\"\"><span>Transport von\/von Mont-Saint-Michel<\/span><\/li>\n<\/ul>\n<h2>Wichtige Informationen<\/h2>\n<ul>\n<li style=\"\"><span>Letzter Einlass: 1 Stunde vor Schlie\u00dfung<\/span><\/li>\n<li><span>Tragen Sie bequeme Schuhe; Kopfsteinpflasterstra\u00dfen und viel Gehen<\/span><\/li>\n<li><span>Einige Bereiche sind f\u00fcr Besucher mit eingeschr\u00e4nkter Mobilit\u00e4t nicht vollst\u00e4ndig zug\u00e4nglich<\/span><\/li>\n<li><span>Nur kleine Taschen erlaubt (keine gro\u00dfen Rucks\u00e4cke oder Koffer)<\/span><\/li>\n<li><span>Assistenzhunde erlaubt; andere Haustiere nicht erlaubt<\/span><\/li>\n<li><span>Das Revelacio-Tablet erfordert eine ID-Einzahlung bei der Abholung<\/span><\/li>\n<li><span>Bitte bringen Sie einen g\u00fcltigen Lichtbildausweis mit.<\/span><\/li>\n<li><span>Mehrsprachiger Support sowohl f\u00fcr das Booklet als auch f\u00fcr das AR-Tablet verf\u00fcgbar<\/span><\/li>\n<li><span>Beginnen Sie Ihren Besuch im Besucherzentrum Mont-Saint-Michel auf dem Festland. Holen Sie Ihr Ticket und das optionale AR-Tablet ab, nachdem Sie Ihren Gutschein und Ihren g\u00fcltigen Lichtbildausweis vorgelegt haben. \u00dcberqueren Sie dann den Dam zur Insel und betreten Sie die Abtei zu Ihrem geplanten Zeitfenster.<\/span><\/li>\n<\/ul>\n<h2>Beschreibung:<\/h2>\n<p dir=\"ltr\">Entdecken Sie die zeitlose Sch\u00f6nheit der Abtei Mont-Saint-Michel, einer der <strong>magischsten St\u00e4tten Frankreichs.<\/strong> Spazieren Sie in Ihrem eigenen Tempo durch majest\u00e4tische <strong>Kreuzger<\/strong>, hoch aufragende <strong>Schiffe <\/strong>und <strong>friedliche Terrassen<\/strong>. Verbessern Sie Ihre Reise mit dem optionalen <strong>Revelacio-Tablet, <\/strong>auf dem 3D-Rekonstruktionen und historische Nachstellungen Sie ins Mittelalter zur\u00fcckversetzen. Egal, ob Sie die <strong>Entdeckungsroute <\/strong>erkunden,<strong>&nbsp;<\/strong>tief in die <strong>Erkundungstour eintauchen<\/strong> oder sich auf die <strong>Kinderquest <\/strong>begeben,<strong>&nbsp;<\/strong>Ihr Besuch wird unvergesslich sein. Beginnen Sie Ihr Abenteuer im renovierten Besucherzentrum und bereiten Sie sich auf ein beeindruckendes Erlebnis vor!<\/p>\n<p dir=\"ltr\"><strong> <\/strong><\/p>\n<h2>H\u00f6hepunkte:<\/h2>\n<ul>\n<li dir=\"ltr\">Schlendern Sie durch die gro\u00dfen Hallen und ruhigen Kreuzer der 1.300 Jahre alten Abtei<\/li>\n<li dir=\"ltr\">Erleben Sie die Vergangenheit, die mit immersiven 3D-Tablet-Rekonstruktionen zum Leben erwacht<\/li>\n<li dir=\"ltr\">W\u00e4hlen Sie zwischen drei thematischen selbstgef\u00fchrten Routen f\u00fcr alle Altersgruppen und Interessen<\/li>\n<li dir=\"ltr\">Genie\u00dfen Sie den Panoramablick auf die Bucht von der Terrasse der Abtei<\/li>\n<li dir=\"ltr\">Beginnen Sie Ihre Reise im Besucherzentrum des Festlandes mit interaktiven Exponaten<\/li>\n<\/ul>\n<h2><strong>Abtei Mont Saint-Michel<\/strong><\/h2>\n<p>L&#8217;Abbaye, 50170 Le Mont-Saint-Michel, Frankreich<\/p>\n<h2>Stornierungsrichtlinien<\/h2>\n<p dir=\"ltr\">Dieses Ticket ist nicht erstattungsf\u00e4hig und kann nicht verschoben werden. Bitte best\u00e4tigen Sie Ihr Datum und Ihr Zeitfenster vor der Buchung.<\/p>\n<h2>Treffpunkt &amp; Anleitung<\/h2>\n<p dir=\"ltr\">Ticket-Einl\u00f6sestelle: <strong>Mont Saint-Michel, L&#8217;Abbaye, 50170 Mont Saint-Michel, Frankreich<\/strong><\/p>\n<p dir=\"ltr\">Beginnen Sie Ihren Besuch im Besucherzentrum Mont-Saint-Michel auf dem Festland. Holen Sie Ihr Ticket bei einem optionalen AR-Tablet ab, nachdem Sie Ihren Gutschein und einen g\u00fcltigen Lichtbildausweis vorgelegt haben. \u00dcberqueren Sie dann den Dam zur Insel und betreten Sie die Abtei zu Ihrem geplanten Zeitfenster. Bitte erscheinen Sie mindestens 15 Minuten vor Ihrer Einreisezeit.<\/p>\n<p><a href=\"https:\/\/www.google.com\/maps\/place\/Mont+Saint-Michel\/@48.6359554,-1.5116303,18.81z\/data=!4m6!3m5!1s0x48065844370cc7c1:0x3b3b252279d89f96!8m2!3d48.6361043!4d-1.511244!16s%2Fg%2F11gzp15v3!5m2!1e4!1e2?entry=tts&amp;g_ep=EgoyMDI1MDUyMS4wIPu8ASoASAFQAw%3D%3D&amp;skid=edc1602a-53f7-4a5c-83d7-e438534dc20e\" style=\"outline: none;\" data-lt-tmp-id=\"lt-316215\" spellcheck=\"false\" target=\"_blank\" rel=\"nofollow noopener\">In Karten \u00f6ffnen<\/a><\/p>\n<h2>Bewertungen<\/h2>\n<p><strong>4,5\/ 5 <\/strong><strong>(3100 Bewertungen)<\/strong><\/p>\n<p dir=\"ltr\"><em>\u201eDie Abby am Mont Saint Michel war wundersch\u00f6n! Es hat sich gelohnt, es zu sehen, und der Kauf unserer Tickets war einfach. Es gibt eine Warnung vor gef\u00e4lschten Tickets auf der offiziellen Website, daher war ich nerv\u00f6s, \u00fcber diese zu buchen, aber alles war authentisch und akzeptiert. Wenn es nicht viel los ist, k\u00f6nnen Sie auch Tickets direkt im Abby kaufen.\u201c &#8211; <\/em>Sylvia, Mai 2025 <a href=\"https:\/\/www.headout.com\/mont-st-michel-tickets-and-tours\/tickets-to-mont-saint-michel-abbey-e-11015\/?affiliate_code=KXkQ69&amp;utm_campaign=paristidemontsaintmichelgttd&amp;utm_content=link&amp;utm_medium=affiliate&amp;utm_source=most_amazing_places\" target=\"_blank\" rel=\"nofollow noopener\" data-lt-tmp-id=\"lt-739229\" spellcheck=\"false\" style=\"outline: none;\">&gt;&gt; Weitere Bewertungen anzeigen<\/a><\/p>\n<h2>Weitere Aktivit\u00e4ten, die Ihnen gefallen k\u00f6nnten<\/h2>\n<p><span>#2<\/span><span>#2<\/span><span><img decoding=\"async\" alt=\"\" data-id=\"15499\" width=\"159\" data-init-width=\"2296\" height=\"90\" data-init-height=\"1300\" title=\"Tagesausflug nach Mont-Saint-Michel von Paris ota\" loading=\"lazy\" src=\"https:\/\/www.paristouristinformation.fr\/de\/wp-content\/uploads\/2026\/02\/Day-Trip-to-Mont-Saint-Michel-from-Paris-ota.webp\" data-width=\"159\" data-height=\"90\" style=\"aspect-ratio: auto 2296 \/ 1300;\"><\/span><\/p>\n<table>\n<tbody>\n<tr>\n<td><a href=\"https:\/\/www.getyourguide.com\/paris-l16\/from-paris-mont-st-michel-at-your-own-pace-by-coach-t133257\/?partner_id=NO9XIDE&amp;cmp=ParisTDeIMontSaintMichelGttd2-short-url\" target=\"_blank\" rel=\"nofollow noopener\" style=\"outline: none;\" data-lt-tmp-id=\"lt-267820\" spellcheck=\"false\">Tagesausflug nach Mont-Saint-Michel von Paris<\/a><\/td>\n<\/tr>\n<\/tbody>\n<\/table>\n<p data-pm-slice=\"1 1 []\">Entdecken Sie die Magie des Mont-Saint-Michel auf einer <strong>ganzt\u00e4gigen Tour von Paris aus<\/strong>, mit Eintritt in die Abtei, malerische Ausblicke und optionalen gef\u00fchrten Einblicken.<\/p>\n<h3 style=\"\">Gesamtpreis<\/h3>\n<h3>Ihr Konto wird noch nicht belastet.<\/h3>\n<p><span>#2<\/span><span><img decoding=\"async\" alt=\"\" data-id=\"15501\" width=\"159\" data-init-width=\"1600\" height=\"99\" data-init-height=\"1000\" title=\"Mont-Saint-Michel Island Audiogef\u00fchrte Tour + Abtei-Tickets ota\" loading=\"lazy\" src=\"https:\/\/paristouristinformation.fr\/wp-content\/uploads\/2025\/07\/Mont-Saint-Michel-Island-Audio-Guided-Tour-Abbey-Tickets-ota.avif\" data-width=\"159\" data-height=\"99\" style=\"aspect-ratio: auto 1600 \/ 1000;\"><\/span><\/p>\n<table>\n<tbody>\n<tr>\n<td><a href=\"https:\/\/www.headout.com\/mont-st-michel-tickets-and-tours\/mont-saint-micheal-abbey-guided-tour-e-27708\/?affiliate_code=KXkQ69&amp;utm_campaign=paristidemontsaintmichelgttd3&amp;utm_content=link&amp;utm_medium=affiliate&amp;utm_source=most_amazing_places\" target=\"_blank\" rel=\"nofollow noopener\" style=\"outline: none;\" data-lt-tmp-id=\"lt-885829\" spellcheck=\"false\">Mont-Saint-Michel Island Audiogef\u00fchrte Tour + Abtei-Tickets<\/a><\/td>\n<\/tr>\n<\/tbody>\n<\/table>\n<p data-pm-slice=\"1 1 []\">Erkunden Sie Mont-Saint-Michel in Ihrem eigenen Tempo mit einem <strong>Kombiticket<\/strong>, das eine <strong>audiogef\u00fchrte Dorftour <\/strong>und <strong>Eintritt <\/strong>in die ikonische <strong>Abtei <\/strong>beinhaltet.<\/p>\n<h3 style=\"\">Gesamtpreis<\/h3>\n<h3 style=\"\">Ihr Konto wird noch nicht belastet.<\/h3>\n<\/p>\n<h2><a href=\"https:\/\/www.headout.com\/mont-st-michel-tickets-and-tours\/tickets-to-mont-saint-michel-abbey-e-11015\/?affiliate_code=KXkQ69&amp;utm_campaign=paristidemontsaintmichelgttd&amp;utm_content=link&amp;utm_medium=affiliate&amp;utm_source=most_amazing_places\" target=\"_blank\" rel=\"nofollow noopener\" style=\"outline: none;\" spellcheck=\"false\">Zur Buchung<\/a><\/h2>\n<h1><a href=\"https:\/\/www.headout.com\/mont-st-michel-tickets-and-tours\/tickets-to-mont-saint-michel-abbey-e-11015\/?affiliate_code=KXkQ69&amp;utm_campaign=paristidemontsaintmichelgttd&amp;utm_content=link&amp;utm_medium=affiliate&amp;utm_source=most_amazing_places\" target=\"_blank\" rel=\"nofollow noopener\" style=\"outline: none;\" spellcheck=\"false\"><strong>Ab <\/strong>13 <strong>\u20ac<\/strong><\/a><\/h1>\n<p style=\"\">Sie werden noch nicht belastet<\/p>\n","protected":false},"excerpt":{"rendered":"<p>Mont-Saint-Michel Abbey Tickets Zur Buchung Ab 13 \u20ac Betreten Sie die atemberaubende Abtei Mont-Saint-Michel und erkunden Sie ihre jahrhundertealten Wunder. Buchen Sie jetzt, um immersive 3D-Erlebnisse zu erschlie\u00dfen oder eine klassische selbstgef\u00fchrte Reise durch dieses ikonische UNESCO-Weltkulturerbe zu genie\u00dfen! Sorgf\u00e4ltig ausgew\u00e4hltes Ticket Mobiles Ticket akzeptiert Erforschen Sie in Ihrem eigenen Tempo Nicht stonierbar Inbegriffen Eintritt [&hellip;]<\/p>\n","protected":false},"author":10,"featured_media":15145,"parent":0,"menu_order":0,"comment_status":"closed","ping_status":"closed","template":"","meta":{"footnotes":""},"tags":[69],"class_list":["post-15144","page","type-page","status-publish","has-post-thumbnail","hentry","tag-sales-pages","post-wrapper","thrv_wrapper"],"wp-worthy-pixel":{"ignored":false,"public":null,"server":null,"url":null},"wp-worthy-type":"normal","_links":{"self":[{"href":"https:\/\/www.paristouristinformation.fr\/de\/wp-json\/wp\/v2\/pages\/15144","targetHints":{"allow":["GET"]}}],"collection":[{"href":"https:\/\/www.paristouristinformation.fr\/de\/wp-json\/wp\/v2\/pages"}],"about":[{"href":"https:\/\/www.paristouristinformation.fr\/de\/wp-json\/wp\/v2\/types\/page"}],"author":[{"embeddable":true,"href":"https:\/\/www.paristouristinformation.fr\/de\/wp-json\/wp\/v2\/users\/10"}],"replies":[{"embeddable":true,"href":"https:\/\/www.paristouristinformation.fr\/de\/wp-json\/wp\/v2\/comments?post=15144"}],"version-history":[{"count":8,"href":"https:\/\/www.paristouristinformation.fr\/de\/wp-json\/wp\/v2\/pages\/15144\/revisions"}],"predecessor-version":[{"id":15340,"href":"https:\/\/www.paristouristinformation.fr\/de\/wp-json\/wp\/v2\/pages\/15144\/revisions\/15340"}],"wp:featuredmedia":[{"embeddable":true,"href":"https:\/\/www.paristouristinformation.fr\/de\/wp-json\/wp\/v2\/media\/15145"}],"wp:attachment":[{"href":"https:\/\/www.paristouristinformation.fr\/de\/wp-json\/wp\/v2\/media?parent=15144"}],"wp:term":[{"taxonomy":"post_tag","embeddable":true,"href":"https:\/\/www.paristouristinformation.fr\/de\/wp-json\/wp\/v2\/tags?post=15144"}],"curies":[{"name":"wp","href":"https:\/\/api.w.org\/{rel}","templated":true}]}}