{"id":15173,"date":"2026-02-17T06:50:33","date_gmt":"2026-02-17T06:50:33","guid":{"rendered":"https:\/\/www.paristouristinformation.fr\/de\/?page_id=15173"},"modified":"2026-02-17T06:52:55","modified_gmt":"2026-02-17T06:52:55","slug":"puy-du-fou-tickets","status":"publish","type":"page","link":"https:\/\/www.paristouristinformation.fr\/de\/puy-du-fou-tickets\/","title":{"rendered":"Puy du Fou Tickets: 1 Tag"},"content":{"rendered":"<p><span><img decoding=\"async\" alt=\"\" data-id=\"15520\" width=\"1744\" height=\"1070\" title=\"Puy du Fou Eintrittskarte ota\" src=\"https:\/\/www.paristouristinformation.fr\/de\/wp-content\/uploads\/2026\/02\/Puy-du-Fou-Entry-Ticket-ota-1024x628-1.png\" data-src=\"https:\/\/www.paristouristinformation.fr\/de\/wp-content\/uploads\/2026\/02\/Puy-du-Fou-Entry-Ticket-ota-300x184-1.png\" loading=\"lazy\" data-sizes=\"{&quot;thumbnail&quot;:{&quot;url&quot;:&quot;https:\/\/www.paristouristinformation.fr\/de\/wp-content\/uploads\/2026\/02\/Puy-du-Fou-Entry-Ticket-ota-333x205-1.png&quot;,&quot;height&quot;:205,&quot;width&quot;:333,&quot;orientation&quot;:&quot;landscape&quot;},&quot;medium&quot;:{&quot;url&quot;:&quot;https:\/\/www.paristouristinformation.fr\/de\/wp-content\/uploads\/2026\/02\/Puy-du-Fou-Entry-Ticket-ota-300x184-1.png&quot;,&quot;height&quot;:184,&quot;width&quot;:300,&quot;orientation&quot;:&quot;landscape&quot;},&quot;large&quot;:{&quot;url&quot;:&quot;https:\/\/www.paristouristinformation.fr\/de\/wp-content\/uploads\/2026\/02\/Puy-du-Fou-Entry-Ticket-ota-1024x628-1.png&quot;,&quot;height&quot;:628,&quot;width&quot;:1024,&quot;orientation&quot;:&quot;landscape&quot;},&quot;full&quot;:{&quot;url&quot;:&quot;https:\/\/www.paristouristinformation.fr\/de\/wp-content\/uploads\/2026\/02\/Puy-du-Fou-Entry-Ticket-ota.png&quot;,&quot;height&quot;:1070,&quot;width&quot;:1744,&quot;orientation&quot;:&quot;landscape&quot;},&quot;1536x1536&quot;:{&quot;url&quot;:&quot;https:\/\/www.paristouristinformation.fr\/de\/wp-content\/uploads\/2026\/02\/Puy-du-Fou-Entry-Ticket-ota-1536x942-1.png&quot;,&quot;height&quot;:942,&quot;width&quot;:1536,&quot;orientation&quot;:&quot;landscape&quot;}}\"><\/span><span><img decoding=\"async\" alt=\"\" data-id=\"15519\" width=\"1642\" height=\"1022\" title=\"Puy du Fou Eintrittskarte ota3\" src=\"https:\/\/www.paristouristinformation.fr\/de\/wp-content\/uploads\/2026\/02\/Puy-du-Fou-Entry-Ticket-ota3-1024x637-1.png\" data-src=\"https:\/\/www.paristouristinformation.fr\/de\/wp-content\/uploads\/2026\/02\/Puy-du-Fou-Entry-Ticket-ota3-300x187-1.png\" loading=\"lazy\" data-sizes=\"{&quot;thumbnail&quot;:{&quot;url&quot;:&quot;https:\/\/www.paristouristinformation.fr\/de\/wp-content\/uploads\/2026\/02\/Puy-du-Fou-Entry-Ticket-ota3-333x205-1.png&quot;,&quot;height&quot;:205,&quot;width&quot;:333,&quot;orientation&quot;:&quot;landscape&quot;},&quot;medium&quot;:{&quot;url&quot;:&quot;https:\/\/www.paristouristinformation.fr\/de\/wp-content\/uploads\/2026\/02\/Puy-du-Fou-Entry-Ticket-ota3-300x187-1.png&quot;,&quot;height&quot;:187,&quot;width&quot;:300,&quot;orientation&quot;:&quot;landscape&quot;},&quot;large&quot;:{&quot;url&quot;:&quot;https:\/\/www.paristouristinformation.fr\/de\/wp-content\/uploads\/2026\/02\/Puy-du-Fou-Entry-Ticket-ota3-1024x637-1.png&quot;,&quot;height&quot;:637,&quot;width&quot;:1024,&quot;orientation&quot;:&quot;landscape&quot;},&quot;full&quot;:{&quot;url&quot;:&quot;https:\/\/www.paristouristinformation.fr\/de\/wp-content\/uploads\/2026\/02\/Puy-du-Fou-Entry-Ticket-ota3.png&quot;,&quot;height&quot;:1022,&quot;width&quot;:1642,&quot;orientation&quot;:&quot;landscape&quot;},&quot;1536x1536&quot;:{&quot;url&quot;:&quot;https:\/\/www.paristouristinformation.fr\/de\/wp-content\/uploads\/2026\/02\/Puy-du-Fou-Entry-Ticket-ota3-1536x956-1.png&quot;,&quot;height&quot;:956,&quot;width&quot;:1536,&quot;orientation&quot;:&quot;landscape&quot;}}\"><\/span><span><img decoding=\"async\" alt=\"\" data-id=\"15518\" width=\"1554\" height=\"956\" title=\"Puy du Fou Eintrittskarte ota4\" src=\"https:\/\/www.paristouristinformation.fr\/de\/wp-content\/uploads\/2026\/02\/Puy-du-Fou-Entry-Ticket-ota4-1024x630-1.png\" data-src=\"https:\/\/www.paristouristinformation.fr\/de\/wp-content\/uploads\/2026\/02\/Puy-du-Fou-Entry-Ticket-ota4-300x185-1.png\" loading=\"lazy\" data-sizes=\"{&quot;thumbnail&quot;:{&quot;url&quot;:&quot;https:\/\/www.paristouristinformation.fr\/de\/wp-content\/uploads\/2026\/02\/Puy-du-Fou-Entry-Ticket-ota4-333x205-1.png&quot;,&quot;height&quot;:205,&quot;width&quot;:333,&quot;orientation&quot;:&quot;landscape&quot;},&quot;medium&quot;:{&quot;url&quot;:&quot;https:\/\/www.paristouristinformation.fr\/de\/wp-content\/uploads\/2026\/02\/Puy-du-Fou-Entry-Ticket-ota4-300x185-1.png&quot;,&quot;height&quot;:185,&quot;width&quot;:300,&quot;orientation&quot;:&quot;landscape&quot;},&quot;large&quot;:{&quot;url&quot;:&quot;https:\/\/www.paristouristinformation.fr\/de\/wp-content\/uploads\/2026\/02\/Puy-du-Fou-Entry-Ticket-ota4-1024x630-1.png&quot;,&quot;height&quot;:630,&quot;width&quot;:1024,&quot;orientation&quot;:&quot;landscape&quot;},&quot;full&quot;:{&quot;url&quot;:&quot;https:\/\/www.paristouristinformation.fr\/de\/wp-content\/uploads\/2026\/02\/Puy-du-Fou-Entry-Ticket-ota4.png&quot;,&quot;height&quot;:956,&quot;width&quot;:1554,&quot;orientation&quot;:&quot;landscape&quot;},&quot;1536x1536&quot;:{&quot;url&quot;:&quot;https:\/\/www.paristouristinformation.fr\/de\/wp-content\/uploads\/2026\/02\/Puy-du-Fou-Entry-Ticket-ota4-1536x945-1.png&quot;,&quot;height&quot;:945,&quot;width&quot;:1536,&quot;orientation&quot;:&quot;landscape&quot;}}\"><\/span><span><img decoding=\"async\" alt=\"\" data-id=\"15521\" width=\"1616\" height=\"928\" title=\"Puy du Fou Eintrittskarte ota2\" src=\"https:\/\/www.paristouristinformation.fr\/de\/wp-content\/uploads\/2026\/02\/Puy-du-Fou-Entry-Ticket-ota2-1024x588-1.png\" data-src=\"https:\/\/www.paristouristinformation.fr\/de\/wp-content\/uploads\/2026\/02\/Puy-du-Fou-Entry-Ticket-ota2-300x172-1.png\" loading=\"lazy\" data-sizes=\"{&quot;thumbnail&quot;:{&quot;url&quot;:&quot;https:\/\/www.paristouristinformation.fr\/de\/wp-content\/uploads\/2026\/02\/Puy-du-Fou-Entry-Ticket-ota2-333x205-1.png&quot;,&quot;height&quot;:205,&quot;width&quot;:333,&quot;orientation&quot;:&quot;landscape&quot;},&quot;medium&quot;:{&quot;url&quot;:&quot;https:\/\/www.paristouristinformation.fr\/de\/wp-content\/uploads\/2026\/02\/Puy-du-Fou-Entry-Ticket-ota2-300x172-1.png&quot;,&quot;height&quot;:172,&quot;width&quot;:300,&quot;orientation&quot;:&quot;landscape&quot;},&quot;large&quot;:{&quot;url&quot;:&quot;https:\/\/www.paristouristinformation.fr\/de\/wp-content\/uploads\/2026\/02\/Puy-du-Fou-Entry-Ticket-ota2-1024x588-1.png&quot;,&quot;height&quot;:588,&quot;width&quot;:1024,&quot;orientation&quot;:&quot;landscape&quot;},&quot;full&quot;:{&quot;url&quot;:&quot;https:\/\/www.paristouristinformation.fr\/de\/wp-content\/uploads\/2026\/02\/Puy-du-Fou-Entry-Ticket-ota2.png&quot;,&quot;height&quot;:928,&quot;width&quot;:1616,&quot;orientation&quot;:&quot;landscape&quot;},&quot;1536x1536&quot;:{&quot;url&quot;:&quot;https:\/\/www.paristouristinformation.fr\/de\/wp-content\/uploads\/2026\/02\/Puy-du-Fou-Entry-Ticket-ota2-1536x882-1.png&quot;,&quot;height&quot;:882,&quot;width&quot;:1536,&quot;orientation&quot;:&quot;landscape&quot;}}\"><\/span><span><img decoding=\"async\" alt=\"\" data-id=\"15517\" width=\"1718\" height=\"1000\" title=\"Puy du Fou Eintrittskarte ota5\" src=\"https:\/\/www.paristouristinformation.fr\/de\/wp-content\/uploads\/2026\/02\/Puy-du-Fou-Entry-Ticket-ota5-1024x596-1.png\" data-src=\"https:\/\/www.paristouristinformation.fr\/de\/wp-content\/uploads\/2026\/02\/Puy-du-Fou-Entry-Ticket-ota5-300x175-1.png\" loading=\"lazy\" data-sizes=\"{&quot;thumbnail&quot;:{&quot;url&quot;:&quot;https:\/\/www.paristouristinformation.fr\/de\/wp-content\/uploads\/2026\/02\/Puy-du-Fou-Entry-Ticket-ota5-333x205-1.png&quot;,&quot;height&quot;:205,&quot;width&quot;:333,&quot;orientation&quot;:&quot;landscape&quot;},&quot;medium&quot;:{&quot;url&quot;:&quot;https:\/\/www.paristouristinformation.fr\/de\/wp-content\/uploads\/2026\/02\/Puy-du-Fou-Entry-Ticket-ota5-300x175-1.png&quot;,&quot;height&quot;:175,&quot;width&quot;:300,&quot;orientation&quot;:&quot;landscape&quot;},&quot;large&quot;:{&quot;url&quot;:&quot;https:\/\/www.paristouristinformation.fr\/de\/wp-content\/uploads\/2026\/02\/Puy-du-Fou-Entry-Ticket-ota5-1024x596-1.png&quot;,&quot;height&quot;:596,&quot;width&quot;:1024,&quot;orientation&quot;:&quot;landscape&quot;},&quot;full&quot;:{&quot;url&quot;:&quot;https:\/\/www.paristouristinformation.fr\/de\/wp-content\/uploads\/2026\/02\/Puy-du-Fou-Entry-Ticket-ota5.png&quot;,&quot;height&quot;:1000,&quot;width&quot;:1718,&quot;orientation&quot;:&quot;landscape&quot;},&quot;1536x1536&quot;:{&quot;url&quot;:&quot;https:\/\/www.paristouristinformation.fr\/de\/wp-content\/uploads\/2026\/02\/Puy-du-Fou-Entry-Ticket-ota5-1536x894-1.png&quot;,&quot;height&quot;:894,&quot;width&quot;:1536,&quot;orientation&quot;:&quot;landscape&quot;}}\"><\/span><\/p>\n<h1 data-qa-marker=\"product-name\">Puy du Fou 1-Tages Tickets<\/h1>\n<h2><a href=\"https:\/\/www.headout.com\/de\/puy-du-fou-tickets\/puy-du-fou-1-tages-tickets-e-29593\/?affiliate_code=KXkQ69&amp;utm_campaign=paristidepuydufougttd&amp;utm_content=link&amp;utm_medium=affiliate&amp;utm_source=most_amazing_places\" target=\"_blank\" rel=\"nofollow noopener\" style=\"outline: none;\">Zur Buchung<\/a><\/h2>\n<p style=\"\"><a href=\"https:\/\/www.headout.com\/de\/puy-du-fou-tickets\/puy-du-fou-1-tages-tickets-e-29593\/?affiliate_code=KXkQ69&amp;utm_campaign=paristidepuydufougttd&amp;utm_content=link&amp;utm_medium=affiliate&amp;utm_source=most_amazing_places\" target=\"_blank\" rel=\"nofollow noopener\" style=\"outline: none;\">Preis ab<\/a><\/p>\n<h1><a href=\"https:\/\/www.headout.com\/de\/puy-du-fou-tickets\/puy-du-fou-1-tages-tickets-e-29593\/?affiliate_code=KXkQ69&amp;utm_campaign=paristidepuydufougttd&amp;utm_content=link&amp;utm_medium=affiliate&amp;utm_source=most_amazing_places\" target=\"_blank\" rel=\"nofollow noopener\" style=\"outline: none;\"><strong>37,00 \u20ac<\/strong><\/a><\/h1>\n<p dir=\"ltr\">Besuchen Sie Puy du Fou, <strong>Frankreichs preisgekr\u00f6nten historischen Themenpark, <\/strong>in dem atemberaubende Live-Shows die Geschichte zum Leben erwecken. Buchen Sie jetzt f\u00fcr einen unvergesslichen Tag voller epischer Unterhaltung!<\/p>\n<ul>\n<li style=\"\"><span style=\"\">Sorgf\u00e4ltig ausgew\u00e4hltes Ticket<\/span><\/li>\n<li style=\"\"><span style=\"\">Sofortige Best\u00e4tigung<\/span><\/li>\n<li style=\"\"><span style=\"\">Mobiles Ticket<\/span><\/li>\n<li style=\"\"><span style=\"\">Nicht stornierbar<\/span><\/li>\n<\/ul>\n<h2>Inbegriffen<\/h2>\n<ul>\n<li style=\"\">                    <span>1 Tag Zugang zum Puy du Fou<\/span><\/li>\n<li style=\"\">                    <span>Die Nachtshow &#8222;Les Noces de Feu&#8220; ist in der Periode &#8222;Puy du Fou + Noces de Feu&#8220; enthalten <strong>(siehe Kalender 2025)<\/strong><\/span><\/li>\n<li style=\"\">                    <span>Zugang zu allen Attraktionen und Tagesshows<\/span><\/li>\n<\/ul>\n<h2>Nicht inbegriffen<\/h2>\n<ul>\n<li style=\"\"><span>La Cin\u00e9sc\u00e9nie Nachtspektakel (separates Ticket erforderlich)<\/span><\/li>\n<li style=\"\"><span>Essen und Trinken und pers\u00f6nliche Ausgaben<\/span><\/li>\n<li style=\"\"><span>Transport<\/span><\/li>\n<\/ul>\n<h2>Wichtige Informationen<\/h2>\n<ul>\n<li><span>Tickets nur g\u00fcltig an den ausgew\u00e4hlten Buchungsdaten<\/span><\/li>\n<li style=\"\"><span>Mehrt\u00e4gige P\u00e4sse decken aufeinanderfolgende Tage ab<\/span><\/li>\n<li><span>La Cin\u00e9sc\u00e9nie ist <strong>nicht <\/strong>in der Eintrittskarte enthalten<\/span><\/li>\n<li><span>Die Sendungen sind in mehreren Sprachen \u00fcber die mobile App verf\u00fcgbar. Vergessen Sie nicht Ihre Kopfh\u00f6rer!<\/span><\/li>\n<li><span>Sicherheitskontrollen vorhanden; scharfe oder gef\u00e4hrliche Gegenst\u00e4nde sind verboten<\/span><\/li>\n<li><span>Kostenlose Parkpl\u00e4tze und Gep\u00e4ckaufbewahrung (gegen Geb\u00fchr) vor Ort verf\u00fcgbar<\/span><\/li>\n<li><span>Rollstuhlgerecht; ausgewiesene Picknickpl\u00e4tze verf\u00fcgbar<\/span><\/li>\n<li><span>Kinder unter 18 Jahren k\u00f6nnen nur in Begleitung eines Erwachsenen eintreten.<\/span><\/li>\n<li><span>Haustiere sind im Park nicht erlaubt<\/span><\/li>\n<\/ul>\n<h2>Beschreibung:<\/h2>\n<p dir=\"ltr\">Vergessen Sie Achterbahnen &#8211; Puy du Fou wird Sie mit <strong>schillernden historischen Nachstellungen und Theaterspektakeln <\/strong>umhauen. Erleben Sie alte r\u00f6mische Gladiatorenschlachten, Wikinger-Invasionen und romantische Seeballette, die alle mit hochmodernen Effekten und <strong>kolossalen Sets <\/strong>zum Leben erweckt wurden.<\/p>\n<p dir=\"ltr\">Schlendern Sie durch friedliche Roseng\u00e4rten,<strong>&nbsp;<\/strong>beobachten Sie Hirsche auf Waldlichtungen und genie\u00dfen Sie zwischen den Shows die lokale <strong>franz\u00f6sische K\u00fcche<\/strong>. Egal, ob es Ihr erster oder Ihr f\u00fcnfter Besuch ist, die Magie von Puy du Fou verspricht, die ganze Familie zu begeistern.<\/p>\n<h2>H\u00f6hepunkte:<\/h2>\n<ul>\n<li dir=\"ltr\">Erleben Sie Les Noces de Feu, ein atemberaubendes n\u00e4chtliches Ballett \u00fcber Wasser und Feuer<\/li>\n<li dir=\"ltr\">Juben Sie Gladiatoren w\u00e4hrend der Signe du Triomphe in einer r\u00f6mischen Arena<\/li>\n<li dir=\"ltr\">Spazieren Sie durch immersive historische D\u00f6rfer und wundersch\u00f6ne Themeng\u00e4rten<\/li>\n<li dir=\"ltr\">Genie\u00dfen Sie atemberaubende Live-Action-Shows mit Hunderten von Schauspielern und Spezialeffekten<\/li>\n<\/ul>\n<h2>Puy du Fou<\/h2>\n<p dir=\"ltr\">85590 Les Epesses, Frankreich<\/p>\n<h2>Stornierungsrichtlinien<\/h2>\n<p dir=\"ltr\">Dieses Ticket ist nicht stornierbar und kann nicht verschoben werden.<\/p>\n<h2>Treffpunkt &amp; Anleitung<\/h2>\n<p dir=\"ltr\">Zeigen Sie Ihr Smartphone oder Ihr ausgedrucktes Ticket nach Abschluss der Sicherheitskontrolle direkt an den Drehkreuzen des Eingangs vor. Es ist kein Ticketumtausch erforderlich. Um Ihre Einreise zu beschleunigen, beschr\u00e4nken Sie pers\u00f6nliche Gegenst\u00e4nde und Taschen.<\/p>\n<p><a href=\"https:\/\/www.google.com\/maps\/place\/Puy+du+Fou\/@46.8896024,-0.9281158,634m\/data=!3m1!1e3!4m15!1m8!3m7!1s0x48065eb9615fe2ab:0x48386616c38da263!2sPuy+du+Fou!8m2!3d46.8896024!4d-0.9281158!10e8!16s%2Fm%2F02vt_vg!3m5!1s0x48065eb9615fe2ab:0x48386616c38da263!8m2!3d46.8896024!4d-0.9281158!16s%2Fm%2F02vt_vg?entry=ttu&amp;g_ep=EgoyMDI1MDYzMC4wIKXMDSoASAFQAw%3D%3D\" target=\"_blank\" rel=\"nofollow noopener\" style=\"outline: none;\" data-lt-tmp-id=\"lt-694569\" spellcheck=\"false\">In Karten \u00f6ffnen<\/a><\/p>\n<h2>Bewertungen&nbsp;<\/h2>\n<p><strong>4,6\/ 5 <\/strong><strong>(63 Bewertungen)<\/strong><\/p>\n<p dir=\"ltr\"><em>&#8222;<\/em>Ehrlich gesagt &#8211; ich bin normalerweise nie einer, der eine Bewertung hinterl\u00e4sst. Ich dachte jedoch, dass dies ein erstaunlicher Park war. Verbrachte den Tag dort und die Zeit verging wie im Flug. Show nach Show war brillant. Mein Favorit waren die Wikinger. Ich konnte es kaum erwarten zu sehen, welche \u00dcberraschungen jede Show lieferte. Was f\u00fcr ein toller Tag.&#8220; &#8211; Amy, Mai 2025<\/p>\n<p dir=\"ltr\"><em>&#8222;<\/em>Ausgezeichneter Tag, jeden Cent wert, da es zu viel zu sehen an einem Tag gibt und es nicht zu viel herumhing. Viele Orte zum Essen und Trinken. Nehmen Sie Regenmittel mit, wenn die Vorhersage nicht gut ist, da es nicht viel Schutz gibt.&#8220; &#8211; Tamara, April 2024 <a href=\"https:\/\/www.headout.com\/de\/puy-du-fou-tickets\/puy-du-fou-1-tages-tickets-e-29593\/?affiliate_code=KXkQ69&amp;utm_campaign=paristidepuydufougttd&amp;utm_content=link&amp;utm_medium=affiliate&amp;utm_source=most_amazing_places\" target=\"_blank\" rel=\"nofollow noopener\" spellcheck=\"false\" style=\"outline: none;\">&gt;&gt; Weitere Bewertungen anzeigen<\/a><\/p>\n<h2>Weitere Aktivit\u00e4ten, die Ihnen gefallen k\u00f6nnten<\/h2>\n<p><span>#2<\/span><span><img decoding=\"async\" alt=\"\" data-id=\"15513\" width=\"159\" data-init-width=\"1600\" height=\"99\" data-init-height=\"1000\" title=\"Combo (Sparen Sie 5 %) - Schloss &amp; G\u00e4rten von Chambord + Puy du Fou Tickets ota\" loading=\"lazy\" src=\"https:\/\/paristouristinformation.fr\/wp-content\/uploads\/2025\/07\/Combo-Save-5-Chambord-Castle-Gardens-Puy-du-Fou-Tickets-ota.avif\" data-width=\"159\" data-height=\"99\" style=\"aspect-ratio: auto 1600 \/ 1000;\"><\/span><\/p>\n<table>\n<tbody>\n<tr>\n<td><a href=\"https:\/\/www.headout.com\/de\/schloss-chambord-tickets\/kombiticket-schloss-chambord-garten-puy-du-fou-tickets-e-29658\/?affiliate_code=KXkQ69&amp;utm_campaign=paristidepuydufougttd2&amp;utm_content=link&amp;utm_medium=affiliate&amp;utm_source=most_amazing_places\" target=\"_blank\" rel=\"nofollow noopener\" style=\"outline: none;\" data-lt-tmp-id=\"lt-290474\" spellcheck=\"false\">Kombiticket: Chambord Castle &amp; Gardens + Puy du Fou Tickets<\/a><\/td>\n<\/tr>\n<\/tbody>\n<\/table>\n<p dir=\"ltr\">Sparen Sie Zeit und Geld bei einer unglaublichen Kombination, die Sie von der Renaissance-Gr\u00f6\u00dfe von Schloss Chambord und seinen G\u00e4rten zu den epischen historischen Spektakeln des Puy du Fou entf\u00fchrt.<\/p>\n<h3 style=\"\">Gesamtpreis<\/h3>\n<h3 style=\"\">Ihr Konto wird noch nicht belastet.<\/h3>\n<\/p>\n<h2><a href=\"https:\/\/www.headout.com\/de\/puy-du-fou-tickets\/puy-du-fou-1-tages-tickets-e-29593\/?affiliate_code=KXkQ69&amp;utm_campaign=paristidepuydufougttd&amp;utm_content=link&amp;utm_medium=affiliate&amp;utm_source=most_amazing_places\" target=\"_blank\" rel=\"nofollow noopener\" style=\"outline: none;\">Zur Buchung<\/a><\/h2>\n<p style=\"\"><a href=\"https:\/\/www.headout.com\/de\/puy-du-fou-tickets\/puy-du-fou-1-tages-tickets-e-29593\/?affiliate_code=KXkQ69&amp;utm_campaign=paristidepuydufougttd&amp;utm_content=link&amp;utm_medium=affiliate&amp;utm_source=most_amazing_places\" target=\"_blank\" rel=\"nofollow noopener\" style=\"outline: none;\">Preis ab<\/a>:<\/p>\n<h1><a href=\"https:\/\/www.headout.com\/de\/puy-du-fou-tickets\/puy-du-fou-1-tages-tickets-e-29593\/?affiliate_code=KXkQ69&amp;utm_campaign=paristidepuydufougttd&amp;utm_content=link&amp;utm_medium=affiliate&amp;utm_source=most_amazing_places\" target=\"_blank\" rel=\"nofollow noopener\" style=\"outline: none;\"><strong>37,00 \u20ac<\/strong><\/a><\/h1>\n<h3>Ihr Konto wird noch nicht belastet.<\/h3>\n","protected":false},"excerpt":{"rendered":"<p>Puy du Fou 1-Tages Tickets Zur Buchung Preis ab 37,00 \u20ac Besuchen Sie Puy du Fou, Frankreichs preisgekr\u00f6nten historischen Themenpark, in dem atemberaubende Live-Shows die Geschichte zum Leben erwecken. Buchen Sie jetzt f\u00fcr einen unvergesslichen Tag voller epischer Unterhaltung! Sorgf\u00e4ltig ausgew\u00e4hltes Ticket Sofortige Best\u00e4tigung Mobiles Ticket Nicht stornierbar Inbegriffen 1 Tag Zugang zum Puy du [&hellip;]<\/p>\n","protected":false},"author":10,"featured_media":15174,"parent":0,"menu_order":0,"comment_status":"closed","ping_status":"closed","template":"","meta":{"footnotes":""},"tags":[69],"class_list":["post-15173","page","type-page","status-publish","has-post-thumbnail","hentry","tag-sales-pages","post-wrapper","thrv_wrapper"],"wp-worthy-pixel":{"ignored":false,"public":null,"server":null,"url":null},"wp-worthy-type":"normal","_links":{"self":[{"href":"https:\/\/www.paristouristinformation.fr\/de\/wp-json\/wp\/v2\/pages\/15173","targetHints":{"allow":["GET"]}}],"collection":[{"href":"https:\/\/www.paristouristinformation.fr\/de\/wp-json\/wp\/v2\/pages"}],"about":[{"href":"https:\/\/www.paristouristinformation.fr\/de\/wp-json\/wp\/v2\/types\/page"}],"author":[{"embeddable":true,"href":"https:\/\/www.paristouristinformation.fr\/de\/wp-json\/wp\/v2\/users\/10"}],"replies":[{"embeddable":true,"href":"https:\/\/www.paristouristinformation.fr\/de\/wp-json\/wp\/v2\/comments?post=15173"}],"version-history":[{"count":8,"href":"https:\/\/www.paristouristinformation.fr\/de\/wp-json\/wp\/v2\/pages\/15173\/revisions"}],"predecessor-version":[{"id":15344,"href":"https:\/\/www.paristouristinformation.fr\/de\/wp-json\/wp\/v2\/pages\/15173\/revisions\/15344"}],"wp:featuredmedia":[{"embeddable":true,"href":"https:\/\/www.paristouristinformation.fr\/de\/wp-json\/wp\/v2\/media\/15174"}],"wp:attachment":[{"href":"https:\/\/www.paristouristinformation.fr\/de\/wp-json\/wp\/v2\/media?parent=15173"}],"wp:term":[{"taxonomy":"post_tag","embeddable":true,"href":"https:\/\/www.paristouristinformation.fr\/de\/wp-json\/wp\/v2\/tags?post=15173"}],"curies":[{"name":"wp","href":"https:\/\/api.w.org\/{rel}","templated":true}]}}