{"id":15209,"date":"2026-02-17T07:01:14","date_gmt":"2026-02-17T07:01:14","guid":{"rendered":"https:\/\/www.paristouristinformation.fr\/de\/?page_id=15209"},"modified":"2026-02-17T07:03:47","modified_gmt":"2026-02-17T07:03:47","slug":"zoologischer-park-paris-tickets","status":"publish","type":"page","link":"https:\/\/www.paristouristinformation.fr\/de\/zoologischer-park-paris-tickets\/","title":{"rendered":"Zoologischer Park Paris Tickets"},"content":{"rendered":"<p><span><img decoding=\"async\" alt=\"\" data-id=\"15177\" width=\"2517\" height=\"1556\" title=\"Zoologischer Park Paris - Eintrittskarte ota3\" src=\"https:\/\/paristouristinformation.fr\/wp-content\/uploads\/2025\/05\/Paris-Zoological-Park-Entry-Ticket-ota3-1024x633.avif\" data-src=\"https:\/\/paristouristinformation.fr\/wp-content\/uploads\/2025\/05\/Paris-Zoological-Park-Entry-Ticket-ota3-300x185.avif\" loading=\"lazy\" data-sizes=\"{&quot;thumbnail&quot;:{&quot;url&quot;:&quot;https:\/\/paristouristinformation.fr\/wp-content\/uploads\/2025\/05\/Paris-Zoological-Park-Entry-Ticket-ota3-333x205.avif&quot;,&quot;height&quot;:205,&quot;width&quot;:333,&quot;orientation&quot;:&quot;landscape&quot;},&quot;medium&quot;:{&quot;url&quot;:&quot;https:\/\/paristouristinformation.fr\/wp-content\/uploads\/2025\/05\/Paris-Zoological-Park-Entry-Ticket-ota3-300x185.avif&quot;,&quot;height&quot;:185,&quot;width&quot;:300,&quot;orientation&quot;:&quot;landscape&quot;},&quot;large&quot;:{&quot;url&quot;:&quot;https:\/\/paristouristinformation.fr\/wp-content\/uploads\/2025\/05\/Paris-Zoological-Park-Entry-Ticket-ota3-1024x633.avif&quot;,&quot;height&quot;:633,&quot;width&quot;:1024,&quot;orientation&quot;:&quot;landscape&quot;},&quot;full&quot;:{&quot;url&quot;:&quot;https:\/\/paristouristinformation.fr\/wp-content\/uploads\/2025\/05\/Paris-Zoological-Park-Entry-Ticket-ota3.avif&quot;,&quot;height&quot;:1556,&quot;width&quot;:2517,&quot;orientation&quot;:&quot;landscape&quot;},&quot;1536x1536&quot;:{&quot;url&quot;:&quot;https:\/\/paristouristinformation.fr\/wp-content\/uploads\/2025\/05\/Paris-Zoological-Park-Entry-Ticket-ota3-1536x950.avif&quot;,&quot;height&quot;:950,&quot;width&quot;:1536,&quot;orientation&quot;:&quot;landscape&quot;},&quot;2048x2048&quot;:{&quot;url&quot;:&quot;https:\/\/paristouristinformation.fr\/wp-content\/uploads\/2025\/05\/Paris-Zoological-Park-Entry-Ticket-ota3-2048x1266.avif&quot;,&quot;height&quot;:1266,&quot;width&quot;:2048,&quot;orientation&quot;:&quot;landscape&quot;}}\"><\/span><span><img decoding=\"async\" alt=\"\" data-id=\"15179\" width=\"2322\" height=\"1556\" title=\"Paris Zoological Park - Eintrittskarte ota2\" src=\"https:\/\/paristouristinformation.fr\/wp-content\/uploads\/2025\/05\/Paris-Zoological-Park-Entry-Ticket-ota2-1024x686.avif\" data-src=\"https:\/\/paristouristinformation.fr\/wp-content\/uploads\/2025\/05\/Paris-Zoological-Park-Entry-Ticket-ota2-300x201.avif\" loading=\"lazy\" data-sizes=\"{&quot;thumbnail&quot;:{&quot;url&quot;:&quot;https:\/\/paristouristinformation.fr\/wp-content\/uploads\/2025\/05\/Paris-Zoological-Park-Entry-Ticket-ota2-333x205.avif&quot;,&quot;height&quot;:205,&quot;width&quot;:333,&quot;orientation&quot;:&quot;landscape&quot;},&quot;medium&quot;:{&quot;url&quot;:&quot;https:\/\/paristouristinformation.fr\/wp-content\/uploads\/2025\/05\/Paris-Zoological-Park-Entry-Ticket-ota2-300x201.avif&quot;,&quot;height&quot;:201,&quot;width&quot;:300,&quot;orientation&quot;:&quot;landscape&quot;},&quot;large&quot;:{&quot;url&quot;:&quot;https:\/\/paristouristinformation.fr\/wp-content\/uploads\/2025\/05\/Paris-Zoological-Park-Entry-Ticket-ota2-1024x686.avif&quot;,&quot;height&quot;:686,&quot;width&quot;:1024,&quot;orientation&quot;:&quot;landscape&quot;},&quot;full&quot;:{&quot;url&quot;:&quot;https:\/\/paristouristinformation.fr\/wp-content\/uploads\/2025\/05\/Paris-Zoological-Park-Entry-Ticket-ota2.avif&quot;,&quot;height&quot;:1556,&quot;width&quot;:2322,&quot;orientation&quot;:&quot;landscape&quot;},&quot;1536x1536&quot;:{&quot;url&quot;:&quot;https:\/\/paristouristinformation.fr\/wp-content\/uploads\/2025\/05\/Paris-Zoological-Park-Entry-Ticket-ota2-1536x1029.avif&quot;,&quot;height&quot;:1029,&quot;width&quot;:1536,&quot;orientation&quot;:&quot;landscape&quot;},&quot;2048x2048&quot;:{&quot;url&quot;:&quot;https:\/\/paristouristinformation.fr\/wp-content\/uploads\/2025\/05\/Paris-Zoological-Park-Entry-Ticket-ota2-2048x1372.avif&quot;,&quot;height&quot;:1372,&quot;width&quot;:2048,&quot;orientation&quot;:&quot;landscape&quot;}}\"><\/span><span><img decoding=\"async\" alt=\"\" data-id=\"15180\" width=\"1052\" height=\"612\" title=\"Eintrittskarte f\u00fcr den Zoopark Paris\" src=\"https:\/\/www.paristouristinformation.fr\/de\/wp-content\/uploads\/2026\/02\/Paris-Zoological-Park-Entry-Ticket-1024x596-1.png\" data-src=\"https:\/\/www.paristouristinformation.fr\/de\/wp-content\/uploads\/2026\/02\/Paris-Zoological-Park-Entry-Ticket-300x175-1.png\" loading=\"lazy\" data-sizes=\"{&quot;thumbnail&quot;:{&quot;url&quot;:&quot;https:\/\/www.paristouristinformation.fr\/de\/wp-content\/uploads\/2026\/02\/Paris-Zoological-Park-Entry-Ticket-333x205-1.png&quot;,&quot;height&quot;:205,&quot;width&quot;:333,&quot;orientation&quot;:&quot;landscape&quot;},&quot;medium&quot;:{&quot;url&quot;:&quot;https:\/\/www.paristouristinformation.fr\/de\/wp-content\/uploads\/2026\/02\/Paris-Zoological-Park-Entry-Ticket-300x175-1.png&quot;,&quot;height&quot;:175,&quot;width&quot;:300,&quot;orientation&quot;:&quot;landscape&quot;},&quot;large&quot;:{&quot;url&quot;:&quot;https:\/\/www.paristouristinformation.fr\/de\/wp-content\/uploads\/2026\/02\/Paris-Zoological-Park-Entry-Ticket-1024x596-1.png&quot;,&quot;height&quot;:596,&quot;width&quot;:1024,&quot;orientation&quot;:&quot;landscape&quot;},&quot;full&quot;:{&quot;url&quot;:&quot;https:\/\/www.paristouristinformation.fr\/de\/wp-content\/uploads\/2026\/02\/Paris-Zoological-Park-Entry-Ticket.png&quot;,&quot;height&quot;:612,&quot;width&quot;:1052,&quot;orientation&quot;:&quot;landscape&quot;}}\"><\/span><\/p>\n<h1>Zoologischer Park Paris: Eintrittskarte<\/h1>\n<h2><a href=\"https:\/\/www.tiqets.com\/de\/things-to-do-in-paris-c66746\/tickets-for-paris-zoo-parc-zoologique-de-paris-p974427\/?partner=paristouristinformation&amp;tq_campaign=ParisTiDeZooGttd\" target=\"_blank\" rel=\"nofollow noopener\" style=\"outline: none;\">Zur Buchung<\/a><\/h2>\n<p style=\"\"><a href=\"https:\/\/www.tiqets.com\/de\/things-to-do-in-paris-c66746\/tickets-for-paris-zoo-parc-zoologique-de-paris-p974427\/?partner=paristouristinformation&amp;tq_campaign=ParisTiDeZooGttd\" target=\"_blank\" rel=\"nofollow noopener\" style=\"outline: none;\">Preis ab<\/a><\/p>\n<h1><a href=\"https:\/\/www.tiqets.com\/de\/things-to-do-in-paris-c66746\/tickets-for-paris-zoo-parc-zoologique-de-paris-p974427\/?partner=paristouristinformation&amp;tq_campaign=ParisTiDeZooGttd\" target=\"_blank\" rel=\"nofollow noopener\" style=\"outline: none;\" spellcheck=\"false\"><strong>22,00 \u20ac<\/strong><\/a><\/h1>\n<p dir=\"ltr\">Treten Sie ein in eine Welt der Wildtierwunder im Pariser Zoologischen Park, wo <strong>\u00fcber 180 Arten durch f\u00fcnf immersive Biozonen wandern<\/strong>. Ihr Ticket beinhaltet Zugang zu Tierf\u00fctterungen, lehrreichen Pr\u00e4sentationen und einem kostenlosen App-Leitfaden &#8211; perfekt f\u00fcr einen Familienausfag!<\/p>\n<ul>\n<li style=\"\"><span style=\"\">Sorgf\u00e4ltig ausgew\u00e4hltes Ticket<\/span><\/li>\n<li style=\"\"><span style=\"\">Mobiles oder gedrucktes Ticket akzeptiert<\/span><\/li>\n<li style=\"\">                    <span style=\"\">Sofortige Best\u00e4tigung<\/span><\/li>\n<li style=\"\"><span style=\"\">Kostenlose Stornierung<\/span><\/li>\n<\/ul>\n<h2>Inbegriffen<\/h2>\n<ul>\n<li style=\"\">                    <span><span data-olk-copy-source=\"MessageBody\">Eintrittskarte f\u00fcr den Parc Zoologique de Paris (Vincennes Zoo)<\/span><\/span><\/li>\n<li style=\"\">                    <span><span data-olk-copy-source=\"MessageBody\">Zugang zu allen f\u00fcnf Biozonen<\/span><\/span><\/li>\n<li style=\"\">                    <span><span data-olk-copy-source=\"MessageBody\">Pr\u00e4sentationen und F\u00fctterungen von lebenden Tieren<\/span><\/span><\/li>\n<li style=\"\">                    <span><span data-olk-copy-source=\"MessageBody\">Alle Workshops und Shows, die am Tag des Besuchs verf\u00fcgbar sind<\/span><\/span><\/li>\n<li style=\"\">                    <span><span data-olk-copy-source=\"MessageBody\">Kostenlose herunterladbare Reisef\u00fchrer-App<\/span><\/span><\/li>\n<\/ul>\n<h2>Nicht inbegriffen<\/h2>\n<ul>\n<li style=\"\"><span><span data-olk-copy-source=\"MessageBody\">Pers\u00f6nliche Ausgaben<\/span><\/span><\/li>\n<\/ul>\n<h2>Wichtige Informationen<\/h2>\n<ul>\n<li style=\"\"><span><span data-olk-copy-source=\"MessageBody\">Gro\u00dfe Taschen und Koffer sind nicht erlaubt<\/span><\/span><\/li>\n<li style=\"\"><span><span data-olk-copy-source=\"MessageBody\">An allen Eing\u00e4ngen werden Sicherheitskontrollen durchgef\u00fchrt<\/span><\/span><\/li>\n<li><span><span data-olk-copy-source=\"MessageBody\">Kinder m\u00fcssen von einem Erwachsenen begleitet werden<\/span><\/span><\/li>\n<li><span><span data-olk-copy-source=\"MessageBody\">Die kostenlose mobile App ist in mehreren Sprachen verf\u00fcgbar<\/span><\/span><\/li>\n<li><span><span data-olk-copy-source=\"MessageBody\">Rollstuhlgerecht<\/span><\/span><\/li>\n<\/ul>\n<h2>Beschreibung:<\/h2>\n<p dir=\"ltr\">Diese Tickets f\u00fcr den Pariser Zoologischen Park (Parc Zoologique de Paris) gew\u00e4hren Ihnen den Eintritt in einen der aufregendsten Wildparks Frankreichs, in<strong>&nbsp;<\/strong>dem <strong>\u00fcber 180 Tierarten <\/strong>aus der ganzen Welt leben.<\/p>\n<p dir=\"ltr\">Ausschau nach dem <strong>ikonischen 65 Meter gro\u00dfen Big Rock<\/strong>, wenn Sie Ihre Reise durch <strong>f\u00fcnf immersive Biozonen <\/strong>beginnen,<strong>&nbsp;<\/strong>darunter Afrika, Europa, Patagonien, Madagaskar und der Amazonas. Von Ringschwanzmakis bis hin zu <strong>majest\u00e4tischen L\u00f6wen und verspielten Pinguinen <\/strong>ist diese Erfahrung sowohl lehrreich als auch unvergesslich &#8211; perfekt f\u00fcr Naturliebhaber, Familien und neugierige Entdecker.<\/p>\n<h2>H\u00f6hepunkte:<\/h2>\n<ul>\n<li dir=\"ltr\"><strong>Entdecken Sie f\u00fcnf immersive Biozonen <\/strong>aus der ganzen Welt<\/li>\n<li dir=\"ltr\"><strong>Bewundern Sie \u00fcber 180 Tierarten,&nbsp;<\/strong>darunter seltene und gef\u00e4hrdete Wildtiere<\/li>\n<li dir=\"ltr\"><strong>Sehen Sie sich lebende Tierf\u00fctterungen <\/strong>und informative Pr\u00e4sentationen an<\/li>\n<li dir=\"ltr\">Entdecken Sie Tiere von <strong>den Pinguinen Patagoniens bis zu den Madagaskar-Muren<\/strong><\/li>\n<li dir=\"ltr\">Genie\u00dfen Sie ein <strong>familienfreundliches Erlebnis <\/strong>mit interaktiven Lerntools<\/li>\n<li dir=\"ltr\">Machen Sie Fotos in der N\u00e4he des <strong>ikonischen Big Rock <\/strong>des Parks<\/li>\n<li dir=\"ltr\"><strong>Nutzen Sie die kostenlose App<\/strong>, um Ihre selbstgef\u00fchrte Tour zu verbessern<\/li>\n<\/ul>\n<h2><span data-olk-copy-source=\"MessageBody\">Zoologischer Park von Paris (Parc Zoologique de Paris)<\/span><\/h2>\n<p dir=\"ltr\">Av. Daumesnil, 75012 Paris<\/p>\n<h2>Stornierungsrichtlinien<\/h2>\n<p dir=\"ltr\">Kostenlose Stornierung bis 23:59 Uhr am Tag vor Ihrem Besuch.<\/p>\n<h2>Treffpunkt &amp; Anleitung<\/h2>\n<p dir=\"ltr\"><span data-olk-copy-source=\"MessageBody\">Zeigen Sie Ihr digitales oder gedrucktes Ticket am Eingang des Parc Zoologique de Paris (Vincennes Zoo) am Tag Ihres Besuchs vor.<\/span><\/p>\n<p><a href=\"https:\/\/www.google.com\/maps\/search\/?api=1&amp;query=Avenue%20Daumesnil%2075012%20Paris\" style=\"outline: none;\" data-lt-tmp-id=\"lt-493778\" spellcheck=\"false\" target=\"_blank\" rel=\"nofollow noopener\">In Karten \u00f6ffnen<\/a><\/p>\n<h2>Bewertungen&nbsp;<\/h2>\n<p><strong>4,5\/ 5 <\/strong><strong>(4518 Bewertungen)<\/strong><\/p>\n<p dir=\"ltr\"><em>&#8222;Wir besuchten den Parc zusammen in einer Gruppe von 4 Personen. Die Tiere schienen alle in guter Verfassung und gut versorgt zu sein.&#8220; <\/em>&#8211; Helmut, M\u00e4rz 2025<\/p>\n<p dir=\"ltr\"><em>&#8222;Gro\u00dfartig, ich habe es geliebt, das Essen war auch k\u00f6stlich. Das einzige, was unebener Boden ist, aber das ist wahrscheinlich mein ungeschicktes Selbst<img decoding=\"async\" role=\"img\" alt=\"\ud83e\udd72\" src=\"https:\/\/s.w.org\/images\/core\/emoji\/17.0.2\/svg\/1f972.svg\"> . Aber es war sch\u00f6n und alles genau das, was ich brauchte, um mich \u00fcber meine Leidenschaft f\u00fcr Tiere gro\u00dfartig zu f\u00fchlen!&#8220;<\/em> Millie, Juni 2022 <a href=\"https:\/\/www.tiqets.com\/de\/things-to-do-in-paris-c66746\/tickets-for-paris-zoo-parc-zoologique-de-paris-p974427\/?partner=paristouristinformation&amp;tq_campaign=ParisTiDeZooGttd\" target=\"_blank\" rel=\"nofollow noopener\" style=\"outline: none;\" data-lt-tmp-id=\"lt-337431\" spellcheck=\"false\">&gt;&gt; Weitere Bewertungen anzeigen<\/a><\/p>\n<h2>Weitere Aktivit\u00e4ten, die Ihnen gefallen k\u00f6nnten<\/h2>\n<p><span>#2<\/span><span>#2<\/span><span><img decoding=\"async\" alt=\"\" data-id=\"15178\" width=\"159\" data-init-width=\"2322\" height=\"107\" data-init-height=\"1556\" title=\"Zoologischer Park von Paris - Eintrittskarte2\" loading=\"lazy\" src=\"https:\/\/paristouristinformation.fr\/wp-content\/uploads\/2025\/05\/Paris-Zoological-Park-Entry-Ticketota2.avif\" data-width=\"159\" data-height=\"107\" style=\"aspect-ratio: auto 2322 \/ 1556;\"><\/span><\/p>\n<table>\n<tbody>\n<tr>\n<td><a href=\"https:\/\/www.tiqets.com\/de\/paris-zoo-aquarium-de-paris-b4126\/?partner=paristouristinformation&amp;tq_campaign=ParisDeZooGttd2\" target=\"_blank\" rel=\"nofollow noopener\" style=\"outline: none;\" data-lt-tmp-id=\"lt-286942\" spellcheck=\"false\">Paris Zoo + Aquarium von Paris<\/a><\/td>\n<\/tr>\n<\/tbody>\n<\/table>\n<p dir=\"ltr\">Entdecken Sie die Wunder der Tierwelt und des Meereslebens mit einem Kombiticket f\u00fcr den Pariser Zoo und das Aquarium de Paris, perfekt f\u00fcr einen unterhaltsamen Tag, an dem Sie exotische Tiere und lebendige Unterwasserbewohner erkunden &#8211; alles in einem bequemen Besuch!<\/p>\n<h3 style=\"\">Gesamtpreis<\/h3>\n<h3 style=\"\">Ihr Konto wird noch nicht belastet.<\/h3>\n<p><span>#2<\/span><span><img decoding=\"async\" alt=\"\" data-id=\"14042\" width=\"159\" data-init-width=\"1600\" height=\"159\" data-init-height=\"1600\" title=\"Seine Flusskreuzfahrt + Disneyland Paris 2\" loading=\"lazy\" src=\"https:\/\/paristouristinformation.fr\/wp-content\/uploads\/2024\/10\/Seine-River-Cruise-Disneyland-Paris-2.avif\" data-width=\"159\" data-height=\"159\" style=\"aspect-ratio: auto 1600 \/ 1600;\"><\/span><\/p>\n<table>\n<tbody>\n<tr>\n<td><a href=\"https:\/\/www.tiqets.com\/de\/disneyland-paris-seine-river-cruise-b2798\/?partner=paristouristinformation&amp;tq_campaign=ParisDeZooGttd3\" target=\"_blank\" rel=\"nofollow noopener\" style=\"outline: none;\" spellcheck=\"false\">Seine Flusskreuzfahrt + Disneyland Paris<\/a><\/td>\n<\/tr>\n<\/tbody>\n<\/table>\n<p>Entdecken Sie das Beste von Paris mit einem magischen Kombiticket, das einen <strong>1-Tages-Pass f\u00fcr Disneyland\u00ae Paris und eine malerische Kreuzfahrt mit der Seine <\/strong>beinhaltet<strong>.<\/strong> Genie\u00dfen Sie eine problemlose Buchung und Zugang zu zwei ikonischen Erlebnissen in einem.<\/p>\n<h3 style=\"\">Gesamtpreis<\/h3>\n<h3>Ihr Konto wird noch nicht belastet.<\/h3>\n<\/p>\n<h2><a href=\"https:\/\/www.tiqets.com\/de\/things-to-do-in-paris-c66746\/tickets-for-paris-zoo-parc-zoologique-de-paris-p974427\/?partner=paristouristinformation&amp;tq_campaign=ParisTiDeZooGttd\" target=\"_blank\" rel=\"nofollow noopener\" style=\"outline: none;\" spellcheck=\"false\">Zur Buchung<\/a><\/h2>\n<p style=\"\"><a href=\"https:\/\/www.tiqets.com\/de\/things-to-do-in-paris-c66746\/tickets-for-paris-zoo-parc-zoologique-de-paris-p974427\/?partner=paristouristinformation&amp;tq_campaign=ParisTiDeZooGttd\" target=\"_blank\" rel=\"nofollow noopener\" style=\"outline: none;\" spellcheck=\"false\">Preis ab<\/a><\/p>\n<h1><a href=\"https:\/\/www.tiqets.com\/de\/things-to-do-in-paris-c66746\/tickets-for-paris-zoo-parc-zoologique-de-paris-p974427\/?partner=paristouristinformation&amp;tq_campaign=ParisTiDeZooGttd\" target=\"_blank\" rel=\"nofollow noopener\" style=\"outline: none;\" spellcheck=\"false\"><strong>22,00 \u20ac<\/strong><\/a><\/h1>\n<h3>Ihr Konto wird noch nicht belastet.<\/h3>\n","protected":false},"excerpt":{"rendered":"<p>Zoologischer Park Paris: Eintrittskarte Zur Buchung Preis ab 22,00 \u20ac Treten Sie ein in eine Welt der Wildtierwunder im Pariser Zoologischen Park, wo \u00fcber 180 Arten durch f\u00fcnf immersive Biozonen wandern. Ihr Ticket beinhaltet Zugang zu Tierf\u00fctterungen, lehrreichen Pr\u00e4sentationen und einem kostenlosen App-Leitfaden &#8211; perfekt f\u00fcr einen Familienausfag! Sorgf\u00e4ltig ausgew\u00e4hltes Ticket Mobiles oder gedrucktes Ticket [&hellip;]<\/p>\n","protected":false},"author":10,"featured_media":15210,"parent":0,"menu_order":0,"comment_status":"closed","ping_status":"closed","template":"","meta":{"footnotes":""},"tags":[69],"class_list":["post-15209","page","type-page","status-publish","has-post-thumbnail","hentry","tag-sales-pages","post-wrapper","thrv_wrapper"],"wp-worthy-pixel":{"ignored":false,"public":null,"server":null,"url":null},"wp-worthy-type":"normal","_links":{"self":[{"href":"https:\/\/www.paristouristinformation.fr\/de\/wp-json\/wp\/v2\/pages\/15209","targetHints":{"allow":["GET"]}}],"collection":[{"href":"https:\/\/www.paristouristinformation.fr\/de\/wp-json\/wp\/v2\/pages"}],"about":[{"href":"https:\/\/www.paristouristinformation.fr\/de\/wp-json\/wp\/v2\/types\/page"}],"author":[{"embeddable":true,"href":"https:\/\/www.paristouristinformation.fr\/de\/wp-json\/wp\/v2\/users\/10"}],"replies":[{"embeddable":true,"href":"https:\/\/www.paristouristinformation.fr\/de\/wp-json\/wp\/v2\/comments?post=15209"}],"version-history":[{"count":9,"href":"https:\/\/www.paristouristinformation.fr\/de\/wp-json\/wp\/v2\/pages\/15209\/revisions"}],"predecessor-version":[{"id":15348,"href":"https:\/\/www.paristouristinformation.fr\/de\/wp-json\/wp\/v2\/pages\/15209\/revisions\/15348"}],"wp:featuredmedia":[{"embeddable":true,"href":"https:\/\/www.paristouristinformation.fr\/de\/wp-json\/wp\/v2\/media\/15210"}],"wp:attachment":[{"href":"https:\/\/www.paristouristinformation.fr\/de\/wp-json\/wp\/v2\/media?parent=15209"}],"wp:term":[{"taxonomy":"post_tag","embeddable":true,"href":"https:\/\/www.paristouristinformation.fr\/de\/wp-json\/wp\/v2\/tags?post=15209"}],"curies":[{"name":"wp","href":"https:\/\/api.w.org\/{rel}","templated":true}]}}