{"id":15224,"date":"2026-02-17T07:06:06","date_gmt":"2026-02-17T07:06:06","guid":{"rendered":"https:\/\/www.paristouristinformation.fr\/de\/?page_id=15224"},"modified":"2026-02-17T07:08:51","modified_gmt":"2026-02-17T07:08:51","slug":"grande-galerie-de-levolution-tickets-ohne-anstehen","status":"publish","type":"page","link":"https:\/\/www.paristouristinformation.fr\/de\/grande-galerie-de-levolution-tickets-ohne-anstehen\/","title":{"rendered":"Grande Galerie de l&#8217;\u00c9volution Tickets ohne Anstehen"},"content":{"rendered":"<p><span><img decoding=\"async\" alt=\"\" data-id=\"15195\" width=\"2334\" height=\"1556\" title=\"Grande Galerie de l'\u00c9volution Skip The Line Ticket ota\" src=\"https:\/\/paristouristinformation.fr\/wp-content\/uploads\/2025\/05\/Grande-Galerie-de-lEvolution-Skip-The-Line-Ticket-ota-1024x683.avif\" data-src=\"https:\/\/paristouristinformation.fr\/wp-content\/uploads\/2025\/05\/Grande-Galerie-de-lEvolution-Skip-The-Line-Ticket-ota-300x200.avif\" loading=\"lazy\" data-sizes=\"{&quot;thumbnail&quot;:{&quot;url&quot;:&quot;https:\/\/paristouristinformation.fr\/wp-content\/uploads\/2025\/05\/Grande-Galerie-de-lEvolution-Skip-The-Line-Ticket-ota-333x205.avif&quot;,&quot;height&quot;:205,&quot;width&quot;:333,&quot;orientation&quot;:&quot;landscape&quot;},&quot;medium&quot;:{&quot;url&quot;:&quot;https:\/\/paristouristinformation.fr\/wp-content\/uploads\/2025\/05\/Grande-Galerie-de-lEvolution-Skip-The-Line-Ticket-ota-300x200.avif&quot;,&quot;height&quot;:200,&quot;width&quot;:300,&quot;orientation&quot;:&quot;landscape&quot;},&quot;large&quot;:{&quot;url&quot;:&quot;https:\/\/paristouristinformation.fr\/wp-content\/uploads\/2025\/05\/Grande-Galerie-de-lEvolution-Skip-The-Line-Ticket-ota-1024x683.avif&quot;,&quot;height&quot;:683,&quot;width&quot;:1024,&quot;orientation&quot;:&quot;landscape&quot;},&quot;full&quot;:{&quot;url&quot;:&quot;https:\/\/paristouristinformation.fr\/wp-content\/uploads\/2025\/05\/Grande-Galerie-de-lEvolution-Skip-The-Line-Ticket-ota.avif&quot;,&quot;height&quot;:1556,&quot;width&quot;:2334,&quot;orientation&quot;:&quot;landscape&quot;},&quot;1536x1536&quot;:{&quot;url&quot;:&quot;https:\/\/paristouristinformation.fr\/wp-content\/uploads\/2025\/05\/Grande-Galerie-de-lEvolution-Skip-The-Line-Ticket-ota-1536x1024.avif&quot;,&quot;height&quot;:1024,&quot;width&quot;:1536,&quot;orientation&quot;:&quot;landscape&quot;},&quot;2048x2048&quot;:{&quot;url&quot;:&quot;https:\/\/paristouristinformation.fr\/wp-content\/uploads\/2025\/05\/Grande-Galerie-de-lEvolution-Skip-The-Line-Ticket-ota-2048x1365.avif&quot;,&quot;height&quot;:1365,&quot;width&quot;:2048,&quot;orientation&quot;:&quot;landscape&quot;}}\"><\/span><span><img decoding=\"async\" alt=\"\" data-id=\"15194\" width=\"2560\" height=\"1473\" title=\"Grande Galerie de l'\u00c9volution Skip The Line Ticket ota2\" src=\"https:\/\/paristouristinformation.fr\/wp-content\/uploads\/2025\/05\/Grande-Galerie-de-lEvolution-Skip-The-Line-Ticket-ota2-1024x589.avif\" data-src=\"https:\/\/paristouristinformation.fr\/wp-content\/uploads\/2025\/05\/Grande-Galerie-de-lEvolution-Skip-The-Line-Ticket-ota2-300x173.avif\" loading=\"lazy\" data-sizes=\"{&quot;thumbnail&quot;:{&quot;url&quot;:&quot;https:\/\/paristouristinformation.fr\/wp-content\/uploads\/2025\/05\/Grande-Galerie-de-lEvolution-Skip-The-Line-Ticket-ota2-333x205.avif&quot;,&quot;height&quot;:205,&quot;width&quot;:333,&quot;orientation&quot;:&quot;landscape&quot;},&quot;medium&quot;:{&quot;url&quot;:&quot;https:\/\/paristouristinformation.fr\/wp-content\/uploads\/2025\/05\/Grande-Galerie-de-lEvolution-Skip-The-Line-Ticket-ota2-300x173.avif&quot;,&quot;height&quot;:173,&quot;width&quot;:300,&quot;orientation&quot;:&quot;landscape&quot;},&quot;large&quot;:{&quot;url&quot;:&quot;https:\/\/paristouristinformation.fr\/wp-content\/uploads\/2025\/05\/Grande-Galerie-de-lEvolution-Skip-The-Line-Ticket-ota2-1024x589.avif&quot;,&quot;height&quot;:589,&quot;width&quot;:1024,&quot;orientation&quot;:&quot;landscape&quot;},&quot;full&quot;:{&quot;url&quot;:&quot;https:\/\/paristouristinformation.fr\/wp-content\/uploads\/2025\/05\/Grande-Galerie-de-lEvolution-Skip-The-Line-Ticket-ota2-scaled.avif&quot;,&quot;height&quot;:1473,&quot;width&quot;:2560,&quot;orientation&quot;:&quot;landscape&quot;},&quot;1536x1536&quot;:{&quot;url&quot;:&quot;https:\/\/paristouristinformation.fr\/wp-content\/uploads\/2025\/05\/Grande-Galerie-de-lEvolution-Skip-The-Line-Ticket-ota2-1536x884.avif&quot;,&quot;height&quot;:884,&quot;width&quot;:1536,&quot;orientation&quot;:&quot;landscape&quot;},&quot;2048x2048&quot;:{&quot;url&quot;:&quot;https:\/\/paristouristinformation.fr\/wp-content\/uploads\/2025\/05\/Grande-Galerie-de-lEvolution-Skip-The-Line-Ticket-ota2-2048x1179.avif&quot;,&quot;height&quot;:1179,&quot;width&quot;:2048,&quot;orientation&quot;:&quot;landscape&quot;}}\"><\/span><span><img decoding=\"async\" alt=\"\" data-id=\"15193\" width=\"2075\" height=\"1556\" title=\"Grande Galerie de l'\u00c9volution Skip The Line Ticket ota3\" src=\"https:\/\/paristouristinformation.fr\/wp-content\/uploads\/2025\/05\/Grande-Galerie-de-lEvolution-Skip-The-Line-Ticket-ota3-1024x768.avif\" data-src=\"https:\/\/paristouristinformation.fr\/wp-content\/uploads\/2025\/05\/Grande-Galerie-de-lEvolution-Skip-The-Line-Ticket-ota3-300x225.avif\" loading=\"lazy\" data-sizes=\"{&quot;thumbnail&quot;:{&quot;url&quot;:&quot;https:\/\/paristouristinformation.fr\/wp-content\/uploads\/2025\/05\/Grande-Galerie-de-lEvolution-Skip-The-Line-Ticket-ota3-333x205.avif&quot;,&quot;height&quot;:205,&quot;width&quot;:333,&quot;orientation&quot;:&quot;landscape&quot;},&quot;medium&quot;:{&quot;url&quot;:&quot;https:\/\/paristouristinformation.fr\/wp-content\/uploads\/2025\/05\/Grande-Galerie-de-lEvolution-Skip-The-Line-Ticket-ota3-300x225.avif&quot;,&quot;height&quot;:225,&quot;width&quot;:300,&quot;orientation&quot;:&quot;landscape&quot;},&quot;large&quot;:{&quot;url&quot;:&quot;https:\/\/paristouristinformation.fr\/wp-content\/uploads\/2025\/05\/Grande-Galerie-de-lEvolution-Skip-The-Line-Ticket-ota3-1024x768.avif&quot;,&quot;height&quot;:768,&quot;width&quot;:1024,&quot;orientation&quot;:&quot;landscape&quot;},&quot;full&quot;:{&quot;url&quot;:&quot;https:\/\/paristouristinformation.fr\/wp-content\/uploads\/2025\/05\/Grande-Galerie-de-lEvolution-Skip-The-Line-Ticket-ota3.avif&quot;,&quot;height&quot;:1556,&quot;width&quot;:2075,&quot;orientation&quot;:&quot;landscape&quot;},&quot;1536x1536&quot;:{&quot;url&quot;:&quot;https:\/\/paristouristinformation.fr\/wp-content\/uploads\/2025\/05\/Grande-Galerie-de-lEvolution-Skip-The-Line-Ticket-ota3-1536x1152.avif&quot;,&quot;height&quot;:1152,&quot;width&quot;:1536,&quot;orientation&quot;:&quot;landscape&quot;},&quot;2048x2048&quot;:{&quot;url&quot;:&quot;https:\/\/paristouristinformation.fr\/wp-content\/uploads\/2025\/05\/Grande-Galerie-de-lEvolution-Skip-The-Line-Ticket-ota3-2048x1536.avif&quot;,&quot;height&quot;:1536,&quot;width&quot;:2048,&quot;orientation&quot;:&quot;landscape&quot;}}\"><\/span><span><img decoding=\"async\" alt=\"\" data-id=\"15192\" width=\"2075\" height=\"1556\" title=\"Gro\u00dfe Galerie der Evolution Skip The Line Ticket ota4\" src=\"https:\/\/paristouristinformation.fr\/wp-content\/uploads\/2025\/05\/Grande-Galerie-de-lEvolution-Skip-The-Line-Ticket-ota4-1024x768.avif\" data-src=\"https:\/\/paristouristinformation.fr\/wp-content\/uploads\/2025\/05\/Grande-Galerie-de-lEvolution-Skip-The-Line-Ticket-ota4-300x225.avif\" loading=\"lazy\" data-sizes=\"{&quot;thumbnail&quot;:{&quot;url&quot;:&quot;https:\/\/paristouristinformation.fr\/wp-content\/uploads\/2025\/05\/Grande-Galerie-de-lEvolution-Skip-The-Line-Ticket-ota4-333x205.avif&quot;,&quot;height&quot;:205,&quot;width&quot;:333,&quot;orientation&quot;:&quot;landscape&quot;},&quot;medium&quot;:{&quot;url&quot;:&quot;https:\/\/paristouristinformation.fr\/wp-content\/uploads\/2025\/05\/Grande-Galerie-de-lEvolution-Skip-The-Line-Ticket-ota4-300x225.avif&quot;,&quot;height&quot;:225,&quot;width&quot;:300,&quot;orientation&quot;:&quot;landscape&quot;},&quot;large&quot;:{&quot;url&quot;:&quot;https:\/\/paristouristinformation.fr\/wp-content\/uploads\/2025\/05\/Grande-Galerie-de-lEvolution-Skip-The-Line-Ticket-ota4-1024x768.avif&quot;,&quot;height&quot;:768,&quot;width&quot;:1024,&quot;orientation&quot;:&quot;landscape&quot;},&quot;full&quot;:{&quot;url&quot;:&quot;https:\/\/paristouristinformation.fr\/wp-content\/uploads\/2025\/05\/Grande-Galerie-de-lEvolution-Skip-The-Line-Ticket-ota4.avif&quot;,&quot;height&quot;:1556,&quot;width&quot;:2075,&quot;orientation&quot;:&quot;landscape&quot;},&quot;1536x1536&quot;:{&quot;url&quot;:&quot;https:\/\/paristouristinformation.fr\/wp-content\/uploads\/2025\/05\/Grande-Galerie-de-lEvolution-Skip-The-Line-Ticket-ota4-1536x1152.avif&quot;,&quot;height&quot;:1152,&quot;width&quot;:1536,&quot;orientation&quot;:&quot;landscape&quot;},&quot;2048x2048&quot;:{&quot;url&quot;:&quot;https:\/\/paristouristinformation.fr\/wp-content\/uploads\/2025\/05\/Grande-Galerie-de-lEvolution-Skip-The-Line-Ticket-ota4-2048x1536.avif&quot;,&quot;height&quot;:1536,&quot;width&quot;:2048,&quot;orientation&quot;:&quot;landscape&quot;}}\"><\/span><\/p>\n<h1 style=\"\">Grande Galerie de l&#8217;\u00c9volution: Tickets ohne Anstehen<\/h1>\n<h2><a href=\"https:\/\/www.tiqets.com\/de\/things-to-do-in-paris-c66746\/tickets-for-grande-galerie-de-l-evolution-skip-the-line-p976404\/?partner=paristouristinformation&amp;tq_campaign=ParisTiDeGalleryofEvolutionGttd\" target=\"_blank\" rel=\"nofollow noopener\" style=\"outline: none;\">Zur Buchung<\/a><\/h2>\n<p style=\"\"><a href=\"https:\/\/www.tiqets.com\/de\/things-to-do-in-paris-c66746\/tickets-for-grande-galerie-de-l-evolution-skip-the-line-p976404\/?partner=paristouristinformation&amp;tq_campaign=ParisTiDeGalleryofEvolutionGttd\" target=\"_blank\" rel=\"nofollow noopener\" style=\"outline: none;\">Preis ab<\/a><\/p>\n<h1><a href=\"https:\/\/www.tiqets.com\/de\/things-to-do-in-paris-c66746\/tickets-for-grande-galerie-de-l-evolution-skip-the-line-p976404\/?partner=paristouristinformation&amp;tq_campaign=ParisTiDeGalleryofEvolutionGttd\" target=\"_blank\" rel=\"nofollow noopener\" style=\"outline: none;\" spellcheck=\"false\"><strong>13,00 \u20ac<\/strong><\/a><\/h1>\n<p dir=\"ltr\">Erleben Sie die spektakul\u00e4re Welt der Biodiversit\u00e4t in der <strong>Grande Galerie de l&#8217;\u00c9volution <\/strong>in Paris. Erkunden Sie<strong>&nbsp;<\/strong>mit <strong>Zugang ohne Anstehung, <\/strong>vier immersive Stockwerke, die mit <strong>\u00fcber 7.000 erhaltenen Tierproben<\/strong><strong> <\/strong>gef\u00fcllt sind und entdecken Sie die faszinierende Geschichte der Evolution.<\/p>\n<ul>\n<li style=\"\"><span style=\"\">Sorgf\u00e4ltig ausgew\u00e4hltes Ticket<\/span><\/li>\n<li style=\"\"><span style=\"\">Mobiles oder gedrucktes Ticket akzeptiert<\/span><\/li>\n<li style=\"\">                    <span style=\"\">Sofortige Best\u00e4tigung<\/span><\/li>\n<li style=\"\"><span style=\"\">Kostenlose Stornierung<\/span><\/li>\n<\/ul>\n<h2>Inbegriffen<\/h2>\n<ul>\n<li style=\"\">                    <span><span data-olk-copy-source=\"MessageBody\">Skip-the-Line-Eintritt in die Grande Galerie de l&#8217;\u00c9volution<\/span><\/span><\/li>\n<\/ul>\n<h2>Nicht inbegriffen<\/h2>\n<ul>\n<li style=\"\"><span><span data-olk-copy-source=\"MessageBody\">Zugang zum Virtual-Reality-Raum oder zur Kindergalerie<\/span><\/span><\/li>\n<\/ul>\n<h2>Wichtige Informationen<\/h2>\n<ul>\n<li style=\"\"><span><span data-olk-copy-source=\"MessageBody\"><strong>Wichtig<\/strong>: Nach der Buchung ist eine Zeitfensterreservierung erforderlich. Anweisungen werden mit Ihrem Gutschein geliefert.<\/span><\/span><\/li>\n<li><span><span data-olk-copy-source=\"MessageBody\">W\u00e4hlen Sie Ihr Besuchsdatum und die Anzahl der Teilnehmer und best\u00e4tigen Sie dann Ihre Auswahl.<\/span><\/span><\/li>\n<li style=\"\"><span><span data-olk-copy-source=\"MessageBody\">Besucher mit freiem Zugang m\u00fcssen auch ein Zeitfenster reservieren.<\/span><\/span><\/li>\n<li><span><span data-olk-copy-source=\"MessageBody\">Das Ticket gew\u00e4hrt nur den Zugang zur Grande Galerie de l&#8217;\u00c9volution, nicht zum gesamten Naturkundemuseum.<\/span><\/span><\/li>\n<li><span><span data-olk-copy-source=\"MessageBody\">Legen Sie sowohl Ihr digitales Ticket als auch die Best\u00e4tigung des Zeitfensters am Eingang vor.<\/span><\/span><\/li>\n<li><span><span data-olk-copy-source=\"MessageBody\">Rollstuhlgerecht<\/span><\/span><\/li>\n<\/ul>\n<h2>Beschreibung:<\/h2>\n<p dir=\"ltr\">Die Grande Galerie de l&#8217;\u00c9volution bietet eine hypnotisierende Reise durch <strong>die Naturgeschichte der Erde.<\/strong> Begegnen Sie majest\u00e4tischen Elefanten, schnellen Geparden und sogar einem von Meteoriten zerdr\u00fcckten Auto<strong>, <\/strong>w\u00e4hrend <strong>Sie zwischen 7.000 erhaltenen Exemplaren spazieren gehen.<\/strong><\/p>\n<p dir=\"ltr\"><strong><\/strong>Die Galerie erstrecken sich \u00fcber vier Stockwerke und zeigt die Komplexit\u00e4t des Lebens durch Exponate zu <strong>Anatomie, Fossilien und \u00d6kosystemen.<\/strong> Dieses Museum wurde f\u00fcr neugierige K\u00f6pfe jeden Alters konzipiert und feiert wissenschaftliche Legenden wie Lamarck und Darwin und zeigt, wie ihre Entdeckungen unser Verst\u00e4ndnis von Natur und Evolution ver\u00e4ndert haben.<\/p>\n<h2>H\u00f6hepunkte:<\/h2>\n<ul>\n<li ltr\"\"=\"\"><strong>Genie\u00dfen Sie den Eintritt ohne Anstehungslinie <\/strong>und sparen Sie Zeit f\u00fcr weitere Erkundungen<\/li>\n<li ltr\"\"=\"\"><strong>Bestaunen Sie \u00fcber 7.000 erhaltene Tiere<\/strong>, darunter Wale, V\u00f6gel und Insekten<\/li>\n<li ltr\"\"=\"\"><strong>Entdecken Sie, wie die Evolution das Leben auf der Erde gepr\u00e4gt hat, <\/strong>von Fossilien bis hin zur modernen Biodiversit\u00e4t<\/li>\n<li ltr\"\"=\"\"><strong>Erfahren Sie mehr \u00fcber die Auswirkungen von Naturforschern <\/strong>wie Darwin, Lamarck und Mendel<\/li>\n<li ltr\"\"=\"\"><strong>Sehen Sie einzigartige Displays <\/strong>wie einen riesigen Tintenfisch und ein Auto, das von einem Meteoriten zerquetscht wurde<\/li>\n<li ltr\"\"=\"\">Ideal f\u00fcr Familienbesuche, Regentage und Wissenschaftsbegeisterte<\/li>\n<\/ul>\n<h2>Gro\u00dfe Galerie der Evolution<\/h2>\n<p dir=\"ltr\">36 Rue Geoffroy-Saint-Hilaire, 75005 Paris<\/p>\n<h2>Stornierungsrichtlinien<\/h2>\n<p dir=\"ltr\">Kostenlose Stornierung bis 23:59 Uhr am Tag vor Ihrem Besuch m\u00f6glich.<\/p>\n<h2>Treffpunkt &amp; Anleitung<\/h2>\n<p dir=\"ltr\"><span data-olk-copy-source=\"MessageBody\">Reservieren Sie nach der Buchung ein Zeitfenster auf der offiziellen Website, indem Sie Galerie de l&#8217;\u00e9volution und die Option J&#8217;ai d\u00e9j\u00e0 un ticket ausw\u00e4hlen. Bringen Sie Ihr Smartphone-Ticket und die Best\u00e4tigung des Zeitfensters mit, um teilzunehmen.<\/span><\/p>\n<p><a href=\"https:\/\/www.google.com\/maps\/search\/?api=1&amp;query=36%20Rue%20Geoffroy-Saint-Hilaire%2075005%20Paris\" style=\"outline: none;\" data-lt-tmp-id=\"lt-493778\" spellcheck=\"false\" target=\"_blank\" rel=\"nofollow noopener\">In Karten \u00f6ffnen<\/a><\/p>\n<h2>Bewertungen&nbsp;<\/h2>\n<p><strong>4,6\/ 5 <\/strong><strong>(1588 Bewertungen)<\/strong><\/p>\n<p dir=\"ltr\"><em>&#8222;Es ist erstaunlich<\/em>, ich mag es sehr, es ist sehr geeignet zum Lernen, die Umgebung ist sehr gut. Ich schlage vor, sich einen ganzen Tag Zeit zu nehmen, um die Inhalte zu genie\u00dfen. Es ist ein sehr guter Ort, um Kinder zusammenzubringen.&#8220; &#8211; JEANIE, Juli 2022<\/p>\n<p dir=\"ltr\"><em>\u201eErstaunliches Museum in einem sch\u00f6nen Viertel von Paris. Wirklich toll f\u00fcr einen Sonntagsspaziergang und Erkundung. Kinderfreundlich, aber auch aufregend f\u00fcr Erwachsene, um viel zu lernen.&#8220;<\/em> Antoine, Nov. 2021 <a href=\"https:\/\/www.tiqets.com\/de\/things-to-do-in-paris-c66746\/tickets-for-grande-galerie-de-l-evolution-skip-the-line-p976404\/?partner=paristouristinformation&amp;tq_campaign=ParisTiDeGalleryofEvolutionGttd\" target=\"_blank\" rel=\"nofollow noopener\" style=\"outline: none;\" data-lt-tmp-id=\"lt-369771\" spellcheck=\"false\">&gt;&gt; Weitere Bewertungen anzeigen<\/a><\/p>\n<h2>Weitere Aktivit\u00e4ten, die Ihnen gefallen k\u00f6nnten<\/h2>\n<p><span>#2<\/span><span>#2<\/span><span><img decoding=\"async\" alt=\"\" data-id=\"15178\" width=\"159\" data-init-width=\"2322\" height=\"107\" data-init-height=\"1556\" title=\"Zoologischer Park von Paris - Eintrittskarte2\" loading=\"lazy\" src=\"https:\/\/paristouristinformation.fr\/wp-content\/uploads\/2025\/05\/Paris-Zoological-Park-Entry-Ticketota2.avif\" data-width=\"159\" data-height=\"107\" style=\"aspect-ratio: auto 2322 \/ 1556;\"><\/span><\/p>\n<table>\n<tbody>\n<tr>\n<td><a href=\"https:\/\/www.tiqets.com\/de\/paris-zoo-aquarium-de-paris-b4126\/?partner=paristouristinformation&amp;tq_campaign=ParisTiDeGalleryofEvolutionGttd2\" target=\"_blank\" rel=\"nofollow noopener\" style=\"outline: none;\" data-lt-tmp-id=\"lt-188850\" spellcheck=\"false\">Paris Zoo + Aquarium von Paris<\/a><\/td>\n<\/tr>\n<\/tbody>\n<\/table>\n<p dir=\"ltr\">Entdecken Sie die Wunder der Tierwelt und des Meereslebens mit einem Kombiticket f\u00fcr den Pariser Zoo und das Aquarium de Paris, perfekt f\u00fcr einen unterhaltsamen Tag, an dem Sie exotische Tiere und lebendige Unterwasserbewohner erkunden &#8211; alles in einem bequemen Besuch!<\/p>\n<h3 style=\"\">Gesamtpreis<\/h3>\n<h3 style=\"\">Ihr Konto wird noch nicht belastet.<\/h3>\n<p><span>#2<\/span><span><img decoding=\"async\" alt=\"\" data-id=\"14042\" width=\"159\" data-init-width=\"1600\" height=\"159\" data-init-height=\"1600\" title=\"Seine Flusskreuzfahrt + Disneyland Paris 2\" loading=\"lazy\" src=\"https:\/\/paristouristinformation.fr\/wp-content\/uploads\/2024\/10\/Seine-River-Cruise-Disneyland-Paris-2.avif\" data-width=\"159\" data-height=\"159\" style=\"aspect-ratio: auto 1600 \/ 1600;\"><\/span><\/p>\n<table>\n<tbody>\n<tr>\n<td><a href=\"https:\/\/www.tiqets.com\/de\/disneyland-paris-seine-river-cruise-b2798\/?partner=paristouristinformation&amp;tq_campaign=ParisTiDeGalleryofEvolutionGttd3\" target=\"_blank\" rel=\"nofollow noopener\" style=\"outline: none;\" data-lt-tmp-id=\"lt-943769\" spellcheck=\"false\">Seine Flusskreuzfahrt + Disneyland Paris<\/a><\/td>\n<\/tr>\n<\/tbody>\n<\/table>\n<p>Entdecken Sie das Beste von Paris mit einem magischen Kombiticket, das einen <strong>1-Tages-Pass f\u00fcr Disneyland\u00ae Paris und eine malerische Kreuzfahrt mit der Seine <\/strong>beinhaltet<strong>.<\/strong> Genie\u00dfen Sie eine problemlose Buchung und Zugang zu zwei ikonischen Erlebnissen in einem.<\/p>\n<h3 style=\"\">Gesamtpreis<\/h3>\n<h3 style=\"\">Ihr Konto wird noch nicht belastet.<\/h3>\n<\/p>\n<h2><a href=\"https:\/\/www.tiqets.com\/de\/things-to-do-in-paris-c66746\/tickets-for-grande-galerie-de-l-evolution-skip-the-line-p976404\/?partner=paristouristinformation&amp;tq_campaign=ParisTiDeGalleryofEvolutionGttd\" target=\"_blank\" rel=\"nofollow noopener\" style=\"outline: none;\" spellcheck=\"false\">Zur Buchung<\/a><\/h2>\n<p style=\"\"><a href=\"https:\/\/www.tiqets.com\/de\/things-to-do-in-paris-c66746\/tickets-for-grande-galerie-de-l-evolution-skip-the-line-p976404\/?partner=paristouristinformation&amp;tq_campaign=ParisTiDeGalleryofEvolutionGttd\" target=\"_blank\" rel=\"nofollow noopener\" style=\"outline: none;\" spellcheck=\"false\">Preis ab<\/a><\/p>\n<h1><a href=\"https:\/\/www.tiqets.com\/de\/things-to-do-in-paris-c66746\/tickets-for-grande-galerie-de-l-evolution-skip-the-line-p976404\/?partner=paristouristinformation&amp;tq_campaign=ParisTiDeGalleryofEvolutionGttd\" target=\"_blank\" rel=\"nofollow noopener\" style=\"outline: none;\" spellcheck=\"false\"><strong>13,00 \u20ac<\/strong><\/a><\/h1>\n<p style=\"\">Ihr Konto wird noch nicht belastet.<\/p>\n","protected":false},"excerpt":{"rendered":"<p>Grande Galerie de l&#8217;\u00c9volution: Tickets ohne Anstehen Zur Buchung Preis ab 13,00 \u20ac Erleben Sie die spektakul\u00e4re Welt der Biodiversit\u00e4t in der Grande Galerie de l&#8217;\u00c9volution in Paris. Erkunden Sie&nbsp;mit Zugang ohne Anstehung, vier immersive Stockwerke, die mit \u00fcber 7.000 erhaltenen Tierproben gef\u00fcllt sind und entdecken Sie die faszinierende Geschichte der Evolution. Sorgf\u00e4ltig ausgew\u00e4hltes Ticket [&hellip;]<\/p>\n","protected":false},"author":10,"featured_media":15225,"parent":0,"menu_order":0,"comment_status":"closed","ping_status":"closed","template":"","meta":{"footnotes":""},"tags":[69],"class_list":["post-15224","page","type-page","status-publish","has-post-thumbnail","hentry","tag-sales-pages","post-wrapper","thrv_wrapper"],"wp-worthy-pixel":{"ignored":false,"public":null,"server":null,"url":null},"wp-worthy-type":"normal","_links":{"self":[{"href":"https:\/\/www.paristouristinformation.fr\/de\/wp-json\/wp\/v2\/pages\/15224","targetHints":{"allow":["GET"]}}],"collection":[{"href":"https:\/\/www.paristouristinformation.fr\/de\/wp-json\/wp\/v2\/pages"}],"about":[{"href":"https:\/\/www.paristouristinformation.fr\/de\/wp-json\/wp\/v2\/types\/page"}],"author":[{"embeddable":true,"href":"https:\/\/www.paristouristinformation.fr\/de\/wp-json\/wp\/v2\/users\/10"}],"replies":[{"embeddable":true,"href":"https:\/\/www.paristouristinformation.fr\/de\/wp-json\/wp\/v2\/comments?post=15224"}],"version-history":[{"count":9,"href":"https:\/\/www.paristouristinformation.fr\/de\/wp-json\/wp\/v2\/pages\/15224\/revisions"}],"predecessor-version":[{"id":15351,"href":"https:\/\/www.paristouristinformation.fr\/de\/wp-json\/wp\/v2\/pages\/15224\/revisions\/15351"}],"wp:featuredmedia":[{"embeddable":true,"href":"https:\/\/www.paristouristinformation.fr\/de\/wp-json\/wp\/v2\/media\/15225"}],"wp:attachment":[{"href":"https:\/\/www.paristouristinformation.fr\/de\/wp-json\/wp\/v2\/media?parent=15224"}],"wp:term":[{"taxonomy":"post_tag","embeddable":true,"href":"https:\/\/www.paristouristinformation.fr\/de\/wp-json\/wp\/v2\/tags?post=15224"}],"curies":[{"name":"wp","href":"https:\/\/api.w.org\/{rel}","templated":true}]}}