{"id":15235,"date":"2026-02-17T07:38:28","date_gmt":"2026-02-17T07:38:28","guid":{"rendered":"https:\/\/www.paristouristinformation.fr\/de\/?page_id=15235"},"modified":"2026-02-17T07:41:30","modified_gmt":"2026-02-17T07:41:30","slug":"schloss-chambord-tickets","status":"publish","type":"page","link":"https:\/\/www.paristouristinformation.fr\/de\/schloss-chambord-tickets\/","title":{"rendered":"Schloss Chambord Tickets"},"content":{"rendered":"<p><span><img decoding=\"async\" alt=\"Chateau Chambord Eintrittskarten\" data-id=\"16656\" width=\"1600\" height=\"1000\" title=\"Chateau Chambord Eintrittskarten\" src=\"https:\/\/paristouristinformation.fr\/wp-content\/uploads\/2025\/12\/Chateau-Chambord-Tickets-ota1-1024x640.avif\" data-src=\"https:\/\/paristouristinformation.fr\/wp-content\/uploads\/2025\/12\/Chateau-Chambord-Tickets-ota1-300x188.avif\" loading=\"lazy\" data-sizes=\"{&quot;thumbnail&quot;:{&quot;height&quot;:205,&quot;width&quot;:333,&quot;url&quot;:&quot;https:\/\/paristouristinformation.fr\/wp-content\/uploads\/2025\/12\/Chateau-Chambord-Tickets-ota1-333x205.avif&quot;,&quot;orientation&quot;:&quot;landscape&quot;},&quot;medium&quot;:{&quot;height&quot;:188,&quot;width&quot;:300,&quot;url&quot;:&quot;https:\/\/paristouristinformation.fr\/wp-content\/uploads\/2025\/12\/Chateau-Chambord-Tickets-ota1-300x188.avif&quot;,&quot;orientation&quot;:&quot;landscape&quot;},&quot;large&quot;:{&quot;height&quot;:640,&quot;width&quot;:1024,&quot;url&quot;:&quot;https:\/\/paristouristinformation.fr\/wp-content\/uploads\/2025\/12\/Chateau-Chambord-Tickets-ota1-1024x640.avif&quot;,&quot;orientation&quot;:&quot;landscape&quot;},&quot;full&quot;:{&quot;url&quot;:&quot;https:\/\/paristouristinformation.fr\/wp-content\/uploads\/2025\/12\/Chateau-Chambord-Tickets-ota1.avif&quot;,&quot;height&quot;:1000,&quot;width&quot;:1600,&quot;orientation&quot;:&quot;landscape&quot;}}\"><\/span><span><img decoding=\"async\" alt=\"\" data-id=\"16657\" width=\"1600\" height=\"1000\" title=\"Chateau Chambord Eintrittskarten\" src=\"https:\/\/paristouristinformation.fr\/wp-content\/uploads\/2025\/12\/Chateau-Chambord-Tickets-ota2-1024x640.avif\" data-src=\"https:\/\/paristouristinformation.fr\/wp-content\/uploads\/2025\/12\/Chateau-Chambord-Tickets-ota2-300x188.avif\" loading=\"lazy\" data-sizes=\"{&quot;thumbnail&quot;:{&quot;height&quot;:205,&quot;width&quot;:333,&quot;url&quot;:&quot;https:\/\/paristouristinformation.fr\/wp-content\/uploads\/2025\/12\/Chateau-Chambord-Tickets-ota2-333x205.avif&quot;,&quot;orientation&quot;:&quot;landscape&quot;},&quot;medium&quot;:{&quot;height&quot;:188,&quot;width&quot;:300,&quot;url&quot;:&quot;https:\/\/paristouristinformation.fr\/wp-content\/uploads\/2025\/12\/Chateau-Chambord-Tickets-ota2-300x188.avif&quot;,&quot;orientation&quot;:&quot;landscape&quot;},&quot;large&quot;:{&quot;height&quot;:640,&quot;width&quot;:1024,&quot;url&quot;:&quot;https:\/\/paristouristinformation.fr\/wp-content\/uploads\/2025\/12\/Chateau-Chambord-Tickets-ota2-1024x640.avif&quot;,&quot;orientation&quot;:&quot;landscape&quot;},&quot;full&quot;:{&quot;url&quot;:&quot;https:\/\/paristouristinformation.fr\/wp-content\/uploads\/2025\/12\/Chateau-Chambord-Tickets-ota2.avif&quot;,&quot;height&quot;:1000,&quot;width&quot;:1600,&quot;orientation&quot;:&quot;landscape&quot;}}\"><\/span><span><img decoding=\"async\" alt=\"\" data-id=\"16658\" width=\"1600\" height=\"1000\" title=\"Chateau Chambord Eintrittskarten\" src=\"https:\/\/paristouristinformation.fr\/wp-content\/uploads\/2025\/12\/Chateau-Chambord-Tickets-ota3-1024x640.avif\" data-src=\"https:\/\/paristouristinformation.fr\/wp-content\/uploads\/2025\/12\/Chateau-Chambord-Tickets-ota3-300x188.avif\" loading=\"lazy\" data-sizes=\"{&quot;thumbnail&quot;:{&quot;height&quot;:205,&quot;width&quot;:333,&quot;url&quot;:&quot;https:\/\/paristouristinformation.fr\/wp-content\/uploads\/2025\/12\/Chateau-Chambord-Tickets-ota3-333x205.avif&quot;,&quot;orientation&quot;:&quot;landscape&quot;},&quot;medium&quot;:{&quot;height&quot;:188,&quot;width&quot;:300,&quot;url&quot;:&quot;https:\/\/paristouristinformation.fr\/wp-content\/uploads\/2025\/12\/Chateau-Chambord-Tickets-ota3-300x188.avif&quot;,&quot;orientation&quot;:&quot;landscape&quot;},&quot;large&quot;:{&quot;height&quot;:640,&quot;width&quot;:1024,&quot;url&quot;:&quot;https:\/\/paristouristinformation.fr\/wp-content\/uploads\/2025\/12\/Chateau-Chambord-Tickets-ota3-1024x640.avif&quot;,&quot;orientation&quot;:&quot;landscape&quot;},&quot;full&quot;:{&quot;url&quot;:&quot;https:\/\/paristouristinformation.fr\/wp-content\/uploads\/2025\/12\/Chateau-Chambord-Tickets-ota3.avif&quot;,&quot;height&quot;:1000,&quot;width&quot;:1600,&quot;orientation&quot;:&quot;landscape&quot;}}\"><\/span><span><img decoding=\"async\" alt=\"\" data-id=\"16659\" width=\"1600\" height=\"1000\" title=\"Chateau Chambord Eintrittskarten\" src=\"https:\/\/paristouristinformation.fr\/wp-content\/uploads\/2025\/12\/Chateau-Chambord-Tickets-ota4-1024x640.avif\" data-src=\"https:\/\/paristouristinformation.fr\/wp-content\/uploads\/2025\/12\/Chateau-Chambord-Tickets-ota4-300x188.avif\" loading=\"lazy\" data-sizes=\"{&quot;thumbnail&quot;:{&quot;height&quot;:205,&quot;width&quot;:333,&quot;url&quot;:&quot;https:\/\/paristouristinformation.fr\/wp-content\/uploads\/2025\/12\/Chateau-Chambord-Tickets-ota4-333x205.avif&quot;,&quot;orientation&quot;:&quot;landscape&quot;},&quot;medium&quot;:{&quot;height&quot;:188,&quot;width&quot;:300,&quot;url&quot;:&quot;https:\/\/paristouristinformation.fr\/wp-content\/uploads\/2025\/12\/Chateau-Chambord-Tickets-ota4-300x188.avif&quot;,&quot;orientation&quot;:&quot;landscape&quot;},&quot;large&quot;:{&quot;height&quot;:640,&quot;width&quot;:1024,&quot;url&quot;:&quot;https:\/\/paristouristinformation.fr\/wp-content\/uploads\/2025\/12\/Chateau-Chambord-Tickets-ota4-1024x640.avif&quot;,&quot;orientation&quot;:&quot;landscape&quot;},&quot;full&quot;:{&quot;url&quot;:&quot;https:\/\/paristouristinformation.fr\/wp-content\/uploads\/2025\/12\/Chateau-Chambord-Tickets-ota4.avif&quot;,&quot;height&quot;:1000,&quot;width&quot;:1600,&quot;orientation&quot;:&quot;landscape&quot;}}\"><\/span><span><img decoding=\"async\" alt=\"\" data-id=\"16660\" width=\"1600\" height=\"1000\" title=\"Chateau Chambord Eintrittskarten\" src=\"https:\/\/paristouristinformation.fr\/wp-content\/uploads\/2025\/12\/Chateau-Chambord-Tickets-ota5-1024x640.avif\" data-src=\"https:\/\/paristouristinformation.fr\/wp-content\/uploads\/2025\/12\/Chateau-Chambord-Tickets-ota5-300x188.avif\" loading=\"lazy\" data-sizes=\"{&quot;thumbnail&quot;:{&quot;height&quot;:205,&quot;width&quot;:333,&quot;url&quot;:&quot;https:\/\/paristouristinformation.fr\/wp-content\/uploads\/2025\/12\/Chateau-Chambord-Tickets-ota5-333x205.avif&quot;,&quot;orientation&quot;:&quot;landscape&quot;},&quot;medium&quot;:{&quot;height&quot;:188,&quot;width&quot;:300,&quot;url&quot;:&quot;https:\/\/paristouristinformation.fr\/wp-content\/uploads\/2025\/12\/Chateau-Chambord-Tickets-ota5-300x188.avif&quot;,&quot;orientation&quot;:&quot;landscape&quot;},&quot;large&quot;:{&quot;height&quot;:640,&quot;width&quot;:1024,&quot;url&quot;:&quot;https:\/\/paristouristinformation.fr\/wp-content\/uploads\/2025\/12\/Chateau-Chambord-Tickets-ota5-1024x640.avif&quot;,&quot;orientation&quot;:&quot;landscape&quot;},&quot;full&quot;:{&quot;url&quot;:&quot;https:\/\/paristouristinformation.fr\/wp-content\/uploads\/2025\/12\/Chateau-Chambord-Tickets-ota5.avif&quot;,&quot;height&quot;:1000,&quot;width&quot;:1600,&quot;orientation&quot;:&quot;landscape&quot;}}\"><\/span><span><img decoding=\"async\" alt=\"\" data-id=\"16661\" width=\"1600\" height=\"1000\" title=\"Chateau Chambord Eintrittskarten\" src=\"https:\/\/paristouristinformation.fr\/wp-content\/uploads\/2025\/12\/Chateau-Chambord-Tickets-ota6-1024x640.avif\" data-src=\"https:\/\/paristouristinformation.fr\/wp-content\/uploads\/2025\/12\/Chateau-Chambord-Tickets-ota6-300x188.avif\" loading=\"lazy\" data-sizes=\"{&quot;thumbnail&quot;:{&quot;height&quot;:205,&quot;width&quot;:333,&quot;url&quot;:&quot;https:\/\/paristouristinformation.fr\/wp-content\/uploads\/2025\/12\/Chateau-Chambord-Tickets-ota6-333x205.avif&quot;,&quot;orientation&quot;:&quot;landscape&quot;},&quot;medium&quot;:{&quot;height&quot;:188,&quot;width&quot;:300,&quot;url&quot;:&quot;https:\/\/paristouristinformation.fr\/wp-content\/uploads\/2025\/12\/Chateau-Chambord-Tickets-ota6-300x188.avif&quot;,&quot;orientation&quot;:&quot;landscape&quot;},&quot;large&quot;:{&quot;height&quot;:640,&quot;width&quot;:1024,&quot;url&quot;:&quot;https:\/\/paristouristinformation.fr\/wp-content\/uploads\/2025\/12\/Chateau-Chambord-Tickets-ota6-1024x640.avif&quot;,&quot;orientation&quot;:&quot;landscape&quot;},&quot;full&quot;:{&quot;url&quot;:&quot;https:\/\/paristouristinformation.fr\/wp-content\/uploads\/2025\/12\/Chateau-Chambord-Tickets-ota6.avif&quot;,&quot;height&quot;:1000,&quot;width&quot;:1600,&quot;orientation&quot;:&quot;landscape&quot;}}\"><\/span><\/p>\n<h1 data-qa-marker=\"product-name\">Schloss Chambord und G\u00e4rten Tickets<\/h1>\n<h2><a href=\"https:\/\/www.headout.com\/de\/schloss-chambord-tickets\/schloss-chambord-schnelleinlass-ticket-e-13161\/?affiliate_code=KXkQ69&amp;utm_campaign=paristidechambordcastlegttd&amp;utm_content=link&amp;utm_medium=affiliate&amp;utm_source=most_amazing_places\" target=\"_blank\" rel=\"nofollow noopener\" style=\"outline: none;\">Zur Buchung<\/a><\/h2>\n<p style=\"\"><a href=\"https:\/\/www.headout.com\/de\/schloss-chambord-tickets\/schloss-chambord-schnelleinlass-ticket-e-13161\/?affiliate_code=KXkQ69&amp;utm_campaign=paristidechambordcastlegttd&amp;utm_content=link&amp;utm_medium=affiliate&amp;utm_source=most_amazing_places\" target=\"_blank\" rel=\"nofollow noopener\" style=\"outline: none;\">Preis ab<\/a><\/p>\n<h1><a href=\"https:\/\/www.headout.com\/de\/schloss-chambord-tickets\/schloss-chambord-schnelleinlass-ticket-e-13161\/?affiliate_code=KXkQ69&amp;utm_campaign=paristidechambordcastlegttd&amp;utm_content=link&amp;utm_medium=affiliate&amp;utm_source=most_amazing_places\" target=\"_blank\" rel=\"nofollow noopener\" style=\"outline: none;\" spellcheck=\"false\"><strong>21 \u20ac<\/strong><\/a><\/h1>\n<p dir=\"ltr\">Erkunden Sie eines der ber\u00fchmtesten Wahrzeichen Frankreichs mit Chateau de Chambord-Tickets, die Zugang ohne Anstreite, Zugang zu G\u00e4rten und Ausstellungen und immersive digitale Erlebnisse bieten. Entdecken Sie die Pracht der Renaissance in Ihrem eigenen Tempo mit flexiblen, lang g\u00fcltigen Tickets.<\/p>\n<ul>\n<li style=\"\"><span>Sorgf\u00e4ltig ausgew\u00e4hltes Ticket<\/span><\/li>\n<li><span>Mobiles Ticket<\/span><\/li>\n<li style=\"\"><span>Eintrag ohne die Reihe<\/span><\/li>\n<li style=\"\"><span>Nicht stornierbar<\/span><\/li>\n<\/ul>\n<h2>Inbegriffen<\/h2>\n<ul>\n<li style=\"\">                    <span>Eintritt ohne Ticket-Schleise zum Ch\u00e2teau de Chambord<\/span><\/li>\n<li style=\"\">                    <span>Zugang zu den formellen franz\u00f6sischen G\u00e4rten<\/span><\/li>\n<li style=\"\">                    <span>Eintritt in Wechselausstellungen<\/span><\/li>\n<li style=\"\">                    <span>Mehrsprachiger Besucherf\u00fchrer<\/span><\/li>\n<li style=\"\">                    <span>HistoPad digitaler Leitfaden (falls ausgew\u00e4hlt)<\/span><\/li>\n<\/ul>\n<h2>Nicht inbegriffen&nbsp;<\/h2>\n<ul>\n<li style=\"\"><span>F\u00fchrungen<\/span><\/li>\n<li style=\"\"><span>Transport zum und vom Schloss Chambord<\/span><\/li>\n<li style=\"\"><span>Essen und Trinken<\/span><\/li>\n<\/ul>\n<h2>Wichtige Informationen<\/h2>\n<ul>\n<li style=\"\"><span>Sicherheitskontrollen sind f\u00fcr alle Besucher obligatorisch<\/span><\/li>\n<li><span>Die oberen Stockwerke sind mit dem Aufzug erreichbar; das Erdgeschoss ist rollstuhlgerecht<\/span><\/li>\n<li><span>Blindenhunde sind auf dem gesamten Anwesen erlaubt<\/span><\/li>\n<li><span>Haustiere sind im Schloss oder in den G\u00e4rten nicht erlaubt<\/span><\/li>\n<li><span>Mobile Tickets m\u00fcssen aufgrund geringer Konnektivit\u00e4t im Voraus heruntergeladen werden<\/span><\/li>\n<li><span>Einige R\u00e4ume k\u00f6nnen vor\u00fcbergehend geschlossen sein<\/span><\/li>\n<li><span>Freier Eintritt f\u00fcr Kinder unter 18 Jahren, die mit der Familie kommen, mit g\u00fcltigem Ausweis<\/span><\/li>\n<li><span>Freier Eintritt f\u00fcr EU-B\u00fcrger unter 26 Jahren mit g\u00fcltigem Alter und Wohnsitznachweis<\/span><\/li>\n<\/ul>\n<h2>Beschreibung:<\/h2>\n<p dir=\"ltr\">Besuchen Sie das <strong>sch\u00f6nste Schloss&nbsp;<\/strong>des <strong>Loire-Tals <\/strong>mit offiziellen <strong>Ch\u00e2teau de Chambord-Tickets <\/strong>und treten Sie ein Meisterwerk der franz\u00f6sischen Renaissance-Architektur. \u00dcberspringen Sie die Kasse und betreten Sie direkt nach der Sicherheitskontrolle, um gro\u00dfe Hallen, kunstvolle T\u00fcrme und Panorama-Dachterrassen zu erkunden.<\/p>\n<p dir=\"ltr\">Bewundern Sie die ber\u00fchmte Doppelhelixtreppe, inspiriert von Leonardo da Vinci, und schlendern Sie durch elegante formelle G\u00e4rten. Verbessern Sie Ihren Besuch mit einem <strong>mehrsprachigen Leitfaden oder dem optionalen Histopad<\/strong>, der immersive 3D-Rekonstruktionen und interaktive Inhalte f\u00fcr ein tieferes historisches Erlebnis bietet.<\/p>\n<h2>H\u00f6hepunkte:<\/h2>\n<ul>\n<li ltr\"\"=\"\"><strong>\u00dcberspringen Sie den Ticketschalter <\/strong>und betreten Sie Chateau de Chambord schneller<\/li>\n<li ltr\"\"=\"\"><strong>Entdecken Sie \u00fcber 60 reich dekorierte R\u00e4ume <\/strong>und k\u00f6nigliche R\u00e4ume<\/li>\n<li ltr\"\"=\"\"><strong>Sehen Sie die legend\u00e4re Doppel-Helix-Treppe<\/strong>, inspiriert von Leonardo da Vinci<\/li>\n<li ltr\"\"=\"\"><strong>Genie\u00dfen Sie den Panoramablick <\/strong>von den Dachterrassen<\/li>\n<li ltr\"\"=\"\"><strong>Schlendern Sie durch <\/strong>wundersch\u00f6n restaurierte formelle franz\u00f6sische G\u00e4rten<\/li>\n<li ltr\"\"=\"\"><strong>Zugang zu rotierenden tempor\u00e4ren<\/strong><strong>Ausstellungen <\/strong>ohne zus\u00e4tzliche Kosten<\/li>\n<li ltr\"\"=\"\"><strong>Upgrade mit dem Histopad <\/strong>f\u00fcr 3D-Rekonstruktionen und interaktive Inhalte<\/li>\n<\/ul>\n<h2>Stornierungsrichtlinien<\/h2>\n<p dir=\"ltr\">Diese Tickets sind nicht stornierbar. Sie bleiben jedoch bis zum 12. Oktober 2027 jederzeit g\u00fcltig.<\/p>\n<h2>Treffpunkt &amp; Anleitung<\/h2>\n<p dir=\"ltr\">L\u00f6sen Sie Ihr Ticket am Haupteingang von Chate\u00e2u de Chambord ein, nachdem Sie die Sicherheitskontrollen bestanden haben. Legen Sie Ihren mobilen Gutschein und einen g\u00fcltigen Lichtbildausweis vor.<\/p>\n<p><a href=\"https:\/\/www.google.com\/maps\/place\/50%C2%B005&#039;24.6%22N+14%C2%B024&#039;00.2%22E\/@50.0901642,14.4000463,12z\/data=!4m4!3m3!8m2!3d50.0901642!4d14.4000463?entry=ttu\" style=\"outline: none;\" data-lt-tmp-id=\"lt-493778\" spellcheck=\"false\" target=\"_blank\" rel=\"nofollow noopener\"><\/a><a data-lt-tmp-id=\"lt-835606\" href=\"https:\/\/maps.app.goo.gl\/HPJW9D27hVNunq3j9\" rel=\"nofollow noopener\" spellcheck=\"false\" target=\"_blank\" style=\"outline: none;\">In Karten \u00f6ffnen<\/a><\/p>\n<h2>Bewertungen&nbsp;<\/h2>\n<p><strong>4,2\/ 5 <\/strong><strong>(5.166+ Bewertungen)<\/strong><\/p>\n<p dir=\"ltr\"><em>&#8222;Besucht Chenonceau und Chambord Ende November. Keine Menschenmassen und beide sind wundersch\u00f6n f\u00fcr Weihnachten dekoriert. Ich sch\u00e4tze es, in der Lage zu sein, in eigenem Tempo zu touren und nicht einem vorgeschriebenen Weg folgen zu m\u00fcssen.&#8220; <\/em>&#8211; Michelle, Nov. 2025 <a href=\"https:\/\/www.headout.com\/de\/schloss-chambord-tickets\/schloss-chambord-schnelleinlass-ticket-e-13161\/?affiliate_code=KXkQ69&amp;utm_campaign=paristidechambordcastlegttd&amp;utm_content=link&amp;utm_medium=affiliate&amp;utm_source=most_amazing_places\" target=\"_blank\" rel=\"nofollow noopener\" style=\"outline: none;\" data-lt-tmp-id=\"lt-720578\" spellcheck=\"false\">&gt;&gt; Weitere Bewertungen anzeigen<\/a><\/p>\n<h2>Weitere Aktivit\u00e4ten, die Ihnen gefallen k\u00f6nnten<\/h2>\n<p><span>#1<\/span><span><img decoding=\"async\" alt=\"\" data-id=\"16663\" width=\"159\" data-init-width=\"1390\" height=\"159\" data-init-height=\"1390\" title=\"Loire-Tal-Schlosspass\" loading=\"lazy\" src=\"https:\/\/paristouristinformation.fr\/wp-content\/uploads\/2025\/12\/Loire-Valley-Chateaux-Pass-ota.avif\" data-width=\"159\" data-height=\"159\" style=\"aspect-ratio: auto 1390 \/ 1390;\"><\/span><\/p>\n<table>\n<tbody>\n<tr>\n<td><a href=\"https:\/\/www.tiqets.com\/chambord-attractions-c262960\/tickets-for-loire-valley-chateaux-pass-p1039942\/?partner=paristouristinformation&amp;tq_campaign=ParisTiDeChambordCastleGttd2\" target=\"_blank\" rel=\"nofollow noopener\" style=\"outline: none;\" data-lt-tmp-id=\"lt-171640\" spellcheck=\"false\">Loire-Tal-Schlosspass<\/a><\/td>\n<\/tr>\n<\/tbody>\n<\/table>\n<p dir=\"ltr\">Entdecken Sie die ber\u00fchmtesten Schl\u00f6sser des Loire-Tals mit einem bequemen Pass. Der Loire Valley Ch\u00e2teaux Pass er\u00f6ffnet mehrere historische St\u00e4nde, atemberaubende Architektur und k\u00f6nigliche G\u00e4rten&#8230;<\/p>\n<h3 style=\"\">Gesamtpreis<\/h3>\n<h3>Ihr Konto wird noch nicht belastet.<\/h3>\n<p><span><img decoding=\"async\" alt=\"\" data-id=\"16664\" width=\"159\" data-init-width=\"1600\" height=\"99\" data-init-height=\"1000\" title=\"Von Paris Chambord &amp; Chenonceau F\u00fchrung\" loading=\"lazy\" src=\"https:\/\/paristouristinformation.fr\/wp-content\/uploads\/2025\/12\/From-Paris-Chambord-Chenonceau-Guided-Tour.avif\" data-width=\"159\" data-height=\"99\" style=\"aspect-ratio: auto 1600 \/ 1000;\"><\/span><\/p>\n<table>\n<tbody>\n<tr>\n<td><a href=\"https:\/\/www.headout.com\/chateau-de-chambord-tickets\/loire-valley-castles-chambord-chenonceau-small-group-tour-from-paris-e-6160\/?affiliate_code=KXkQ69&amp;utm_campaign=paristidechambordcastlegttd3&amp;utm_content=link&amp;utm_medium=affiliate&amp;utm_source=most_amazing_places\" target=\"_blank\" rel=\"nofollow noopener\" style=\"outline: none;\" data-lt-tmp-id=\"lt-197558\" spellcheck=\"false\">Von Paris: Chambord &amp; Chenonceau F\u00fchrung<\/a><\/td>\n<\/tr>\n<\/tbody>\n<\/table>\n<p dir=\"ltr\">Reisen Sie \u00fcber Paris hinaus ins Loiretal auf einer gef\u00fchrten Tour nach Chambord und Chenonceau. Entdecken Sie zwei ikonische Schl\u00f6sser, eine reiche k\u00f6nigliche Geschichte und atemberaubende Architektur in einem nahtlosen Tagesausflug von der franz\u00f6sischen Hauptstadt.<\/p>\n<h3 style=\"\">Gesamtpreis<\/h3>\n<h3 style=\"\">Ihr Konto wird noch nicht belastet.<\/h3>\n<\/p>\n<h2><a href=\"https:\/\/www.headout.com\/de\/schloss-chambord-tickets\/schloss-chambord-schnelleinlass-ticket-e-13161\/?affiliate_code=KXkQ69&amp;utm_campaign=paristidechambordcastlegttd&amp;utm_content=link&amp;utm_medium=affiliate&amp;utm_source=most_amazing_places\" target=\"_blank\" rel=\"nofollow noopener\" style=\"outline: none;\">Zur Buchung<\/a><\/h2>\n<p style=\"\"><a href=\"https:\/\/www.headout.com\/de\/schloss-chambord-tickets\/schloss-chambord-schnelleinlass-ticket-e-13161\/?affiliate_code=KXkQ69&amp;utm_campaign=paristidechambordcastlegttd&amp;utm_content=link&amp;utm_medium=affiliate&amp;utm_source=most_amazing_places\" target=\"_blank\" rel=\"nofollow noopener\" style=\"outline: none;\">Preis ab<\/a><\/p>\n<h1><a href=\"https:\/\/www.headout.com\/de\/schloss-chambord-tickets\/schloss-chambord-schnelleinlass-ticket-e-13161\/?affiliate_code=KXkQ69&amp;utm_campaign=paristidechambordcastlegttd&amp;utm_content=link&amp;utm_medium=affiliate&amp;utm_source=most_amazing_places\" target=\"_blank\" rel=\"nofollow noopener\" style=\"outline: none;\">21 \u20ac<\/a><\/h1>\n<h3>Ihr Konto wird noch nicht belastet.<\/h3>\n","protected":false},"excerpt":{"rendered":"<p>Schloss Chambord und G\u00e4rten Tickets Zur Buchung Preis ab 21 \u20ac Erkunden Sie eines der ber\u00fchmtesten Wahrzeichen Frankreichs mit Chateau de Chambord-Tickets, die Zugang ohne Anstreite, Zugang zu G\u00e4rten und Ausstellungen und immersive digitale Erlebnisse bieten. Entdecken Sie die Pracht der Renaissance in Ihrem eigenen Tempo mit flexiblen, lang g\u00fcltigen Tickets. Sorgf\u00e4ltig ausgew\u00e4hltes Ticket Mobiles [&hellip;]<\/p>\n","protected":false},"author":10,"featured_media":15236,"parent":0,"menu_order":0,"comment_status":"closed","ping_status":"closed","template":"","meta":{"footnotes":""},"tags":[69],"class_list":["post-15235","page","type-page","status-publish","has-post-thumbnail","hentry","tag-sales-pages","post-wrapper","thrv_wrapper"],"wp-worthy-pixel":{"ignored":false,"public":null,"server":null,"url":null},"wp-worthy-type":"normal","_links":{"self":[{"href":"https:\/\/www.paristouristinformation.fr\/de\/wp-json\/wp\/v2\/pages\/15235","targetHints":{"allow":["GET"]}}],"collection":[{"href":"https:\/\/www.paristouristinformation.fr\/de\/wp-json\/wp\/v2\/pages"}],"about":[{"href":"https:\/\/www.paristouristinformation.fr\/de\/wp-json\/wp\/v2\/types\/page"}],"author":[{"embeddable":true,"href":"https:\/\/www.paristouristinformation.fr\/de\/wp-json\/wp\/v2\/users\/10"}],"replies":[{"embeddable":true,"href":"https:\/\/www.paristouristinformation.fr\/de\/wp-json\/wp\/v2\/comments?post=15235"}],"version-history":[{"count":9,"href":"https:\/\/www.paristouristinformation.fr\/de\/wp-json\/wp\/v2\/pages\/15235\/revisions"}],"predecessor-version":[{"id":15355,"href":"https:\/\/www.paristouristinformation.fr\/de\/wp-json\/wp\/v2\/pages\/15235\/revisions\/15355"}],"wp:featuredmedia":[{"embeddable":true,"href":"https:\/\/www.paristouristinformation.fr\/de\/wp-json\/wp\/v2\/media\/15236"}],"wp:attachment":[{"href":"https:\/\/www.paristouristinformation.fr\/de\/wp-json\/wp\/v2\/media?parent=15235"}],"wp:term":[{"taxonomy":"post_tag","embeddable":true,"href":"https:\/\/www.paristouristinformation.fr\/de\/wp-json\/wp\/v2\/tags?post=15235"}],"curies":[{"name":"wp","href":"https:\/\/api.w.org\/{rel}","templated":true}]}}