{"id":15246,"date":"2026-02-17T07:44:20","date_gmt":"2026-02-17T07:44:20","guid":{"rendered":"https:\/\/www.paristouristinformation.fr\/de\/?page_id=15246"},"modified":"2026-02-17T07:47:26","modified_gmt":"2026-02-17T07:47:26","slug":"paris-aura-invalides-tickets","status":"publish","type":"page","link":"https:\/\/www.paristouristinformation.fr\/de\/paris-aura-invalides-tickets\/","title":{"rendered":"Paris: Aura Invalides Tickets | Immersive Experience"},"content":{"rendered":"<p><span><img decoding=\"async\" alt=\"Aura macht Tickets ung\u00fcltig\" data-id=\"16695\" width=\"\" height=\"undefined\" title=\"Aura macht Tickets ung\u00fcltig\" src=\"https:\/\/paristouristinformation.fr\/wp-content\/uploads\/2025\/12\/Aura-Invalides-Tickets1.avif\" data-src=\"https:\/\/paristouristinformation.fr\/wp-content\/uploads\/2025\/12\/Aura-Invalides-Tickets1.avif\" loading=\"lazy\" data-sizes=\"{&quot;full&quot;:{&quot;url&quot;:&quot;https:\/\/paristouristinformation.fr\/wp-content\/uploads\/2025\/12\/Aura-Invalides-Tickets1.avif&quot;}}\"><\/span><span><img decoding=\"async\" alt=\"\" data-id=\"16696\" width=\"2052\" height=\"1300\" title=\"Aura ung\u00fcltige Tickets2\" src=\"https:\/\/www.paristouristinformation.fr\/de\/wp-content\/uploads\/2026\/02\/Aura-Invalides-Tickets2-1024x649-1.webp\" data-src=\"https:\/\/www.paristouristinformation.fr\/de\/wp-content\/uploads\/2026\/02\/Aura-Invalides-Tickets2-300x190-1.webp\" loading=\"lazy\" data-sizes=\"{&quot;thumbnail&quot;:{&quot;height&quot;:205,&quot;width&quot;:333,&quot;url&quot;:&quot;https:\/\/www.paristouristinformation.fr\/de\/wp-content\/uploads\/2026\/02\/Aura-Invalides-Tickets2-333x205-1.webp&quot;,&quot;orientation&quot;:&quot;landscape&quot;},&quot;medium&quot;:{&quot;height&quot;:190,&quot;width&quot;:300,&quot;url&quot;:&quot;https:\/\/www.paristouristinformation.fr\/de\/wp-content\/uploads\/2026\/02\/Aura-Invalides-Tickets2-300x190-1.webp&quot;,&quot;orientation&quot;:&quot;landscape&quot;},&quot;large&quot;:{&quot;height&quot;:649,&quot;width&quot;:1024,&quot;url&quot;:&quot;https:\/\/www.paristouristinformation.fr\/de\/wp-content\/uploads\/2026\/02\/Aura-Invalides-Tickets2-1024x649-1.webp&quot;,&quot;orientation&quot;:&quot;landscape&quot;},&quot;full&quot;:{&quot;url&quot;:&quot;https:\/\/www.paristouristinformation.fr\/de\/wp-content\/uploads\/2026\/02\/Aura-Invalides-Tickets2.webp&quot;,&quot;height&quot;:1300,&quot;width&quot;:2052,&quot;orientation&quot;:&quot;landscape&quot;}}\"><\/span><span><img decoding=\"async\" alt=\"\" data-id=\"16697\" width=\"\" height=\"undefined\" title=\"Aura ung\u00fcltige Tickets3\" src=\"https:\/\/paristouristinformation.fr\/wp-content\/uploads\/2025\/12\/Aura-Invalides-Tickets3.avif\" data-src=\"https:\/\/paristouristinformation.fr\/wp-content\/uploads\/2025\/12\/Aura-Invalides-Tickets3.avif\" loading=\"lazy\" data-sizes=\"{&quot;full&quot;:{&quot;url&quot;:&quot;https:\/\/paristouristinformation.fr\/wp-content\/uploads\/2025\/12\/Aura-Invalides-Tickets3.avif&quot;}}\"><\/span><span><img decoding=\"async\" alt=\"\" data-id=\"16698\" width=\"\" height=\"undefined\" title=\"Aura ung\u00fcltige Tickets4\" src=\"https:\/\/paristouristinformation.fr\/wp-content\/uploads\/2025\/12\/Aura-Invalides-Tickets4.avif\" data-src=\"https:\/\/paristouristinformation.fr\/wp-content\/uploads\/2025\/12\/Aura-Invalides-Tickets4.avif\" loading=\"lazy\" data-sizes=\"{&quot;full&quot;:{&quot;url&quot;:&quot;https:\/\/paristouristinformation.fr\/wp-content\/uploads\/2025\/12\/Aura-Invalides-Tickets4.avif&quot;}}\"><\/span><span><img decoding=\"async\" alt=\"\" data-id=\"16699\" width=\"\" height=\"undefined\" title=\"Aura ung\u00fcltige Tickets5\" src=\"https:\/\/paristouristinformation.fr\/wp-content\/uploads\/2025\/12\/Aura-Invalides-Tickets5.avif\" data-src=\"https:\/\/paristouristinformation.fr\/wp-content\/uploads\/2025\/12\/Aura-Invalides-Tickets5.avif\" loading=\"lazy\" data-sizes=\"{&quot;full&quot;:{&quot;url&quot;:&quot;https:\/\/paristouristinformation.fr\/wp-content\/uploads\/2025\/12\/Aura-Invalides-Tickets5.avif&quot;}}\"><\/span><span><img decoding=\"async\" alt=\"\" data-id=\"16700\" width=\"\" height=\"undefined\" title=\"Aura macht Tickets ung\u00fcltig6\" src=\"https:\/\/paristouristinformation.fr\/wp-content\/uploads\/2025\/12\/Aura-Invalides-Tickets6.avif\" data-src=\"https:\/\/paristouristinformation.fr\/wp-content\/uploads\/2025\/12\/Aura-Invalides-Tickets6.avif\" loading=\"lazy\" data-sizes=\"{&quot;full&quot;:{&quot;url&quot;:&quot;https:\/\/paristouristinformation.fr\/wp-content\/uploads\/2025\/12\/Aura-Invalides-Tickets6.avif&quot;}}\"><\/span><span><img decoding=\"async\" alt=\"\" data-id=\"16701\" width=\"\" height=\"undefined\" title=\"Aura macht Tickets ung\u00fcltig7\" src=\"https:\/\/paristouristinformation.fr\/wp-content\/uploads\/2025\/12\/Aura-Invalides-Tickets7.avif\" data-src=\"https:\/\/paristouristinformation.fr\/wp-content\/uploads\/2025\/12\/Aura-Invalides-Tickets7.avif\" loading=\"lazy\" data-sizes=\"{&quot;full&quot;:{&quot;url&quot;:&quot;https:\/\/paristouristinformation.fr\/wp-content\/uploads\/2025\/12\/Aura-Invalides-Tickets7.avif&quot;}}\"><\/span><\/p>\n<h1 data-block-id=\"adp-title-text\" data-v-25a6f21d=\"\" data-v-266e4934=\"\" data-v-4533c707=\"\"><span data-v-4533c707=\"\">Paris: Aura Invalides Immersive Experience Eintrittskarte<\/span><\/h1>\n<h2><a href=\"https:\/\/www.getyourguide.com\/paris-l16\/aura-invalides-t463678\/?partner_id=NO9XIDE&amp;utm_medium=online_publisher&amp;cmp=ParisTiDeAuraInvalidesParisGttd\" target=\"_blank\" rel=\"nofollow noopener\" style=\"outline: none;\">Zur Buchung<\/a><\/h2>\n<h1><a href=\"https:\/\/www.getyourguide.com\/paris-l16\/aura-invalides-t463678\/?partner_id=NO9XIDE&amp;utm_medium=online_publisher&amp;cmp=ParisTiDeAuraInvalidesParisGttd\" target=\"_blank\" rel=\"nofollow noopener\" style=\"outline: none;\" spellcheck=\"false\"><span style=\"font-weight: normal;\">Ab <\/span>28 \u20ac<\/a><\/h1>\n<p dir=\"ltr\">Erleben Sie Paris nach Einbruch der Dunkelheit mit Aura Invalides Tickets und betreten Sie den legend\u00e4ren D\u00f4me des Invalides f\u00fcr eine fesselnde n\u00e4chtliche Show, die Licht, Musik und Architektur zu einem wirklich immersiven Erlebnis verbindet.<\/p>\n<ul>\n<li style=\"\"><span style=\"\">Jetzt buchen &amp; sp\u00e4ter bezahlen<\/span><\/li>\n<li style=\"\"><span style=\"\">Dauer 50 Minuten<\/span><\/li>\n<li style=\"\"><span style=\"\">Kostenlose Stornierung<\/span><\/li>\n<\/ul>\n<h2>Inbegriffen<\/h2>\n<ul>\n<li style=\"\">                    <span>Aura Invalides Ticket<\/span><\/li>\n<li style=\"\">                    <span>Zugang zum immersiven Multimedia-Erlebnis im D\u00f4me des Invalides<\/span><\/li>\n<li style=\"\">                    <span>N\u00e4chtlicher Besuch des Denkmals und seiner sechs Kapellen<\/span><\/li>\n<\/ul>\n<h2>Nicht inbegriffen<\/h2>\n<ul>\n<li style=\"\"><span>Essen und Trinken<\/span><\/li>\n<\/ul>\n<h2>Wichtige Informationen<\/h2>\n<ul>\n<li style=\"\"><span>Sobald das Erlebnis beginnt, ist kein versp\u00e4teter Einlass erlaubt<\/span><\/li>\n<li><span>Die Show beginnt 20 Minuten nach der auf Ihrem Ticket angegebenen Zeit<\/span><\/li>\n<li><span>Die Erfahrung dauert ungef\u00e4hr 50 Minuten<\/span><\/li>\n<li><span>Nicht geeignet f\u00fcr Kinder unter 5 Jahren oder Rollstuhlfahrer<\/span><\/li>\n<li><span>Flackernde Lichter und hohe Ger\u00e4uschpegel sind Teil der Show<\/span><\/li>\n<li><span>Das Erlebnis ist vollst\u00e4ndig ambulant und beinhaltet Treppen<\/span><\/li>\n<li><span>Das Denkmal kann sich innen kalt anf\u00fchlen, daher wird dringend empfohlen, sich warm zu kleiden<\/span><\/li>\n<li><span>Es gibt keine Umkleidekabinen, Toiletten oder Catering-Einrichtungen vor Ort<\/span><\/li>\n<\/ul>\n<h2>Beschreibung:<\/h2>\n<p dir=\"ltr\">Betreten Sie nach Einbruch der Dunkelheit mit <strong>Aura Invalides-Tickets <\/strong>eines der ber\u00fchmtesten Wahrzeichen von Paris und erleben Sie den <strong>D\u00f4me des Invalides <\/strong>wie nie zuvor. Aura Invalides kombiniert Orchestermusik, r\u00e4umlichen Sound, Videomapping und dramatische Beleuchtung zu einer dreiteiligen immersiven Reise durch Geschichte und Architektur.<\/p>\n<p dir=\"ltr\"><strong>Erkunden <\/strong>Sie <strong>die sechs Kapellen<\/strong>, <strong>bewundern Sie das Grab von Napoleon I. <\/strong>und blicken Sie auf die monumentale Kuppel, die sich 90 Meter \u00fcber Ihnen erhebt. Dieses atmosph\u00e4rische Erlebnis l\u00e4dt zu einer ruhigen Reflexion und einer starken emotionalen Verbindung zum Denkmal ein.<\/p>\n<h2>H\u00f6hepunkte:<\/h2>\n<ul>\n<li dir=\"ltr\"><strong>Immersive Multimedia-Show <\/strong>im D\u00f4me des Invalides<\/li>\n<li dir=\"ltr\"><strong>Atemberaubende Lichtdisplays <\/strong>und gro\u00df angelegte Videomapping<\/li>\n<li dir=\"ltr\"><strong>Orchestermusik <\/strong>und r\u00e4umliches Sounddesign<\/li>\n<li dir=\"ltr\"><strong>Nachtzugang <\/strong>zu sechs historischen Kapellen<\/li>\n<li dir=\"ltr\"><strong>Einzigartige Perspektive <\/strong>auf Napoleons I.s Grab<\/li>\n<li><strong>Emotionale, kontemplative Atmosph\u00e4re <\/strong>im Gegensatz zu einem Standard-Denkmalbesuch<\/li>\n<\/ul>\n<h2>Aura Ung\u00fcltig<\/h2>\n<p dir=\"ltr\">2 Pl. Vauban, 75007 Paris, Frankreich<\/p>\n<h2>Stornierungsrichtlinien<\/h2>\n<p>Kostenlose Stornierung ist m\u00f6glich. Stornieren Sie bis zu 24 Stunden im Voraus, um eine volle R\u00fcckerstattung zu erhalten.<\/p>\n<h2>Treffpunkt &amp; Anleitung<\/h2>\n<p dir=\"ltr\">Betreten Sie den Place Vauban auf der Seite der D\u00f4me des Invalides, in der N\u00e4he der U-Bahn-Stationen \u00c9cole Militaire oder Saint-Fran\u00e7ois-Xavier.<strong> Die Einfahrt \u00fcber den Eingang der Esplanade ist nicht gestattet<\/strong>. Bitte kommen Sie p\u00fcnktlich, da Nachzamer nicht zugelassen werden.<\/p>\n<p><a href=\"https:\/\/maps.app.goo.gl\/tKf7ZCNq6CfhNyww5\" style=\"outline: none;\" data-lt-tmp-id=\"lt-755238\" spellcheck=\"false\" target=\"_blank\" rel=\"nofollow noopener\">In Karten \u00f6ffnen<\/a><\/p>\n<h2>Bewertungen&nbsp;<\/h2>\n<p><strong>4,7\/5 <\/strong><strong>(2.894 Bewertungen)<\/strong><\/p>\n<p dir=\"ltr\"><em>&#8222;Dies war eine Erfahrung, die wir aus einer Laune heraus gebucht haben und wahrscheinlich eines der coolsten Dinge, die wir in Paris erlebt haben. Die Verschmelzung von klassischer Architektur mit moderner Technologie war so cool. Ich habe die Z\u00e4hlung verloren, wie oft ich durch diese Erfahrung Sch\u00fcttelfrost bekommen habe. 100% empfehlen, dies zu \u00fcberpr\u00fcfen, wenn Sie Zeit haben.&#8220;<\/em> Ryan, Nov. 2025 <a href=\"https:\/\/www.getyourguide.com\/paris-l16\/aura-invalides-t463678\/?partner_id=NO9XIDE&amp;utm_medium=online_publisher&amp;cmp=ParisTiDeAuraInvalidesParisGttd\" target=\"_blank\" rel=\"nofollow noopener\" data-lt-tmp-id=\"lt-225177\" spellcheck=\"false\" style=\"outline: none;\">&gt;&gt; Weitere Bewertungen anzeigen<\/a><\/p>\n<h2>Weitere Aktivit\u00e4ten, die Ihnen gefallen k\u00f6nnten<\/h2>\n<p><span>#2<\/span><span>#2<\/span><span><img decoding=\"async\" alt=\"\" data-id=\"16703\" width=\"159\" data-init-width=\"1600\" height=\"99\" data-init-height=\"1000\" title=\"Combo (Sparen Sie 5%) Invalides Napoleons Grab &amp; Armeemuseum + Aura Immersive Experience Skip-the-Line Tickets\" loading=\"lazy\" src=\"https:\/\/paristouristinformation.fr\/wp-content\/uploads\/2025\/12\/Combo-Save-5-Invalides-Napoleons-Tomb-Army-Museum-Aura-Immersive-Experience-Skip-the-Line-Tickets.avif\" data-width=\"159\" data-height=\"99\" style=\"aspect-ratio: auto 1600 \/ 1000;\"><\/span><\/p>\n<table>\n<tbody>\n<tr>\n<td><a href=\"https:\/\/www.headout.com\/les-invalides-tickets\/combo-army-museum-invalides-skip-the-line-tickets-aura-light-and-sound-show-at-dome-des-invalides-exclusive-tickets-e-25157\/?affiliate_code=KXkQ69&amp;utm_campaign=parisdeaura%C4%B1nvalidesparisgttd2&amp;utm_content=link&amp;utm_medium=affiliate&amp;utm_source=most_amazing_places\" target=\"_blank\" rel=\"nofollow noopener\" style=\"outline: none;\" data-lt-tmp-id=\"lt-841255\" spellcheck=\"false\">Kombiticket: Invalides Napoleons Grab &amp; Armeemuseum + Aura Immersive Experience Skip-the-Line-Tickets<\/a><\/td>\n<\/tr>\n<\/tbody>\n<\/table>\n<p dir=\"ltr\">Entdecken Sie zwei Seiten der franz\u00f6sischen Geschichte mit einer hochwertigen Kombination. Besuchen Sie Napoleons Grab und das Armeemuseum und genie\u00dfen Sie dann das immersive Aura-Erlebnis im D\u00f4me des Invalides, komplett mit Zugang ohne Anstelle und exklusiven Ersparnissen.<\/p>\n<h3 style=\"\">Gesamtpreis<\/h3>\n<h3>Ihr Konto wird noch nicht belastet.<\/h3>\n<p><span>#2<\/span><span><img decoding=\"async\" alt=\"\" data-id=\"16704\" width=\"159\" data-init-width=\"1185\" height=\"106\" data-init-height=\"616\" title=\"Paris Seine Fluss Panoramablick Dinner Cruise\" loading=\"lazy\" src=\"https:\/\/paristouristinformation.fr\/wp-content\/uploads\/2025\/12\/Paris-Seine-River-Panoramic-Views-Dinner-Cruise.avif\" data-width=\"159\" data-height=\"106\" style=\"aspect-ratio: auto 1185 \/ 616;\"><\/span><\/p>\n<table>\n<tbody>\n<tr>\n<td><a href=\"https:\/\/www.getyourguide.com\/paris-l16\/paris-dinner-cruise-t179570\/?partner_id=NO9XIDE&amp;utm_medium=online_publisher&amp;cmp=ParisDeAuraInvalidesParisGttd3\" target=\"_blank\" rel=\"nofollow noopener\" style=\"outline: none;\" data-lt-tmp-id=\"lt-538009\" spellcheck=\"false\"><span data-v-f40aa250=\"\">Paris: Panoramablick auf den Fluss Seine Dinner Cruise<\/span><\/a><\/td>\n<\/tr>\n<\/tbody>\n<\/table>\n<p data-end=\"231\" data-is-last-node=\"\" data-is-only-node=\"\" data-start=\"0\">Genie\u00dfen Sie einen unvergesslichen Abend auf der Seine mit einer Panorama-Dinner-Kreuzfahrt durch das Herz von Paris. Genie\u00dfen Sie eine raffinierte Mahlzeit, w\u00e4hrend ikonische Sehensw\u00fcrdigkeiten vorbeigleiten, die alle von raumhohen Fenstern und dem magischen n\u00e4chtlichen Schein der Stadt eingerahmt werden.<\/p>\n<h3 style=\"\">Gesamtpreis<\/h3>\n<h3 style=\"\">Ihr Konto wird noch nicht belastet.<\/h3>\n<\/p>\n<h2><a href=\"https:\/\/www.getyourguide.com\/paris-l16\/aura-invalides-t463678\/?partner_id=NO9XIDE&amp;utm_medium=online_publisher&amp;cmp=ParisTiDeAuraInvalidesParisGttd\" target=\"_blank\" rel=\"nofollow noopener\" style=\"outline: none;\" spellcheck=\"false\">Zur Buchung<\/a><\/h2>\n<h1><a href=\"https:\/\/www.getyourguide.com\/paris-l16\/aura-invalides-t463678\/?partner_id=NO9XIDE&amp;utm_medium=online_publisher&amp;cmp=ParisTiDeAuraInvalidesParisGttd\" target=\"_blank\" rel=\"nofollow noopener\" style=\"outline: none;\" spellcheck=\"false\"><span style=\"font-weight: normal;\">Ab <\/span><strong>28 \u20ac<\/strong><\/a><\/h1>\n<h3>Ihr Konto wird noch nicht belastet.<\/h3>\n","protected":false},"excerpt":{"rendered":"<p>Paris: Aura Invalides Immersive Experience Eintrittskarte Zur Buchung Ab 28 \u20ac Erleben Sie Paris nach Einbruch der Dunkelheit mit Aura Invalides Tickets und betreten Sie den legend\u00e4ren D\u00f4me des Invalides f\u00fcr eine fesselnde n\u00e4chtliche Show, die Licht, Musik und Architektur zu einem wirklich immersiven Erlebnis verbindet. Jetzt buchen &amp; sp\u00e4ter bezahlen Dauer 50 Minuten Kostenlose [&hellip;]<\/p>\n","protected":false},"author":10,"featured_media":15247,"parent":0,"menu_order":0,"comment_status":"closed","ping_status":"closed","template":"","meta":{"footnotes":""},"tags":[69],"class_list":["post-15246","page","type-page","status-publish","has-post-thumbnail","hentry","tag-sales-pages","post-wrapper","thrv_wrapper"],"wp-worthy-pixel":{"ignored":false,"public":null,"server":null,"url":null},"wp-worthy-type":"normal","_links":{"self":[{"href":"https:\/\/www.paristouristinformation.fr\/de\/wp-json\/wp\/v2\/pages\/15246","targetHints":{"allow":["GET"]}}],"collection":[{"href":"https:\/\/www.paristouristinformation.fr\/de\/wp-json\/wp\/v2\/pages"}],"about":[{"href":"https:\/\/www.paristouristinformation.fr\/de\/wp-json\/wp\/v2\/types\/page"}],"author":[{"embeddable":true,"href":"https:\/\/www.paristouristinformation.fr\/de\/wp-json\/wp\/v2\/users\/10"}],"replies":[{"embeddable":true,"href":"https:\/\/www.paristouristinformation.fr\/de\/wp-json\/wp\/v2\/comments?post=15246"}],"version-history":[{"count":9,"href":"https:\/\/www.paristouristinformation.fr\/de\/wp-json\/wp\/v2\/pages\/15246\/revisions"}],"predecessor-version":[{"id":15359,"href":"https:\/\/www.paristouristinformation.fr\/de\/wp-json\/wp\/v2\/pages\/15246\/revisions\/15359"}],"wp:featuredmedia":[{"embeddable":true,"href":"https:\/\/www.paristouristinformation.fr\/de\/wp-json\/wp\/v2\/media\/15247"}],"wp:attachment":[{"href":"https:\/\/www.paristouristinformation.fr\/de\/wp-json\/wp\/v2\/media?parent=15246"}],"wp:term":[{"taxonomy":"post_tag","embeddable":true,"href":"https:\/\/www.paristouristinformation.fr\/de\/wp-json\/wp\/v2\/tags?post=15246"}],"curies":[{"name":"wp","href":"https:\/\/api.w.org\/{rel}","templated":true}]}}