{"id":15361,"date":"2026-04-08T07:23:08","date_gmt":"2026-04-08T07:23:08","guid":{"rendered":"https:\/\/www.paristouristinformation.fr\/de\/?page_id=15361"},"modified":"2026-04-08T07:50:42","modified_gmt":"2026-04-08T07:50:42","slug":"tickets-fuer-schloss-chenonceau","status":"publish","type":"page","link":"https:\/\/www.paristouristinformation.fr\/de\/tickets-fuer-schloss-chenonceau\/","title":{"rendered":"Tickets f\u00fcr Schloss Chenonceau &amp; G\u00e4rten"},"content":{"rendered":"<p><span><img decoding=\"async\" alt=\"Schloss von Chenonceau Tickets\" data-id=\"16723\" width=\"1600\" height=\"1000\" title=\"Schloss von Chenonceau Tickets\" src=\"https:\/\/paristouristinformation.fr\/wp-content\/uploads\/2025\/12\/Chateau-de-Chenonceau-Tickets1-1024x640.avif\" data-src=\"https:\/\/paristouristinformation.fr\/wp-content\/uploads\/2025\/12\/Chateau-de-Chenonceau-Tickets1-300x188.avif\" loading=\"lazy\" data-sizes=\"{&quot;thumbnail&quot;:{&quot;height&quot;:205,&quot;width&quot;:333,&quot;url&quot;:&quot;https:\/\/paristouristinformation.fr\/wp-content\/uploads\/2025\/12\/Chateau-de-Chenonceau-Tickets1-333x205.avif&quot;,&quot;orientation&quot;:&quot;landscape&quot;},&quot;medium&quot;:{&quot;height&quot;:188,&quot;width&quot;:300,&quot;url&quot;:&quot;https:\/\/paristouristinformation.fr\/wp-content\/uploads\/2025\/12\/Chateau-de-Chenonceau-Tickets1-300x188.avif&quot;,&quot;orientation&quot;:&quot;landscape&quot;},&quot;large&quot;:{&quot;height&quot;:640,&quot;width&quot;:1024,&quot;url&quot;:&quot;https:\/\/paristouristinformation.fr\/wp-content\/uploads\/2025\/12\/Chateau-de-Chenonceau-Tickets1-1024x640.avif&quot;,&quot;orientation&quot;:&quot;landscape&quot;},&quot;full&quot;:{&quot;url&quot;:&quot;https:\/\/paristouristinformation.fr\/wp-content\/uploads\/2025\/12\/Chateau-de-Chenonceau-Tickets1.avif&quot;,&quot;height&quot;:1000,&quot;width&quot;:1600,&quot;orientation&quot;:&quot;landscape&quot;}}\"><\/span><span><img decoding=\"async\" alt=\"\" data-id=\"16724\" width=\"1600\" height=\"1000\" title=\"Schloss von Chenonceau Tickets\" src=\"https:\/\/paristouristinformation.fr\/wp-content\/uploads\/2025\/12\/Chateau-de-Chenonceau-Tickets2-1024x640.avif\" data-src=\"https:\/\/paristouristinformation.fr\/wp-content\/uploads\/2025\/12\/Chateau-de-Chenonceau-Tickets2-300x188.avif\" loading=\"lazy\" data-sizes=\"{&quot;thumbnail&quot;:{&quot;height&quot;:205,&quot;width&quot;:333,&quot;url&quot;:&quot;https:\/\/paristouristinformation.fr\/wp-content\/uploads\/2025\/12\/Chateau-de-Chenonceau-Tickets2-333x205.avif&quot;,&quot;orientation&quot;:&quot;landscape&quot;},&quot;medium&quot;:{&quot;height&quot;:188,&quot;width&quot;:300,&quot;url&quot;:&quot;https:\/\/paristouristinformation.fr\/wp-content\/uploads\/2025\/12\/Chateau-de-Chenonceau-Tickets2-300x188.avif&quot;,&quot;orientation&quot;:&quot;landscape&quot;},&quot;large&quot;:{&quot;height&quot;:640,&quot;width&quot;:1024,&quot;url&quot;:&quot;https:\/\/paristouristinformation.fr\/wp-content\/uploads\/2025\/12\/Chateau-de-Chenonceau-Tickets2-1024x640.avif&quot;,&quot;orientation&quot;:&quot;landscape&quot;},&quot;full&quot;:{&quot;url&quot;:&quot;https:\/\/paristouristinformation.fr\/wp-content\/uploads\/2025\/12\/Chateau-de-Chenonceau-Tickets2.avif&quot;,&quot;height&quot;:1000,&quot;width&quot;:1600,&quot;orientation&quot;:&quot;landscape&quot;}}\"><\/span><span><img decoding=\"async\" alt=\"\" data-id=\"16725\" width=\"1600\" height=\"1000\" title=\"Schloss von Chenonceau Tickets\" src=\"https:\/\/paristouristinformation.fr\/wp-content\/uploads\/2025\/12\/Chateau-de-Chenonceau-Tickets3-1024x640.avif\" data-src=\"https:\/\/paristouristinformation.fr\/wp-content\/uploads\/2025\/12\/Chateau-de-Chenonceau-Tickets3-300x188.avif\" loading=\"lazy\" data-sizes=\"{&quot;thumbnail&quot;:{&quot;height&quot;:205,&quot;width&quot;:333,&quot;url&quot;:&quot;https:\/\/paristouristinformation.fr\/wp-content\/uploads\/2025\/12\/Chateau-de-Chenonceau-Tickets3-333x205.avif&quot;,&quot;orientation&quot;:&quot;landscape&quot;},&quot;medium&quot;:{&quot;height&quot;:188,&quot;width&quot;:300,&quot;url&quot;:&quot;https:\/\/paristouristinformation.fr\/wp-content\/uploads\/2025\/12\/Chateau-de-Chenonceau-Tickets3-300x188.avif&quot;,&quot;orientation&quot;:&quot;landscape&quot;},&quot;large&quot;:{&quot;height&quot;:640,&quot;width&quot;:1024,&quot;url&quot;:&quot;https:\/\/paristouristinformation.fr\/wp-content\/uploads\/2025\/12\/Chateau-de-Chenonceau-Tickets3-1024x640.avif&quot;,&quot;orientation&quot;:&quot;landscape&quot;},&quot;full&quot;:{&quot;url&quot;:&quot;https:\/\/paristouristinformation.fr\/wp-content\/uploads\/2025\/12\/Chateau-de-Chenonceau-Tickets3.avif&quot;,&quot;height&quot;:1000,&quot;width&quot;:1600,&quot;orientation&quot;:&quot;landscape&quot;}}\"><\/span><span><img decoding=\"async\" alt=\"\" data-id=\"16726\" width=\"1600\" height=\"1000\" title=\"Schloss von Chenonceau Tickets\" src=\"https:\/\/paristouristinformation.fr\/wp-content\/uploads\/2025\/12\/Chateau-de-Chenonceau-Tickets4-1024x640.avif\" data-src=\"https:\/\/paristouristinformation.fr\/wp-content\/uploads\/2025\/12\/Chateau-de-Chenonceau-Tickets4-300x188.avif\" loading=\"lazy\" data-sizes=\"{&quot;thumbnail&quot;:{&quot;height&quot;:205,&quot;width&quot;:333,&quot;url&quot;:&quot;https:\/\/paristouristinformation.fr\/wp-content\/uploads\/2025\/12\/Chateau-de-Chenonceau-Tickets4-333x205.avif&quot;,&quot;orientation&quot;:&quot;landscape&quot;},&quot;medium&quot;:{&quot;height&quot;:188,&quot;width&quot;:300,&quot;url&quot;:&quot;https:\/\/paristouristinformation.fr\/wp-content\/uploads\/2025\/12\/Chateau-de-Chenonceau-Tickets4-300x188.avif&quot;,&quot;orientation&quot;:&quot;landscape&quot;},&quot;large&quot;:{&quot;height&quot;:640,&quot;width&quot;:1024,&quot;url&quot;:&quot;https:\/\/paristouristinformation.fr\/wp-content\/uploads\/2025\/12\/Chateau-de-Chenonceau-Tickets4-1024x640.avif&quot;,&quot;orientation&quot;:&quot;landscape&quot;},&quot;full&quot;:{&quot;url&quot;:&quot;https:\/\/paristouristinformation.fr\/wp-content\/uploads\/2025\/12\/Chateau-de-Chenonceau-Tickets4.avif&quot;,&quot;height&quot;:1000,&quot;width&quot;:1600,&quot;orientation&quot;:&quot;landscape&quot;}}\"><\/span><span><img decoding=\"async\" alt=\"\" data-id=\"16727\" width=\"1600\" height=\"1000\" title=\"Schloss von Chenonceau Tickets\" src=\"https:\/\/paristouristinformation.fr\/wp-content\/uploads\/2025\/12\/Chateau-de-Chenonceau-Tickets5-1024x640.avif\" data-src=\"https:\/\/paristouristinformation.fr\/wp-content\/uploads\/2025\/12\/Chateau-de-Chenonceau-Tickets5-300x188.avif\" loading=\"lazy\" data-sizes=\"{&quot;thumbnail&quot;:{&quot;height&quot;:205,&quot;width&quot;:333,&quot;url&quot;:&quot;https:\/\/paristouristinformation.fr\/wp-content\/uploads\/2025\/12\/Chateau-de-Chenonceau-Tickets5-333x205.avif&quot;,&quot;orientation&quot;:&quot;landscape&quot;},&quot;medium&quot;:{&quot;height&quot;:188,&quot;width&quot;:300,&quot;url&quot;:&quot;https:\/\/paristouristinformation.fr\/wp-content\/uploads\/2025\/12\/Chateau-de-Chenonceau-Tickets5-300x188.avif&quot;,&quot;orientation&quot;:&quot;landscape&quot;},&quot;large&quot;:{&quot;height&quot;:640,&quot;width&quot;:1024,&quot;url&quot;:&quot;https:\/\/paristouristinformation.fr\/wp-content\/uploads\/2025\/12\/Chateau-de-Chenonceau-Tickets5-1024x640.avif&quot;,&quot;orientation&quot;:&quot;landscape&quot;},&quot;full&quot;:{&quot;url&quot;:&quot;https:\/\/paristouristinformation.fr\/wp-content\/uploads\/2025\/12\/Chateau-de-Chenonceau-Tickets5.avif&quot;,&quot;height&quot;:1000,&quot;width&quot;:1600,&quot;orientation&quot;:&quot;landscape&quot;}}\"><\/span><\/p>\n<h1 data-qa-marker=\"product-name\">Tickets f\u00fcr Schloss und G\u00e4rten von Chenonceau<\/h1>\n<h2><a href=\"https:\/\/www.headout.com\/de\/schloss-chenonceau-tickets\/schloss-chenonceau-tickets-e-10504\/?affiliate_code=KXkQ69&amp;utm_campaign=paristidechenonceaucastlesp&amp;utm_content=link&amp;utm_medium=affiliate&amp;utm_source=most_amazing_places\" target=\"_blank\" rel=\"nofollow noopener\" style=\"outline: none;\">Zur Buchung<\/a><\/h2>\n<p style=\"\"><a href=\"https:\/\/www.headout.com\/de\/schloss-chenonceau-tickets\/schloss-chenonceau-tickets-e-10504\/?affiliate_code=KXkQ69&amp;utm_campaign=paristidechenonceaucastlesp&amp;utm_content=link&amp;utm_medium=affiliate&amp;utm_source=most_amazing_places\" target=\"_blank\" rel=\"nofollow noopener\" style=\"outline: none;\">Preis ab<\/a>&nbsp;<\/p>\n<h1><a href=\"https:\/\/www.headout.com\/de\/schloss-chenonceau-tickets\/schloss-chenonceau-tickets-e-10504\/?affiliate_code=KXkQ69&amp;utm_campaign=paristidechenonceaucastlesp&amp;utm_content=link&amp;utm_medium=affiliate&amp;utm_source=most_amazing_places\" target=\"_blank\" rel=\"nofollow noopener\" style=\"outline: none;\" spellcheck=\"false\"><strong>19 \u20ac<br \/><\/strong><\/a><\/h1>\n<p dir=\"ltr\">Erkunden Sie eines der elegantesten Wahrzeichen des Loire-Tals mit Tickets f\u00fcr das Schloss Chenonceau. Genie\u00dfen Sie den Zugang zum <strong>Schloss und den G\u00e4rten,<\/strong> entdecken Sie<strong> k\u00f6nigliche Innenr\u00e4ume<\/strong>, die von einflussreichen Frauen gestaltet wurden, und erkunden Sie das<strong> ikonische Schloss Chenonceau<\/strong> ganz in Ihrem eigenen Tempo.<\/p>\n<ul>\n<li style=\"\"><span>Sorgf\u00e4ltig ausgew\u00e4hltes Ticket<\/span><\/li>\n<li style=\"\"><span>Erforschen Sie in Ihrem eigenen Tempo<\/span><\/li>\n<li style=\"\"><span>Nicht stornierbar<\/span><\/li>\n<\/ul>\n<h2>Inbegriffen<\/h2>\n<ul>\n<li style=\"\">                    <span>Eintritt in das Ch\u00e2teau de Chenonceau<\/span><\/li>\n<li style=\"\">                    <span>Zugang zu den G\u00e4rten<\/span><\/li>\n<li style=\"\">                    <span>Besucherbrosch\u00fcre (18 Sprachen)<\/span><\/li>\n<\/ul>\n<h2>Nicht inbegriffen<\/h2>\n<ul>\n<li style=\"\"><span>Audioguide oder Live-Guide<\/span><\/li>\n<li style=\"\"><span>Reservierte Zeitfensterauswahl<\/span><\/li>\n<\/ul>\n<h2>Wichtige Informationen<\/h2>\n<ul>\n<li><span>Der Umtausch von Gutscheinen gegen eine mit Zeitstempel versehene Eintrittskarte ist bei der Ankunft erforderlich<\/span><\/li>\n<li><span>Kinder unter 7 Jahren haben freien Eintritt<\/span><\/li>\n<li><span>Das Schloss, der Laden, das Restaurant und die Toiletten sind f\u00fcr Rollstuhlfahrer zug\u00e4nglich<\/span><\/li>\n<li><span>Vor dem Betreten des Gel\u00e4ndes ist eine kurze Sicherheits\u00fcberpr\u00fcfung erforderlich<\/span><\/li>\n<li><span>F\u00fcr Blindenhunde ist keine Reservierung erforderlich<\/span><\/li>\n<li><span>Hunde m\u00fcssen in den G\u00e4rten an der Leine gef\u00fchrt werden, und kleine Hunde m\u00fcssen in Waffen oder in einem Korb im Schloss getragen werden.<\/span><\/li>\n<\/ul>\n<h2>Beschreibung:<\/h2>\n<p dir=\"ltr\">Treten Sie ein in das <strong>ikonische Schloss Chenonceau<\/strong>, das sich anmutig \u00fcber den Fluss Cher erstreckt und als das legend\u00e4re Ladies&#8216; Castle bekannt ist. Mit Chateau de Chenonceau-Tickets k\u00f6nnen Sie die raffinierten <strong>k\u00f6niglichen Kammern, die gotische Kapelle, historische K\u00fcchen <\/strong>und <strong>die atemberaubende Galeriebr\u00fccke<\/strong><strong> <\/strong>\u00fcber dem Wasser erkunden.<\/p>\n<p dir=\"ltr\">Schlendern Sie durch die <strong>eleganten<\/strong><strong>G\u00e4rten <\/strong>von Catherine de&#8216; Medici und Diane de Poitiers, gef\u00fcllt mit geometrischen Blumenbeeten und schattigen Gehwegen. Diese selbstgef\u00fchrte<strong> Tour <\/strong>bietet eine entspannte M\u00f6glichkeit, eine der romantischsten Renaissance-Burgen Frankreichs zu erleben.<\/p>\n<h2>H\u00f6hepunkte:<\/h2>\n","protected":false},"excerpt":{"rendered":"<p>Tickets f\u00fcr Schloss und G\u00e4rten von Chenonceau Zur Buchung Preis ab&nbsp; 19 \u20ac Erkunden Sie eines der elegantesten Wahrzeichen des Loire-Tals mit Tickets f\u00fcr das Schloss Chenonceau. Genie\u00dfen Sie den Zugang zum Schloss und den G\u00e4rten, entdecken Sie k\u00f6nigliche Innenr\u00e4ume, die von einflussreichen Frauen gestaltet wurden, und erkunden Sie das ikonische Schloss Chenonceau ganz in [&hellip;]<\/p>\n","protected":false},"author":10,"featured_media":15362,"parent":0,"menu_order":0,"comment_status":"closed","ping_status":"closed","template":"","meta":{"footnotes":""},"tags":[69],"class_list":["post-15361","page","type-page","status-publish","has-post-thumbnail","hentry","tag-sales-pages","post-wrapper","thrv_wrapper"],"wp-worthy-pixel":{"ignored":false,"public":null,"server":null,"url":null},"wp-worthy-type":"normal","_links":{"self":[{"href":"https:\/\/www.paristouristinformation.fr\/de\/wp-json\/wp\/v2\/pages\/15361","targetHints":{"allow":["GET"]}}],"collection":[{"href":"https:\/\/www.paristouristinformation.fr\/de\/wp-json\/wp\/v2\/pages"}],"about":[{"href":"https:\/\/www.paristouristinformation.fr\/de\/wp-json\/wp\/v2\/types\/page"}],"author":[{"embeddable":true,"href":"https:\/\/www.paristouristinformation.fr\/de\/wp-json\/wp\/v2\/users\/10"}],"replies":[{"embeddable":true,"href":"https:\/\/www.paristouristinformation.fr\/de\/wp-json\/wp\/v2\/comments?post=15361"}],"version-history":[{"count":11,"href":"https:\/\/www.paristouristinformation.fr\/de\/wp-json\/wp\/v2\/pages\/15361\/revisions"}],"predecessor-version":[{"id":15863,"href":"https:\/\/www.paristouristinformation.fr\/de\/wp-json\/wp\/v2\/pages\/15361\/revisions\/15863"}],"wp:featuredmedia":[{"embeddable":true,"href":"https:\/\/www.paristouristinformation.fr\/de\/wp-json\/wp\/v2\/media\/15362"}],"wp:attachment":[{"href":"https:\/\/www.paristouristinformation.fr\/de\/wp-json\/wp\/v2\/media?parent=15361"}],"wp:term":[{"taxonomy":"post_tag","embeddable":true,"href":"https:\/\/www.paristouristinformation.fr\/de\/wp-json\/wp\/v2\/tags?post=15361"}],"curies":[{"name":"wp","href":"https:\/\/api.w.org\/{rel}","templated":true}]}}