{"id":15373,"date":"2026-04-08T07:52:34","date_gmt":"2026-04-08T07:52:34","guid":{"rendered":"https:\/\/www.paristouristinformation.fr\/de\/?page_id=15373"},"modified":"2026-04-08T07:55:39","modified_gmt":"2026-04-08T07:55:39","slug":"tickets-fuer-hotel-de-la-marine","status":"publish","type":"page","link":"https:\/\/www.paristouristinformation.fr\/de\/tickets-fuer-hotel-de-la-marine\/","title":{"rendered":"Paris: Tickets f\u00fcr H\u00f4tel de la Marine"},"content":{"rendered":"<p><span><img decoding=\"async\" alt=\"\" data-id=\"16835\" width=\"2082\" height=\"1390\" title=\"Hotel de la Marine Eintrittskarten1\" src=\"https:\/\/paristouristinformation.fr\/wp-content\/uploads\/2025\/12\/Hotel-de-la-Marine-tickets1-1024x684.avif\" data-src=\"https:\/\/paristouristinformation.fr\/wp-content\/uploads\/2025\/12\/Hotel-de-la-Marine-tickets1-300x200.avif\" loading=\"lazy\" data-sizes=\"{&quot;thumbnail&quot;:{&quot;height&quot;:205,&quot;width&quot;:333,&quot;url&quot;:&quot;https:\/\/paristouristinformation.fr\/wp-content\/uploads\/2025\/12\/Hotel-de-la-Marine-tickets1-333x205.avif&quot;,&quot;orientation&quot;:&quot;landscape&quot;},&quot;medium&quot;:{&quot;height&quot;:200,&quot;width&quot;:300,&quot;url&quot;:&quot;https:\/\/paristouristinformation.fr\/wp-content\/uploads\/2025\/12\/Hotel-de-la-Marine-tickets1-300x200.avif&quot;,&quot;orientation&quot;:&quot;landscape&quot;},&quot;large&quot;:{&quot;height&quot;:684,&quot;width&quot;:1024,&quot;url&quot;:&quot;https:\/\/paristouristinformation.fr\/wp-content\/uploads\/2025\/12\/Hotel-de-la-Marine-tickets1-1024x684.avif&quot;,&quot;orientation&quot;:&quot;landscape&quot;},&quot;full&quot;:{&quot;url&quot;:&quot;https:\/\/paristouristinformation.fr\/wp-content\/uploads\/2025\/12\/Hotel-de-la-Marine-tickets1.avif&quot;,&quot;height&quot;:1390,&quot;width&quot;:2082,&quot;orientation&quot;:&quot;landscape&quot;}}\"><\/span><span><img decoding=\"async\" alt=\"\" data-id=\"16836\" width=\"2086\" height=\"1390\" title=\"Hotel de la Marine Tickets2\" src=\"https:\/\/paristouristinformation.fr\/wp-content\/uploads\/2025\/12\/Hotel-de-la-Marine-tickets2-1024x682.avif\" data-src=\"https:\/\/paristouristinformation.fr\/wp-content\/uploads\/2025\/12\/Hotel-de-la-Marine-tickets2-300x200.avif\" loading=\"lazy\" data-sizes=\"{&quot;thumbnail&quot;:{&quot;height&quot;:205,&quot;width&quot;:333,&quot;url&quot;:&quot;https:\/\/paristouristinformation.fr\/wp-content\/uploads\/2025\/12\/Hotel-de-la-Marine-tickets2-333x205.avif&quot;,&quot;orientation&quot;:&quot;landscape&quot;},&quot;medium&quot;:{&quot;height&quot;:200,&quot;width&quot;:300,&quot;url&quot;:&quot;https:\/\/paristouristinformation.fr\/wp-content\/uploads\/2025\/12\/Hotel-de-la-Marine-tickets2-300x200.avif&quot;,&quot;orientation&quot;:&quot;landscape&quot;},&quot;large&quot;:{&quot;height&quot;:682,&quot;width&quot;:1024,&quot;url&quot;:&quot;https:\/\/paristouristinformation.fr\/wp-content\/uploads\/2025\/12\/Hotel-de-la-Marine-tickets2-1024x682.avif&quot;,&quot;orientation&quot;:&quot;landscape&quot;},&quot;full&quot;:{&quot;url&quot;:&quot;https:\/\/paristouristinformation.fr\/wp-content\/uploads\/2025\/12\/Hotel-de-la-Marine-tickets2.avif&quot;,&quot;height&quot;:1390,&quot;width&quot;:2086,&quot;orientation&quot;:&quot;landscape&quot;}}\"><\/span><span><img decoding=\"async\" alt=\"\" data-id=\"16837\" width=\"2086\" height=\"1390\" title=\"Hotel de la Marine Tickets3\" src=\"https:\/\/paristouristinformation.fr\/wp-content\/uploads\/2025\/12\/Hotel-de-la-Marine-tickets3-1024x682.avif\" data-src=\"https:\/\/paristouristinformation.fr\/wp-content\/uploads\/2025\/12\/Hotel-de-la-Marine-tickets3-300x200.avif\" loading=\"lazy\" data-sizes=\"{&quot;thumbnail&quot;:{&quot;height&quot;:205,&quot;width&quot;:333,&quot;url&quot;:&quot;https:\/\/paristouristinformation.fr\/wp-content\/uploads\/2025\/12\/Hotel-de-la-Marine-tickets3-333x205.avif&quot;,&quot;orientation&quot;:&quot;landscape&quot;},&quot;medium&quot;:{&quot;height&quot;:200,&quot;width&quot;:300,&quot;url&quot;:&quot;https:\/\/paristouristinformation.fr\/wp-content\/uploads\/2025\/12\/Hotel-de-la-Marine-tickets3-300x200.avif&quot;,&quot;orientation&quot;:&quot;landscape&quot;},&quot;large&quot;:{&quot;height&quot;:682,&quot;width&quot;:1024,&quot;url&quot;:&quot;https:\/\/paristouristinformation.fr\/wp-content\/uploads\/2025\/12\/Hotel-de-la-Marine-tickets3-1024x682.avif&quot;,&quot;orientation&quot;:&quot;landscape&quot;},&quot;full&quot;:{&quot;url&quot;:&quot;https:\/\/paristouristinformation.fr\/wp-content\/uploads\/2025\/12\/Hotel-de-la-Marine-tickets3.avif&quot;,&quot;height&quot;:1390,&quot;width&quot;:2086,&quot;orientation&quot;:&quot;landscape&quot;}}\"><\/span><span><img decoding=\"async\" alt=\"\" data-id=\"16838\" width=\"2086\" height=\"1390\" title=\"Hotel de la Marine Tickets4\" src=\"https:\/\/paristouristinformation.fr\/wp-content\/uploads\/2025\/12\/Hotel-de-la-Marine-tickets4-1024x682.avif\" data-src=\"https:\/\/paristouristinformation.fr\/wp-content\/uploads\/2025\/12\/Hotel-de-la-Marine-tickets4-300x200.avif\" loading=\"lazy\" data-sizes=\"{&quot;thumbnail&quot;:{&quot;height&quot;:205,&quot;width&quot;:333,&quot;url&quot;:&quot;https:\/\/paristouristinformation.fr\/wp-content\/uploads\/2025\/12\/Hotel-de-la-Marine-tickets4-333x205.avif&quot;,&quot;orientation&quot;:&quot;landscape&quot;},&quot;medium&quot;:{&quot;height&quot;:200,&quot;width&quot;:300,&quot;url&quot;:&quot;https:\/\/paristouristinformation.fr\/wp-content\/uploads\/2025\/12\/Hotel-de-la-Marine-tickets4-300x200.avif&quot;,&quot;orientation&quot;:&quot;landscape&quot;},&quot;large&quot;:{&quot;height&quot;:682,&quot;width&quot;:1024,&quot;url&quot;:&quot;https:\/\/paristouristinformation.fr\/wp-content\/uploads\/2025\/12\/Hotel-de-la-Marine-tickets4-1024x682.avif&quot;,&quot;orientation&quot;:&quot;landscape&quot;},&quot;full&quot;:{&quot;url&quot;:&quot;https:\/\/paristouristinformation.fr\/wp-content\/uploads\/2025\/12\/Hotel-de-la-Marine-tickets4.avif&quot;,&quot;height&quot;:1390,&quot;width&quot;:2086,&quot;orientation&quot;:&quot;landscape&quot;}}\"><\/span><span><img decoding=\"async\" alt=\"\" data-id=\"16839\" width=\"2086\" height=\"1390\" title=\"H\u00f4tel de la Marine Eintrittskarten5\" src=\"https:\/\/paristouristinformation.fr\/wp-content\/uploads\/2025\/12\/Hotel-de-la-Marine-tickets5-1024x682.avif\" data-src=\"https:\/\/paristouristinformation.fr\/wp-content\/uploads\/2025\/12\/Hotel-de-la-Marine-tickets5-300x200.avif\" loading=\"lazy\" data-sizes=\"{&quot;thumbnail&quot;:{&quot;height&quot;:205,&quot;width&quot;:333,&quot;url&quot;:&quot;https:\/\/paristouristinformation.fr\/wp-content\/uploads\/2025\/12\/Hotel-de-la-Marine-tickets5-333x205.avif&quot;,&quot;orientation&quot;:&quot;landscape&quot;},&quot;medium&quot;:{&quot;height&quot;:200,&quot;width&quot;:300,&quot;url&quot;:&quot;https:\/\/paristouristinformation.fr\/wp-content\/uploads\/2025\/12\/Hotel-de-la-Marine-tickets5-300x200.avif&quot;,&quot;orientation&quot;:&quot;landscape&quot;},&quot;large&quot;:{&quot;height&quot;:682,&quot;width&quot;:1024,&quot;url&quot;:&quot;https:\/\/paristouristinformation.fr\/wp-content\/uploads\/2025\/12\/Hotel-de-la-Marine-tickets5-1024x682.avif&quot;,&quot;orientation&quot;:&quot;landscape&quot;},&quot;full&quot;:{&quot;url&quot;:&quot;https:\/\/paristouristinformation.fr\/wp-content\/uploads\/2025\/12\/Hotel-de-la-Marine-tickets5.avif&quot;,&quot;height&quot;:1390,&quot;width&quot;:2086,&quot;orientation&quot;:&quot;landscape&quot;}}\"><\/span><span><img decoding=\"async\" alt=\"\" data-id=\"16840\" width=\"2086\" height=\"1390\" title=\"H\u00f4tel de la Marine Tickets6\" src=\"https:\/\/paristouristinformation.fr\/wp-content\/uploads\/2025\/12\/Hotel-de-la-Marine-tickets6-1024x682.avif\" data-src=\"https:\/\/paristouristinformation.fr\/wp-content\/uploads\/2025\/12\/Hotel-de-la-Marine-tickets6-300x200.avif\" loading=\"lazy\" data-sizes=\"{&quot;thumbnail&quot;:{&quot;height&quot;:205,&quot;width&quot;:333,&quot;url&quot;:&quot;https:\/\/paristouristinformation.fr\/wp-content\/uploads\/2025\/12\/Hotel-de-la-Marine-tickets6-333x205.avif&quot;,&quot;orientation&quot;:&quot;landscape&quot;},&quot;medium&quot;:{&quot;height&quot;:200,&quot;width&quot;:300,&quot;url&quot;:&quot;https:\/\/paristouristinformation.fr\/wp-content\/uploads\/2025\/12\/Hotel-de-la-Marine-tickets6-300x200.avif&quot;,&quot;orientation&quot;:&quot;landscape&quot;},&quot;large&quot;:{&quot;height&quot;:682,&quot;width&quot;:1024,&quot;url&quot;:&quot;https:\/\/paristouristinformation.fr\/wp-content\/uploads\/2025\/12\/Hotel-de-la-Marine-tickets6-1024x682.avif&quot;,&quot;orientation&quot;:&quot;landscape&quot;},&quot;full&quot;:{&quot;url&quot;:&quot;https:\/\/paristouristinformation.fr\/wp-content\/uploads\/2025\/12\/Hotel-de-la-Marine-tickets6.avif&quot;,&quot;height&quot;:1390,&quot;width&quot;:2086,&quot;orientation&quot;:&quot;landscape&quot;}}\"><\/span><span><img decoding=\"async\" alt=\"\" data-id=\"16841\" width=\"1738\" height=\"1390\" title=\"H\u00f4tel de la Marine Tickets7\" src=\"https:\/\/paristouristinformation.fr\/wp-content\/uploads\/2025\/12\/Hotel-de-la-Marine-tickets7-1024x819.avif\" data-src=\"https:\/\/paristouristinformation.fr\/wp-content\/uploads\/2025\/12\/Hotel-de-la-Marine-tickets7-300x240.avif\" loading=\"lazy\" data-sizes=\"{&quot;thumbnail&quot;:{&quot;height&quot;:205,&quot;width&quot;:333,&quot;url&quot;:&quot;https:\/\/paristouristinformation.fr\/wp-content\/uploads\/2025\/12\/Hotel-de-la-Marine-tickets7-333x205.avif&quot;,&quot;orientation&quot;:&quot;landscape&quot;},&quot;medium&quot;:{&quot;height&quot;:240,&quot;width&quot;:300,&quot;url&quot;:&quot;https:\/\/paristouristinformation.fr\/wp-content\/uploads\/2025\/12\/Hotel-de-la-Marine-tickets7-300x240.avif&quot;,&quot;orientation&quot;:&quot;landscape&quot;},&quot;large&quot;:{&quot;height&quot;:819,&quot;width&quot;:1024,&quot;url&quot;:&quot;https:\/\/paristouristinformation.fr\/wp-content\/uploads\/2025\/12\/Hotel-de-la-Marine-tickets7-1024x819.avif&quot;,&quot;orientation&quot;:&quot;landscape&quot;},&quot;full&quot;:{&quot;url&quot;:&quot;https:\/\/paristouristinformation.fr\/wp-content\/uploads\/2025\/12\/Hotel-de-la-Marine-tickets7.avif&quot;,&quot;height&quot;:1390,&quot;width&quot;:1738,&quot;orientation&quot;:&quot;landscape&quot;}}\"><\/span><span><img decoding=\"async\" alt=\"\" data-id=\"16842\" width=\"2082\" height=\"1390\" title=\"H\u00f4tel de la Marine Eintrittskarten8\" src=\"https:\/\/paristouristinformation.fr\/wp-content\/uploads\/2025\/12\/Hotel-de-la-Marine-tickets8-1024x684.avif\" data-src=\"https:\/\/paristouristinformation.fr\/wp-content\/uploads\/2025\/12\/Hotel-de-la-Marine-tickets8-300x200.avif\" loading=\"lazy\" data-sizes=\"{&quot;thumbnail&quot;:{&quot;height&quot;:205,&quot;width&quot;:333,&quot;url&quot;:&quot;https:\/\/paristouristinformation.fr\/wp-content\/uploads\/2025\/12\/Hotel-de-la-Marine-tickets8-333x205.avif&quot;,&quot;orientation&quot;:&quot;landscape&quot;},&quot;medium&quot;:{&quot;height&quot;:200,&quot;width&quot;:300,&quot;url&quot;:&quot;https:\/\/paristouristinformation.fr\/wp-content\/uploads\/2025\/12\/Hotel-de-la-Marine-tickets8-300x200.avif&quot;,&quot;orientation&quot;:&quot;landscape&quot;},&quot;large&quot;:{&quot;height&quot;:684,&quot;width&quot;:1024,&quot;url&quot;:&quot;https:\/\/paristouristinformation.fr\/wp-content\/uploads\/2025\/12\/Hotel-de-la-Marine-tickets8-1024x684.avif&quot;,&quot;orientation&quot;:&quot;landscape&quot;},&quot;full&quot;:{&quot;url&quot;:&quot;https:\/\/paristouristinformation.fr\/wp-content\/uploads\/2025\/12\/Hotel-de-la-Marine-tickets8.avif&quot;,&quot;height&quot;:1390,&quot;width&quot;:2082,&quot;orientation&quot;:&quot;landscape&quot;}}\"><\/span><\/p>\n<h1 dir=\"ltr\">Paris: Eintrittskarte f\u00fcr das H\u00f4tel de la Marine<\/h1>\n<h2><a href=\"https:\/\/www.tiqets.com\/things-to-do-in-paris-c66746\/tickets-for-hotel-de-la-marine-p1014910\/?partner=paristouristinformation&amp;tq_campaign=HotelDeLaMarineGttd\" target=\"_blank\" rel=\"nofollow noopener\" style=\"outline: none;\"><\/a><a href=\"https:\/\/www.tiqets.com\/things-to-do-in-paris-c66746\/tickets-for-hotel-de-la-marine-p1014910\/?partner=paristouristinformation&amp;tq_campaign=HotelDeLaMarineDeSP\" rel=\"nofollow noopener\" spellcheck=\"false\" target=\"_blank\" style=\"outline: none;\">Zur Buchung<\/a><\/h2>\n<h1><a href=\"https:\/\/www.tiqets.com\/things-to-do-in-paris-c66746\/tickets-for-hotel-de-la-marine-p1014910\/?partner=paristouristinformation&amp;tq_campaign=HotelDeLaMarineDeSP\" target=\"_blank\" rel=\"nofollow noopener\" style=\"outline: none;\" spellcheck=\"false\"><span style=\"font-weight: normal;\">Ab 9,00<\/span><strong> \u20ac<\/strong><\/a><\/h1>\n<p dir=\"ltr\">Entdecken Sie eines der raffiniertesten Wahrzeichen von Paris mit <strong>H\u00f4tel de la Marine<\/strong>&#8211;<strong>Tickets<\/strong>, einschlie\u00dflich Zugang zu historischen Salons und der <strong>Al Thani Collection<\/strong>. Genie\u00dfen Sie einen selbstgef\u00fchrten Besuch mit einem ausf\u00fchrlichen Audioguide in einer Umgebung voller Kunst, Eleganz und Jahrhunderte der Geschichte.&nbsp;<\/p>\n<ul>\n<li style=\"\"><!--! Font Awesome Free 6.7.1 by @fontawesome - https:\/\/fontawesome.com License - https:\/\/fontawesome.com\/license\/free (Icons: CC BY 4.0, Fonts: SIL OFL 1.1, Code: MIT License) Copyright 2024 Fonticons, Inc. --><span style=\"\">Mobile Tickets<\/span><\/li>\n<li style=\"\"><!--! Font Awesome Free 6.7.1 by @fontawesome - https:\/\/fontawesome.com License - https:\/\/fontawesome.com\/license\/free (Icons: CC BY 4.0, Fonts: SIL OFL 1.1, Code: MIT License) Copyright 2024 Fonticons, Inc. --><span style=\"\">Sofortige Best\u00e4tigung<\/span><\/li>\n<li style=\"\"><span style=\"\">Audioguide<\/span><\/li>\n<li style=\"\"><span style=\"\">Kostenlose Stornierung<\/span><\/li>\n<\/ul>\n<h2>Inbegriffen<\/h2>\n<ul>\n<li style=\"\">                    <span>Eintritt ins H\u00f4tel de la Marine<\/span><\/li>\n<li style=\"\">                    <span>Zugang zu den Empfangsr\u00e4umen aus dem 19. Jahrhundert und der Loggia<\/span><\/li>\n<li style=\"\">                    <span>Der Confidant-Audioguide f\u00fcr ein selbstgef\u00fchrtes Erlebnis<\/span><\/li>\n<li style=\"\">                    <span>Eintritt in die Ausstellungsgalerien der Al Thani Collection<\/span><\/li>\n<\/ul>\n<h2>Nicht inbegriffen<\/h2>\n<ul>\n<li style=\"\"><span>Zugang zu den Wohnungen des Intendanten<\/span><\/li>\n<\/ul>\n<h2>Wichtige Informationen<\/h2>\n<ul>\n<li style=\"\"><span>Letzter Einlass ist eine Stunde vor Schlie\u00dfung<\/span><\/li>\n<li><span>Gro\u00dfe Koffer, \u00fcbergro\u00dfe Taschen und Kinderwagen sind nicht erlaubt<\/span><\/li>\n<li><span>Am 2. Juli schlie\u00dft der Standort um 18:30 Uhr; der letzte Eintritt in die Al Thani Collection ist um 16:00 Uhr<\/span><\/li>\n<li><span>Die Garderobe ist derzeit nicht verf\u00fcgbar<\/span><\/li>\n<li><span>Um Menschenmassen zu vermeiden, vermeiden Sie Besuche zwischen 10:30\u201311:30 Uhr und 14:30\u201316:30 Uhr<\/span><\/li>\n<\/ul>\n<h2>Beschreibung:<\/h2>\n<p dir=\"ltr\">Das <strong>Hotel de la Marine <\/strong>liegt am legend\u00e4ren Place de la Concorde und bietet einen seltenen Einblick in mehr als 250 Jahre franz\u00f6sische Geschichte.<strong> Einst beherbergte es k\u00f6nigliche Sammlungen <\/strong>und diente sp\u00e4ter als <strong>Marineministerium<\/strong>, wurde dieses Wahrzeichen 2021 nach einer sorgf\u00e4ltigen Restaurierung wiederer\u00f6ffnet.<\/p>\n<p dir=\"ltr\">Mit <strong>H\u00f4tel de la Marine<\/strong>&#8211;<strong>Tickets <\/strong>k\u00f6nnen Besucher elegante Salons, kunstvolles Dekor und Panoramablick von der Loggia aus erkunden. Das Erlebnis wird durch die <strong>Al Thani-Kollektion <\/strong>aufgewertet, die au\u00dfergew\u00f6hnliche Kunstwerke enth\u00e4lt, die von alten Zivilisationen bis hin zu zeitgen\u00f6ssischen Meisterwerken reichen.<\/p>\n<h2>H\u00f6hepunkte:<\/h2>\n<ul>\n<li dir=\"ltr\"><strong>Besuchen Sie ein wundersch\u00f6n restauriertes<\/strong> Pariser Denkmal aus dem 18. Jahrhundert<\/li>\n<li dir=\"ltr\"><strong>Entdecken Sie gro\u00dfe Empfangsr\u00e4ume <\/strong>und raffinierte historische Lounges<\/li>\n<li dir=\"ltr\"><strong>Genie\u00dfen Sie eine flexible selbstgef\u00fchrte Tour <\/strong>mit einem Audioguide<\/li>\n<li dir=\"ltr\"><strong>Bewundern Sie Meisterwerke <\/strong>aus einer der renommiertesten Privatsammlungen der Welt<\/li>\n<li dir=\"ltr\"><strong>Erleben Sie Kunst <\/strong>von der Antike bis zur Neuzeit in einem Rahmen<\/li>\n<li dir=\"ltr\"><strong>Genie\u00dfen Sie die Aussicht <\/strong>auf den Place de la Concorde<\/li>\n<\/ul>\n<h2>Hotel de la Marine<\/h2>\n<h2>Stornierungsrichtlinien<\/h2>\n<p>Diese Tickets k\u00f6nnen bis 23:59 Uhr am Tag vor Ihrem Besuch storniert oder verschoben werden.<\/p>\n<h2>Treffpunkt &amp; Anleitung<\/h2>\n<p dir=\"ltr\">Zeigen Sie Ihr Smartphone-Ticket direkt am Eingang des H\u00f4tel de la Marine vor. Kommen Sie etwas fr\u00fcher an, um Zeit f\u00fcr Sicherheitskontrollen zu haben.<\/p>\n<p><a href=\"https:\/\/maps.app.goo.gl\/Ri6kMPZPU7S8rywB9\" style=\"outline: none;\" data-lt-tmp-id=\"lt-755238\" spellcheck=\"false\" target=\"_blank\" rel=\"nofollow noopener\">In Karten \u00f6ffnen<\/a><\/p>\n<h2>Bewertungen<\/h2>\n<p><strong>4.6\/5 <\/strong><strong>(1.020 Bewertungen)<\/strong><\/p>\n<p dir=\"ltr\"><em>,,Sch\u00f6ne Ausstellung und gut kuratiert. Ich brauche auch keine Stunden und Stunden, also sch\u00f6ne angenehme zwei Stunden. Ich bin zweimal um ihn herumgegangen, nur um die historischen Fakten hinter den St\u00fccken zu verdauen<\/em><em>&#8220; <\/em>Sonita, April 2025 <a href=\"https:\/\/www.tiqets.com\/things-to-do-in-paris-c66746\/tickets-for-hotel-de-la-marine-p1014910\/?partner=paristouristinformation&amp;tq_campaign=HotelDeLaMarineDeSP\" target=\"_blank\" rel=\"nofollow noopener\" data-lt-tmp-id=\"lt-756760\" spellcheck=\"false\" style=\"outline: none;\">&gt;&gt; Weitere Bewertungen anzeigen<\/a><\/p>\n<h2>Weitere Aktivit\u00e4ten, die Ihnen gefallen k\u00f6nnten<\/h2>\n<p><span>#2<\/span><span>#2<\/span><span><img decoding=\"async\" alt=\"\" data-id=\"16843\" width=\"159\" data-init-width=\"1600\" height=\"99\" data-init-height=\"1000\" title=\"Combo (Sparen Sie 5%) Panth\u00e9on &amp; Hotel de la Marine Eintrittstickets\" loading=\"lazy\" src=\"https:\/\/paristouristinformation.fr\/wp-content\/uploads\/2025\/12\/Combo-Save-5-Pantheon-Hotel-de-la-Marine-Entry-Tickets.avif\" data-width=\"159\" data-height=\"99\" style=\"aspect-ratio: auto 1600 \/ 1000;\"><\/span><\/p>\n<table>\n<tbody>\n<tr>\n<td><a href=\"https:\/\/www.headout.com\/de\/paris-pantheon-tickets\/kombitickets-pantheon-hotel-de-la-marine-e-39343\/?affiliate_code=KXkQ69&amp;utm_campaign=hoteldelamarinedesp2&amp;utm_content=link&amp;utm_medium=affiliate&amp;utm_source=most_amazing_places\" target=\"_blank\" rel=\"nofollow noopener\" style=\"outline: none;\" spellcheck=\"false\"><span data-v-f40aa250=\"\"><span data-v-f40aa250=\"\">Combo: Eintrittskarten f\u00fcr Panth\u00e9on &amp; Hotel de la Marine<\/span><\/span><\/a><\/td>\n<\/tr>\n<\/tbody>\n<\/table>\n<p dir=\"ltr\">Sparen Sie mit diesem Kombiticket und erkunden Sie zwei der ber\u00fchmtesten Wahrzeichen von Paris in einem nahtlosen Besuch. Entdecken Sie das historische Panth\u00e9on und das elegante H\u00f4tel de la Marine mit flexiblem Eingang und reichhaltigen kulturellen Erlebnissen.<\/p>\n<h3 style=\"\">Gesamtpreis<\/h3>\n<h3 style=\"\">Ihr Konto wird noch nicht belastet.<\/h3>\n<p><span>#2<\/span><span><img decoding=\"async\" alt=\"\" data-id=\"16845\" width=\"159\" data-init-width=\"1600\" height=\"99\" data-init-height=\"1000\" title=\"Combo (11%) P\u00e8re Lachaise Audio Guided Tour + Orsay Museum mit Audioguide\" loading=\"lazy\" src=\"https:\/\/paristouristinformation.fr\/wp-content\/uploads\/2025\/12\/Combo-Save-11-Pere-Lachaise-Audio-Guided-Tour-Orsay-Museum-with-Audio-guide.avif\" data-width=\"159\" data-height=\"99\" style=\"aspect-ratio: auto 1600 \/ 1000;\"><\/span><\/p>\n<table>\n<tbody>\n<tr>\n<td><a href=\"https:\/\/www.headout.com\/de\/friedhof-pere-lachaise\/kombitickets-pere-lachaise-audiotour-musee-dorsay-mit-audioguide-e-35905\/?affiliate_code=KXkQ69&amp;utm_campaign=hoteldelamarinedesp3&amp;utm_content=link&amp;utm_medium=affiliate&amp;utm_source=most_amazing_places\" target=\"_blank\" rel=\"nofollow noopener\" style=\"outline: none;\" data-lt-tmp-id=\"lt-357511\" spellcheck=\"false\"><span data-v-f40aa250=\"\"><span data-v-f40aa250=\"\">Combo: P\u00e8re Lachaise Audio-F\u00fchrung + Orsay-Museum mit Audioguide<\/span><\/span><\/a><\/td>\n<\/tr>\n<\/tbody>\n<\/table>\n<p>Sparen Sie mit dieser kulturgeladenen Kombination und erkunden Sie Paris in Ihrem eigenen Tempo. Entdecken Sie die Geschichten des Friedhofs P\u00e8re Lachaise mit einem Audioguide und genie\u00dfen Sie dann erstklassige Meisterwerke im Mus\u00e9e d&#8217;Orsay mit immersiven Kommentaren.<\/p>\n<h3 style=\"\">Gesamtpreis<\/h3>\n<h3 style=\"\">Ihr Konto wird noch nicht belastet.<\/h3>\n<p><\/p>\n<h2><a href=\"https:\/\/www.tiqets.com\/things-to-do-in-paris-c66746\/tickets-for-hotel-de-la-marine-p1014910\/?partner=paristouristinformation&amp;tq_campaign=HotelDeLaMarineDeSP\" target=\"_blank\" rel=\"nofollow noopener\" style=\"outline: none;\" spellcheck=\"false\">Zur Buchung<\/a><\/h2>\n<h1><a href=\"https:\/\/www.tiqets.com\/things-to-do-in-paris-c66746\/tickets-for-hotel-de-la-marine-p1014910\/?partner=paristouristinformation&amp;tq_campaign=HotelDeLaMarineDeSP\" target=\"_blank\" rel=\"nofollow noopener\" style=\"outline: none;\" spellcheck=\"false\"><span style=\"font-weight: normal;\">Ab <\/span>9<strong>,00 \u20ac<\/strong><\/a><\/h1>\n<p style=\"\">Ihr Konto wird noch nicht belastet.<\/p>\n","protected":false},"excerpt":{"rendered":"<p>Paris: Eintrittskarte f\u00fcr das H\u00f4tel de la Marine Zur Buchung Ab 9,00 \u20ac Entdecken Sie eines der raffiniertesten Wahrzeichen von Paris mit H\u00f4tel de la Marine&#8211;Tickets, einschlie\u00dflich Zugang zu historischen Salons und der Al Thani Collection. Genie\u00dfen Sie einen selbstgef\u00fchrten Besuch mit einem ausf\u00fchrlichen Audioguide in einer Umgebung voller Kunst, Eleganz und Jahrhunderte der Geschichte.&nbsp; [&hellip;]<\/p>\n","protected":false},"author":10,"featured_media":15374,"parent":0,"menu_order":0,"comment_status":"closed","ping_status":"closed","template":"","meta":{"footnotes":""},"tags":[69],"class_list":["post-15373","page","type-page","status-publish","has-post-thumbnail","hentry","tag-sales-pages","post-wrapper","thrv_wrapper"],"wp-worthy-pixel":{"ignored":false,"public":null,"server":null,"url":null},"wp-worthy-type":"normal","_links":{"self":[{"href":"https:\/\/www.paristouristinformation.fr\/de\/wp-json\/wp\/v2\/pages\/15373","targetHints":{"allow":["GET"]}}],"collection":[{"href":"https:\/\/www.paristouristinformation.fr\/de\/wp-json\/wp\/v2\/pages"}],"about":[{"href":"https:\/\/www.paristouristinformation.fr\/de\/wp-json\/wp\/v2\/types\/page"}],"author":[{"embeddable":true,"href":"https:\/\/www.paristouristinformation.fr\/de\/wp-json\/wp\/v2\/users\/10"}],"replies":[{"embeddable":true,"href":"https:\/\/www.paristouristinformation.fr\/de\/wp-json\/wp\/v2\/comments?post=15373"}],"version-history":[{"count":10,"href":"https:\/\/www.paristouristinformation.fr\/de\/wp-json\/wp\/v2\/pages\/15373\/revisions"}],"predecessor-version":[{"id":15868,"href":"https:\/\/www.paristouristinformation.fr\/de\/wp-json\/wp\/v2\/pages\/15373\/revisions\/15868"}],"wp:featuredmedia":[{"embeddable":true,"href":"https:\/\/www.paristouristinformation.fr\/de\/wp-json\/wp\/v2\/media\/15374"}],"wp:attachment":[{"href":"https:\/\/www.paristouristinformation.fr\/de\/wp-json\/wp\/v2\/media?parent=15373"}],"wp:term":[{"taxonomy":"post_tag","embeddable":true,"href":"https:\/\/www.paristouristinformation.fr\/de\/wp-json\/wp\/v2\/tags?post=15373"}],"curies":[{"name":"wp","href":"https:\/\/api.w.org\/{rel}","templated":true}]}}