{"id":15384,"date":"2026-04-08T08:08:15","date_gmt":"2026-04-08T08:08:15","guid":{"rendered":"https:\/\/www.paristouristinformation.fr\/de\/?page_id=15384"},"modified":"2026-04-08T08:14:12","modified_gmt":"2026-04-08T08:14:12","slug":"bourse-de-commerce-tickets","status":"publish","type":"page","link":"https:\/\/www.paristouristinformation.fr\/de\/bourse-de-commerce-tickets\/","title":{"rendered":"Bourse de Commerce Tickets &#8211; Pinault Collection: Zeitlich begrenzter Eintritt"},"content":{"rendered":"<p><span><img decoding=\"async\" alt=\"Eintrittskarten f\u00fcr die Handelsb\u00f6rse\" data-id=\"16875\" width=\"1853\" height=\"1390\" title=\"Eintrittskarten f\u00fcr die Handelsb\u00f6rse\" src=\"https:\/\/paristouristinformation.fr\/wp-content\/uploads\/2025\/12\/Bourse-de-Commerce-tickets1-1024x768.avif\" data-src=\"https:\/\/paristouristinformation.fr\/wp-content\/uploads\/2025\/12\/Bourse-de-Commerce-tickets1-300x225.avif\" loading=\"lazy\" data-sizes=\"{&quot;thumbnail&quot;:{&quot;height&quot;:205,&quot;width&quot;:333,&quot;url&quot;:&quot;https:\/\/paristouristinformation.fr\/wp-content\/uploads\/2025\/12\/Bourse-de-Commerce-tickets1-333x205.avif&quot;,&quot;orientation&quot;:&quot;landscape&quot;},&quot;medium&quot;:{&quot;height&quot;:225,&quot;width&quot;:300,&quot;url&quot;:&quot;https:\/\/paristouristinformation.fr\/wp-content\/uploads\/2025\/12\/Bourse-de-Commerce-tickets1-300x225.avif&quot;,&quot;orientation&quot;:&quot;landscape&quot;},&quot;large&quot;:{&quot;height&quot;:768,&quot;width&quot;:1024,&quot;url&quot;:&quot;https:\/\/paristouristinformation.fr\/wp-content\/uploads\/2025\/12\/Bourse-de-Commerce-tickets1-1024x768.avif&quot;,&quot;orientation&quot;:&quot;landscape&quot;},&quot;full&quot;:{&quot;url&quot;:&quot;https:\/\/paristouristinformation.fr\/wp-content\/uploads\/2025\/12\/Bourse-de-Commerce-tickets1.avif&quot;,&quot;height&quot;:1390,&quot;width&quot;:1853,&quot;orientation&quot;:&quot;landscape&quot;}}\"><\/span><span><img decoding=\"async\" alt=\"\" data-id=\"16876\" width=\"927\" height=\"1390\" title=\"Eintrittskarten f\u00fcr die Handelsb\u00f6rse2\" src=\"https:\/\/paristouristinformation.fr\/wp-content\/uploads\/2025\/12\/Bourse-de-Commerce-tickets2-683x1024.avif\" data-src=\"https:\/\/paristouristinformation.fr\/wp-content\/uploads\/2025\/12\/Bourse-de-Commerce-tickets2-200x300.avif\" loading=\"lazy\" data-sizes=\"{&quot;thumbnail&quot;:{&quot;height&quot;:205,&quot;width&quot;:333,&quot;url&quot;:&quot;https:\/\/paristouristinformation.fr\/wp-content\/uploads\/2025\/12\/Bourse-de-Commerce-tickets2-333x205.avif&quot;,&quot;orientation&quot;:&quot;landscape&quot;},&quot;medium&quot;:{&quot;height&quot;:300,&quot;width&quot;:200,&quot;url&quot;:&quot;https:\/\/paristouristinformation.fr\/wp-content\/uploads\/2025\/12\/Bourse-de-Commerce-tickets2-200x300.avif&quot;,&quot;orientation&quot;:&quot;portrait&quot;},&quot;large&quot;:{&quot;height&quot;:1024,&quot;width&quot;:683,&quot;url&quot;:&quot;https:\/\/paristouristinformation.fr\/wp-content\/uploads\/2025\/12\/Bourse-de-Commerce-tickets2-683x1024.avif&quot;,&quot;orientation&quot;:&quot;portrait&quot;},&quot;full&quot;:{&quot;url&quot;:&quot;https:\/\/paristouristinformation.fr\/wp-content\/uploads\/2025\/12\/Bourse-de-Commerce-tickets2.avif&quot;,&quot;height&quot;:1390,&quot;width&quot;:927,&quot;orientation&quot;:&quot;portrait&quot;}}\"><\/span><span><img decoding=\"async\" alt=\"\" data-id=\"16877\" width=\"1043\" height=\"1390\" title=\"Handelsb\u00f6rse Tickets3\" src=\"https:\/\/paristouristinformation.fr\/wp-content\/uploads\/2025\/12\/Bourse-de-Commerce-tickets3-768x1024.avif\" data-src=\"https:\/\/paristouristinformation.fr\/wp-content\/uploads\/2025\/12\/Bourse-de-Commerce-tickets3-225x300.avif\" loading=\"lazy\" data-sizes=\"{&quot;thumbnail&quot;:{&quot;height&quot;:205,&quot;width&quot;:333,&quot;url&quot;:&quot;https:\/\/paristouristinformation.fr\/wp-content\/uploads\/2025\/12\/Bourse-de-Commerce-tickets3-333x205.avif&quot;,&quot;orientation&quot;:&quot;landscape&quot;},&quot;medium&quot;:{&quot;height&quot;:300,&quot;width&quot;:225,&quot;url&quot;:&quot;https:\/\/paristouristinformation.fr\/wp-content\/uploads\/2025\/12\/Bourse-de-Commerce-tickets3-225x300.avif&quot;,&quot;orientation&quot;:&quot;portrait&quot;},&quot;large&quot;:{&quot;height&quot;:1024,&quot;width&quot;:768,&quot;url&quot;:&quot;https:\/\/paristouristinformation.fr\/wp-content\/uploads\/2025\/12\/Bourse-de-Commerce-tickets3-768x1024.avif&quot;,&quot;orientation&quot;:&quot;portrait&quot;},&quot;full&quot;:{&quot;url&quot;:&quot;https:\/\/paristouristinformation.fr\/wp-content\/uploads\/2025\/12\/Bourse-de-Commerce-tickets3.avif&quot;,&quot;height&quot;:1390,&quot;width&quot;:1043,&quot;orientation&quot;:&quot;portrait&quot;}}\"><\/span><span><img decoding=\"async\" alt=\"\" data-id=\"16878\" width=\"927\" height=\"1390\" title=\"Eintrittskarten f\u00fcr die Handelsb\u00f6rse4\" src=\"https:\/\/paristouristinformation.fr\/wp-content\/uploads\/2025\/12\/Bourse-de-Commerce-tickets4-683x1024.avif\" data-src=\"https:\/\/paristouristinformation.fr\/wp-content\/uploads\/2025\/12\/Bourse-de-Commerce-tickets4-200x300.avif\" loading=\"lazy\" data-sizes=\"{&quot;thumbnail&quot;:{&quot;height&quot;:205,&quot;width&quot;:333,&quot;url&quot;:&quot;https:\/\/paristouristinformation.fr\/wp-content\/uploads\/2025\/12\/Bourse-de-Commerce-tickets4-333x205.avif&quot;,&quot;orientation&quot;:&quot;landscape&quot;},&quot;medium&quot;:{&quot;height&quot;:300,&quot;width&quot;:200,&quot;url&quot;:&quot;https:\/\/paristouristinformation.fr\/wp-content\/uploads\/2025\/12\/Bourse-de-Commerce-tickets4-200x300.avif&quot;,&quot;orientation&quot;:&quot;portrait&quot;},&quot;large&quot;:{&quot;height&quot;:1024,&quot;width&quot;:683,&quot;url&quot;:&quot;https:\/\/paristouristinformation.fr\/wp-content\/uploads\/2025\/12\/Bourse-de-Commerce-tickets4-683x1024.avif&quot;,&quot;orientation&quot;:&quot;portrait&quot;},&quot;full&quot;:{&quot;url&quot;:&quot;https:\/\/paristouristinformation.fr\/wp-content\/uploads\/2025\/12\/Bourse-de-Commerce-tickets4.avif&quot;,&quot;height&quot;:1390,&quot;width&quot;:927,&quot;orientation&quot;:&quot;portrait&quot;}}\"><\/span><span><img decoding=\"async\" alt=\"\" data-id=\"16879\" width=\"927\" height=\"1390\" title=\"Eintrittskarten f\u00fcr die Handelsb\u00f6rse5\" src=\"https:\/\/paristouristinformation.fr\/wp-content\/uploads\/2025\/12\/Bourse-de-Commerce-tickets5-683x1024.avif\" data-src=\"https:\/\/paristouristinformation.fr\/wp-content\/uploads\/2025\/12\/Bourse-de-Commerce-tickets5-200x300.avif\" loading=\"lazy\" data-sizes=\"{&quot;thumbnail&quot;:{&quot;height&quot;:205,&quot;width&quot;:333,&quot;url&quot;:&quot;https:\/\/paristouristinformation.fr\/wp-content\/uploads\/2025\/12\/Bourse-de-Commerce-tickets5-333x205.avif&quot;,&quot;orientation&quot;:&quot;landscape&quot;},&quot;medium&quot;:{&quot;height&quot;:300,&quot;width&quot;:200,&quot;url&quot;:&quot;https:\/\/paristouristinformation.fr\/wp-content\/uploads\/2025\/12\/Bourse-de-Commerce-tickets5-200x300.avif&quot;,&quot;orientation&quot;:&quot;portrait&quot;},&quot;large&quot;:{&quot;height&quot;:1024,&quot;width&quot;:683,&quot;url&quot;:&quot;https:\/\/paristouristinformation.fr\/wp-content\/uploads\/2025\/12\/Bourse-de-Commerce-tickets5-683x1024.avif&quot;,&quot;orientation&quot;:&quot;portrait&quot;},&quot;full&quot;:{&quot;url&quot;:&quot;https:\/\/paristouristinformation.fr\/wp-content\/uploads\/2025\/12\/Bourse-de-Commerce-tickets5.avif&quot;,&quot;height&quot;:1390,&quot;width&quot;:927,&quot;orientation&quot;:&quot;portrait&quot;}}\"><\/span><span><img decoding=\"async\" alt=\"\" data-id=\"16880\" width=\"927\" height=\"1390\" title=\"Eintrittskarten f\u00fcr die Handelsb\u00f6rse6\" src=\"https:\/\/paristouristinformation.fr\/wp-content\/uploads\/2025\/12\/Bourse-de-Commerce-tickets6-683x1024.avif\" data-src=\"https:\/\/paristouristinformation.fr\/wp-content\/uploads\/2025\/12\/Bourse-de-Commerce-tickets6-200x300.avif\" loading=\"lazy\" data-sizes=\"{&quot;thumbnail&quot;:{&quot;height&quot;:205,&quot;width&quot;:333,&quot;url&quot;:&quot;https:\/\/paristouristinformation.fr\/wp-content\/uploads\/2025\/12\/Bourse-de-Commerce-tickets6-333x205.avif&quot;,&quot;orientation&quot;:&quot;landscape&quot;},&quot;medium&quot;:{&quot;height&quot;:300,&quot;width&quot;:200,&quot;url&quot;:&quot;https:\/\/paristouristinformation.fr\/wp-content\/uploads\/2025\/12\/Bourse-de-Commerce-tickets6-200x300.avif&quot;,&quot;orientation&quot;:&quot;portrait&quot;},&quot;large&quot;:{&quot;height&quot;:1024,&quot;width&quot;:683,&quot;url&quot;:&quot;https:\/\/paristouristinformation.fr\/wp-content\/uploads\/2025\/12\/Bourse-de-Commerce-tickets6-683x1024.avif&quot;,&quot;orientation&quot;:&quot;portrait&quot;},&quot;full&quot;:{&quot;url&quot;:&quot;https:\/\/paristouristinformation.fr\/wp-content\/uploads\/2025\/12\/Bourse-de-Commerce-tickets6.avif&quot;,&quot;height&quot;:1390,&quot;width&quot;:927,&quot;orientation&quot;:&quot;portrait&quot;}}\"><\/span><\/p>\n<h1>Bourse de Commerce &#8211; Pinault Collection: Zeitlich begrenzter Eintritt<\/h1>\n<h2><a href=\"https:\/\/www.tiqets.com\/things-to-do-in-paris-c66746\/tickets-for-bourse-de-commerce-pinault-collection-timed-entrance-p1033590\/?partner=paristouristinformation&amp;tq_campaign=ParisTiDeBourcedeCommerceSp\" target=\"_blank\" rel=\"nofollow noopener\" style=\"outline: none;\">Zur Buchung<\/a><\/h2>\n<h1><a href=\"https:\/\/www.tiqets.com\/things-to-do-in-paris-c66746\/tickets-for-bourse-de-commerce-pinault-collection-timed-entrance-p1033590\/?partner=paristouristinformation&amp;tq_campaign=ParisTiDeBourcedeCommerceSp\" target=\"_blank\" rel=\"nofollow noopener\" style=\"outline: none;\" spellcheck=\"false\"><span style=\"font-weight: normal;\">Ab <\/span><strong>15,00 <\/strong><span style=\"font-weight: normal;\">\u20ac<\/span><\/a><\/h1>\n<p dir=\"ltr\">Entdecken Sie erstklassige zeitgen\u00f6ssische Kunst im Herzen von Paris mit <strong>Eintrittskarten an der Handelsb\u00f6rse<\/strong>, die allgemeinen Zugang und einen mehrsprachigen Audioguide beinhalten. Genie\u00dfen Sie einen Besuch in eigenem Tempo der <strong>Bourse de Commerce &#8211; Pinault Collection <\/strong>mit einem zeitlich begrenzten Eintritt.<\/p>\n<ul>\n<li style=\"\"><!--! Font Awesome Free 6.7.1 by @fontawesome - https:\/\/fontawesome.com License - https:\/\/fontawesome.com\/license\/free (Icons: CC BY 4.0, Fonts: SIL OFL 1.1, Code: MIT License) Copyright 2024 Fonticons, Inc. --><span style=\"\">Mobile Tickets<\/span><\/li>\n<li style=\"\"><!--! Font Awesome Free 6.7.1 by @fontawesome - https:\/\/fontawesome.com License - https:\/\/fontawesome.com\/license\/free (Icons: CC BY 4.0, Fonts: SIL OFL 1.1, Code: MIT License) Copyright 2024 Fonticons, Inc. --><span style=\"\">Sofortige Best\u00e4tigung<\/span><\/li>\n<li style=\"\"><span style=\"\">Audioguide<\/span><\/li>\n<li style=\"\"><span style=\"\">Kostenlose Stornierung<\/span><\/li>\n<\/ul>\n<h2>Inbegriffen<\/h2>\n<ul>\n<li style=\"\">                    <span>Allgemeiner Eintritt zur Handelsb\u00f6rse<\/span><\/li>\n<li style=\"\">                    <span>Zugang zu allen Wechselausstellungen<\/span><\/li>\n<li style=\"\">                    <span>Audioguide-App in sechs Sprachen, zug\u00e4nglich auf Ihrem Smartphone<\/span><\/li>\n<\/ul>\n<h2>Nicht inbegriffen<\/h2>\n<ul>\n<li style=\"\"><span>Zugang zu besonderen Veranstaltungen<\/span><\/li>\n<li style=\"\"><span>Essen, Getr\u00e4nke oder pers\u00f6nliche Ausgaben<\/span><\/li>\n<\/ul>\n<h2>Wichtige Informationen<\/h2>\n<ul>\n<li style=\"\"><span>Dieser Eintritt ist zeitlich begrenzt, bitte kommen Sie p\u00fcnktlich zu Ihrer Reservierung<\/span><\/li>\n<li><span>Koffer und gro\u00dfe Taschen \u00fcber 40 \u00d7 18 \u00d7 30 cm sind nicht erlaubt<\/span><\/li>\n<li><span>Der Veranstaltungsort ist vollst\u00e4ndig f\u00fcr Rollstuhlfahrer zug\u00e4nglich<\/span><\/li>\n<li><span>Ausstellungen im Veranstaltungsort wechseln das ganze Jahr \u00fcber regelm\u00e4\u00dfig<\/span><\/li>\n<\/ul>\n<h2>Beschreibung:<\/h2>\n<p dir=\"ltr\">Entdecken Sie einen der charakteristischsten Veranstaltungsorte f\u00fcr zeitgen\u00f6ssische Kunst in Paris mit <strong>Eintrittskarten f\u00fcr die B\u00f6rse<\/strong>. Die <strong>Bourse de Commerce &#8211; Pinault Collection <\/strong>befindet sich in einem restaurierten Wahrzeichen aus dem 18. Jahrhundert, das vom Architekten Tadao Ando neu gestaltet wurde, und pr\u00e4sentiert rotierende Ausstellungen aus der renommierten Kunstsammlung von Fran\u00e7ois Pinault.<\/p>\n<p dir=\"ltr\">Besucher k\u00f6nnen eine vielf\u00e4ltige Palette von <strong>Gem\u00e4lden, Skulpturen, Fotografien, Video- und Toninstallationen <\/strong>in einer immersiven architektonischen Umgebung erkunden. Mit einer zeitlich begrenzten Eintrittskarte und einem Audioguide k\u00f6nnen Sie die Ausstellungen in Ihrem eigenen Tempo erkunden.<\/p>\n<h2>H\u00f6hepunkte:<\/h2>\n<ul>\n<li>F\u00fchrendes Museum f\u00fcr zeitgen\u00f6ssische Kunst im Zentrum von Paris<\/li>\n<li ltr\"\"=\"\">Auff\u00e4llige Mischung aus historischer Architektur und modernem Design<\/li>\n<li ltr\"\"=\"\">Audioguide in sechs Sprachen verf\u00fcgbar<\/li>\n<li ltr\"\"=\"\">G\u00fcnstige Lage in der N\u00e4he von Les Halles und Louvre<\/li>\n<\/ul>\n<h2>Handelsb\u00f6rse &#8211; Pinault Collection<\/h2>\n<h2>Stornierungsrichtlinien<\/h2>\n<p>Kostenlose Stornierung und Umplanung sind bis 23:59 Uhr am Tag vor Ihrem Besuch m\u00f6glich.<\/p>\n<h2>Treffpunkt &amp; Anleitung<\/h2>\n<p dir=\"ltr\">Zeigen Sie Ihr Smartphone-Ticket direkt am Eingang der Bourse de Commerce &#8211; Pinault Collection vor. Kommen Sie p\u00fcnktlich zu Ihrem Reservierungsfenster.<\/p>\n<p dir=\"ltr\"><strong>Wie man dorthin kommt:<\/strong><\/p>\n<ul>\n<li dir=\"ltr\">U-Bahn: Linien 1 (Louvre-Rivoli), 4 (Les Halles), 7, 11, 14 (Ch\u00e2telet)<\/li>\n<li dir=\"ltr\">RER: Linien A, B, D (Ch\u00e2telet\u2013Les Halles)<\/li>\n<li dir=\"ltr\">Bus: Linien 21, 29, 67, 69, 72, 74, 85<\/li>\n<\/ul>\n<p><a href=\"https:\/\/maps.app.goo.gl\/i1Bqgu2AwfGWX1SMA\" style=\"outline: none;\" data-lt-tmp-id=\"lt-755238\" spellcheck=\"false\" target=\"_blank\" rel=\"nofollow noopener\">In Karten \u00f6ffnen<\/a><\/p>\n<h2>Bewertungen&nbsp;<\/h2>\n<p><strong>4.5\/5 <\/strong><strong>(1.498 Bewertungen)<\/strong><em><\/em><\/p>\n<p><em>,,7 sch\u00f6ne Ausstellungen in einem sch\u00f6nen Geb\u00e4ude. Das Restaurant im dritten Stock ist sehr sch\u00f6n mit k\u00f6stlichem Kaffee und hausgemachter Schokolade.&#8220;<\/em> Susanna, November 2025 ,,<em>Atemberaubende Ausstellung. Meditativ. Sehr einzigartig. Versuchen Sie, die Morgentraum-Tickets zu buchen, wenn Sie k\u00f6nnen. Es macht viel mehr Spa\u00df, wenn es ruhig ist.&#8220;<\/em> Gil, Jul. 2025 <a href=\"https:\/\/www.tiqets.com\/things-to-do-in-paris-c66746\/tickets-for-bourse-de-commerce-pinault-collection-timed-entrance-p1033590\/?partner=paristouristinformation&amp;tq_campaign=ParisTiDeBourcedeCommerceSp\" target=\"_blank\" rel=\"nofollow noopener\" data-lt-tmp-id=\"lt-230140\" spellcheck=\"false\" style=\"outline: none;\">&gt;&gt; Weitere Bewertungen anzeigen<\/a><\/p>\n<h2>Weitere Aktivit\u00e4ten, die Ihnen gefallen k\u00f6nnten<\/h2>\n<p><span>#2<\/span><span>#2<\/span><span><img decoding=\"async\" alt=\"\" data-id=\"16882\" width=\"159\" data-init-width=\"2163\" height=\"102\" data-init-height=\"1390\" title=\"Mus\u00e9e Banksy Paris Ausstellung Eintritt + Handelsb\u00f6rse - Pinault\" loading=\"lazy\" src=\"https:\/\/paristouristinformation.fr\/wp-content\/uploads\/2025\/12\/Musee-Banksy-Paris-Exhibition-Entry-Bourse-de-Commerce-Pinault.avif\" data-width=\"159\" data-height=\"102\" style=\"aspect-ratio: auto 2163 \/ 1390;\"><\/span><\/p>\n<table>\n<tbody>\n<tr>\n<td><a href=\"https:\/\/www.tiqets.com\/musee-banksy-paris-exhibition-entry-bourse-de-commerce-pinault-b9650\/?partner=paristouristinformation&amp;tq_campaign=ParisDeBourcedeCommerceSpd2\" target=\"_blank\" rel=\"nofollow noopener\" style=\"outline: none;\" data-lt-tmp-id=\"lt-713925\" spellcheck=\"false\"><span data-v-f40aa250=\"\"><span data-v-f40aa250=\"\">Mus\u00e9e Banksy Paris: Ausstellungseintritt + B\u00f6rse &#8211; Pinault<\/span><\/span><\/a><\/td>\n<\/tr>\n<\/tbody>\n<\/table>\n<p dir=\"ltr\">Entdecken Sie zwei ikonische Kunstr\u00e4ume in einem Erlebnis mit diesem Combo-Ticket. Entdecken Sie die rebellische Welt von Banksy und genie\u00dfen Sie dann vorrangigen Zugang zu hochmodernen Ausstellungen an der Bourse de Commerce \u2013 Pinault Collection im Zentrum von Paris.<\/p>\n<h3 style=\"\">Gesamtpreis<\/h3>\n<h3 style=\"\">Ihr Konto wird noch nicht belastet.<\/h3>\n<p><span>#2<\/span><span><img decoding=\"async\" alt=\"\" data-id=\"16883\" width=\"159\" data-init-width=\"2085\" height=\"106\" data-init-height=\"1390\" title=\"Nationalmuseum Picasso-Paris + Handelsb\u00f6rse - Pinault\" loading=\"lazy\" src=\"https:\/\/paristouristinformation.fr\/wp-content\/uploads\/2025\/12\/Musee-national-Picasso-Paris-Bourse-de-Commerce-Pinault.avif\" data-width=\"159\" data-height=\"106\" style=\"aspect-ratio: auto 2085 \/ 1390;\"><\/span><\/p>\n<table>\n<tbody>\n<tr>\n<td><a href=\"https:\/\/www.tiqets.com\/musee-national-picasso-paris-bourse-de-commerce-pinault-b9674\/?partner=paristouristinformation&amp;tq_campaign=ParisDeBourcedeCommerceSP3\" target=\"_blank\" rel=\"nofollow noopener\" style=\"outline: none;\" data-lt-tmp-id=\"lt-199096\" spellcheck=\"false\"><span data-v-f40aa250=\"\"><span data-v-f40aa250=\"\">Nationalmuseum Picasso-Paris + Handelsb\u00f6rse &#8211; Pinault<\/span><\/span><\/a><\/td>\n<\/tr>\n<\/tbody>\n<\/table>\n<p data-end=\"264\" data-is-last-node=\"\" data-is-only-node=\"\" data-start=\"0\">Erleben Sie zwei der einflussreichsten Kunstmuseen von Paris mit einem Kombiticket. Entdecken Sie die Meisterwerke von Picasso im Mus\u00e9e national Picasso-Paris und erkunden Sie dann zeitgen\u00f6ssische Ausstellungen auf der Bourse de Commerce &#8211; Pinault Collection, alles in einem nahtlosen Besuch.<\/p>\n<h3 style=\"\">Gesamtpreis<\/h3>\n<h3 style=\"\">Ihr Konto wird noch nicht belastet.<\/h3>\n<p><\/p>\n<h2><a href=\"https:\/\/www.tiqets.com\/things-to-do-in-paris-c66746\/tickets-for-bourse-de-commerce-pinault-collection-timed-entrance-p1033590\/?partner=paristouristinformation&amp;tq_campaign=ParisTiDeBourcedeCommerceSp\" target=\"_blank\" rel=\"nofollow noopener\" style=\"outline: none;\" spellcheck=\"false\">Zur Buchung<\/a><\/h2>\n<h1><a href=\"https:\/\/www.tiqets.com\/things-to-do-in-paris-c66746\/tickets-for-bourse-de-commerce-pinault-collection-timed-entrance-p1033590\/?partner=paristouristinformation&amp;tq_campaign=ParisTiDeBourcedeCommerceSp\" target=\"_blank\" rel=\"nofollow noopener\" style=\"outline: none;\" spellcheck=\"false\"><span style=\"font-weight: normal;\">Ab <\/span><strong>15,00 \u20ac<\/strong><\/a><\/h1>\n<p style=\"\">Ihr Konto wird noch nicht belastet.<\/p>\n","protected":false},"excerpt":{"rendered":"<p>Bourse de Commerce &#8211; Pinault Collection: Zeitlich begrenzter Eintritt Zur Buchung Ab 15,00 \u20ac Entdecken Sie erstklassige zeitgen\u00f6ssische Kunst im Herzen von Paris mit Eintrittskarten an der Handelsb\u00f6rse, die allgemeinen Zugang und einen mehrsprachigen Audioguide beinhalten. Genie\u00dfen Sie einen Besuch in eigenem Tempo der Bourse de Commerce &#8211; Pinault Collection mit einem zeitlich begrenzten Eintritt. [&hellip;]<\/p>\n","protected":false},"author":10,"featured_media":15385,"parent":0,"menu_order":0,"comment_status":"closed","ping_status":"closed","template":"","meta":{"footnotes":""},"tags":[69],"class_list":["post-15384","page","type-page","status-publish","has-post-thumbnail","hentry","tag-sales-pages","post-wrapper","thrv_wrapper"],"wp-worthy-pixel":{"ignored":false,"public":null,"server":null,"url":null},"wp-worthy-type":"normal","_links":{"self":[{"href":"https:\/\/www.paristouristinformation.fr\/de\/wp-json\/wp\/v2\/pages\/15384","targetHints":{"allow":["GET"]}}],"collection":[{"href":"https:\/\/www.paristouristinformation.fr\/de\/wp-json\/wp\/v2\/pages"}],"about":[{"href":"https:\/\/www.paristouristinformation.fr\/de\/wp-json\/wp\/v2\/types\/page"}],"author":[{"embeddable":true,"href":"https:\/\/www.paristouristinformation.fr\/de\/wp-json\/wp\/v2\/users\/10"}],"replies":[{"embeddable":true,"href":"https:\/\/www.paristouristinformation.fr\/de\/wp-json\/wp\/v2\/comments?post=15384"}],"version-history":[{"count":8,"href":"https:\/\/www.paristouristinformation.fr\/de\/wp-json\/wp\/v2\/pages\/15384\/revisions"}],"predecessor-version":[{"id":15878,"href":"https:\/\/www.paristouristinformation.fr\/de\/wp-json\/wp\/v2\/pages\/15384\/revisions\/15878"}],"wp:featuredmedia":[{"embeddable":true,"href":"https:\/\/www.paristouristinformation.fr\/de\/wp-json\/wp\/v2\/media\/15385"}],"wp:attachment":[{"href":"https:\/\/www.paristouristinformation.fr\/de\/wp-json\/wp\/v2\/media?parent=15384"}],"wp:term":[{"taxonomy":"post_tag","embeddable":true,"href":"https:\/\/www.paristouristinformation.fr\/de\/wp-json\/wp\/v2\/tags?post=15384"}],"curies":[{"name":"wp","href":"https:\/\/api.w.org\/{rel}","templated":true}]}}