{"id":15396,"date":"2026-04-08T08:00:17","date_gmt":"2026-04-08T08:00:17","guid":{"rendered":"https:\/\/www.paristouristinformation.fr\/de\/?page_id=15396"},"modified":"2026-04-08T08:04:35","modified_gmt":"2026-04-08T08:04:35","slug":"tickets-fuer-menagerie-jardin-des-plantes","status":"publish","type":"page","link":"https:\/\/www.paristouristinformation.fr\/de\/tickets-fuer-menagerie-jardin-des-plantes\/","title":{"rendered":"Paris: Tickets f\u00fcr M\u00e9nagerie Zoo von Jardin des Plantes"},"content":{"rendered":"<p><span><img decoding=\"async\" alt=\"\" data-id=\"15215\" width=\"2334\" height=\"1556\" title=\"Tickets f\u00fcr M\u00e9nagerie, Zoo des Jardin des Plantes ota\" src=\"https:\/\/paristouristinformation.fr\/wp-content\/uploads\/2025\/05\/Tickets-for-Menagerie-Zoo-of-the-Jardin-des-Plantes-ota-1024x683.avif\" data-src=\"https:\/\/paristouristinformation.fr\/wp-content\/uploads\/2025\/05\/Tickets-for-Menagerie-Zoo-of-the-Jardin-des-Plantes-ota-300x200.avif\" loading=\"lazy\" data-sizes=\"{&quot;thumbnail&quot;:{&quot;url&quot;:&quot;https:\/\/paristouristinformation.fr\/wp-content\/uploads\/2025\/05\/Tickets-for-Menagerie-Zoo-of-the-Jardin-des-Plantes-ota-333x205.avif&quot;,&quot;height&quot;:205,&quot;width&quot;:333,&quot;orientation&quot;:&quot;landscape&quot;},&quot;medium&quot;:{&quot;url&quot;:&quot;https:\/\/paristouristinformation.fr\/wp-content\/uploads\/2025\/05\/Tickets-for-Menagerie-Zoo-of-the-Jardin-des-Plantes-ota-300x200.avif&quot;,&quot;height&quot;:200,&quot;width&quot;:300,&quot;orientation&quot;:&quot;landscape&quot;},&quot;large&quot;:{&quot;url&quot;:&quot;https:\/\/paristouristinformation.fr\/wp-content\/uploads\/2025\/05\/Tickets-for-Menagerie-Zoo-of-the-Jardin-des-Plantes-ota-1024x683.avif&quot;,&quot;height&quot;:683,&quot;width&quot;:1024,&quot;orientation&quot;:&quot;landscape&quot;},&quot;full&quot;:{&quot;url&quot;:&quot;https:\/\/paristouristinformation.fr\/wp-content\/uploads\/2025\/05\/Tickets-for-Menagerie-Zoo-of-the-Jardin-des-Plantes-ota.avif&quot;,&quot;height&quot;:1556,&quot;width&quot;:2334,&quot;orientation&quot;:&quot;landscape&quot;},&quot;1536x1536&quot;:{&quot;url&quot;:&quot;https:\/\/paristouristinformation.fr\/wp-content\/uploads\/2025\/05\/Tickets-for-Menagerie-Zoo-of-the-Jardin-des-Plantes-ota-1536x1024.avif&quot;,&quot;height&quot;:1024,&quot;width&quot;:1536,&quot;orientation&quot;:&quot;landscape&quot;},&quot;2048x2048&quot;:{&quot;url&quot;:&quot;https:\/\/paristouristinformation.fr\/wp-content\/uploads\/2025\/05\/Tickets-for-Menagerie-Zoo-of-the-Jardin-des-Plantes-ota-2048x1365.avif&quot;,&quot;height&quot;:1365,&quot;width&quot;:2048,&quot;orientation&quot;:&quot;landscape&quot;}}\"><\/span><span><img decoding=\"async\" alt=\"\" data-id=\"15214\" width=\"2334\" height=\"1556\" title=\"Tickets f\u00fcr M\u00e9nagerie, Zoo des Jardin des Plantes ota2\" src=\"https:\/\/paristouristinformation.fr\/wp-content\/uploads\/2025\/05\/Tickets-for-Menagerie-Zoo-of-the-Jardin-des-Plantes-ota2-1024x683.avif\" data-src=\"https:\/\/paristouristinformation.fr\/wp-content\/uploads\/2025\/05\/Tickets-for-Menagerie-Zoo-of-the-Jardin-des-Plantes-ota2-300x200.avif\" loading=\"lazy\" data-sizes=\"{&quot;thumbnail&quot;:{&quot;url&quot;:&quot;https:\/\/paristouristinformation.fr\/wp-content\/uploads\/2025\/05\/Tickets-for-Menagerie-Zoo-of-the-Jardin-des-Plantes-ota2-333x205.avif&quot;,&quot;height&quot;:205,&quot;width&quot;:333,&quot;orientation&quot;:&quot;landscape&quot;},&quot;medium&quot;:{&quot;url&quot;:&quot;https:\/\/paristouristinformation.fr\/wp-content\/uploads\/2025\/05\/Tickets-for-Menagerie-Zoo-of-the-Jardin-des-Plantes-ota2-300x200.avif&quot;,&quot;height&quot;:200,&quot;width&quot;:300,&quot;orientation&quot;:&quot;landscape&quot;},&quot;large&quot;:{&quot;url&quot;:&quot;https:\/\/paristouristinformation.fr\/wp-content\/uploads\/2025\/05\/Tickets-for-Menagerie-Zoo-of-the-Jardin-des-Plantes-ota2-1024x683.avif&quot;,&quot;height&quot;:683,&quot;width&quot;:1024,&quot;orientation&quot;:&quot;landscape&quot;},&quot;full&quot;:{&quot;url&quot;:&quot;https:\/\/paristouristinformation.fr\/wp-content\/uploads\/2025\/05\/Tickets-for-Menagerie-Zoo-of-the-Jardin-des-Plantes-ota2.avif&quot;,&quot;height&quot;:1556,&quot;width&quot;:2334,&quot;orientation&quot;:&quot;landscape&quot;},&quot;1536x1536&quot;:{&quot;url&quot;:&quot;https:\/\/paristouristinformation.fr\/wp-content\/uploads\/2025\/05\/Tickets-for-Menagerie-Zoo-of-the-Jardin-des-Plantes-ota2-1536x1024.avif&quot;,&quot;height&quot;:1024,&quot;width&quot;:1536,&quot;orientation&quot;:&quot;landscape&quot;},&quot;2048x2048&quot;:{&quot;url&quot;:&quot;https:\/\/paristouristinformation.fr\/wp-content\/uploads\/2025\/05\/Tickets-for-Menagerie-Zoo-of-the-Jardin-des-Plantes-ota2-2048x1365.avif&quot;,&quot;height&quot;:1365,&quot;width&quot;:2048,&quot;orientation&quot;:&quot;landscape&quot;}}\"><\/span><span><img decoding=\"async\" alt=\"\" data-id=\"15212\" width=\"2349\" height=\"1556\" title=\"Tickets f\u00fcr M\u00e9nagerie, Zoo des Jardin des Plantes ota4\" src=\"https:\/\/paristouristinformation.fr\/wp-content\/uploads\/2025\/05\/Tickets-for-Menagerie-Zoo-of-the-Jardin-des-Plantes-ota4-1024x678.avif\" data-src=\"https:\/\/paristouristinformation.fr\/wp-content\/uploads\/2025\/05\/Tickets-for-Menagerie-Zoo-of-the-Jardin-des-Plantes-ota4-300x199.avif\" loading=\"lazy\" data-sizes=\"{&quot;thumbnail&quot;:{&quot;url&quot;:&quot;https:\/\/paristouristinformation.fr\/wp-content\/uploads\/2025\/05\/Tickets-for-Menagerie-Zoo-of-the-Jardin-des-Plantes-ota4-333x205.avif&quot;,&quot;height&quot;:205,&quot;width&quot;:333,&quot;orientation&quot;:&quot;landscape&quot;},&quot;medium&quot;:{&quot;url&quot;:&quot;https:\/\/paristouristinformation.fr\/wp-content\/uploads\/2025\/05\/Tickets-for-Menagerie-Zoo-of-the-Jardin-des-Plantes-ota4-300x199.avif&quot;,&quot;height&quot;:199,&quot;width&quot;:300,&quot;orientation&quot;:&quot;landscape&quot;},&quot;large&quot;:{&quot;url&quot;:&quot;https:\/\/paristouristinformation.fr\/wp-content\/uploads\/2025\/05\/Tickets-for-Menagerie-Zoo-of-the-Jardin-des-Plantes-ota4-1024x678.avif&quot;,&quot;height&quot;:678,&quot;width&quot;:1024,&quot;orientation&quot;:&quot;landscape&quot;},&quot;full&quot;:{&quot;url&quot;:&quot;https:\/\/paristouristinformation.fr\/wp-content\/uploads\/2025\/05\/Tickets-for-Menagerie-Zoo-of-the-Jardin-des-Plantes-ota4.avif&quot;,&quot;height&quot;:1556,&quot;width&quot;:2349,&quot;orientation&quot;:&quot;landscape&quot;},&quot;1536x1536&quot;:{&quot;url&quot;:&quot;https:\/\/paristouristinformation.fr\/wp-content\/uploads\/2025\/05\/Tickets-for-Menagerie-Zoo-of-the-Jardin-des-Plantes-ota4-1536x1017.avif&quot;,&quot;height&quot;:1017,&quot;width&quot;:1536,&quot;orientation&quot;:&quot;landscape&quot;},&quot;2048x2048&quot;:{&quot;url&quot;:&quot;https:\/\/paristouristinformation.fr\/wp-content\/uploads\/2025\/05\/Tickets-for-Menagerie-Zoo-of-the-Jardin-des-Plantes-ota4-2048x1357.avif&quot;,&quot;height&quot;:1357,&quot;width&quot;:2048,&quot;orientation&quot;:&quot;landscape&quot;}}\"><\/span><span><img decoding=\"async\" alt=\"\" data-id=\"15213\" width=\"2338\" height=\"1556\" title=\"Tickets f\u00fcr M\u00e9nagerie, Zoo des Jardin des Plantes ota3\" src=\"https:\/\/paristouristinformation.fr\/wp-content\/uploads\/2025\/05\/Tickets-for-Menagerie-Zoo-of-the-Jardin-des-Plantes-ota3-1024x681.avif\" data-src=\"https:\/\/paristouristinformation.fr\/wp-content\/uploads\/2025\/05\/Tickets-for-Menagerie-Zoo-of-the-Jardin-des-Plantes-ota3-300x200.avif\" loading=\"lazy\" data-sizes=\"{&quot;thumbnail&quot;:{&quot;url&quot;:&quot;https:\/\/paristouristinformation.fr\/wp-content\/uploads\/2025\/05\/Tickets-for-Menagerie-Zoo-of-the-Jardin-des-Plantes-ota3-333x205.avif&quot;,&quot;height&quot;:205,&quot;width&quot;:333,&quot;orientation&quot;:&quot;landscape&quot;},&quot;medium&quot;:{&quot;url&quot;:&quot;https:\/\/paristouristinformation.fr\/wp-content\/uploads\/2025\/05\/Tickets-for-Menagerie-Zoo-of-the-Jardin-des-Plantes-ota3-300x200.avif&quot;,&quot;height&quot;:200,&quot;width&quot;:300,&quot;orientation&quot;:&quot;landscape&quot;},&quot;large&quot;:{&quot;url&quot;:&quot;https:\/\/paristouristinformation.fr\/wp-content\/uploads\/2025\/05\/Tickets-for-Menagerie-Zoo-of-the-Jardin-des-Plantes-ota3-1024x681.avif&quot;,&quot;height&quot;:681,&quot;width&quot;:1024,&quot;orientation&quot;:&quot;landscape&quot;},&quot;full&quot;:{&quot;url&quot;:&quot;https:\/\/paristouristinformation.fr\/wp-content\/uploads\/2025\/05\/Tickets-for-Menagerie-Zoo-of-the-Jardin-des-Plantes-ota3.avif&quot;,&quot;height&quot;:1556,&quot;width&quot;:2338,&quot;orientation&quot;:&quot;landscape&quot;},&quot;1536x1536&quot;:{&quot;url&quot;:&quot;https:\/\/paristouristinformation.fr\/wp-content\/uploads\/2025\/05\/Tickets-for-Menagerie-Zoo-of-the-Jardin-des-Plantes-ota3-1536x1022.avif&quot;,&quot;height&quot;:1022,&quot;width&quot;:1536,&quot;orientation&quot;:&quot;landscape&quot;},&quot;2048x2048&quot;:{&quot;url&quot;:&quot;https:\/\/paristouristinformation.fr\/wp-content\/uploads\/2025\/05\/Tickets-for-Menagerie-Zoo-of-the-Jardin-des-Plantes-ota3-2048x1363.avif&quot;,&quot;height&quot;:1363,&quot;width&quot;:2048,&quot;orientation&quot;:&quot;landscape&quot;}}\"><\/span><\/p>\n<h1 data-v-038914d4=\"\" data-v-d2d367d0=\"\"><span data-v-d2d367d0=\"\">Paris: M\u00e9nagerie Zoo von Jardin des Plantes Eintrittskarte<\/span><\/h1>\n<h2><a href=\"https:\/\/www.getyourguide.com\/paris-l16\/paris-menagerie-zoo-of-jardin-des-plantes-entrance-ticket-t350211\/?partner_id=NO9XIDE&amp;utm_medium=online_publisher&amp;cmp=ParisTiDeMenagerieJardinPlanteSP\" target=\"_blank\" rel=\"nofollow noopener\" style=\"outline: none;\">Zur Buchung<\/a><\/h2>\n<p style=\"\"><a href=\"https:\/\/www.getyourguide.com\/paris-l16\/paris-menagerie-zoo-of-jardin-des-plantes-entrance-ticket-t350211\/?partner_id=NO9XIDE&amp;utm_medium=online_publisher&amp;cmp=ParisTiDeMenagerieJardinPlanteSP\" target=\"_blank\" rel=\"nofollow noopener\" style=\"outline: none;\">Preis ab<\/a><\/p>\n<h1><a href=\"https:\/\/www.getyourguide.com\/paris-l16\/paris-menagerie-zoo-of-jardin-des-plantes-entrance-ticket-t350211\/?partner_id=NO9XIDE&amp;utm_medium=online_publisher&amp;cmp=ParisTiDeMenagerieJardinPlanteSP\" target=\"_blank\" rel=\"nofollow noopener\" style=\"outline: none;\" spellcheck=\"false\"><strong>13,00 \u20ac<\/strong><\/a><\/h1>\n<p data-pm-slice=\"1 1 []\">Erleben Sie ein lebendiges St\u00fcck Pariser Geschichte mit <strong>Tickets f\u00fcr M\u00e9nagerie,&nbsp;<\/strong>wo <strong>gef\u00e4hrdete Tiere <\/strong><strong>und jahrhundertealte Architektur <\/strong>in einem der \u00e4ltesten Zoos der Welt zusammenkommen.<\/p>\n<ul>\n<li style=\"\"><span style=\"\">Sorgf\u00e4ltig ausgew\u00e4hltes Ticket<\/span><\/li>\n<li style=\"\"><span style=\"\">Mobiles oder gedrucktes Ticket akzeptiert<\/span><\/li>\n<li style=\"\">                    <span style=\"\">Sofortige Best\u00e4tigung<\/span><\/li>\n<li style=\"\"><span style=\"\">Kostenlose Stornierung<\/span><\/li>\n<\/ul>\n<h2>Inbegriffen<\/h2>\n<ul>\n<li style=\"\">                    <span><span data-olk-copy-source=\"MessageBody\">Eintrittskarte f\u00fcr den M\u00e9nagerie Zoo im Jardin des Plantes<\/span><\/span><\/li>\n<\/ul>\n<h2>Nicht inbegriffen<\/h2>\n<ul>\n<li style=\"\"><span><span data-olk-copy-source=\"MessageBody\">Pers\u00f6nliche Ausgaben<\/span><\/span><\/li>\n<li style=\"\"><span><span data-olk-copy-source=\"MessageBody\">Reiseleiter<\/span><\/span><\/li>\n<\/ul>\n<h2>Wichtige Informationen<\/h2>\n<ul>\n<li style=\"\"><span><span data-olk-copy-source=\"MessageBody\">Kinder unter 13 Jahren m\u00fcssen von einem Erwachsenen begleitet werden (maximal 6 Kinder pro Erwachsenem)<\/span><\/span><\/li>\n<li><span><span data-olk-copy-source=\"MessageBody\">&#8222;Meet the Keepers&#8220;-Vortr\u00e4ge finden mittwochs, am Wochenende und t\u00e4glich w\u00e4hrend der Schulferien auf Franz\u00f6sisch statt<\/span><\/span><\/li>\n<\/ul>\n<h2>Beschreibung:<\/h2>\n<p data-end=\"656\" data-start=\"164\">Mit Tickets f\u00fcr M\u00e9nagerie betreten Sie einen historischen Zoo, <strong>der 1794 gegr\u00fcndet wurde<\/strong>, mitten im Herzen von Paris. Entdecken Sie seltene und gef\u00e4hrdete Tiere <strong>&#8211; von roten Pandas bis hin zu tr\u00fcben Leoparden <\/strong>-, die in charmanten Geb\u00e4uden aus dem 19. Jahrhundert wie der B\u00e4rengrube und der Gro\u00dfen Voliere gehachtet sind.<\/p>\n<p data-end=\"656\" data-start=\"164\">Die lehrreichen &#8222;Meet the Keepers&#8220;-Sitzungen verleihen ihm eine besondere Note und machen ihn zu einem unvergesslichen Besuch f\u00fcr alle Altersgruppen. Egal, ob Sie von Naturschutz oder Neugierde angezogen werden, dieses einzigartige Erlebnis bietet Natur und Geschichte in einer friedlichen Umgebung.<\/p>\n<h2>H\u00f6hepunkte:<\/h2>\n<ul>\n<li ltr\"\"=\"\"><strong>Treffen Sie seltene Arten <\/strong>wie rote Pandas, Tapire und bew\u00f6lkte Leoparden<\/li>\n<li ltr\"\"=\"\"><strong>Entdecken Sie die Zooarchitektur des 19. Jahrhunderts<\/strong>, einschlie\u00dflich der Rotonde und des Reptilenhauses<\/li>\n<li ltr\"\"=\"\"><strong>Genie\u00dfen Sie familienfreundliche <\/strong><strong>Sitzungen <\/strong>voller lustiger Fakten<\/li>\n<li ltr\"\"=\"\"><strong>Entdecken Sie gef\u00e4hrdete Arten <\/strong>und Zuchtprogramme direkt im Zentrum von Paris<\/li>\n<li ltr\"\"=\"\">Schlendern Sie auf dem Weg durch den historischen <strong>Jardin des Plantes<\/strong><\/li>\n<\/ul>\n<h2>M\u00e9nagerie du Jardin des Plantes<\/h2>\n<p dir=\"ltr\">57 Rue Cuvier, 75005 Paris<\/p>\n<h2>Stornierungsrichtlinien<\/h2>\n<p dir=\"ltr\">Kostenlose Stornierung bis zu 24 Stunden im Voraus f\u00fcr eine volle R\u00fcckerstattung<\/p>\n<h2>Treffpunkt &amp; Anleitung<\/h2>\n<p dir=\"ltr\"><span data-olk-copy-source=\"MessageBody\">Zeigen Sie Ihr Smartphone-Ticket am Haupteingang der M\u00e9nagerie, Zoo des Jardin des Plantes, im Jardin des Plantes vor.<\/span><\/p>\n<p><a href=\"https:\/\/www.google.com\/maps\/search\/?api=1&amp;query=2%20Place%20Valhubert%2075005%20Paris\" style=\"outline: none;\" data-lt-tmp-id=\"lt-493778\" spellcheck=\"false\" target=\"_blank\" rel=\"nofollow noopener\">In Karten \u00f6ffnen<\/a><\/p>\n<h2>Bewertungen&nbsp;<\/h2>\n<p><strong>4.5\/ 5 <\/strong><strong>(44 Bewertungen)<\/strong><\/p>\n<p dir=\"ltr\"><em>&#8222;Es war eine sch\u00f6ne Erfahrung, einige einzigartige Tiere zu sehen. Leider konnte ich einige der Tiere vielleicht aufgrund des Timings nicht sehen, aber insgesamt habe ich meinen Besuch genossen.&#8220; <\/em>&#8211; Funmi, September 2024<\/p>\n<p dir=\"ltr\">&#8222;Ein toller kleiner Zoo, leider war er an dem Tag, an dem wir gingen, sehr nass, aber das hat uns nicht davon abgehalten, ihn zu genie\u00dfen. W\u00e4re sch\u00f6n bei gutem Wetter, da man dann auch die G\u00e4rten genie\u00dfen kann.\u201c &#8211; Nicole, Juni 2024 <a href=\"https:\/\/www.getyourguide.com\/paris-l16\/paris-menagerie-zoo-of-jardin-des-plantes-entrance-ticket-t350211\/?partner_id=NO9XIDE&amp;utm_medium=online_publisher&amp;cmp=ParisTiDeMenagerieJardinPlanteSP\" target=\"_blank\" rel=\"nofollow noopener\" style=\"outline: none;\" spellcheck=\"false\">&gt;&gt; Weitere Bewertungen ansehen<\/a><\/p>\n<h2>Weitere Aktivit\u00e4ten, die Ihnen gefallen k\u00f6nnten<\/h2>\n<p><span>#2<\/span><span>#2<\/span><span><img decoding=\"async\" alt=\"\" data-id=\"15178\" width=\"159\" data-init-width=\"2322\" height=\"107\" data-init-height=\"1556\" title=\"Zoologischer Park von Paris - Eintrittskarte2\" loading=\"lazy\" src=\"https:\/\/paristouristinformation.fr\/wp-content\/uploads\/2025\/05\/Paris-Zoological-Park-Entry-Ticketota2.avif\" data-width=\"159\" data-height=\"107\" style=\"aspect-ratio: auto 2322 \/ 1556;\"><\/span><\/p>\n<table>\n<tbody>\n<tr>\n<td><a href=\"https:\/\/www.tiqets.com\/de\/paris-zoo-aquarium-de-paris-b4126\/?partner=paristouristinformation&amp;tq_campaign=ParisTiDeMenagerieJardinPlantSP2\" target=\"_blank\" rel=\"nofollow noopener\" style=\"outline: none;\" data-lt-tmp-id=\"lt-963639\" spellcheck=\"false\">Paris Zoo + Aquarium von Paris<\/a><\/td>\n<\/tr>\n<\/tbody>\n<\/table>\n<p dir=\"ltr\">Entdecken Sie die Wunder der Tierwelt und des Meereslebens mit einem Kombiticket f\u00fcr den Pariser Zoo und das Aquarium de Paris, perfekt f\u00fcr einen unterhaltsamen Tag, an dem Sie exotische Tiere und lebendige Unterwasserbewohner erkunden &#8211; alles in einem bequemen Besuch!<\/p>\n<h3 style=\"\">Gesamtpreis<\/h3>\n<h3 style=\"\">Ihr Konto wird noch nicht belastet.<\/h3>\n<p><span>#2<\/span><span><img decoding=\"async\" alt=\"\" data-id=\"14042\" width=\"159\" data-init-width=\"1600\" height=\"159\" data-init-height=\"1600\" title=\"Seine Flusskreuzfahrt + Disneyland Paris 2\" loading=\"lazy\" src=\"https:\/\/paristouristinformation.fr\/wp-content\/uploads\/2024\/10\/Seine-River-Cruise-Disneyland-Paris-2.avif\" data-width=\"159\" data-height=\"159\" style=\"aspect-ratio: auto 1600 \/ 1600;\"><\/span><\/p>\n<table>\n<tbody>\n<tr>\n<td><a href=\"https:\/\/www.tiqets.com\/de\/disneyland-paris-seine-river-cruise-b2798\/?partner=paristouristinformation&amp;tq_campaign=ParisDeMenagerieJardinPlantSP3\" target=\"_blank\" rel=\"nofollow noopener\" style=\"outline: none;\" spellcheck=\"false\">Seine Flusskreuzfahrt + Disneyland Paris<\/a><\/td>\n<\/tr>\n<\/tbody>\n<\/table>\n<p>Entdecken Sie das Beste von Paris mit einem magischen Kombiticket, das einen <strong>1-Tages-Pass f\u00fcr Disneyland\u00ae Paris und eine malerische Kreuzfahrt mit der Seine <\/strong>beinhaltet<strong>.<\/strong> Genie\u00dfen Sie eine problemlose Buchung und Zugang zu zwei ikonischen Erlebnissen in einem.<\/p>\n<h3 style=\"\">Gesamtpreis<\/h3>\n<h3 style=\"\">Ihr Konto wird noch nicht belastet.<\/h3>\n<p><\/p>\n<h2><a href=\"https:\/\/www.getyourguide.com\/paris-l16\/paris-menagerie-zoo-of-jardin-des-plantes-entrance-ticket-t350211\/?partner_id=NO9XIDE&amp;utm_medium=online_publisher&amp;cmp=ParisTiDeMenagerieJardinPlanteSP\" target=\"_blank\" rel=\"nofollow noopener\" style=\"outline: none;\" spellcheck=\"false\">Zur Buchung<\/a><\/h2>\n<p style=\"\"><a href=\"https:\/\/www.getyourguide.com\/paris-l16\/paris-menagerie-zoo-of-jardin-des-plantes-entrance-ticket-t350211\/?partner_id=NO9XIDE&amp;utm_medium=online_publisher&amp;cmp=ParisTiDeMenagerieJardinPlanteSP\" target=\"_blank\" rel=\"nofollow noopener\" style=\"outline: none;\" spellcheck=\"false\">Preis ab<\/a><\/p>\n<h1><a href=\"https:\/\/www.getyourguide.com\/paris-l16\/paris-menagerie-zoo-of-jardin-des-plantes-entrance-ticket-t350211\/?partner_id=NO9XIDE&amp;utm_medium=online_publisher&amp;cmp=ParisTiDeMenagerieJardinPlanteSP\" target=\"_blank\" rel=\"nofollow noopener\" style=\"outline: none;\" spellcheck=\"false\"><strong>13,00 \u20ac<\/strong><\/a><\/h1>\n<p style=\"\">Ihr Konto wird noch nicht belastet.<\/p>\n","protected":false},"excerpt":{"rendered":"<p>Paris: M\u00e9nagerie Zoo von Jardin des Plantes Eintrittskarte Zur Buchung Preis ab 13,00 \u20ac Erleben Sie ein lebendiges St\u00fcck Pariser Geschichte mit Tickets f\u00fcr M\u00e9nagerie,&nbsp;wo gef\u00e4hrdete Tiere und jahrhundertealte Architektur in einem der \u00e4ltesten Zoos der Welt zusammenkommen. Sorgf\u00e4ltig ausgew\u00e4hltes Ticket Mobiles oder gedrucktes Ticket akzeptiert Sofortige Best\u00e4tigung Kostenlose Stornierung Inbegriffen Eintrittskarte f\u00fcr den M\u00e9nagerie [&hellip;]<\/p>\n","protected":false},"author":10,"featured_media":15397,"parent":0,"menu_order":0,"comment_status":"closed","ping_status":"closed","template":"","meta":{"footnotes":""},"tags":[69],"class_list":["post-15396","page","type-page","status-publish","has-post-thumbnail","hentry","tag-sales-pages","post-wrapper","thrv_wrapper"],"wp-worthy-pixel":{"ignored":false,"public":null,"server":null,"url":null},"wp-worthy-type":"normal","_links":{"self":[{"href":"https:\/\/www.paristouristinformation.fr\/de\/wp-json\/wp\/v2\/pages\/15396","targetHints":{"allow":["GET"]}}],"collection":[{"href":"https:\/\/www.paristouristinformation.fr\/de\/wp-json\/wp\/v2\/pages"}],"about":[{"href":"https:\/\/www.paristouristinformation.fr\/de\/wp-json\/wp\/v2\/types\/page"}],"author":[{"embeddable":true,"href":"https:\/\/www.paristouristinformation.fr\/de\/wp-json\/wp\/v2\/users\/10"}],"replies":[{"embeddable":true,"href":"https:\/\/www.paristouristinformation.fr\/de\/wp-json\/wp\/v2\/comments?post=15396"}],"version-history":[{"count":12,"href":"https:\/\/www.paristouristinformation.fr\/de\/wp-json\/wp\/v2\/pages\/15396\/revisions"}],"predecessor-version":[{"id":15874,"href":"https:\/\/www.paristouristinformation.fr\/de\/wp-json\/wp\/v2\/pages\/15396\/revisions\/15874"}],"wp:featuredmedia":[{"embeddable":true,"href":"https:\/\/www.paristouristinformation.fr\/de\/wp-json\/wp\/v2\/media\/15397"}],"wp:attachment":[{"href":"https:\/\/www.paristouristinformation.fr\/de\/wp-json\/wp\/v2\/media?parent=15396"}],"wp:term":[{"taxonomy":"post_tag","embeddable":true,"href":"https:\/\/www.paristouristinformation.fr\/de\/wp-json\/wp\/v2\/tags?post=15396"}],"curies":[{"name":"wp","href":"https:\/\/api.w.org\/{rel}","templated":true}]}}