{"id":15408,"date":"2026-04-08T08:33:11","date_gmt":"2026-04-08T08:33:11","guid":{"rendered":"https:\/\/www.paristouristinformation.fr\/de\/?page_id=15408"},"modified":"2026-04-08T08:36:25","modified_gmt":"2026-04-08T08:36:25","slug":"ab-paris-halbtagestour-nach-giverny-monets-haus-garten","status":"publish","type":"page","link":"https:\/\/www.paristouristinformation.fr\/de\/ab-paris-halbtagestour-nach-giverny-monets-haus-garten\/","title":{"rendered":"Ab Paris: Halbtagestour nach Giverny, Monets Haus &amp; G\u00e4rten"},"content":{"rendered":"<p><span><img decoding=\"async\" alt=\"\" data-id=\"14192\" width=\"960\" height=\"639\" title=\"Von Paris- Giverny, Monet's House, &amp; Gardens Halbtagesausflug 5\" src=\"https:\/\/www.paristouristinformation.fr\/de\/wp-content\/uploads\/2026\/02\/From-Paris-Giverny-Monets-House-Gardens-Half-Day-Trip-5.jpeg\" data-src=\"https:\/\/www.paristouristinformation.fr\/de\/wp-content\/uploads\/2026\/02\/From-Paris-Giverny-Monets-House-Gardens-Half-Day-Trip-5-300x200-1.jpeg\" loading=\"lazy\" data-sizes=\"{&quot;thumbnail&quot;:{&quot;url&quot;:&quot;https:\/\/www.paristouristinformation.fr\/de\/wp-content\/uploads\/2026\/02\/From-Paris-Giverny-Monets-House-Gardens-Half-Day-Trip-5-333x205-1.jpeg&quot;,&quot;height&quot;:205,&quot;width&quot;:333,&quot;orientation&quot;:&quot;landscape&quot;},&quot;medium&quot;:{&quot;url&quot;:&quot;https:\/\/www.paristouristinformation.fr\/de\/wp-content\/uploads\/2026\/02\/From-Paris-Giverny-Monets-House-Gardens-Half-Day-Trip-5-300x200-1.jpeg&quot;,&quot;height&quot;:200,&quot;width&quot;:300,&quot;orientation&quot;:&quot;landscape&quot;},&quot;full&quot;:{&quot;url&quot;:&quot;https:\/\/www.paristouristinformation.fr\/de\/wp-content\/uploads\/2026\/02\/From-Paris-Giverny-Monets-House-Gardens-Half-Day-Trip-5.jpeg&quot;,&quot;height&quot;:639,&quot;width&quot;:960,&quot;orientation&quot;:&quot;landscape&quot;}}\"><\/span><span><img decoding=\"async\" alt=\"\" data-id=\"14193\" width=\"960\" height=\"639\" title=\"Von Paris-Giverny, Monets Haus und G\u00e4rten Halbtagesausflug 4\" src=\"https:\/\/www.paristouristinformation.fr\/de\/wp-content\/uploads\/2026\/02\/From-Paris-Giverny-Monets-House-Gardens-Half-Day-Trip-4.jpeg\" data-src=\"https:\/\/www.paristouristinformation.fr\/de\/wp-content\/uploads\/2026\/02\/From-Paris-Giverny-Monets-House-Gardens-Half-Day-Trip-4-300x200-1.jpeg\" loading=\"lazy\" data-sizes=\"{&quot;thumbnail&quot;:{&quot;url&quot;:&quot;https:\/\/www.paristouristinformation.fr\/de\/wp-content\/uploads\/2026\/02\/From-Paris-Giverny-Monets-House-Gardens-Half-Day-Trip-4-333x205-1.jpeg&quot;,&quot;height&quot;:205,&quot;width&quot;:333,&quot;orientation&quot;:&quot;landscape&quot;},&quot;medium&quot;:{&quot;url&quot;:&quot;https:\/\/www.paristouristinformation.fr\/de\/wp-content\/uploads\/2026\/02\/From-Paris-Giverny-Monets-House-Gardens-Half-Day-Trip-4-300x200-1.jpeg&quot;,&quot;height&quot;:200,&quot;width&quot;:300,&quot;orientation&quot;:&quot;landscape&quot;},&quot;full&quot;:{&quot;url&quot;:&quot;https:\/\/www.paristouristinformation.fr\/de\/wp-content\/uploads\/2026\/02\/From-Paris-Giverny-Monets-House-Gardens-Half-Day-Trip-4.jpeg&quot;,&quot;height&quot;:639,&quot;width&quot;:960,&quot;orientation&quot;:&quot;landscape&quot;}}\"><\/span><span><img decoding=\"async\" alt=\"\" data-id=\"14194\" width=\"960\" height=\"639\" title=\"Von Paris-Giverny, Monets Haus und G\u00e4rten Halbtagesausflug 3\" src=\"https:\/\/www.paristouristinformation.fr\/de\/wp-content\/uploads\/2026\/02\/From-Paris-Giverny-Monets-House-Gardens-Half-Day-Trip-3.jpeg\" data-src=\"https:\/\/www.paristouristinformation.fr\/de\/wp-content\/uploads\/2026\/02\/From-Paris-Giverny-Monets-House-Gardens-Half-Day-Trip-3-300x200-1.jpeg\" loading=\"lazy\" data-sizes=\"{&quot;thumbnail&quot;:{&quot;url&quot;:&quot;https:\/\/www.paristouristinformation.fr\/de\/wp-content\/uploads\/2026\/02\/From-Paris-Giverny-Monets-House-Gardens-Half-Day-Trip-3-333x205-1.jpeg&quot;,&quot;height&quot;:205,&quot;width&quot;:333,&quot;orientation&quot;:&quot;landscape&quot;},&quot;medium&quot;:{&quot;url&quot;:&quot;https:\/\/www.paristouristinformation.fr\/de\/wp-content\/uploads\/2026\/02\/From-Paris-Giverny-Monets-House-Gardens-Half-Day-Trip-3-300x200-1.jpeg&quot;,&quot;height&quot;:200,&quot;width&quot;:300,&quot;orientation&quot;:&quot;landscape&quot;},&quot;full&quot;:{&quot;url&quot;:&quot;https:\/\/www.paristouristinformation.fr\/de\/wp-content\/uploads\/2026\/02\/From-Paris-Giverny-Monets-House-Gardens-Half-Day-Trip-3.jpeg&quot;,&quot;height&quot;:639,&quot;width&quot;:960,&quot;orientation&quot;:&quot;landscape&quot;}}\"><\/span><span><img decoding=\"async\" alt=\"\" data-id=\"14195\" width=\"960\" height=\"639\" title=\"Von Paris-Giverny, Monet's House, &amp; Gardens Halbtagesausflug 2\" src=\"https:\/\/www.paristouristinformation.fr\/de\/wp-content\/uploads\/2026\/02\/From-Paris-Giverny-Monets-House-Gardens-Half-Day-Trip-2.jpeg\" data-src=\"https:\/\/www.paristouristinformation.fr\/de\/wp-content\/uploads\/2026\/02\/From-Paris-Giverny-Monets-House-Gardens-Half-Day-Trip-2-300x200-1.jpeg\" loading=\"lazy\" data-sizes=\"{&quot;thumbnail&quot;:{&quot;url&quot;:&quot;https:\/\/www.paristouristinformation.fr\/de\/wp-content\/uploads\/2026\/02\/From-Paris-Giverny-Monets-House-Gardens-Half-Day-Trip-2-333x205-1.jpeg&quot;,&quot;height&quot;:205,&quot;width&quot;:333,&quot;orientation&quot;:&quot;landscape&quot;},&quot;medium&quot;:{&quot;url&quot;:&quot;https:\/\/www.paristouristinformation.fr\/de\/wp-content\/uploads\/2026\/02\/From-Paris-Giverny-Monets-House-Gardens-Half-Day-Trip-2-300x200-1.jpeg&quot;,&quot;height&quot;:200,&quot;width&quot;:300,&quot;orientation&quot;:&quot;landscape&quot;},&quot;full&quot;:{&quot;url&quot;:&quot;https:\/\/www.paristouristinformation.fr\/de\/wp-content\/uploads\/2026\/02\/From-Paris-Giverny-Monets-House-Gardens-Half-Day-Trip-2.jpeg&quot;,&quot;height&quot;:639,&quot;width&quot;:960,&quot;orientation&quot;:&quot;landscape&quot;}}\"><\/span><span><img decoding=\"async\" alt=\"\" data-id=\"14196\" width=\"960\" height=\"639\" title=\"Von Paris-Giverny, Monets Haus und G\u00e4rten Halbtagesausflug 1\" src=\"https:\/\/www.paristouristinformation.fr\/de\/wp-content\/uploads\/2026\/02\/From-Paris-Giverny-Monets-House-Gardens-Half-Day-Trip-1.jpeg\" data-src=\"https:\/\/www.paristouristinformation.fr\/de\/wp-content\/uploads\/2026\/02\/From-Paris-Giverny-Monets-House-Gardens-Half-Day-Trip-1-300x200-1.jpeg\" loading=\"lazy\" data-sizes=\"{&quot;thumbnail&quot;:{&quot;url&quot;:&quot;https:\/\/www.paristouristinformation.fr\/de\/wp-content\/uploads\/2026\/02\/From-Paris-Giverny-Monets-House-Gardens-Half-Day-Trip-1-333x205-1.jpeg&quot;,&quot;height&quot;:205,&quot;width&quot;:333,&quot;orientation&quot;:&quot;landscape&quot;},&quot;medium&quot;:{&quot;url&quot;:&quot;https:\/\/www.paristouristinformation.fr\/de\/wp-content\/uploads\/2026\/02\/From-Paris-Giverny-Monets-House-Gardens-Half-Day-Trip-1-300x200-1.jpeg&quot;,&quot;height&quot;:200,&quot;width&quot;:300,&quot;orientation&quot;:&quot;landscape&quot;},&quot;full&quot;:{&quot;url&quot;:&quot;https:\/\/www.paristouristinformation.fr\/de\/wp-content\/uploads\/2026\/02\/From-Paris-Giverny-Monets-House-Gardens-Half-Day-Trip-1.jpeg&quot;,&quot;height&quot;:639,&quot;width&quot;:960,&quot;orientation&quot;:&quot;landscape&quot;}}\"><\/span><span><img decoding=\"async\" alt=\"\" data-id=\"14197\" width=\"960\" height=\"639\" title=\"Halbt\u00e4giger Ausflug von Paris-Giverny, Monet's House und Gardens\" src=\"https:\/\/www.paristouristinformation.fr\/de\/wp-content\/uploads\/2026\/02\/From-Paris-Giverny-Monets-House-Gardens-Half-Day-Trip.jpeg\" data-src=\"https:\/\/www.paristouristinformation.fr\/de\/wp-content\/uploads\/2026\/02\/From-Paris-Giverny-Monets-House-Gardens-Half-Day-Trip-300x200-1.jpeg\" loading=\"lazy\" data-sizes=\"{&quot;thumbnail&quot;:{&quot;url&quot;:&quot;https:\/\/www.paristouristinformation.fr\/de\/wp-content\/uploads\/2026\/02\/From-Paris-Giverny-Monets-House-Gardens-Half-Day-Trip-333x205-1.jpeg&quot;,&quot;height&quot;:205,&quot;width&quot;:333,&quot;orientation&quot;:&quot;landscape&quot;},&quot;medium&quot;:{&quot;url&quot;:&quot;https:\/\/www.paristouristinformation.fr\/de\/wp-content\/uploads\/2026\/02\/From-Paris-Giverny-Monets-House-Gardens-Half-Day-Trip-300x200-1.jpeg&quot;,&quot;height&quot;:200,&quot;width&quot;:300,&quot;orientation&quot;:&quot;landscape&quot;},&quot;full&quot;:{&quot;url&quot;:&quot;https:\/\/www.paristouristinformation.fr\/de\/wp-content\/uploads\/2026\/02\/From-Paris-Giverny-Monets-House-Gardens-Half-Day-Trip.jpeg&quot;,&quot;height&quot;:639,&quot;width&quot;:960,&quot;orientation&quot;:&quot;landscape&quot;}}\"><\/span><\/p>\n<h1 data-qa-marker=\"product-name\">Ab Paris: Halbtagestour nach Giverny, Monets Haus &amp; G\u00e4rten<\/h1>\n<h2><a href=\"https:\/\/www.getyourguide.com\/paris-l16\/from-paris-giverny-with-monet-s-house-and-gardens-half-day-t450854\/?partner_id=NO9XIDE&amp;utm_medium=online_publisher&amp;cmp=ParisTiDeGivernyMonetHouseDayTripSp\" target=\"_blank\" rel=\"nofollow noopener\" style=\"outline: none;\">Zur Buchung<\/a><\/h2>\n<p style=\"\"><a href=\"https:\/\/www.getyourguide.com\/paris-l16\/from-paris-giverny-with-monet-s-house-and-gardens-half-day-t450854\/?partner_id=NO9XIDE&amp;utm_medium=online_publisher&amp;cmp=ParisTiDeGivernyMonetHouseDayTripSp\" target=\"_blank\" rel=\"nofollow noopener\" style=\"outline: none;\">Preis ab<\/a><\/p>\n<h1><a href=\"https:\/\/www.getyourguide.com\/paris-l16\/from-paris-giverny-with-monet-s-house-and-gardens-half-day-t450854\/?partner_id=NO9XIDE&amp;utm_medium=online_publisher&amp;cmp=ParisTiDeGivernyMonetHouseDayTripSp\" target=\"_blank\" rel=\"nofollow noopener\" style=\"outline: none;\" spellcheck=\"false\"><strong>76 \u20ac<\/strong><\/a><\/h1>\n<p dir=\"ltr\">Betreten Sie die Welt von Claude Monet mit dieser Halbtagestour nach Giverny. Entdecken Sie das Haus des K\u00fcnstlers, die ikonischen G\u00e4rten und die Landschaften, die seine Meisterwerke inspiriert haben. Perfekt f\u00fcr Kunstliebhaber und Naturliebhaber gleicherma\u00dfen.<\/p>\n<ul>\n<li style=\"\"><span style=\"\">Mobiles oder gedrucktes Ticket akzeptiert<\/span><\/li>\n<li style=\"\"><span style=\"\">Live-Reiseleiter (Englisch)<\/span><\/li>\n<li style=\"\"><span style=\"\">Dauer 5,5 Stunden<\/span><\/li>\n<li style=\"\"><span style=\"\">Kostenlose Stornierung<\/span><\/li>\n<\/ul>\n<h2>Inbegriffen<\/h2>\n<ul>\n<li style=\"\">                    <span><span data-olk-copy-source=\"MessageBody\"><span data-olk-copy-source=\"MessageBody\">Hin- und R\u00fccktransport von Paris nach Giverny<\/span><\/span><\/span><\/li>\n<li style=\"\">                    <span><span data-olk-copy-source=\"MessageBody\"><span data-olk-copy-source=\"MessageBody\">Vorrangiger Zugang zu Monets Haus und G\u00e4rten<\/span><\/span><\/span><\/li>\n<li style=\"\">                    <span><span data-olk-copy-source=\"MessageBody\"><span data-olk-copy-source=\"MessageBody\">Expertenf\u00fchrer<\/span><\/span><\/span><\/li>\n<li><span><span data-olk-copy-source=\"MessageBody\"><span data-olk-copy-source=\"MessageBody\">Selbstgef\u00fchrte audiogef\u00fchrte App f\u00fcr Monets Haus und G\u00e4rten<\/span><\/span><\/span><\/li>\n<\/ul>\n<h2>Nicht inbegriffen<\/h2>\n<ul>\n<li style=\"\"><span><span data-olk-copy-source=\"MessageBody\"><span data-olk-copy-source=\"MessageBody\">Mahlzeiten und Getr\u00e4nke<\/span><\/span><\/span><\/li>\n<li><span><span data-olk-copy-source=\"MessageBody\"><span data-olk-copy-source=\"MessageBody\">Abholung und R\u00fcckgabe im Hotel<\/span><\/span><\/span><\/li>\n<li style=\"\"><span><span data-olk-copy-source=\"MessageBody\"><span data-olk-copy-source=\"MessageBody\">Trinkgelder f\u00fcr den F\u00fchrer und Fahrer<\/span><\/span><\/span><\/li>\n<\/ul>\n<h2>Wichtige Informationen<\/h2>\n<ul>\n<li style=\"\"><span><span data-olk-copy-source=\"MessageBody\"><span data-olk-copy-source=\"MessageBody\">Tourdauer: ca. 5 Stunden, einschlie\u00dflich Reisezeit<\/span><\/span><\/span><\/li>\n<li><span><span data-olk-copy-source=\"MessageBody\"><span data-olk-copy-source=\"MessageBody\">Funktioniert bei allen Wetterbedingungen; bitte kleiden Sie sich angemessen<\/span><\/span><\/span><\/li>\n<li><span><span data-olk-copy-source=\"MessageBody\"><span data-olk-copy-source=\"MessageBody\">Geeignet f\u00fcr alle Altersgruppen, mit moderatem Gehen<\/span><\/span><\/span><\/li>\n<li><span><span data-olk-copy-source=\"MessageBody\"><span data-olk-copy-source=\"MessageBody\"><span data-olk-copy-source=\"MessageBody\">Bringen Sie bequeme Kleidung, Kopfh\u00f6rer, ein voll aufgeladenes Smartphone und einen Kindersitz mit.<\/span><\/span><\/span><\/span><\/li>\n<li><span><span data-olk-copy-source=\"MessageBody\"><span data-olk-copy-source=\"MessageBody\">Der Aktivit\u00e4tsanbieter kann G\u00e4ste mit Rollst\u00fchlen, besonderen Unterst\u00fctzungsbed\u00fcrfnissen, Kinderwagen oder Kinderwagen auf Gruppenreisen nicht unterbringen.<\/span><\/span><\/span><\/li>\n<li><span><span data-olk-copy-source=\"MessageBody\">Kinderwagen, gro\u00dfe Taschen oder Gep\u00e4ckst\u00fccke und Kinderwagen sind nicht erlaubt.<\/span><\/span><\/li>\n<\/ul>\n<h2>Beschreibung:<\/h2>\n<p><span data-olk-copy-source=\"MessageBody\"><span data-olk-copy-source=\"MessageBody\">Tauchen Sie mit dieser bereichernden <strong>Reise nach Giverny <\/strong>in das Leben von Claude Monet ein. Erkunden Sie sein bezauberndes <strong>Haus<\/strong>, in dem er lebte und malte, und schlendern Sie durch die pulsierenden <strong>G\u00e4rten<\/strong>, die viele seiner ber\u00fchmten Werke inspirierten. Dies ist eine seltene Gelegenheit, sich mit der Welt eines der gr\u00f6\u00dften K\u00fcnstler der Geschichte zu verbinden.<\/span><\/span><\/p>\n<h2>H\u00f6hepunkte:<\/h2>\n<ul>\n<li><strong><span data-olk-copy-source=\"MessageBody\">Betreten Sie Monets Haus <\/span><\/strong><span data-olk-copy-source=\"MessageBody\">und sehen Sie, wo der K\u00fcnstler Inspiration gefunden hat.<\/span><\/li>\n<li><strong><span data-olk-copy-source=\"MessageBody\"><span data-olk-copy-source=\"MessageBody\">Schlendern Sie durch die pulsierenden G\u00e4rten<\/span><\/span><\/strong><span data-olk-copy-source=\"MessageBody\"><span data-olk-copy-source=\"MessageBody\">, die seine ber\u00fchmte Seerlilien-Serie beeinflusst haben.<\/span><\/span><\/li>\n<li><strong><span data-olk-copy-source=\"MessageBody\"><span data-olk-copy-source=\"MessageBody\">Entdecken Sie Einblicke <\/span><\/span><\/strong><span data-olk-copy-source=\"MessageBody\"><span data-olk-copy-source=\"MessageBody\">in Monets Leben, Kunst und Leidenschaft von einem fachkundigen F\u00fchrer.<\/span><\/span><\/li>\n<li><strong><span data-olk-copy-source=\"MessageBody\"><span data-olk-copy-source=\"MessageBody\">Genie\u00dfen Sie Freizeit in Giverny<\/span><\/span><\/strong><span data-olk-copy-source=\"MessageBody\"><span data-olk-copy-source=\"MessageBody\">, perfekt, um das Dorf und die nahe gelegenen Attraktionen zu erkunden.<\/span><\/span><\/li>\n<li><strong><span data-olk-copy-source=\"MessageBody\"><span data-olk-copy-source=\"MessageBody\">Erleben Sie nahtlose Reisen <\/span><\/span><\/strong><span data-olk-copy-source=\"MessageBody\"><span data-olk-copy-source=\"MessageBody\">mit Hin- und R\u00fccktransporten aus dem Zentrum von Paris.<\/span><\/span><\/li>\n<\/ul>\n<h1 data-qa-marker=\"product-name\"><span data-olk-copy-source=\"MessageBody\">Monets Haus und G\u00e4rten<\/span><\/h1>\n<p dir=\"ltr\"><span data-olk-copy-source=\"MessageBody\">Giverny, 27620, Normandie, Frankreich.<\/span><\/p>\n<h2>Stornierungsrichtlinien<\/h2>\n<p dir=\"ltr\"><span data-olk-copy-source=\"MessageBody\">Eine Stornierung ist bis zu 24 Stunden vor dem geplanten Erlebnis m\u00f6glich.<\/span><\/p>\n<h2>Treffpunkt &amp; Anleitung<\/h2>\n<p data-pm-slice=\"1 1 []\">Treffen Sie sich vor der Kirche Notre-Dame de Compassion (Place du G\u00e9n\u00e9ral K\u0153nig, 75017 Paris), wo Ihre City Wonders-F\u00fchrer ein Schild zur einfachen Identifizierung halten werden. Bitte beachten Sie, dass dies nicht die Kathedrale Notre Dame de Paris ist.<\/p>\n<p><a href=\"https:\/\/maps.app.goo.gl\/BMuBPG7dRugPyXAC8\" style=\"outline: none;\" data-lt-tmp-id=\"lt-493778\" spellcheck=\"false\" target=\"_blank\" rel=\"nofollow noopener\">In Karten \u00f6ffnen<\/a><\/p>\n<h2>Bewertungen<\/h2>\n<p><strong>4,5\/ 5 <\/strong><strong>(2880 Bewertungen)<\/strong><\/p>\n<p dir=\"ltr\">\u201eErstaunliche Tour, gute Darstellung von Monet und seiner k\u00fcnstlerischen Art. Es waren genug Informationen, aber nicht \u00fcberw\u00e4ltigend. Giverny war an einem sonnigen Tag einfach unglaublich.&#8220; Elena, Oktober 2024 [Quelle: GetYourGuide] <a href=\"https:\/\/www.getyourguide.com\/paris-l16\/from-paris-giverny-with-monet-s-house-and-gardens-half-day-t450854\/?partner_id=NO9XIDE&amp;utm_medium=online_publisher&amp;cmp=ParisTiDeGivernyMonetHouseDayTripSp\" target=\"_blank\" rel=\"nofollow noopener\" style=\"outline: none;\" data-lt-tmp-id=\"lt-903363\" spellcheck=\"false\">&gt;&gt; Weitere Bewertungen anzeigen<\/a><\/p>\n<h2>Weitere Aktivit\u00e4ten, die Ihnen gefallen k\u00f6nnten<\/h2>\n<p><span>#2<\/span><span>#2<\/span><span>#1<\/span><span><img decoding=\"async\" alt=\"\" data-id=\"13911\" width=\"159\" data-init-width=\"1200\" height=\"99\" data-init-height=\"750\" title=\"Versailles Tickets\" loading=\"lazy\" src=\"https:\/\/paristouristinformation.fr\/wp-content\/uploads\/2024\/09\/Versailles-Tickets.avif\" data-width=\"159\" data-height=\"99\" style=\"aspect-ratio: auto 1200 \/ 750;\"><\/span><\/p>\n<table>\n<tbody>\n<tr>\n<td><a href=\"https:\/\/www.headout.com\/de\/schloss-versailles-tickets\/schloss-versailles-tickets-e-7654\/?affiliate_code=KXkQ69&amp;utm_campaign=paristidegivernymonetsp2&amp;utm_content=link&amp;utm_medium=affiliate&amp;utm_source=most_amazing_places\" target=\"_blank\" rel=\"nofollow noopener\" style=\"outline: none;\">Schloss von Versailles und G\u00e4rten Fast-Track-Tickets mit Musical Gardens Show<\/a><\/td>\n<\/tr>\n<\/tbody>\n<\/table>\n<p dir=\"ltr\">Erleben Sie die Pracht des pr\u00e4chtigen Schlosses von Versailles mit schnellem Zugang zum Spiegelsaal, den k\u00f6niglichen Apartments und den atemberaubenden G\u00e4rten.<\/p>\n<h3 style=\"\">Gesamtpreis<\/h3>\n<h3>Ihr Konto wird noch nicht belastet.<\/h3>\n<p><span>#2<\/span><span style=\"\"><img decoding=\"async\" alt=\"Tickets f\u00fcr das Louvre-Museum ohne Anstehen + private F\u00fchrung\" data-id=\"10165\" width=\"159\" data-init-width=\"800\" height=\"159\" data-init-height=\"800\" title=\"Tickets f\u00fcr das Louvre-Museum ohne Anstehen + private F\u00fchrung\" loading=\"lazy\" src=\"https:\/\/www.paristouristinformation.fr\/de\/wp-content\/uploads\/2026\/02\/Tickets-for-Louvre-Museum-Skip-The-Line-Private-Guided-Tour.jpg\" data-width=\"159\" data-height=\"159\" style=\"aspect-ratio: auto 800 \/ 800;\" mt-d=\"-2.015625\" ml-d=\"0\"><\/span><\/p>\n<table>\n<tbody>\n<tr>\n<td><a href=\"https:\/\/www.headout.com\/de\/paris-louvre-tickets\/louvre-tickets-garantierter-einlass-innerhalb-von-30-minuten-e-3909\/?affiliate_code=KXkQ69&amp;utm_campaign=paristidegivernymonetsp3&amp;utm_content=link&amp;utm_medium=affiliate&amp;utm_source=most_amazing_places\" target=\"_blank\" rel=\"nofollow noopener\" style=\"outline: none;\" data-lt-tmp-id=\"lt-163467\" spellcheck=\"false\">Reservierte Eintrittskarten f\u00fcr das Louvre-Museum mit optionalem Audioguide<\/a><\/td>\n<\/tr>\n<\/tbody>\n<\/table>\n<p>Erschlie\u00dfen Sie die Wunder des Louvre-Museums mit einem schnellen Eintritt, so dass Sie mehr Zeit haben, einen weltber\u00fchmten Kulturschatz zu erkunden. Tauchen Sie ein in eine Kunstsammlung, die sich \u00fcber Jahrhunderte erstreckt und Meisterwerke von alten Zivilisationen bis hin zu ikonischer westeurop\u00e4ischer Kunst zeigt.<\/p>\n<h3 style=\"\">Gesamtpreis<\/h3>\n<h3 style=\"\">Ihr Konto wird noch nicht belastet.<\/h3>\n<p><\/p>\n<h2><a href=\"https:\/\/www.getyourguide.com\/paris-l16\/from-paris-giverny-with-monet-s-house-and-gardens-half-day-t450854\/?partner_id=NO9XIDE&amp;utm_medium=online_publisher&amp;cmp=ParisTiDeGivernyMonetHouseDayTripSp\" target=\"_blank\" rel=\"nofollow noopener\" style=\"outline: none;\">Zur Buchung<\/a><\/h2>\n<p style=\"\"><a href=\"https:\/\/www.getyourguide.com\/paris-l16\/from-paris-giverny-with-monet-s-house-and-gardens-half-day-t450854\/?partner_id=NO9XIDE&amp;utm_medium=online_publisher&amp;cmp=ParisTiDeGivernyMonetHouseDayTripSp\" target=\"_blank\" rel=\"nofollow noopener\" style=\"outline: none;\">Preis ab<\/a><\/p>\n<h1><a href=\"https:\/\/www.getyourguide.com\/paris-l16\/from-paris-giverny-with-monet-s-house-and-gardens-half-day-t450854\/?partner_id=NO9XIDE&amp;utm_medium=online_publisher&amp;cmp=ParisTiDeGivernyMonetHouseDayTripSp\" target=\"_blank\" rel=\"nofollow noopener\" style=\"outline: none;\"><strong>76 \u20ac<\/strong><\/a><\/h1>\n<h3>Ihr Konto wird noch nicht belastet.<\/h3>\n","protected":false},"excerpt":{"rendered":"<p>Ab Paris: Halbtagestour nach Giverny, Monets Haus &amp; G\u00e4rten Zur Buchung Preis ab 76 \u20ac Betreten Sie die Welt von Claude Monet mit dieser Halbtagestour nach Giverny. Entdecken Sie das Haus des K\u00fcnstlers, die ikonischen G\u00e4rten und die Landschaften, die seine Meisterwerke inspiriert haben. Perfekt f\u00fcr Kunstliebhaber und Naturliebhaber gleicherma\u00dfen. Mobiles oder gedrucktes Ticket akzeptiert [&hellip;]<\/p>\n","protected":false},"author":10,"featured_media":15409,"parent":0,"menu_order":0,"comment_status":"closed","ping_status":"closed","template":"","meta":{"footnotes":""},"tags":[69],"class_list":["post-15408","page","type-page","status-publish","has-post-thumbnail","hentry","tag-sales-pages","post-wrapper","thrv_wrapper"],"wp-worthy-pixel":{"ignored":false,"public":null,"server":null,"url":null},"wp-worthy-type":"normal","_links":{"self":[{"href":"https:\/\/www.paristouristinformation.fr\/de\/wp-json\/wp\/v2\/pages\/15408","targetHints":{"allow":["GET"]}}],"collection":[{"href":"https:\/\/www.paristouristinformation.fr\/de\/wp-json\/wp\/v2\/pages"}],"about":[{"href":"https:\/\/www.paristouristinformation.fr\/de\/wp-json\/wp\/v2\/types\/page"}],"author":[{"embeddable":true,"href":"https:\/\/www.paristouristinformation.fr\/de\/wp-json\/wp\/v2\/users\/10"}],"replies":[{"embeddable":true,"href":"https:\/\/www.paristouristinformation.fr\/de\/wp-json\/wp\/v2\/comments?post=15408"}],"version-history":[{"count":13,"href":"https:\/\/www.paristouristinformation.fr\/de\/wp-json\/wp\/v2\/pages\/15408\/revisions"}],"predecessor-version":[{"id":15884,"href":"https:\/\/www.paristouristinformation.fr\/de\/wp-json\/wp\/v2\/pages\/15408\/revisions\/15884"}],"wp:featuredmedia":[{"embeddable":true,"href":"https:\/\/www.paristouristinformation.fr\/de\/wp-json\/wp\/v2\/media\/15409"}],"wp:attachment":[{"href":"https:\/\/www.paristouristinformation.fr\/de\/wp-json\/wp\/v2\/media?parent=15408"}],"wp:term":[{"taxonomy":"post_tag","embeddable":true,"href":"https:\/\/www.paristouristinformation.fr\/de\/wp-json\/wp\/v2\/tags?post=15408"}],"curies":[{"name":"wp","href":"https:\/\/api.w.org\/{rel}","templated":true}]}}