{"id":15439,"date":"2026-04-08T08:45:04","date_gmt":"2026-04-08T08:45:04","guid":{"rendered":"https:\/\/www.paristouristinformation.fr\/de\/?page_id=15439"},"modified":"2026-04-08T08:48:15","modified_gmt":"2026-04-08T08:48:15","slug":"seine-bootstour-bateaux-mouches","status":"publish","type":"page","link":"https:\/\/www.paristouristinformation.fr\/de\/seine-bootstour-bateaux-mouches\/","title":{"rendered":"Seine Bootstour mit Bateaux Mouches"},"content":{"rendered":"<p><span><img decoding=\"async\" alt=\"\" data-id=\"15111\" width=\"1809\" height=\"1556\" title=\"Seine Flusskreuzfahrt von Bateaux Mouches ota\" src=\"https:\/\/paristouristinformation.fr\/wp-content\/uploads\/2025\/05\/Seine-River-Cruise-by-Bateaux-Mouches-ota--1024x881.avif\" data-src=\"https:\/\/paristouristinformation.fr\/wp-content\/uploads\/2025\/05\/Seine-River-Cruise-by-Bateaux-Mouches-ota--300x258.avif\" loading=\"lazy\" data-sizes=\"{&quot;thumbnail&quot;:{&quot;url&quot;:&quot;https:\/\/paristouristinformation.fr\/wp-content\/uploads\/2025\/05\/Seine-River-Cruise-by-Bateaux-Mouches-ota--333x205.avif&quot;,&quot;height&quot;:205,&quot;width&quot;:333,&quot;orientation&quot;:&quot;landscape&quot;},&quot;medium&quot;:{&quot;url&quot;:&quot;https:\/\/paristouristinformation.fr\/wp-content\/uploads\/2025\/05\/Seine-River-Cruise-by-Bateaux-Mouches-ota--300x258.avif&quot;,&quot;height&quot;:258,&quot;width&quot;:300,&quot;orientation&quot;:&quot;landscape&quot;},&quot;large&quot;:{&quot;url&quot;:&quot;https:\/\/paristouristinformation.fr\/wp-content\/uploads\/2025\/05\/Seine-River-Cruise-by-Bateaux-Mouches-ota--1024x881.avif&quot;,&quot;height&quot;:881,&quot;width&quot;:1024,&quot;orientation&quot;:&quot;landscape&quot;},&quot;full&quot;:{&quot;url&quot;:&quot;https:\/\/paristouristinformation.fr\/wp-content\/uploads\/2025\/05\/Seine-River-Cruise-by-Bateaux-Mouches-ota-.avif&quot;,&quot;height&quot;:1556,&quot;width&quot;:1809,&quot;orientation&quot;:&quot;landscape&quot;},&quot;1536x1536&quot;:{&quot;url&quot;:&quot;https:\/\/paristouristinformation.fr\/wp-content\/uploads\/2025\/05\/Seine-River-Cruise-by-Bateaux-Mouches-ota--1536x1321.avif&quot;,&quot;height&quot;:1321,&quot;width&quot;:1536,&quot;orientation&quot;:&quot;landscape&quot;}}\"><\/span><span><img decoding=\"async\" alt=\"\" data-id=\"15110\" width=\"2334\" height=\"1556\" title=\"Seine Flusskreuzfahrt von Bateaux Mouches ota 2\" src=\"https:\/\/paristouristinformation.fr\/wp-content\/uploads\/2025\/05\/Seine-River-Cruise-by-Bateaux-Mouches-ota-2-1024x683.avif\" data-src=\"https:\/\/paristouristinformation.fr\/wp-content\/uploads\/2025\/05\/Seine-River-Cruise-by-Bateaux-Mouches-ota-2-300x200.avif\" loading=\"lazy\" data-sizes=\"{&quot;thumbnail&quot;:{&quot;url&quot;:&quot;https:\/\/paristouristinformation.fr\/wp-content\/uploads\/2025\/05\/Seine-River-Cruise-by-Bateaux-Mouches-ota-2-333x205.avif&quot;,&quot;height&quot;:205,&quot;width&quot;:333,&quot;orientation&quot;:&quot;landscape&quot;},&quot;medium&quot;:{&quot;url&quot;:&quot;https:\/\/paristouristinformation.fr\/wp-content\/uploads\/2025\/05\/Seine-River-Cruise-by-Bateaux-Mouches-ota-2-300x200.avif&quot;,&quot;height&quot;:200,&quot;width&quot;:300,&quot;orientation&quot;:&quot;landscape&quot;},&quot;large&quot;:{&quot;url&quot;:&quot;https:\/\/paristouristinformation.fr\/wp-content\/uploads\/2025\/05\/Seine-River-Cruise-by-Bateaux-Mouches-ota-2-1024x683.avif&quot;,&quot;height&quot;:683,&quot;width&quot;:1024,&quot;orientation&quot;:&quot;landscape&quot;},&quot;full&quot;:{&quot;url&quot;:&quot;https:\/\/paristouristinformation.fr\/wp-content\/uploads\/2025\/05\/Seine-River-Cruise-by-Bateaux-Mouches-ota-2.avif&quot;,&quot;height&quot;:1556,&quot;width&quot;:2334,&quot;orientation&quot;:&quot;landscape&quot;},&quot;1536x1536&quot;:{&quot;url&quot;:&quot;https:\/\/paristouristinformation.fr\/wp-content\/uploads\/2025\/05\/Seine-River-Cruise-by-Bateaux-Mouches-ota-2-1536x1024.avif&quot;,&quot;height&quot;:1024,&quot;width&quot;:1536,&quot;orientation&quot;:&quot;landscape&quot;},&quot;2048x2048&quot;:{&quot;url&quot;:&quot;https:\/\/paristouristinformation.fr\/wp-content\/uploads\/2025\/05\/Seine-River-Cruise-by-Bateaux-Mouches-ota-2-2048x1365.avif&quot;,&quot;height&quot;:1365,&quot;width&quot;:2048,&quot;orientation&quot;:&quot;landscape&quot;}}\"><\/span><span><img decoding=\"async\" alt=\"\" data-id=\"15109\" width=\"2334\" height=\"1556\" title=\"Seine Flusskreuzfahrt mit Bateaux Mouches ota 3\" src=\"https:\/\/paristouristinformation.fr\/wp-content\/uploads\/2025\/05\/Seine-River-Cruise-by-Bateaux-Mouches-ota-3-1024x683.avif\" data-src=\"https:\/\/paristouristinformation.fr\/wp-content\/uploads\/2025\/05\/Seine-River-Cruise-by-Bateaux-Mouches-ota-3-300x200.avif\" loading=\"lazy\" data-sizes=\"{&quot;thumbnail&quot;:{&quot;url&quot;:&quot;https:\/\/paristouristinformation.fr\/wp-content\/uploads\/2025\/05\/Seine-River-Cruise-by-Bateaux-Mouches-ota-3-333x205.avif&quot;,&quot;height&quot;:205,&quot;width&quot;:333,&quot;orientation&quot;:&quot;landscape&quot;},&quot;medium&quot;:{&quot;url&quot;:&quot;https:\/\/paristouristinformation.fr\/wp-content\/uploads\/2025\/05\/Seine-River-Cruise-by-Bateaux-Mouches-ota-3-300x200.avif&quot;,&quot;height&quot;:200,&quot;width&quot;:300,&quot;orientation&quot;:&quot;landscape&quot;},&quot;large&quot;:{&quot;url&quot;:&quot;https:\/\/paristouristinformation.fr\/wp-content\/uploads\/2025\/05\/Seine-River-Cruise-by-Bateaux-Mouches-ota-3-1024x683.avif&quot;,&quot;height&quot;:683,&quot;width&quot;:1024,&quot;orientation&quot;:&quot;landscape&quot;},&quot;full&quot;:{&quot;url&quot;:&quot;https:\/\/paristouristinformation.fr\/wp-content\/uploads\/2025\/05\/Seine-River-Cruise-by-Bateaux-Mouches-ota-3.avif&quot;,&quot;height&quot;:1556,&quot;width&quot;:2334,&quot;orientation&quot;:&quot;landscape&quot;},&quot;1536x1536&quot;:{&quot;url&quot;:&quot;https:\/\/paristouristinformation.fr\/wp-content\/uploads\/2025\/05\/Seine-River-Cruise-by-Bateaux-Mouches-ota-3-1536x1024.avif&quot;,&quot;height&quot;:1024,&quot;width&quot;:1536,&quot;orientation&quot;:&quot;landscape&quot;},&quot;2048x2048&quot;:{&quot;url&quot;:&quot;https:\/\/paristouristinformation.fr\/wp-content\/uploads\/2025\/05\/Seine-River-Cruise-by-Bateaux-Mouches-ota-3-2048x1365.avif&quot;,&quot;height&quot;:1365,&quot;width&quot;:2048,&quot;orientation&quot;:&quot;landscape&quot;}}\"><\/span><span><img decoding=\"async\" alt=\"\" data-id=\"15108\" width=\"2334\" height=\"1556\" title=\"Seine-Kreuzfahrt von Bateaux Mouches ota 4\" src=\"https:\/\/paristouristinformation.fr\/wp-content\/uploads\/2025\/05\/Seine-River-Cruise-by-Bateaux-Mouches-ota-4-1024x683.avif\" data-src=\"https:\/\/paristouristinformation.fr\/wp-content\/uploads\/2025\/05\/Seine-River-Cruise-by-Bateaux-Mouches-ota-4-300x200.avif\" loading=\"lazy\" data-sizes=\"{&quot;thumbnail&quot;:{&quot;url&quot;:&quot;https:\/\/paristouristinformation.fr\/wp-content\/uploads\/2025\/05\/Seine-River-Cruise-by-Bateaux-Mouches-ota-4-333x205.avif&quot;,&quot;height&quot;:205,&quot;width&quot;:333,&quot;orientation&quot;:&quot;landscape&quot;},&quot;medium&quot;:{&quot;url&quot;:&quot;https:\/\/paristouristinformation.fr\/wp-content\/uploads\/2025\/05\/Seine-River-Cruise-by-Bateaux-Mouches-ota-4-300x200.avif&quot;,&quot;height&quot;:200,&quot;width&quot;:300,&quot;orientation&quot;:&quot;landscape&quot;},&quot;large&quot;:{&quot;url&quot;:&quot;https:\/\/paristouristinformation.fr\/wp-content\/uploads\/2025\/05\/Seine-River-Cruise-by-Bateaux-Mouches-ota-4-1024x683.avif&quot;,&quot;height&quot;:683,&quot;width&quot;:1024,&quot;orientation&quot;:&quot;landscape&quot;},&quot;full&quot;:{&quot;url&quot;:&quot;https:\/\/paristouristinformation.fr\/wp-content\/uploads\/2025\/05\/Seine-River-Cruise-by-Bateaux-Mouches-ota-4.avif&quot;,&quot;height&quot;:1556,&quot;width&quot;:2334,&quot;orientation&quot;:&quot;landscape&quot;},&quot;1536x1536&quot;:{&quot;url&quot;:&quot;https:\/\/paristouristinformation.fr\/wp-content\/uploads\/2025\/05\/Seine-River-Cruise-by-Bateaux-Mouches-ota-4-1536x1024.avif&quot;,&quot;height&quot;:1024,&quot;width&quot;:1536,&quot;orientation&quot;:&quot;landscape&quot;},&quot;2048x2048&quot;:{&quot;url&quot;:&quot;https:\/\/paristouristinformation.fr\/wp-content\/uploads\/2025\/05\/Seine-River-Cruise-by-Bateaux-Mouches-ota-4-2048x1365.avif&quot;,&quot;height&quot;:1365,&quot;width&quot;:2048,&quot;orientation&quot;:&quot;landscape&quot;}}\"><\/span><span><img decoding=\"async\" alt=\"\" data-id=\"15107\" width=\"2340\" height=\"1556\" title=\"Seine Flusskreuzfahrt mit Bateaux Mouches ota 5\" src=\"https:\/\/paristouristinformation.fr\/wp-content\/uploads\/2025\/05\/Seine-River-Cruise-by-Bateaux-Mouches-ota-5-1024x681.avif\" data-src=\"https:\/\/paristouristinformation.fr\/wp-content\/uploads\/2025\/05\/Seine-River-Cruise-by-Bateaux-Mouches-ota-5-300x199.avif\" loading=\"lazy\" data-sizes=\"{&quot;thumbnail&quot;:{&quot;url&quot;:&quot;https:\/\/paristouristinformation.fr\/wp-content\/uploads\/2025\/05\/Seine-River-Cruise-by-Bateaux-Mouches-ota-5-333x205.avif&quot;,&quot;height&quot;:205,&quot;width&quot;:333,&quot;orientation&quot;:&quot;landscape&quot;},&quot;medium&quot;:{&quot;url&quot;:&quot;https:\/\/paristouristinformation.fr\/wp-content\/uploads\/2025\/05\/Seine-River-Cruise-by-Bateaux-Mouches-ota-5-300x199.avif&quot;,&quot;height&quot;:199,&quot;width&quot;:300,&quot;orientation&quot;:&quot;landscape&quot;},&quot;large&quot;:{&quot;url&quot;:&quot;https:\/\/paristouristinformation.fr\/wp-content\/uploads\/2025\/05\/Seine-River-Cruise-by-Bateaux-Mouches-ota-5-1024x681.avif&quot;,&quot;height&quot;:681,&quot;width&quot;:1024,&quot;orientation&quot;:&quot;landscape&quot;},&quot;full&quot;:{&quot;url&quot;:&quot;https:\/\/paristouristinformation.fr\/wp-content\/uploads\/2025\/05\/Seine-River-Cruise-by-Bateaux-Mouches-ota-5.avif&quot;,&quot;height&quot;:1556,&quot;width&quot;:2340,&quot;orientation&quot;:&quot;landscape&quot;},&quot;1536x1536&quot;:{&quot;url&quot;:&quot;https:\/\/paristouristinformation.fr\/wp-content\/uploads\/2025\/05\/Seine-River-Cruise-by-Bateaux-Mouches-ota-5-1536x1021.avif&quot;,&quot;height&quot;:1021,&quot;width&quot;:1536,&quot;orientation&quot;:&quot;landscape&quot;},&quot;2048x2048&quot;:{&quot;url&quot;:&quot;https:\/\/paristouristinformation.fr\/wp-content\/uploads\/2025\/05\/Seine-River-Cruise-by-Bateaux-Mouches-ota-5-2048x1362.avif&quot;,&quot;height&quot;:1362,&quot;width&quot;:2048,&quot;orientation&quot;:&quot;landscape&quot;}}\"><\/span><\/p>\n<h1>Bootstour auf der Seine by Bateaux Mouches<\/h1>\n<h2><a href=\"https:\/\/www.tiqets.com\/de\/paris-sehenswuerdigkeiten-c66746\/tickets-fur-bootstour-auf-der-seine-by-bateaux-mouches-p982823\/?partner=paristouristinformation&amp;tq_campaign=DeBateauxMouchesCruiseSP\" target=\"_blank\" rel=\"nofollow noopener\" style=\"outline: none;\">Zur Buchung<\/a><\/h2>\n<p style=\"\"><a href=\"https:\/\/www.tiqets.com\/de\/paris-sehenswuerdigkeiten-c66746\/tickets-fur-bootstour-auf-der-seine-by-bateaux-mouches-p982823\/?partner=paristouristinformation&amp;tq_campaign=DeBateauxMouchesCruiseSP\" target=\"_blank\" rel=\"nofollow noopener\" style=\"outline: none;\">Preis ab<\/a><\/p>\n<h1><a href=\"https:\/\/www.tiqets.com\/de\/paris-sehenswuerdigkeiten-c66746\/tickets-fur-bootstour-auf-der-seine-by-bateaux-mouches-p982823\/?partner=paristouristinformation&amp;tq_campaign=DeBateauxMouchesCruiseSP\" target=\"_blank\" rel=\"nofollow noopener\" style=\"outline: none;\"><strong>19,00 \u20ac<\/strong><\/a><\/h1>\n<p dir=\"ltr\">Bewundern Sie Paris vom Wasser aus mit einer 1-st\u00fcndigen und 10-min\u00fctigen Seine-Kreuzfahrt mit Bateaux Mouches, komplett mit Audiokommentar und einzigartige Ausblicke auf den Eiffelturm, den Louvre und mehr.<\/p>\n<ul>\n<li style=\"\"><span>Sorgf\u00e4ltig ausgew\u00e4hltes Ticket<\/span><\/li>\n<li><span>Mobiles Ticket<\/span><\/li>\n<li style=\"\"><span>Dauer: 1h 10 min.<\/span><\/li>\n<li style=\"\"><span>Kostenlose Stornierung<\/span><\/li>\n<\/ul>\n<h2>Inbegriffen<\/h2>\n<ul>\n<li style=\"\">                    <span>1 Stunde 10 Minuten Seine Sightseeing-Kreuzfahrt<\/span><\/li>\n<li style=\"\">                    <span>Audiokommentar auf Englisch oder Franz\u00f6sisch<\/span><\/li>\n<li style=\"\">                    <span>Mehrsprachige Routenkarte (verf\u00fcgbar in 25 Sprachen, vor dem Einsteigen gesammelt)<\/span><\/li>\n<\/ul>\n<h2>Nicht inbegriffen<\/h2>\n<ul>\n<li style=\"\"><span>Eintrittskarten f\u00fcr Attraktionen<\/span><\/li>\n<li><span>Transport zu\/von den Boarding-Punkten<\/span><\/li>\n<\/ul>\n<h2>Wichtige Informationen<\/h2>\n<ul>\n<li style=\"\"><span>Sie m\u00fcssen kein Zeitfenster im Voraus ausw\u00e4hlen &#8211; k\u00f6nnen Sie jederzeit w\u00e4hrend der Gesch\u00e4ftszeiten kreuzen<\/span><\/li>\n<li><span>Kreuzfahrten fahren <strong>alle 30 Minuten <\/strong>(Apr-Sep) und <strong>alle 45 Minuten <\/strong>(Okt-M\u00e4rz)<\/span><\/li>\n<li><span>Die letzte Abfahrt am 24. Dezember ist um 17 Uhr<\/span><\/li>\n<li><span>Die Zeiten k\u00f6nnen sich je nach Flussbedingungen und Passagierfluss \u00e4ndern<\/span><\/li>\n<li><span>Blindenhunde sind willkommen; andere Haustiere sind nicht erlaubt<\/span><\/li>\n<\/ul>\n<h2>Beschreibung:<\/h2>\n<p dir=\"ltr\">Steigen Sie an Bord eines <strong>Panoramaschiffs Bateaux Mouches <\/strong>und erleben Sie die Magie von Paris von der Seine aus.<strong> Wandern Sie an weltber\u00fchmten Sehensw\u00fcrdigkeiten <\/strong>wie dem Eiffelturm, der Kathedrale Notre-Dame und dem Louvre-Museum vorbei, w\u00e4hrend Sie <strong>fesselnde<\/strong><strong>Kommentare <\/strong>h\u00f6ren, die die reiche Geschichte der Stadt zum Leben erwecken.<\/p>\n<p dir=\"ltr\">Mit <strong>h\u00e4ufigen Abfl\u00fcgen und ohne Reservierung ist <\/strong>es der perfekte Weg, um sich zu entspannen, Fotos zu machen und die Sch\u00f6nheit von Paris aus einer anderen Perspektive zu genie\u00dfen. Ein unverzichtbares Erlebnis f\u00fcr Erstbesucher und wiederkehrende Romantiker gleicherma\u00dfen.<\/p>\n<h2>H\u00f6hepunkte:<\/h2>\n<ul>\n<li><strong data-end=\"146\" data-start=\"111\">Fahren Sie an den wichtigsten Sehensw\u00fcrdigkeiten von Paris vorbei, <\/strong>wie dem Eiffelturm, dem Louvre und Notre-Dame<\/li>\n<li data-end=\"260\" data-start=\"195\"><strong data-end=\"225\" data-start=\"197\">Tauchen Sie <\/strong>von einem offenen oder \u00fcberdachten Boot aus <strong data-end=\"225\" data-start=\"197\">in den Charme der Stadt ein<\/strong><\/li>\n<li data-end=\"749\" data-start=\"642\"><strong data-end=\"671\" data-start=\"644\">Perfekt f\u00fcr alle Jahreszeiten <\/strong>mit Sitzgelegenheiten im Freien und \u00fcberdachten Bereichen, die Komfort bei Sonnenschein bieten<\/li>\n<li data-end=\"534\" data-start=\"419\"><strong data-end=\"458\" data-start=\"421\">Genie\u00dfen Sie aufschlussreiche Audiokommentare <\/strong>auf Englisch oder Franz\u00f6sisch, die die Geschichte und die Wahrzeichen der Stadt zum Leben erwecken<\/li>\n<li dir=\"ltr\"><strong data-end=\"579\" data-start=\"537\">Kein fester Zeitplan &#8211; totale Flexibilit\u00e4t!<\/strong> Steigen Sie ein, wenn es Ihnen passt, und erkunden Sie Paris ohne Druck<\/li>\n<li dir=\"ltr\"><strong>Tolle Fotom\u00f6glichkeiten <\/strong>von Eiffelturm, Louvre, Notre-Dame und mehr<\/li>\n<\/ul>\n<h2>Einschiffungsort: Port de la Conf\u00e9rence<\/h2>\n<p dir=\"ltr\">Boarding Location: Port de la Conf\u00e9rence (in der N\u00e4he von Pont de l&#8217;Alma), 75008 Paris<\/p>\n<p dir=\"ltr\"><a href=\"https:\/\/www.google.com\/maps\/search\/?api=1&amp;query=Port%20de%20la%20Conf%C3%A9rence%2075008%20Paris\" style=\"outline: none;\" data-lt-tmp-id=\"lt-835606\" spellcheck=\"false\" target=\"_blank\" rel=\"nofollow noopener\">In Karten \u00f6ffnen<\/a><\/p>\n<h2>Stornierungsrichtlinien<\/h2>\n<p dir=\"ltr\">Kostenlose Stornierung bis 23:59 Uhr am Tag vor Ihrem Besuch m\u00f6glich<\/p>\n<h2>Treffpunkt &amp; Anleitung<\/h2>\n<p dir=\"ltr\">Gehen Sie zum Bateaux Mouches Pier in der N\u00e4he von Pont de l&#8217;Alma, gelegen an: Port de la Conf\u00e9rence, 75008 Paris. Zeigen Sie Ihr Smartphone-Ticket im Boarding-Bereich.<\/p>\n<p><a href=\"https:\/\/www.google.com\/maps\/place\/50%C2%B005&#039;24.6%22N+14%C2%B024&#039;00.2%22E\/@50.0901642,14.4000463,12z\/data=!4m4!3m3!8m2!3d50.0901642!4d14.4000463?entry=ttu\" style=\"outline: none;\" data-lt-tmp-id=\"lt-493778\" spellcheck=\"false\" target=\"_blank\" rel=\"nofollow noopener\"><\/a><a data-lt-tmp-id=\"lt-835606\" href=\"https:\/\/www.google.com\/maps\/search\/?api=1&amp;query=Port%20de%20la%20Conf%C3%A9rence%2075008%20Paris\" rel=\"nofollow noopener\" spellcheck=\"false\" target=\"_blank\" style=\"outline: none;\">In Karten \u00f6ffnen<\/a><\/p>\n<h2>Bewertungen&nbsp;<\/h2>\n<p><strong>4.4\/ 5 <\/strong><strong>(6580+ Bewertungen)<\/strong><\/p>\n<p dir=\"ltr\"><em>,,Ausgezeichnet! Wirklich angenehme und ruhige Flusskreuzfahrt. Boote sind komfortabel und es gibt fast keine Wartezeiten zum Einsteigen (was bemerkenswert ist, da die Schlangen in den Pariser Denkm\u00e4lern endlos sind)&#8220;&nbsp;<\/em>&#8211; Juan, Mai 2025<\/p>\n<p dir=\"ltr\"><em>,,Es war eine erstaunliche Erfahrung! Meine Familie und ich hatten eine tolle Reise, und wir haben es genossen, die sch\u00f6nen Orte von Paris zu sehen! Ich w\u00fcrde dieses Ticket auf jeden Fall wieder kaufen, und die Stadt sah bei Nacht unglaublich atemberaubend aus.&#8220;&nbsp;<\/em>&#8211; Eloisa, April 2025 <a href=\"https:\/\/www.tiqets.com\/de\/paris-sehenswuerdigkeiten-c66746\/tickets-fur-bootstour-auf-der-seine-by-bateaux-mouches-p982823\/?partner=paristouristinformation&amp;tq_campaign=DeBateauxMouchesCruiseSP\" target=\"_blank\" rel=\"nofollow noopener\" style=\"outline: none;\" data-lt-tmp-id=\"lt-277827\" spellcheck=\"false\">&gt;&gt; Weitere Bewertungen anzeigen<\/a><\/p>\n<h2>Weitere Aktivit\u00e4ten, die Ihnen gefallen k\u00f6nnten<\/h2>\n<p><span>#2<\/span><span><img decoding=\"async\" alt=\"\" data-id=\"15105\" width=\"159\" data-init-width=\"2334\" height=\"106\" data-init-height=\"1556\" title=\"Seine River- Dinner-Kreuzfahrt mit Live-Musik von Bateaux Mouches ota\" loading=\"lazy\" src=\"https:\/\/paristouristinformation.fr\/wp-content\/uploads\/2025\/05\/Seine-River-Dinner-Cruise-with-Live-Music-by-Bateaux-Mouches-ota.avif\" data-width=\"159\" data-height=\"106\" style=\"aspect-ratio: auto 2334 \/ 1556;\"><\/span><\/p>\n<table>\n<tbody>\n<tr>\n<td><a href=\"https:\/\/www.tiqets.com\/de\/things-to-do-in-paris-c66746\/tickets-for-dinner-cruise-by-bateaux-mouches-p982924\/?partner=paristouristinformation&amp;tq_campaign=DeBateauxMouchesCruiseSP2\" target=\"_blank\" rel=\"nofollow noopener\" style=\"outline: none;\" data-lt-tmp-id=\"lt-356866\" spellcheck=\"false\">Seine: Dinner-Kreuzfahrt mit Live-Musik von Bateaux Mouches<\/a><\/td>\n<\/tr>\n<\/tbody>\n<\/table>\n<p dir=\"ltr\">Erleben Sie die Sch\u00f6nheit von Paris bei Nacht mit einer luxuri\u00f6sen 3-G\u00e4nge-Dinner-Kreuzfahrt auf der Seine. Genie\u00dfen Sie Gourmetk\u00fcche, genie\u00dfen Sie Live-Musik und bewundern Sie die Stadt der Lichter bequem von einem Glas aus, das von einem Glas umgebenen Boot aus ist, w\u00e4hrend ikonische Sehensw\u00fcrdigkeiten vorbeischnken.<\/p>\n<h3 style=\"\">Gesamtpreis<\/h3>\n<h3 style=\"\">Ihr Konto wird noch nicht belastet.<\/h3>\n<p><\/p>\n<h2><a href=\"https:\/\/www.tiqets.com\/de\/paris-sehenswuerdigkeiten-c66746\/tickets-fur-bootstour-auf-der-seine-by-bateaux-mouches-p982823\/?partner=paristouristinformation&amp;tq_campaign=DeBateauxMouchesCruiseSP\" target=\"_blank\" rel=\"nofollow noopener\" style=\"outline: none;\">Zur Buchung<\/a><\/h2>\n<p style=\"\"><a href=\"https:\/\/www.tiqets.com\/de\/paris-sehenswuerdigkeiten-c66746\/tickets-fur-bootstour-auf-der-seine-by-bateaux-mouches-p982823\/?partner=paristouristinformation&amp;tq_campaign=DeBateauxMouchesCruiseSP\" target=\"_blank\" rel=\"nofollow noopener\" style=\"outline: none;\">Preis ab&nbsp;<\/a><\/p>\n<h1><strong style=\"outline: currentcolor;\"><a href=\"https:\/\/www.tiqets.com\/de\/paris-sehenswuerdigkeiten-c66746\/tickets-fur-bootstour-auf-der-seine-by-bateaux-mouches-p982823\/?partner=paristouristinformation&amp;tq_campaign=DeBateauxMouchesCruiseSP\" target=\"_blank\" rel=\"nofollow noopener\" style=\"outline: none;\">19,00 \u20ac<\/a><\/strong><\/h1>\n<h3>Ihr Konto wird noch nicht belastet.<\/h3>\n","protected":false},"excerpt":{"rendered":"<p>Bootstour auf der Seine by Bateaux Mouches Zur Buchung Preis ab 19,00 \u20ac Bewundern Sie Paris vom Wasser aus mit einer 1-st\u00fcndigen und 10-min\u00fctigen Seine-Kreuzfahrt mit Bateaux Mouches, komplett mit Audiokommentar und einzigartige Ausblicke auf den Eiffelturm, den Louvre und mehr. Sorgf\u00e4ltig ausgew\u00e4hltes Ticket Mobiles Ticket Dauer: 1h 10 min. Kostenlose Stornierung Inbegriffen 1 Stunde [&hellip;]<\/p>\n","protected":false},"author":10,"featured_media":15440,"parent":0,"menu_order":0,"comment_status":"closed","ping_status":"closed","template":"","meta":{"footnotes":""},"tags":[69],"class_list":["post-15439","page","type-page","status-publish","has-post-thumbnail","hentry","tag-sales-pages","post-wrapper","thrv_wrapper"],"wp-worthy-pixel":{"ignored":false,"public":null,"server":null,"url":null},"wp-worthy-type":"normal","_links":{"self":[{"href":"https:\/\/www.paristouristinformation.fr\/de\/wp-json\/wp\/v2\/pages\/15439","targetHints":{"allow":["GET"]}}],"collection":[{"href":"https:\/\/www.paristouristinformation.fr\/de\/wp-json\/wp\/v2\/pages"}],"about":[{"href":"https:\/\/www.paristouristinformation.fr\/de\/wp-json\/wp\/v2\/types\/page"}],"author":[{"embeddable":true,"href":"https:\/\/www.paristouristinformation.fr\/de\/wp-json\/wp\/v2\/users\/10"}],"replies":[{"embeddable":true,"href":"https:\/\/www.paristouristinformation.fr\/de\/wp-json\/wp\/v2\/comments?post=15439"}],"version-history":[{"count":11,"href":"https:\/\/www.paristouristinformation.fr\/de\/wp-json\/wp\/v2\/pages\/15439\/revisions"}],"predecessor-version":[{"id":15890,"href":"https:\/\/www.paristouristinformation.fr\/de\/wp-json\/wp\/v2\/pages\/15439\/revisions\/15890"}],"wp:featuredmedia":[{"embeddable":true,"href":"https:\/\/www.paristouristinformation.fr\/de\/wp-json\/wp\/v2\/media\/15440"}],"wp:attachment":[{"href":"https:\/\/www.paristouristinformation.fr\/de\/wp-json\/wp\/v2\/media?parent=15439"}],"wp:term":[{"taxonomy":"post_tag","embeddable":true,"href":"https:\/\/www.paristouristinformation.fr\/de\/wp-json\/wp\/v2\/tags?post=15439"}],"curies":[{"name":"wp","href":"https:\/\/api.w.org\/{rel}","templated":true}]}}