{"id":15451,"date":"2026-04-08T08:52:44","date_gmt":"2026-04-08T08:52:44","guid":{"rendered":"https:\/\/www.paristouristinformation.fr\/de\/?page_id=15451"},"modified":"2026-04-08T09:00:18","modified_gmt":"2026-04-08T09:00:18","slug":"crazy-horse-show-tickets","status":"publish","type":"page","link":"https:\/\/www.paristouristinformation.fr\/de\/crazy-horse-show-tickets\/","title":{"rendered":"Crazy Horse Show Tickets mit optionalem Champagner"},"content":{"rendered":"<p><span><img decoding=\"async\" alt=\"\" data-id=\"14312\" width=\"1200\" height=\"750\" title=\"Crazy Horse Show Tickets mit optionalem Champagner\" src=\"https:\/\/paristouristinformation.fr\/wp-content\/uploads\/2024\/11\/Crazy-Horse-Show-Tickets-with-Optional-Champagne--1024x640.avif\" data-src=\"https:\/\/paristouristinformation.fr\/wp-content\/uploads\/2024\/11\/Crazy-Horse-Show-Tickets-with-Optional-Champagne--300x188.avif\" loading=\"lazy\" data-sizes=\"{&quot;thumbnail&quot;:{&quot;url&quot;:&quot;https:\/\/paristouristinformation.fr\/wp-content\/uploads\/2024\/11\/Crazy-Horse-Show-Tickets-with-Optional-Champagne--333x205.avif&quot;,&quot;height&quot;:205,&quot;width&quot;:333,&quot;orientation&quot;:&quot;landscape&quot;},&quot;medium&quot;:{&quot;url&quot;:&quot;https:\/\/paristouristinformation.fr\/wp-content\/uploads\/2024\/11\/Crazy-Horse-Show-Tickets-with-Optional-Champagne--300x188.avif&quot;,&quot;height&quot;:188,&quot;width&quot;:300,&quot;orientation&quot;:&quot;landscape&quot;},&quot;large&quot;:{&quot;url&quot;:&quot;https:\/\/paristouristinformation.fr\/wp-content\/uploads\/2024\/11\/Crazy-Horse-Show-Tickets-with-Optional-Champagne--1024x640.avif&quot;,&quot;height&quot;:640,&quot;width&quot;:1024,&quot;orientation&quot;:&quot;landscape&quot;},&quot;full&quot;:{&quot;url&quot;:&quot;https:\/\/paristouristinformation.fr\/wp-content\/uploads\/2024\/11\/Crazy-Horse-Show-Tickets-with-Optional-Champagne-.avif&quot;,&quot;height&quot;:750,&quot;width&quot;:1200,&quot;orientation&quot;:&quot;landscape&quot;}}\"><\/span><span><img decoding=\"async\" alt=\"\" data-id=\"14311\" width=\"1200\" height=\"750\" title=\"Crazy Horse Show Tickets mit optionalem Champagner 2\" src=\"https:\/\/paristouristinformation.fr\/wp-content\/uploads\/2024\/11\/Crazy-Horse-Show-Tickets-with-Optional-Champagne-2-1024x640.avif\" data-src=\"https:\/\/paristouristinformation.fr\/wp-content\/uploads\/2024\/11\/Crazy-Horse-Show-Tickets-with-Optional-Champagne-2-300x188.avif\" loading=\"lazy\" data-sizes=\"{&quot;thumbnail&quot;:{&quot;url&quot;:&quot;https:\/\/paristouristinformation.fr\/wp-content\/uploads\/2024\/11\/Crazy-Horse-Show-Tickets-with-Optional-Champagne-2-333x205.avif&quot;,&quot;height&quot;:205,&quot;width&quot;:333,&quot;orientation&quot;:&quot;landscape&quot;},&quot;medium&quot;:{&quot;url&quot;:&quot;https:\/\/paristouristinformation.fr\/wp-content\/uploads\/2024\/11\/Crazy-Horse-Show-Tickets-with-Optional-Champagne-2-300x188.avif&quot;,&quot;height&quot;:188,&quot;width&quot;:300,&quot;orientation&quot;:&quot;landscape&quot;},&quot;large&quot;:{&quot;url&quot;:&quot;https:\/\/paristouristinformation.fr\/wp-content\/uploads\/2024\/11\/Crazy-Horse-Show-Tickets-with-Optional-Champagne-2-1024x640.avif&quot;,&quot;height&quot;:640,&quot;width&quot;:1024,&quot;orientation&quot;:&quot;landscape&quot;},&quot;full&quot;:{&quot;url&quot;:&quot;https:\/\/paristouristinformation.fr\/wp-content\/uploads\/2024\/11\/Crazy-Horse-Show-Tickets-with-Optional-Champagne-2.avif&quot;,&quot;height&quot;:750,&quot;width&quot;:1200,&quot;orientation&quot;:&quot;landscape&quot;}}\"><\/span><span><img decoding=\"async\" alt=\"\" data-id=\"14310\" width=\"1200\" height=\"750\" title=\"Crazy Horse Show Tickets mit optionalem Champagner 3\" src=\"https:\/\/paristouristinformation.fr\/wp-content\/uploads\/2024\/11\/Crazy-Horse-Show-Tickets-with-Optional-Champagne-3-1024x640.avif\" data-src=\"https:\/\/paristouristinformation.fr\/wp-content\/uploads\/2024\/11\/Crazy-Horse-Show-Tickets-with-Optional-Champagne-3-300x188.avif\" loading=\"lazy\" data-sizes=\"{&quot;thumbnail&quot;:{&quot;url&quot;:&quot;https:\/\/paristouristinformation.fr\/wp-content\/uploads\/2024\/11\/Crazy-Horse-Show-Tickets-with-Optional-Champagne-3-333x205.avif&quot;,&quot;height&quot;:205,&quot;width&quot;:333,&quot;orientation&quot;:&quot;landscape&quot;},&quot;medium&quot;:{&quot;url&quot;:&quot;https:\/\/paristouristinformation.fr\/wp-content\/uploads\/2024\/11\/Crazy-Horse-Show-Tickets-with-Optional-Champagne-3-300x188.avif&quot;,&quot;height&quot;:188,&quot;width&quot;:300,&quot;orientation&quot;:&quot;landscape&quot;},&quot;large&quot;:{&quot;url&quot;:&quot;https:\/\/paristouristinformation.fr\/wp-content\/uploads\/2024\/11\/Crazy-Horse-Show-Tickets-with-Optional-Champagne-3-1024x640.avif&quot;,&quot;height&quot;:640,&quot;width&quot;:1024,&quot;orientation&quot;:&quot;landscape&quot;},&quot;full&quot;:{&quot;url&quot;:&quot;https:\/\/paristouristinformation.fr\/wp-content\/uploads\/2024\/11\/Crazy-Horse-Show-Tickets-with-Optional-Champagne-3.avif&quot;,&quot;height&quot;:750,&quot;width&quot;:1200,&quot;orientation&quot;:&quot;landscape&quot;}}\"><\/span><span><img decoding=\"async\" alt=\"\" data-id=\"14309\" width=\"1200\" height=\"750\" title=\"Crazy Horse Show Tickets mit optionalem Champagner 4\" src=\"https:\/\/paristouristinformation.fr\/wp-content\/uploads\/2024\/11\/Crazy-Horse-Show-Tickets-with-Optional-Champagne-4-1024x640.avif\" data-src=\"https:\/\/paristouristinformation.fr\/wp-content\/uploads\/2024\/11\/Crazy-Horse-Show-Tickets-with-Optional-Champagne-4-300x188.avif\" loading=\"lazy\" data-sizes=\"{&quot;thumbnail&quot;:{&quot;url&quot;:&quot;https:\/\/paristouristinformation.fr\/wp-content\/uploads\/2024\/11\/Crazy-Horse-Show-Tickets-with-Optional-Champagne-4-333x205.avif&quot;,&quot;height&quot;:205,&quot;width&quot;:333,&quot;orientation&quot;:&quot;landscape&quot;},&quot;medium&quot;:{&quot;url&quot;:&quot;https:\/\/paristouristinformation.fr\/wp-content\/uploads\/2024\/11\/Crazy-Horse-Show-Tickets-with-Optional-Champagne-4-300x188.avif&quot;,&quot;height&quot;:188,&quot;width&quot;:300,&quot;orientation&quot;:&quot;landscape&quot;},&quot;large&quot;:{&quot;url&quot;:&quot;https:\/\/paristouristinformation.fr\/wp-content\/uploads\/2024\/11\/Crazy-Horse-Show-Tickets-with-Optional-Champagne-4-1024x640.avif&quot;,&quot;height&quot;:640,&quot;width&quot;:1024,&quot;orientation&quot;:&quot;landscape&quot;},&quot;full&quot;:{&quot;url&quot;:&quot;https:\/\/paristouristinformation.fr\/wp-content\/uploads\/2024\/11\/Crazy-Horse-Show-Tickets-with-Optional-Champagne-4.avif&quot;,&quot;height&quot;:750,&quot;width&quot;:1200,&quot;orientation&quot;:&quot;landscape&quot;}}\"><\/span><\/p>\n<h1 dir=\"ltr\">Crazy Horse Show Tickets mit optionalem Champagner<\/h1>\n<h2><a href=\"https:\/\/www.headout.com\/r\/most-amazing-placesrecommends-Ss8wI\/\" target=\"_blank\" rel=\"nofollow noopener\" style=\"outline: none;\"><\/a><a href=\"https:\/\/www.headout.com\/de\/crazy-horse-paris-tickets\/crazy-horse-show-tickets-mit-optionalem-champagner-e-4638\/?affiliate_code=KXkQ69&amp;utm_campaign=paristidecrazyhorsesp&amp;utm_content=link&amp;utm_medium=affiliate&amp;utm_source=most_amazing_places\" rel=\"nofollow noopener\" target=\"_blank\" style=\"outline: none;\">Zur Buchung<\/a><\/h2>\n<h1><a href=\"https:\/\/www.headout.com\/de\/crazy-horse-paris-tickets\/crazy-horse-show-tickets-mit-optionalem-champagner-e-4638\/?affiliate_code=KXkQ69&amp;utm_campaign=paristidecrazyhorsesp&amp;utm_content=link&amp;utm_medium=affiliate&amp;utm_source=most_amazing_places\" target=\"_blank\" rel=\"nofollow noopener\" style=\"outline: none;\" spellcheck=\"false\"><strong>Ab 119,00 \u20ac<\/strong><\/a><\/h1>\n<p dir=\"ltr\">Tauchen Sie ein in den Reiz des Pariser Kabaretts mit Tickets f\u00fcr das ikonische Crazy Horse Paris. Erleben Sie Totally Crazy, eine hypnotisierende Mischung aus Kunstfertigkeit und Sinnlichkeit, w\u00e4hrend Sie optionalen Champagner und Hors d&#8217;oeuvres genie\u00dfen. Eine unvergessliche Nacht erwartet Sie in diesem weltber\u00fchmten Veranstaltungsort.<\/p>\n<ul>\n<li style=\"\"><span>Sorgf\u00e4ltig ausgew\u00e4hltes Ticket<\/span><\/li>\n<li style=\"\">                    <span>Sofortige Best\u00e4tigung<\/span><\/li>\n<li style=\"\"><span>Dauer 2 Stunden<br \/><\/span><\/li>\n<li><span>Optionaler Champagner<\/span><\/li>\n<\/ul>\n<h2>Inbegriffen<\/h2>\n<ul>\n<li style=\"\">                    <span>Zugang zur &#8222;Totally Crazy&#8220;-Show<\/span><\/li>\n<li style=\"\">                    <span>Eine halbe Flasche oder 2 Gl\u00e4ser Champagner (je nach gew\u00e4hlter Option)<\/span><\/li>\n<li style=\"\">                    <span>Eine Auswahl an Hors d&#8217;\u0153uvres (optional)<\/span><\/li>\n<\/ul>\n<h2>Nicht inbegriffen<\/h2>\n<ul>\n<li style=\"\"><span>Transport zum und vom Veranstaltungsort<\/span><\/li>\n<\/ul>\n<h2>Wichtige Informationen<\/h2>\n<ul>\n<li style=\"\"><span><strong>Altersbeschr\u00e4nkung: <\/strong>G\u00e4ste m\u00fcssen mindestens 10 Jahre alt sein; diejenigen im Alter von 10-18 Jahren m\u00fcssen von einem Erziehungsberechtigten begleitet werden.<\/span><\/li>\n<li><span><strong>Kleiderordnung: <\/strong>Elegante Kleidung ist erforderlich; keine Sportbekleidung, Turnschuhe oder Flip-Flops.<\/span><\/li>\n<li><span><strong>Barrierefreiheit: <\/strong>F\u00fcr Rollstuhlfahrer zug\u00e4ngliche Einrichtungen sind verf\u00fcgbar.<\/span><\/li>\n<li><span><strong>Ankunftszeit: <\/strong>Bitte kommen Sie mindestens 45 Minuten vor Beginn der Show, um den Burlesque-Pre-Show-Act zu genie\u00dfen.<br \/><\/span><\/li>\n<li><span><strong>Voraussetzungen: <\/strong>Bringen Sie Ihre ausgedruckte Kopie des Gutscheins mit einem g\u00fcltigen Lichtbildausweis mit<br \/><\/span><\/li>\n<li><span><strong>Nicht erlaubt: <\/strong>Rauchen, Wiedereintritt w\u00e4hrend der Show, Fotografieren oder Filmen, Telefonnutzung w\u00e4hrend der Auff\u00fchrungen und Haustiere.<\/span><\/li>\n<\/ul>\n<h2>Beschreibung:<\/h2>\n<p>Treten Sie ein in die <strong>glamour\u00f6se Welt von <\/strong><strong>Crazy Horse Paris, <\/strong>einem erstklassigen Kabarett, das f\u00fcr seine elektrisierenden Darbietungen und seine zeitlose Eleganz bekannt ist. Machen Sie es sich in Pl\u00fcschsesseln aus Samt in einem intimen Theater mit rotem Samt und genie\u00dfen Sie <strong>Totally Crazy, <\/strong>eine fesselnde Produktion, die 70 Jahre Kabarettkunst feiert.<strong> Optionaler Champagner und Hors d&#8217;oeuvres <\/strong>heben<strong> <\/strong>dieses bezaubernde Erlebnis auf und machen es zu einem perfekten Abend der Raffinesse und des Feierns.<\/p>\n<h2>H\u00f6hepunkte:<\/h2>\n<ul>\n<li dir=\"ltr\"><span style=\"color: var(--tcb-skin-color-3); font-weight: var(--g-regular-weight, normal);\">G\u00f6nnen Sie sich die Sinnlichkeit und Eleganz des weltber\u00fchmten Kabaretts Crazy Horse Paris<\/span><\/li>\n<li dir=\"ltr\">Erleben Sie Totally Crazy, eine schillernde Show mit ikonischen Acts und innovativen Darbietungen.<\/li>\n<li dir=\"ltr\">Bewundern Sie die Kunstfertigkeit des international renommierten Burlesque-Darstellers George Bangable w\u00e4hrend des Acts vor der Show.<\/li>\n<li dir=\"ltr\">Genie\u00dfen Sie optional Champagner und Hors d&#8217;oeuvres f\u00fcr eine luxuri\u00f6se Note.<\/li>\n<li dir=\"ltr\"><span style=\"color: var(--tcb-skin-color-3); font-weight: var(--g-regular-weight, normal);\">Entspannen Sie sich in einem atemberaubenden Ort, der mit Samt, Spiegeln und Lack geschm\u00fcckt ist und ein intimes Ambiente schafft.<\/span><\/li>\n<\/ul>\n<h2>Crazy Horse Paris<\/h2>\n<p dir=\"ltr\">12 Avenue George V, 75008, Paris<\/p>\n<h2>Stornierungsrichtlinien<\/h2>\n<p dir=\"ltr\">Diese Tickets sind nicht stornierbar und k\u00f6nnen nicht umgetauscht werden.<\/p>\n<h2>Treffpunkt &amp; Anleitung<\/h2>\n<p dir=\"ltr\">Legen Sie Ihren ausgedruckten Gutschein zusammen mit einem g\u00fcltigen Lichtbildausweis am Veranstaltungsort vor.<\/p>\n<p><a href=\"https:\/\/www.google.com\/maps\/place\/Crazy+Horse\/@48.8659828,2.2993061,17z\/data=!3m2!4b1!5s0x47e66fdd3e507ab5:0xa588eb8188d4c77c!4m6!3m5!1s0x47e66fdd4014e847:0x87af9c4647ab600f!8m2!3d48.8659828!4d2.301881!16zL20vMGJ6enE0?entry=ttu&amp;g_ep=EgoyMDI0MTExMy4xIKXMDSoASAFQAw%3D%3D\" target=\"_blank\" rel=\"nofollow noopener\" style=\"outline: none;\" data-lt-tmp-id=\"lt-34536\" spellcheck=\"false\">In Karten \u00f6ffnen<\/a><\/p>\n<h2>Bewertungen&nbsp;<\/h2>\n<p><strong>4.4\/ 5 <\/strong><strong>(1700 Bewertungen)<\/strong><\/p>\n<p dir=\"ltr\"><em>,,Unglaubliche Erfahrung. Es war mein erster Besuch und ich wei\u00df jetzt, dass es nicht mein letzter sein wird. Es ist ein absoluter Hit. Atmosph\u00e4rische Halle, Musik, visuelle Effekte &#8211; all dies wurde sehr gut und mit Liebe gemacht. Die M\u00e4dchen auf der B\u00fchne bewegen sich so sch\u00f6n, leicht und hypnotisierend, dass ich seit 2 Tagen dar\u00fcber nachdenke, dass ich auch tanzen lernen m\u00f6chte. Ich war mit einem jungen Mann zusammen, der v\u00f6llig weit von den K\u00fcnsten entfernt war, aber auch er war beeindruckt und von der Erfahrung fasziniert. Danke, du bist ein Talent!\u201c Vasylenko, Nov. 2024&nbsp;<\/em><a href=\"https:\/\/www.headout.com\/de\/crazy-horse-paris-tickets\/crazy-horse-show-tickets-mit-optionalem-champagner-e-4638\/?affiliate_code=KXkQ69&amp;utm_campaign=paristidecrazyhorsesp&amp;utm_content=link&amp;utm_medium=affiliate&amp;utm_source=most_amazing_places\" target=\"_blank\" rel=\"nofollow noopener\" spellcheck=\"false\" style=\"outline: none;\">&gt;&gt; Weitere Bewertungen anzeigen<\/a><\/p>\n<h2>Weitere Aktivit\u00e4ten, die Ihnen gefallen k\u00f6nnten<\/h2>\n<p><span>#2<\/span><span>#2<\/span><span><img decoding=\"async\" alt=\"\" data-id=\"13435\" width=\"159\" data-init-width=\"1450\" height=\"95\" data-init-height=\"864\" title=\"Moulin Rouge Show mit Abendessen &amp; optionalem Transfer zur\u00fcck\" loading=\"lazy\" src=\"https:\/\/www.paristouristinformation.fr\/de\/wp-content\/uploads\/2026\/02\/Moulin-Rouge-Show-with-Dinner-Optional-Return-Transfer.png\" data-width=\"159\" data-height=\"95\" style=\"aspect-ratio: auto 1450 \/ 864;\"><\/span><\/p>\n<table>\n<tbody>\n<tr>\n<td><a href=\"https:\/\/www.headout.com\/de\/paris-moulin-rouge-tickets\/moulin-rouge-show-mit-champagner-e-6114\/?affiliate_code=KXkQ69&amp;utm_campaign=parisctiderazyhorsesp2&amp;utm_content=link&amp;utm_medium=affiliate&amp;utm_source=most_amazing_places\" target=\"_blank\" rel=\"nofollow noopener\" style=\"outline: none;\" data-lt-tmp-id=\"lt-592378\" spellcheck=\"false\">Moulin Rouge Show mit Champagner<\/a><\/td>\n<\/tr>\n<\/tbody>\n<\/table>\n<p dir=\"ltr\">Erleben Sie die Magie des Moulin Rouge mit einer schillernden Show. Versch\u00f6nern Sie Ihren Abend mit etwas Champagner.<\/p>\n<h3 style=\"\">Gesamtpreis<\/h3>\n<h3 style=\"\">Ihr Konto wird noch nicht belastet.<\/h3>\n<p><span>#2<\/span><span><img decoding=\"async\" alt=\"\" data-id=\"13437\" width=\"159\" data-init-width=\"1530\" height=\"114\" data-init-height=\"1100\" title=\"Bildschirmfoto 26.02.2024 um 17.19.35 Uhr\" loading=\"lazy\" src=\"https:\/\/www.paristouristinformation.fr\/de\/wp-content\/uploads\/2026\/02\/Bildschirmfoto-2024-08-26-um-17.19.35-1.png\" data-width=\"159\" data-height=\"114\" style=\"aspect-ratio: auto 1530 \/ 1100;\"><\/span><\/p>\n<table>\n<tbody>\n<tr>\n<td><a href=\"https:\/\/www.tiqets.com\/de\/cruise-on-the-seine-crazy-horse-paris-b2246\/?partner=paristouristinformation&amp;tq_campaign=DeCrazyHorseSP3\" target=\"_blank\" rel=\"nofollow noopener\" style=\"outline: none;\" spellcheck=\"false\">Kreuzfahrt auf der Seine + Crazy Horse Paris<\/a><\/td>\n<\/tr>\n<\/tbody>\n<\/table>\n<p data-pm-slice=\"1 1 []\">Erleben Sie das Beste von Paris mit einer malerischen Seine-Kreuzfahrt, gefolgt von einem schillernden Abend im legend\u00e4ren Crazy Horse-Kabarett.<\/p>\n<h3 style=\"\">Gesamtpreis<\/h3>\n<h3 style=\"\">Ihr Konto wird noch nicht belastet.<\/h3>\n<p><\/p>\n<h2><a href=\"https:\/\/www.headout.com\/de\/crazy-horse-paris-tickets\/crazy-horse-show-tickets-mit-optionalem-champagner-e-4638\/?affiliate_code=KXkQ69&amp;utm_campaign=paristidecrazyhorsesp&amp;utm_content=link&amp;utm_medium=affiliate&amp;utm_source=most_amazing_places\" target=\"_blank\" rel=\"nofollow noopener\" style=\"outline: none;\">Zur Buchung<\/a><\/h2>\n<p style=\"\"><a href=\"https:\/\/gyg.me\/TEtuPx8V\" target=\"_blank\" rel=\"nofollow noopener\" style=\"outline: none;\"><\/a><a href=\"https:\/\/www.headout.com\/de\/crazy-horse-paris-tickets\/crazy-horse-show-tickets-mit-optionalem-champagner-e-4638\/?affiliate_code=KXkQ69&amp;utm_campaign=paristidecrazyhorsesp&amp;utm_content=link&amp;utm_medium=affiliate&amp;utm_source=most_amazing_places\" target=\"_blank\" rel=\"nofollow noopener\" style=\"outline: none;\"><strong>Ab 119,00 \u20ac<\/strong><\/a><\/p>\n<p style=\"\">Ihr Konto wird noch nicht belastet.<\/p>\n","protected":false},"excerpt":{"rendered":"<p>Crazy Horse Show Tickets mit optionalem Champagner Zur Buchung Ab 119,00 \u20ac Tauchen Sie ein in den Reiz des Pariser Kabaretts mit Tickets f\u00fcr das ikonische Crazy Horse Paris. Erleben Sie Totally Crazy, eine hypnotisierende Mischung aus Kunstfertigkeit und Sinnlichkeit, w\u00e4hrend Sie optionalen Champagner und Hors d&#8217;oeuvres genie\u00dfen. Eine unvergessliche Nacht erwartet Sie in diesem [&hellip;]<\/p>\n","protected":false},"author":10,"featured_media":15452,"parent":0,"menu_order":0,"comment_status":"closed","ping_status":"closed","template":"","meta":{"footnotes":""},"tags":[69],"class_list":["post-15451","page","type-page","status-publish","has-post-thumbnail","hentry","tag-sales-pages","post-wrapper","thrv_wrapper"],"wp-worthy-pixel":{"ignored":false,"public":null,"server":null,"url":null},"wp-worthy-type":"normal","_links":{"self":[{"href":"https:\/\/www.paristouristinformation.fr\/de\/wp-json\/wp\/v2\/pages\/15451","targetHints":{"allow":["GET"]}}],"collection":[{"href":"https:\/\/www.paristouristinformation.fr\/de\/wp-json\/wp\/v2\/pages"}],"about":[{"href":"https:\/\/www.paristouristinformation.fr\/de\/wp-json\/wp\/v2\/types\/page"}],"author":[{"embeddable":true,"href":"https:\/\/www.paristouristinformation.fr\/de\/wp-json\/wp\/v2\/users\/10"}],"replies":[{"embeddable":true,"href":"https:\/\/www.paristouristinformation.fr\/de\/wp-json\/wp\/v2\/comments?post=15451"}],"version-history":[{"count":9,"href":"https:\/\/www.paristouristinformation.fr\/de\/wp-json\/wp\/v2\/pages\/15451\/revisions"}],"predecessor-version":[{"id":15893,"href":"https:\/\/www.paristouristinformation.fr\/de\/wp-json\/wp\/v2\/pages\/15451\/revisions\/15893"}],"wp:featuredmedia":[{"embeddable":true,"href":"https:\/\/www.paristouristinformation.fr\/de\/wp-json\/wp\/v2\/media\/15452"}],"wp:attachment":[{"href":"https:\/\/www.paristouristinformation.fr\/de\/wp-json\/wp\/v2\/media?parent=15451"}],"wp:term":[{"taxonomy":"post_tag","embeddable":true,"href":"https:\/\/www.paristouristinformation.fr\/de\/wp-json\/wp\/v2\/tags?post=15451"}],"curies":[{"name":"wp","href":"https:\/\/api.w.org\/{rel}","templated":true}]}}