{"id":15464,"date":"2026-04-08T09:12:09","date_gmt":"2026-04-08T09:12:09","guid":{"rendered":"https:\/\/www.paristouristinformation.fr\/de\/?page_id=15464"},"modified":"2026-04-08T09:15:19","modified_gmt":"2026-04-08T09:15:19","slug":"hop-on-hop-off-bootstour-auf-der-seine","status":"publish","type":"page","link":"https:\/\/www.paristouristinformation.fr\/de\/hop-on-hop-off-bootstour-auf-der-seine\/","title":{"rendered":"Batobus: Hop-on Hop-off Bootstour auf der Seine"},"content":{"rendered":"<p><span><img decoding=\"async\" alt=\"\" data-id=\"13926\" width=\"1200\" height=\"750\" title=\"82317e82-559d-4b9e-b301-7bfbb3880a7f-5684-paris-batobus-seine-fluss-kreuzfahrt-unbegrenzter-zugang-09.jpg-2\" src=\"https:\/\/paristouristinformation.fr\/wp-content\/uploads\/2024\/09\/82317e82-559d-4b9e-b301-7bfbb3880a7f-5684-paris-batobus-seine-river-cruise-unlimited-access-09.jpg-2-1-1024x640.avif\" data-src=\"https:\/\/paristouristinformation.fr\/wp-content\/uploads\/2024\/09\/82317e82-559d-4b9e-b301-7bfbb3880a7f-5684-paris-batobus-seine-river-cruise-unlimited-access-09.jpg-2-1-300x188.avif\" loading=\"lazy\" data-sizes=\"{&quot;thumbnail&quot;:{&quot;url&quot;:&quot;https:\/\/paristouristinformation.fr\/wp-content\/uploads\/2024\/09\/82317e82-559d-4b9e-b301-7bfbb3880a7f-5684-paris-batobus-seine-river-cruise-unlimited-access-09.jpg-2-1-333x205.avif&quot;,&quot;height&quot;:205,&quot;width&quot;:333,&quot;orientation&quot;:&quot;landscape&quot;},&quot;medium&quot;:{&quot;url&quot;:&quot;https:\/\/paristouristinformation.fr\/wp-content\/uploads\/2024\/09\/82317e82-559d-4b9e-b301-7bfbb3880a7f-5684-paris-batobus-seine-river-cruise-unlimited-access-09.jpg-2-1-300x188.avif&quot;,&quot;height&quot;:188,&quot;width&quot;:300,&quot;orientation&quot;:&quot;landscape&quot;},&quot;large&quot;:{&quot;url&quot;:&quot;https:\/\/paristouristinformation.fr\/wp-content\/uploads\/2024\/09\/82317e82-559d-4b9e-b301-7bfbb3880a7f-5684-paris-batobus-seine-river-cruise-unlimited-access-09.jpg-2-1-1024x640.avif&quot;,&quot;height&quot;:640,&quot;width&quot;:1024,&quot;orientation&quot;:&quot;landscape&quot;},&quot;full&quot;:{&quot;url&quot;:&quot;https:\/\/paristouristinformation.fr\/wp-content\/uploads\/2024\/09\/82317e82-559d-4b9e-b301-7bfbb3880a7f-5684-paris-batobus-seine-river-cruise-unlimited-access-09.jpg-2-1.avif&quot;,&quot;height&quot;:750,&quot;width&quot;:1200,&quot;orientation&quot;:&quot;landscape&quot;}}\"><\/span><span><img decoding=\"async\" alt=\"\" data-id=\"13927\" width=\"1200\" height=\"750\" title=\"fd6afadf-79f6-498c-874f-163001218c01-5684-paris-batobus-seine-fluss-kreuzfahrt-unbegrenzter-zugang-02.jpg\" src=\"https:\/\/paristouristinformation.fr\/wp-content\/uploads\/2024\/09\/fd6afadf-79f6-498c-874f-163001218c01-5684-paris-batobus-seine-river-cruise-unlimited-access-02.jpg-1024x640.avif\" data-src=\"https:\/\/paristouristinformation.fr\/wp-content\/uploads\/2024\/09\/fd6afadf-79f6-498c-874f-163001218c01-5684-paris-batobus-seine-river-cruise-unlimited-access-02.jpg-300x188.avif\" loading=\"lazy\" data-sizes=\"{&quot;thumbnail&quot;:{&quot;url&quot;:&quot;https:\/\/paristouristinformation.fr\/wp-content\/uploads\/2024\/09\/fd6afadf-79f6-498c-874f-163001218c01-5684-paris-batobus-seine-river-cruise-unlimited-access-02.jpg-333x205.avif&quot;,&quot;height&quot;:205,&quot;width&quot;:333,&quot;orientation&quot;:&quot;landscape&quot;},&quot;medium&quot;:{&quot;url&quot;:&quot;https:\/\/paristouristinformation.fr\/wp-content\/uploads\/2024\/09\/fd6afadf-79f6-498c-874f-163001218c01-5684-paris-batobus-seine-river-cruise-unlimited-access-02.jpg-300x188.avif&quot;,&quot;height&quot;:188,&quot;width&quot;:300,&quot;orientation&quot;:&quot;landscape&quot;},&quot;large&quot;:{&quot;url&quot;:&quot;https:\/\/paristouristinformation.fr\/wp-content\/uploads\/2024\/09\/fd6afadf-79f6-498c-874f-163001218c01-5684-paris-batobus-seine-river-cruise-unlimited-access-02.jpg-1024x640.avif&quot;,&quot;height&quot;:640,&quot;width&quot;:1024,&quot;orientation&quot;:&quot;landscape&quot;},&quot;full&quot;:{&quot;url&quot;:&quot;https:\/\/paristouristinformation.fr\/wp-content\/uploads\/2024\/09\/fd6afadf-79f6-498c-874f-163001218c01-5684-paris-batobus-seine-river-cruise-unlimited-access-02.jpg.avif&quot;,&quot;height&quot;:750,&quot;width&quot;:1200,&quot;orientation&quot;:&quot;landscape&quot;}}\"><\/span><span><img decoding=\"async\" alt=\"\" data-id=\"13928\" width=\"1200\" height=\"750\" title=\"e0655f4f-7bae-478c-b917-bb2fde89ff90-5684-paris-batobus-seine-flusskreuzfahrt-unbegrenzter-zugang-05.jpg\" src=\"https:\/\/paristouristinformation.fr\/wp-content\/uploads\/2024\/09\/e0655f4f-7bae-478c-b917-bb2fde89ff90-5684-paris-batobus-seine-river-cruise-unlimited-access-05.jpg-1024x640.avif\" data-src=\"https:\/\/paristouristinformation.fr\/wp-content\/uploads\/2024\/09\/e0655f4f-7bae-478c-b917-bb2fde89ff90-5684-paris-batobus-seine-river-cruise-unlimited-access-05.jpg-300x188.avif\" loading=\"lazy\" data-sizes=\"{&quot;thumbnail&quot;:{&quot;url&quot;:&quot;https:\/\/paristouristinformation.fr\/wp-content\/uploads\/2024\/09\/e0655f4f-7bae-478c-b917-bb2fde89ff90-5684-paris-batobus-seine-river-cruise-unlimited-access-05.jpg-333x205.avif&quot;,&quot;height&quot;:205,&quot;width&quot;:333,&quot;orientation&quot;:&quot;landscape&quot;},&quot;medium&quot;:{&quot;url&quot;:&quot;https:\/\/paristouristinformation.fr\/wp-content\/uploads\/2024\/09\/e0655f4f-7bae-478c-b917-bb2fde89ff90-5684-paris-batobus-seine-river-cruise-unlimited-access-05.jpg-300x188.avif&quot;,&quot;height&quot;:188,&quot;width&quot;:300,&quot;orientation&quot;:&quot;landscape&quot;},&quot;large&quot;:{&quot;url&quot;:&quot;https:\/\/paristouristinformation.fr\/wp-content\/uploads\/2024\/09\/e0655f4f-7bae-478c-b917-bb2fde89ff90-5684-paris-batobus-seine-river-cruise-unlimited-access-05.jpg-1024x640.avif&quot;,&quot;height&quot;:640,&quot;width&quot;:1024,&quot;orientation&quot;:&quot;landscape&quot;},&quot;full&quot;:{&quot;url&quot;:&quot;https:\/\/paristouristinformation.fr\/wp-content\/uploads\/2024\/09\/e0655f4f-7bae-478c-b917-bb2fde89ff90-5684-paris-batobus-seine-river-cruise-unlimited-access-05.jpg.avif&quot;,&quot;height&quot;:750,&quot;width&quot;:1200,&quot;orientation&quot;:&quot;landscape&quot;}}\"><\/span><span><img decoding=\"async\" alt=\"\" data-id=\"13929\" width=\"1200\" height=\"750\" title=\"ce52b8df-5cc7-4f36-b8c0-6d6752a7de64-5684-paris-batobus-seine-fluss-kreuzfahrt-unbegrenzter-zugang-04.jpg\" src=\"https:\/\/paristouristinformation.fr\/wp-content\/uploads\/2024\/09\/ce52b8df-5cc7-4f36-b8c0-6d6752a7de64-5684-paris-batobus-seine-river-cruise-unlimited-access-04.jpg-1024x640.avif\" data-src=\"https:\/\/paristouristinformation.fr\/wp-content\/uploads\/2024\/09\/ce52b8df-5cc7-4f36-b8c0-6d6752a7de64-5684-paris-batobus-seine-river-cruise-unlimited-access-04.jpg-300x188.avif\" loading=\"lazy\" data-sizes=\"{&quot;thumbnail&quot;:{&quot;url&quot;:&quot;https:\/\/paristouristinformation.fr\/wp-content\/uploads\/2024\/09\/ce52b8df-5cc7-4f36-b8c0-6d6752a7de64-5684-paris-batobus-seine-river-cruise-unlimited-access-04.jpg-333x205.avif&quot;,&quot;height&quot;:205,&quot;width&quot;:333,&quot;orientation&quot;:&quot;landscape&quot;},&quot;medium&quot;:{&quot;url&quot;:&quot;https:\/\/paristouristinformation.fr\/wp-content\/uploads\/2024\/09\/ce52b8df-5cc7-4f36-b8c0-6d6752a7de64-5684-paris-batobus-seine-river-cruise-unlimited-access-04.jpg-300x188.avif&quot;,&quot;height&quot;:188,&quot;width&quot;:300,&quot;orientation&quot;:&quot;landscape&quot;},&quot;large&quot;:{&quot;url&quot;:&quot;https:\/\/paristouristinformation.fr\/wp-content\/uploads\/2024\/09\/ce52b8df-5cc7-4f36-b8c0-6d6752a7de64-5684-paris-batobus-seine-river-cruise-unlimited-access-04.jpg-1024x640.avif&quot;,&quot;height&quot;:640,&quot;width&quot;:1024,&quot;orientation&quot;:&quot;landscape&quot;},&quot;full&quot;:{&quot;url&quot;:&quot;https:\/\/paristouristinformation.fr\/wp-content\/uploads\/2024\/09\/ce52b8df-5cc7-4f36-b8c0-6d6752a7de64-5684-paris-batobus-seine-river-cruise-unlimited-access-04.jpg.avif&quot;,&quot;height&quot;:750,&quot;width&quot;:1200,&quot;orientation&quot;:&quot;landscape&quot;}}\"><\/span><span><img decoding=\"async\" alt=\"\" data-id=\"13930\" width=\"1200\" height=\"750\" title=\"c3eac407-cafc-4919-aa7e-9e5d127ab046-5684-paris-batobus-seine-fluss-kreuzfahrt-unbegrenzter-zugang-06.jpg\" src=\"https:\/\/paristouristinformation.fr\/wp-content\/uploads\/2024\/09\/c3eac407-cafc-4919-aa7e-9e5d127ab046-5684-paris-batobus-seine-river-cruise-unlimited-access-06.jpg-1024x640.avif\" data-src=\"https:\/\/paristouristinformation.fr\/wp-content\/uploads\/2024\/09\/c3eac407-cafc-4919-aa7e-9e5d127ab046-5684-paris-batobus-seine-river-cruise-unlimited-access-06.jpg-300x188.avif\" loading=\"lazy\" data-sizes=\"{&quot;thumbnail&quot;:{&quot;url&quot;:&quot;https:\/\/paristouristinformation.fr\/wp-content\/uploads\/2024\/09\/c3eac407-cafc-4919-aa7e-9e5d127ab046-5684-paris-batobus-seine-river-cruise-unlimited-access-06.jpg-333x205.avif&quot;,&quot;height&quot;:205,&quot;width&quot;:333,&quot;orientation&quot;:&quot;landscape&quot;},&quot;medium&quot;:{&quot;url&quot;:&quot;https:\/\/paristouristinformation.fr\/wp-content\/uploads\/2024\/09\/c3eac407-cafc-4919-aa7e-9e5d127ab046-5684-paris-batobus-seine-river-cruise-unlimited-access-06.jpg-300x188.avif&quot;,&quot;height&quot;:188,&quot;width&quot;:300,&quot;orientation&quot;:&quot;landscape&quot;},&quot;large&quot;:{&quot;url&quot;:&quot;https:\/\/paristouristinformation.fr\/wp-content\/uploads\/2024\/09\/c3eac407-cafc-4919-aa7e-9e5d127ab046-5684-paris-batobus-seine-river-cruise-unlimited-access-06.jpg-1024x640.avif&quot;,&quot;height&quot;:640,&quot;width&quot;:1024,&quot;orientation&quot;:&quot;landscape&quot;},&quot;full&quot;:{&quot;url&quot;:&quot;https:\/\/paristouristinformation.fr\/wp-content\/uploads\/2024\/09\/c3eac407-cafc-4919-aa7e-9e5d127ab046-5684-paris-batobus-seine-river-cruise-unlimited-access-06.jpg.avif&quot;,&quot;height&quot;:750,&quot;width&quot;:1200,&quot;orientation&quot;:&quot;landscape&quot;}}\"><\/span><span><img decoding=\"async\" alt=\"\" data-id=\"13931\" width=\"1200\" height=\"750\" title=\"e0655f4f-7bae-478c-b917-bb2fde89ff90-5684-paris-batobus-seine-flusskreuzfahrt-unbegrenzter-zugang-05.jpg\" src=\"https:\/\/paristouristinformation.fr\/wp-content\/uploads\/2024\/09\/e0655f4f-7bae-478c-b917-bb2fde89ff90-5684-paris-batobus-seine-river-cruise-unlimited-access-05.jpg-1-1024x640.avif\" data-src=\"https:\/\/paristouristinformation.fr\/wp-content\/uploads\/2024\/09\/e0655f4f-7bae-478c-b917-bb2fde89ff90-5684-paris-batobus-seine-river-cruise-unlimited-access-05.jpg-1-300x188.avif\" loading=\"lazy\" data-sizes=\"{&quot;thumbnail&quot;:{&quot;url&quot;:&quot;https:\/\/paristouristinformation.fr\/wp-content\/uploads\/2024\/09\/e0655f4f-7bae-478c-b917-bb2fde89ff90-5684-paris-batobus-seine-river-cruise-unlimited-access-05.jpg-1-333x205.avif&quot;,&quot;height&quot;:205,&quot;width&quot;:333,&quot;orientation&quot;:&quot;landscape&quot;},&quot;medium&quot;:{&quot;url&quot;:&quot;https:\/\/paristouristinformation.fr\/wp-content\/uploads\/2024\/09\/e0655f4f-7bae-478c-b917-bb2fde89ff90-5684-paris-batobus-seine-river-cruise-unlimited-access-05.jpg-1-300x188.avif&quot;,&quot;height&quot;:188,&quot;width&quot;:300,&quot;orientation&quot;:&quot;landscape&quot;},&quot;large&quot;:{&quot;url&quot;:&quot;https:\/\/paristouristinformation.fr\/wp-content\/uploads\/2024\/09\/e0655f4f-7bae-478c-b917-bb2fde89ff90-5684-paris-batobus-seine-river-cruise-unlimited-access-05.jpg-1-1024x640.avif&quot;,&quot;height&quot;:640,&quot;width&quot;:1024,&quot;orientation&quot;:&quot;landscape&quot;},&quot;full&quot;:{&quot;url&quot;:&quot;https:\/\/paristouristinformation.fr\/wp-content\/uploads\/2024\/09\/e0655f4f-7bae-478c-b917-bb2fde89ff90-5684-paris-batobus-seine-river-cruise-unlimited-access-05.jpg-1.avif&quot;,&quot;height&quot;:750,&quot;width&quot;:1200,&quot;orientation&quot;:&quot;landscape&quot;}}\"><\/span><\/p>\n<h1 data-qa-marker=\"product-name\">Batobus: Hop-on Hop-off Bootstour auf der Seine<\/h1>\n<h2><a href=\"https:\/\/www.headout.com\/de\/hop-on-hop-off-touren\/batobus-seine-bootsfahrt-mit-unbegrenztem-zugang-e-5684\/?affiliate_code=KXkQ69&amp;utm_campaign=paristideseinerivercruiseptisp&amp;utm_content=link&amp;utm_medium=affiliate&amp;utm_source=most_amazing_places\" target=\"_blank\" rel=\"nofollow noopener\" style=\"outline: none;\">Zur Buchung<\/a><\/h2>\n<p style=\"\"><a href=\"https:\/\/www.headout.com\/de\/hop-on-hop-off-touren\/batobus-seine-bootsfahrt-mit-unbegrenztem-zugang-e-5684\/?affiliate_code=KXkQ69&amp;utm_campaign=paristideseinerivercruiseptisp&amp;utm_content=link&amp;utm_medium=affiliate&amp;utm_source=most_amazing_places\" target=\"_blank\" rel=\"nofollow noopener\" style=\"outline: none;\">Preis ab<\/a><\/p>\n<h1><a href=\"https:\/\/www.headout.com\/de\/hop-on-hop-off-touren\/batobus-seine-bootsfahrt-mit-unbegrenztem-zugang-e-5684\/?affiliate_code=KXkQ69&amp;utm_campaign=paristideseinerivercruiseptisp&amp;utm_content=link&amp;utm_medium=affiliate&amp;utm_source=most_amazing_places\" target=\"_blank\" rel=\"nofollow noopener\" style=\"outline: none;\"><strong>23,00 \u20ac<\/strong><\/a><\/h1>\n<p dir=\"ltr\">Entdecken Sie die Magie von Paris von der Seine aus mit einer flexiblen Hop-on-Hop-off-Bootstour. Genie\u00dfen Sie unbegrenzten Zugang f\u00fcr 24 oder 48 Stunden, mit 9 Haltestellen in der N\u00e4he von ikonischen Sehensw\u00fcrdigkeiten wie dem Eiffelturm und dem Louvre.<\/p>\n<ul>\n<li style=\"\"><span>Live-Guide (Englisch, Franz\u00f6sisch, Spanisch)<\/span><\/li>\n<li style=\"\">                    <span>Erweiterte G\u00fcltigkeit<\/span><\/li>\n<li><span>Sofortige Best\u00e4tigung<\/span><\/li>\n<li style=\"\"><span>Kostenlose Stornierung<\/span><\/li>\n<\/ul>\n<h2>Inbegriffen<\/h2>\n<ul>\n<li style=\"\">                    <span>24\/48 Stunden unbegrenzter Hop-on-Hop-off-Kreuzfahrtpass der Seine<\/span><\/li>\n<li style=\"\">                    <span>Mehrsprachiger Live-Guide (Englisch, Franz\u00f6sisch und Spanisch)<\/span><\/li>\n<li style=\"\">                    <span>Beheizte Boote mit Freiluftdecks f\u00fcr Panoramablick<\/span><\/li>\n<li><span>Verkaufsautomaten mit lokalen Snacks und Getr\u00e4nken<\/span><\/li>\n<\/ul>\n<h2>Nicht inbegriffen<\/h2>\n<ul>\n<li style=\"\"><span>Eintrittskarten f\u00fcr Attraktionen<\/span><\/li>\n<li><span>Transport zu\/von den Boarding-Punkten<\/span><\/li>\n<\/ul>\n<h2>Wichtige Informationen<\/h2>\n<ul>\n<li style=\"\"><span>Die erste Kreuzfahrt startet um 10 Uhr morgens vom Eiffelturm.<\/span><\/li>\n<li><span>H\u00e4ufigkeit: Alle 25 Minuten; ca. 15 Minuten zwischen den Haltestellen.<\/span><\/li>\n<li><span>Boote verkehren bis 19 Uhr (April bis Oktober) und 17 Uhr (November bis M\u00e4rz).<\/span><\/li>\n<li><span>Das Erlebnis ist nicht f\u00fcr Rollstuhlfahrer oder Kinderwagen zug\u00e4nglich.<\/span><\/li>\n<li><span>Hunde sind an Bord erlaubt, wenn sie mund an der Leine sind.<\/span><\/li>\n<\/ul>\n<h2>Beschreibung:<\/h2>\n<p>Segeln Sie entlang der Seine und erleben Sie Paris aus einer einzigartigen Perspektive. Mit 9 strategisch gelegenen Haltestellen gibt Ihnen diese Hop-on-Hop-off-Bootstour die Freiheit, die Stadt in Ihrem eigenen Tempo zu erkunden. Ob ikonische Sehensw\u00fcrdigkeiten oder eine friedliche Kreuzfahrt, die Tour bietet f\u00fcr jeden etwas.<\/p>\n<h2>H\u00f6hepunkte:<\/h2>\n<ul>\n<li><strong>Eiffelturm, Louvre, Notre Dame, Orsay Museum und mehr<\/strong><\/li>\n<li>Unvergleichliche Aussicht von den <strong>Open-Air-Decks<\/strong><\/li>\n<li>Flexibler Zugang mit <strong>unbegrenztem Spr\u00fcngen \u00fcber 9 Haltestellen<\/strong><\/li>\n<li>Perfekt f\u00fcr Sightseeing in Ihrer Freizeit ohne den \u00c4rger mit starren Zeitpl\u00e4nen<strong><\/strong><\/li>\n<\/ul>\n<h2>Batboys<\/h2>\n<p dir=\"ltr\">Port de la Bourdonnais, 75007 , Paris<\/p>\n<p dir=\"ltr\"><a href=\"https:\/\/www.google.com\/maps\/place\/48%C2%B051&#039;41.3%22N+2%C2%B017&#039;45.7%22E\/@48.8614731,2.296037,12z\/data=!4m4!3m3!8m2!3d48.8614731!4d2.296037?entry=ttu&amp;g_ep=EgoyMDI0MDkxMS4wIKXMDSoASAFQAw%3D%3D\" style=\"outline: currentcolor;\" rel=\"nofollow noopener\" target=\"_blank\">In Karten \u00f6ffnen<\/a><\/p>\n<h2>Stornierungsrichtlinien<\/h2>\n<p dir=\"ltr\">Sie k\u00f6nnen diese Tickets bis zu 24 Stunden vor dem Erlebnis stornieren und erhalten eine volle R\u00fcckerstattung.<\/p>\n<h2>Treffpunkt &amp; Anleitung<\/h2>\n<p dir=\"ltr\">\u00dcberpr\u00fcfen Sie Ihren endg\u00fcltigen Gutschein auf Details zu bestimmten Treffpunkten. Zeigen Sie Ihren Gutschein auf Ihrem Mobiltelefon mit einem g\u00fcltigen Lichtbildausweis vor. Studenten m\u00fcssen einen g\u00fcltigen Studentenausweis vorzeigen. Kommen Sie 15 Minuten vor Ihrer Tour am Treffpunkt an, um Versp\u00e4tungen zu vermeiden.<\/p>\n<p><a href=\"https:\/\/www.google.com\/maps\/place\/50%C2%B005&#039;24.6%22N+14%C2%B024&#039;00.2%22E\/@50.0901642,14.4000463,12z\/data=!4m4!3m3!8m2!3d50.0901642!4d14.4000463?entry=ttu\" style=\"outline: none;\" data-lt-tmp-id=\"lt-493778\" spellcheck=\"false\" target=\"_blank\" rel=\"nofollow noopener\">In Karten \u00f6ffnen<\/a><\/p>\n<h2>Bewertungen&nbsp;<\/h2>\n<p><strong>4,6\/ 5 <\/strong><strong>(4700 Bewertungen)<\/strong><\/p>\n<p dir=\"ltr\">&#8222;Alles an der Erfahrung war ausgezeichnet, von der Buchung auf der Website bis hin zur Suche nach dem Ort, das Personal am Kiosk war brillant und informativ, die Zeiten waren perfekt, das Personal auf dem Boot und an Land war fabelhaft, die Tour war erstaunlich! Danke&#8220; Greg, Jul. 2024, USA [Quelle: Headout]<a href=\"https:\/\/www.headout.com\/de\/hop-on-hop-off-touren\/batobus-seine-bootsfahrt-mit-unbegrenztem-zugang-e-5684\/?affiliate_code=KXkQ69&amp;utm_campaign=paristideseinerivercruiseptisp&amp;utm_content=link&amp;utm_medium=affiliate&amp;utm_source=most_amazing_places\" target=\"_blank\" rel=\"nofollow noopener\"> &gt;&gt; Mehr Bewertungen<\/a><\/p>\n<h2>Weitere Aktivit\u00e4ten, die Ihnen gefallen k\u00f6nnten<\/h2>\n<p><span>#2<\/span><span><img decoding=\"async\" alt=\"\" data-id=\"13924\" width=\"159\" data-init-width=\"960\" height=\"106\" data-init-height=\"640\" title=\"145-4\" loading=\"lazy\" src=\"https:\/\/www.paristouristinformation.fr\/de\/wp-content\/uploads\/2026\/02\/145-4.jpg\" data-width=\"159\" data-height=\"106\" style=\"aspect-ratio: auto 960 \/ 640;\"><\/span><\/p>\n<table>\n<tbody>\n<tr>\n<td><a href=\"https:\/\/www.getyourguide.com\/paris-l16\/bateaux-parisiens-dinner-cruise-t51059\/?partner_id=NO9XIDE&amp;utm_medium=online_publisher&amp;cmp=ParisDeHoponHopOffbatobusCruisePTISP\" target=\"_blank\" rel=\"nofollow noopener\" style=\"outline: none;\" data-lt-tmp-id=\"lt-371934\" spellcheck=\"false\">Paris: 3-G\u00e4nge-Dinner-Kreuzfahrt auf der Seine mit Live-Musik<\/a><\/td>\n<\/tr>\n<\/tbody>\n<\/table>\n<p dir=\"ltr\">Erleben Sie die Sch\u00f6nheit von Paris bei Nacht mit einer luxuri\u00f6sen 3-G\u00e4nge-Dinner-Kreuzfahrt auf der Seine. Genie\u00dfen Sie Gourmetk\u00fcche, genie\u00dfen Sie Live-Musik und bewundern Sie die Stadt der Lichter bequem von einem Glas aus, das von einem Glas umgebenen Boot aus ist, w\u00e4hrend ikonische Sehensw\u00fcrdigkeiten vorbeischnken.<\/p>\n<h3 style=\"\">Gesamtpreis<\/h3>\n<h3 style=\"\">Ihr Konto wird noch nicht belastet.<\/h3>\n<p><\/p>\n<h2><a href=\"https:\/\/www.headout.com\/de\/hop-on-hop-off-touren\/batobus-seine-bootsfahrt-mit-unbegrenztem-zugang-e-5684\/?affiliate_code=KXkQ69&amp;utm_campaign=paristideseinerivercruiseptisp&amp;utm_content=link&amp;utm_medium=affiliate&amp;utm_source=most_amazing_places\" target=\"_blank\" rel=\"nofollow noopener\" style=\"outline: none;\">Zur Buchung<\/a><\/h2>\n<p style=\"\"><a href=\"https:\/\/www.headout.com\/de\/hop-on-hop-off-touren\/batobus-seine-bootsfahrt-mit-unbegrenztem-zugang-e-5684\/?affiliate_code=KXkQ69&amp;utm_campaign=paristideseinerivercruiseptisp&amp;utm_content=link&amp;utm_medium=affiliate&amp;utm_source=most_amazing_places\" target=\"_blank\" rel=\"nofollow noopener\" style=\"outline: none;\">Preis ab<\/a><\/p>\n<h1><a href=\"https:\/\/www.headout.com\/de\/hop-on-hop-off-touren\/batobus-seine-bootsfahrt-mit-unbegrenztem-zugang-e-5684\/?affiliate_code=KXkQ69&amp;utm_campaign=paristideseinerivercruiseptisp&amp;utm_content=link&amp;utm_medium=affiliate&amp;utm_source=most_amazing_places\" target=\"_blank\" rel=\"nofollow noopener\" style=\"outline: none;\"><strong>23,00 \u20ac<\/strong><\/a><\/h1>\n<p style=\"\">Ihr Konto wird noch nicht belastet.<\/p>\n","protected":false},"excerpt":{"rendered":"<p>Batobus: Hop-on Hop-off Bootstour auf der Seine Zur Buchung Preis ab 23,00 \u20ac Entdecken Sie die Magie von Paris von der Seine aus mit einer flexiblen Hop-on-Hop-off-Bootstour. Genie\u00dfen Sie unbegrenzten Zugang f\u00fcr 24 oder 48 Stunden, mit 9 Haltestellen in der N\u00e4he von ikonischen Sehensw\u00fcrdigkeiten wie dem Eiffelturm und dem Louvre. Live-Guide (Englisch, Franz\u00f6sisch, Spanisch) [&hellip;]<\/p>\n","protected":false},"author":10,"featured_media":15465,"parent":0,"menu_order":0,"comment_status":"closed","ping_status":"closed","template":"","meta":{"footnotes":""},"tags":[69],"class_list":["post-15464","page","type-page","status-publish","has-post-thumbnail","hentry","tag-sales-pages","post-wrapper","thrv_wrapper"],"wp-worthy-pixel":{"ignored":false,"public":null,"server":null,"url":null},"wp-worthy-type":"normal","_links":{"self":[{"href":"https:\/\/www.paristouristinformation.fr\/de\/wp-json\/wp\/v2\/pages\/15464","targetHints":{"allow":["GET"]}}],"collection":[{"href":"https:\/\/www.paristouristinformation.fr\/de\/wp-json\/wp\/v2\/pages"}],"about":[{"href":"https:\/\/www.paristouristinformation.fr\/de\/wp-json\/wp\/v2\/types\/page"}],"author":[{"embeddable":true,"href":"https:\/\/www.paristouristinformation.fr\/de\/wp-json\/wp\/v2\/users\/10"}],"replies":[{"embeddable":true,"href":"https:\/\/www.paristouristinformation.fr\/de\/wp-json\/wp\/v2\/comments?post=15464"}],"version-history":[{"count":10,"href":"https:\/\/www.paristouristinformation.fr\/de\/wp-json\/wp\/v2\/pages\/15464\/revisions"}],"predecessor-version":[{"id":15903,"href":"https:\/\/www.paristouristinformation.fr\/de\/wp-json\/wp\/v2\/pages\/15464\/revisions\/15903"}],"wp:featuredmedia":[{"embeddable":true,"href":"https:\/\/www.paristouristinformation.fr\/de\/wp-json\/wp\/v2\/media\/15465"}],"wp:attachment":[{"href":"https:\/\/www.paristouristinformation.fr\/de\/wp-json\/wp\/v2\/media?parent=15464"}],"wp:term":[{"taxonomy":"post_tag","embeddable":true,"href":"https:\/\/www.paristouristinformation.fr\/de\/wp-json\/wp\/v2\/tags?post=15464"}],"curies":[{"name":"wp","href":"https:\/\/api.w.org\/{rel}","templated":true}]}}