{"id":15477,"date":"2026-04-08T09:02:41","date_gmt":"2026-04-08T09:02:41","guid":{"rendered":"https:\/\/www.paristouristinformation.fr\/de\/?page_id=15477"},"modified":"2026-04-08T09:07:13","modified_gmt":"2026-04-08T09:07:13","slug":"dinner-kreuzfahrt-auf-der-seine-mit-live-musik","status":"publish","type":"page","link":"https:\/\/www.paristouristinformation.fr\/de\/dinner-kreuzfahrt-auf-der-seine-mit-live-musik\/","title":{"rendered":"Paris: 3-G\u00e4nge-Dinner-Kreuzfahrt auf der Seine mit Live-Musik"},"content":{"rendered":"<p><span><img decoding=\"async\" alt=\"\" data-id=\"13939\" width=\"960\" height=\"640\" title=\"145-4\" src=\"https:\/\/www.paristouristinformation.fr\/de\/wp-content\/uploads\/2026\/02\/145-4-1.jpg\" data-src=\"https:\/\/www.paristouristinformation.fr\/de\/wp-content\/uploads\/2026\/02\/145-4-1-300x200-1.jpg\" loading=\"lazy\" data-sizes=\"{&quot;thumbnail&quot;:{&quot;url&quot;:&quot;https:\/\/www.paristouristinformation.fr\/de\/wp-content\/uploads\/2026\/02\/145-4-1-333x205-1.jpg&quot;,&quot;height&quot;:205,&quot;width&quot;:333,&quot;orientation&quot;:&quot;landscape&quot;},&quot;medium&quot;:{&quot;url&quot;:&quot;https:\/\/www.paristouristinformation.fr\/de\/wp-content\/uploads\/2026\/02\/145-4-1-300x200-1.jpg&quot;,&quot;height&quot;:200,&quot;width&quot;:300,&quot;orientation&quot;:&quot;landscape&quot;},&quot;full&quot;:{&quot;url&quot;:&quot;https:\/\/www.paristouristinformation.fr\/de\/wp-content\/uploads\/2026\/02\/145-4-1.jpg&quot;,&quot;height&quot;:640,&quot;width&quot;:960,&quot;orientation&quot;:&quot;landscape&quot;}}\"><\/span><span><img decoding=\"async\" alt=\"\" data-id=\"13940\" width=\"960\" height=\"640\" title=\"145-6\" src=\"https:\/\/www.paristouristinformation.fr\/de\/wp-content\/uploads\/2026\/02\/145-6.jpg\" data-src=\"https:\/\/www.paristouristinformation.fr\/de\/wp-content\/uploads\/2026\/02\/145-6-300x200-1.jpg\" loading=\"lazy\" data-sizes=\"{&quot;thumbnail&quot;:{&quot;url&quot;:&quot;https:\/\/www.paristouristinformation.fr\/de\/wp-content\/uploads\/2026\/02\/145-6-333x205-1.jpg&quot;,&quot;height&quot;:205,&quot;width&quot;:333,&quot;orientation&quot;:&quot;landscape&quot;},&quot;medium&quot;:{&quot;url&quot;:&quot;https:\/\/www.paristouristinformation.fr\/de\/wp-content\/uploads\/2026\/02\/145-6-300x200-1.jpg&quot;,&quot;height&quot;:200,&quot;width&quot;:300,&quot;orientation&quot;:&quot;landscape&quot;},&quot;full&quot;:{&quot;url&quot;:&quot;https:\/\/www.paristouristinformation.fr\/de\/wp-content\/uploads\/2026\/02\/145-6.jpg&quot;,&quot;height&quot;:640,&quot;width&quot;:960,&quot;orientation&quot;:&quot;landscape&quot;}}\"><\/span><span><img decoding=\"async\" alt=\"\" data-id=\"13941\" width=\"960\" height=\"640\" title=\"145-10\" src=\"https:\/\/www.paristouristinformation.fr\/de\/wp-content\/uploads\/2026\/02\/145-10.jpg\" data-src=\"https:\/\/www.paristouristinformation.fr\/de\/wp-content\/uploads\/2026\/02\/145-10-300x200-1.jpg\" loading=\"lazy\" data-sizes=\"{&quot;thumbnail&quot;:{&quot;url&quot;:&quot;https:\/\/www.paristouristinformation.fr\/de\/wp-content\/uploads\/2026\/02\/145-10-333x205-1.jpg&quot;,&quot;height&quot;:205,&quot;width&quot;:333,&quot;orientation&quot;:&quot;landscape&quot;},&quot;medium&quot;:{&quot;url&quot;:&quot;https:\/\/www.paristouristinformation.fr\/de\/wp-content\/uploads\/2026\/02\/145-10-300x200-1.jpg&quot;,&quot;height&quot;:200,&quot;width&quot;:300,&quot;orientation&quot;:&quot;landscape&quot;},&quot;full&quot;:{&quot;url&quot;:&quot;https:\/\/www.paristouristinformation.fr\/de\/wp-content\/uploads\/2026\/02\/145-10.jpg&quot;,&quot;height&quot;:640,&quot;width&quot;:960,&quot;orientation&quot;:&quot;landscape&quot;}}\"><\/span><span><img decoding=\"async\" alt=\"\" data-id=\"13943\" width=\"960\" height=\"640\" title=\"145-12\" src=\"https:\/\/www.paristouristinformation.fr\/de\/wp-content\/uploads\/2026\/02\/145-12.jpg\" data-src=\"https:\/\/www.paristouristinformation.fr\/de\/wp-content\/uploads\/2026\/02\/145-12-300x200-1.jpg\" loading=\"lazy\" data-sizes=\"{&quot;thumbnail&quot;:{&quot;url&quot;:&quot;https:\/\/www.paristouristinformation.fr\/de\/wp-content\/uploads\/2026\/02\/145-12-333x205-1.jpg&quot;,&quot;height&quot;:205,&quot;width&quot;:333,&quot;orientation&quot;:&quot;landscape&quot;},&quot;medium&quot;:{&quot;url&quot;:&quot;https:\/\/www.paristouristinformation.fr\/de\/wp-content\/uploads\/2026\/02\/145-12-300x200-1.jpg&quot;,&quot;height&quot;:200,&quot;width&quot;:300,&quot;orientation&quot;:&quot;landscape&quot;},&quot;full&quot;:{&quot;url&quot;:&quot;https:\/\/www.paristouristinformation.fr\/de\/wp-content\/uploads\/2026\/02\/145-12.jpg&quot;,&quot;height&quot;:640,&quot;width&quot;:960,&quot;orientation&quot;:&quot;landscape&quot;}}\"><\/span><span><img decoding=\"async\" alt=\"\" data-id=\"13944\" width=\"960\" height=\"640\" title=\"145-5\" src=\"https:\/\/www.paristouristinformation.fr\/de\/wp-content\/uploads\/2026\/02\/145-5.jpg\" data-src=\"https:\/\/www.paristouristinformation.fr\/de\/wp-content\/uploads\/2026\/02\/145-5-300x200-1.jpg\" loading=\"lazy\" data-sizes=\"{&quot;thumbnail&quot;:{&quot;url&quot;:&quot;https:\/\/www.paristouristinformation.fr\/de\/wp-content\/uploads\/2026\/02\/145-5-333x205-1.jpg&quot;,&quot;height&quot;:205,&quot;width&quot;:333,&quot;orientation&quot;:&quot;landscape&quot;},&quot;medium&quot;:{&quot;url&quot;:&quot;https:\/\/www.paristouristinformation.fr\/de\/wp-content\/uploads\/2026\/02\/145-5-300x200-1.jpg&quot;,&quot;height&quot;:200,&quot;width&quot;:300,&quot;orientation&quot;:&quot;landscape&quot;},&quot;full&quot;:{&quot;url&quot;:&quot;https:\/\/www.paristouristinformation.fr\/de\/wp-content\/uploads\/2026\/02\/145-5.jpg&quot;,&quot;height&quot;:640,&quot;width&quot;:960,&quot;orientation&quot;:&quot;landscape&quot;}}\"><\/span><span><img decoding=\"async\" alt=\"\" data-id=\"13945\" width=\"960\" height=\"640\" title=\"145-8\" src=\"https:\/\/www.paristouristinformation.fr\/de\/wp-content\/uploads\/2026\/02\/145-8.jpg\" data-src=\"https:\/\/www.paristouristinformation.fr\/de\/wp-content\/uploads\/2026\/02\/145-8-300x200-1.jpg\" loading=\"lazy\" data-sizes=\"{&quot;thumbnail&quot;:{&quot;url&quot;:&quot;https:\/\/www.paristouristinformation.fr\/de\/wp-content\/uploads\/2026\/02\/145-8-333x205-1.jpg&quot;,&quot;height&quot;:205,&quot;width&quot;:333,&quot;orientation&quot;:&quot;landscape&quot;},&quot;medium&quot;:{&quot;url&quot;:&quot;https:\/\/www.paristouristinformation.fr\/de\/wp-content\/uploads\/2026\/02\/145-8-300x200-1.jpg&quot;,&quot;height&quot;:200,&quot;width&quot;:300,&quot;orientation&quot;:&quot;landscape&quot;},&quot;full&quot;:{&quot;url&quot;:&quot;https:\/\/www.paristouristinformation.fr\/de\/wp-content\/uploads\/2026\/02\/145-8.jpg&quot;,&quot;height&quot;:640,&quot;width&quot;:960,&quot;orientation&quot;:&quot;landscape&quot;}}\"><\/span><span><img decoding=\"async\" alt=\"\" data-id=\"13942\" width=\"960\" height=\"640\" title=\"145-11\" src=\"https:\/\/www.paristouristinformation.fr\/de\/wp-content\/uploads\/2026\/02\/145-11.jpg\" data-src=\"https:\/\/www.paristouristinformation.fr\/de\/wp-content\/uploads\/2026\/02\/145-11-300x200-1.jpg\" loading=\"lazy\" data-sizes=\"{&quot;thumbnail&quot;:{&quot;url&quot;:&quot;https:\/\/www.paristouristinformation.fr\/de\/wp-content\/uploads\/2026\/02\/145-11-333x205-1.jpg&quot;,&quot;height&quot;:205,&quot;width&quot;:333,&quot;orientation&quot;:&quot;landscape&quot;},&quot;medium&quot;:{&quot;url&quot;:&quot;https:\/\/www.paristouristinformation.fr\/de\/wp-content\/uploads\/2026\/02\/145-11-300x200-1.jpg&quot;,&quot;height&quot;:200,&quot;width&quot;:300,&quot;orientation&quot;:&quot;landscape&quot;},&quot;full&quot;:{&quot;url&quot;:&quot;https:\/\/www.paristouristinformation.fr\/de\/wp-content\/uploads\/2026\/02\/145-11.jpg&quot;,&quot;height&quot;:640,&quot;width&quot;:960,&quot;orientation&quot;:&quot;landscape&quot;}}\"><\/span><\/p>\n<h1 data-qa-marker=\"product-name\">Paris: 3-G\u00e4nge-Dinner-Kreuzfahrt auf der Seine mit Live-Musik<\/h1>\n<h2><a href=\"https:\/\/www.headout.com\/r\/most-amazing-placesrecommends-c79Sq\/\" target=\"_blank\" rel=\"nofollow noopener\" style=\"outline: none;\"><\/a><a href=\"https:\/\/www.getyourguide.com\/paris-l16\/bateaux-parisiens-dinner-cruise-t51059\/?partner_id=NO9XIDE&amp;utm_medium=online_publisher&amp;cmp=ParisDe3CourseSeineDinnerCruisePTISP\" rel=\"nofollow noopener\" target=\"_blank\" style=\"outline: none;\">Zur Buchung<\/a><\/h2>\n<p style=\"\"><a href=\"https:\/\/www.getyourguide.com\/paris-l16\/bateaux-parisiens-dinner-cruise-t51059\/?partner_id=NO9XIDE&amp;utm_medium=online_publisher&amp;cmp=ParisDe3CourseSeineDinnerCruisePTISP\" target=\"_blank\" rel=\"nofollow noopener\" style=\"outline: none;\">Preis ab<\/a><\/p>\n<h1><a href=\"https:\/\/www.getyourguide.com\/paris-l16\/bateaux-parisiens-dinner-cruise-t51059\/?partner_id=NO9XIDE&amp;utm_medium=online_publisher&amp;cmp=ParisDe3CourseSeineDinnerCruisePTISP\" target=\"_blank\" rel=\"nofollow noopener\" style=\"outline: none;\"><strong>115,00 \u20ac<\/strong><\/a><\/h1>\n<p dir=\"ltr\" style=\"\">Erleben Sie die Sch\u00f6nheit von Paris bei Nacht mit einer luxuri\u00f6sen 3-G\u00e4nge-Dinner-Kreuzfahrt auf der Seine. Genie\u00dfen Sie die Gerichte einer Gourmetk\u00fcche, h\u00f6ren Sie Live-Musik und bewundern Sie die Stadt der Lichter! Genie\u00dfen Sie die Atmosph\u00e4re, w\u00e4hrend Sie einzigartige Sehensw\u00fcrdigkeiten bestaunen.<\/p>\n<ul>\n<li style=\"\"><span>Jetzt buchen &amp; sp\u00e4ter bezahlen<\/span><\/li>\n<li style=\"\">                    <span>Dauer 2,5 Stunden<\/span><\/li>\n<li><span>Gastgeber oder Begr\u00fc\u00dfer (Franz\u00f6sisch, Englisch, Deutsch, Spanisch, Chinesisch)<\/span><\/li>\n<li style=\"\"><span>Kostenlose Stornierung<\/span><\/li>\n<\/ul>\n<h2>Inbegriffen<\/h2>\n<ul>\n<li style=\"\">                    <span>2,5-st\u00fcndige Kreuzfahrt auf der Seine<\/span><\/li>\n<li style=\"\">                    <span>3- oder 4-G\u00e4nge-Abendessen \u00e0 la carte (je nach Men\u00fcauswahl)<\/span><\/li>\n<li><span>Glas Champagner und Vorspeisen (basierend auf Serviceoption)<\/span><\/li>\n<li><span>Live-Unterhaltung von einem S\u00e4nger<br \/><\/span><\/li>\n<li><span>Panoramablick auf beleuchtete Pariser Wahrzeichen<\/span><\/li>\n<\/ul>\n<h2>Nicht inbegriffen<\/h2>\n<ul>\n<li style=\"\"><span>Souvenirfotos, die vom Bordfotografen aufgenommen wurden<\/span><\/li>\n<li><span>Zus\u00e4tzliche Getr\u00e4nke \u00fcber den mitgelieferten Wein oder Champagner hinaus<br \/><\/span><\/li>\n<li><span>Besondere W\u00fcnsche (z.B. Geburtstagstorte)<\/span><\/li>\n<li><span>Abholung und R\u00fcckgabe im Hotel<\/span><\/li>\n<\/ul>\n<h2>Wichtige Informationen<\/h2>\n<ul>\n<li style=\"\"><span>Kleiderordnung: Smart Casual<\/span><\/li>\n<li><span>Keine Haustiere erlaubt (Hunde sind erlaubt)<\/span><\/li>\n<li><span>Shorts, Sportbekleidung und Turnschuhe sind nicht erlaubt<\/span><\/li>\n<li><span>Taschen und Koffer k\u00f6nnen aus Sicherheitsgr\u00fcnden vor dem Einsteigen \u00fcberpr\u00fcft werden<\/span><\/li>\n<li><span>Vegetarisches Men\u00fc auf Anfrage erh\u00e4ltlich<\/span><\/li>\n<\/ul>\n<h2>Beschreibung:<\/h2>\n<p dir=\"ltr\">G\u00f6nnen Sie sich einen unvergesslichen Abend, w\u00e4hrend Sie entlang der Seine fahren und ein Gourmet-Dinner mit 3 G\u00e4ngen auf einem atemberaubenden, von Glas umgebenen Boot genie\u00dfen. Die Kreuzfahrt bietet einen unvergleichlichen Blick auf die ber\u00fchmten Wahrzeichen von Paris, wie den Eiffelturm, Notre Dame und das Mus\u00e9e d&#8217;Orsay, die alle vom Nachthimmel beleuchtet werden. Mit Live-Musik, die das perfekte Ambiente schafft, umfasst Ihr Abendessen eine Auswahl an hochwertigen franz\u00f6sischen Gerichten und Champagner, die f\u00fcr ein unvergessliches Erlebnis sorgen.<\/p>\n<h2>H\u00f6hepunkte:<\/h2>\n<ul>\n<li>Genie\u00dfen Sie stilvolle <strong>Aussichten von einem Glasboot aus<\/strong><\/li>\n<li>Fahren Sie am <strong>Eiffelturm, Les Invalides <\/strong>und<strong> Notre Dame&nbsp;<\/strong>vorbei<\/li>\n<li><strong>Live-Unterhaltung <\/strong>zur Verbesserung der Abendatmosph\u00e4re<\/li>\n<li>W\u00e4hlen Sie aus <strong>verschiedenen Serviceoptionen<\/strong>, darunter privilegierte Sitzgelegenheiten und Champagner<\/li>\n<\/ul>\n<h2>Stornierungsrichtlinien<\/h2>\n<p dir=\"ltr\">Sie k\u00f6nnen diese Tickets bis zu 24 Stunden vor dem Erlebnis stornieren und erhalten eine volle R\u00fcckerstattung.<\/p>\n<h2>Treffpunkt &amp; Anleitung<\/h2>\n<p dir=\"ltr\">Steigen Sie an Bord des Bootes am Port de la Bourdonnais (am Fu\u00dfe des Eiffelturms), Ponton Nr. 5 oder Nr. 7. Suchen Sie nach Bateaux Parisiens. Der Check-in endet 15 Minuten vor der Abfahrtszeit der Tour. In der N\u00e4he des Treffpunkts stehen kostenpflichtige Parkpl\u00e4tze zur Verf\u00fcgung.<\/p>\n<h2>Bewertungen<\/h2>\n<p><strong>4,6\/ 5 <\/strong><strong>(4700 Bewertungen)<\/strong><\/p>\n<p dir=\"ltr\">,,Wir haben unser Jubil\u00e4um gefeiert und hatten eine wunderbare Zeit! Der Live-S\u00e4nger war wirklich gut, mit einer Mischung aus authentischen franz\u00f6sischen und britischen Liedern. Das Essen war k\u00f6stlich und kam mit guten Intervallen dazwischen an! (&#8230;..) Das war eine wunderbare Erfahrung und ich bin wirklich froh, dass wir daf\u00fcr gespart haben!&#8220; Freya, September 2024, Gro\u00dfbritannien [Quelle: GetYourGuide] <a href=\"https:\/\/www.getyourguide.com\/paris-l16\/bateaux-parisiens-dinner-cruise-t51059\/?partner_id=NO9XIDE&amp;utm_medium=online_publisher&amp;cmp=ParisDe3CourseSeineDinnerCruisePTISP\" target=\"_blank\" rel=\"nofollow noopener\">&gt;&gt; Mehr Bewertungen<\/a><\/p>\n<h2>Weitere Aktivit\u00e4ten, die Ihnen gefallen k\u00f6nnten<\/h2>\n<p><span>#2<\/span><span><a href=\"https:\/\/www.headout.com\/r\/most-amazing-placesrecommends-YPPjb\/\" target=\"_blank\" rel=\"nofollow noopener\"><img decoding=\"async\" alt=\"\" data-id=\"13925\" width=\"159\" data-init-width=\"1200\" height=\"99\" data-init-height=\"750\" title=\"82317e82-559d-4b9e-b301-7bfbb3880a7f-5684-paris-batobus-seine-fluss-kreuzfahrt-unbegrenzter-zugang-09.jpg-2\" loading=\"lazy\" src=\"https:\/\/paristouristinformation.fr\/wp-content\/uploads\/2024\/09\/82317e82-559d-4b9e-b301-7bfbb3880a7f-5684-paris-batobus-seine-river-cruise-unlimited-access-09.jpg-2.avif\" data-width=\"159\" data-height=\"99\" style=\"aspect-ratio: auto 1200 \/ 750;\" data-link-wrap=\"true\"><\/a><\/span><\/p>\n<table>\n<tbody>\n<tr>\n<td><a href=\"https:\/\/www.headout.com\/de\/hop-on-hop-off-touren\/batobus-seine-bootsfahrt-mit-unbegrenztem-zugang-e-5684\/?affiliate_code=KXkQ69&amp;utm_campaign=parisdeseinerivercruiseptisp&amp;utm_content=link&amp;utm_medium=affiliate&amp;utm_source=most_amazing_places\" target=\"_blank\" rel=\"nofollow noopener\" style=\"outline: none;\" data-lt-tmp-id=\"lt-905982\" spellcheck=\"false\">Batobus: Bootstour mit der Pariser Seine<\/a><\/td>\n<\/tr>\n<\/tbody>\n<\/table>\n<p dir=\"ltr\">Entdecken Sie die Magie von Paris von der Seine aus mit einer flexiblen Hop-on-Hop-off-Bootstour. Genie\u00dfen Sie unbegrenzten Zugang f\u00fcr 24 oder 48 Stunden, mit 9 Haltestellen in der N\u00e4he von ikonischen Sehensw\u00fcrdigkeiten wie dem Eiffelturm und dem Louvre.<\/p>\n<h3 style=\"\">Gesamtpreis<\/h3>\n<h3 style=\"\">Ihr Konto wird noch nicht belastet.<\/h3>\n<p><\/p>\n<h2><a href=\"https:\/\/www.getyourguide.com\/paris-l16\/bateaux-parisiens-dinner-cruise-t51059\/?partner_id=NO9XIDE&amp;utm_medium=online_publisher&amp;cmp=ParisDe3CourseSeineDinnerCruisePTISP\" target=\"_blank\" rel=\"nofollow noopener\" style=\"outline: none;\">Zur Buchung<\/a><\/h2>\n<p style=\"\"><a href=\"https:\/\/www.getyourguide.com\/paris-l16\/bateaux-parisiens-dinner-cruise-t51059\/?partner_id=NO9XIDE&amp;utm_medium=online_publisher&amp;cmp=ParisDe3CourseSeineDinnerCruisePTISP\" target=\"_blank\" rel=\"nofollow noopener\" style=\"outline: none;\">Preis ab<\/a><\/p>\n<h1><a href=\"https:\/\/www.getyourguide.com\/paris-l16\/bateaux-parisiens-dinner-cruise-t51059\/?partner_id=NO9XIDE&amp;utm_medium=online_publisher&amp;cmp=ParisDe3CourseSeineDinnerCruisePTISP\" target=\"_blank\" rel=\"nofollow noopener\" style=\"outline: none;\"><strong>115,00 \u20ac<\/strong><\/a><\/h1>\n<p style=\"\">Ihr Konto wird noch nicht belastet.<\/p>\n","protected":false},"excerpt":{"rendered":"<p>Paris: 3-G\u00e4nge-Dinner-Kreuzfahrt auf der Seine mit Live-Musik Zur Buchung Preis ab 115,00 \u20ac Erleben Sie die Sch\u00f6nheit von Paris bei Nacht mit einer luxuri\u00f6sen 3-G\u00e4nge-Dinner-Kreuzfahrt auf der Seine. Genie\u00dfen Sie die Gerichte einer Gourmetk\u00fcche, h\u00f6ren Sie Live-Musik und bewundern Sie die Stadt der Lichter! Genie\u00dfen Sie die Atmosph\u00e4re, w\u00e4hrend Sie einzigartige Sehensw\u00fcrdigkeiten bestaunen. Jetzt buchen [&hellip;]<\/p>\n","protected":false},"author":10,"featured_media":15478,"parent":0,"menu_order":0,"comment_status":"closed","ping_status":"closed","template":"","meta":{"footnotes":""},"tags":[69],"class_list":["post-15477","page","type-page","status-publish","has-post-thumbnail","hentry","tag-sales-pages","post-wrapper","thrv_wrapper"],"wp-worthy-pixel":{"ignored":false,"public":null,"server":null,"url":null},"wp-worthy-type":"normal","_links":{"self":[{"href":"https:\/\/www.paristouristinformation.fr\/de\/wp-json\/wp\/v2\/pages\/15477","targetHints":{"allow":["GET"]}}],"collection":[{"href":"https:\/\/www.paristouristinformation.fr\/de\/wp-json\/wp\/v2\/pages"}],"about":[{"href":"https:\/\/www.paristouristinformation.fr\/de\/wp-json\/wp\/v2\/types\/page"}],"author":[{"embeddable":true,"href":"https:\/\/www.paristouristinformation.fr\/de\/wp-json\/wp\/v2\/users\/10"}],"replies":[{"embeddable":true,"href":"https:\/\/www.paristouristinformation.fr\/de\/wp-json\/wp\/v2\/comments?post=15477"}],"version-history":[{"count":10,"href":"https:\/\/www.paristouristinformation.fr\/de\/wp-json\/wp\/v2\/pages\/15477\/revisions"}],"predecessor-version":[{"id":15896,"href":"https:\/\/www.paristouristinformation.fr\/de\/wp-json\/wp\/v2\/pages\/15477\/revisions\/15896"}],"wp:featuredmedia":[{"embeddable":true,"href":"https:\/\/www.paristouristinformation.fr\/de\/wp-json\/wp\/v2\/media\/15478"}],"wp:attachment":[{"href":"https:\/\/www.paristouristinformation.fr\/de\/wp-json\/wp\/v2\/media?parent=15477"}],"wp:term":[{"taxonomy":"post_tag","embeddable":true,"href":"https:\/\/www.paristouristinformation.fr\/de\/wp-json\/wp\/v2\/tags?post=15477"}],"curies":[{"name":"wp","href":"https:\/\/api.w.org\/{rel}","templated":true}]}}