{"id":15511,"date":"2026-04-08T09:18:29","date_gmt":"2026-04-08T09:18:29","guid":{"rendered":"https:\/\/www.paristouristinformation.fr\/de\/?page_id=15511"},"modified":"2026-04-08T09:21:03","modified_gmt":"2026-04-08T09:21:03","slug":"kathedrale-notre-dame-tour","status":"publish","type":"page","link":"https:\/\/www.paristouristinformation.fr\/de\/kathedrale-notre-dame-tour\/","title":{"rendered":"Kathedrale Notre-Dame Tour und optional \u00cele de la Cit\u00e9"},"content":{"rendered":"<p><span><img decoding=\"async\" alt=\"\" data-id=\"14879\" width=\"1600\" height=\"1000\" title=\"Zugang zur Kathedrale Notre-Dame &amp; optionale \u00cele de la Cit\u00e9 F\u00fchrung OTA\" src=\"https:\/\/paristouristinformation.fr\/wp-content\/uploads\/2025\/03\/Notre-Dame-Cathedral-Access-Optional-Ile-de-la-Cite-Guided-Tour-OTA-1024x640.avif\" data-src=\"https:\/\/paristouristinformation.fr\/wp-content\/uploads\/2025\/03\/Notre-Dame-Cathedral-Access-Optional-Ile-de-la-Cite-Guided-Tour-OTA-300x188.avif\" loading=\"lazy\" data-sizes=\"{&quot;thumbnail&quot;:{&quot;url&quot;:&quot;https:\/\/paristouristinformation.fr\/wp-content\/uploads\/2025\/03\/Notre-Dame-Cathedral-Access-Optional-Ile-de-la-Cite-Guided-Tour-OTA-333x205.avif&quot;,&quot;height&quot;:205,&quot;width&quot;:333,&quot;orientation&quot;:&quot;landscape&quot;},&quot;medium&quot;:{&quot;url&quot;:&quot;https:\/\/paristouristinformation.fr\/wp-content\/uploads\/2025\/03\/Notre-Dame-Cathedral-Access-Optional-Ile-de-la-Cite-Guided-Tour-OTA-300x188.avif&quot;,&quot;height&quot;:188,&quot;width&quot;:300,&quot;orientation&quot;:&quot;landscape&quot;},&quot;large&quot;:{&quot;url&quot;:&quot;https:\/\/paristouristinformation.fr\/wp-content\/uploads\/2025\/03\/Notre-Dame-Cathedral-Access-Optional-Ile-de-la-Cite-Guided-Tour-OTA-1024x640.avif&quot;,&quot;height&quot;:640,&quot;width&quot;:1024,&quot;orientation&quot;:&quot;landscape&quot;},&quot;full&quot;:{&quot;url&quot;:&quot;https:\/\/paristouristinformation.fr\/wp-content\/uploads\/2025\/03\/Notre-Dame-Cathedral-Access-Optional-Ile-de-la-Cite-Guided-Tour-OTA.avif&quot;,&quot;height&quot;:1000,&quot;width&quot;:1600,&quot;orientation&quot;:&quot;landscape&quot;},&quot;1536x1536&quot;:{&quot;url&quot;:&quot;https:\/\/paristouristinformation.fr\/wp-content\/uploads\/2025\/03\/Notre-Dame-Cathedral-Access-Optional-Ile-de-la-Cite-Guided-Tour-OTA-1536x960.avif&quot;,&quot;height&quot;:960,&quot;width&quot;:1536,&quot;orientation&quot;:&quot;landscape&quot;}}\"><\/span><span><img decoding=\"async\" alt=\"\" data-id=\"14878\" width=\"1600\" height=\"1000\" title=\"Zugang zur Kathedrale Notre-Dame &amp; optionale \u00cele de la Cit\u00e9 F\u00fchrung OTA2\" src=\"https:\/\/paristouristinformation.fr\/wp-content\/uploads\/2025\/03\/Notre-Dame-Cathedral-Access-Optional-Ile-de-la-Cite-Guided-Tour-OTA2-1024x640.avif\" data-src=\"https:\/\/paristouristinformation.fr\/wp-content\/uploads\/2025\/03\/Notre-Dame-Cathedral-Access-Optional-Ile-de-la-Cite-Guided-Tour-OTA2-300x188.avif\" loading=\"lazy\" data-sizes=\"{&quot;thumbnail&quot;:{&quot;url&quot;:&quot;https:\/\/paristouristinformation.fr\/wp-content\/uploads\/2025\/03\/Notre-Dame-Cathedral-Access-Optional-Ile-de-la-Cite-Guided-Tour-OTA2-333x205.avif&quot;,&quot;height&quot;:205,&quot;width&quot;:333,&quot;orientation&quot;:&quot;landscape&quot;},&quot;medium&quot;:{&quot;url&quot;:&quot;https:\/\/paristouristinformation.fr\/wp-content\/uploads\/2025\/03\/Notre-Dame-Cathedral-Access-Optional-Ile-de-la-Cite-Guided-Tour-OTA2-300x188.avif&quot;,&quot;height&quot;:188,&quot;width&quot;:300,&quot;orientation&quot;:&quot;landscape&quot;},&quot;large&quot;:{&quot;url&quot;:&quot;https:\/\/paristouristinformation.fr\/wp-content\/uploads\/2025\/03\/Notre-Dame-Cathedral-Access-Optional-Ile-de-la-Cite-Guided-Tour-OTA2-1024x640.avif&quot;,&quot;height&quot;:640,&quot;width&quot;:1024,&quot;orientation&quot;:&quot;landscape&quot;},&quot;full&quot;:{&quot;url&quot;:&quot;https:\/\/paristouristinformation.fr\/wp-content\/uploads\/2025\/03\/Notre-Dame-Cathedral-Access-Optional-Ile-de-la-Cite-Guided-Tour-OTA2.avif&quot;,&quot;height&quot;:1000,&quot;width&quot;:1600,&quot;orientation&quot;:&quot;landscape&quot;},&quot;1536x1536&quot;:{&quot;url&quot;:&quot;https:\/\/paristouristinformation.fr\/wp-content\/uploads\/2025\/03\/Notre-Dame-Cathedral-Access-Optional-Ile-de-la-Cite-Guided-Tour-OTA2-1536x960.avif&quot;,&quot;height&quot;:960,&quot;width&quot;:1536,&quot;orientation&quot;:&quot;landscape&quot;}}\"><\/span><span><img decoding=\"async\" alt=\"\" data-id=\"14877\" width=\"1600\" height=\"1000\" title=\"Zugang zur Kathedrale Notre-Dame &amp; optionale \u00cele de la Cit\u00e9 F\u00fchrung OTA3\" src=\"https:\/\/paristouristinformation.fr\/wp-content\/uploads\/2025\/03\/Notre-Dame-Cathedral-Access-Optional-Ile-de-la-Cite-Guided-Tour-OTA3-1024x640.avif\" data-src=\"https:\/\/paristouristinformation.fr\/wp-content\/uploads\/2025\/03\/Notre-Dame-Cathedral-Access-Optional-Ile-de-la-Cite-Guided-Tour-OTA3-300x188.avif\" loading=\"lazy\" data-sizes=\"{&quot;thumbnail&quot;:{&quot;url&quot;:&quot;https:\/\/paristouristinformation.fr\/wp-content\/uploads\/2025\/03\/Notre-Dame-Cathedral-Access-Optional-Ile-de-la-Cite-Guided-Tour-OTA3-333x205.avif&quot;,&quot;height&quot;:205,&quot;width&quot;:333,&quot;orientation&quot;:&quot;landscape&quot;},&quot;medium&quot;:{&quot;url&quot;:&quot;https:\/\/paristouristinformation.fr\/wp-content\/uploads\/2025\/03\/Notre-Dame-Cathedral-Access-Optional-Ile-de-la-Cite-Guided-Tour-OTA3-300x188.avif&quot;,&quot;height&quot;:188,&quot;width&quot;:300,&quot;orientation&quot;:&quot;landscape&quot;},&quot;large&quot;:{&quot;url&quot;:&quot;https:\/\/paristouristinformation.fr\/wp-content\/uploads\/2025\/03\/Notre-Dame-Cathedral-Access-Optional-Ile-de-la-Cite-Guided-Tour-OTA3-1024x640.avif&quot;,&quot;height&quot;:640,&quot;width&quot;:1024,&quot;orientation&quot;:&quot;landscape&quot;},&quot;full&quot;:{&quot;url&quot;:&quot;https:\/\/paristouristinformation.fr\/wp-content\/uploads\/2025\/03\/Notre-Dame-Cathedral-Access-Optional-Ile-de-la-Cite-Guided-Tour-OTA3.avif&quot;,&quot;height&quot;:1000,&quot;width&quot;:1600,&quot;orientation&quot;:&quot;landscape&quot;},&quot;1536x1536&quot;:{&quot;url&quot;:&quot;https:\/\/paristouristinformation.fr\/wp-content\/uploads\/2025\/03\/Notre-Dame-Cathedral-Access-Optional-Ile-de-la-Cite-Guided-Tour-OTA3-1536x960.avif&quot;,&quot;height&quot;:960,&quot;width&quot;:1536,&quot;orientation&quot;:&quot;landscape&quot;}}\"><\/span><span><img decoding=\"async\" alt=\"\" data-id=\"14876\" width=\"1600\" height=\"1000\" title=\"Zugang zur Kathedrale Notre-Dame &amp; optionale \u00cele de la Cit\u00e9 F\u00fchrung OTA4\" src=\"https:\/\/paristouristinformation.fr\/wp-content\/uploads\/2025\/03\/Notre-Dame-Cathedral-Access-Optional-Ile-de-la-Cite-Guided-Tour-OTA4-1024x640.avif\" data-src=\"https:\/\/paristouristinformation.fr\/wp-content\/uploads\/2025\/03\/Notre-Dame-Cathedral-Access-Optional-Ile-de-la-Cite-Guided-Tour-OTA4-300x188.avif\" loading=\"lazy\" data-sizes=\"{&quot;thumbnail&quot;:{&quot;url&quot;:&quot;https:\/\/paristouristinformation.fr\/wp-content\/uploads\/2025\/03\/Notre-Dame-Cathedral-Access-Optional-Ile-de-la-Cite-Guided-Tour-OTA4-333x205.avif&quot;,&quot;height&quot;:205,&quot;width&quot;:333,&quot;orientation&quot;:&quot;landscape&quot;},&quot;medium&quot;:{&quot;url&quot;:&quot;https:\/\/paristouristinformation.fr\/wp-content\/uploads\/2025\/03\/Notre-Dame-Cathedral-Access-Optional-Ile-de-la-Cite-Guided-Tour-OTA4-300x188.avif&quot;,&quot;height&quot;:188,&quot;width&quot;:300,&quot;orientation&quot;:&quot;landscape&quot;},&quot;large&quot;:{&quot;url&quot;:&quot;https:\/\/paristouristinformation.fr\/wp-content\/uploads\/2025\/03\/Notre-Dame-Cathedral-Access-Optional-Ile-de-la-Cite-Guided-Tour-OTA4-1024x640.avif&quot;,&quot;height&quot;:640,&quot;width&quot;:1024,&quot;orientation&quot;:&quot;landscape&quot;},&quot;full&quot;:{&quot;url&quot;:&quot;https:\/\/paristouristinformation.fr\/wp-content\/uploads\/2025\/03\/Notre-Dame-Cathedral-Access-Optional-Ile-de-la-Cite-Guided-Tour-OTA4.avif&quot;,&quot;height&quot;:1000,&quot;width&quot;:1600,&quot;orientation&quot;:&quot;landscape&quot;},&quot;1536x1536&quot;:{&quot;url&quot;:&quot;https:\/\/paristouristinformation.fr\/wp-content\/uploads\/2025\/03\/Notre-Dame-Cathedral-Access-Optional-Ile-de-la-Cite-Guided-Tour-OTA4-1536x960.avif&quot;,&quot;height&quot;:960,&quot;width&quot;:1536,&quot;orientation&quot;:&quot;landscape&quot;}}\"><\/span><span><img decoding=\"async\" alt=\"\" data-id=\"14875\" width=\"1600\" height=\"1000\" title=\"Zugang zur Kathedrale Notre-Dame &amp; Optionale \u00cele de la Cit\u00e9 F\u00fchrung OTA5\" src=\"https:\/\/paristouristinformation.fr\/wp-content\/uploads\/2025\/03\/Notre-Dame-Cathedral-Access-Optional-Ile-de-la-Cite-Guided-Tour-OTA5-1024x640.avif\" data-src=\"https:\/\/paristouristinformation.fr\/wp-content\/uploads\/2025\/03\/Notre-Dame-Cathedral-Access-Optional-Ile-de-la-Cite-Guided-Tour-OTA5-300x188.avif\" loading=\"lazy\" data-sizes=\"{&quot;thumbnail&quot;:{&quot;url&quot;:&quot;https:\/\/paristouristinformation.fr\/wp-content\/uploads\/2025\/03\/Notre-Dame-Cathedral-Access-Optional-Ile-de-la-Cite-Guided-Tour-OTA5-333x205.avif&quot;,&quot;height&quot;:205,&quot;width&quot;:333,&quot;orientation&quot;:&quot;landscape&quot;},&quot;medium&quot;:{&quot;url&quot;:&quot;https:\/\/paristouristinformation.fr\/wp-content\/uploads\/2025\/03\/Notre-Dame-Cathedral-Access-Optional-Ile-de-la-Cite-Guided-Tour-OTA5-300x188.avif&quot;,&quot;height&quot;:188,&quot;width&quot;:300,&quot;orientation&quot;:&quot;landscape&quot;},&quot;large&quot;:{&quot;url&quot;:&quot;https:\/\/paristouristinformation.fr\/wp-content\/uploads\/2025\/03\/Notre-Dame-Cathedral-Access-Optional-Ile-de-la-Cite-Guided-Tour-OTA5-1024x640.avif&quot;,&quot;height&quot;:640,&quot;width&quot;:1024,&quot;orientation&quot;:&quot;landscape&quot;},&quot;full&quot;:{&quot;url&quot;:&quot;https:\/\/paristouristinformation.fr\/wp-content\/uploads\/2025\/03\/Notre-Dame-Cathedral-Access-Optional-Ile-de-la-Cite-Guided-Tour-OTA5.avif&quot;,&quot;height&quot;:1000,&quot;width&quot;:1600,&quot;orientation&quot;:&quot;landscape&quot;},&quot;1536x1536&quot;:{&quot;url&quot;:&quot;https:\/\/paristouristinformation.fr\/wp-content\/uploads\/2025\/03\/Notre-Dame-Cathedral-Access-Optional-Ile-de-la-Cite-Guided-Tour-OTA5-1536x960.avif&quot;,&quot;height&quot;:960,&quot;width&quot;:1536,&quot;orientation&quot;:&quot;landscape&quot;}}\"><\/span><span><img decoding=\"async\" alt=\"\" data-id=\"14874\" width=\"1600\" height=\"1000\" title=\"Zugang zur Kathedrale Notre-Dame &amp; optionale \u00cele de la Cit\u00e9 F\u00fchrung OTA6\" src=\"https:\/\/paristouristinformation.fr\/wp-content\/uploads\/2025\/03\/Notre-Dame-Cathedral-Access-Optional-Ile-de-la-Cite-Guided-Tour-OTA6-1024x640.avif\" data-src=\"https:\/\/paristouristinformation.fr\/wp-content\/uploads\/2025\/03\/Notre-Dame-Cathedral-Access-Optional-Ile-de-la-Cite-Guided-Tour-OTA6-300x188.avif\" loading=\"lazy\" data-sizes=\"{&quot;thumbnail&quot;:{&quot;url&quot;:&quot;https:\/\/paristouristinformation.fr\/wp-content\/uploads\/2025\/03\/Notre-Dame-Cathedral-Access-Optional-Ile-de-la-Cite-Guided-Tour-OTA6-333x205.avif&quot;,&quot;height&quot;:205,&quot;width&quot;:333,&quot;orientation&quot;:&quot;landscape&quot;},&quot;medium&quot;:{&quot;url&quot;:&quot;https:\/\/paristouristinformation.fr\/wp-content\/uploads\/2025\/03\/Notre-Dame-Cathedral-Access-Optional-Ile-de-la-Cite-Guided-Tour-OTA6-300x188.avif&quot;,&quot;height&quot;:188,&quot;width&quot;:300,&quot;orientation&quot;:&quot;landscape&quot;},&quot;large&quot;:{&quot;url&quot;:&quot;https:\/\/paristouristinformation.fr\/wp-content\/uploads\/2025\/03\/Notre-Dame-Cathedral-Access-Optional-Ile-de-la-Cite-Guided-Tour-OTA6-1024x640.avif&quot;,&quot;height&quot;:640,&quot;width&quot;:1024,&quot;orientation&quot;:&quot;landscape&quot;},&quot;full&quot;:{&quot;url&quot;:&quot;https:\/\/paristouristinformation.fr\/wp-content\/uploads\/2025\/03\/Notre-Dame-Cathedral-Access-Optional-Ile-de-la-Cite-Guided-Tour-OTA6.avif&quot;,&quot;height&quot;:1000,&quot;width&quot;:1600,&quot;orientation&quot;:&quot;landscape&quot;},&quot;1536x1536&quot;:{&quot;url&quot;:&quot;https:\/\/paristouristinformation.fr\/wp-content\/uploads\/2025\/03\/Notre-Dame-Cathedral-Access-Optional-Ile-de-la-Cite-Guided-Tour-OTA6-1536x960.avif&quot;,&quot;height&quot;:960,&quot;width&quot;:1536,&quot;orientation&quot;:&quot;landscape&quot;}}\"><\/span><\/p>\n<h1 dir=\"ltr\">Kathedrale Notre-Dame Tour und optional \u00cele de la Cit\u00e9<\/h1>\n<h2><a href=\"https:\/\/www.headout.com\/de\/notre-dame-paris-tickets\/kathedrale-notre-dame-und-optionale-gefuhrte-tour-durch-die-ile-de-la-cite-e-31916\/?affiliate_code=KXkQ69&amp;utm_campaign=ParisDenotredameparisguidedtoursp&amp;utm_content=link&amp;utm_medium=affiliate&amp;utm_source=most_amazing_places\" target=\"_blank\" rel=\"nofollow noopener\" style=\"outline: none;\">Zur Buchung<\/a><\/h2>\n<p style=\"\"><a href=\"https:\/\/www.headout.com\/de\/notre-dame-paris-tickets\/kathedrale-notre-dame-und-optionale-gefuhrte-tour-durch-die-ile-de-la-cite-e-31916\/?affiliate_code=KXkQ69&amp;utm_campaign=ParisDenotredameparisguidedtoursp&amp;utm_content=link&amp;utm_medium=affiliate&amp;utm_source=most_amazing_places\" target=\"_blank\" rel=\"nofollow noopener\" style=\"outline: none;\">Preis ab<\/a><\/p>\n<h1><a href=\"https:\/\/www.headout.com\/de\/notre-dame-paris-tickets\/kathedrale-notre-dame-und-optionale-gefuhrte-tour-durch-die-ile-de-la-cite-e-31916\/?affiliate_code=KXkQ69&amp;utm_campaign=ParisDenotredameparisguidedtoursp&amp;utm_content=link&amp;utm_medium=affiliate&amp;utm_source=most_amazing_places\" target=\"_blank\" rel=\"nofollow noopener\" style=\"outline: none;\"><strong>9,90 \u20ac<\/strong><\/a><\/h1>\n<p dir=\"ltr\">Treten Sie ein in die Geschichte von Paris mit einer <strong>F\u00fchrung zum majest\u00e4tischen \u00c4u\u00dferen von Notre-Dame und einem vorrangigen Zugang im Inneren.<\/strong> R\u00fcsten Sie Ihr Erlebnis auf, um die <strong>\u00cele de la Cit\u00e9, Sainte-Chapelle und die Conciergerie <\/strong>f\u00fcr eine komplette kulturelle Reise einzubeziehen.<\/p>\n<ul>\n<li style=\"\"><span style=\"\">Sorgf\u00e4ltig ausgew\u00e4hltes Ticket<\/span><\/li>\n<li style=\"\"><span style=\"\">Dauer: 1-3 Stunden<\/span><\/li>\n<li style=\"\"><span style=\"\">Gef\u00fchrte Tour<\/span><\/li>\n<li style=\"\"><span style=\"\">Kostenlose Stornierung<\/span><\/li>\n<\/ul>\n<h2>Inbegriffen<\/h2>\n<ul>\n<li style=\"\">                    <span>Von Experten gef\u00fchrter Au\u00dfenrundgang von Notre-Dame<\/span><\/li>\n<li style=\"\">                    <span>Englisch sprechender F\u00fchrer<\/span><\/li>\n<li style=\"\">                    <span>Freies reserviertes Zeitfenster zum Eintritt in Notre-Dame<\/span><\/li>\n<li style=\"\">                    <span>1-st\u00fcndige F\u00fchrung durch die \u00cele de la Cit\u00e9 (falls ausgew\u00e4hlt)<\/span><\/li>\n<li style=\"\">                    <span>Audioguide-App in 7 Sprachen (falls ausgew\u00e4hlt)<\/span><\/li>\n<li style=\"\">                    <span>Eintritt in Sainte-Chapelle (falls ausgew\u00e4hlt)<\/span><\/li>\n<li style=\"\">                    <span>Eintritt in die Conciergerie (falls ausgew\u00e4hlt)<\/span><\/li>\n<\/ul>\n<h2>Nicht inbegriffen<\/h2>\n<ul>\n<li style=\"\"><span>Pers\u00f6nliche Ausgaben<\/span><\/li>\n<\/ul>\n<h2>Wichtige Informationen<\/h2>\n<ul>\n<li><span>Bitte kommen Sie 15 Minuten fr\u00fcher am Treffpunkt, um einzuchecken<\/span><\/li>\n<li style=\"\"><span>Bequeme Wanderschuhe werden empfohlen<\/span><\/li>\n<li><span>Notre-Dame ist ein Ort der Anbetung &#8211; bitte sprechen Sie leise und respektieren Sie die heilige Umgebung<\/span><\/li>\n<li><span>Keine Toiletten in der Kathedrale; \u00f6ffentliche Toiletten sind in der N\u00e4he<\/span><\/li>\n<li><span>Verboten: Waffen, scharfe Gegenst\u00e4nde, Alkohol, Haustiere (au\u00dfer Assistenztiere), Telefonanrufe sowie Essen, Trinken und Rauchen in der Kathedrale<\/span><\/li>\n<\/ul>\n<h2>Beschreibung:<\/h2>\n<p dir=\"ltr\">Entdecken Sie die Seele von Paris auf einem faszinierenden <strong>Rundgang durch die Kathedrale Notre-Dame<\/strong>,<strong>&nbsp;<\/strong>angef\u00fchrt von einem sachkundigen <strong>lokalen F\u00fchrer.<\/strong> Bewundern Sie seine beeindruckende gotische Fassade und h\u00f6ren Sie packende Geschichten \u00fcber seine Architektur, das \u00dcberleben durch Feuer und die laufende Restaurierung.<\/p>\n<p dir=\"ltr\">Mit <strong>reserviertem Eintritt k\u00f6nnen Sie <\/strong>in Ruhe eintreten<strong>, <\/strong>um dies zu erkunden. Verbessern Sie Ihr Erlebnis mit einem gef\u00fchrten Spaziergang durch die historische <strong>\u00cele de la Cit\u00e9 <\/strong>oder <strong>machen <\/strong>Sie ein Upgrade auf <strong>Sainte-Chapelle und die Conciergerie <\/strong>&#8211; zwei Juwelen des mittelalterlichen Paris.<\/p>\n<h2>H\u00f6hepunkte:<\/h2>\n<ul>\n<li dir=\"ltr\"><strong>Bewundern Sie die komplizierte Westfassade <\/strong>und das Rosenfenster von Notre-Dame<\/li>\n<li dir=\"ltr\"><strong>Entdecken Sie die Widerstandsf\u00e4higkeit <\/strong>von Notre-Dame nach dem Brand von 2019<\/li>\n<li dir=\"ltr\"><strong>Begleiten Sie einen lokalen Expertenf\u00fchrer <\/strong>f\u00fcr faszinierende Geschichten und historischen Kontext<\/li>\n<li dir=\"ltr\"><strong>Erkunden Sie die \u00cele de la Cit\u00e9, <\/strong>den Geburtsort von Paris und die Heimat mittelalterlicher Wunder<\/li>\n<li dir=\"ltr\"><strong>Genie\u00dfen Sie vorrangigen Eintritt <\/strong>in Notre-Dame, Sainte-Chapelle und Conciergerie (mit Upgrade)<\/li>\n<li dir=\"ltr\"><strong>Verwenden Sie eine Audioguide-App<\/strong>, um unabh\u00e4ngig in Ihrem eigenen Tempo zu erkunden<\/li>\n<li dir=\"ltr\"><strong>Genie\u00dfen Sie den Blick <\/strong>auf die Seine und die nahe gelegenen Pariser Sehensw\u00fcrdigkeiten<\/li>\n<\/ul>\n<h2>Notre-Dame de Paris<\/h2>\n<p dir=\"ltr\">6 Parvis Notre-Dame &#8211; Pl. Johannes Paul II., 75004 Paris<\/p>\n<h2>Stornierungsrichtlinien<\/h2>\n<p dir=\"ltr\">Stornieren Sie bis zu 3 Tage im Voraus f\u00fcr eine volle R\u00fcckerstattung. F\u00fcr Stornierungen, die innerhalb von 72 Stunden vor der Tour erfolgen, sind keine R\u00fcckerstattungen m\u00f6glich.<\/p>\n<h2>Treffpunkt &amp; Anleitung<\/h2>\n<p dir=\"ltr\">Treffen Sie Ihren F\u00fchrer neben der Statue von Karl dem Gro\u00dfen und seinen Wachen, die sich vor der Kathedrale Notre-Dame befindet. Legen Sie Ihren Handygutschein und einen g\u00fcltigen Lichtbildausweis vor. Bitte kommen Sie mindestens 15 Minuten vor Ihrer geplanten Startzeit an.<\/p>\n<p><a href=\"https:\/\/maps.app.goo.gl\/q8VfErC9ARaX8KQW9\" target=\"_blank\" rel=\"nofollow noopener\" style=\"outline: none;\" data-lt-tmp-id=\"lt-790344\" spellcheck=\"false\">In Karten \u00f6ffnen<\/a><\/p>\n<h2>Bewertungen&nbsp;<\/h2>\n<p><strong>3.9\/ 5 <\/strong><strong>(1380+ Bewertungen)<\/strong><\/p>\n<p dir=\"ltr\"><em>,,Die Au\u00dfentour und der Besuch von Notre Damme waren einer der H\u00f6hepunkte meines Aufenthalts in Paris. Der sehr freundliche F\u00fchrer, gro\u00dfartige Kommunikationsf\u00e4higkeiten und fundierte Kenntnisse der Kunstgeschichte machten die Erfahrung von h\u00f6chster Qualit\u00e4t. Vielen Dank an Benito!&#8220;<\/em> Maria, M\u00e4rz 2025 <a href=\"https:\/\/www.headout.com\/de\/notre-dame-paris-tickets\/kathedrale-notre-dame-und-optionale-gefuhrte-tour-durch-die-ile-de-la-cite-e-31916\/?affiliate_code=KXkQ69&amp;utm_campaign=ParisDenotredameparisguidedtoursp&amp;utm_content=link&amp;utm_medium=affiliate&amp;utm_source=most_amazing_places\" target=\"_blank\" rel=\"nofollow noopener\" data-lt-tmp-id=\"lt-390340\" spellcheck=\"false\" style=\"outline: none;\">&gt;&gt; Weitere Bewertungen anzeigen<\/a><\/p>\n<h2>Weitere Aktivit\u00e4ten, die Ihnen gefallen k\u00f6nnten<\/h2>\n<p><span>#2<\/span><span><img decoding=\"async\" alt=\"Seine: Kreuzfahrt mit Bateaux Mouches\" data-id=\"14279\" width=\"159\" data-init-width=\"767\" height=\"149\" data-init-height=\"720\" title=\"Seine: Kreuzfahrt mit Bateaux Mouches\" loading=\"lazy\" src=\"https:\/\/www.paristouristinformation.fr\/de\/wp-content\/uploads\/2026\/02\/Ekran-Resmi-2024-11-15-14.45.11.png\" data-width=\"159\" data-height=\"149\" style=\"aspect-ratio: auto 767 \/ 720;\"><\/span><\/p>\n<table>\n<tbody>\n<tr>\n<td><a href=\"https:\/\/www.tiqets.com\/de\/things-to-do-in-paris-c66746\/tickets-for-seine-river-cruise-by-bateaux-mouches-p982823\/?partner=paristouristinformation&amp;tq_campaign=ParisDeNotreDameGuidedTourSP2\" target=\"_blank\" rel=\"nofollow noopener\" style=\"outline: none;\" data-lt-tmp-id=\"lt-470803\" spellcheck=\"false\">Seine: Kreuzfahrt mit Bateaux Mouches<\/a><\/td>\n<\/tr>\n<\/tbody>\n<\/table>\n<p data-pm-slice=\"1 1 []\">Gleiten Sie auf einer Bateaux Mouches Kreuzfahrt entlang der Seine und genie\u00dfen Sie ikonische Ausblicke auf Paris vom Wasser aus.<\/p>\n<h3 style=\"\">Gesamtpreis<\/h3>\n<h3 style=\"\">Ihr Konto wird noch nicht belastet.<\/h3>\n<p><span>#2<\/span><span><img decoding=\"async\" alt=\"\" data-id=\"13553\" width=\"159\" data-init-width=\"1185\" height=\"83\" data-init-height=\"616\" title=\"Paris Museum Pass - 2, 4 oder 6 Tage\" loading=\"lazy\" src=\"https:\/\/www.paristouristinformation.fr\/de\/wp-content\/uploads\/2026\/02\/Paris-Museum-Pass-2-4-or-6-Days-1-2.jpg\" data-width=\"159\" data-height=\"83\" style=\"aspect-ratio: auto 1185 \/ 616;\"><\/span><\/p>\n<table>\n<tbody>\n<tr>\n<td><a href=\"https:\/\/www.getyourguide.com\/paris-l16\/paris-museum-pass-t49746\/?partner_id=NO9XIDE&amp;utm_medium=online_publisher&amp;cmp=ParisDeNotreDameParisGuidedTourSP3\" target=\"_blank\" rel=\"nofollow noopener\" style=\"outline: none;\" spellcheck=\"false\">Paris Museum Pass: 2, 4 oder 6 Tage<\/a><\/td>\n<\/tr>\n<\/tbody>\n<\/table>\n<p dir=\"ltr\">Mit dem Paris Museum Pass, der f\u00fcr 2, 4 oder 6 Tage erh\u00e4ltlich ist, k\u00f6nnen Sie unbegrenzten Zugang zu den besten Museen und Attraktionen von Paris freischalten. Erkunden Sie das reiche kulturelle Erbe der Stadt, einschlie\u00dflich Sainte-Chapelle und Conciergerie, in Ihrem eigenen Tempo.<\/p>\n<h3 style=\"\">Gesamtpreis<\/h3>\n<h3 style=\"\">Ihr Konto wird noch nicht belastet.<\/h3>\n<p><\/p>\n<h2><a href=\"https:\/\/www.headout.com\/de\/notre-dame-paris-tickets\/kathedrale-notre-dame-und-optionale-gefuhrte-tour-durch-die-ile-de-la-cite-e-31916\/?affiliate_code=KXkQ69&amp;utm_campaign=ParisDenotredameparisguidedtoursp&amp;utm_content=link&amp;utm_medium=affiliate&amp;utm_source=most_amazing_places\" target=\"_blank\" rel=\"nofollow noopener\" style=\"outline: none;\">Zur Buchung<\/a><\/h2>\n<p style=\"\"><a href=\"https:\/\/www.headout.com\/de\/notre-dame-paris-tickets\/kathedrale-notre-dame-und-optionale-gefuhrte-tour-durch-die-ile-de-la-cite-e-31916\/?affiliate_code=KXkQ69&amp;utm_campaign=ParisDenotredameparisguidedtoursp&amp;utm_content=link&amp;utm_medium=affiliate&amp;utm_source=most_amazing_places\" target=\"_blank\" rel=\"nofollow noopener\" style=\"outline: none;\">Preis ab<\/a>:<\/p>\n<h1><a href=\"https:\/\/www.headout.com\/de\/notre-dame-paris-tickets\/kathedrale-notre-dame-und-optionale-gefuhrte-tour-durch-die-ile-de-la-cite-e-31916\/?affiliate_code=KXkQ69&amp;utm_campaign=ParisDenotredameparisguidedtoursp&amp;utm_content=link&amp;utm_medium=affiliate&amp;utm_source=most_amazing_places\" target=\"_blank\" rel=\"nofollow noopener\" style=\"outline: none;\" spellcheck=\"false\"><strong>9,90 \u20ac<\/strong><\/a><\/h1>\n<p style=\"\">Ihr Konto wird noch nicht belastet.<\/p>\n","protected":false},"excerpt":{"rendered":"<p>Kathedrale Notre-Dame Tour und optional \u00cele de la Cit\u00e9 Zur Buchung Preis ab 9,90 \u20ac Treten Sie ein in die Geschichte von Paris mit einer F\u00fchrung zum majest\u00e4tischen \u00c4u\u00dferen von Notre-Dame und einem vorrangigen Zugang im Inneren. R\u00fcsten Sie Ihr Erlebnis auf, um die \u00cele de la Cit\u00e9, Sainte-Chapelle und die Conciergerie f\u00fcr eine komplette [&hellip;]<\/p>\n","protected":false},"author":10,"featured_media":15512,"parent":0,"menu_order":0,"comment_status":"closed","ping_status":"closed","template":"","meta":{"footnotes":""},"tags":[69],"class_list":["post-15511","page","type-page","status-publish","has-post-thumbnail","hentry","tag-sales-pages","post-wrapper","thrv_wrapper"],"wp-worthy-pixel":{"ignored":false,"public":null,"server":null,"url":null},"wp-worthy-type":"normal","_links":{"self":[{"href":"https:\/\/www.paristouristinformation.fr\/de\/wp-json\/wp\/v2\/pages\/15511","targetHints":{"allow":["GET"]}}],"collection":[{"href":"https:\/\/www.paristouristinformation.fr\/de\/wp-json\/wp\/v2\/pages"}],"about":[{"href":"https:\/\/www.paristouristinformation.fr\/de\/wp-json\/wp\/v2\/types\/page"}],"author":[{"embeddable":true,"href":"https:\/\/www.paristouristinformation.fr\/de\/wp-json\/wp\/v2\/users\/10"}],"replies":[{"embeddable":true,"href":"https:\/\/www.paristouristinformation.fr\/de\/wp-json\/wp\/v2\/comments?post=15511"}],"version-history":[{"count":9,"href":"https:\/\/www.paristouristinformation.fr\/de\/wp-json\/wp\/v2\/pages\/15511\/revisions"}],"predecessor-version":[{"id":15907,"href":"https:\/\/www.paristouristinformation.fr\/de\/wp-json\/wp\/v2\/pages\/15511\/revisions\/15907"}],"wp:featuredmedia":[{"embeddable":true,"href":"https:\/\/www.paristouristinformation.fr\/de\/wp-json\/wp\/v2\/media\/15512"}],"wp:attachment":[{"href":"https:\/\/www.paristouristinformation.fr\/de\/wp-json\/wp\/v2\/media?parent=15511"}],"wp:term":[{"taxonomy":"post_tag","embeddable":true,"href":"https:\/\/www.paristouristinformation.fr\/de\/wp-json\/wp\/v2\/tags?post=15511"}],"curies":[{"name":"wp","href":"https:\/\/api.w.org\/{rel}","templated":true}]}}