{"id":15525,"date":"2026-04-08T09:23:45","date_gmt":"2026-04-08T09:23:45","guid":{"rendered":"https:\/\/www.paristouristinformation.fr\/de\/?page_id=15525"},"modified":"2026-04-08T09:25:27","modified_gmt":"2026-04-08T09:25:27","slug":"notre-dame-rundgang","status":"publish","type":"page","link":"https:\/\/www.paristouristinformation.fr\/de\/notre-dame-rundgang\/","title":{"rendered":"Paris: \u00cele de la Cit\u00e9 und Notre Dame Rundgang mit Krypta"},"content":{"rendered":"<p><span><img decoding=\"async\" alt=\"\" data-id=\"14895\" width=\"853\" height=\"640\" title=\"Paris-\u00cele de la Cit\u00e9 und Notre Dame Wanderung mit Crypt ota\" src=\"https:\/\/www.paristouristinformation.fr\/de\/wp-content\/uploads\/2026\/02\/Paris-Ile-de-la-Cite-and-Notre-Dame-Walking-Tour-With-Crypt-ota.jpg\" data-src=\"https:\/\/www.paristouristinformation.fr\/de\/wp-content\/uploads\/2026\/02\/Paris-Ile-de-la-Cite-and-Notre-Dame-Walking-Tour-With-Crypt-ota-300x225-1.jpg\" loading=\"lazy\" data-sizes=\"{&quot;thumbnail&quot;:{&quot;url&quot;:&quot;https:\/\/www.paristouristinformation.fr\/de\/wp-content\/uploads\/2026\/02\/Paris-Ile-de-la-Cite-and-Notre-Dame-Walking-Tour-With-Crypt-ota-333x205-1.jpg&quot;,&quot;height&quot;:205,&quot;width&quot;:333,&quot;orientation&quot;:&quot;landscape&quot;},&quot;medium&quot;:{&quot;url&quot;:&quot;https:\/\/www.paristouristinformation.fr\/de\/wp-content\/uploads\/2026\/02\/Paris-Ile-de-la-Cite-and-Notre-Dame-Walking-Tour-With-Crypt-ota-300x225-1.jpg&quot;,&quot;height&quot;:225,&quot;width&quot;:300,&quot;orientation&quot;:&quot;landscape&quot;},&quot;full&quot;:{&quot;url&quot;:&quot;https:\/\/www.paristouristinformation.fr\/de\/wp-content\/uploads\/2026\/02\/Paris-Ile-de-la-Cite-and-Notre-Dame-Walking-Tour-With-Crypt-ota.jpg&quot;,&quot;height&quot;:640,&quot;width&quot;:853,&quot;orientation&quot;:&quot;landscape&quot;}}\"><\/span><span><img decoding=\"async\" alt=\"\" data-id=\"14894\" width=\"960\" height=\"639\" title=\"Paris-\u00cele de la Cit\u00e9 und Notre Dame Rundgang mit Crypt ota2\" src=\"https:\/\/www.paristouristinformation.fr\/de\/wp-content\/uploads\/2026\/02\/Paris-Ile-de-la-Cite-and-Notre-Dame-Walking-Tour-With-Crypt-ota2.jpg\" data-src=\"https:\/\/www.paristouristinformation.fr\/de\/wp-content\/uploads\/2026\/02\/Paris-Ile-de-la-Cite-and-Notre-Dame-Walking-Tour-With-Crypt-ota2-300x200-1.jpg\" loading=\"lazy\" data-sizes=\"{&quot;thumbnail&quot;:{&quot;url&quot;:&quot;https:\/\/www.paristouristinformation.fr\/de\/wp-content\/uploads\/2026\/02\/Paris-Ile-de-la-Cite-and-Notre-Dame-Walking-Tour-With-Crypt-ota2-333x205-1.jpg&quot;,&quot;height&quot;:205,&quot;width&quot;:333,&quot;orientation&quot;:&quot;landscape&quot;},&quot;medium&quot;:{&quot;url&quot;:&quot;https:\/\/www.paristouristinformation.fr\/de\/wp-content\/uploads\/2026\/02\/Paris-Ile-de-la-Cite-and-Notre-Dame-Walking-Tour-With-Crypt-ota2-300x200-1.jpg&quot;,&quot;height&quot;:200,&quot;width&quot;:300,&quot;orientation&quot;:&quot;landscape&quot;},&quot;full&quot;:{&quot;url&quot;:&quot;https:\/\/www.paristouristinformation.fr\/de\/wp-content\/uploads\/2026\/02\/Paris-Ile-de-la-Cite-and-Notre-Dame-Walking-Tour-With-Crypt-ota2.jpg&quot;,&quot;height&quot;:639,&quot;width&quot;:960,&quot;orientation&quot;:&quot;landscape&quot;}}\"><\/span><span><img decoding=\"async\" alt=\"\" data-id=\"14893\" width=\"914\" height=\"640\" title=\"Paris-\u00cele de la Cit\u00e9 und Notre Dame Rundgang mit Crypt ota3\" src=\"https:\/\/www.paristouristinformation.fr\/de\/wp-content\/uploads\/2026\/02\/Paris-Ile-de-la-Cite-and-Notre-Dame-Walking-Tour-With-Crypt-ota3.jpg\" data-src=\"https:\/\/www.paristouristinformation.fr\/de\/wp-content\/uploads\/2026\/02\/Paris-Ile-de-la-Cite-and-Notre-Dame-Walking-Tour-With-Crypt-ota3-300x210-1.jpg\" loading=\"lazy\" data-sizes=\"{&quot;thumbnail&quot;:{&quot;url&quot;:&quot;https:\/\/www.paristouristinformation.fr\/de\/wp-content\/uploads\/2026\/02\/Paris-Ile-de-la-Cite-and-Notre-Dame-Walking-Tour-With-Crypt-ota3-333x205-1.jpg&quot;,&quot;height&quot;:205,&quot;width&quot;:333,&quot;orientation&quot;:&quot;landscape&quot;},&quot;medium&quot;:{&quot;url&quot;:&quot;https:\/\/www.paristouristinformation.fr\/de\/wp-content\/uploads\/2026\/02\/Paris-Ile-de-la-Cite-and-Notre-Dame-Walking-Tour-With-Crypt-ota3-300x210-1.jpg&quot;,&quot;height&quot;:210,&quot;width&quot;:300,&quot;orientation&quot;:&quot;landscape&quot;},&quot;full&quot;:{&quot;url&quot;:&quot;https:\/\/www.paristouristinformation.fr\/de\/wp-content\/uploads\/2026\/02\/Paris-Ile-de-la-Cite-and-Notre-Dame-Walking-Tour-With-Crypt-ota3.jpg&quot;,&quot;height&quot;:640,&quot;width&quot;:914,&quot;orientation&quot;:&quot;landscape&quot;}}\"><\/span><span><img decoding=\"async\" alt=\"\" data-id=\"14892\" width=\"853\" height=\"640\" title=\"Paris-\u00cele de la Cit\u00e9 und Notre Dame Rundgang mit Crypt ota4\" src=\"https:\/\/www.paristouristinformation.fr\/de\/wp-content\/uploads\/2026\/02\/Paris-Ile-de-la-Cite-and-Notre-Dame-Walking-Tour-With-Crypt-ota4.jpg\" data-src=\"https:\/\/www.paristouristinformation.fr\/de\/wp-content\/uploads\/2026\/02\/Paris-Ile-de-la-Cite-and-Notre-Dame-Walking-Tour-With-Crypt-ota4-300x225-1.jpg\" loading=\"lazy\" data-sizes=\"{&quot;thumbnail&quot;:{&quot;url&quot;:&quot;https:\/\/www.paristouristinformation.fr\/de\/wp-content\/uploads\/2026\/02\/Paris-Ile-de-la-Cite-and-Notre-Dame-Walking-Tour-With-Crypt-ota4-333x205-1.jpg&quot;,&quot;height&quot;:205,&quot;width&quot;:333,&quot;orientation&quot;:&quot;landscape&quot;},&quot;medium&quot;:{&quot;url&quot;:&quot;https:\/\/www.paristouristinformation.fr\/de\/wp-content\/uploads\/2026\/02\/Paris-Ile-de-la-Cite-and-Notre-Dame-Walking-Tour-With-Crypt-ota4-300x225-1.jpg&quot;,&quot;height&quot;:225,&quot;width&quot;:300,&quot;orientation&quot;:&quot;landscape&quot;},&quot;full&quot;:{&quot;url&quot;:&quot;https:\/\/www.paristouristinformation.fr\/de\/wp-content\/uploads\/2026\/02\/Paris-Ile-de-la-Cite-and-Notre-Dame-Walking-Tour-With-Crypt-ota4.jpg&quot;,&quot;height&quot;:640,&quot;width&quot;:853,&quot;orientation&quot;:&quot;landscape&quot;}}\"><\/span><span><img decoding=\"async\" alt=\"\" data-id=\"14891\" width=\"853\" height=\"640\" title=\"Paris-\u00cele de la Cit\u00e9 und Notre Dame Rundgang mit Crypt ota5\" src=\"https:\/\/www.paristouristinformation.fr\/de\/wp-content\/uploads\/2026\/02\/Paris-Ile-de-la-Cite-and-Notre-Dame-Walking-Tour-With-Crypt-ota5.jpg\" data-src=\"https:\/\/www.paristouristinformation.fr\/de\/wp-content\/uploads\/2026\/02\/Paris-Ile-de-la-Cite-and-Notre-Dame-Walking-Tour-With-Crypt-ota5-300x225-1.jpg\" loading=\"lazy\" data-sizes=\"{&quot;thumbnail&quot;:{&quot;url&quot;:&quot;https:\/\/www.paristouristinformation.fr\/de\/wp-content\/uploads\/2026\/02\/Paris-Ile-de-la-Cite-and-Notre-Dame-Walking-Tour-With-Crypt-ota5-333x205-1.jpg&quot;,&quot;height&quot;:205,&quot;width&quot;:333,&quot;orientation&quot;:&quot;landscape&quot;},&quot;medium&quot;:{&quot;url&quot;:&quot;https:\/\/www.paristouristinformation.fr\/de\/wp-content\/uploads\/2026\/02\/Paris-Ile-de-la-Cite-and-Notre-Dame-Walking-Tour-With-Crypt-ota5-300x225-1.jpg&quot;,&quot;height&quot;:225,&quot;width&quot;:300,&quot;orientation&quot;:&quot;landscape&quot;},&quot;full&quot;:{&quot;url&quot;:&quot;https:\/\/www.paristouristinformation.fr\/de\/wp-content\/uploads\/2026\/02\/Paris-Ile-de-la-Cite-and-Notre-Dame-Walking-Tour-With-Crypt-ota5.jpg&quot;,&quot;height&quot;:640,&quot;width&quot;:853,&quot;orientation&quot;:&quot;landscape&quot;}}\"><\/span><span><img decoding=\"async\" alt=\"\" data-id=\"14890\" width=\"960\" height=\"639\" title=\"Paris-\u00cele de la Cit\u00e9 und Notre Dame Rundgang mit Crypt ota6\" src=\"https:\/\/www.paristouristinformation.fr\/de\/wp-content\/uploads\/2026\/02\/Paris-Ile-de-la-Cite-and-Notre-Dame-Walking-Tour-With-Crypt-ota6.jpg\" data-src=\"https:\/\/www.paristouristinformation.fr\/de\/wp-content\/uploads\/2026\/02\/Paris-Ile-de-la-Cite-and-Notre-Dame-Walking-Tour-With-Crypt-ota6-300x200-1.jpg\" loading=\"lazy\" data-sizes=\"{&quot;thumbnail&quot;:{&quot;url&quot;:&quot;https:\/\/www.paristouristinformation.fr\/de\/wp-content\/uploads\/2026\/02\/Paris-Ile-de-la-Cite-and-Notre-Dame-Walking-Tour-With-Crypt-ota6-333x205-1.jpg&quot;,&quot;height&quot;:205,&quot;width&quot;:333,&quot;orientation&quot;:&quot;landscape&quot;},&quot;medium&quot;:{&quot;url&quot;:&quot;https:\/\/www.paristouristinformation.fr\/de\/wp-content\/uploads\/2026\/02\/Paris-Ile-de-la-Cite-and-Notre-Dame-Walking-Tour-With-Crypt-ota6-300x200-1.jpg&quot;,&quot;height&quot;:200,&quot;width&quot;:300,&quot;orientation&quot;:&quot;landscape&quot;},&quot;full&quot;:{&quot;url&quot;:&quot;https:\/\/www.paristouristinformation.fr\/de\/wp-content\/uploads\/2026\/02\/Paris-Ile-de-la-Cite-and-Notre-Dame-Walking-Tour-With-Crypt-ota6.jpg&quot;,&quot;height&quot;:639,&quot;width&quot;:960,&quot;orientation&quot;:&quot;landscape&quot;}}\"><\/span><\/p>\n<h1 dir=\"ltr\">Paris: Rundgang durch die \u00cele de la Cit\u00e9 und Notre Dame mit Krypta<\/h1>\n<h2><a href=\"https:\/\/www.getyourguide.com\/paris-l16\/paris-ile-de-la-cite-and-notre-dame-walking-tour-with-crypt-t411810\/?partner_id=NO9XIDE&amp;utm_medium=online_publisher&amp;cmp=ParisDeIledeLaCiteNotreDameWalkingTourSP\" target=\"_blank\" rel=\"nofollow noopener\" style=\"outline: none;\">Zur Buchung<\/a><\/h2>\n<p style=\"\"><a href=\"https:\/\/www.getyourguide.com\/paris-l16\/paris-ile-de-la-cite-and-notre-dame-walking-tour-with-crypt-t411810\/?partner_id=NO9XIDE&amp;utm_medium=online_publisher&amp;cmp=ParisDeIledeLaCiteNotreDameWalkingTourSP\" target=\"_blank\" rel=\"nofollow noopener\" style=\"outline: none;\">Preis ab<\/a><\/p>\n<h1><a href=\"https:\/\/www.getyourguide.com\/paris-l16\/paris-ile-de-la-cite-and-notre-dame-walking-tour-with-crypt-t411810\/?partner_id=NO9XIDE&amp;utm_medium=online_publisher&amp;cmp=ParisDeIledeLaCiteNotreDameWalkingTourSP\" target=\"_blank\" rel=\"nofollow noopener\" style=\"outline: none;\"><strong>30 \u20ac<\/strong><\/a><\/h1>\n<p dir=\"ltr\">Entdecken Sie die historische Seele von Paris auf einem <strong>gef\u00fchrten Rundgang durch die \u00cele de la Cit\u00e9 <\/strong>mit der Fassade von Notre Dame, versteckten Juwelen und optionalen Besuchen der Sainte-Chapelle und der Conciergerie.<\/p>\n<ul>\n<li style=\"\"><span style=\"\">Sorgf\u00e4ltig ausgew\u00e4hltes Ticket<\/span><\/li>\n<li style=\"\"><span style=\"\">Dauer 1,5 Stunden<\/span><\/li>\n<li style=\"\"><span style=\"\">Gef\u00fchrte Tour<\/span><\/li>\n<li style=\"\"><span style=\"\">Kostenlose Stornierung<\/span><\/li>\n<\/ul>\n<h2>Inbegriffen<\/h2>\n<ul>\n<li style=\"\">                    <span>90-min\u00fctiger gef\u00fchrter Rundgang durch die \u00cele de la Cit\u00e9<\/span><\/li>\n<li style=\"\">                    <span>Lokaler Experte Guide<\/span><\/li>\n<li style=\"\">                    <span>Selbstgef\u00fchrter Besuch der Arch\u00e4ologischen Krypta<\/span><\/li>\n<li style=\"\">                    <span>Eintritt in die Sainte-Chapelle und Conciergerie (wenn Option ausgew\u00e4hlt)<\/span><\/li>\n<li style=\"\">                    <span>Erz\u00e4hlte Seine-Blusskreuzfahrt (wenn Option ausgew\u00e4hlt)<\/span><\/li>\n<\/ul>\n<h2>Nicht inbegriffen<\/h2>\n<ul>\n<li style=\"\"><span>F\u00fchrer in die Krypta, Sainte-Chapelle oder Conciergerie<\/span><\/li>\n<li style=\"\"><span>Eintritt in die Kathedrale Notre Dame<\/span><\/li>\n<li style=\"\"><span>Trinkgelder<\/span><\/li>\n<\/ul>\n<h2>Wichtige Informationen<\/h2>\n<ul>\n<li><span>Nicht f\u00fcr Rollstuhlfahrer zug\u00e4nglich<\/span><\/li>\n<li style=\"\"><span>Bequeme Wanderschuhe werden empfohlen<\/span><\/li>\n<li><span>Die Tour l\u00e4uft bei Regen oder Sonnenschein<\/span><\/li>\n<li><span>Der Zugriff auf die Krypta kann aufgrund von Wartungsarbeiten eingeschr\u00e4nkt sein<\/span><\/li>\n<li><span>Der Eintritt in Notre Dame ist nicht in der Tour enthalten<\/span><\/li>\n<li><span>Sainte-Chapelle- und Conciergerie-Tickets erfordern eine rechtzeitige Buchung im Voraus (braten Sie Ihren Reiseleiter um Hilfe)<\/span><\/li>\n<\/ul>\n<h2>Beschreibung:<\/h2>\n<p dir=\"ltr\">Spazieren Sie <strong>mit einem leidenschaftlichen lokalen F\u00fchrer <\/strong>durch Jahrhunderte der Pariser Geschichte auf der <strong>\u00cele de la Cit\u00e9.<\/strong> Beginnen Sie an der <strong>Pont Neuf <\/strong>und verfolgen Sie die Vergangenheit der Insel durch <strong>k\u00f6nigliche<\/strong><strong>Pl\u00e4tze, gotische Wunder und lebhafte M\u00e4rkte.<\/strong><\/p>\n<p dir=\"ltr\">Bewundern<strong> <\/strong>Sie die <strong>Fassaden von Notre Dame und Sainte-Chapelle <\/strong>und h\u00f6ren Sie Geschichten von Monarchen und Revolution\u00e4ren. Steigen Sie dann in die <strong>arch\u00e4ologische Krypta ab, um das <\/strong>antike Paris zu entdecken.<\/p>\n<p dir=\"ltr\">Verl\u00e4ngern Sie Ihr Abenteuer mit Zugang zum Buntglaswunder von Sainte-Chapelle oder den dramatischen Hallen der Conciergerie.<\/p>\n<h2>H\u00f6hepunkte:<\/h2>\n<ul>\n<li ltr\"\"=\"\">Bewundern Sie die ikonische gotische Architektur von <strong>Notre Dame <\/strong>mit Experteneinblicken<\/li>\n<li ltr\"\"=\"\">Schlendern Sie durch den malerischen <strong>Place Dauphine <\/strong>und den historischen Blumenmarkt<\/li>\n<li ltr\"\"=\"\">Besuchen Sie die weniger bekannte <strong>arch\u00e4ologische Krypta <\/strong>unter Notre Dame<\/li>\n<li ltr\"\"=\"\">Option, um <strong>die <\/strong>atemberaubenden Buntglasfenster von <strong>Sainte-Chapelle <\/strong>zu erkunden<\/li>\n<li ltr\"\"=\"\">Betreten Sie den ehemaligen k\u00f6niglichen Palast und das Gef\u00e4ngnis, die <strong>Conciergerie<\/strong><\/li>\n<li ltr\"\"=\"\">Entdecken Sie Geschichten von Revolution, K\u00f6nigen und mittelalterlichem <strong>Paris<\/strong><\/li>\n<li ltr\"\"=\"\">Genie\u00dfen Sie eine kommentierte <strong>Kreuzfahrt mit der Seine <\/strong>(wenn Option ausgew\u00e4hlt)<\/li>\n<\/ul>\n<h2>Stornierungsrichtlinien<\/h2>\n<p dir=\"ltr\">Kostenlose Stornierung bis zu 24 Stunden im Voraus f\u00fcr eine volle R\u00fcckerstattung. Die Touren werden bei allen Wetterbedingungen durchgef\u00fchrt.<\/p>\n<h2>Treffpunkt &amp; Anleitung<\/h2>\n<p dir=\"ltr\">Treffen Sie Ihren Reiseleiter an der Statue von Henri IV. auf der Br\u00fccke Pont Neuf. Suchen Sie nach einem orangefarbenen &#8222;ExperienceFirst&#8220;-Schild. F\u00fcr die GPS-Navigation verwenden Sie: 15 Pl. du Pont Neuf, 75001 Paris.<\/p>\n<p><a href=\"https:\/\/www.google.com\/maps?q=@48.85714340209961,2.3409693241119385\" target=\"_blank\" rel=\"nofollow noopener\" style=\"outline: none;\" data-lt-tmp-id=\"lt-790344\" spellcheck=\"false\">In Karten \u00f6ffnen<\/a><\/p>\n<h2>Bewertungen&nbsp;<\/h2>\n<p><strong>4,3\/ 5 <\/strong><strong>(530+ Bewertungen)<\/strong><\/p>\n<p dir=\"ltr\">,,Die Tour war gro\u00dfartig&#8230; Matt war ein sehr energischer Reiseleiter. Wir genossen seine Erkl\u00e4rungen und er hielt alles leicht und lebendig, um alle interessiert zu machen. Er sprach \u00fcber Notre Dame, die Geschichte Frankreichs und die Architektur. Das Wetter war perfekt f\u00fcr einen Rundgang im November mit etwas Sonne.&#8220; Marjorie, Nov. 2024 <a href=\"https:\/\/www.getyourguide.com\/paris-l16\/paris-ile-de-la-cite-and-notre-dame-walking-tour-with-crypt-t411810\/?partner_id=NO9XIDE&amp;utm_medium=online_publisher&amp;cmp=ParisDeIledeLaCiteNotreDameWalkingTourSP\" target=\"_blank\" rel=\"nofollow noopener\" data-lt-tmp-id=\"lt-929553\" spellcheck=\"false\" style=\"outline: none;\">&gt;&gt; Weitere Bewertungen anzeigen<\/a><\/p>\n<h2>Weitere Aktivit\u00e4ten, die Ihnen gefallen k\u00f6nnten<\/h2>\n<p><span>#2<\/span><span><img decoding=\"async\" alt=\"Seine: Kreuzfahrt mit Bateaux Mouches\" data-id=\"14279\" width=\"159\" data-init-width=\"767\" height=\"149\" data-init-height=\"720\" title=\"Seine: Kreuzfahrt mit Bateaux Mouches\" loading=\"lazy\" src=\"https:\/\/www.paristouristinformation.fr\/de\/wp-content\/uploads\/2026\/02\/Ekran-Resmi-2024-11-15-14.45.11-1.png\" data-width=\"159\" data-height=\"149\" style=\"aspect-ratio: auto 767 \/ 720;\"><\/span><\/p>\n<table>\n<tbody>\n<tr>\n<td><a href=\"https:\/\/www.tiqets.com\/de\/things-to-do-in-paris-c66746\/tickets-for-seine-river-cruise-by-bateaux-mouches-p982823\/?partner=paristouristinformation&amp;tq_campaign=ParisDeNotreDameGuidedTourSP2\" target=\"_blank\" rel=\"nofollow noopener\" style=\"outline: none;\" spellcheck=\"false\">Seine: Kreuzfahrt mit Bateaux Mouches<\/a><\/td>\n<\/tr>\n<\/tbody>\n<\/table>\n<p data-pm-slice=\"1 1 []\">Gleiten Sie auf einer Bateaux Mouches Kreuzfahrt entlang der Seine und genie\u00dfen Sie ikonische Ausblicke auf Paris vom Wasser aus.<\/p>\n<h3 style=\"\">Gesamtpreis<\/h3>\n<h3 style=\"\">Ihr Konto wird noch nicht belastet.<\/h3>\n<p><span>#2<\/span><span><img decoding=\"async\" alt=\"\" data-id=\"13553\" width=\"159\" data-init-width=\"1185\" height=\"83\" data-init-height=\"616\" title=\"Paris Museum Pass - 2, 4 oder 6 Tage\" loading=\"lazy\" src=\"https:\/\/www.paristouristinformation.fr\/de\/wp-content\/uploads\/2026\/02\/Paris-Museum-Pass-2-4-or-6-Days-1-3.jpg\" data-width=\"159\" data-height=\"83\" style=\"aspect-ratio: auto 1185 \/ 616;\"><\/span><\/p>\n<table>\n<tbody>\n<tr>\n<td><a href=\"https:\/\/www.getyourguide.com\/paris-l16\/paris-museum-pass-t49746\/?partner_id=NO9XIDE&amp;utm_medium=online_publisher&amp;cmp=ParisDeNotreDameParisGuidedTourSP3\" target=\"_blank\" rel=\"nofollow noopener\" style=\"outline: none;\" data-lt-tmp-id=\"lt-954752\" spellcheck=\"false\">Paris Museum Pass: 2, 4 oder 6 Tage<\/a><\/td>\n<\/tr>\n<\/tbody>\n<\/table>\n<p dir=\"ltr\">Mit dem Paris Museum Pass, der f\u00fcr 2, 4 oder 6 Tage erh\u00e4ltlich ist, k\u00f6nnen Sie unbegrenzten Zugang zu den besten Museen und Attraktionen von Paris freischalten. Erkunden Sie das reiche kulturelle Erbe der Stadt, einschlie\u00dflich Sainte-Chapelle und Conciergerie, in Ihrem eigenen Tempo.<\/p>\n<h3 style=\"\">Gesamtpreis<\/h3>\n<h3 style=\"\">Ihr Konto wird noch nicht belastet.<\/h3>\n<p><\/p>\n<h2><a href=\"https:\/\/www.getyourguide.com\/paris-l16\/paris-ile-de-la-cite-and-notre-dame-walking-tour-with-crypt-t411810\/?partner_id=NO9XIDE&amp;utm_medium=online_publisher&amp;cmp=ParisDeIledeLaCiteNotreDameWalkingTourSP\" target=\"_blank\" rel=\"nofollow noopener\" style=\"outline: none;\">Zur Buchung<\/a><\/h2>\n<p style=\"\"><a href=\"https:\/\/www.getyourguide.com\/paris-l16\/paris-ile-de-la-cite-and-notre-dame-walking-tour-with-crypt-t411810\/?partner_id=NO9XIDE&amp;utm_medium=online_publisher&amp;cmp=ParisDeIledeLaCiteNotreDameWalkingTourSP\" target=\"_blank\" rel=\"nofollow noopener\" style=\"outline: none;\">Preis ab<\/a>:<\/p>\n<h1><a href=\"https:\/\/www.getyourguide.com\/paris-l16\/paris-ile-de-la-cite-and-notre-dame-walking-tour-with-crypt-t411810\/?partner_id=NO9XIDE&amp;utm_medium=online_publisher&amp;cmp=ParisDeIledeLaCiteNotreDameWalkingTourSP\" target=\"_blank\" rel=\"nofollow noopener\" style=\"outline: none;\"><strong>30 \u20ac<\/strong><\/a><\/h1>\n<p style=\"\">Ihr Konto wird noch nicht belastet.<\/p>\n","protected":false},"excerpt":{"rendered":"<p>Paris: Rundgang durch die \u00cele de la Cit\u00e9 und Notre Dame mit Krypta Zur Buchung Preis ab 30 \u20ac Entdecken Sie die historische Seele von Paris auf einem gef\u00fchrten Rundgang durch die \u00cele de la Cit\u00e9 mit der Fassade von Notre Dame, versteckten Juwelen und optionalen Besuchen der Sainte-Chapelle und der Conciergerie. Sorgf\u00e4ltig ausgew\u00e4hltes Ticket [&hellip;]<\/p>\n","protected":false},"author":10,"featured_media":15526,"parent":0,"menu_order":0,"comment_status":"closed","ping_status":"closed","template":"","meta":{"footnotes":""},"tags":[69],"class_list":["post-15525","page","type-page","status-publish","has-post-thumbnail","hentry","tag-sales-pages","post-wrapper","thrv_wrapper"],"wp-worthy-pixel":{"ignored":false,"public":null,"server":null,"url":null},"wp-worthy-type":"normal","_links":{"self":[{"href":"https:\/\/www.paristouristinformation.fr\/de\/wp-json\/wp\/v2\/pages\/15525","targetHints":{"allow":["GET"]}}],"collection":[{"href":"https:\/\/www.paristouristinformation.fr\/de\/wp-json\/wp\/v2\/pages"}],"about":[{"href":"https:\/\/www.paristouristinformation.fr\/de\/wp-json\/wp\/v2\/types\/page"}],"author":[{"embeddable":true,"href":"https:\/\/www.paristouristinformation.fr\/de\/wp-json\/wp\/v2\/users\/10"}],"replies":[{"embeddable":true,"href":"https:\/\/www.paristouristinformation.fr\/de\/wp-json\/wp\/v2\/comments?post=15525"}],"version-history":[{"count":8,"href":"https:\/\/www.paristouristinformation.fr\/de\/wp-json\/wp\/v2\/pages\/15525\/revisions"}],"predecessor-version":[{"id":15911,"href":"https:\/\/www.paristouristinformation.fr\/de\/wp-json\/wp\/v2\/pages\/15525\/revisions\/15911"}],"wp:featuredmedia":[{"embeddable":true,"href":"https:\/\/www.paristouristinformation.fr\/de\/wp-json\/wp\/v2\/media\/15526"}],"wp:attachment":[{"href":"https:\/\/www.paristouristinformation.fr\/de\/wp-json\/wp\/v2\/media?parent=15525"}],"wp:term":[{"taxonomy":"post_tag","embeddable":true,"href":"https:\/\/www.paristouristinformation.fr\/de\/wp-json\/wp\/v2\/tags?post=15525"}],"curies":[{"name":"wp","href":"https:\/\/api.w.org\/{rel}","templated":true}]}}