{"id":15556,"date":"2026-04-08T10:09:03","date_gmt":"2026-04-08T10:09:03","guid":{"rendered":"https:\/\/www.paristouristinformation.fr\/de\/?page_id=15556"},"modified":"2026-04-08T10:11:02","modified_gmt":"2026-04-08T10:11:02","slug":"paris-hop-on-hop-off-bustour","status":"publish","type":"page","link":"https:\/\/www.paristouristinformation.fr\/de\/paris-hop-on-hop-off-bustour\/","title":{"rendered":"Big Bus: Paris Hop-on Hop-off-Bustour mit optionaler Seine-Kreuzfahrt"},"content":{"rendered":"<p><span><img decoding=\"async\" alt=\"\" data-id=\"15294\" width=\"1600\" height=\"1000\" title=\"Gro\u00dfer Bus - Paris Hop-on-Hop-off-Bustour mit optionaler Seine-Kreuzfahrt ota\" src=\"https:\/\/paristouristinformation.fr\/wp-content\/uploads\/2025\/05\/Big-Bus-Paris-Hop-on-Hop-off-Bus-Tour-with-Optional-Seine-River-Cruise-ota-1024x640.avif\" data-src=\"https:\/\/paristouristinformation.fr\/wp-content\/uploads\/2025\/05\/Big-Bus-Paris-Hop-on-Hop-off-Bus-Tour-with-Optional-Seine-River-Cruise-ota-300x188.avif\" loading=\"lazy\" data-sizes=\"{&quot;thumbnail&quot;:{&quot;url&quot;:&quot;https:\/\/paristouristinformation.fr\/wp-content\/uploads\/2025\/05\/Big-Bus-Paris-Hop-on-Hop-off-Bus-Tour-with-Optional-Seine-River-Cruise-ota-333x205.avif&quot;,&quot;height&quot;:205,&quot;width&quot;:333,&quot;orientation&quot;:&quot;landscape&quot;},&quot;medium&quot;:{&quot;url&quot;:&quot;https:\/\/paristouristinformation.fr\/wp-content\/uploads\/2025\/05\/Big-Bus-Paris-Hop-on-Hop-off-Bus-Tour-with-Optional-Seine-River-Cruise-ota-300x188.avif&quot;,&quot;height&quot;:188,&quot;width&quot;:300,&quot;orientation&quot;:&quot;landscape&quot;},&quot;large&quot;:{&quot;url&quot;:&quot;https:\/\/paristouristinformation.fr\/wp-content\/uploads\/2025\/05\/Big-Bus-Paris-Hop-on-Hop-off-Bus-Tour-with-Optional-Seine-River-Cruise-ota-1024x640.avif&quot;,&quot;height&quot;:640,&quot;width&quot;:1024,&quot;orientation&quot;:&quot;landscape&quot;},&quot;full&quot;:{&quot;url&quot;:&quot;https:\/\/paristouristinformation.fr\/wp-content\/uploads\/2025\/05\/Big-Bus-Paris-Hop-on-Hop-off-Bus-Tour-with-Optional-Seine-River-Cruise-ota.avif&quot;,&quot;height&quot;:1000,&quot;width&quot;:1600,&quot;orientation&quot;:&quot;landscape&quot;},&quot;1536x1536&quot;:{&quot;url&quot;:&quot;https:\/\/paristouristinformation.fr\/wp-content\/uploads\/2025\/05\/Big-Bus-Paris-Hop-on-Hop-off-Bus-Tour-with-Optional-Seine-River-Cruise-ota-1536x960.avif&quot;,&quot;height&quot;:960,&quot;width&quot;:1536,&quot;orientation&quot;:&quot;landscape&quot;}}\"><\/span><span><img decoding=\"async\" alt=\"\" data-id=\"15293\" width=\"1600\" height=\"1000\" title=\"Big Bus- Paris Hop-on Hop-off-Bustour mit optionaler Seine-Kreuzfahrt ota2\" src=\"https:\/\/paristouristinformation.fr\/wp-content\/uploads\/2025\/05\/Big-Bus-Paris-Hop-on-Hop-off-Bus-Tour-with-Optional-Seine-River-Cruise-ota2-1024x640.avif\" data-src=\"https:\/\/paristouristinformation.fr\/wp-content\/uploads\/2025\/05\/Big-Bus-Paris-Hop-on-Hop-off-Bus-Tour-with-Optional-Seine-River-Cruise-ota2-300x188.avif\" loading=\"lazy\" data-sizes=\"{&quot;thumbnail&quot;:{&quot;url&quot;:&quot;https:\/\/paristouristinformation.fr\/wp-content\/uploads\/2025\/05\/Big-Bus-Paris-Hop-on-Hop-off-Bus-Tour-with-Optional-Seine-River-Cruise-ota2-333x205.avif&quot;,&quot;height&quot;:205,&quot;width&quot;:333,&quot;orientation&quot;:&quot;landscape&quot;},&quot;medium&quot;:{&quot;url&quot;:&quot;https:\/\/paristouristinformation.fr\/wp-content\/uploads\/2025\/05\/Big-Bus-Paris-Hop-on-Hop-off-Bus-Tour-with-Optional-Seine-River-Cruise-ota2-300x188.avif&quot;,&quot;height&quot;:188,&quot;width&quot;:300,&quot;orientation&quot;:&quot;landscape&quot;},&quot;large&quot;:{&quot;url&quot;:&quot;https:\/\/paristouristinformation.fr\/wp-content\/uploads\/2025\/05\/Big-Bus-Paris-Hop-on-Hop-off-Bus-Tour-with-Optional-Seine-River-Cruise-ota2-1024x640.avif&quot;,&quot;height&quot;:640,&quot;width&quot;:1024,&quot;orientation&quot;:&quot;landscape&quot;},&quot;full&quot;:{&quot;url&quot;:&quot;https:\/\/paristouristinformation.fr\/wp-content\/uploads\/2025\/05\/Big-Bus-Paris-Hop-on-Hop-off-Bus-Tour-with-Optional-Seine-River-Cruise-ota2.avif&quot;,&quot;height&quot;:1000,&quot;width&quot;:1600,&quot;orientation&quot;:&quot;landscape&quot;},&quot;1536x1536&quot;:{&quot;url&quot;:&quot;https:\/\/paristouristinformation.fr\/wp-content\/uploads\/2025\/05\/Big-Bus-Paris-Hop-on-Hop-off-Bus-Tour-with-Optional-Seine-River-Cruise-ota2-1536x960.avif&quot;,&quot;height&quot;:960,&quot;width&quot;:1536,&quot;orientation&quot;:&quot;landscape&quot;}}\"><\/span><span><img decoding=\"async\" alt=\"\" data-id=\"15292\" width=\"1600\" height=\"1000\" title=\"Big Bus- Paris Hop-on Hop-off-Bustour mit optionaler Seine-Kreuzfahrt ota3\" src=\"https:\/\/paristouristinformation.fr\/wp-content\/uploads\/2025\/05\/Big-Bus-Paris-Hop-on-Hop-off-Bus-Tour-with-Optional-Seine-River-Cruise-ota3-1024x640.avif\" data-src=\"https:\/\/paristouristinformation.fr\/wp-content\/uploads\/2025\/05\/Big-Bus-Paris-Hop-on-Hop-off-Bus-Tour-with-Optional-Seine-River-Cruise-ota3-300x188.avif\" loading=\"lazy\" data-sizes=\"{&quot;thumbnail&quot;:{&quot;url&quot;:&quot;https:\/\/paristouristinformation.fr\/wp-content\/uploads\/2025\/05\/Big-Bus-Paris-Hop-on-Hop-off-Bus-Tour-with-Optional-Seine-River-Cruise-ota3-333x205.avif&quot;,&quot;height&quot;:205,&quot;width&quot;:333,&quot;orientation&quot;:&quot;landscape&quot;},&quot;medium&quot;:{&quot;url&quot;:&quot;https:\/\/paristouristinformation.fr\/wp-content\/uploads\/2025\/05\/Big-Bus-Paris-Hop-on-Hop-off-Bus-Tour-with-Optional-Seine-River-Cruise-ota3-300x188.avif&quot;,&quot;height&quot;:188,&quot;width&quot;:300,&quot;orientation&quot;:&quot;landscape&quot;},&quot;large&quot;:{&quot;url&quot;:&quot;https:\/\/paristouristinformation.fr\/wp-content\/uploads\/2025\/05\/Big-Bus-Paris-Hop-on-Hop-off-Bus-Tour-with-Optional-Seine-River-Cruise-ota3-1024x640.avif&quot;,&quot;height&quot;:640,&quot;width&quot;:1024,&quot;orientation&quot;:&quot;landscape&quot;},&quot;full&quot;:{&quot;url&quot;:&quot;https:\/\/paristouristinformation.fr\/wp-content\/uploads\/2025\/05\/Big-Bus-Paris-Hop-on-Hop-off-Bus-Tour-with-Optional-Seine-River-Cruise-ota3.avif&quot;,&quot;height&quot;:1000,&quot;width&quot;:1600,&quot;orientation&quot;:&quot;landscape&quot;},&quot;1536x1536&quot;:{&quot;url&quot;:&quot;https:\/\/paristouristinformation.fr\/wp-content\/uploads\/2025\/05\/Big-Bus-Paris-Hop-on-Hop-off-Bus-Tour-with-Optional-Seine-River-Cruise-ota3-1536x960.avif&quot;,&quot;height&quot;:960,&quot;width&quot;:1536,&quot;orientation&quot;:&quot;landscape&quot;}}\"><\/span><span><img decoding=\"async\" alt=\"\" data-id=\"15291\" width=\"1680\" height=\"1050\" title=\"Gro\u00dfer Bus - Paris Hop-on-Hop-off-Bustour mit optionaler Seine-Kreuzfahrt ota4\" src=\"https:\/\/paristouristinformation.fr\/wp-content\/uploads\/2025\/05\/Big-Bus-Paris-Hop-on-Hop-off-Bus-Tour-with-Optional-Seine-River-Cruise-ota4-1024x640.avif\" data-src=\"https:\/\/paristouristinformation.fr\/wp-content\/uploads\/2025\/05\/Big-Bus-Paris-Hop-on-Hop-off-Bus-Tour-with-Optional-Seine-River-Cruise-ota4-300x188.avif\" loading=\"lazy\" data-sizes=\"{&quot;thumbnail&quot;:{&quot;url&quot;:&quot;https:\/\/paristouristinformation.fr\/wp-content\/uploads\/2025\/05\/Big-Bus-Paris-Hop-on-Hop-off-Bus-Tour-with-Optional-Seine-River-Cruise-ota4-333x205.avif&quot;,&quot;height&quot;:205,&quot;width&quot;:333,&quot;orientation&quot;:&quot;landscape&quot;},&quot;medium&quot;:{&quot;url&quot;:&quot;https:\/\/paristouristinformation.fr\/wp-content\/uploads\/2025\/05\/Big-Bus-Paris-Hop-on-Hop-off-Bus-Tour-with-Optional-Seine-River-Cruise-ota4-300x188.avif&quot;,&quot;height&quot;:188,&quot;width&quot;:300,&quot;orientation&quot;:&quot;landscape&quot;},&quot;large&quot;:{&quot;url&quot;:&quot;https:\/\/paristouristinformation.fr\/wp-content\/uploads\/2025\/05\/Big-Bus-Paris-Hop-on-Hop-off-Bus-Tour-with-Optional-Seine-River-Cruise-ota4-1024x640.avif&quot;,&quot;height&quot;:640,&quot;width&quot;:1024,&quot;orientation&quot;:&quot;landscape&quot;},&quot;full&quot;:{&quot;url&quot;:&quot;https:\/\/paristouristinformation.fr\/wp-content\/uploads\/2025\/05\/Big-Bus-Paris-Hop-on-Hop-off-Bus-Tour-with-Optional-Seine-River-Cruise-ota4.avif&quot;,&quot;height&quot;:1050,&quot;width&quot;:1680,&quot;orientation&quot;:&quot;landscape&quot;},&quot;1536x1536&quot;:{&quot;url&quot;:&quot;https:\/\/paristouristinformation.fr\/wp-content\/uploads\/2025\/05\/Big-Bus-Paris-Hop-on-Hop-off-Bus-Tour-with-Optional-Seine-River-Cruise-ota4-1536x960.avif&quot;,&quot;height&quot;:960,&quot;width&quot;:1536,&quot;orientation&quot;:&quot;landscape&quot;}}\"><\/span><span><img decoding=\"async\" alt=\"\" data-id=\"15290\" width=\"1600\" height=\"1000\" title=\"Big Bus- Paris Hop-on Hop-off-Bustour mit optionaler Seine-Kreuzfahrt ota5\" src=\"https:\/\/paristouristinformation.fr\/wp-content\/uploads\/2025\/05\/Big-Bus-Paris-Hop-on-Hop-off-Bus-Tour-with-Optional-Seine-River-Cruise-ota5-1024x640.avif\" data-src=\"https:\/\/paristouristinformation.fr\/wp-content\/uploads\/2025\/05\/Big-Bus-Paris-Hop-on-Hop-off-Bus-Tour-with-Optional-Seine-River-Cruise-ota5-300x188.avif\" loading=\"lazy\" data-sizes=\"{&quot;thumbnail&quot;:{&quot;url&quot;:&quot;https:\/\/paristouristinformation.fr\/wp-content\/uploads\/2025\/05\/Big-Bus-Paris-Hop-on-Hop-off-Bus-Tour-with-Optional-Seine-River-Cruise-ota5-333x205.avif&quot;,&quot;height&quot;:205,&quot;width&quot;:333,&quot;orientation&quot;:&quot;landscape&quot;},&quot;medium&quot;:{&quot;url&quot;:&quot;https:\/\/paristouristinformation.fr\/wp-content\/uploads\/2025\/05\/Big-Bus-Paris-Hop-on-Hop-off-Bus-Tour-with-Optional-Seine-River-Cruise-ota5-300x188.avif&quot;,&quot;height&quot;:188,&quot;width&quot;:300,&quot;orientation&quot;:&quot;landscape&quot;},&quot;large&quot;:{&quot;url&quot;:&quot;https:\/\/paristouristinformation.fr\/wp-content\/uploads\/2025\/05\/Big-Bus-Paris-Hop-on-Hop-off-Bus-Tour-with-Optional-Seine-River-Cruise-ota5-1024x640.avif&quot;,&quot;height&quot;:640,&quot;width&quot;:1024,&quot;orientation&quot;:&quot;landscape&quot;},&quot;full&quot;:{&quot;url&quot;:&quot;https:\/\/paristouristinformation.fr\/wp-content\/uploads\/2025\/05\/Big-Bus-Paris-Hop-on-Hop-off-Bus-Tour-with-Optional-Seine-River-Cruise-ota5.avif&quot;,&quot;height&quot;:1000,&quot;width&quot;:1600,&quot;orientation&quot;:&quot;landscape&quot;},&quot;1536x1536&quot;:{&quot;url&quot;:&quot;https:\/\/paristouristinformation.fr\/wp-content\/uploads\/2025\/05\/Big-Bus-Paris-Hop-on-Hop-off-Bus-Tour-with-Optional-Seine-River-Cruise-ota5-1536x960.avif&quot;,&quot;height&quot;:960,&quot;width&quot;:1536,&quot;orientation&quot;:&quot;landscape&quot;}}\"><\/span><span><img decoding=\"async\" alt=\"\" data-id=\"15289\" width=\"1600\" height=\"1000\" title=\"Big Bus- Paris Hop-on Hop-off-Bustour mit optionaler Seine-Kreuzfahrt ota6\" src=\"https:\/\/paristouristinformation.fr\/wp-content\/uploads\/2025\/05\/Big-Bus-Paris-Hop-on-Hop-off-Bus-Tour-with-Optional-Seine-River-Cruise-ota6-1024x640.avif\" data-src=\"https:\/\/paristouristinformation.fr\/wp-content\/uploads\/2025\/05\/Big-Bus-Paris-Hop-on-Hop-off-Bus-Tour-with-Optional-Seine-River-Cruise-ota6-300x188.avif\" loading=\"lazy\" data-sizes=\"{&quot;thumbnail&quot;:{&quot;url&quot;:&quot;https:\/\/paristouristinformation.fr\/wp-content\/uploads\/2025\/05\/Big-Bus-Paris-Hop-on-Hop-off-Bus-Tour-with-Optional-Seine-River-Cruise-ota6-333x205.avif&quot;,&quot;height&quot;:205,&quot;width&quot;:333,&quot;orientation&quot;:&quot;landscape&quot;},&quot;medium&quot;:{&quot;url&quot;:&quot;https:\/\/paristouristinformation.fr\/wp-content\/uploads\/2025\/05\/Big-Bus-Paris-Hop-on-Hop-off-Bus-Tour-with-Optional-Seine-River-Cruise-ota6-300x188.avif&quot;,&quot;height&quot;:188,&quot;width&quot;:300,&quot;orientation&quot;:&quot;landscape&quot;},&quot;large&quot;:{&quot;url&quot;:&quot;https:\/\/paristouristinformation.fr\/wp-content\/uploads\/2025\/05\/Big-Bus-Paris-Hop-on-Hop-off-Bus-Tour-with-Optional-Seine-River-Cruise-ota6-1024x640.avif&quot;,&quot;height&quot;:640,&quot;width&quot;:1024,&quot;orientation&quot;:&quot;landscape&quot;},&quot;full&quot;:{&quot;url&quot;:&quot;https:\/\/paristouristinformation.fr\/wp-content\/uploads\/2025\/05\/Big-Bus-Paris-Hop-on-Hop-off-Bus-Tour-with-Optional-Seine-River-Cruise-ota6.avif&quot;,&quot;height&quot;:1000,&quot;width&quot;:1600,&quot;orientation&quot;:&quot;landscape&quot;},&quot;1536x1536&quot;:{&quot;url&quot;:&quot;https:\/\/paristouristinformation.fr\/wp-content\/uploads\/2025\/05\/Big-Bus-Paris-Hop-on-Hop-off-Bus-Tour-with-Optional-Seine-River-Cruise-ota6-1536x960.avif&quot;,&quot;height&quot;:960,&quot;width&quot;:1536,&quot;orientation&quot;:&quot;landscape&quot;}}\"><\/span><\/p>\n<h1>Big Bus: Paris Hop-on Hop-off-Bustour mit optionaler Seine-Kreuzfahrt<\/h1>\n<h2><a href=\"https:\/\/www.headout.com\/de\/hop-on-hop-off-touren\/big-bus-24-48-stundige-hop-on-hop-off-bustour-durch-paris-e-9774\/?affiliate_code=KXkQ69&amp;utm_campaign=paristidehoponhopoffbussp&amp;utm_content=link&amp;utm_medium=affiliate&amp;utm_source=most_amazing_places\" target=\"_blank\" rel=\"nofollow noopener\" style=\"outline: none;\">Zur Buchung<\/a><\/h2>\n<p style=\"\"><a href=\"https:\/\/www.headout.com\/de\/hop-on-hop-off-touren\/big-bus-24-48-stundige-hop-on-hop-off-bustour-durch-paris-e-9774\/?affiliate_code=KXkQ69&amp;utm_campaign=paristidehoponhopoffbussp&amp;utm_content=link&amp;utm_medium=affiliate&amp;utm_source=most_amazing_places\" target=\"_blank\" rel=\"nofollow noopener\" style=\"outline: none;\">Preis ab<\/a><\/p>\n<h1><a href=\"https:\/\/www.headout.com\/de\/hop-on-hop-off-touren\/big-bus-24-48-stundige-hop-on-hop-off-bustour-durch-paris-e-9774\/?affiliate_code=KXkQ69&amp;utm_campaign=paristidehoponhopoffbussp&amp;utm_content=link&amp;utm_medium=affiliate&amp;utm_source=most_amazing_places\" target=\"_blank\" rel=\"nofollow noopener\" style=\"outline: none;\" spellcheck=\"false\"><strong>35 \u20ac<\/strong><\/a><\/h1>\n<p dir=\"ltr\">Erkunden Sie die Sch\u00f6nheit von Paris in Ihrem eigenen Rhythmus mit einer flexiblen Hop-on-Hop-off-Bustour nach Paris. Entdecken Sie ikonische Sehensw\u00fcrdigkeiten, genie\u00dfen Sie Panoramablicke von einem offenen Bus aus und verbessern Sie Ihr Erlebnis mit einer malerischen Kreuzfahrt mit der Seine.<\/p>\n<ul>\n<li style=\"\"><span>Sorgf\u00e4ltig ausgew\u00e4hltes Ticket<\/span><\/li>\n<li><span>Mobiles Ticket<\/span><\/li>\n<li style=\"\"><span>Sofortige Best\u00e4tigung<\/span><\/li>\n<li style=\"\"><span>Kostenlose Stornierung<\/span><\/li>\n<\/ul>\n<h2>Inbegriffen<\/h2>\n<ul>\n<li style=\"\">                    <span>Unbegrenzter 24- oder 48-Stunden-Hop-on-Hop-off-Buszugang<\/span><\/li>\n<li style=\"\">                    <span>Zugang zur Roten Route<\/span><\/li>\n<li style=\"\">                    <span>Audiokommentar in 8 Sprachen<\/span><\/li>\n<li style=\"\">                    <span>Kostenloses WLAN und Kopfh\u00f6rer<\/span><\/li>\n<li style=\"\">                    <span>Zugang zur mobilen App mit Live-Bus-Tracking<\/span><\/li>\n<li style=\"\">                    <span>60-min\u00fctige Kreuzfahrt mit der Seine (optional)<\/span><\/li>\n<li style=\"\">                    <span>Live-Kommentar in 14 Sprachen (auf der Kreuzfahrt)<\/span><\/li>\n<li style=\"\">                    <span>VOX digitaler selbstgef\u00fchrter Rundgang (optional)<\/span><\/li>\n<\/ul>\n<h2>Nicht inbegriffen<\/h2>\n<ul>\n<li style=\"\"><span>Eintrittskarten f\u00fcr Attraktionen<\/span><\/li>\n<\/ul>\n<h2>Wichtige Informationen<\/h2>\n<ul>\n<li style=\"\"><span>Dauer der gesamten Roten Route: ca. 2 Stunden 15 Minuten<\/span><\/li>\n<li><span>Busfrequenz: alle 7\u201315 Minuten<\/span><\/li>\n<li><span>Die letzte Abfahrt am 24. Dezember ist um 17 Uhr<\/span><\/li>\n<li><span>Der erste Bus f\u00e4hrt um 9:45 Uhr von Louvre-Pyramide ab; letzte Abfahrt von Louvre-Pyramide um 17:30 Uhr<\/span><\/li>\n<li><span>Digitaler Gutschein akzeptiert &#8211; kein Ausdruck erforderlich<\/span><\/li>\n<li><span>Busse sind f\u00fcr Rollstuhlfahrer und Kinderwagen zug\u00e4nglich<\/span><\/li>\n<li><span>Details zur Flusskreuzfahrt und Wanderung werden nach der Buchung bereitgestellt<\/span><\/li>\n<\/ul>\n<h2>Beschreibung:<\/h2>\n<p dir=\"ltr\">Entdecken Sie Paris auf Ihre Art mit dieser Hop-on-Hop-off-Bustour, bei der Sie <strong>an wichtigen Orten aussteigen und wieder einsteigen k\u00f6nnen, wenn Sie bereit sind<\/strong>. Vom Eiffelturm und Notre Dame bis zum Louvre-Museum genie\u00dfen Sie <strong>von der Terrasse im Freien eine unvergleichliche Aussicht<\/strong>. F\u00fcr ein umfassenderes Pariser Erlebnis k\u00f6nnen <strong>Sie mit einer Kreuzfahrt mit der Seine <\/strong>oder einem selbstgef\u00fchrten Rundgang aufr\u00fcsten, der einen tieferen Einblick in die Viertel der Stadt bietet.<\/p>\n<h2>H\u00f6hepunkte:<\/h2>\n<ul>\n<li><strong data-end=\"200\" data-start=\"161\">Erstellen Sie Ihre perfekte Paris-Reiseroute <\/strong>mit unbegrenztem Hop-on-Hop-off-Zugang zu 10 Top-Attraktionen<\/li>\n<li \"=\"\" 355\"=\"\" data-start=\"262\"><strong data-end=\"281\" data-start=\"264\">Fahren Sie stilvoll an <\/strong>Bord von Doppeldeckerbussen mit offenem Dach und herrlichem Blick auf die Stadt<\/li>\n<li \"=\"\" 478\"=\"\" data-start=\"356\"><strong data-end=\"509\" data-start=\"481\" style=\"color: rgb(61, 24, 5); font-family: inherit;\">Treten Sie ein in den Pariser Charme <\/strong><span style=\"color: rgb(61, 24, 5); font-family: inherit;\">mit einem selbstgef\u00fchrten Rundgang durch Le Marais, Montmartre oder das Quartier Latin<\/span><\/li>\n<li \"=\"\" 710\"=\"\" data-start=\"596\"><strong data-end=\"626\" data-start=\"598\">H\u00f6ren Sie, wie die Stadt <\/strong>mit immersiven Audiokommentaren in 8 Sprachen <strong data-end=\"626\" data-start=\"598\">zum Leben erwacht<\/strong>, sowie Live-Erz\u00e4hlung auf der Kreuzfahrt<\/li>\n<li \"=\"\" 828\"=\"\" data-start=\"711\"><strong data-end=\"745\" data-start=\"713\">Machen Sie Postkarten-perfekte Fotos <\/strong>von ikonischen Orten wie den Champs-\u00c9lys\u00e9es, dem Louvre und der Op\u00e9ra Garnier<\/li>\n<li \"=\"\" 828\"=\"\" data-start=\"711\"><strong data-end=\"849\" data-start=\"831\">Reisen Sie intelligenter <\/strong>mit Echtzeit-Busverfolgung, kostenlosem WLAN an Bord und einfachem digitalen Zugriff \u00fcber Ihr Mobiltelefon<\/li>\n<li \"=\"\" 828\"=\"\" data-start=\"711\"><strong data-end=\"383\" data-start=\"358\">Verbessern Sie das Abenteuer <\/strong>mit einer vertr\u00e4umten 60-min\u00fctigen <strong data-end=\"430\" data-start=\"408\">Kreuzfahrt mit dem Fluss Seine<\/strong>, die am Eiffelturm und Notre Dame vorbeigleitet<\/li>\n<\/ul>\n<h2>Stornierungsrichtlinien<\/h2>\n<p dir=\"ltr\">Stornieren Sie bis zu 24 Stunden im Voraus f\u00fcr eine volle R\u00fcckerstattung.<\/p>\n<h2>Treffpunkt &amp; Anleitung<\/h2>\n<p dir=\"ltr\">Die erste Station befindet sich an der Louvre-Pyramide. Zeigen Sie einfach Ihren mobilen Gutschein dem Busfahrer. Vollst\u00e4ndige Boarding-Details und Optionen werden in Ihrer endg\u00fcltigen Best\u00e4tigungs-E-Mail aufgef\u00fchrt.<\/p>\n<p><a href=\"https:\/\/www.google.com\/maps\/place\/50%C2%B005&#039;24.6%22N+14%C2%B024&#039;00.2%22E\/@50.0901642,14.4000463,12z\/data=!4m4!3m3!8m2!3d50.0901642!4d14.4000463?entry=ttu\" style=\"outline: none;\" data-lt-tmp-id=\"lt-493778\" spellcheck=\"false\" target=\"_blank\" rel=\"nofollow noopener\"><\/a><a data-lt-tmp-id=\"lt-835606\" href=\"https:\/\/www.google.com\/maps\/search\/?api=1&amp;query=48.865501403808594,2.334534168243408\" rel=\"nofollow noopener\" spellcheck=\"false\" target=\"_blank\" style=\"outline: none;\">In Karten \u00f6ffnen<\/a><\/p>\n<h2>Bewertungen<\/h2>\n<p><strong>4.6\/ 5 <\/strong><strong>(3.600+ Bewertungen)<\/strong><\/p>\n<p dir=\"ltr\"><em>,,Wundersch\u00f6ne Erfahrung, wir konnten Paris mit seinen wichtigsten Denkm\u00e4lern mit so viel Leichtigkeit sehen, wir hatten die Gelegenheit, die Erkl\u00e4rung jedes Ortes in gro\u00dfen Details auf Italienisch zu h\u00f6ren, und dann haben wir auch die Kreuzfahrt auf der Seine gemacht, um es auf jeden Fall zu empfehlen.&#8220;&nbsp;<\/em>&#8211; Michela, Mai 2025 <a href=\"https:\/\/www.headout.com\/de\/hop-on-hop-off-touren\/big-bus-24-48-stundige-hop-on-hop-off-bustour-durch-paris-e-9774\/?affiliate_code=KXkQ69&amp;utm_campaign=paristidehoponhopoffbussp&amp;utm_content=link&amp;utm_medium=affiliate&amp;utm_source=most_amazing_places\" target=\"_blank\" rel=\"nofollow noopener\" style=\"outline: none;\" data-lt-tmp-id=\"lt-537577\" spellcheck=\"false\">&gt;&gt; Mehr Bewertungen anzeigen<\/a><\/p>\n<h2>Weitere Aktivit\u00e4ten, die Ihnen gefallen k\u00f6nnten<\/h2>\n<p><span>#1<\/span><span><img decoding=\"async\" alt=\"\" data-id=\"15105\" width=\"159\" data-init-width=\"2334\" height=\"106\" data-init-height=\"1556\" title=\"Seine River- Dinner-Kreuzfahrt mit Live-Musik von Bateaux Mouches ota\" loading=\"lazy\" src=\"https:\/\/paristouristinformation.fr\/wp-content\/uploads\/2025\/05\/Seine-River-Dinner-Cruise-with-Live-Music-by-Bateaux-Mouches-ota.avif\" data-width=\"159\" data-height=\"106\" style=\"aspect-ratio: auto 2334 \/ 1556;\"><\/span><\/p>\n<table>\n<tbody>\n<tr>\n<td><a href=\"https:\/\/www.tiqets.com\/de\/things-to-do-in-paris-c66746\/tickets-for-dinner-cruise-by-bateaux-mouches-p982924\/?partner=paristouristinformation&amp;tq_campaign=ParisDeHopOnHopOffBusSP2\" target=\"_blank\" rel=\"nofollow noopener\" style=\"outline: none;\" data-lt-tmp-id=\"lt-305709\" spellcheck=\"false\">Seine: Dinner-Kreuzfahrt mit Live-Musik von Bateaux Mouches<\/a><\/td>\n<\/tr>\n<\/tbody>\n<\/table>\n<p dir=\"ltr\">Erleben Sie die Sch\u00f6nheit von Paris bei Nacht mit einer luxuri\u00f6sen 3-G\u00e4nge-Dinner-Kreuzfahrt auf der Seine. Genie\u00dfen Sie Gourmetk\u00fcche, genie\u00dfen Sie Live-Musik und bewundern Sie die Stadt der Lichter bequem von einem Glas aus, das von einem Glas umgebenen Boot aus ist, w\u00e4hrend ikonische Sehensw\u00fcrdigkeiten vorbeischnken.<\/p>\n<h3 style=\"\">Gesamtpreis<\/h3>\n<h3 style=\"\">Ihr Konto wird noch nicht belastet.<\/h3>\n<p><\/p>\n<h2><a href=\"https:\/\/www.headout.com\/de\/hop-on-hop-off-touren\/big-bus-24-48-stundige-hop-on-hop-off-bustour-durch-paris-e-9774\/?affiliate_code=KXkQ69&amp;utm_campaign=paristidehoponhopoffbussp&amp;utm_content=link&amp;utm_medium=affiliate&amp;utm_source=most_amazing_places\" target=\"_blank\" rel=\"nofollow noopener\" style=\"outline: none;\">Zur Buchung<\/a><\/h2>\n<p style=\"\"><a href=\"https:\/\/www.headout.com\/de\/hop-on-hop-off-touren\/big-bus-24-48-stundige-hop-on-hop-off-bustour-durch-paris-e-9774\/?affiliate_code=KXkQ69&amp;utm_campaign=paristidehoponhopoffbussp&amp;utm_content=link&amp;utm_medium=affiliate&amp;utm_source=most_amazing_places\" target=\"_blank\" rel=\"nofollow noopener\" style=\"outline: none;\">Preis ab<\/a><\/p>\n<h1><a href=\"https:\/\/www.headout.com\/de\/hop-on-hop-off-touren\/big-bus-24-48-stundige-hop-on-hop-off-bustour-durch-paris-e-9774\/?affiliate_code=KXkQ69&amp;utm_campaign=paristidehoponhopoffbussp&amp;utm_content=link&amp;utm_medium=affiliate&amp;utm_source=most_amazing_places\" target=\"_blank\" rel=\"nofollow noopener\" style=\"outline: none;\"><strong>35 \u20ac<\/strong><\/a><\/h1>\n<p style=\"\">Ihr Konto wird noch nicht belastet.<\/p>\n","protected":false},"excerpt":{"rendered":"<p>Big Bus: Paris Hop-on Hop-off-Bustour mit optionaler Seine-Kreuzfahrt Zur Buchung Preis ab 35 \u20ac Erkunden Sie die Sch\u00f6nheit von Paris in Ihrem eigenen Rhythmus mit einer flexiblen Hop-on-Hop-off-Bustour nach Paris. Entdecken Sie ikonische Sehensw\u00fcrdigkeiten, genie\u00dfen Sie Panoramablicke von einem offenen Bus aus und verbessern Sie Ihr Erlebnis mit einer malerischen Kreuzfahrt mit der Seine. Sorgf\u00e4ltig [&hellip;]<\/p>\n","protected":false},"author":10,"featured_media":15557,"parent":0,"menu_order":0,"comment_status":"closed","ping_status":"closed","template":"","meta":{"footnotes":""},"tags":[69],"class_list":["post-15556","page","type-page","status-publish","has-post-thumbnail","hentry","tag-sales-pages","post-wrapper","thrv_wrapper"],"wp-worthy-pixel":{"ignored":false,"public":null,"server":null,"url":null},"wp-worthy-type":"normal","_links":{"self":[{"href":"https:\/\/www.paristouristinformation.fr\/de\/wp-json\/wp\/v2\/pages\/15556","targetHints":{"allow":["GET"]}}],"collection":[{"href":"https:\/\/www.paristouristinformation.fr\/de\/wp-json\/wp\/v2\/pages"}],"about":[{"href":"https:\/\/www.paristouristinformation.fr\/de\/wp-json\/wp\/v2\/types\/page"}],"author":[{"embeddable":true,"href":"https:\/\/www.paristouristinformation.fr\/de\/wp-json\/wp\/v2\/users\/10"}],"replies":[{"embeddable":true,"href":"https:\/\/www.paristouristinformation.fr\/de\/wp-json\/wp\/v2\/comments?post=15556"}],"version-history":[{"count":7,"href":"https:\/\/www.paristouristinformation.fr\/de\/wp-json\/wp\/v2\/pages\/15556\/revisions"}],"predecessor-version":[{"id":15914,"href":"https:\/\/www.paristouristinformation.fr\/de\/wp-json\/wp\/v2\/pages\/15556\/revisions\/15914"}],"wp:featuredmedia":[{"embeddable":true,"href":"https:\/\/www.paristouristinformation.fr\/de\/wp-json\/wp\/v2\/media\/15557"}],"wp:attachment":[{"href":"https:\/\/www.paristouristinformation.fr\/de\/wp-json\/wp\/v2\/media?parent=15556"}],"wp:term":[{"taxonomy":"post_tag","embeddable":true,"href":"https:\/\/www.paristouristinformation.fr\/de\/wp-json\/wp\/v2\/tags?post=15556"}],"curies":[{"name":"wp","href":"https:\/\/api.w.org\/{rel}","templated":true}]}}