{"id":15567,"date":"2026-04-08T10:13:57","date_gmt":"2026-04-08T10:13:57","guid":{"rendered":"https:\/\/www.paristouristinformation.fr\/de\/?page_id=15567"},"modified":"2026-04-08T10:16:14","modified_gmt":"2026-04-08T10:16:14","slug":"tagesausflug-in-die-champagne-region-ab-paris","status":"publish","type":"page","link":"https:\/\/www.paristouristinformation.fr\/de\/tagesausflug-in-die-champagne-region-ab-paris\/","title":{"rendered":"Tagesausflug in die Champagne Region ab Paris mit Mo\u00ebt Chandon, Hautvillers und einem Familienweingut"},"content":{"rendered":"<p><span><img decoding=\"async\" alt=\"\" data-id=\"15316\" width=\"1598\" height=\"999\" title=\"Tagesausflug in die Champagne Region von Paris mit Mo\u00ebt Chandon, Hautvillers und einem Familienweingut ota\" src=\"https:\/\/paristouristinformation.fr\/wp-content\/uploads\/2025\/05\/Day-Trip-to-Champagne-Region-from-Paris-including-Moet-Chandon-Hautvillers-and-a-Family-Winery-ota-1024x640.avif\" data-src=\"https:\/\/paristouristinformation.fr\/wp-content\/uploads\/2025\/05\/Day-Trip-to-Champagne-Region-from-Paris-including-Moet-Chandon-Hautvillers-and-a-Family-Winery-ota-300x188.avif\" loading=\"lazy\" data-sizes=\"{&quot;thumbnail&quot;:{&quot;url&quot;:&quot;https:\/\/paristouristinformation.fr\/wp-content\/uploads\/2025\/05\/Day-Trip-to-Champagne-Region-from-Paris-including-Moet-Chandon-Hautvillers-and-a-Family-Winery-ota-333x205.avif&quot;,&quot;height&quot;:205,&quot;width&quot;:333,&quot;orientation&quot;:&quot;landscape&quot;},&quot;medium&quot;:{&quot;url&quot;:&quot;https:\/\/paristouristinformation.fr\/wp-content\/uploads\/2025\/05\/Day-Trip-to-Champagne-Region-from-Paris-including-Moet-Chandon-Hautvillers-and-a-Family-Winery-ota-300x188.avif&quot;,&quot;height&quot;:188,&quot;width&quot;:300,&quot;orientation&quot;:&quot;landscape&quot;},&quot;large&quot;:{&quot;url&quot;:&quot;https:\/\/paristouristinformation.fr\/wp-content\/uploads\/2025\/05\/Day-Trip-to-Champagne-Region-from-Paris-including-Moet-Chandon-Hautvillers-and-a-Family-Winery-ota-1024x640.avif&quot;,&quot;height&quot;:640,&quot;width&quot;:1024,&quot;orientation&quot;:&quot;landscape&quot;},&quot;full&quot;:{&quot;url&quot;:&quot;https:\/\/paristouristinformation.fr\/wp-content\/uploads\/2025\/05\/Day-Trip-to-Champagne-Region-from-Paris-including-Moet-Chandon-Hautvillers-and-a-Family-Winery-ota.avif&quot;,&quot;height&quot;:999,&quot;width&quot;:1598,&quot;orientation&quot;:&quot;landscape&quot;},&quot;1536x1536&quot;:{&quot;url&quot;:&quot;https:\/\/paristouristinformation.fr\/wp-content\/uploads\/2025\/05\/Day-Trip-to-Champagne-Region-from-Paris-including-Moet-Chandon-Hautvillers-and-a-Family-Winery-ota-1536x960.avif&quot;,&quot;height&quot;:960,&quot;width&quot;:1536,&quot;orientation&quot;:&quot;landscape&quot;}}\"><\/span><span><img decoding=\"async\" alt=\"\" data-id=\"15312\" width=\"1598\" height=\"999\" title=\"Tagesausflug in die Champagne Region von Paris mit Mo\u00ebt Chandon, Hautvillers und einem Familienweingut ota5\" src=\"https:\/\/paristouristinformation.fr\/wp-content\/uploads\/2025\/05\/Day-Trip-to-Champagne-Region-from-Paris-including-Moet-Chandon-Hautvillers-and-a-Family-Winery-ota5-1024x640.avif\" data-src=\"https:\/\/paristouristinformation.fr\/wp-content\/uploads\/2025\/05\/Day-Trip-to-Champagne-Region-from-Paris-including-Moet-Chandon-Hautvillers-and-a-Family-Winery-ota5-300x188.avif\" loading=\"lazy\" data-sizes=\"{&quot;thumbnail&quot;:{&quot;url&quot;:&quot;https:\/\/paristouristinformation.fr\/wp-content\/uploads\/2025\/05\/Day-Trip-to-Champagne-Region-from-Paris-including-Moet-Chandon-Hautvillers-and-a-Family-Winery-ota5-333x205.avif&quot;,&quot;height&quot;:205,&quot;width&quot;:333,&quot;orientation&quot;:&quot;landscape&quot;},&quot;medium&quot;:{&quot;url&quot;:&quot;https:\/\/paristouristinformation.fr\/wp-content\/uploads\/2025\/05\/Day-Trip-to-Champagne-Region-from-Paris-including-Moet-Chandon-Hautvillers-and-a-Family-Winery-ota5-300x188.avif&quot;,&quot;height&quot;:188,&quot;width&quot;:300,&quot;orientation&quot;:&quot;landscape&quot;},&quot;large&quot;:{&quot;url&quot;:&quot;https:\/\/paristouristinformation.fr\/wp-content\/uploads\/2025\/05\/Day-Trip-to-Champagne-Region-from-Paris-including-Moet-Chandon-Hautvillers-and-a-Family-Winery-ota5-1024x640.avif&quot;,&quot;height&quot;:640,&quot;width&quot;:1024,&quot;orientation&quot;:&quot;landscape&quot;},&quot;full&quot;:{&quot;url&quot;:&quot;https:\/\/paristouristinformation.fr\/wp-content\/uploads\/2025\/05\/Day-Trip-to-Champagne-Region-from-Paris-including-Moet-Chandon-Hautvillers-and-a-Family-Winery-ota5.avif&quot;,&quot;height&quot;:999,&quot;width&quot;:1598,&quot;orientation&quot;:&quot;landscape&quot;},&quot;1536x1536&quot;:{&quot;url&quot;:&quot;https:\/\/paristouristinformation.fr\/wp-content\/uploads\/2025\/05\/Day-Trip-to-Champagne-Region-from-Paris-including-Moet-Chandon-Hautvillers-and-a-Family-Winery-ota5-1536x960.avif&quot;,&quot;height&quot;:960,&quot;width&quot;:1536,&quot;orientation&quot;:&quot;landscape&quot;}}\"><\/span><span><img decoding=\"async\" alt=\"\" data-id=\"15313\" width=\"1598\" height=\"999\" title=\"Tagesausflug in die Champagne Region von Paris mit Mo\u00ebt Chandon, Hautvillers und einem Familienweingut ota4\" src=\"https:\/\/paristouristinformation.fr\/wp-content\/uploads\/2025\/05\/Day-Trip-to-Champagne-Region-from-Paris-including-Moet-Chandon-Hautvillers-and-a-Family-Winery-ota4-1024x640.avif\" data-src=\"https:\/\/paristouristinformation.fr\/wp-content\/uploads\/2025\/05\/Day-Trip-to-Champagne-Region-from-Paris-including-Moet-Chandon-Hautvillers-and-a-Family-Winery-ota4-300x188.avif\" loading=\"lazy\" data-sizes=\"{&quot;thumbnail&quot;:{&quot;url&quot;:&quot;https:\/\/paristouristinformation.fr\/wp-content\/uploads\/2025\/05\/Day-Trip-to-Champagne-Region-from-Paris-including-Moet-Chandon-Hautvillers-and-a-Family-Winery-ota4-333x205.avif&quot;,&quot;height&quot;:205,&quot;width&quot;:333,&quot;orientation&quot;:&quot;landscape&quot;},&quot;medium&quot;:{&quot;url&quot;:&quot;https:\/\/paristouristinformation.fr\/wp-content\/uploads\/2025\/05\/Day-Trip-to-Champagne-Region-from-Paris-including-Moet-Chandon-Hautvillers-and-a-Family-Winery-ota4-300x188.avif&quot;,&quot;height&quot;:188,&quot;width&quot;:300,&quot;orientation&quot;:&quot;landscape&quot;},&quot;large&quot;:{&quot;url&quot;:&quot;https:\/\/paristouristinformation.fr\/wp-content\/uploads\/2025\/05\/Day-Trip-to-Champagne-Region-from-Paris-including-Moet-Chandon-Hautvillers-and-a-Family-Winery-ota4-1024x640.avif&quot;,&quot;height&quot;:640,&quot;width&quot;:1024,&quot;orientation&quot;:&quot;landscape&quot;},&quot;full&quot;:{&quot;url&quot;:&quot;https:\/\/paristouristinformation.fr\/wp-content\/uploads\/2025\/05\/Day-Trip-to-Champagne-Region-from-Paris-including-Moet-Chandon-Hautvillers-and-a-Family-Winery-ota4.avif&quot;,&quot;height&quot;:999,&quot;width&quot;:1598,&quot;orientation&quot;:&quot;landscape&quot;},&quot;1536x1536&quot;:{&quot;url&quot;:&quot;https:\/\/paristouristinformation.fr\/wp-content\/uploads\/2025\/05\/Day-Trip-to-Champagne-Region-from-Paris-including-Moet-Chandon-Hautvillers-and-a-Family-Winery-ota4-1536x960.avif&quot;,&quot;height&quot;:960,&quot;width&quot;:1536,&quot;orientation&quot;:&quot;landscape&quot;}}\"><\/span><span><img decoding=\"async\" alt=\"\" data-id=\"15314\" width=\"1598\" height=\"999\" title=\"Tagesausflug in die Champagne Region von Paris mit Mo\u00ebt Chandon, Hautvillers und einem Familienweingut ota3\" src=\"https:\/\/paristouristinformation.fr\/wp-content\/uploads\/2025\/05\/Day-Trip-to-Champagne-Region-from-Paris-including-Moet-Chandon-Hautvillers-and-a-Family-Winery-ota3-1024x640.avif\" data-src=\"https:\/\/paristouristinformation.fr\/wp-content\/uploads\/2025\/05\/Day-Trip-to-Champagne-Region-from-Paris-including-Moet-Chandon-Hautvillers-and-a-Family-Winery-ota3-300x188.avif\" loading=\"lazy\" data-sizes=\"{&quot;thumbnail&quot;:{&quot;url&quot;:&quot;https:\/\/paristouristinformation.fr\/wp-content\/uploads\/2025\/05\/Day-Trip-to-Champagne-Region-from-Paris-including-Moet-Chandon-Hautvillers-and-a-Family-Winery-ota3-333x205.avif&quot;,&quot;height&quot;:205,&quot;width&quot;:333,&quot;orientation&quot;:&quot;landscape&quot;},&quot;medium&quot;:{&quot;url&quot;:&quot;https:\/\/paristouristinformation.fr\/wp-content\/uploads\/2025\/05\/Day-Trip-to-Champagne-Region-from-Paris-including-Moet-Chandon-Hautvillers-and-a-Family-Winery-ota3-300x188.avif&quot;,&quot;height&quot;:188,&quot;width&quot;:300,&quot;orientation&quot;:&quot;landscape&quot;},&quot;large&quot;:{&quot;url&quot;:&quot;https:\/\/paristouristinformation.fr\/wp-content\/uploads\/2025\/05\/Day-Trip-to-Champagne-Region-from-Paris-including-Moet-Chandon-Hautvillers-and-a-Family-Winery-ota3-1024x640.avif&quot;,&quot;height&quot;:640,&quot;width&quot;:1024,&quot;orientation&quot;:&quot;landscape&quot;},&quot;full&quot;:{&quot;url&quot;:&quot;https:\/\/paristouristinformation.fr\/wp-content\/uploads\/2025\/05\/Day-Trip-to-Champagne-Region-from-Paris-including-Moet-Chandon-Hautvillers-and-a-Family-Winery-ota3.avif&quot;,&quot;height&quot;:999,&quot;width&quot;:1598,&quot;orientation&quot;:&quot;landscape&quot;},&quot;1536x1536&quot;:{&quot;url&quot;:&quot;https:\/\/paristouristinformation.fr\/wp-content\/uploads\/2025\/05\/Day-Trip-to-Champagne-Region-from-Paris-including-Moet-Chandon-Hautvillers-and-a-Family-Winery-ota3-1536x960.avif&quot;,&quot;height&quot;:960,&quot;width&quot;:1536,&quot;orientation&quot;:&quot;landscape&quot;}}\"><\/span><span><img decoding=\"async\" alt=\"\" data-id=\"15315\" width=\"1598\" height=\"999\" title=\"Tagesausflug in die Champagne Region von Paris mit Mo\u00ebt Chandon, Hautvillers und einem Familienweingut ota2\" src=\"https:\/\/paristouristinformation.fr\/wp-content\/uploads\/2025\/05\/Day-Trip-to-Champagne-Region-from-Paris-including-Moet-Chandon-Hautvillers-and-a-Family-Winery-ota2-1024x640.avif\" data-src=\"https:\/\/paristouristinformation.fr\/wp-content\/uploads\/2025\/05\/Day-Trip-to-Champagne-Region-from-Paris-including-Moet-Chandon-Hautvillers-and-a-Family-Winery-ota2-300x188.avif\" loading=\"lazy\" data-sizes=\"{&quot;thumbnail&quot;:{&quot;url&quot;:&quot;https:\/\/paristouristinformation.fr\/wp-content\/uploads\/2025\/05\/Day-Trip-to-Champagne-Region-from-Paris-including-Moet-Chandon-Hautvillers-and-a-Family-Winery-ota2-333x205.avif&quot;,&quot;height&quot;:205,&quot;width&quot;:333,&quot;orientation&quot;:&quot;landscape&quot;},&quot;medium&quot;:{&quot;url&quot;:&quot;https:\/\/paristouristinformation.fr\/wp-content\/uploads\/2025\/05\/Day-Trip-to-Champagne-Region-from-Paris-including-Moet-Chandon-Hautvillers-and-a-Family-Winery-ota2-300x188.avif&quot;,&quot;height&quot;:188,&quot;width&quot;:300,&quot;orientation&quot;:&quot;landscape&quot;},&quot;large&quot;:{&quot;url&quot;:&quot;https:\/\/paristouristinformation.fr\/wp-content\/uploads\/2025\/05\/Day-Trip-to-Champagne-Region-from-Paris-including-Moet-Chandon-Hautvillers-and-a-Family-Winery-ota2-1024x640.avif&quot;,&quot;height&quot;:640,&quot;width&quot;:1024,&quot;orientation&quot;:&quot;landscape&quot;},&quot;full&quot;:{&quot;url&quot;:&quot;https:\/\/paristouristinformation.fr\/wp-content\/uploads\/2025\/05\/Day-Trip-to-Champagne-Region-from-Paris-including-Moet-Chandon-Hautvillers-and-a-Family-Winery-ota2.avif&quot;,&quot;height&quot;:999,&quot;width&quot;:1598,&quot;orientation&quot;:&quot;landscape&quot;},&quot;1536x1536&quot;:{&quot;url&quot;:&quot;https:\/\/paristouristinformation.fr\/wp-content\/uploads\/2025\/05\/Day-Trip-to-Champagne-Region-from-Paris-including-Moet-Chandon-Hautvillers-and-a-Family-Winery-ota2-1536x960.avif&quot;,&quot;height&quot;:960,&quot;width&quot;:1536,&quot;orientation&quot;:&quot;landscape&quot;}}\"><\/span><\/p>\n<h1>Tagesausflug in die Champagne Region von Paris mit Mo\u00ebt Chandon, Hautvillers und einem Familienweingut<\/h1>\n<h2><a href=\"https:\/\/www.headout.com\/de\/ausfluge\/tagesausflug-in-die-champagne-ab-paris-mit-moet-chandon-hautvillers-und-einem-familienweingut-e-10503\/?affiliate_code=KXkQ69&amp;utm_campaign=parisdechampagnedaytripsp&amp;utm_content=link&amp;utm_medium=affiliate&amp;utm_source=most_amazing_places\" target=\"_blank\" rel=\"nofollow noopener\" style=\"outline: none;\">Zur Buchung<\/a><\/h2>\n<p style=\"\"><a href=\"https:\/\/www.headout.com\/de\/ausfluge\/tagesausflug-in-die-champagne-ab-paris-mit-moet-chandon-hautvillers-und-einem-familienweingut-e-10503\/?affiliate_code=KXkQ69&amp;utm_campaign=parisdechampagnedaytripsp&amp;utm_content=link&amp;utm_medium=affiliate&amp;utm_source=most_amazing_places\" target=\"_blank\" rel=\"nofollow noopener\" style=\"outline: none;\">Preis ab<\/a><\/p>\n<h1><a href=\"https:\/\/www.headout.com\/de\/ausfluge\/tagesausflug-in-die-champagne-ab-paris-mit-moet-chandon-hautvillers-und-einem-familienweingut-e-10503\/?affiliate_code=KXkQ69&amp;utm_campaign=parisdechampagnedaytripsp&amp;utm_content=link&amp;utm_medium=affiliate&amp;utm_source=most_amazing_places\" target=\"_blank\" rel=\"nofollow noopener\" style=\"outline: none;\"><strong>264,00 \u20ac<\/strong><\/a><\/h1>\n<p dir=\"ltr\">Entdecken Sie das Beste des franz\u00f6sischen Sekterbes auf einer der am besten bewerteten Touren von Paris in die Champagne-Region. Besuchen Sie die ikonischen Mo\u00ebt &amp; Chandon-Keller, erkunden Sie die historischen Hautviller und genie\u00dfen Sie mehrere Verkostungen &#8211; alles an einem unvergesslichen Tag.<\/p>\n<ul>\n<li style=\"\"><span>Sorgf\u00e4ltig ausgew\u00e4hltes Ticket<\/span><\/li>\n<li><span>Live-Guide: Englisch<\/span><\/li>\n<li style=\"\"><span>Dauer: 11 Stunden<\/span><\/li>\n<li style=\"\"><span>Kostenlose Stornierung<\/span><\/li>\n<\/ul>\n<h2>Inbegriffen<\/h2>\n<ul>\n<li style=\"\">                    <span>Kleingruppenf\u00fchrung<\/span><\/li>\n<li style=\"\">                    <span>Englisch sprechender F\u00fchrer<\/span><\/li>\n<li style=\"\">                    <span>5 Champagnerverkostungen in einem familiengef\u00fchrten Weingut<\/span><\/li>\n<li style=\"\">                    <span>Transport in einem klimatisierten Fahrzeug<\/span><\/li>\n<li style=\"\">                    <span>Champagnerverkostung bei Mo\u00ebt &amp; Chandon<\/span><\/li>\n<li style=\"\">                    <span>Besuch von Dom P\u00e9rignons Grab in Hautvillers<\/span><\/li>\n<\/ul>\n<h2>Nicht inbegriffen<\/h2>\n<ul>\n<li style=\"\"><span>Mahlzeiten und pers\u00f6nliche Ausgaben<\/span><\/li>\n<li style=\"\"><span>Abholung und R\u00fcckgabe im Hotel<\/span><\/li>\n<li style=\"\"><span>Tipps<\/span><\/li>\n<\/ul>\n<h2>Wichtige Informationen<\/h2>\n<ul>\n<li style=\"\"><span>Die Tour findet dienstags, mittwochs, donnerstags und samstags um 7:30 Uhr statt<\/span><\/li>\n<li><span>Bitte kommen Sie 10-15 Minuten fr\u00fcher an<\/span><\/li>\n<li><span>Nicht f\u00fcr Rollstuhlfahrer zug\u00e4nglich<\/span><\/li>\n<li><span>Tragen Sie bequeme Wanderschuhe<\/span><\/li>\n<li><span>Mobiler Gutschein und g\u00fcltiger Lichtbildausweis erforderlich<\/span><\/li>\n<li><span>Sie erhalten Ihre Best\u00e4tigung sofort per E-Mail<\/span><\/li>\n<\/ul>\n<h2>Beschreibung:<\/h2>\n<p dir=\"ltr\">Nehmen Sie an einer der bereicherndsten Touren von Paris in die Champagne-Region teil, die weltber\u00fchmte Champagnerh\u00e4user, historische D\u00f6rfer und w\u00e4lzende Weinberge kombinieren. Beginnen Sie an <strong>den beeindruckenden Kellern von Mo\u00ebt &amp; Chandon <\/strong><strong>in <\/strong><strong>\u00c9pernay<\/strong>, fahren Sie weiter durch den malerischen <strong>Naturpark Reims Mountain <\/strong>und halten Sie in <strong>Hautvillers <\/strong>&#8211; dem Dorf Dom P\u00e9rignon. Beenden Sie Ihr Erlebnis mit einer <strong>Verkostung in einem lokalen familiengef\u00fchrten Weingut, das <\/strong>einen pers\u00f6nlichen Einblick in das Erbe der Champagne bietet.<\/p>\n<h2>H\u00f6hepunkte:<\/h2>\n<ul>\n<li dir=\"ltr\">Erkunden Sie 28 Kilometer <strong>unterirdische<\/strong><strong>Keller im Mo\u00ebt &amp; Chandon<\/strong><\/li>\n<li dir=\"ltr\"><strong>Besuchen Sie Hautvillers, <\/strong>bekannt als der Geburtsort der Champagne<\/li>\n<li dir=\"ltr\">Sehen Sie <strong>Dom P\u00e9rignons letzte Ruhest\u00e4tte<\/strong><\/li>\n<li dir=\"ltr\"><strong>Probieren Sie 5 verschiedene Champagner <\/strong>auf einem Familienbesitz<\/li>\n<li dir=\"ltr\">Fahren Sie durch den atemberaubenden <strong>Reims Mountain Regional Nature Park<\/strong><\/li>\n<li dir=\"ltr\"><strong>Reisen Sie bequem <\/strong>und stilvoll mit Hin- und R\u00fccktransport von Paris<\/li>\n<li dir=\"ltr\"><strong>Genie\u00dfen Sie ein Erlebnis in kleinen Gruppen <\/strong>f\u00fcr eine pers\u00f6nliche, entspannte Atmosph\u00e4re<\/li>\n<\/ul>\n<h2>Stornierungsrichtlinien<\/h2>\n<p dir=\"ltr\">Volle R\u00fcckerstattung f\u00fcr Stornierungen, die mindestens 3 Tage vor Beginn der Tour erfolgen.<\/p>\n<h2>Treffpunkt &amp; Anleitung<\/h2>\n<p dir=\"ltr\">Treffen Sie Ihren Reiseleiter vor der Le Royal Opera &#8211; Caf\u00e9 Bar, in der Avenue de l&#8217;Op\u00e9ra 19, 75001 Paris.<\/p>\n<p dir=\"ltr\">Das Caf\u00e9 liegt nur 2 Gehminuten vom U-Bahnhof Pyramides entfernt. Bitte kommen Sie 10-15 Minuten fr\u00fcher und bringen Sie einen g\u00fcltigen Lichtbildausweis zusammen mit Ihrem Handygutschein mit.<\/p>\n<p><a href=\"https:\/\/www.google.com\/maps\/place\/50%C2%B005&#039;24.6%22N+14%C2%B024&#039;00.2%22E\/@50.0901642,14.4000463,12z\/data=!4m4!3m3!8m2!3d50.0901642!4d14.4000463?entry=ttu\" style=\"outline: none;\" data-lt-tmp-id=\"lt-493778\" spellcheck=\"false\" target=\"_blank\" rel=\"nofollow noopener\"><\/a><a data-lt-tmp-id=\"lt-835606\" href=\"https:\/\/www.google.com\/maps\/place\/48.866024017333984+2.3339953422546387\/@48.866024017333984,2.3339953422546387,12z\" rel=\"nofollow noopener\" spellcheck=\"false\" target=\"_blank\" style=\"outline: none;\">In Karten \u00f6ffnen<\/a><\/p>\n<h2>Bewertungen<\/h2>\n<p><strong>4.4\/ 5 <\/strong><strong>(1.860+ Bewertungen)<\/strong><\/p>\n<p dir=\"ltr\"><a href=\"https:\/\/www.headout.com\/de\/ausfluge\/tagesausflug-in-die-champagne-ab-paris-mit-moet-chandon-hautvillers-und-einem-familienweingut-e-10503\/?affiliate_code=KXkQ69&amp;utm_campaign=parisdechampagnedaytripsp&amp;utm_content=link&amp;utm_medium=affiliate&amp;utm_source=most_amazing_places\" target=\"_blank\" rel=\"nofollow noopener\" style=\"outline: none;\" data-lt-tmp-id=\"lt-101231\" spellcheck=\"false\">&gt;&gt; Zu den Bewertungen<\/a><\/p>\n<h2>Weitere Aktivit\u00e4ten, die Ihnen gefallen k\u00f6nnten<\/h2>\n<p><span>#1<\/span><span><img decoding=\"async\" alt=\"\" data-id=\"15307\" width=\"159\" data-init-width=\"960\" height=\"106\" data-init-height=\"640\" title=\"Von Paris - Tagesausflug nach Champagner mit 8 Verkostungen &amp; Mittagessen ota\" loading=\"lazy\" src=\"https:\/\/www.paristouristinformation.fr\/de\/wp-content\/uploads\/2026\/02\/From-Paris-Day-Trip-to-Champagne-with-8-Tastings-Lunch-ota.jpg\" data-width=\"159\" data-height=\"106\" style=\"aspect-ratio: auto 960 \/ 640;\"><\/span><\/p>\n<table>\n<tbody>\n<tr>\n<td><a href=\"https:\/\/www.getyourguide.com\/paris-l16\/full-champagne-wine-day-tour-from-paris-t68846\/?partner_id=NO9XIDE&amp;utm_medium=online_publisher&amp;cmp=ParisDeChampagneDayTripSP2\" target=\"_blank\" rel=\"nofollow noopener\" style=\"outline: none;\" spellcheck=\"false\">Von Paris: Tagesausflug nach Champagner mit 8 Verkostungen &amp; Mittagessen<\/a><\/td>\n<\/tr>\n<\/tbody>\n<\/table>\n<p>Entkorken Sie die Magie Frankreichs auf einem Tagesausflug von Paris in die Champagne, g\u00f6nnen Sie sich 8 exquisite Verkostungen und ein k\u00f6stliches franz\u00f6sisches Mittagessen inmitten von sanften Weinbergen.<\/p>\n<h3 style=\"\">Gesamtpreis<\/h3>\n<h3>Ihr Konto wird noch nicht belastet.<\/h3>\n<p><\/p>\n<p><span><img decoding=\"async\" alt=\"\" data-id=\"15310\" width=\"159\" data-init-width=\"853\" height=\"119\" data-init-height=\"640\" title=\"Von Paris-Loire-Tal-Schl\u00f6sser-Tagesausflug mit Weinprobe ota\" loading=\"lazy\" src=\"https:\/\/www.paristouristinformation.fr\/de\/wp-content\/uploads\/2026\/02\/From-Paris-Loire-Valley-Castles-Day-Trip-With-Wine-Tasting-ota.jpg\" data-width=\"159\" data-height=\"119\" style=\"aspect-ratio: auto 853 \/ 640;\"><\/span><\/p>\n<table>\n<tbody>\n<tr>\n<td><a href=\"https:\/\/www.getyourguide.com\/paris-l16\/from-paris-fairytale-loire-castles-with-wine-tasting-t13987\/?partner_id=NO9XIDE&amp;utm_medium=online_publisher&amp;cmp=ParisDeChampagneDayTripSP3\" target=\"_blank\" rel=\"nofollow noopener\" style=\"outline: none;\" spellcheck=\"false\">Von Paris: Tagesausflug zu den Schl\u00f6ssern des Loiretals mit Weinprobe<\/a><\/td>\n<\/tr>\n<\/tbody>\n<\/table>\n<p data-pm-slice=\"1 1 []\">Reisen Sie von Paris in das bezaubernde Loiretal, wo Sie pr\u00e4chtige M\u00e4rchenschl\u00f6sser erkunden und sich eine herrliche Weinprobe g\u00f6nnen.<\/p>\n<h3 style=\"\">Gesamtpreis<\/h3>\n<h3 style=\"\">Ihr Konto wird noch nicht belastet.<\/h3>\n<p><\/p>\n<h2><a href=\"https:\/\/www.headout.com\/de\/ausfluge\/tagesausflug-in-die-champagne-ab-paris-mit-moet-chandon-hautvillers-und-einem-familienweingut-e-10503\/?affiliate_code=KXkQ69&amp;utm_campaign=parisdechampagnedaytripsp&amp;utm_content=link&amp;utm_medium=affiliate&amp;utm_source=most_amazing_places\" target=\"_blank\" rel=\"nofollow noopener\" style=\"outline: none;\" spellcheck=\"false\">Zur Buchung<\/a><\/h2>\n<p style=\"\"><a href=\"https:\/\/www.headout.com\/de\/ausfluge\/tagesausflug-in-die-champagne-ab-paris-mit-moet-chandon-hautvillers-und-einem-familienweingut-e-10503\/?affiliate_code=KXkQ69&amp;utm_campaign=parisdechampagnedaytripsp&amp;utm_content=link&amp;utm_medium=affiliate&amp;utm_source=most_amazing_places\" target=\"_blank\" rel=\"nofollow noopener\" style=\"outline: none;\" spellcheck=\"false\">Preis ab<\/a><\/p>\n<h1><a href=\"https:\/\/www.headout.com\/de\/ausfluge\/tagesausflug-in-die-champagne-ab-paris-mit-moet-chandon-hautvillers-und-einem-familienweingut-e-10503\/?affiliate_code=KXkQ69&amp;utm_campaign=parisdechampagnedaytripsp&amp;utm_content=link&amp;utm_medium=affiliate&amp;utm_source=most_amazing_places\" target=\"_blank\" rel=\"nofollow noopener\" style=\"outline: none;\" spellcheck=\"false\"><strong>264,00 \u20ac<\/strong><\/a><\/h1>\n<p style=\"\">Ihr Konto wird noch nicht belastet.<\/p>\n","protected":false},"excerpt":{"rendered":"<p>Tagesausflug in die Champagne Region von Paris mit Mo\u00ebt Chandon, Hautvillers und einem Familienweingut Zur Buchung Preis ab 264,00 \u20ac Entdecken Sie das Beste des franz\u00f6sischen Sekterbes auf einer der am besten bewerteten Touren von Paris in die Champagne-Region. Besuchen Sie die ikonischen Mo\u00ebt &amp; Chandon-Keller, erkunden Sie die historischen Hautviller und genie\u00dfen Sie mehrere [&hellip;]<\/p>\n","protected":false},"author":10,"featured_media":15568,"parent":0,"menu_order":0,"comment_status":"closed","ping_status":"closed","template":"","meta":{"footnotes":""},"tags":[69],"class_list":["post-15567","page","type-page","status-publish","has-post-thumbnail","hentry","tag-sales-pages","post-wrapper","thrv_wrapper"],"wp-worthy-pixel":{"ignored":false,"public":null,"server":null,"url":null},"wp-worthy-type":"normal","_links":{"self":[{"href":"https:\/\/www.paristouristinformation.fr\/de\/wp-json\/wp\/v2\/pages\/15567","targetHints":{"allow":["GET"]}}],"collection":[{"href":"https:\/\/www.paristouristinformation.fr\/de\/wp-json\/wp\/v2\/pages"}],"about":[{"href":"https:\/\/www.paristouristinformation.fr\/de\/wp-json\/wp\/v2\/types\/page"}],"author":[{"embeddable":true,"href":"https:\/\/www.paristouristinformation.fr\/de\/wp-json\/wp\/v2\/users\/10"}],"replies":[{"embeddable":true,"href":"https:\/\/www.paristouristinformation.fr\/de\/wp-json\/wp\/v2\/comments?post=15567"}],"version-history":[{"count":8,"href":"https:\/\/www.paristouristinformation.fr\/de\/wp-json\/wp\/v2\/pages\/15567\/revisions"}],"predecessor-version":[{"id":15918,"href":"https:\/\/www.paristouristinformation.fr\/de\/wp-json\/wp\/v2\/pages\/15567\/revisions\/15918"}],"wp:featuredmedia":[{"embeddable":true,"href":"https:\/\/www.paristouristinformation.fr\/de\/wp-json\/wp\/v2\/media\/15568"}],"wp:attachment":[{"href":"https:\/\/www.paristouristinformation.fr\/de\/wp-json\/wp\/v2\/media?parent=15567"}],"wp:term":[{"taxonomy":"post_tag","embeddable":true,"href":"https:\/\/www.paristouristinformation.fr\/de\/wp-json\/wp\/v2\/tags?post=15567"}],"curies":[{"name":"wp","href":"https:\/\/api.w.org\/{rel}","templated":true}]}}