{"id":15581,"date":"2026-04-08T10:23:32","date_gmt":"2026-04-08T10:23:32","guid":{"rendered":"https:\/\/www.paristouristinformation.fr\/de\/?page_id=15581"},"modified":"2026-04-08T10:27:14","modified_gmt":"2026-04-08T10:27:14","slug":"tour-ab-paris-schloss-versailles-giverny","status":"publish","type":"page","link":"https:\/\/www.paristouristinformation.fr\/de\/tour-ab-paris-schloss-versailles-giverny\/","title":{"rendered":"Tour ab Paris Schloss Versailles &amp; Giverny"},"content":{"rendered":"<p><span><img decoding=\"async\" alt=\"\" data-id=\"13378\" width=\"1440\" height=\"920\" title=\"Schloss von Versailles und G\u00e4rten Fast-Track-Tickets mit Musical Gardens Show\" src=\"https:\/\/www.paristouristinformation.fr\/de\/wp-content\/uploads\/2026\/02\/Palace-of-Versailles-and-Gardens-Fast-Track-Tickets-with-Musical-Gardens-Show-1024x654-1.png\" data-src=\"https:\/\/www.paristouristinformation.fr\/de\/wp-content\/uploads\/2026\/02\/Palace-of-Versailles-and-Gardens-Fast-Track-Tickets-with-Musical-Gardens-Show-300x192-1.png\" loading=\"lazy\" data-sizes=\"{&quot;thumbnail&quot;:{&quot;url&quot;:&quot;https:\/\/www.paristouristinformation.fr\/de\/wp-content\/uploads\/2026\/02\/Palace-of-Versailles-and-Gardens-Fast-Track-Tickets-with-Musical-Gardens-Show-333x205-1.png&quot;,&quot;height&quot;:205,&quot;width&quot;:333,&quot;orientation&quot;:&quot;landscape&quot;},&quot;medium&quot;:{&quot;url&quot;:&quot;https:\/\/www.paristouristinformation.fr\/de\/wp-content\/uploads\/2026\/02\/Palace-of-Versailles-and-Gardens-Fast-Track-Tickets-with-Musical-Gardens-Show-300x192-1.png&quot;,&quot;height&quot;:192,&quot;width&quot;:300,&quot;orientation&quot;:&quot;landscape&quot;},&quot;large&quot;:{&quot;url&quot;:&quot;https:\/\/www.paristouristinformation.fr\/de\/wp-content\/uploads\/2026\/02\/Palace-of-Versailles-and-Gardens-Fast-Track-Tickets-with-Musical-Gardens-Show-1024x654-1.png&quot;,&quot;height&quot;:654,&quot;width&quot;:1024,&quot;orientation&quot;:&quot;landscape&quot;},&quot;full&quot;:{&quot;url&quot;:&quot;https:\/\/www.paristouristinformation.fr\/de\/wp-content\/uploads\/2026\/02\/Palace-of-Versailles-and-Gardens-Fast-Track-Tickets-with-Musical-Gardens-Show.png&quot;,&quot;height&quot;:920,&quot;width&quot;:1440,&quot;orientation&quot;:&quot;landscape&quot;}}\"><\/span><span><img decoding=\"async\" alt=\"\" data-id=\"13380\" width=\"1476\" height=\"894\" title=\"Schloss von Versailles und G\u00e4rten Fast-Track-Tickets mit Musical Gardens Show 3\" src=\"https:\/\/www.paristouristinformation.fr\/de\/wp-content\/uploads\/2026\/02\/Palace-of-Versailles-and-Gardens-Fast-Track-Tickets-with-Musical-Gardens-Show-3-1024x620-1.png\" data-src=\"https:\/\/www.paristouristinformation.fr\/de\/wp-content\/uploads\/2026\/02\/Palace-of-Versailles-and-Gardens-Fast-Track-Tickets-with-Musical-Gardens-Show-3-300x182-1.png\" loading=\"lazy\" data-sizes=\"{&quot;thumbnail&quot;:{&quot;url&quot;:&quot;https:\/\/www.paristouristinformation.fr\/de\/wp-content\/uploads\/2026\/02\/Palace-of-Versailles-and-Gardens-Fast-Track-Tickets-with-Musical-Gardens-Show-3-333x205-1.png&quot;,&quot;height&quot;:205,&quot;width&quot;:333,&quot;orientation&quot;:&quot;landscape&quot;},&quot;medium&quot;:{&quot;url&quot;:&quot;https:\/\/www.paristouristinformation.fr\/de\/wp-content\/uploads\/2026\/02\/Palace-of-Versailles-and-Gardens-Fast-Track-Tickets-with-Musical-Gardens-Show-3-300x182-1.png&quot;,&quot;height&quot;:182,&quot;width&quot;:300,&quot;orientation&quot;:&quot;landscape&quot;},&quot;large&quot;:{&quot;url&quot;:&quot;https:\/\/www.paristouristinformation.fr\/de\/wp-content\/uploads\/2026\/02\/Palace-of-Versailles-and-Gardens-Fast-Track-Tickets-with-Musical-Gardens-Show-3-1024x620-1.png&quot;,&quot;height&quot;:620,&quot;width&quot;:1024,&quot;orientation&quot;:&quot;landscape&quot;},&quot;full&quot;:{&quot;url&quot;:&quot;https:\/\/www.paristouristinformation.fr\/de\/wp-content\/uploads\/2026\/02\/Palace-of-Versailles-and-Gardens-Fast-Track-Tickets-with-Musical-Gardens-Show-3.png&quot;,&quot;height&quot;:894,&quot;width&quot;:1476,&quot;orientation&quot;:&quot;landscape&quot;}}\"><\/span><span><img decoding=\"async\" alt=\"\" data-id=\"15424\" width=\"1600\" height=\"1000\" title=\"Von Paris- Schloss von Versailles &amp; G\u00e4rten von Giverny F\u00fchrung ota3\" src=\"https:\/\/paristouristinformation.fr\/wp-content\/uploads\/2025\/06\/From-Paris-Palace-of-Versailles-Giverny-Gardens-Guided-Tour-ota3-1024x640.avif\" data-src=\"https:\/\/paristouristinformation.fr\/wp-content\/uploads\/2025\/06\/From-Paris-Palace-of-Versailles-Giverny-Gardens-Guided-Tour-ota3-300x188.avif\" loading=\"lazy\" data-sizes=\"{&quot;thumbnail&quot;:{&quot;url&quot;:&quot;https:\/\/paristouristinformation.fr\/wp-content\/uploads\/2025\/06\/From-Paris-Palace-of-Versailles-Giverny-Gardens-Guided-Tour-ota3-333x205.avif&quot;,&quot;height&quot;:205,&quot;width&quot;:333,&quot;orientation&quot;:&quot;landscape&quot;},&quot;medium&quot;:{&quot;url&quot;:&quot;https:\/\/paristouristinformation.fr\/wp-content\/uploads\/2025\/06\/From-Paris-Palace-of-Versailles-Giverny-Gardens-Guided-Tour-ota3-300x188.avif&quot;,&quot;height&quot;:188,&quot;width&quot;:300,&quot;orientation&quot;:&quot;landscape&quot;},&quot;large&quot;:{&quot;url&quot;:&quot;https:\/\/paristouristinformation.fr\/wp-content\/uploads\/2025\/06\/From-Paris-Palace-of-Versailles-Giverny-Gardens-Guided-Tour-ota3-1024x640.avif&quot;,&quot;height&quot;:640,&quot;width&quot;:1024,&quot;orientation&quot;:&quot;landscape&quot;},&quot;full&quot;:{&quot;url&quot;:&quot;https:\/\/paristouristinformation.fr\/wp-content\/uploads\/2025\/06\/From-Paris-Palace-of-Versailles-Giverny-Gardens-Guided-Tour-ota3.avif&quot;,&quot;height&quot;:1000,&quot;width&quot;:1600,&quot;orientation&quot;:&quot;landscape&quot;},&quot;1536x1536&quot;:{&quot;url&quot;:&quot;https:\/\/paristouristinformation.fr\/wp-content\/uploads\/2025\/06\/From-Paris-Palace-of-Versailles-Giverny-Gardens-Guided-Tour-ota3-1536x960.avif&quot;,&quot;height&quot;:960,&quot;width&quot;:1536,&quot;orientation&quot;:&quot;landscape&quot;}}\"><\/span><span><img decoding=\"async\" alt=\"\" data-id=\"15425\" width=\"1600\" height=\"1000\" title=\"Von Paris- Schloss Versailles &amp; Giverny Gardens F\u00fchrung ota2\" src=\"https:\/\/paristouristinformation.fr\/wp-content\/uploads\/2025\/06\/From-Paris-Palace-of-Versailles-Giverny-Gardens-Guided-Tour-ota2-1024x640.avif\" data-src=\"https:\/\/paristouristinformation.fr\/wp-content\/uploads\/2025\/06\/From-Paris-Palace-of-Versailles-Giverny-Gardens-Guided-Tour-ota2-300x188.avif\" loading=\"lazy\" data-sizes=\"{&quot;thumbnail&quot;:{&quot;url&quot;:&quot;https:\/\/paristouristinformation.fr\/wp-content\/uploads\/2025\/06\/From-Paris-Palace-of-Versailles-Giverny-Gardens-Guided-Tour-ota2-333x205.avif&quot;,&quot;height&quot;:205,&quot;width&quot;:333,&quot;orientation&quot;:&quot;landscape&quot;},&quot;medium&quot;:{&quot;url&quot;:&quot;https:\/\/paristouristinformation.fr\/wp-content\/uploads\/2025\/06\/From-Paris-Palace-of-Versailles-Giverny-Gardens-Guided-Tour-ota2-300x188.avif&quot;,&quot;height&quot;:188,&quot;width&quot;:300,&quot;orientation&quot;:&quot;landscape&quot;},&quot;large&quot;:{&quot;url&quot;:&quot;https:\/\/paristouristinformation.fr\/wp-content\/uploads\/2025\/06\/From-Paris-Palace-of-Versailles-Giverny-Gardens-Guided-Tour-ota2-1024x640.avif&quot;,&quot;height&quot;:640,&quot;width&quot;:1024,&quot;orientation&quot;:&quot;landscape&quot;},&quot;full&quot;:{&quot;url&quot;:&quot;https:\/\/paristouristinformation.fr\/wp-content\/uploads\/2025\/06\/From-Paris-Palace-of-Versailles-Giverny-Gardens-Guided-Tour-ota2.avif&quot;,&quot;height&quot;:1000,&quot;width&quot;:1600,&quot;orientation&quot;:&quot;landscape&quot;},&quot;1536x1536&quot;:{&quot;url&quot;:&quot;https:\/\/paristouristinformation.fr\/wp-content\/uploads\/2025\/06\/From-Paris-Palace-of-Versailles-Giverny-Gardens-Guided-Tour-ota2-1536x960.avif&quot;,&quot;height&quot;:960,&quot;width&quot;:1536,&quot;orientation&quot;:&quot;landscape&quot;}}\"><\/span><span><img decoding=\"async\" alt=\"\" data-id=\"13379\" width=\"1472\" height=\"874\" title=\"Schloss von Versailles und G\u00e4rten Fast-Track-Tickets mit Musical Gardens Show 2\" src=\"https:\/\/www.paristouristinformation.fr\/de\/wp-content\/uploads\/2026\/02\/Palace-of-Versailles-and-Gardens-Fast-Track-Tickets-with-Musical-Gardens-Show-2-1024x608-1.png\" data-src=\"https:\/\/www.paristouristinformation.fr\/de\/wp-content\/uploads\/2026\/02\/Palace-of-Versailles-and-Gardens-Fast-Track-Tickets-with-Musical-Gardens-Show-2-300x178-1.png\" loading=\"lazy\" data-sizes=\"{&quot;thumbnail&quot;:{&quot;url&quot;:&quot;https:\/\/www.paristouristinformation.fr\/de\/wp-content\/uploads\/2026\/02\/Palace-of-Versailles-and-Gardens-Fast-Track-Tickets-with-Musical-Gardens-Show-2-333x205-1.png&quot;,&quot;height&quot;:205,&quot;width&quot;:333,&quot;orientation&quot;:&quot;landscape&quot;},&quot;medium&quot;:{&quot;url&quot;:&quot;https:\/\/www.paristouristinformation.fr\/de\/wp-content\/uploads\/2026\/02\/Palace-of-Versailles-and-Gardens-Fast-Track-Tickets-with-Musical-Gardens-Show-2-300x178-1.png&quot;,&quot;height&quot;:178,&quot;width&quot;:300,&quot;orientation&quot;:&quot;landscape&quot;},&quot;large&quot;:{&quot;url&quot;:&quot;https:\/\/www.paristouristinformation.fr\/de\/wp-content\/uploads\/2026\/02\/Palace-of-Versailles-and-Gardens-Fast-Track-Tickets-with-Musical-Gardens-Show-2-1024x608-1.png&quot;,&quot;height&quot;:608,&quot;width&quot;:1024,&quot;orientation&quot;:&quot;landscape&quot;},&quot;full&quot;:{&quot;url&quot;:&quot;https:\/\/www.paristouristinformation.fr\/de\/wp-content\/uploads\/2026\/02\/Palace-of-Versailles-and-Gardens-Fast-Track-Tickets-with-Musical-Gardens-Show-2.png&quot;,&quot;height&quot;:874,&quot;width&quot;:1472,&quot;orientation&quot;:&quot;landscape&quot;}}\"><\/span><span><img decoding=\"async\" alt=\"\" data-id=\"15423\" width=\"1600\" height=\"1000\" title=\"Von Paris- Schloss Versailles &amp; G\u00e4rten von Giverny F\u00fchrung ota4\" src=\"https:\/\/paristouristinformation.fr\/wp-content\/uploads\/2025\/06\/From-Paris-Palace-of-Versailles-Giverny-Gardens-Guided-Tour-ota4-1024x640.avif\" data-src=\"https:\/\/paristouristinformation.fr\/wp-content\/uploads\/2025\/06\/From-Paris-Palace-of-Versailles-Giverny-Gardens-Guided-Tour-ota4-300x188.avif\" loading=\"lazy\" data-sizes=\"{&quot;thumbnail&quot;:{&quot;url&quot;:&quot;https:\/\/paristouristinformation.fr\/wp-content\/uploads\/2025\/06\/From-Paris-Palace-of-Versailles-Giverny-Gardens-Guided-Tour-ota4-333x205.avif&quot;,&quot;height&quot;:205,&quot;width&quot;:333,&quot;orientation&quot;:&quot;landscape&quot;},&quot;medium&quot;:{&quot;url&quot;:&quot;https:\/\/paristouristinformation.fr\/wp-content\/uploads\/2025\/06\/From-Paris-Palace-of-Versailles-Giverny-Gardens-Guided-Tour-ota4-300x188.avif&quot;,&quot;height&quot;:188,&quot;width&quot;:300,&quot;orientation&quot;:&quot;landscape&quot;},&quot;large&quot;:{&quot;url&quot;:&quot;https:\/\/paristouristinformation.fr\/wp-content\/uploads\/2025\/06\/From-Paris-Palace-of-Versailles-Giverny-Gardens-Guided-Tour-ota4-1024x640.avif&quot;,&quot;height&quot;:640,&quot;width&quot;:1024,&quot;orientation&quot;:&quot;landscape&quot;},&quot;full&quot;:{&quot;url&quot;:&quot;https:\/\/paristouristinformation.fr\/wp-content\/uploads\/2025\/06\/From-Paris-Palace-of-Versailles-Giverny-Gardens-Guided-Tour-ota4.avif&quot;,&quot;height&quot;:1000,&quot;width&quot;:1600,&quot;orientation&quot;:&quot;landscape&quot;},&quot;1536x1536&quot;:{&quot;url&quot;:&quot;https:\/\/paristouristinformation.fr\/wp-content\/uploads\/2025\/06\/From-Paris-Palace-of-Versailles-Giverny-Gardens-Guided-Tour-ota4-1536x960.avif&quot;,&quot;height&quot;:960,&quot;width&quot;:1536,&quot;orientation&quot;:&quot;landscape&quot;}}\"><\/span><\/p>\n<h1 data-qa-marker=\"product-name\" style=\"\">Tour ab Paris: Schloss Versailles &amp; Giverny G\u00e4rten<\/h1>\n<h2><a href=\"https:\/\/www.headout.com\/de\/tagesausfluge-von-paris-nach-giverny\/tour-von-paris-giverny-monets-garten-schloss-versailles-e-6630\/?affiliate_code=KXkQ69&amp;utm_campaign=parisdeversaillesguidedtoursp&amp;utm_content=link&amp;utm_medium=affiliate&amp;utm_source=most_amazing_places\" target=\"_blank\" rel=\"nofollow noopener\" style=\"outline: none;\">Zur Buchung<\/a><\/h2>\n<h1><a href=\"https:\/\/www.headout.com\/de\/tagesausfluge-von-paris-nach-giverny\/tour-von-paris-giverny-monets-garten-schloss-versailles-e-6630\/?affiliate_code=KXkQ69&amp;utm_campaign=parisdeversaillesguidedtoursp&amp;utm_content=link&amp;utm_medium=affiliate&amp;utm_source=most_amazing_places\" target=\"_blank\" rel=\"nofollow noopener\" style=\"outline: none;\" spellcheck=\"false\"><span style=\"font-weight: normal;\">Ab <\/span><strong>148&nbsp;<\/strong><span style=\"font-weight: normal;\">\u20ac<\/span><\/a><\/h1>\n<p dir=\"ltr\">Entdecken Sie den Charme von Giverny und die k\u00f6nigliche Pracht von Versailles an einem unvergesslichen Tag. Genie\u00dfen Sie F\u00fchrungen, Skip-the-Line-Eintritt, Hin- und R\u00fccktransfers von Paris und optionales Mittagessen.<\/p>\n<ul>\n<li style=\"\"><span>Sorgf\u00e4ltig ausgew\u00e4hltes Ticket<\/span><\/li>\n<li style=\"\"><span>Mobiles Ticket akzeptiert<\/span><\/li>\n<li style=\"\"><span>Dauer: 9 &#8211; 10 Stunden<\/span><\/li>\n<li style=\"\"><span>Kostenlose Stornierung<\/span><\/li>\n<\/ul>\n<h2>Inbegriffen<\/h2>\n<ul>\n<li style=\"\">                    <span>Ganzt\u00e4gige Tour durch Giverny und den Schloss Versailles<\/span><\/li>\n<li style=\"\">                    <span>Hin- und R\u00fccktransfer in einem komfortablen, klimatisierten Bus<\/span><\/li>\n<li style=\"\">                    <span>Experte Englisch sprechender Leitfaden<\/span><\/li>\n<li><span>Bevorzugter Eintritt in Schloss und G\u00e4rten von Versailles<\/span><\/li>\n<li><span>Zugang zu Trianon Estate und Musical-\/Brotenshows (April-Oktober, wenn Option ausgew\u00e4hlt)<\/span><\/li>\n<li><span>3-G\u00e4nge-Mittagessen mit Getr\u00e4nken (falls ausgew\u00e4hlt)<\/span><\/li>\n<li><span>Wahl zwischen kleinen oder mittelgro\u00dfen Gruppen (maximal 8 oder 15 Personen)<\/span><\/li>\n<\/ul>\n<h2>Nicht inbegriffen<\/h2>\n<ul>\n<li style=\"\"><span>F\u00fchrung durch Monets Haus<\/span><\/li>\n<\/ul>\n<h2>Wichtige Informationen<\/h2>\n<ul>\n<li style=\"\"><span>Bitte kommen Sie 15 Minuten fr\u00fcher an dem auf Ihrem Gutschein angegebenen Treffpunkt an<\/span><\/li>\n<li><span>Monets Haus kann aufgrund von Platzbeschr\u00e4nkungen keine F\u00fchrungen im Inneren aufnehmen<\/span><\/li>\n<li><span>Gartenbrunnen\/Musikshows nur von April bis Oktober<\/span><\/li>\n<li><span>Alle Besucher m\u00fcssen eine Sicherheitskontrolle bestehen, die w\u00e4hrend der Spitzenzeiten lange Warteschlangen haben kann. Die Linie ist unbedeckt, also bringen Sie einen Regenschirm mit, wenn es regnet.<\/span><\/li>\n<li><span>Kostenlose Brosch\u00fcren sind am Eingang von Versailles f\u00fcr das Trianon Estate erh\u00e4ltlich<\/span><\/li>\n<li><span>Das Trianon \u00f6ffnet um 12 Uhr; Versailles Gardens \u00f6ffnet ab 8 Uhr<\/span><\/li>\n<li><span>Bitte bringen Sie einen g\u00fcltigen Lichtbildausweis mit.<\/span><\/li>\n<li><span>Geeignet f\u00fcr G\u00e4ste mit Mobilit\u00e4tsbed\u00fcrfnissen (Blindenhunde in Versailles erlaubt)<\/span><\/li>\n<\/ul>\n<h2>Beschreibung:<\/h2>\n<p dir=\"ltr\">Begeben Sie sich auf eine <strong>ganzt\u00e4gige Flucht von Paris <\/strong>ins Herz der franz\u00f6sischen Geschichte und Kunst. Beginnen Sie in <strong>Monets malerischem Dorf Giverny, <\/strong>wo Blumeng\u00e4rten seine ikonischen Seerosen inspirierten.<\/p>\n<p dir=\"ltr\">Nach <strong>der Freizeit im Dorf <\/strong>und einem friedlichen<strong> <\/strong>Besuch von <strong>Monets Grab geht es <\/strong>weiter zum majest\u00e4tischen <strong>Schloss von Versailles<\/strong>. Genie\u00dfen Sie eine F\u00fchrung durch die opulenten Innenr\u00e4ume, gefolgt von Zeit, um in Ihrem eigenen Tempo durch die atemberaubenden G\u00e4rten zu schlendern. Ein optionales Mittagessen verleiht diesem unvergesslichen Tag eine Gourmet-Note.<strong> <\/strong><\/p>\n<h2>H\u00f6hepunkte:<\/h2>\n<ul>\n<li dir=\"ltr\">\n<p dir=\"ltr\">Entdecken Sie Claude Monets bezaubernde G\u00e4rten und das rosa Haus in Giverny<\/p>\n<\/li>\n<li dir=\"ltr\">\n<p dir=\"ltr\">Reflektieren Sie an Monets Grab im charmanten Dorf Giverny<\/p>\n<\/li>\n<li dir=\"ltr\">\n<p dir=\"ltr\">Besuchen Sie das zum UNESCO-Weltkulturerte Schloss Versailles mit Eintritt ohne Schlange<\/p>\n<\/li>\n<li dir=\"ltr\">\n<p dir=\"ltr\">Schlendern Sie durch die gro\u00dfen G\u00e4rten, Brunnen und Skulpturen von Versailles<\/p>\n<\/li>\n<li dir=\"ltr\">\n<p dir=\"ltr\">Greifen Sie auf das Trianon Estate zu und genie\u00dfen Sie saisonale Musical- oder Brunnenshows<\/p>\n<\/li>\n<li dir=\"ltr\">\n<p dir=\"ltr\">Komfortable Busreisen mit Expertenf\u00fchrer-Kommentaren<\/p>\n<\/li>\n<li dir=\"ltr\">\n<p dir=\"ltr\">Optionales Upgrade um ein franz\u00f6sisches Mittagessen mit 3 G\u00e4ngen und Getr\u00e4nken<\/p>\n<\/li>\n<\/ul>\n<h2>Stornierungsrichtlinien<\/h2>\n<p dir=\"ltr\">Kostenlose Stornierung bis 3 Tage vor der Tour. Erhalten Sie eine volle R\u00fcckerstattung, wenn Sie mindestens 72 Stunden im Voraus stornieren.<\/p>\n<h2>Treffpunkt &amp; Anleitung<\/h2>\n<p dir=\"ltr\">Bitte beachten Sie Ihren endg\u00fcltigen Gutschein f\u00fcr den genauen Treffpunkt im Zentrum von Paris und detaillierte Anweisungen. Kommen Sie mindestens 15 Minuten vor Abflug an und legen Sie Ihren Gutschein mit einem g\u00fcltigen Lichtbildausweis vor.<\/p>\n<p><a href=\"https:\/\/www.google.com\/maps\/place\/Schloss+Versailles\/@48.8048684,2.1177805,17z\/data=!3m2!4b1!5s0x47e67dbeb2a2d1cb:0xfaa83490b67c0c36!4m6!3m5!1s0x47e67d94d7b14c75:0x538fcc15f59ce8f!8m2!3d48.8048649!4d2.1203554!16zL20vMGRfNjE?entry=ttu&amp;g_ep=EgoyMDI0MDgyMS4wIKXMDSoASAFQAw%3D%3D\" style=\"outline: none;\" data-lt-tmp-id=\"lt-493778\" spellcheck=\"false\" target=\"_blank\" rel=\"nofollow noopener\">In Karten \u00f6ffnen<\/a><\/p>\n<h2>Bewertungen&nbsp;<\/h2>\n<p><strong>4,5\/ 5 <\/strong><strong>(1079 Bewertungen)<\/strong><\/p>\n<p dir=\"ltr\"><em>,,Das war die erstaunlichste Tour und ich bin nur entt\u00e4uscht, dass sie nicht l\u00e4nger dauern konnte. Das Wetter war auf unserer Seite und es regnete nicht, au\u00dfer w\u00e4hrend der Punkte, in denen wir im Bus oder drinnen waren. Und unser Reiseleiter Alex war der Beste! Sie wusste alles \u00fcber Monet und den Palast und brachte uns zum besten Mittagessen. Nat\u00fcrlich waren die Highlights die Sehensw\u00fcrdigkeiten von Giverny und Monets G\u00e4rten, obwohl es leider keine Seerosen gab. Und der Palast war exquisit, obwohl \u00fcberf\u00fcllt. Jeden Cent wert!&#8220;&nbsp;<\/em>&#8211; Vicoria, Mai 2025 <a href=\"https:\/\/www.headout.com\/de\/tagesausfluge-von-paris-nach-giverny\/tour-von-paris-giverny-monets-garten-schloss-versailles-e-6630\/?affiliate_code=KXkQ69&amp;utm_campaign=parisdeversaillesguidedtoursp&amp;utm_content=link&amp;utm_medium=affiliate&amp;utm_source=most_amazing_places\" target=\"_blank\" rel=\"nofollow noopener\" data-lt-tmp-id=\"lt-394840\" spellcheck=\"false\" style=\"outline: none;\">&gt;&gt; Weitere Bewertungen anzeigen<\/a><\/p>\n<h2>Weitere Aktivit\u00e4ten, die Ihnen gefallen k\u00f6nnten<\/h2>\n<p><span>#2<\/span><span>#2<\/span><span><img decoding=\"async\" alt=\"\" data-id=\"4735\" width=\"159\" data-init-width=\"1200\" height=\"105\" data-init-height=\"795\" title=\"COVER G\u00e4rten von Versailles in Paris Frankreich\" loading=\"lazy\" src=\"https:\/\/www.paristouristinformation.fr\/de\/wp-content\/uploads\/2026\/02\/COVER-gardens-of-Versailles-in-Paris-France.jpg\" data-width=\"159\" data-height=\"105\" style=\"aspect-ratio: auto 1200 \/ 795;\"><\/span><\/p>\n<table>\n<tbody>\n<tr>\n<td><a href=\"https:\/\/www.tiqets.com\/de\/versailles-attractions-c66594\/tickets-for-palace-of-versailles-access-all-areas-audio-guide-p974127\/?partner=paristouristinformation&amp;tq_campaign=ParisDeVersaillesGuidedTourSPGttd2\" target=\"_blank\" rel=\"nofollow noopener\" style=\"outline: none;\" data-lt-tmp-id=\"lt-580905\" spellcheck=\"false\">Schloss Versailles: Eintrittskarte + G\u00e4rten &amp; Anwesen von Trianon<\/a><\/td>\n<\/tr>\n<\/tbody>\n<\/table>\n<p dir=\"ltr\">Erkunden Sie das opulente Schloss Versailles und seine atemberaubenden G\u00e4rten mit vollem Zugang. Tauchen Sie ein in die Pracht der Residenz des Sonnenk\u00f6nigs, von den majest\u00e4tischen Grand Apartments \u00fcber das Anwesen von Trianon bis hin zu den ruhigen G\u00e4rten.<\/p>\n<h3 style=\"\">Gesamtpreis<\/h3>\n<h3 style=\"\">Ihr Konto wir noch nicht belastet.<\/h3>\n<p><span>#2<\/span><span><img decoding=\"async\" alt=\"\" data-id=\"4721\" width=\"159\" data-init-width=\"1000\" height=\"101\" data-init-height=\"636\" title=\"Versailles Apollonbrunnen in Paris Frankreich\" loading=\"lazy\" src=\"https:\/\/www.paristouristinformation.fr\/de\/wp-content\/uploads\/2026\/02\/Versailles-Fountain-of-Apollo-in-Paris-France.jpg\" data-width=\"159\" data-height=\"101\" style=\"aspect-ratio: auto 1000 \/ 636;\"><\/span><\/p>\n<table>\n<tbody>\n<tr>\n<td><a href=\"https:\/\/www.getyourguide.com\/paris-l16\/from-paris-versailles-palace-guided-tour-gardens-access-t628554\/?partner_id=NO9XIDE&amp;utm_medium=online_publisher&amp;cmp=ParisDeVersaillesGuidedtourSP3\" target=\"_blank\" rel=\"nofollow noopener\" style=\"outline: none;\" data-lt-tmp-id=\"lt-133627\" spellcheck=\"false\">Von Paris: F\u00fchrung durch den Palast von Versailles mit Bustransfers<\/a><\/td>\n<\/tr>\n<\/tbody>\n<\/table>\n<p dir=\"ltr\">Entdecken Sie die Pracht des Schlosses von Versailles mit bequemen Hin- und R\u00fcckbustransfers von Paris. Genie\u00dfen Sie nahtlosen Eintritt und einen unvergesslichen Tagesausflug.<\/p>\n<h3 style=\"\">Gesamtpreis<\/h3>\n<h3 style=\"\">Ihr Konto wir noch nicht belastet.<\/h3>\n<p><\/p>\n<h2><a href=\"https:\/\/www.headout.com\/de\/tagesausfluge-von-paris-nach-giverny\/tour-von-paris-giverny-monets-garten-schloss-versailles-e-6630\/?affiliate_code=KXkQ69&amp;utm_campaign=parisdeversaillesguidedtoursp&amp;utm_content=link&amp;utm_medium=affiliate&amp;utm_source=most_amazing_places\" target=\"_blank\" rel=\"nofollow noopener\" style=\"outline: none;\" spellcheck=\"false\">Zur Buchung<\/a><\/h2>\n<h1><a href=\"https:\/\/www.headout.com\/de\/tagesausfluge-von-paris-nach-giverny\/tour-von-paris-giverny-monets-garten-schloss-versailles-e-6630\/?affiliate_code=KXkQ69&amp;utm_campaign=parisdeversaillesguidedtoursp&amp;utm_content=link&amp;utm_medium=affiliate&amp;utm_source=most_amazing_places\" target=\"_blank\" rel=\"nofollow noopener\" style=\"outline: none;\" spellcheck=\"false\"><span style=\"font-weight: normal;\">Ab <\/span>148&nbsp;<strong>\u20ac<\/strong><\/a><\/h1>\n<p style=\"\">Ihr Konto wir noch nicht belastet.<\/p>\n","protected":false},"excerpt":{"rendered":"<p>Tour ab Paris: Schloss Versailles &amp; Giverny G\u00e4rten Zur Buchung Ab 148&nbsp;\u20ac Entdecken Sie den Charme von Giverny und die k\u00f6nigliche Pracht von Versailles an einem unvergesslichen Tag. Genie\u00dfen Sie F\u00fchrungen, Skip-the-Line-Eintritt, Hin- und R\u00fccktransfers von Paris und optionales Mittagessen. Sorgf\u00e4ltig ausgew\u00e4hltes Ticket Mobiles Ticket akzeptiert Dauer: 9 &#8211; 10 Stunden Kostenlose Stornierung Inbegriffen Ganzt\u00e4gige [&hellip;]<\/p>\n","protected":false},"author":10,"featured_media":15582,"parent":0,"menu_order":0,"comment_status":"closed","ping_status":"closed","template":"","meta":{"footnotes":""},"tags":[69],"class_list":["post-15581","page","type-page","status-publish","has-post-thumbnail","hentry","tag-sales-pages","post-wrapper","thrv_wrapper"],"wp-worthy-pixel":{"ignored":false,"public":null,"server":null,"url":null},"wp-worthy-type":"normal","_links":{"self":[{"href":"https:\/\/www.paristouristinformation.fr\/de\/wp-json\/wp\/v2\/pages\/15581","targetHints":{"allow":["GET"]}}],"collection":[{"href":"https:\/\/www.paristouristinformation.fr\/de\/wp-json\/wp\/v2\/pages"}],"about":[{"href":"https:\/\/www.paristouristinformation.fr\/de\/wp-json\/wp\/v2\/types\/page"}],"author":[{"embeddable":true,"href":"https:\/\/www.paristouristinformation.fr\/de\/wp-json\/wp\/v2\/users\/10"}],"replies":[{"embeddable":true,"href":"https:\/\/www.paristouristinformation.fr\/de\/wp-json\/wp\/v2\/comments?post=15581"}],"version-history":[{"count":8,"href":"https:\/\/www.paristouristinformation.fr\/de\/wp-json\/wp\/v2\/pages\/15581\/revisions"}],"predecessor-version":[{"id":15923,"href":"https:\/\/www.paristouristinformation.fr\/de\/wp-json\/wp\/v2\/pages\/15581\/revisions\/15923"}],"wp:featuredmedia":[{"embeddable":true,"href":"https:\/\/www.paristouristinformation.fr\/de\/wp-json\/wp\/v2\/media\/15582"}],"wp:attachment":[{"href":"https:\/\/www.paristouristinformation.fr\/de\/wp-json\/wp\/v2\/media?parent=15581"}],"wp:term":[{"taxonomy":"post_tag","embeddable":true,"href":"https:\/\/www.paristouristinformation.fr\/de\/wp-json\/wp\/v2\/tags?post=15581"}],"curies":[{"name":"wp","href":"https:\/\/api.w.org\/{rel}","templated":true}]}}