{"id":15606,"date":"2026-04-08T10:31:10","date_gmt":"2026-04-08T10:31:10","guid":{"rendered":"https:\/\/www.paristouristinformation.fr\/de\/?page_id=15606"},"modified":"2026-04-08T10:33:57","modified_gmt":"2026-04-08T10:33:57","slug":"tagesausflug-nach-mont-saint-michel-von-paris","status":"publish","type":"page","link":"https:\/\/www.paristouristinformation.fr\/de\/tagesausflug-nach-mont-saint-michel-von-paris\/","title":{"rendered":"Tagesausflug nach Mont-Saint-Michel von Paris"},"content":{"rendered":"<p><span><img decoding=\"async\" alt=\"Mont Saint Michel Tour von Paris\" data-id=\"16676\" width=\"\" height=\"undefined\" title=\"Mont Saint Michel Tour von Paris\" src=\"https:\/\/paristouristinformation.fr\/wp-content\/uploads\/2025\/12\/Mont-Saint-Michel-Tour-from-Paris1.avif\" data-src=\"https:\/\/paristouristinformation.fr\/wp-content\/uploads\/2025\/12\/Mont-Saint-Michel-Tour-from-Paris1.avif\" loading=\"lazy\" data-sizes=\"{&quot;full&quot;:{&quot;url&quot;:&quot;https:\/\/paristouristinformation.fr\/wp-content\/uploads\/2025\/12\/Mont-Saint-Michel-Tour-from-Paris1.avif&quot;}}\"><\/span><span><img decoding=\"async\" alt=\"\" data-id=\"16677\" width=\"\" height=\"undefined\" title=\"Mont Saint Michel Tour von Paris\" src=\"https:\/\/paristouristinformation.fr\/wp-content\/uploads\/2025\/12\/Mont-Saint-Michel-Tour-from-Paris2.avif\" data-src=\"https:\/\/paristouristinformation.fr\/wp-content\/uploads\/2025\/12\/Mont-Saint-Michel-Tour-from-Paris2.avif\" loading=\"lazy\" data-sizes=\"{&quot;full&quot;:{&quot;url&quot;:&quot;https:\/\/paristouristinformation.fr\/wp-content\/uploads\/2025\/12\/Mont-Saint-Michel-Tour-from-Paris2.avif&quot;}}\"><\/span><span><img decoding=\"async\" alt=\"\" data-id=\"16678\" width=\"\" height=\"undefined\" title=\"Mont Saint Michel Tour von Paris\" src=\"https:\/\/paristouristinformation.fr\/wp-content\/uploads\/2025\/12\/Mont-Saint-Michel-Tour-from-Paris3.avif\" data-src=\"https:\/\/paristouristinformation.fr\/wp-content\/uploads\/2025\/12\/Mont-Saint-Michel-Tour-from-Paris3.avif\" loading=\"lazy\" data-sizes=\"{&quot;full&quot;:{&quot;url&quot;:&quot;https:\/\/paristouristinformation.fr\/wp-content\/uploads\/2025\/12\/Mont-Saint-Michel-Tour-from-Paris3.avif&quot;}}\"><\/span><span><img decoding=\"async\" alt=\"\" data-id=\"16679\" width=\"\" height=\"undefined\" title=\"Mont Saint Michel Tour von Paris\" src=\"https:\/\/paristouristinformation.fr\/wp-content\/uploads\/2025\/12\/Mont-Saint-Michel-Tour-from-Paris4.avif\" data-src=\"https:\/\/paristouristinformation.fr\/wp-content\/uploads\/2025\/12\/Mont-Saint-Michel-Tour-from-Paris4.avif\" loading=\"lazy\" data-sizes=\"{&quot;full&quot;:{&quot;url&quot;:&quot;https:\/\/paristouristinformation.fr\/wp-content\/uploads\/2025\/12\/Mont-Saint-Michel-Tour-from-Paris4.avif&quot;}}\"><\/span><span><img decoding=\"async\" alt=\"\" data-id=\"16680\" width=\"\" height=\"undefined\" title=\"Mont Saint Michel Tour von Paris\" src=\"https:\/\/paristouristinformation.fr\/wp-content\/uploads\/2025\/12\/Mont-Saint-Michel-Tour-from-Paris5.avif\" data-src=\"https:\/\/paristouristinformation.fr\/wp-content\/uploads\/2025\/12\/Mont-Saint-Michel-Tour-from-Paris5.avif\" loading=\"lazy\" data-sizes=\"{&quot;full&quot;:{&quot;url&quot;:&quot;https:\/\/paristouristinformation.fr\/wp-content\/uploads\/2025\/12\/Mont-Saint-Michel-Tour-from-Paris5.avif&quot;}}\"><\/span><span><img decoding=\"async\" alt=\"\" data-id=\"16681\" width=\"\" height=\"undefined\" title=\"Mont Saint Michel Tour von Paris\" src=\"https:\/\/paristouristinformation.fr\/wp-content\/uploads\/2025\/12\/Mont-Saint-Michel-Tour-from-Paris6.avif\" data-src=\"https:\/\/paristouristinformation.fr\/wp-content\/uploads\/2025\/12\/Mont-Saint-Michel-Tour-from-Paris6.avif\" loading=\"lazy\" data-sizes=\"{&quot;full&quot;:{&quot;url&quot;:&quot;https:\/\/paristouristinformation.fr\/wp-content\/uploads\/2025\/12\/Mont-Saint-Michel-Tour-from-Paris6.avif&quot;}}\"><\/span><span><img decoding=\"async\" alt=\"\" data-id=\"16682\" width=\"\" height=\"undefined\" title=\"Mont Saint Michel Tour von Paris\" src=\"https:\/\/paristouristinformation.fr\/wp-content\/uploads\/2025\/12\/Mont-Saint-Michel-Tour-from-Paris7.avif\" data-src=\"https:\/\/paristouristinformation.fr\/wp-content\/uploads\/2025\/12\/Mont-Saint-Michel-Tour-from-Paris7.avif\" loading=\"lazy\" data-sizes=\"{&quot;full&quot;:{&quot;url&quot;:&quot;https:\/\/paristouristinformation.fr\/wp-content\/uploads\/2025\/12\/Mont-Saint-Michel-Tour-from-Paris7.avif&quot;}}\"><\/span><\/p>\n<h1 data-qa-marker=\"product-name\">Tagesausflug nach Mont-Saint-Michel von Paris<\/h1>\n<h2><a href=\"https:\/\/www.getyourguide.com\/paris-l16\/from-paris-mont-st-michel-at-your-own-pace-by-coach-t133257\/?partner_id=NO9XIDE&amp;utm_medium=online_publisher&amp;cmp=ParisDeMontSaintMichelTourSP\" target=\"_blank\" rel=\"nofollow noopener\" style=\"outline: none;\">Zur Buchung<\/a><\/h2>\n<h1><a href=\"https:\/\/www.getyourguide.com\/paris-l16\/from-paris-mont-st-michel-at-your-own-pace-by-coach-t133257\/?partner_id=NO9XIDE&amp;utm_medium=online_publisher&amp;cmp=ParisDeMontSaintMichelTourSP\" target=\"_blank\" rel=\"nofollow noopener\" style=\"outline: none;\" spellcheck=\"false\"><span style=\"font-weight: normal;\">Ab 85<\/span><span style=\"font-weight: normal;\">\u20ac<\/span><\/a><\/h1>\n<p dir=\"ltr\">Entdecken Sie eines der ber\u00fchmtesten UNESCO-Sehensw\u00fcrdigkeiten Frankreichs auf einem Tagesausflug nach Mont Saint Michel von Paris aus. Reisen Sie bequem durch die Normandie, erkunden Sie die mittelalterliche Insel und besuchen Sie die atemberaubende gotische Abtei mit flexiblen F\u00fchrungsm\u00f6glichkeiten.<\/p>\n<ul>\n<li style=\"\"><span style=\"\">Dauer 14 Stunden<\/span><\/li>\n<li style=\"\"><span style=\"\">Live-Reiseleiter<\/span><\/li>\n<li style=\"\"><span style=\"\">Optionaler Audioguide<\/span><\/li>\n<li style=\"\"><span style=\"\">Kostenlose Stornierung<\/span><\/li>\n<\/ul>\n<h2>Inbegriffen<\/h2>\n<ul>\n<li style=\"\">                    <span>Hin- und R\u00fcckfahrt von Paris in einem luftigen Luxusbus<\/span><\/li>\n<li style=\"\">                    <span>Eintrittskarte f\u00fcr die Abtei Mont-Saint-Michel<\/span><\/li>\n<li style=\"\">                    <span>Audioguide \u00fcber mobile App (falls ausgew\u00e4hlt)<\/span><\/li>\n<li style=\"\">                    <span>Professieller Live-Guide (falls ausgew\u00e4hlt)<\/span><\/li>\n<\/ul>\n<h2>Nicht inbegriffen<\/h2>\n<ul>\n<li style=\"\"><span>Abholung und R\u00fcckgabe im Hotel<\/span><\/li>\n<li style=\"\"><span>Mittagessen und Getr\u00e4nke<\/span><\/li>\n<li style=\"\"><span>Pers\u00f6nliche Ausgaben und Trinkgelder<\/span><\/li>\n<\/ul>\n<h2>Wichtige Informationen<\/h2>\n<ul>\n<li style=\"\"><span>Aufgrund von steilen Treppen und unebenen Wegen nicht f\u00fcr Rollstuhlfahrer geeignet<\/span><\/li>\n<li><span>Bequeme Wanderschuhe werden dringend empfohlen<\/span><\/li>\n<li><span>Gro\u00dfe Taschen und Gep\u00e4ck sind in der Abtei nicht erlaubt<\/span><\/li>\n<li><span>Die Abtei ist am 25. Dezember und am 1. Januar geschlossen<\/span><\/li>\n<li><span>An den Tagen des europ\u00e4ischen Kulturerbes sind die Besuche in der Abtei selbstgef\u00fchrt und kostenlos<\/span><\/li>\n<\/ul>\n<h2>Beschreibung:<\/h2>\n<p dir=\"ltr\">Erleben Sie die Magie der Normandie auf einer <strong>ganzt\u00e4gigen Tagesausflug nach Mont Saint Michel von Paris aus<\/strong>. Reisen Sie durch malerische Landschaften, bevor Sie die legend\u00e4re Gezeiteninsel erreichen, die sich dramatisch von der Bucht erhebt.<\/p>\n<p dir=\"ltr\"><strong>Schlendern Sie durch die mittelalterlichen Stra\u00dfen<\/strong>, erklimmen Sie alte Stadtmauern und genie\u00dfen Sie einen Panoramablick auf die K\u00fcste. Besuchen Sie die spektakul\u00e4re <strong>Abtei Mont Saint Michel<\/strong>, ein Meisterwerk der gotischen Architektur mit jahrhundertelanger Geschichte. W\u00e4hlen Sie eine gef\u00fchrte Tour, einen Audioguide oder einen unabh\u00e4ngigen Besuch, der zu Ihrem Reisestil passt, und kehren Sie nach einem unvergesslichen Tag bequem nach Paris zur\u00fcck.<\/p>\n<h2>H\u00f6hepunkte:<\/h2>\n<ul>\n<li><strong>Besuchen Sie die UNESCO-gesch\u00fctzte <\/strong>Insel Mont Saint Michel und die Abtei<\/li>\n<li dir=\"ltr\"><strong>Erkunden Sie mittelalterliche Stra\u00dfen<\/strong>, Stadtmauern und befestigte Mauern<\/li>\n<li dir=\"ltr\"><strong>Bewundern Sie einen atemberaubenden Blick <\/strong>auf die Gezeitenbucht der Normandie<\/li>\n<li dir=\"ltr\"><strong>Genie\u00dfen Sie flexible Touroptionen <\/strong>mit F\u00fchrer, Audioguide oder kostenlose Erkundung<\/li>\n<li dir=\"ltr\"><strong>Reisen Sie bequem <\/strong>mit Hin- und R\u00fccktransport ab Paris<\/li>\n<li dir=\"ltr\"><strong>Entdecken Sie Jahrhunderte <\/strong>religi\u00f6ser<strong>,<\/strong> milit\u00e4rischer und architektonischer Geschichte<\/li>\n<\/ul>\n<h2>Mont Saint Michel<\/h2>\n<h2>Stornierungsrichtlinien<\/h2>\n<p>Die kostenlose Stornierung ist bis zu 24 Stunden vor Abflug m\u00f6glich. Stornierungen, die weniger als 24 Stunden im Voraus erfolgen, sind nicht erstattungsf\u00e4hig.<\/p>\n<h2>Treffpunkt &amp; Anleitung<\/h2>\n<p dir=\"ltr\">Treffen Sie Ihren Reiseleiter vor dem Pullman Paris Tour Eiffel Hotel. Der F\u00fchrer wird eine rote Jacke tragen und ein Schild mit der Aufschrift &#8222;Pariscityvision&#8220; in der Hand halten. Bitte erscheinen Sie mindestens 15 Minuten vor Abflug.<\/p>\n<p><a href=\"https:\/\/maps.app.goo.gl\/DENpGDCHNYPJ8oG3A\" style=\"outline: none;\" data-lt-tmp-id=\"lt-755238\" spellcheck=\"false\" target=\"_blank\" rel=\"nofollow noopener\">In Karten \u00f6ffnen<\/a><\/p>\n<h2>Bewertungen&nbsp;<\/h2>\n<p><strong>4.4\/5 <\/strong><strong>(4.661 Bewertungen)<\/strong><\/p>\n<p dir=\"ltr\"><em>&#8222;Die Reise nach Mont Saint Michel war wirklich sch\u00f6n &#8211; sorgf\u00e4ltig geplant und vom Team durchgef\u00fchrt. Unsere F\u00fchrerin Krystal war hervorragend! Von der Organisation der kleinsten Details bis hin zur Geschichte und Geschichten rund um den Ort sorgte sie daf\u00fcr, dass wir eine magische Erfahrung hatten&#8230; &#8220; <\/em>Vikas, Dezember 2025<\/p>\n<p dir=\"ltr\"><em>&#8222;Die Reise war ausgezeichnet. Alles war perfekt organisiert und p\u00fcnktlich. Wir sind fr\u00fch um 7:15 Uhr abgereist, und der Bus war bequem, so dass man sich wirklich ausruhen konnte. Die Reise dauerte 4,5 Stunden, war aber einfach&#8230;&#8220;<\/em> Nataliia, Dezember 2025<\/p>\n<p><em>&#8222;Ich kann diese Reise nur empfehlen. Es ist eine lange Fahrt hin und her, aber es war ein komfortabler Bus, und die F\u00fchrer und Fahrer waren sehr zuvorkommend.&#8220;<\/em> Olga, Dez. 2025 <a href=\"https:\/\/www.getyourguide.com\/paris-l16\/from-paris-mont-st-michel-at-your-own-pace-by-coach-t133257\/?partner_id=NO9XIDE&amp;utm_medium=online_publisher&amp;cmp=ParisDeMontSaintMichelTourSP\" target=\"_blank\" rel=\"nofollow noopener\" data-lt-tmp-id=\"lt-246053\" spellcheck=\"false\" style=\"outline: none;\">&gt;&gt; Weitere Bewertungen anzeigen<\/a><\/p>\n<h2>Weitere Aktivit\u00e4ten, die Ihnen gefallen k\u00f6nnten<\/h2>\n<p><span>#2<\/span><span>#2<\/span><span><img decoding=\"async\" alt=\"\" data-id=\"16684\" width=\"159\" data-init-width=\"930\" height=\"106\" data-init-height=\"581\" title=\"Paris Normandie D-Day Sites Gef\u00fchrter Tagesausflug mit Mittagessen\" loading=\"lazy\" src=\"https:\/\/paristouristinformation.fr\/wp-content\/uploads\/2025\/12\/Paris-Normandy-D-Day-Sites-Guided-Day-Trip-with-Lunch.avif\" data-width=\"159\" data-height=\"106\" style=\"aspect-ratio: auto 930 \/ 581;\"><\/span><\/p>\n<table>\n<tbody>\n<tr>\n<td><a href=\"https:\/\/www.getyourguide.com\/paris-l16\/paris-normandy-d-day-sites-guided-day-trip-with-lunch-t44309\/?partner_id=NO9XIDE&amp;utm_medium=online_publisher&amp;cmp=ParisDeMontSaintMichelTourSP2\" target=\"_blank\" rel=\"nofollow noopener\" style=\"outline: none;\" data-lt-tmp-id=\"lt-652722\" spellcheck=\"false\"><span data-v-f40aa250=\"\">Paris: Normandie D-Day Sites Gef\u00fchrter Tagesausflug mit Mittagessen<\/span><\/a><\/td>\n<\/tr>\n<\/tbody>\n<\/table>\n<p dir=\"ltr\">Treten Sie ein in die Geschichte auf einem kraftvollen Tagesausflug zum D-Day in der Normandie von Paris aus. Besuchen Sie ikonische Landungsstr\u00e4nde, Denkm\u00e4ler und Museen mit einem fachkundigen F\u00fchrer, genie\u00dfen Sie ein traditionelles Mittagessen in der Normandie und erhalten Sie einen Einblick in die Ereignisse, die den Zweiten Weltkrieg gepr\u00e4gt haben.<\/p>\n<h3 style=\"\">Gesamtpreis<\/h3>\n<h3 style=\"\">Ihr Konto wird noch nicht belastet.<\/h3>\n<p><span>#2<\/span><span><img decoding=\"async\" alt=\"\" data-id=\"16685\" width=\"159\" data-init-width=\"1185\" height=\"106\" data-init-height=\"616\" title=\"Paris 3-G\u00e4nge-Dinner-Kreuzfahrt auf der Seine mit Live-Musik\" loading=\"lazy\" src=\"https:\/\/paristouristinformation.fr\/wp-content\/uploads\/2025\/12\/Paris-3-Course-Dinner-Cruise-on-the-Seine-with-live-music.avif\" data-width=\"159\" data-height=\"106\" style=\"aspect-ratio: auto 1185 \/ 616;\"><\/span><\/p>\n<table>\n<tbody>\n<tr>\n<td><a href=\"https:\/\/www.getyourguide.com\/paris-l16\/bateaux-parisiens-dinner-cruise-t51059\/?partner_id=NO9XIDE&amp;utm_medium=online_publisher&amp;cmp=ParisDeMontSaintMichelTourSP3\" target=\"_blank\" rel=\"nofollow noopener\" style=\"outline: none;\" data-lt-tmp-id=\"lt-813275\" spellcheck=\"false\"><span data-v-f40aa250=\"\">Paris: 3-G\u00e4nge-Dinner-Kreuzfahrt auf der Seine mit Live-Musik<\/span><\/a><\/td>\n<\/tr>\n<\/tbody>\n<\/table>\n<p>Gleiten Sie entlang der Seine, w\u00e4hrend Paris um Sie herum aufleuchtet, und genie\u00dfen Sie ein raffiniertes 3-G\u00e4nge-Men\u00fc mit Live-Musik an Bord. Ein entspannter Abend mit franz\u00f6sischen Aromen, ikonischen Aussichten und romantischem Stadtambiente erwartet Sie.<\/p>\n<h3 style=\"\">Gesamtpreis<\/h3>\n<h3 style=\"\">Ihr Konto wird noch nicht belastet.<\/h3>\n<p><\/p>\n<h2><a href=\"https:\/\/www.getyourguide.com\/paris-l16\/from-paris-mont-st-michel-at-your-own-pace-by-coach-t133257\/?partner_id=NO9XIDE&amp;utm_medium=online_publisher&amp;cmp=ParisDeMontSaintMichelTourSP\" target=\"_blank\" rel=\"nofollow noopener\" style=\"outline: none;\" spellcheck=\"false\">Zur Buchung<\/a><\/h2>\n<h1><a href=\"https:\/\/www.getyourguide.com\/paris-l16\/from-paris-mont-st-michel-at-your-own-pace-by-coach-t133257\/?partner_id=NO9XIDE&amp;utm_medium=online_publisher&amp;cmp=ParisDeMontSaintMichelTourSP\" target=\"_blank\" rel=\"nofollow noopener\" style=\"outline: none;\" spellcheck=\"false\"><span style=\"font-weight: normal;\">Ab 85<\/span><strong>&nbsp;\u20ac<\/strong><\/a><\/h1>\n<p style=\"\">Ihr Konto wird noch nicht belastet.<\/p>\n","protected":false},"excerpt":{"rendered":"<p>Tagesausflug nach Mont-Saint-Michel von Paris Zur Buchung Ab 85\u20ac Entdecken Sie eines der ber\u00fchmtesten UNESCO-Sehensw\u00fcrdigkeiten Frankreichs auf einem Tagesausflug nach Mont Saint Michel von Paris aus. Reisen Sie bequem durch die Normandie, erkunden Sie die mittelalterliche Insel und besuchen Sie die atemberaubende gotische Abtei mit flexiblen F\u00fchrungsm\u00f6glichkeiten. Dauer 14 Stunden Live-Reiseleiter Optionaler Audioguide Kostenlose Stornierung [&hellip;]<\/p>\n","protected":false},"author":10,"featured_media":15607,"parent":0,"menu_order":0,"comment_status":"closed","ping_status":"closed","template":"","meta":{"footnotes":""},"tags":[69],"class_list":["post-15606","page","type-page","status-publish","has-post-thumbnail","hentry","tag-sales-pages","post-wrapper","thrv_wrapper"],"wp-worthy-pixel":{"ignored":false,"public":null,"server":null,"url":null},"wp-worthy-type":"normal","_links":{"self":[{"href":"https:\/\/www.paristouristinformation.fr\/de\/wp-json\/wp\/v2\/pages\/15606","targetHints":{"allow":["GET"]}}],"collection":[{"href":"https:\/\/www.paristouristinformation.fr\/de\/wp-json\/wp\/v2\/pages"}],"about":[{"href":"https:\/\/www.paristouristinformation.fr\/de\/wp-json\/wp\/v2\/types\/page"}],"author":[{"embeddable":true,"href":"https:\/\/www.paristouristinformation.fr\/de\/wp-json\/wp\/v2\/users\/10"}],"replies":[{"embeddable":true,"href":"https:\/\/www.paristouristinformation.fr\/de\/wp-json\/wp\/v2\/comments?post=15606"}],"version-history":[{"count":6,"href":"https:\/\/www.paristouristinformation.fr\/de\/wp-json\/wp\/v2\/pages\/15606\/revisions"}],"predecessor-version":[{"id":15926,"href":"https:\/\/www.paristouristinformation.fr\/de\/wp-json\/wp\/v2\/pages\/15606\/revisions\/15926"}],"wp:featuredmedia":[{"embeddable":true,"href":"https:\/\/www.paristouristinformation.fr\/de\/wp-json\/wp\/v2\/media\/15607"}],"wp:attachment":[{"href":"https:\/\/www.paristouristinformation.fr\/de\/wp-json\/wp\/v2\/media?parent=15606"}],"wp:term":[{"taxonomy":"post_tag","embeddable":true,"href":"https:\/\/www.paristouristinformation.fr\/de\/wp-json\/wp\/v2\/tags?post=15606"}],"curies":[{"name":"wp","href":"https:\/\/api.w.org\/{rel}","templated":true}]}}